{"id":1679,"date":"2019-10-28T17:15:50","date_gmt":"2019-10-28T16:15:50","guid":{"rendered":"http:\/\/www.trikomaseeds.com\/?page_id=1679"},"modified":"2019-10-28T17:19:47","modified_gmt":"2019-10-28T16:19:47","slug":"%d0%b8%d0%bd%d1%84%d0%be%d1%80%d0%bc%d0%b0%d1%86%d0%b8%d1%8f-%d0%be-%d0%b4%d0%be%d1%81%d1%82%d0%b0%d0%b2%d0%ba%d0%b5","status":"publish","type":"page","link":"https:\/\/www.trikomaseeds.com\/ru\/%d0%b8%d0%bd%d1%84%d0%be%d1%80%d0%bc%d0%b0%d1%86%d0%b8%d1%8f-%d0%be-%d0%b4%d0%be%d1%81%d1%82%d0%b0%d0%b2%d0%ba%d0%b5\/","title":{"rendered":"\u043f\u043e\u043b\u0438\u0442\u0438\u043a\u0430 \u043a\u043e\u043d\u0444\u0438\u0434\u0435\u043d\u0446\u0438\u0430\u043b\u044c\u043d\u043e\u0441\u0442\u0438"},"content":{"rendered":"<div class=\"fusion-fullwidth fullwidth-box fusion-builder-row-1 fusion-flex-container nonhundred-percent-fullwidth non-hundred-percent-height-scrolling\" style=\"--awb-border-radius-top-left:0px;--awb-border-radius-top-right:0px;--awb-border-radius-bottom-right:0px;--awb-border-radius-bottom-left:0px;--awb-flex-wrap:wrap;\" ><div class=\"fusion-builder-row fusion-row fusion-flex-align-items-flex-start fusion-flex-content-wrap\" style=\"max-width:calc( 1300px + 0px );margin-left: calc(-0px \/ 2 );margin-right: calc(-0px \/ 2 );\"><div class=\"fusion-layout-column fusion_builder_column fusion-builder-column-0 fusion_builder_column_1_1 1_1 fusion-flex-column\" style=\"--awb-bg-size:cover;--awb-width-large:100%;--awb-margin-top-large:0px;--awb-spacing-right-large:0px;--awb-margin-bottom-large:20px;--awb-spacing-left-large:0px;--awb-width-medium:100%;--awb-spacing-right-medium:0px;--awb-spacing-left-medium:0px;--awb-width-small:100%;--awb-spacing-right-small:0px;--awb-spacing-left-small:0px;\"><div class=\"fusion-column-wrapper fusion-column-has-shadow fusion-flex-justify-content-flex-start fusion-content-layout-column\"><div class=\"fusion-title title fusion-title-1 fusion-sep-none fusion-title-text fusion-title-size-three\"><h3 class=\"fusion-title-heading title-heading-left\" style=\"margin:0;\">M\u00e1xima Discreci\u00f3n<\/h3><\/div><div class=\"fusion-text fusion-text-1\"><p>En TRIKOMA SEEDS, nos preocupa salvaguardar tu privacidad. Por lo que garantizamos la m\u00e1xima discreci\u00f3n en nuestros paquetes y env\u00edos. En ning\u00fan caso nuestros paquetes desvelan el car\u00e1cter de su contenido.<\/p>\n<p align=\"justify\"><strong>Modo de env\u00edo:<\/strong>\u00a0Los env\u00edos se realizan por medio de la oficina de correos postal oficial como carta certificada.<strong>\u00a0Los pedidos se procesan y se env\u00edan al d\u00eda siguiente laboral que se realiza la orden<\/strong>. La carta certificada solo puede ser entregada a la persona con el nombre indicado en los datos de recepci\u00f3n del env\u00edo y la identificaci\u00f3n correspondiente.<br \/>\nPor cuestiones de legalidades en diferentes pa\u00edses no miembros de la comunidad Europea solo debemos usar el correo postal oficial e ira por ese mismo medio a los diferentes pa\u00edses. Los paquetes se pueden rastrear tambi\u00e9n desde la p\u00e1gina web de las oficinas postales oficiales en cada pa\u00eds.<br \/>\n<strong>Los env\u00edos dentro de Espa\u00f1a podr\u00edan tardar de 3 a 5 d\u00edas, en pa\u00edses de la uni\u00f3n europea de 2 a 3 semanas o m\u00e1s, en pa\u00edses no miembros de la uni\u00f3n Europea pueden tardar m\u00e1s de 3 semanas.<\/strong><br \/>\n<strong>(No podemos garantizar tiempos de entrega, depende de las oficinas de correos).<\/strong><br \/>\n<strong>Para Am\u00e9rica Latina el tiempo de entrega es de 3 a 5 semanas o m\u00e1s.<\/strong><br \/>\nEl producto se env\u00eda dentro de un sobre marr\u00f3n con burbuja, por motivos de seguridad, protecci\u00f3n y discreci\u00f3n.<\/p>\n<p><strong>Aseg\u00farate de darnos la direcci\u00f3n de envi\u00f3 completa, clara y correcta para poder garantizar la llegada del envi\u00f3. No nos haremos responsables por pedidos perdidos debido a datos incorrectos.<\/strong>.<\/p>\n<p>Una vez realices tu pedido, recibir\u00e1s en tu correo cada estado de tu pedido durante el proceso de env\u00edo, por eso debes asegurarte de darnos correctamente tus datos de contacto, datos de env\u00edo y tu correo electr\u00f3nico. El primer correo que recibir\u00e1s una vez el pago sea recibido ser\u00e1\u00a0<strong>&#171;Completado&#187;<\/strong>, luego cuando tu pedido comience a ser preparado para el env\u00edo recibir\u00e1s otro correo con el estado\u00a0<strong>&#171;Procesando&#187;<\/strong>\u00a0y por \u00faltimo, una vez sea enviado tu pedido recibir\u00e1s un correo con el estado\u00a0<strong>&#171;Enviado&#187;<\/strong>\u00a0y en este correo recibir\u00e1s el n\u00famero de tracking al igual que un link de la\u00a0<a href=\"https:\/\/www.correos.es\/ss\/Satellite\/site\/aplicacion-1349167812834-herramientas_y_apps\/detalle_app-sidioma=es_ES\" target=\"_blank\" rel=\"noopener noreferrer\"><strong>oficina de correos de Espa\u00f1a<\/strong><\/a>\u00a0para hacerle seguimiento al env\u00edo, dentro de Espa\u00f1a. Para los dem\u00e1s pa\u00edses, una vez el env\u00edo haya salido de la oficina internacional de origen, deber\u00e1n ser rastreados en las oficinas de correos nacionales de tu pa\u00eds de origen, a donde nos solicitaste que envi\u00e1ramos el pedido.<\/p>\n<p>Disponemos de Tarifas m\u00e1s Urgentes en el caso de que lo necesites, ll\u00e1manos para tramitarlo. Normas de env\u00edo de pedidos Las normas que se citan a continuaci\u00f3n son exclusivas para los pedidos con entrega dentro de la Pen\u00ednsula Ib\u00e9rica.Para pedidos con entrega en Baleares, Canarias, Ceuta y Melilla, aconsejamos al cliente que se ponga en contacto con:<\/p>\n<h5>TRIKOMA SEEDS<\/h5>\n<p>Telephone: +34 674 012 943<br \/>\nE-mail:\u00a0<a href=\"mailto:info@trikomaseeds.com\">info@trikomaseeds.com<\/a><\/p>\n<p>para que le informemos de las tarifas.<\/p>\n<h4>Gastos de env\u00edo<\/h4>\n<p>Todos los pedidos tienen unos gastos de env\u00edo de 10\u20ac, siempre que el cliente no solicite y acuerde con TRIKOMA SEEDS otro tipo de entrega.<\/p>\n<p>Cuando el importe del pedido tramitado supere los 100\u20ac y su peso no sea superior a los 3Kg, el cliente se beneficiar\u00e1 de la oferta &#171;ENV\u00cdO GRATIS&#187;, asumiendo TRIKOMA SEEDS con los gastos de entrega.<\/p>\n<\/div><\/div><\/div><\/div><\/div>\n","protected":false},"excerpt":{"rendered":"","protected":false},"author":1,"featured_media":0,"parent":0,"menu_order":0,"comment_status":"closed","ping_status":"closed","template":"","meta":{"footnotes":""},"class_list":["post-1679","page","type-page","status-publish","hentry"],"yoast_head":"<!-- This site is optimized with the Yoast SEO plugin v25.6 - https:\/\/yoast.com\/wordpress\/plugins\/seo\/ -->\n<title>\u043f\u043e\u043b\u0438\u0442\u0438\u043a\u0430 \u043a\u043e\u043d\u0444\u0438\u0434\u0435\u043d\u0446\u0438\u0430\u043b\u044c\u043d\u043e\u0441\u0442\u0438 - Trikoma Seeds<\/title>\n<meta name=\"robots\" content=\"noindex, follow\" \/>\n<meta property=\"og:locale\" content=\"ru_RU\" \/>\n<meta property=\"og:type\" content=\"article\" \/>\n<meta property=\"og:title\" content=\"\u043f\u043e\u043b\u0438\u0442\u0438\u043a\u0430 \u043a\u043e\u043d\u0444\u0438\u0434\u0435\u043d\u0446\u0438\u0430\u043b\u044c\u043d\u043e\u0441\u0442\u0438 - Trikoma Seeds\" \/>\n<meta property=\"og:url\" content=\"https:\/\/www.trikomaseeds.com\/ru\/%d0%b8%d0%bd%d1%84%d0%be%d1%80%d0%bc%d0%b0%d1%86%d0%b8%d1%8f-%d0%be-%d0%b4%d0%be%d1%81%d1%82%d0%b0%d0%b2%d0%ba%d0%b5\/\" \/>\n<meta property=\"og:site_name\" content=\"Trikoma Seeds\" \/>\n<meta property=\"article:modified_time\" content=\"2019-10-28T16:19:47+00:00\" \/>\n<meta name=\"twitter:card\" content=\"summary_large_image\" \/>\n<meta name=\"twitter:label1\" content=\"\u041f\u0440\u0438\u043c\u0435\u0440\u043d\u043e\u0435 \u0432\u0440\u0435\u043c\u044f \u0434\u043b\u044f \u0447\u0442\u0435\u043d\u0438\u044f\" \/>\n\t<meta name=\"twitter:data1\" content=\"4 \u043c\u0438\u043d\u0443\u0442\u044b\" \/>\n<script type=\"application\/ld+json\" class=\"yoast-schema-graph\">{\"@context\":\"https:\/\/schema.org\",\"@graph\":[{\"@type\":\"WebPage\",\"@id\":\"https:\/\/www.trikomaseeds.com\/ru\/%d0%b8%d0%bd%d1%84%d0%be%d1%80%d0%bc%d0%b0%d1%86%d0%b8%d1%8f-%d0%be-%d0%b4%d0%be%d1%81%d1%82%d0%b0%d0%b2%d0%ba%d0%b5\/\",\"url\":\"https:\/\/www.trikomaseeds.com\/ru\/%d0%b8%d0%bd%d1%84%d0%be%d1%80%d0%bc%d0%b0%d1%86%d0%b8%d1%8f-%d0%be-%d0%b4%d0%be%d1%81%d1%82%d0%b0%d0%b2%d0%ba%d0%b5\/\",\"name\":\"\u043f\u043e\u043b\u0438\u0442\u0438\u043a\u0430 \u043a\u043e\u043d\u0444\u0438\u0434\u0435\u043d\u0446\u0438\u0430\u043b\u044c\u043d\u043e\u0441\u0442\u0438 - Trikoma Seeds\",\"isPartOf\":{\"@id\":\"https:\/\/www.trikomaseeds.com\/ru\/#website\"},\"datePublished\":\"2019-10-28T16:15:50+00:00\",\"dateModified\":\"2019-10-28T16:19:47+00:00\",\"breadcrumb\":{\"@id\":\"https:\/\/www.trikomaseeds.com\/ru\/%d0%b8%d0%bd%d1%84%d0%be%d1%80%d0%bc%d0%b0%d1%86%d0%b8%d1%8f-%d0%be-%d0%b4%d0%be%d1%81%d1%82%d0%b0%d0%b2%d0%ba%d0%b5\/#breadcrumb\"},\"inLanguage\":\"ru-RU\",\"potentialAction\":[{\"@type\":\"ReadAction\",\"target\":[\"https:\/\/www.trikomaseeds.com\/ru\/%d0%b8%d0%bd%d1%84%d0%be%d1%80%d0%bc%d0%b0%d1%86%d0%b8%d1%8f-%d0%be-%d0%b4%d0%be%d1%81%d1%82%d0%b0%d0%b2%d0%ba%d0%b5\/\"]}]},{\"@type\":\"BreadcrumbList\",\"@id\":\"https:\/\/www.trikomaseeds.com\/ru\/%d0%b8%d0%bd%d1%84%d0%be%d1%80%d0%bc%d0%b0%d1%86%d0%b8%d1%8f-%d0%be-%d0%b4%d0%be%d1%81%d1%82%d0%b0%d0%b2%d0%ba%d0%b5\/#breadcrumb\",\"itemListElement\":[{\"@type\":\"ListItem\",\"position\":1,\"name\":\"Portada\",\"item\":\"https:\/\/www.trikomaseeds.com\/ru\/\"},{\"@type\":\"ListItem\",\"position\":2,\"name\":\"\u043f\u043e\u043b\u0438\u0442\u0438\u043a\u0430 \u043a\u043e\u043d\u0444\u0438\u0434\u0435\u043d\u0446\u0438\u0430\u043b\u044c\u043d\u043e\u0441\u0442\u0438\"}]},{\"@type\":\"WebSite\",\"@id\":\"https:\/\/www.trikomaseeds.com\/ru\/#website\",\"url\":\"https:\/\/www.trikomaseeds.com\/ru\/\",\"name\":\"Trikoma Seeds\",\"description\":\"Semillas de Marihuana Auto, Feminizadas y medicinales\",\"potentialAction\":[{\"@type\":\"SearchAction\",\"target\":{\"@type\":\"EntryPoint\",\"urlTemplate\":\"https:\/\/www.trikomaseeds.com\/ru\/?s={search_term_string}\"},\"query-input\":{\"@type\":\"PropertyValueSpecification\",\"valueRequired\":true,\"valueName\":\"search_term_string\"}}],\"inLanguage\":\"ru-RU\"}]}<\/script>\n<!-- \/ Yoast SEO plugin. -->","yoast_head_json":{"title":"\u043f\u043e\u043b\u0438\u0442\u0438\u043a\u0430 \u043a\u043e\u043d\u0444\u0438\u0434\u0435\u043d\u0446\u0438\u0430\u043b\u044c\u043d\u043e\u0441\u0442\u0438 - Trikoma Seeds","robots":{"index":"noindex","follow":"follow"},"og_locale":"ru_RU","og_type":"article","og_title":"\u043f\u043e\u043b\u0438\u0442\u0438\u043a\u0430 \u043a\u043e\u043d\u0444\u0438\u0434\u0435\u043d\u0446\u0438\u0430\u043b\u044c\u043d\u043e\u0441\u0442\u0438 - Trikoma Seeds","og_url":"https:\/\/www.trikomaseeds.com\/ru\/%d0%b8%d0%bd%d1%84%d0%be%d1%80%d0%bc%d0%b0%d1%86%d0%b8%d1%8f-%d0%be-%d0%b4%d0%be%d1%81%d1%82%d0%b0%d0%b2%d0%ba%d0%b5\/","og_site_name":"Trikoma Seeds","article_modified_time":"2019-10-28T16:19:47+00:00","twitter_card":"summary_large_image","twitter_misc":{"\u041f\u0440\u0438\u043c\u0435\u0440\u043d\u043e\u0435 \u0432\u0440\u0435\u043c\u044f \u0434\u043b\u044f \u0447\u0442\u0435\u043d\u0438\u044f":"4 \u043c\u0438\u043d\u0443\u0442\u044b"},"schema":{"@context":"https:\/\/schema.org","@graph":[{"@type":"WebPage","@id":"https:\/\/www.trikomaseeds.com\/ru\/%d0%b8%d0%bd%d1%84%d0%be%d1%80%d0%bc%d0%b0%d1%86%d0%b8%d1%8f-%d0%be-%d0%b4%d0%be%d1%81%d1%82%d0%b0%d0%b2%d0%ba%d0%b5\/","url":"https:\/\/www.trikomaseeds.com\/ru\/%d0%b8%d0%bd%d1%84%d0%be%d1%80%d0%bc%d0%b0%d1%86%d0%b8%d1%8f-%d0%be-%d0%b4%d0%be%d1%81%d1%82%d0%b0%d0%b2%d0%ba%d0%b5\/","name":"\u043f\u043e\u043b\u0438\u0442\u0438\u043a\u0430 \u043a\u043e\u043d\u0444\u0438\u0434\u0435\u043d\u0446\u0438\u0430\u043b\u044c\u043d\u043e\u0441\u0442\u0438 - Trikoma Seeds","isPartOf":{"@id":"https:\/\/www.trikomaseeds.com\/ru\/#website"},"datePublished":"2019-10-28T16:15:50+00:00","dateModified":"2019-10-28T16:19:47+00:00","breadcrumb":{"@id":"https:\/\/www.trikomaseeds.com\/ru\/%d0%b8%d0%bd%d1%84%d0%be%d1%80%d0%bc%d0%b0%d1%86%d0%b8%d1%8f-%d0%be-%d0%b4%d0%be%d1%81%d1%82%d0%b0%d0%b2%d0%ba%d0%b5\/#breadcrumb"},"inLanguage":"ru-RU","potentialAction":[{"@type":"ReadAction","target":["https:\/\/www.trikomaseeds.com\/ru\/%d0%b8%d0%bd%d1%84%d0%be%d1%80%d0%bc%d0%b0%d1%86%d0%b8%d1%8f-%d0%be-%d0%b4%d0%be%d1%81%d1%82%d0%b0%d0%b2%d0%ba%d0%b5\/"]}]},{"@type":"BreadcrumbList","@id":"https:\/\/www.trikomaseeds.com\/ru\/%d0%b8%d0%bd%d1%84%d0%be%d1%80%d0%bc%d0%b0%d1%86%d0%b8%d1%8f-%d0%be-%d0%b4%d0%be%d1%81%d1%82%d0%b0%d0%b2%d0%ba%d0%b5\/#breadcrumb","itemListElement":[{"@type":"ListItem","position":1,"name":"Portada","item":"https:\/\/www.trikomaseeds.com\/ru\/"},{"@type":"ListItem","position":2,"name":"\u043f\u043e\u043b\u0438\u0442\u0438\u043a\u0430 \u043a\u043e\u043d\u0444\u0438\u0434\u0435\u043d\u0446\u0438\u0430\u043b\u044c\u043d\u043e\u0441\u0442\u0438"}]},{"@type":"WebSite","@id":"https:\/\/www.trikomaseeds.com\/ru\/#website","url":"https:\/\/www.trikomaseeds.com\/ru\/","name":"Trikoma Seeds","description":"Semillas de Marihuana Auto, Feminizadas y medicinales","potentialAction":[{"@type":"SearchAction","target":{"@type":"EntryPoint","urlTemplate":"https:\/\/www.trikomaseeds.com\/ru\/?s={search_term_string}"},"query-input":{"@type":"PropertyValueSpecification","valueRequired":true,"valueName":"search_term_string"}}],"inLanguage":"ru-RU"}]}},"_links":{"self":[{"href":"https:\/\/www.trikomaseeds.com\/ru\/wp-json\/wp\/v2\/pages\/1679","targetHints":{"allow":["GET"]}}],"collection":[{"href":"https:\/\/www.trikomaseeds.com\/ru\/wp-json\/wp\/v2\/pages"}],"about":[{"href":"https:\/\/www.trikomaseeds.com\/ru\/wp-json\/wp\/v2\/types\/page"}],"author":[{"embeddable":true,"href":"https:\/\/www.trikomaseeds.com\/ru\/wp-json\/wp\/v2\/users\/1"}],"replies":[{"embeddable":true,"href":"https:\/\/www.trikomaseeds.com\/ru\/wp-json\/wp\/v2\/comments?post=1679"}],"version-history":[{"count":0,"href":"https:\/\/www.trikomaseeds.com\/ru\/wp-json\/wp\/v2\/pages\/1679\/revisions"}],"wp:attachment":[{"href":"https:\/\/www.trikomaseeds.com\/ru\/wp-json\/wp\/v2\/media?parent=1679"}],"curies":[{"name":"wp","href":"https:\/\/api.w.org\/{rel}","templated":true}]}}