{"id":5437,"date":"2020-02-26T16:21:13","date_gmt":"2020-03-20T10:14:13","guid":{"rendered":"https:\/\/www.trikomaseeds.com\/?post_type=product&#038;p=5437"},"modified":"2025-04-02T11:23:02","modified_gmt":"2025-04-02T09:23:02","slug":"the-palmar-auto","status":"publish","type":"product","link":"https:\/\/www.trikomaseeds.com\/pt-br\/sementes\/the-palmar-auto\/","title":{"rendered":"The Palmar Auto"},"content":{"rendered":"<p><strong>CARACTERISTICAS<\/strong><\/p>\n<ul>\n<li style=\"font-weight: 400;\"><span style=\"font-weight: 400;\">Genetico: AK-74 x Power Plant x Ruderalis<\/span><\/li>\n<li style=\"font-weight: 400;\"><span style=\"font-weight: 400;\">Tipo: Autoflorecente<\/span><\/li>\n<li style=\"font-weight: 400;\"><span style=\"font-weight: 400;\">Produ\u00e7\u00e3o interior: 450 gr.\/m<\/span><span style=\"font-weight: 400;\">2<\/span><span style=\"font-weight: 400;\">\u00a0(Com luz 600W)<\/span><\/li>\n<li style=\"font-weight: 400;\"><span style=\"font-weight: 400;\">Produ\u00e7\u00e3o exterior: 50 \u2013 150 gr.\/planta<\/span><\/li>\n<li style=\"font-weight: 400;\"><span style=\"font-weight: 400;\">Flora\u00e7\u00e3o interior: 55 &#8211; 70 dias (18h)<\/span><\/li>\n<li style=\"font-weight: 400;\"><span style=\"font-weight: 400;\">Flora\u00e7\u00e3o exterior: 50 \u2013 70 dias<\/span><\/li>\n<\/ul>\n","protected":false},"excerpt":{"rendered":"<p><span style=\"font-weight: 400;\">Esta variedade autoflorescente de \u00faltima gera\u00e7\u00e3o tem um efeito cerebral euf\u00f3rico e um aroma bem doce. Seu sabor tem gosto de frutas e um toque levemente \u00e1cido. The Palmar Auto uma planta de tamanho m\u00e9dio que pode chegar uma altura de um metro e meio e uma produ\u00e7\u00e3o de quase 200 gramas por planta ao ar livre. No interior, tamb\u00e9m oferece excelentes resultados.<\/span><\/p>\n<p><strong>THC: 14%<\/strong><\/p>\n","protected":false},"featured_media":4302,"comment_status":"open","ping_status":"closed","template":"","meta":[],"product_cat":[134],"product_tag":[],"class_list":{"0":"post-5437","1":"product","2":"type-product","3":"status-publish","4":"has-post-thumbnail","6":"product_cat-autoflorescentes","8":"first","9":"instock","10":"shipping-taxable","11":"purchasable","12":"product-type-variable","13":"has-default-attributes"},"yoast_head":"<!-- This site is optimized with the Yoast SEO plugin v25.6 - https:\/\/yoast.com\/wordpress\/plugins\/seo\/ -->\n<title>The Palmar Auto: sementes de maconha por Trikoma Seeds<\/title>\n<meta name=\"description\" content=\"The Palmar Auto: sementes de maconha da Trikoma Seeds. Cultive plantas de cannabis feminizadas e com autofloresc\u00eancia ou CBD ao melhor pre\u00e7o. Remessas discretas e seguras para o seu pa\u00eds.\" \/>\n<meta name=\"robots\" content=\"index, follow, max-snippet:-1, max-image-preview:large, max-video-preview:-1\" \/>\n<link rel=\"canonical\" href=\"https:\/\/www.trikomaseeds.com\/pt-br\/sementes\/the-palmar-auto\/\" \/>\n<meta property=\"og:locale\" content=\"pt_BR\" \/>\n<meta property=\"og:type\" content=\"article\" \/>\n<meta property=\"og:title\" content=\"The Palmar Auto: sementes de maconha por Trikoma Seeds\" \/>\n<meta property=\"og:description\" content=\"The Palmar Auto: sementes de maconha da Trikoma Seeds. Cultive plantas de cannabis feminizadas e com autofloresc\u00eancia ou CBD ao melhor pre\u00e7o. Remessas discretas e seguras para o seu pa\u00eds.\" \/>\n<meta property=\"og:url\" content=\"https:\/\/www.trikomaseeds.com\/pt-br\/sementes\/the-palmar-auto\/\" \/>\n<meta property=\"og:site_name\" content=\"Trikoma Seeds\" \/>\n<meta property=\"article:modified_time\" content=\"2025-04-02T09:23:02+00:00\" \/>\n<meta name=\"twitter:card\" content=\"summary_large_image\" \/>\n<script type=\"application\/ld+json\" class=\"yoast-schema-graph\">{\"@context\":\"https:\/\/schema.org\",\"@graph\":[{\"@type\":\"WebPage\",\"@id\":\"https:\/\/www.trikomaseeds.com\/pt-br\/sementes\/the-palmar-auto\/\",\"url\":\"https:\/\/www.trikomaseeds.com\/pt-br\/sementes\/the-palmar-auto\/\",\"name\":\"The Palmar Auto: sementes de maconha por Trikoma Seeds\",\"isPartOf\":{\"@id\":\"https:\/\/www.trikomaseeds.com\/pt-br\/#website\"},\"primaryImageOfPage\":{\"@id\":\"https:\/\/www.trikomaseeds.com\/pt-br\/sementes\/the-palmar-auto\/#primaryimage\"},\"image\":{\"@id\":\"https:\/\/www.trikomaseeds.com\/pt-br\/sementes\/the-palmar-auto\/#primaryimage\"},\"thumbnailUrl\":\"https:\/\/www.trikomaseeds.com\/wp-content\/uploads\/2020\/01\/semilla-de-marihuana-the-palmar-autofloreciente-de-trikoma-seeds-scaled.jpg\",\"datePublished\":\"2020-03-20T10:14:13+00:00\",\"dateModified\":\"2025-04-02T09:23:02+00:00\",\"description\":\"The Palmar Auto: sementes de maconha da Trikoma Seeds. Cultive plantas de cannabis feminizadas e com autofloresc\u00eancia ou CBD ao melhor pre\u00e7o. Remessas discretas e seguras para o seu pa\u00eds.\",\"breadcrumb\":{\"@id\":\"https:\/\/www.trikomaseeds.com\/pt-br\/sementes\/the-palmar-auto\/#breadcrumb\"},\"inLanguage\":\"pt-BR\",\"potentialAction\":[{\"@type\":\"ReadAction\",\"target\":[\"https:\/\/www.trikomaseeds.com\/pt-br\/sementes\/the-palmar-auto\/\"]}]},{\"@type\":\"ImageObject\",\"inLanguage\":\"pt-BR\",\"@id\":\"https:\/\/www.trikomaseeds.com\/pt-br\/sementes\/the-palmar-auto\/#primaryimage\",\"url\":\"https:\/\/www.trikomaseeds.com\/wp-content\/uploads\/2020\/01\/semilla-de-marihuana-the-palmar-autofloreciente-de-trikoma-seeds-scaled.jpg\",\"contentUrl\":\"https:\/\/www.trikomaseeds.com\/wp-content\/uploads\/2020\/01\/semilla-de-marihuana-the-palmar-autofloreciente-de-trikoma-seeds-scaled.jpg\",\"width\":2560,\"height\":2560,\"caption\":\"Semilla de marihuana The palmar autofloreciente del banco de semillas Trikoma Seeds\"},{\"@type\":\"BreadcrumbList\",\"@id\":\"https:\/\/www.trikomaseeds.com\/pt-br\/sementes\/the-palmar-auto\/#breadcrumb\",\"itemListElement\":[{\"@type\":\"ListItem\",\"position\":1,\"name\":\"Portada\",\"item\":\"https:\/\/www.trikomaseeds.com\/pt-br\/\"},{\"@type\":\"ListItem\",\"position\":2,\"name\":\"Shop\",\"item\":\"https:\/\/www.trikomaseeds.com\/pt-br\/shop\/\"},{\"@type\":\"ListItem\",\"position\":3,\"name\":\"The Palmar Auto\"}]},{\"@type\":\"WebSite\",\"@id\":\"https:\/\/www.trikomaseeds.com\/pt-br\/#website\",\"url\":\"https:\/\/www.trikomaseeds.com\/pt-br\/\",\"name\":\"Trikoma Seeds\",\"description\":\"Semillas de Marihuana Auto, Feminizadas y medicinales\",\"potentialAction\":[{\"@type\":\"SearchAction\",\"target\":{\"@type\":\"EntryPoint\",\"urlTemplate\":\"https:\/\/www.trikomaseeds.com\/pt-br\/?s={search_term_string}\"},\"query-input\":{\"@type\":\"PropertyValueSpecification\",\"valueRequired\":true,\"valueName\":\"search_term_string\"}}],\"inLanguage\":\"pt-BR\"}]}<\/script>\n<!-- \/ Yoast SEO plugin. -->","yoast_head_json":{"title":"The Palmar Auto: sementes de maconha por Trikoma Seeds","description":"The Palmar Auto: sementes de maconha da Trikoma Seeds. Cultive plantas de cannabis feminizadas e com autofloresc\u00eancia ou CBD ao melhor pre\u00e7o. Remessas discretas e seguras para o seu pa\u00eds.","robots":{"index":"index","follow":"follow","max-snippet":"max-snippet:-1","max-image-preview":"max-image-preview:large","max-video-preview":"max-video-preview:-1"},"canonical":"https:\/\/www.trikomaseeds.com\/pt-br\/sementes\/the-palmar-auto\/","og_locale":"pt_BR","og_type":"article","og_title":"The Palmar Auto: sementes de maconha por Trikoma Seeds","og_description":"The Palmar Auto: sementes de maconha da Trikoma Seeds. Cultive plantas de cannabis feminizadas e com autofloresc\u00eancia ou CBD ao melhor pre\u00e7o. Remessas discretas e seguras para o seu pa\u00eds.","og_url":"https:\/\/www.trikomaseeds.com\/pt-br\/sementes\/the-palmar-auto\/","og_site_name":"Trikoma Seeds","article_modified_time":"2025-04-02T09:23:02+00:00","twitter_card":"summary_large_image","schema":{"@context":"https:\/\/schema.org","@graph":[{"@type":"WebPage","@id":"https:\/\/www.trikomaseeds.com\/pt-br\/sementes\/the-palmar-auto\/","url":"https:\/\/www.trikomaseeds.com\/pt-br\/sementes\/the-palmar-auto\/","name":"The Palmar Auto: sementes de maconha por Trikoma Seeds","isPartOf":{"@id":"https:\/\/www.trikomaseeds.com\/pt-br\/#website"},"primaryImageOfPage":{"@id":"https:\/\/www.trikomaseeds.com\/pt-br\/sementes\/the-palmar-auto\/#primaryimage"},"image":{"@id":"https:\/\/www.trikomaseeds.com\/pt-br\/sementes\/the-palmar-auto\/#primaryimage"},"thumbnailUrl":"https:\/\/www.trikomaseeds.com\/wp-content\/uploads\/2020\/01\/semilla-de-marihuana-the-palmar-autofloreciente-de-trikoma-seeds-scaled.jpg","datePublished":"2020-03-20T10:14:13+00:00","dateModified":"2025-04-02T09:23:02+00:00","description":"The Palmar Auto: sementes de maconha da Trikoma Seeds. Cultive plantas de cannabis feminizadas e com autofloresc\u00eancia ou CBD ao melhor pre\u00e7o. Remessas discretas e seguras para o seu pa\u00eds.","breadcrumb":{"@id":"https:\/\/www.trikomaseeds.com\/pt-br\/sementes\/the-palmar-auto\/#breadcrumb"},"inLanguage":"pt-BR","potentialAction":[{"@type":"ReadAction","target":["https:\/\/www.trikomaseeds.com\/pt-br\/sementes\/the-palmar-auto\/"]}]},{"@type":"ImageObject","inLanguage":"pt-BR","@id":"https:\/\/www.trikomaseeds.com\/pt-br\/sementes\/the-palmar-auto\/#primaryimage","url":"https:\/\/www.trikomaseeds.com\/wp-content\/uploads\/2020\/01\/semilla-de-marihuana-the-palmar-autofloreciente-de-trikoma-seeds-scaled.jpg","contentUrl":"https:\/\/www.trikomaseeds.com\/wp-content\/uploads\/2020\/01\/semilla-de-marihuana-the-palmar-autofloreciente-de-trikoma-seeds-scaled.jpg","width":2560,"height":2560,"caption":"Semilla de marihuana The palmar autofloreciente del banco de semillas Trikoma Seeds"},{"@type":"BreadcrumbList","@id":"https:\/\/www.trikomaseeds.com\/pt-br\/sementes\/the-palmar-auto\/#breadcrumb","itemListElement":[{"@type":"ListItem","position":1,"name":"Portada","item":"https:\/\/www.trikomaseeds.com\/pt-br\/"},{"@type":"ListItem","position":2,"name":"Shop","item":"https:\/\/www.trikomaseeds.com\/pt-br\/shop\/"},{"@type":"ListItem","position":3,"name":"The Palmar Auto"}]},{"@type":"WebSite","@id":"https:\/\/www.trikomaseeds.com\/pt-br\/#website","url":"https:\/\/www.trikomaseeds.com\/pt-br\/","name":"Trikoma Seeds","description":"Semillas de Marihuana Auto, Feminizadas y medicinales","potentialAction":[{"@type":"SearchAction","target":{"@type":"EntryPoint","urlTemplate":"https:\/\/www.trikomaseeds.com\/pt-br\/?s={search_term_string}"},"query-input":{"@type":"PropertyValueSpecification","valueRequired":true,"valueName":"search_term_string"}}],"inLanguage":"pt-BR"}]}},"_links":{"self":[{"href":"https:\/\/www.trikomaseeds.com\/pt-br\/wp-json\/wp\/v2\/product\/5437","targetHints":{"allow":["GET"]}}],"collection":[{"href":"https:\/\/www.trikomaseeds.com\/pt-br\/wp-json\/wp\/v2\/product"}],"about":[{"href":"https:\/\/www.trikomaseeds.com\/pt-br\/wp-json\/wp\/v2\/types\/product"}],"replies":[{"embeddable":true,"href":"https:\/\/www.trikomaseeds.com\/pt-br\/wp-json\/wp\/v2\/comments?post=5437"}],"wp:featuredmedia":[{"embeddable":true,"href":"https:\/\/www.trikomaseeds.com\/pt-br\/wp-json\/wp\/v2\/media\/4302"}],"wp:attachment":[{"href":"https:\/\/www.trikomaseeds.com\/pt-br\/wp-json\/wp\/v2\/media?parent=5437"}],"wp:term":[{"taxonomy":"product_cat","embeddable":true,"href":"https:\/\/www.trikomaseeds.com\/pt-br\/wp-json\/wp\/v2\/product_cat?post=5437"},{"taxonomy":"product_tag","embeddable":true,"href":"https:\/\/www.trikomaseeds.com\/pt-br\/wp-json\/wp\/v2\/product_tag?post=5437"}],"curies":[{"name":"wp","href":"https:\/\/api.w.org\/{rel}","templated":true}]}}