{"id":4261,"date":"2020-01-27T13:41:51","date_gmt":"2020-01-24T14:08:53","guid":{"rendered":"https:\/\/www.trikomaseeds.com\/?post_type=product&#038;p=4261"},"modified":"2021-06-30T11:55:18","modified_gmt":"2021-06-30T09:55:18","slug":"sweet-madness-auto","status":"publish","type":"product","link":"https:\/\/www.trikomaseeds.com\/pt-br\/sementes\/sweet-madness-auto\/","title":{"rendered":"Sweet Madness Auto"},"content":{"rendered":"<p><strong>CARACTERISTICAS<\/strong><\/p>\n<ul>\n<li style=\"font-weight: 400;\"><span style=\"font-weight: 400;\">Genetico: Somango x Critical x Ruderalis<\/span><\/li>\n<li style=\"font-weight: 400;\"><span style=\"font-weight: 400;\">Tipo: Autoflorecente<\/span><\/li>\n<li style=\"font-weight: 400;\"><span style=\"font-weight: 400;\">Produ\u00e7\u00e3o interior: 450 gr.\/m<\/span><span style=\"font-weight: 400;\">2<\/span><span style=\"font-weight: 400;\">\u00a0(Com luz 600W)<\/span><\/li>\n<li style=\"font-weight: 400;\"><span style=\"font-weight: 400;\">Produ\u00e7\u00e3o exterior: 50 \u2013 200 gr.\/planta<\/span><\/li>\n<li style=\"font-weight: 400;\"><span style=\"font-weight: 400;\">Flora\u00e7\u00e3o interior: 55 &#8211; 70 dias (18h)<\/span><\/li>\n<li style=\"font-weight: 400;\"><span style=\"font-weight: 400;\">Flora\u00e7\u00e3o exterior: 50 \u2013 70 dias<\/span><\/li>\n<\/ul>\n","protected":false},"excerpt":{"rendered":"<p>Esta variedade autoflorescente, como a sua vers\u00e3o feminizada, \u00e9 uma planta compacta com brotos grossos e densos. Pode chegar a alcan\u00e7ar um metro e um metro e meio de altura. \u00c9 uma planta muito produtiva que d\u00e1 bom desempenho em qualquer substrato e tipo de cultura. Tem um sabor doce, um aroma de manga agrad\u00e1vel e um efeito relaxante suave que n\u00e3o causa sonol\u00eancia.<\/p>\n<p><strong>THC: 15%<\/strong><\/p>\n","protected":false},"featured_media":4257,"comment_status":"open","ping_status":"closed","template":"","meta":[],"product_cat":[134],"product_tag":[],"class_list":{"0":"post-4261","1":"product","2":"type-product","3":"status-publish","4":"has-post-thumbnail","6":"product_cat-autoflorescentes","8":"first","9":"instock","10":"shipping-taxable","11":"purchasable","12":"product-type-variable"},"yoast_head":"<!-- This site is optimized with the Yoast SEO plugin v25.6 - https:\/\/yoast.com\/wordpress\/plugins\/seo\/ -->\n<title>Sweet Madness Auto: Sementes de maconha de Trikoma Seeds<\/title>\n<meta name=\"description\" content=\"Sweet Madness Auto: sementes de maconha da Trikoma Seeds. Cultive plantas de cannabis feminizadas e com autofloresc\u00eancia ou CBD ao melhor pre\u00e7o. Remessas discretas e seguras para o seu pa\u00eds.\" \/>\n<meta name=\"robots\" content=\"index, follow, max-snippet:-1, max-image-preview:large, max-video-preview:-1\" \/>\n<link rel=\"canonical\" href=\"https:\/\/www.trikomaseeds.com\/pt-br\/sementes\/sweet-madness-auto\/\" \/>\n<meta property=\"og:locale\" content=\"pt_BR\" \/>\n<meta property=\"og:type\" content=\"article\" \/>\n<meta property=\"og:title\" content=\"Sweet Madness Auto: Sementes de maconha de Trikoma Seeds\" \/>\n<meta property=\"og:description\" content=\"Sweet Madness Auto: sementes de maconha da Trikoma Seeds. Cultive plantas de cannabis feminizadas e com autofloresc\u00eancia ou CBD ao melhor pre\u00e7o. Remessas discretas e seguras para o seu pa\u00eds.\" \/>\n<meta property=\"og:url\" content=\"https:\/\/www.trikomaseeds.com\/pt-br\/sementes\/sweet-madness-auto\/\" \/>\n<meta property=\"og:site_name\" content=\"Trikoma Seeds\" \/>\n<meta property=\"article:modified_time\" content=\"2021-06-30T09:55:18+00:00\" \/>\n<meta property=\"og:image\" content=\"https:\/\/www.trikomaseeds.com\/wp-content\/uploads\/2020\/01\/sweet-madness-auto.jpg\" \/>\n\t<meta property=\"og:image:width\" content=\"469\" \/>\n\t<meta property=\"og:image:height\" content=\"469\" \/>\n\t<meta property=\"og:image:type\" content=\"image\/jpeg\" \/>\n<meta name=\"twitter:card\" content=\"summary_large_image\" \/>\n<script type=\"application\/ld+json\" class=\"yoast-schema-graph\">{\"@context\":\"https:\/\/schema.org\",\"@graph\":[{\"@type\":\"WebPage\",\"@id\":\"https:\/\/www.trikomaseeds.com\/pt-br\/sementes\/sweet-madness-auto\/\",\"url\":\"https:\/\/www.trikomaseeds.com\/pt-br\/sementes\/sweet-madness-auto\/\",\"name\":\"Sweet Madness Auto: Sementes de maconha de Trikoma Seeds\",\"isPartOf\":{\"@id\":\"https:\/\/www.trikomaseeds.com\/pt-br\/#website\"},\"primaryImageOfPage\":{\"@id\":\"https:\/\/www.trikomaseeds.com\/pt-br\/sementes\/sweet-madness-auto\/#primaryimage\"},\"image\":{\"@id\":\"https:\/\/www.trikomaseeds.com\/pt-br\/sementes\/sweet-madness-auto\/#primaryimage\"},\"thumbnailUrl\":\"https:\/\/www.trikomaseeds.com\/wp-content\/uploads\/2020\/01\/sweet-madness-auto.jpg\",\"datePublished\":\"2020-01-24T14:08:53+00:00\",\"dateModified\":\"2021-06-30T09:55:18+00:00\",\"description\":\"Sweet Madness Auto: sementes de maconha da Trikoma Seeds. Cultive plantas de cannabis feminizadas e com autofloresc\u00eancia ou CBD ao melhor pre\u00e7o. Remessas discretas e seguras para o seu pa\u00eds.\",\"breadcrumb\":{\"@id\":\"https:\/\/www.trikomaseeds.com\/pt-br\/sementes\/sweet-madness-auto\/#breadcrumb\"},\"inLanguage\":\"pt-BR\",\"potentialAction\":[{\"@type\":\"ReadAction\",\"target\":[\"https:\/\/www.trikomaseeds.com\/pt-br\/sementes\/sweet-madness-auto\/\"]}]},{\"@type\":\"ImageObject\",\"inLanguage\":\"pt-BR\",\"@id\":\"https:\/\/www.trikomaseeds.com\/pt-br\/sementes\/sweet-madness-auto\/#primaryimage\",\"url\":\"https:\/\/www.trikomaseeds.com\/wp-content\/uploads\/2020\/01\/sweet-madness-auto.jpg\",\"contentUrl\":\"https:\/\/www.trikomaseeds.com\/wp-content\/uploads\/2020\/01\/sweet-madness-auto.jpg\",\"width\":469,\"height\":469,\"caption\":\"Sweet Madness Autofloresc\u00eancia\"},{\"@type\":\"BreadcrumbList\",\"@id\":\"https:\/\/www.trikomaseeds.com\/pt-br\/sementes\/sweet-madness-auto\/#breadcrumb\",\"itemListElement\":[{\"@type\":\"ListItem\",\"position\":1,\"name\":\"Portada\",\"item\":\"https:\/\/www.trikomaseeds.com\/pt-br\/\"},{\"@type\":\"ListItem\",\"position\":2,\"name\":\"Shop\",\"item\":\"https:\/\/www.trikomaseeds.com\/pt-br\/shop\/\"},{\"@type\":\"ListItem\",\"position\":3,\"name\":\"Sweet Madness Auto\"}]},{\"@type\":\"WebSite\",\"@id\":\"https:\/\/www.trikomaseeds.com\/pt-br\/#website\",\"url\":\"https:\/\/www.trikomaseeds.com\/pt-br\/\",\"name\":\"Trikoma Seeds\",\"description\":\"Semillas de Marihuana Auto, Feminizadas y medicinales\",\"potentialAction\":[{\"@type\":\"SearchAction\",\"target\":{\"@type\":\"EntryPoint\",\"urlTemplate\":\"https:\/\/www.trikomaseeds.com\/pt-br\/?s={search_term_string}\"},\"query-input\":{\"@type\":\"PropertyValueSpecification\",\"valueRequired\":true,\"valueName\":\"search_term_string\"}}],\"inLanguage\":\"pt-BR\"}]}<\/script>\n<!-- \/ Yoast SEO plugin. -->","yoast_head_json":{"title":"Sweet Madness Auto: Sementes de maconha de Trikoma Seeds","description":"Sweet Madness Auto: sementes de maconha da Trikoma Seeds. Cultive plantas de cannabis feminizadas e com autofloresc\u00eancia ou CBD ao melhor pre\u00e7o. Remessas discretas e seguras para o seu pa\u00eds.","robots":{"index":"index","follow":"follow","max-snippet":"max-snippet:-1","max-image-preview":"max-image-preview:large","max-video-preview":"max-video-preview:-1"},"canonical":"https:\/\/www.trikomaseeds.com\/pt-br\/sementes\/sweet-madness-auto\/","og_locale":"pt_BR","og_type":"article","og_title":"Sweet Madness Auto: Sementes de maconha de Trikoma Seeds","og_description":"Sweet Madness Auto: sementes de maconha da Trikoma Seeds. Cultive plantas de cannabis feminizadas e com autofloresc\u00eancia ou CBD ao melhor pre\u00e7o. Remessas discretas e seguras para o seu pa\u00eds.","og_url":"https:\/\/www.trikomaseeds.com\/pt-br\/sementes\/sweet-madness-auto\/","og_site_name":"Trikoma Seeds","article_modified_time":"2021-06-30T09:55:18+00:00","og_image":[{"width":469,"height":469,"url":"https:\/\/www.trikomaseeds.com\/wp-content\/uploads\/2020\/01\/sweet-madness-auto.jpg","type":"image\/jpeg"}],"twitter_card":"summary_large_image","schema":{"@context":"https:\/\/schema.org","@graph":[{"@type":"WebPage","@id":"https:\/\/www.trikomaseeds.com\/pt-br\/sementes\/sweet-madness-auto\/","url":"https:\/\/www.trikomaseeds.com\/pt-br\/sementes\/sweet-madness-auto\/","name":"Sweet Madness Auto: Sementes de maconha de Trikoma Seeds","isPartOf":{"@id":"https:\/\/www.trikomaseeds.com\/pt-br\/#website"},"primaryImageOfPage":{"@id":"https:\/\/www.trikomaseeds.com\/pt-br\/sementes\/sweet-madness-auto\/#primaryimage"},"image":{"@id":"https:\/\/www.trikomaseeds.com\/pt-br\/sementes\/sweet-madness-auto\/#primaryimage"},"thumbnailUrl":"https:\/\/www.trikomaseeds.com\/wp-content\/uploads\/2020\/01\/sweet-madness-auto.jpg","datePublished":"2020-01-24T14:08:53+00:00","dateModified":"2021-06-30T09:55:18+00:00","description":"Sweet Madness Auto: sementes de maconha da Trikoma Seeds. Cultive plantas de cannabis feminizadas e com autofloresc\u00eancia ou CBD ao melhor pre\u00e7o. Remessas discretas e seguras para o seu pa\u00eds.","breadcrumb":{"@id":"https:\/\/www.trikomaseeds.com\/pt-br\/sementes\/sweet-madness-auto\/#breadcrumb"},"inLanguage":"pt-BR","potentialAction":[{"@type":"ReadAction","target":["https:\/\/www.trikomaseeds.com\/pt-br\/sementes\/sweet-madness-auto\/"]}]},{"@type":"ImageObject","inLanguage":"pt-BR","@id":"https:\/\/www.trikomaseeds.com\/pt-br\/sementes\/sweet-madness-auto\/#primaryimage","url":"https:\/\/www.trikomaseeds.com\/wp-content\/uploads\/2020\/01\/sweet-madness-auto.jpg","contentUrl":"https:\/\/www.trikomaseeds.com\/wp-content\/uploads\/2020\/01\/sweet-madness-auto.jpg","width":469,"height":469,"caption":"Sweet Madness Autofloresc\u00eancia"},{"@type":"BreadcrumbList","@id":"https:\/\/www.trikomaseeds.com\/pt-br\/sementes\/sweet-madness-auto\/#breadcrumb","itemListElement":[{"@type":"ListItem","position":1,"name":"Portada","item":"https:\/\/www.trikomaseeds.com\/pt-br\/"},{"@type":"ListItem","position":2,"name":"Shop","item":"https:\/\/www.trikomaseeds.com\/pt-br\/shop\/"},{"@type":"ListItem","position":3,"name":"Sweet Madness Auto"}]},{"@type":"WebSite","@id":"https:\/\/www.trikomaseeds.com\/pt-br\/#website","url":"https:\/\/www.trikomaseeds.com\/pt-br\/","name":"Trikoma Seeds","description":"Semillas de Marihuana Auto, Feminizadas y medicinales","potentialAction":[{"@type":"SearchAction","target":{"@type":"EntryPoint","urlTemplate":"https:\/\/www.trikomaseeds.com\/pt-br\/?s={search_term_string}"},"query-input":{"@type":"PropertyValueSpecification","valueRequired":true,"valueName":"search_term_string"}}],"inLanguage":"pt-BR"}]}},"_links":{"self":[{"href":"https:\/\/www.trikomaseeds.com\/pt-br\/wp-json\/wp\/v2\/product\/4261","targetHints":{"allow":["GET"]}}],"collection":[{"href":"https:\/\/www.trikomaseeds.com\/pt-br\/wp-json\/wp\/v2\/product"}],"about":[{"href":"https:\/\/www.trikomaseeds.com\/pt-br\/wp-json\/wp\/v2\/types\/product"}],"replies":[{"embeddable":true,"href":"https:\/\/www.trikomaseeds.com\/pt-br\/wp-json\/wp\/v2\/comments?post=4261"}],"wp:featuredmedia":[{"embeddable":true,"href":"https:\/\/www.trikomaseeds.com\/pt-br\/wp-json\/wp\/v2\/media\/4257"}],"wp:attachment":[{"href":"https:\/\/www.trikomaseeds.com\/pt-br\/wp-json\/wp\/v2\/media?parent=4261"}],"wp:term":[{"taxonomy":"product_cat","embeddable":true,"href":"https:\/\/www.trikomaseeds.com\/pt-br\/wp-json\/wp\/v2\/product_cat?post=4261"},{"taxonomy":"product_tag","embeddable":true,"href":"https:\/\/www.trikomaseeds.com\/pt-br\/wp-json\/wp\/v2\/product_tag?post=4261"}],"curies":[{"name":"wp","href":"https:\/\/api.w.org\/{rel}","templated":true}]}}