{"id":4236,"date":"2020-02-25T15:12:25","date_gmt":"2020-01-23T16:21:11","guid":{"rendered":"https:\/\/www.trikomaseeds.com\/?post_type=product&#038;p=4236"},"modified":"2025-02-13T16:22:23","modified_gmt":"2025-02-13T15:22:23","slug":"wendy","status":"publish","type":"product","link":"https:\/\/www.trikomaseeds.com\/pt-br\/sementes\/wendy\/","title":{"rendered":"Wendy"},"content":{"rendered":"<p><strong>CARATTERISTICHE<\/strong><\/p>\n<ul>\n<li>Genetica: Amnesia Haze x Black Widow<\/li>\n<li>Tipo: Sativa 80% -\/\/- Indica 20%<\/li>\n<li>Produzione interiore: 450 gr.\/m<sup>2<\/sup>\u00a0(con luce 600W)<\/li>\n<li>Produzione esteriore: 0.5 \u2013 1.5 Kg.\/pianta<\/li>\n<li>Fioritura Interiore: 70-80 giorni<\/li>\n<li>Fioritura esteriore: 4\/4 Ottobre<\/li>\n<li>Fioritura America Latina: 4\/4 Aprile<\/li>\n<\/ul>\n","protected":false},"excerpt":{"rendered":"<p>Esta variedade feminizada de predomin\u00e2ncia sativa \u00e9 um cruzamento entre Amnesia Haze e Black Widow. Produz um efeito cerebral limpo e intenso e o seu aroma Haze tem um toque doce. Sua flora\u00e7\u00e3o n\u00e3o \u00e9 muito longa para ser uma sativa, aproximadamente 70 dias. D\u00e1 grande produ\u00e7\u00e3o de flores longas e compactas e n\u00e3o cria qualquer dificuldade no seu cultivo, por isso \u00e9 adequado para principiantes.<\/p>\n<p><strong>THC: 20%<\/strong><\/p>\n","protected":false},"featured_media":12188,"comment_status":"open","ping_status":"closed","template":"","meta":[],"product_cat":[114],"product_tag":[],"class_list":{"0":"post-4236","1":"product","2":"type-product","3":"status-publish","4":"has-post-thumbnail","6":"product_cat-feminizadas-pt-br","8":"first","9":"instock","10":"shipping-taxable","11":"purchasable","12":"product-type-variable","13":"has-default-attributes"},"yoast_head":"<!-- This site is optimized with the Yoast SEO plugin v25.6 - https:\/\/yoast.com\/wordpress\/plugins\/seo\/ -->\n<title>Wendy - Trikoma Seeds<\/title>\n<meta name=\"description\" content=\"Wendy: sementes de maconha de Trikoma Seeds. Cultive plantas de cannabis feminizadas, autoflorescentes ou CBD ao melhor pre\u00e7o. Remessas discretas e seguras para o seu pa\u00eds\" \/>\n<meta name=\"robots\" content=\"index, follow, max-snippet:-1, max-image-preview:large, max-video-preview:-1\" \/>\n<link rel=\"canonical\" href=\"https:\/\/www.trikomaseeds.com\/pt-br\/sementes\/wendy\/\" \/>\n<meta property=\"og:locale\" content=\"pt_BR\" \/>\n<meta property=\"og:type\" content=\"article\" \/>\n<meta property=\"og:title\" content=\"Wendy - Trikoma Seeds\" \/>\n<meta property=\"og:description\" content=\"Wendy: sementes de maconha de Trikoma Seeds. Cultive plantas de cannabis feminizadas, autoflorescentes ou CBD ao melhor pre\u00e7o. Remessas discretas e seguras para o seu pa\u00eds\" \/>\n<meta property=\"og:url\" content=\"https:\/\/www.trikomaseeds.com\/pt-br\/sementes\/wendy\/\" \/>\n<meta property=\"og:site_name\" content=\"Trikoma Seeds\" \/>\n<meta property=\"article:modified_time\" content=\"2025-02-13T15:22:23+00:00\" \/>\n<meta property=\"og:image\" content=\"https:\/\/www.trikomaseeds.com\/wp-content\/uploads\/2020\/02\/wendy-semilla-marihuana.jpg\" \/>\n\t<meta property=\"og:image:width\" content=\"500\" \/>\n\t<meta property=\"og:image:height\" content=\"500\" \/>\n\t<meta property=\"og:image:type\" content=\"image\/jpeg\" \/>\n<meta name=\"twitter:card\" content=\"summary_large_image\" \/>\n<meta name=\"twitter:label1\" content=\"Est. tempo de leitura\" \/>\n\t<meta name=\"twitter:data1\" content=\"1 minuto\" \/>\n<script type=\"application\/ld+json\" class=\"yoast-schema-graph\">{\"@context\":\"https:\/\/schema.org\",\"@graph\":[{\"@type\":\"WebPage\",\"@id\":\"https:\/\/www.trikomaseeds.com\/pt-br\/sementes\/wendy\/\",\"url\":\"https:\/\/www.trikomaseeds.com\/pt-br\/sementes\/wendy\/\",\"name\":\"Wendy - Trikoma Seeds\",\"isPartOf\":{\"@id\":\"https:\/\/www.trikomaseeds.com\/pt-br\/#website\"},\"primaryImageOfPage\":{\"@id\":\"https:\/\/www.trikomaseeds.com\/pt-br\/sementes\/wendy\/#primaryimage\"},\"image\":{\"@id\":\"https:\/\/www.trikomaseeds.com\/pt-br\/sementes\/wendy\/#primaryimage\"},\"thumbnailUrl\":\"https:\/\/www.trikomaseeds.com\/wp-content\/uploads\/2020\/02\/wendy-semilla-marihuana.jpg\",\"datePublished\":\"2020-01-23T16:21:11+00:00\",\"dateModified\":\"2025-02-13T15:22:23+00:00\",\"description\":\"Wendy: sementes de maconha de Trikoma Seeds. Cultive plantas de cannabis feminizadas, autoflorescentes ou CBD ao melhor pre\u00e7o. Remessas discretas e seguras para o seu pa\u00eds\",\"breadcrumb\":{\"@id\":\"https:\/\/www.trikomaseeds.com\/pt-br\/sementes\/wendy\/#breadcrumb\"},\"inLanguage\":\"pt-BR\",\"potentialAction\":[{\"@type\":\"ReadAction\",\"target\":[\"https:\/\/www.trikomaseeds.com\/pt-br\/sementes\/wendy\/\"]}]},{\"@type\":\"ImageObject\",\"inLanguage\":\"pt-BR\",\"@id\":\"https:\/\/www.trikomaseeds.com\/pt-br\/sementes\/wendy\/#primaryimage\",\"url\":\"https:\/\/www.trikomaseeds.com\/wp-content\/uploads\/2020\/02\/wendy-semilla-marihuana.jpg\",\"contentUrl\":\"https:\/\/www.trikomaseeds.com\/wp-content\/uploads\/2020\/02\/wendy-semilla-marihuana.jpg\",\"width\":500,\"height\":500,\"caption\":\"Wendy semilla marihuana\"},{\"@type\":\"BreadcrumbList\",\"@id\":\"https:\/\/www.trikomaseeds.com\/pt-br\/sementes\/wendy\/#breadcrumb\",\"itemListElement\":[{\"@type\":\"ListItem\",\"position\":1,\"name\":\"Portada\",\"item\":\"https:\/\/www.trikomaseeds.com\/pt-br\/\"},{\"@type\":\"ListItem\",\"position\":2,\"name\":\"Shop\",\"item\":\"https:\/\/www.trikomaseeds.com\/pt-br\/shop\/\"},{\"@type\":\"ListItem\",\"position\":3,\"name\":\"Wendy\"}]},{\"@type\":\"WebSite\",\"@id\":\"https:\/\/www.trikomaseeds.com\/pt-br\/#website\",\"url\":\"https:\/\/www.trikomaseeds.com\/pt-br\/\",\"name\":\"Trikoma Seeds\",\"description\":\"Semillas de Marihuana Auto, Feminizadas y medicinales\",\"potentialAction\":[{\"@type\":\"SearchAction\",\"target\":{\"@type\":\"EntryPoint\",\"urlTemplate\":\"https:\/\/www.trikomaseeds.com\/pt-br\/?s={search_term_string}\"},\"query-input\":{\"@type\":\"PropertyValueSpecification\",\"valueRequired\":true,\"valueName\":\"search_term_string\"}}],\"inLanguage\":\"pt-BR\"}]}<\/script>\n<!-- \/ Yoast SEO plugin. -->","yoast_head_json":{"title":"Wendy - Trikoma Seeds","description":"Wendy: sementes de maconha de Trikoma Seeds. Cultive plantas de cannabis feminizadas, autoflorescentes ou CBD ao melhor pre\u00e7o. Remessas discretas e seguras para o seu pa\u00eds","robots":{"index":"index","follow":"follow","max-snippet":"max-snippet:-1","max-image-preview":"max-image-preview:large","max-video-preview":"max-video-preview:-1"},"canonical":"https:\/\/www.trikomaseeds.com\/pt-br\/sementes\/wendy\/","og_locale":"pt_BR","og_type":"article","og_title":"Wendy - Trikoma Seeds","og_description":"Wendy: sementes de maconha de Trikoma Seeds. Cultive plantas de cannabis feminizadas, autoflorescentes ou CBD ao melhor pre\u00e7o. Remessas discretas e seguras para o seu pa\u00eds","og_url":"https:\/\/www.trikomaseeds.com\/pt-br\/sementes\/wendy\/","og_site_name":"Trikoma Seeds","article_modified_time":"2025-02-13T15:22:23+00:00","og_image":[{"width":500,"height":500,"url":"https:\/\/www.trikomaseeds.com\/wp-content\/uploads\/2020\/02\/wendy-semilla-marihuana.jpg","type":"image\/jpeg"}],"twitter_card":"summary_large_image","twitter_misc":{"Est. tempo de leitura":"1 minuto"},"schema":{"@context":"https:\/\/schema.org","@graph":[{"@type":"WebPage","@id":"https:\/\/www.trikomaseeds.com\/pt-br\/sementes\/wendy\/","url":"https:\/\/www.trikomaseeds.com\/pt-br\/sementes\/wendy\/","name":"Wendy - Trikoma Seeds","isPartOf":{"@id":"https:\/\/www.trikomaseeds.com\/pt-br\/#website"},"primaryImageOfPage":{"@id":"https:\/\/www.trikomaseeds.com\/pt-br\/sementes\/wendy\/#primaryimage"},"image":{"@id":"https:\/\/www.trikomaseeds.com\/pt-br\/sementes\/wendy\/#primaryimage"},"thumbnailUrl":"https:\/\/www.trikomaseeds.com\/wp-content\/uploads\/2020\/02\/wendy-semilla-marihuana.jpg","datePublished":"2020-01-23T16:21:11+00:00","dateModified":"2025-02-13T15:22:23+00:00","description":"Wendy: sementes de maconha de Trikoma Seeds. Cultive plantas de cannabis feminizadas, autoflorescentes ou CBD ao melhor pre\u00e7o. Remessas discretas e seguras para o seu pa\u00eds","breadcrumb":{"@id":"https:\/\/www.trikomaseeds.com\/pt-br\/sementes\/wendy\/#breadcrumb"},"inLanguage":"pt-BR","potentialAction":[{"@type":"ReadAction","target":["https:\/\/www.trikomaseeds.com\/pt-br\/sementes\/wendy\/"]}]},{"@type":"ImageObject","inLanguage":"pt-BR","@id":"https:\/\/www.trikomaseeds.com\/pt-br\/sementes\/wendy\/#primaryimage","url":"https:\/\/www.trikomaseeds.com\/wp-content\/uploads\/2020\/02\/wendy-semilla-marihuana.jpg","contentUrl":"https:\/\/www.trikomaseeds.com\/wp-content\/uploads\/2020\/02\/wendy-semilla-marihuana.jpg","width":500,"height":500,"caption":"Wendy semilla marihuana"},{"@type":"BreadcrumbList","@id":"https:\/\/www.trikomaseeds.com\/pt-br\/sementes\/wendy\/#breadcrumb","itemListElement":[{"@type":"ListItem","position":1,"name":"Portada","item":"https:\/\/www.trikomaseeds.com\/pt-br\/"},{"@type":"ListItem","position":2,"name":"Shop","item":"https:\/\/www.trikomaseeds.com\/pt-br\/shop\/"},{"@type":"ListItem","position":3,"name":"Wendy"}]},{"@type":"WebSite","@id":"https:\/\/www.trikomaseeds.com\/pt-br\/#website","url":"https:\/\/www.trikomaseeds.com\/pt-br\/","name":"Trikoma Seeds","description":"Semillas de Marihuana Auto, Feminizadas y medicinales","potentialAction":[{"@type":"SearchAction","target":{"@type":"EntryPoint","urlTemplate":"https:\/\/www.trikomaseeds.com\/pt-br\/?s={search_term_string}"},"query-input":{"@type":"PropertyValueSpecification","valueRequired":true,"valueName":"search_term_string"}}],"inLanguage":"pt-BR"}]}},"_links":{"self":[{"href":"https:\/\/www.trikomaseeds.com\/pt-br\/wp-json\/wp\/v2\/product\/4236","targetHints":{"allow":["GET"]}}],"collection":[{"href":"https:\/\/www.trikomaseeds.com\/pt-br\/wp-json\/wp\/v2\/product"}],"about":[{"href":"https:\/\/www.trikomaseeds.com\/pt-br\/wp-json\/wp\/v2\/types\/product"}],"replies":[{"embeddable":true,"href":"https:\/\/www.trikomaseeds.com\/pt-br\/wp-json\/wp\/v2\/comments?post=4236"}],"wp:featuredmedia":[{"embeddable":true,"href":"https:\/\/www.trikomaseeds.com\/pt-br\/wp-json\/wp\/v2\/media\/12188"}],"wp:attachment":[{"href":"https:\/\/www.trikomaseeds.com\/pt-br\/wp-json\/wp\/v2\/media?parent=4236"}],"wp:term":[{"taxonomy":"product_cat","embeddable":true,"href":"https:\/\/www.trikomaseeds.com\/pt-br\/wp-json\/wp\/v2\/product_cat?post=4236"},{"taxonomy":"product_tag","embeddable":true,"href":"https:\/\/www.trikomaseeds.com\/pt-br\/wp-json\/wp\/v2\/product_tag?post=4236"}],"curies":[{"name":"wp","href":"https:\/\/api.w.org\/{rel}","templated":true}]}}