{"id":1475,"date":"2019-09-24T14:08:36","date_gmt":"2019-09-24T12:08:36","guid":{"rendered":"http:\/\/www.trikomaseeds.com\/semillas\/white-widow-auto\/"},"modified":"2024-08-13T14:13:19","modified_gmt":"2024-08-13T12:13:19","slug":"white-widow-auto","status":"publish","type":"product","link":"https:\/\/www.trikomaseeds.com\/pt-br\/sementes\/white-widow-auto\/","title":{"rendered":"White Widow Auto"},"content":{"rendered":"<h2>Ficha t\u00e9cnica de White Widow Auto<\/h2>\n<ul>\n<li>Gen\u00e9tica: White Widow x Rudelaris<\/li>\n<li>Tipo: Autoflora\u00e7\u00e3o<\/li>\n<li>Produ\u00e7\u00e3o em interior: 480 g\/m<sup>2<\/sup> (com luz de 600W)<\/li>\n<li>Produ\u00e7\u00e3o em exterior: 50 &#8211; 200 g\/planta<\/li>\n<li>Florac\u00e3o em interior: 70 dias (18h)<\/li>\n<li>Florac\u00e3o em exterior: 50 &#8211; 80 dias<\/li>\n<\/ul>\n<h2>O que \u00e9 White Widow Auto<\/h2>\n<p>White Widow Auto \u00e9 uma variedade de cannabis autoflorante que deriva da c\u00e9lebre White Widow, uma das cepas de cannabis mais reconhecidas e apreciadas. A White Widow \u00e9 uma variedade h\u00edbrida de cannabis que se tornou popular na d\u00e9cada de 1990, conhecida pela sua alta pot\u00eancia e pelo distintivo revestimento branco de tricomas.<\/p>\n<p>White Widow Auto \u00e9 o resultado do cruzamento entre a White Widow original e uma variedade de cannabis Ruderalis, o que lhe confere a capacidade de autoflorir. Esta planta \u00e9 muito vers\u00e1til e adapta-se bem a diversas condi\u00e7\u00f5es de cultivo, tanto em interiores como em exteriores. A sua resist\u00eancia torna-a adequada para climas frios e temperados.<\/p>\n<h2>Caracter\u00edsticas da White Widow Autoflorente<\/h2>\n<p>Auto White Widow \u00e9 uma variedade de cannabis excecional, en\u00e9rgica e muito est\u00e1vel. \u00c9 f\u00e1cil de cultivar e atinge um tamanho pequeno ou m\u00e9dio, produzindo rapidamente quantidades generosas de colheitas na forma de grandes flores cristalizadas.<\/p>\n<p>O ciclo de vida desta planta varia consoante as condi\u00e7\u00f5es de cultivo. Em interior, floresce em cerca de 70 dias (aproximadamente 10 semanas), enquanto em exterior pode demorar entre 50 e 80 dias (aproximadamente 7-11 semanas). Ap\u00f3s este per\u00edodo, pode esperar uma colheita generosa de 400-500 g\/m\u00b2. Desenvolve-se bem tanto em interior como em exterior, sendo robusta e capaz de suportar o frio sem problemas. Cresce com um espa\u00e7o moderado entre os n\u00f3s do caule e forma uma grande cola principal. Os ramos laterais adquirem uma boa plenitude e tornam-se t\u00e3o largos quanto altos. N\u00e3o se estende muito durante a flora\u00e7\u00e3o e atinge uma altura final de entre 70-110 cm.<\/p>\n<p>Na segunda metade da flora\u00e7\u00e3o, algumas White Widow autoflorentes podem desenvolver belos tons rosados e roxos, adicionando um atrativo visual extra \u00e0 colheita.<\/p>\n<p>Al\u00e9m disso, \u00e9 uma variedade que requer pouca poda, o que facilita o acabamento. Tanto as folhas de a\u00e7\u00facar quanto as br\u00e1cteas est\u00e3o cobertas de abundantes cristais, o que as torna ideais para conserva\u00e7\u00e3o e para a prepara\u00e7\u00e3o de deliciosas extra\u00e7\u00f5es.<\/p>\n<p>Esta planta <strong>\u00e9 excelente para iniciantes<\/strong>, pois \u00e9 em grande parte auto-suficiente e oferece um rendimento constante com um esfor\u00e7o m\u00ednimo por parte do cultivador.<\/p>\n<h2>Aroma, sabor e efeitos de White Widow Auto<\/h2>\n<p>O aroma e o sabor da White Widow Autoflorente evocam a ess\u00eancia do original: combina um intenso cheiro floral com sutis notas adocicadas e \u00e1cidas no paladar. Alguns consumidores tamb\u00e9m notam toques terrosos e amadeirados. Durante a flora\u00e7\u00e3o, o aroma intensifica-se, preenchendo o espa\u00e7o com a sua fragr\u00e2ncia penetrante e caracter\u00edstica.<\/p>\n<p>White Widow Autoflorente oferece um efeito potente que induz uma sensa\u00e7\u00e3o edificante, clara e en\u00e9rgica. Estimula todos os sentidos, tornando-a uma excelente op\u00e7\u00e3o para atividades organizadas e prop\u00f3sitos ativos. Inicialmente, o efeito \u00e9 revitalizante sem ser opressivo. \u00c0 medida que se continua a consumir, os efeitos da White Widow Auto tornam-se mais suaves, transformando-se em um relaxamento agrad\u00e1vel e calmante. N\u00e3o \u00e9 opressiva nem induz hiperatividade, o que a torna adequada tanto para uso diurno quanto noturno. Em resumo, a White Widow Auto oferece uma experi\u00eancia completa que combina um aroma e sabor excepcionais com efeitos vers\u00e1teis e equilibrados.<\/p>\n<p>&nbsp;<\/p>\n","protected":false},"excerpt":{"rendered":"<p align=\"justify\">Variedade autom\u00e1tica desta gen\u00e9tica de \u00faltima gera\u00e7\u00e3o t\u00e3o reconhecida. Auto White Widow \u00e9 uma das variedades mais comercial que existem no mercado por sua estabilidade e bons resultados. De sensa\u00e7\u00f5es f\u00edsicas relaxantes com sabor doce e frutado. Com uma produ\u00e7\u00e3o de brotos grossos, largos e resinosos com pouca quantidade de folhas. Ideal para cultivos no exterior.<\/p>\n<p><strong>THC:\u00a0<span class=\"destacado\">15%<\/span><\/strong><\/p>\n","protected":false},"featured_media":576,"comment_status":"open","ping_status":"closed","template":"","meta":[],"product_cat":[134],"product_tag":[],"class_list":{"0":"post-1475","1":"product","2":"type-product","3":"status-publish","4":"has-post-thumbnail","6":"product_cat-autoflorescentes","8":"first","9":"instock","10":"shipping-taxable","11":"purchasable","12":"product-type-variable","13":"has-default-attributes"},"yoast_head":"<!-- This site is optimized with the Yoast SEO plugin v25.6 - https:\/\/yoast.com\/wordpress\/plugins\/seo\/ -->\n<title>White Widow Auto \u3010 TRIKOMA SEEDS \u3011<\/title>\n<meta name=\"description\" content=\"Auto White Widow da Trikoma Seeds s\u00e3o as melhores sementes de White Widow Auto no mercado. THC de 15%. Envios discretos para o seu pa\u00eds.\" \/>\n<meta name=\"robots\" content=\"index, follow, max-snippet:-1, max-image-preview:large, max-video-preview:-1\" \/>\n<link rel=\"canonical\" href=\"https:\/\/www.trikomaseeds.com\/pt-br\/sementes\/white-widow-auto\/\" \/>\n<meta property=\"og:locale\" content=\"pt_BR\" \/>\n<meta property=\"og:type\" content=\"article\" \/>\n<meta property=\"og:title\" content=\"White Widow Auto \u3010 TRIKOMA SEEDS \u3011\" \/>\n<meta property=\"og:description\" content=\"Auto White Widow da Trikoma Seeds s\u00e3o as melhores sementes de White Widow Auto no mercado. THC de 15%. Envios discretos para o seu pa\u00eds.\" \/>\n<meta property=\"og:url\" content=\"https:\/\/www.trikomaseeds.com\/pt-br\/sementes\/white-widow-auto\/\" \/>\n<meta property=\"og:site_name\" content=\"Trikoma Seeds\" \/>\n<meta property=\"article:modified_time\" content=\"2024-08-13T12:13:19+00:00\" \/>\n<meta property=\"og:image\" content=\"https:\/\/www.trikomaseeds.com\/wp-content\/uploads\/2019\/09\/WhiteWidow_Auto_Trikoma_seeds_72-800x800.jpg\" \/>\n\t<meta property=\"og:image:width\" content=\"800\" \/>\n\t<meta property=\"og:image:height\" content=\"800\" \/>\n\t<meta property=\"og:image:type\" content=\"image\/jpeg\" \/>\n<meta name=\"twitter:card\" content=\"summary_large_image\" \/>\n<meta name=\"twitter:label1\" content=\"Est. tempo de leitura\" \/>\n\t<meta name=\"twitter:data1\" content=\"3 minutos\" \/>\n<script type=\"application\/ld+json\" class=\"yoast-schema-graph\">{\"@context\":\"https:\/\/schema.org\",\"@graph\":[{\"@type\":\"WebPage\",\"@id\":\"https:\/\/www.trikomaseeds.com\/pt-br\/sementes\/white-widow-auto\/\",\"url\":\"https:\/\/www.trikomaseeds.com\/pt-br\/sementes\/white-widow-auto\/\",\"name\":\"White Widow Auto \u3010 TRIKOMA SEEDS \u3011\",\"isPartOf\":{\"@id\":\"https:\/\/www.trikomaseeds.com\/pt-br\/#website\"},\"primaryImageOfPage\":{\"@id\":\"https:\/\/www.trikomaseeds.com\/pt-br\/sementes\/white-widow-auto\/#primaryimage\"},\"image\":{\"@id\":\"https:\/\/www.trikomaseeds.com\/pt-br\/sementes\/white-widow-auto\/#primaryimage\"},\"thumbnailUrl\":\"https:\/\/www.trikomaseeds.com\/wp-content\/uploads\/2019\/09\/WhiteWidow_Auto_Trikoma_seeds_72-800x800.jpg\",\"datePublished\":\"2019-09-24T12:08:36+00:00\",\"dateModified\":\"2024-08-13T12:13:19+00:00\",\"description\":\"Auto White Widow da Trikoma Seeds s\u00e3o as melhores sementes de White Widow Auto no mercado. THC de 15%. Envios discretos para o seu pa\u00eds.\",\"breadcrumb\":{\"@id\":\"https:\/\/www.trikomaseeds.com\/pt-br\/sementes\/white-widow-auto\/#breadcrumb\"},\"inLanguage\":\"pt-BR\",\"potentialAction\":[{\"@type\":\"ReadAction\",\"target\":[\"https:\/\/www.trikomaseeds.com\/pt-br\/sementes\/white-widow-auto\/\"]}]},{\"@type\":\"ImageObject\",\"inLanguage\":\"pt-BR\",\"@id\":\"https:\/\/www.trikomaseeds.com\/pt-br\/sementes\/white-widow-auto\/#primaryimage\",\"url\":\"https:\/\/www.trikomaseeds.com\/wp-content\/uploads\/2019\/09\/WhiteWidow_Auto_Trikoma_seeds_72-800x800.jpg\",\"contentUrl\":\"https:\/\/www.trikomaseeds.com\/wp-content\/uploads\/2019\/09\/WhiteWidow_Auto_Trikoma_seeds_72-800x800.jpg\",\"width\":800,\"height\":800},{\"@type\":\"BreadcrumbList\",\"@id\":\"https:\/\/www.trikomaseeds.com\/pt-br\/sementes\/white-widow-auto\/#breadcrumb\",\"itemListElement\":[{\"@type\":\"ListItem\",\"position\":1,\"name\":\"Portada\",\"item\":\"https:\/\/www.trikomaseeds.com\/pt-br\/\"},{\"@type\":\"ListItem\",\"position\":2,\"name\":\"Shop\",\"item\":\"https:\/\/www.trikomaseeds.com\/pt-br\/shop\/\"},{\"@type\":\"ListItem\",\"position\":3,\"name\":\"White Widow Auto\"}]},{\"@type\":\"WebSite\",\"@id\":\"https:\/\/www.trikomaseeds.com\/pt-br\/#website\",\"url\":\"https:\/\/www.trikomaseeds.com\/pt-br\/\",\"name\":\"Trikoma Seeds\",\"description\":\"Semillas de Marihuana Auto, Feminizadas y medicinales\",\"potentialAction\":[{\"@type\":\"SearchAction\",\"target\":{\"@type\":\"EntryPoint\",\"urlTemplate\":\"https:\/\/www.trikomaseeds.com\/pt-br\/?s={search_term_string}\"},\"query-input\":{\"@type\":\"PropertyValueSpecification\",\"valueRequired\":true,\"valueName\":\"search_term_string\"}}],\"inLanguage\":\"pt-BR\"}]}<\/script>\n<!-- \/ Yoast SEO plugin. -->","yoast_head_json":{"title":"White Widow Auto \u3010 TRIKOMA SEEDS \u3011","description":"Auto White Widow da Trikoma Seeds s\u00e3o as melhores sementes de White Widow Auto no mercado. THC de 15%. Envios discretos para o seu pa\u00eds.","robots":{"index":"index","follow":"follow","max-snippet":"max-snippet:-1","max-image-preview":"max-image-preview:large","max-video-preview":"max-video-preview:-1"},"canonical":"https:\/\/www.trikomaseeds.com\/pt-br\/sementes\/white-widow-auto\/","og_locale":"pt_BR","og_type":"article","og_title":"White Widow Auto \u3010 TRIKOMA SEEDS \u3011","og_description":"Auto White Widow da Trikoma Seeds s\u00e3o as melhores sementes de White Widow Auto no mercado. THC de 15%. Envios discretos para o seu pa\u00eds.","og_url":"https:\/\/www.trikomaseeds.com\/pt-br\/sementes\/white-widow-auto\/","og_site_name":"Trikoma Seeds","article_modified_time":"2024-08-13T12:13:19+00:00","og_image":[{"width":800,"height":800,"url":"https:\/\/www.trikomaseeds.com\/wp-content\/uploads\/2019\/09\/WhiteWidow_Auto_Trikoma_seeds_72-800x800.jpg","type":"image\/jpeg"}],"twitter_card":"summary_large_image","twitter_misc":{"Est. tempo de leitura":"3 minutos"},"schema":{"@context":"https:\/\/schema.org","@graph":[{"@type":"WebPage","@id":"https:\/\/www.trikomaseeds.com\/pt-br\/sementes\/white-widow-auto\/","url":"https:\/\/www.trikomaseeds.com\/pt-br\/sementes\/white-widow-auto\/","name":"White Widow Auto \u3010 TRIKOMA SEEDS \u3011","isPartOf":{"@id":"https:\/\/www.trikomaseeds.com\/pt-br\/#website"},"primaryImageOfPage":{"@id":"https:\/\/www.trikomaseeds.com\/pt-br\/sementes\/white-widow-auto\/#primaryimage"},"image":{"@id":"https:\/\/www.trikomaseeds.com\/pt-br\/sementes\/white-widow-auto\/#primaryimage"},"thumbnailUrl":"https:\/\/www.trikomaseeds.com\/wp-content\/uploads\/2019\/09\/WhiteWidow_Auto_Trikoma_seeds_72-800x800.jpg","datePublished":"2019-09-24T12:08:36+00:00","dateModified":"2024-08-13T12:13:19+00:00","description":"Auto White Widow da Trikoma Seeds s\u00e3o as melhores sementes de White Widow Auto no mercado. THC de 15%. Envios discretos para o seu pa\u00eds.","breadcrumb":{"@id":"https:\/\/www.trikomaseeds.com\/pt-br\/sementes\/white-widow-auto\/#breadcrumb"},"inLanguage":"pt-BR","potentialAction":[{"@type":"ReadAction","target":["https:\/\/www.trikomaseeds.com\/pt-br\/sementes\/white-widow-auto\/"]}]},{"@type":"ImageObject","inLanguage":"pt-BR","@id":"https:\/\/www.trikomaseeds.com\/pt-br\/sementes\/white-widow-auto\/#primaryimage","url":"https:\/\/www.trikomaseeds.com\/wp-content\/uploads\/2019\/09\/WhiteWidow_Auto_Trikoma_seeds_72-800x800.jpg","contentUrl":"https:\/\/www.trikomaseeds.com\/wp-content\/uploads\/2019\/09\/WhiteWidow_Auto_Trikoma_seeds_72-800x800.jpg","width":800,"height":800},{"@type":"BreadcrumbList","@id":"https:\/\/www.trikomaseeds.com\/pt-br\/sementes\/white-widow-auto\/#breadcrumb","itemListElement":[{"@type":"ListItem","position":1,"name":"Portada","item":"https:\/\/www.trikomaseeds.com\/pt-br\/"},{"@type":"ListItem","position":2,"name":"Shop","item":"https:\/\/www.trikomaseeds.com\/pt-br\/shop\/"},{"@type":"ListItem","position":3,"name":"White Widow Auto"}]},{"@type":"WebSite","@id":"https:\/\/www.trikomaseeds.com\/pt-br\/#website","url":"https:\/\/www.trikomaseeds.com\/pt-br\/","name":"Trikoma Seeds","description":"Semillas de Marihuana Auto, Feminizadas y medicinales","potentialAction":[{"@type":"SearchAction","target":{"@type":"EntryPoint","urlTemplate":"https:\/\/www.trikomaseeds.com\/pt-br\/?s={search_term_string}"},"query-input":{"@type":"PropertyValueSpecification","valueRequired":true,"valueName":"search_term_string"}}],"inLanguage":"pt-BR"}]}},"_links":{"self":[{"href":"https:\/\/www.trikomaseeds.com\/pt-br\/wp-json\/wp\/v2\/product\/1475","targetHints":{"allow":["GET"]}}],"collection":[{"href":"https:\/\/www.trikomaseeds.com\/pt-br\/wp-json\/wp\/v2\/product"}],"about":[{"href":"https:\/\/www.trikomaseeds.com\/pt-br\/wp-json\/wp\/v2\/types\/product"}],"replies":[{"embeddable":true,"href":"https:\/\/www.trikomaseeds.com\/pt-br\/wp-json\/wp\/v2\/comments?post=1475"}],"wp:featuredmedia":[{"embeddable":true,"href":"https:\/\/www.trikomaseeds.com\/pt-br\/wp-json\/wp\/v2\/media\/576"}],"wp:attachment":[{"href":"https:\/\/www.trikomaseeds.com\/pt-br\/wp-json\/wp\/v2\/media?parent=1475"}],"wp:term":[{"taxonomy":"product_cat","embeddable":true,"href":"https:\/\/www.trikomaseeds.com\/pt-br\/wp-json\/wp\/v2\/product_cat?post=1475"},{"taxonomy":"product_tag","embeddable":true,"href":"https:\/\/www.trikomaseeds.com\/pt-br\/wp-json\/wp\/v2\/product_tag?post=1475"}],"curies":[{"name":"wp","href":"https:\/\/api.w.org\/{rel}","templated":true}]}}