{"id":1433,"date":"2019-09-24T14:07:04","date_gmt":"2019-09-24T12:07:04","guid":{"rendered":"http:\/\/www.trikomaseeds.com\/semillas\/wendy-auto\/"},"modified":"2019-10-30T19:33:36","modified_gmt":"2019-10-30T18:33:36","slug":"wendy-auto","status":"publish","type":"product","link":"https:\/\/www.trikomaseeds.com\/pt-br\/sementes\/wendy-auto\/","title":{"rendered":"Wendy Auto"},"content":{"rendered":"<h3 class=\"dotted_title uppercase\">CARACTERISTICAS<\/h3>\n<ul class=\"check\">\n<li>Genetico: Rudelaris x Black Widow<\/li>\n<li>Tipo: Autoflorecente<\/li>\n<li>Produ\u00e7\u00e3o interior: 400 &#8211; 600 gr.\/m<sup>2<\/sup>\u00a0(Com luz 600W)<\/li>\n<li>Produ\u00e7\u00e3o exterior: 60 &#8211; 150 gr.\/planta<\/li>\n<li>Flora\u00e7\u00e3o interior: 80 dias (18h)<\/li>\n<li>Flora\u00e7\u00e3o exterior: 50 &#8211; 70 dias<\/li>\n<\/ul>\n","protected":false},"excerpt":{"rendered":"<p align=\"justify\">Seu nome original \u00e9 \u201cLa traici\u00f3n de Wendy\u201d (a trai\u00e7\u00e3o de Wendy). \u00c9 uma variedade principalmente Haze e uma auto florescente de \u00faltima gera\u00e7\u00e3o, obtida a partir do cruzamento entre a Rudelaris e a Black Widow. O resultado \u00e9 uma incr\u00edvel planta de altura m\u00e9dia e estrutura de ramifica\u00e7\u00e3o que desenvolve uma grande quantidade de flores bem resinosas que t\u00eam um aroma inconfund\u00edvel a Haze.<\/p>\n<p><strong>THC:\u00a0<span class=\"destacado\">15%<\/span><\/strong><\/p>\n","protected":false},"featured_media":569,"comment_status":"open","ping_status":"closed","template":"","meta":[],"product_cat":[134],"product_tag":[367],"class_list":{"0":"post-1433","1":"product","2":"type-product","3":"status-publish","4":"has-post-thumbnail","6":"product_cat-autoflorescentes","7":"product_tag-autoflorecentes-br","9":"first","10":"instock","11":"shipping-taxable","12":"purchasable","13":"product-type-variable","14":"has-default-attributes"},"yoast_head":"<!-- This site is optimized with the Yoast SEO plugin v25.6 - https:\/\/yoast.com\/wordpress\/plugins\/seo\/ -->\n<title>Wendy Auto - Trikoma Seeds<\/title>\n<meta name=\"robots\" content=\"index, follow, max-snippet:-1, max-image-preview:large, max-video-preview:-1\" \/>\n<link rel=\"canonical\" href=\"https:\/\/www.trikomaseeds.com\/pt-br\/sementes\/wendy-auto\/\" \/>\n<meta property=\"og:locale\" content=\"pt_BR\" \/>\n<meta property=\"og:type\" content=\"article\" \/>\n<meta property=\"og:title\" content=\"Wendy Auto - Trikoma Seeds\" \/>\n<meta property=\"og:description\" content=\"Seu nome original \u00e9 \u201cLa traici\u00f3n de Wendy\u201d (a trai\u00e7\u00e3o de Wendy). \u00c9 uma variedade principalmente Haze e uma auto florescente de \u00faltima gera\u00e7\u00e3o, obtida a partir do cruzamento entre a Rudelaris e a Black Widow. O resultado \u00e9 uma incr\u00edvel planta de altura m\u00e9dia e estrutura de ramifica\u00e7\u00e3o que desenvolve uma grande quantidade de flores bem resinosas que t\u00eam um aroma inconfund\u00edvel a Haze. THC:\u00a015%\" \/>\n<meta property=\"og:url\" content=\"https:\/\/www.trikomaseeds.com\/pt-br\/sementes\/wendy-auto\/\" \/>\n<meta property=\"og:site_name\" content=\"Trikoma Seeds\" \/>\n<meta property=\"article:modified_time\" content=\"2019-10-30T18:33:36+00:00\" \/>\n<meta property=\"og:image\" content=\"https:\/\/www.trikomaseeds.com\/wp-content\/uploads\/2019\/09\/Wendy_Auto_Trikoma_seeds_72-800x800.jpg\" \/>\n\t<meta property=\"og:image:width\" content=\"800\" \/>\n\t<meta property=\"og:image:height\" content=\"800\" \/>\n\t<meta property=\"og:image:type\" content=\"image\/jpeg\" \/>\n<meta name=\"twitter:card\" content=\"summary_large_image\" \/>\n<script type=\"application\/ld+json\" class=\"yoast-schema-graph\">{\"@context\":\"https:\/\/schema.org\",\"@graph\":[{\"@type\":\"WebPage\",\"@id\":\"https:\/\/www.trikomaseeds.com\/pt-br\/sementes\/wendy-auto\/\",\"url\":\"https:\/\/www.trikomaseeds.com\/pt-br\/sementes\/wendy-auto\/\",\"name\":\"Wendy Auto - Trikoma Seeds\",\"isPartOf\":{\"@id\":\"https:\/\/www.trikomaseeds.com\/pt-br\/#website\"},\"primaryImageOfPage\":{\"@id\":\"https:\/\/www.trikomaseeds.com\/pt-br\/sementes\/wendy-auto\/#primaryimage\"},\"image\":{\"@id\":\"https:\/\/www.trikomaseeds.com\/pt-br\/sementes\/wendy-auto\/#primaryimage\"},\"thumbnailUrl\":\"https:\/\/www.trikomaseeds.com\/wp-content\/uploads\/2019\/09\/Wendy_Auto_Trikoma_seeds_72-800x800.jpg\",\"datePublished\":\"2019-09-24T12:07:04+00:00\",\"dateModified\":\"2019-10-30T18:33:36+00:00\",\"breadcrumb\":{\"@id\":\"https:\/\/www.trikomaseeds.com\/pt-br\/sementes\/wendy-auto\/#breadcrumb\"},\"inLanguage\":\"pt-BR\",\"potentialAction\":[{\"@type\":\"ReadAction\",\"target\":[\"https:\/\/www.trikomaseeds.com\/pt-br\/sementes\/wendy-auto\/\"]}]},{\"@type\":\"ImageObject\",\"inLanguage\":\"pt-BR\",\"@id\":\"https:\/\/www.trikomaseeds.com\/pt-br\/sementes\/wendy-auto\/#primaryimage\",\"url\":\"https:\/\/www.trikomaseeds.com\/wp-content\/uploads\/2019\/09\/Wendy_Auto_Trikoma_seeds_72-800x800.jpg\",\"contentUrl\":\"https:\/\/www.trikomaseeds.com\/wp-content\/uploads\/2019\/09\/Wendy_Auto_Trikoma_seeds_72-800x800.jpg\",\"width\":800,\"height\":800},{\"@type\":\"BreadcrumbList\",\"@id\":\"https:\/\/www.trikomaseeds.com\/pt-br\/sementes\/wendy-auto\/#breadcrumb\",\"itemListElement\":[{\"@type\":\"ListItem\",\"position\":1,\"name\":\"Portada\",\"item\":\"https:\/\/www.trikomaseeds.com\/pt-br\/\"},{\"@type\":\"ListItem\",\"position\":2,\"name\":\"Shop\",\"item\":\"https:\/\/www.trikomaseeds.com\/pt-br\/shop\/\"},{\"@type\":\"ListItem\",\"position\":3,\"name\":\"Wendy Auto\"}]},{\"@type\":\"WebSite\",\"@id\":\"https:\/\/www.trikomaseeds.com\/pt-br\/#website\",\"url\":\"https:\/\/www.trikomaseeds.com\/pt-br\/\",\"name\":\"Trikoma Seeds\",\"description\":\"Semillas de Marihuana Auto, Feminizadas y medicinales\",\"potentialAction\":[{\"@type\":\"SearchAction\",\"target\":{\"@type\":\"EntryPoint\",\"urlTemplate\":\"https:\/\/www.trikomaseeds.com\/pt-br\/?s={search_term_string}\"},\"query-input\":{\"@type\":\"PropertyValueSpecification\",\"valueRequired\":true,\"valueName\":\"search_term_string\"}}],\"inLanguage\":\"pt-BR\"}]}<\/script>\n<!-- \/ Yoast SEO plugin. -->","yoast_head_json":{"title":"Wendy Auto - Trikoma Seeds","robots":{"index":"index","follow":"follow","max-snippet":"max-snippet:-1","max-image-preview":"max-image-preview:large","max-video-preview":"max-video-preview:-1"},"canonical":"https:\/\/www.trikomaseeds.com\/pt-br\/sementes\/wendy-auto\/","og_locale":"pt_BR","og_type":"article","og_title":"Wendy Auto - Trikoma Seeds","og_description":"Seu nome original \u00e9 \u201cLa traici\u00f3n de Wendy\u201d (a trai\u00e7\u00e3o de Wendy). \u00c9 uma variedade principalmente Haze e uma auto florescente de \u00faltima gera\u00e7\u00e3o, obtida a partir do cruzamento entre a Rudelaris e a Black Widow. O resultado \u00e9 uma incr\u00edvel planta de altura m\u00e9dia e estrutura de ramifica\u00e7\u00e3o que desenvolve uma grande quantidade de flores bem resinosas que t\u00eam um aroma inconfund\u00edvel a Haze. THC:\u00a015%","og_url":"https:\/\/www.trikomaseeds.com\/pt-br\/sementes\/wendy-auto\/","og_site_name":"Trikoma Seeds","article_modified_time":"2019-10-30T18:33:36+00:00","og_image":[{"width":800,"height":800,"url":"https:\/\/www.trikomaseeds.com\/wp-content\/uploads\/2019\/09\/Wendy_Auto_Trikoma_seeds_72-800x800.jpg","type":"image\/jpeg"}],"twitter_card":"summary_large_image","schema":{"@context":"https:\/\/schema.org","@graph":[{"@type":"WebPage","@id":"https:\/\/www.trikomaseeds.com\/pt-br\/sementes\/wendy-auto\/","url":"https:\/\/www.trikomaseeds.com\/pt-br\/sementes\/wendy-auto\/","name":"Wendy Auto - Trikoma Seeds","isPartOf":{"@id":"https:\/\/www.trikomaseeds.com\/pt-br\/#website"},"primaryImageOfPage":{"@id":"https:\/\/www.trikomaseeds.com\/pt-br\/sementes\/wendy-auto\/#primaryimage"},"image":{"@id":"https:\/\/www.trikomaseeds.com\/pt-br\/sementes\/wendy-auto\/#primaryimage"},"thumbnailUrl":"https:\/\/www.trikomaseeds.com\/wp-content\/uploads\/2019\/09\/Wendy_Auto_Trikoma_seeds_72-800x800.jpg","datePublished":"2019-09-24T12:07:04+00:00","dateModified":"2019-10-30T18:33:36+00:00","breadcrumb":{"@id":"https:\/\/www.trikomaseeds.com\/pt-br\/sementes\/wendy-auto\/#breadcrumb"},"inLanguage":"pt-BR","potentialAction":[{"@type":"ReadAction","target":["https:\/\/www.trikomaseeds.com\/pt-br\/sementes\/wendy-auto\/"]}]},{"@type":"ImageObject","inLanguage":"pt-BR","@id":"https:\/\/www.trikomaseeds.com\/pt-br\/sementes\/wendy-auto\/#primaryimage","url":"https:\/\/www.trikomaseeds.com\/wp-content\/uploads\/2019\/09\/Wendy_Auto_Trikoma_seeds_72-800x800.jpg","contentUrl":"https:\/\/www.trikomaseeds.com\/wp-content\/uploads\/2019\/09\/Wendy_Auto_Trikoma_seeds_72-800x800.jpg","width":800,"height":800},{"@type":"BreadcrumbList","@id":"https:\/\/www.trikomaseeds.com\/pt-br\/sementes\/wendy-auto\/#breadcrumb","itemListElement":[{"@type":"ListItem","position":1,"name":"Portada","item":"https:\/\/www.trikomaseeds.com\/pt-br\/"},{"@type":"ListItem","position":2,"name":"Shop","item":"https:\/\/www.trikomaseeds.com\/pt-br\/shop\/"},{"@type":"ListItem","position":3,"name":"Wendy Auto"}]},{"@type":"WebSite","@id":"https:\/\/www.trikomaseeds.com\/pt-br\/#website","url":"https:\/\/www.trikomaseeds.com\/pt-br\/","name":"Trikoma Seeds","description":"Semillas de Marihuana Auto, Feminizadas y medicinales","potentialAction":[{"@type":"SearchAction","target":{"@type":"EntryPoint","urlTemplate":"https:\/\/www.trikomaseeds.com\/pt-br\/?s={search_term_string}"},"query-input":{"@type":"PropertyValueSpecification","valueRequired":true,"valueName":"search_term_string"}}],"inLanguage":"pt-BR"}]}},"_links":{"self":[{"href":"https:\/\/www.trikomaseeds.com\/pt-br\/wp-json\/wp\/v2\/product\/1433","targetHints":{"allow":["GET"]}}],"collection":[{"href":"https:\/\/www.trikomaseeds.com\/pt-br\/wp-json\/wp\/v2\/product"}],"about":[{"href":"https:\/\/www.trikomaseeds.com\/pt-br\/wp-json\/wp\/v2\/types\/product"}],"replies":[{"embeddable":true,"href":"https:\/\/www.trikomaseeds.com\/pt-br\/wp-json\/wp\/v2\/comments?post=1433"}],"wp:featuredmedia":[{"embeddable":true,"href":"https:\/\/www.trikomaseeds.com\/pt-br\/wp-json\/wp\/v2\/media\/569"}],"wp:attachment":[{"href":"https:\/\/www.trikomaseeds.com\/pt-br\/wp-json\/wp\/v2\/media?parent=1433"}],"wp:term":[{"taxonomy":"product_cat","embeddable":true,"href":"https:\/\/www.trikomaseeds.com\/pt-br\/wp-json\/wp\/v2\/product_cat?post=1433"},{"taxonomy":"product_tag","embeddable":true,"href":"https:\/\/www.trikomaseeds.com\/pt-br\/wp-json\/wp\/v2\/product_tag?post=1433"}],"curies":[{"name":"wp","href":"https:\/\/api.w.org\/{rel}","templated":true}]}}