{"id":1391,"date":"2019-09-24T14:34:42","date_gmt":"2019-09-24T12:34:42","guid":{"rendered":"http:\/\/www.trikomaseeds.com\/semillas\/sweet-madness-cbd\/"},"modified":"2024-07-13T02:39:51","modified_gmt":"2024-07-13T00:39:51","slug":"sweet-madness-cbd","status":"publish","type":"product","link":"https:\/\/www.trikomaseeds.com\/pt-br\/sementes\/sweet-madness-cbd\/","title":{"rendered":"Sweet Madness CBD"},"content":{"rendered":"<h3 class=\"dotted_title uppercase\">CARACTERISTICAS<\/h3>\n<ul class=\"check\">\n<li>Genetico: Sweet Madness X CBD<\/li>\n<li>Tipo: Sativa 25% -\/\/- Indica 75%<\/li>\n<li>Produ\u00e7\u00e3o interior: 450 gr.\/m<sup>2<\/sup>\u00a0(Com luz 600W)<\/li>\n<li>Produ\u00e7\u00e3o exterior: 0,6 &#8211; 1 Kg.\/planta<\/li>\n<li>Flora\u00e7\u00e3o interior: 55 &#8211; 60 dias<\/li>\n<li>Flora\u00e7\u00e3o exterior: Setembro<\/li>\n<li>Flora\u00e7\u00e3o Latin America: Mar\u00e7o<\/li>\n<\/ul>\n","protected":false},"excerpt":{"rendered":"<p align=\"justify\">Como seu fen\u00f3tipo feminizado, a vers\u00e3o CBD tem as principais caracter\u00edsticas da sua indica. Planta de tamanho pequeno e muito robusto, com tonalidades de verde claro. Produz flores grossas, na sua vers\u00e3o CBD menos resinosa que a vers\u00e3o feminizada, que mant\u00e9m o seu sabor de frutas do bosque. Com uma propor\u00e7\u00e3o de 1\/1 de CBD \u00e9 altamente recomendada para uso terap\u00eautico<\/p>\n<p><strong>THC:\u00a0<span class=\"destacado\">10%\u00a0<\/span>CBD:\u00a0<span class=\"destacado\">8%<\/span>\u00a0Ratio:\u00a0<span class=\"destacado\">1:1<\/span><\/strong><\/p>\n","protected":false},"featured_media":660,"comment_status":"open","ping_status":"closed","template":"","meta":[],"product_cat":[144],"product_tag":[394],"class_list":{"0":"post-1391","1":"product","2":"type-product","3":"status-publish","4":"has-post-thumbnail","6":"product_cat-medicina-cbd","7":"product_tag-cbd-br-2","9":"first","10":"outofstock","11":"shipping-taxable","12":"purchasable","13":"product-type-variable","14":"has-default-attributes"},"yoast_head":"<!-- This site is optimized with the Yoast SEO plugin v25.6 - https:\/\/yoast.com\/wordpress\/plugins\/seo\/ -->\n<title>Sweet Madness CBD Sementes de maconha de Trikoma Seeds<\/title>\n<meta name=\"description\" content=\"Sweet Madness CBD: sementes de maconha medicinal da Trikoma Seeds. Cultive plantas de cannabis feminizadas, autoflorecentes ou CBD ao melhor pre\u00e7o. Remessas discretas e seguras para o seu pa\u00eds\" \/>\n<meta name=\"robots\" content=\"index, follow, max-snippet:-1, max-image-preview:large, max-video-preview:-1\" \/>\n<link rel=\"canonical\" href=\"https:\/\/www.trikomaseeds.com\/pt-br\/sementes\/sweet-madness-cbd\/\" \/>\n<meta property=\"og:locale\" content=\"pt_BR\" \/>\n<meta property=\"og:type\" content=\"article\" \/>\n<meta property=\"og:title\" content=\"Sweet Madness CBD Sementes de maconha de Trikoma Seeds\" \/>\n<meta property=\"og:description\" content=\"Sweet Madness CBD: sementes de maconha medicinal da Trikoma Seeds. Cultive plantas de cannabis feminizadas, autoflorecentes ou CBD ao melhor pre\u00e7o. Remessas discretas e seguras para o seu pa\u00eds\" \/>\n<meta property=\"og:url\" content=\"https:\/\/www.trikomaseeds.com\/pt-br\/sementes\/sweet-madness-cbd\/\" \/>\n<meta property=\"og:site_name\" content=\"Trikoma Seeds\" \/>\n<meta property=\"article:modified_time\" content=\"2024-07-13T00:39:51+00:00\" \/>\n<meta property=\"og:image\" content=\"https:\/\/www.trikomaseeds.com\/wp-content\/uploads\/2019\/09\/SweetMadness_Trikoma_seeds_72-800x800-1.jpg\" \/>\n\t<meta property=\"og:image:width\" content=\"800\" \/>\n\t<meta property=\"og:image:height\" content=\"800\" \/>\n\t<meta property=\"og:image:type\" content=\"image\/jpeg\" \/>\n<meta name=\"twitter:card\" content=\"summary_large_image\" \/>\n<script type=\"application\/ld+json\" class=\"yoast-schema-graph\">{\"@context\":\"https:\/\/schema.org\",\"@graph\":[{\"@type\":\"WebPage\",\"@id\":\"https:\/\/www.trikomaseeds.com\/pt-br\/sementes\/sweet-madness-cbd\/\",\"url\":\"https:\/\/www.trikomaseeds.com\/pt-br\/sementes\/sweet-madness-cbd\/\",\"name\":\"Sweet Madness CBD Sementes de maconha de Trikoma Seeds\",\"isPartOf\":{\"@id\":\"https:\/\/www.trikomaseeds.com\/pt-br\/#website\"},\"primaryImageOfPage\":{\"@id\":\"https:\/\/www.trikomaseeds.com\/pt-br\/sementes\/sweet-madness-cbd\/#primaryimage\"},\"image\":{\"@id\":\"https:\/\/www.trikomaseeds.com\/pt-br\/sementes\/sweet-madness-cbd\/#primaryimage\"},\"thumbnailUrl\":\"https:\/\/www.trikomaseeds.com\/wp-content\/uploads\/2019\/09\/SweetMadness_Trikoma_seeds_72-800x800-1.jpg\",\"datePublished\":\"2019-09-24T12:34:42+00:00\",\"dateModified\":\"2024-07-13T00:39:51+00:00\",\"description\":\"Sweet Madness CBD: sementes de maconha medicinal da Trikoma Seeds. Cultive plantas de cannabis feminizadas, autoflorecentes ou CBD ao melhor pre\u00e7o. Remessas discretas e seguras para o seu pa\u00eds\",\"breadcrumb\":{\"@id\":\"https:\/\/www.trikomaseeds.com\/pt-br\/sementes\/sweet-madness-cbd\/#breadcrumb\"},\"inLanguage\":\"pt-BR\",\"potentialAction\":[{\"@type\":\"ReadAction\",\"target\":[\"https:\/\/www.trikomaseeds.com\/pt-br\/sementes\/sweet-madness-cbd\/\"]}]},{\"@type\":\"ImageObject\",\"inLanguage\":\"pt-BR\",\"@id\":\"https:\/\/www.trikomaseeds.com\/pt-br\/sementes\/sweet-madness-cbd\/#primaryimage\",\"url\":\"https:\/\/www.trikomaseeds.com\/wp-content\/uploads\/2019\/09\/SweetMadness_Trikoma_seeds_72-800x800-1.jpg\",\"contentUrl\":\"https:\/\/www.trikomaseeds.com\/wp-content\/uploads\/2019\/09\/SweetMadness_Trikoma_seeds_72-800x800-1.jpg\",\"width\":800,\"height\":800,\"caption\":\"Sweet Madness CBD\"},{\"@type\":\"BreadcrumbList\",\"@id\":\"https:\/\/www.trikomaseeds.com\/pt-br\/sementes\/sweet-madness-cbd\/#breadcrumb\",\"itemListElement\":[{\"@type\":\"ListItem\",\"position\":1,\"name\":\"Portada\",\"item\":\"https:\/\/www.trikomaseeds.com\/pt-br\/\"},{\"@type\":\"ListItem\",\"position\":2,\"name\":\"Shop\",\"item\":\"https:\/\/www.trikomaseeds.com\/pt-br\/shop\/\"},{\"@type\":\"ListItem\",\"position\":3,\"name\":\"Sweet Madness CBD\"}]},{\"@type\":\"WebSite\",\"@id\":\"https:\/\/www.trikomaseeds.com\/pt-br\/#website\",\"url\":\"https:\/\/www.trikomaseeds.com\/pt-br\/\",\"name\":\"Trikoma Seeds\",\"description\":\"Semillas de Marihuana Auto, Feminizadas y medicinales\",\"potentialAction\":[{\"@type\":\"SearchAction\",\"target\":{\"@type\":\"EntryPoint\",\"urlTemplate\":\"https:\/\/www.trikomaseeds.com\/pt-br\/?s={search_term_string}\"},\"query-input\":{\"@type\":\"PropertyValueSpecification\",\"valueRequired\":true,\"valueName\":\"search_term_string\"}}],\"inLanguage\":\"pt-BR\"}]}<\/script>\n<!-- \/ Yoast SEO plugin. -->","yoast_head_json":{"title":"Sweet Madness CBD Sementes de maconha de Trikoma Seeds","description":"Sweet Madness CBD: sementes de maconha medicinal da Trikoma Seeds. Cultive plantas de cannabis feminizadas, autoflorecentes ou CBD ao melhor pre\u00e7o. Remessas discretas e seguras para o seu pa\u00eds","robots":{"index":"index","follow":"follow","max-snippet":"max-snippet:-1","max-image-preview":"max-image-preview:large","max-video-preview":"max-video-preview:-1"},"canonical":"https:\/\/www.trikomaseeds.com\/pt-br\/sementes\/sweet-madness-cbd\/","og_locale":"pt_BR","og_type":"article","og_title":"Sweet Madness CBD Sementes de maconha de Trikoma Seeds","og_description":"Sweet Madness CBD: sementes de maconha medicinal da Trikoma Seeds. Cultive plantas de cannabis feminizadas, autoflorecentes ou CBD ao melhor pre\u00e7o. Remessas discretas e seguras para o seu pa\u00eds","og_url":"https:\/\/www.trikomaseeds.com\/pt-br\/sementes\/sweet-madness-cbd\/","og_site_name":"Trikoma Seeds","article_modified_time":"2024-07-13T00:39:51+00:00","og_image":[{"width":800,"height":800,"url":"https:\/\/www.trikomaseeds.com\/wp-content\/uploads\/2019\/09\/SweetMadness_Trikoma_seeds_72-800x800-1.jpg","type":"image\/jpeg"}],"twitter_card":"summary_large_image","schema":{"@context":"https:\/\/schema.org","@graph":[{"@type":"WebPage","@id":"https:\/\/www.trikomaseeds.com\/pt-br\/sementes\/sweet-madness-cbd\/","url":"https:\/\/www.trikomaseeds.com\/pt-br\/sementes\/sweet-madness-cbd\/","name":"Sweet Madness CBD Sementes de maconha de Trikoma Seeds","isPartOf":{"@id":"https:\/\/www.trikomaseeds.com\/pt-br\/#website"},"primaryImageOfPage":{"@id":"https:\/\/www.trikomaseeds.com\/pt-br\/sementes\/sweet-madness-cbd\/#primaryimage"},"image":{"@id":"https:\/\/www.trikomaseeds.com\/pt-br\/sementes\/sweet-madness-cbd\/#primaryimage"},"thumbnailUrl":"https:\/\/www.trikomaseeds.com\/wp-content\/uploads\/2019\/09\/SweetMadness_Trikoma_seeds_72-800x800-1.jpg","datePublished":"2019-09-24T12:34:42+00:00","dateModified":"2024-07-13T00:39:51+00:00","description":"Sweet Madness CBD: sementes de maconha medicinal da Trikoma Seeds. Cultive plantas de cannabis feminizadas, autoflorecentes ou CBD ao melhor pre\u00e7o. Remessas discretas e seguras para o seu pa\u00eds","breadcrumb":{"@id":"https:\/\/www.trikomaseeds.com\/pt-br\/sementes\/sweet-madness-cbd\/#breadcrumb"},"inLanguage":"pt-BR","potentialAction":[{"@type":"ReadAction","target":["https:\/\/www.trikomaseeds.com\/pt-br\/sementes\/sweet-madness-cbd\/"]}]},{"@type":"ImageObject","inLanguage":"pt-BR","@id":"https:\/\/www.trikomaseeds.com\/pt-br\/sementes\/sweet-madness-cbd\/#primaryimage","url":"https:\/\/www.trikomaseeds.com\/wp-content\/uploads\/2019\/09\/SweetMadness_Trikoma_seeds_72-800x800-1.jpg","contentUrl":"https:\/\/www.trikomaseeds.com\/wp-content\/uploads\/2019\/09\/SweetMadness_Trikoma_seeds_72-800x800-1.jpg","width":800,"height":800,"caption":"Sweet Madness CBD"},{"@type":"BreadcrumbList","@id":"https:\/\/www.trikomaseeds.com\/pt-br\/sementes\/sweet-madness-cbd\/#breadcrumb","itemListElement":[{"@type":"ListItem","position":1,"name":"Portada","item":"https:\/\/www.trikomaseeds.com\/pt-br\/"},{"@type":"ListItem","position":2,"name":"Shop","item":"https:\/\/www.trikomaseeds.com\/pt-br\/shop\/"},{"@type":"ListItem","position":3,"name":"Sweet Madness CBD"}]},{"@type":"WebSite","@id":"https:\/\/www.trikomaseeds.com\/pt-br\/#website","url":"https:\/\/www.trikomaseeds.com\/pt-br\/","name":"Trikoma Seeds","description":"Semillas de Marihuana Auto, Feminizadas y medicinales","potentialAction":[{"@type":"SearchAction","target":{"@type":"EntryPoint","urlTemplate":"https:\/\/www.trikomaseeds.com\/pt-br\/?s={search_term_string}"},"query-input":{"@type":"PropertyValueSpecification","valueRequired":true,"valueName":"search_term_string"}}],"inLanguage":"pt-BR"}]}},"_links":{"self":[{"href":"https:\/\/www.trikomaseeds.com\/pt-br\/wp-json\/wp\/v2\/product\/1391","targetHints":{"allow":["GET"]}}],"collection":[{"href":"https:\/\/www.trikomaseeds.com\/pt-br\/wp-json\/wp\/v2\/product"}],"about":[{"href":"https:\/\/www.trikomaseeds.com\/pt-br\/wp-json\/wp\/v2\/types\/product"}],"replies":[{"embeddable":true,"href":"https:\/\/www.trikomaseeds.com\/pt-br\/wp-json\/wp\/v2\/comments?post=1391"}],"wp:featuredmedia":[{"embeddable":true,"href":"https:\/\/www.trikomaseeds.com\/pt-br\/wp-json\/wp\/v2\/media\/660"}],"wp:attachment":[{"href":"https:\/\/www.trikomaseeds.com\/pt-br\/wp-json\/wp\/v2\/media?parent=1391"}],"wp:term":[{"taxonomy":"product_cat","embeddable":true,"href":"https:\/\/www.trikomaseeds.com\/pt-br\/wp-json\/wp\/v2\/product_cat?post=1391"},{"taxonomy":"product_tag","embeddable":true,"href":"https:\/\/www.trikomaseeds.com\/pt-br\/wp-json\/wp\/v2\/product_tag?post=1391"}],"curies":[{"name":"wp","href":"https:\/\/api.w.org\/{rel}","templated":true}]}}