{"id":1328,"date":"2019-09-24T14:27:28","date_gmt":"2019-09-24T12:27:28","guid":{"rendered":"http:\/\/www.trikomaseeds.com\/semillas\/super-cheese\/"},"modified":"2024-09-18T11:47:59","modified_gmt":"2024-09-18T09:47:59","slug":"total-cheese-aka-super-cheese","status":"publish","type":"product","link":"https:\/\/www.trikomaseeds.com\/pt-br\/sementes\/total-cheese-aka-super-cheese\/","title":{"rendered":"Total Cheese (aka Super Cheese)"},"content":{"rendered":"<h3 class=\"dotted_title uppercase\">CARACTERISTICAS<\/h3>\n<ul class=\"check\">\n<li>Genetico: Skunk x Critical Bilbo x Wembley<\/li>\n<li>Tipo: Sativa 10% -\/\/- Indica 90%<\/li>\n<li>Produ\u00e7\u00e3o interior: 550 gr.\/m<sup>2<\/sup>\u00a0(Com luz 600W)<\/li>\n<li>Produ\u00e7\u00e3o exterior: 1 &#8211; 2 Kg.\/planta<\/li>\n<li>Flora\u00e7\u00e3o interior: 49 &#8211; 56 dias<\/li>\n<li>Flora\u00e7\u00e3o exterior: 4\/4 Setembro<\/li>\n<li>Flora\u00e7\u00e3o Latin America: 4\/4 Mar\u00e7o<\/li>\n<\/ul>\n","protected":false},"excerpt":{"rendered":"<p>Total Cheese (aka Super Cheese) da Trikoma Seeds \u00e9 uma variedade feminizada que vem de uma mistura das plantas Skunk mais saborosas. Deriva da linhagem Cheese de Skunk#1, o que lhe confere um sabor especial de queijo envelhecido misturado com notas doces. Super Cheese \u00e9 um h\u00edbrido muito \u00edndico com efeitos relaxantes e de bem-estar que podem ser \u00fateis para combater a ins\u00f4nia ou aliviar dores.<\/p>\n<p>Total Cheese (aka Super Cheese) \u00e9 f\u00e1cil de cultivar tanto em indoor quanto em outdoor e sempre proporciona uma boa produ\u00e7\u00e3o. Isso a torna ideal para iniciantes.<\/p>\n<p><strong>THC: 17%<\/strong><\/p>\n","protected":false},"featured_media":639,"comment_status":"open","ping_status":"closed","template":"","meta":[],"product_cat":[114],"product_tag":[],"class_list":{"0":"post-1328","1":"product","2":"type-product","3":"status-publish","4":"has-post-thumbnail","6":"product_cat-feminizadas-pt-br","8":"first","9":"instock","10":"shipping-taxable","11":"purchasable","12":"product-type-variable","13":"has-default-attributes"},"yoast_head":"<!-- This site is optimized with the Yoast SEO plugin v25.6 - https:\/\/yoast.com\/wordpress\/plugins\/seo\/ -->\n<title>Total Cheese (aka Super Cheese): Sementes de maconha de Trikoma Seeds<\/title>\n<meta name=\"description\" content=\"Total Cheese (aka Super Cheese): sementes de maconha de Trikoma Seeds. Cultive plantas de cannabis feminizadas, autoflorescentes ou CBD ao melhor pre\u00e7o. Remessas discretas e seguras para o seu pa\u00eds\" \/>\n<meta name=\"robots\" content=\"index, follow, max-snippet:-1, max-image-preview:large, max-video-preview:-1\" \/>\n<link rel=\"canonical\" href=\"https:\/\/www.trikomaseeds.com\/pt-br\/sementes\/total-cheese-aka-super-cheese\/\" \/>\n<meta property=\"og:locale\" content=\"pt_BR\" \/>\n<meta property=\"og:type\" content=\"article\" \/>\n<meta property=\"og:title\" content=\"Total Cheese (aka Super Cheese): Sementes de maconha de Trikoma Seeds\" \/>\n<meta property=\"og:description\" content=\"Total Cheese (aka Super Cheese): sementes de maconha de Trikoma Seeds. Cultive plantas de cannabis feminizadas, autoflorescentes ou CBD ao melhor pre\u00e7o. Remessas discretas e seguras para o seu pa\u00eds\" \/>\n<meta property=\"og:url\" content=\"https:\/\/www.trikomaseeds.com\/pt-br\/sementes\/total-cheese-aka-super-cheese\/\" \/>\n<meta property=\"og:site_name\" content=\"Trikoma Seeds\" \/>\n<meta property=\"article:modified_time\" content=\"2024-09-18T09:47:59+00:00\" \/>\n<meta property=\"og:image\" content=\"https:\/\/www.trikomaseeds.com\/wp-content\/uploads\/2019\/09\/Supercheese_Trikoma_seeds_72-800x800.jpg\" \/>\n\t<meta property=\"og:image:width\" content=\"800\" \/>\n\t<meta property=\"og:image:height\" content=\"800\" \/>\n\t<meta property=\"og:image:type\" content=\"image\/jpeg\" \/>\n<meta name=\"twitter:card\" content=\"summary_large_image\" \/>\n<script type=\"application\/ld+json\" class=\"yoast-schema-graph\">{\"@context\":\"https:\/\/schema.org\",\"@graph\":[{\"@type\":\"WebPage\",\"@id\":\"https:\/\/www.trikomaseeds.com\/pt-br\/sementes\/total-cheese-aka-super-cheese\/\",\"url\":\"https:\/\/www.trikomaseeds.com\/pt-br\/sementes\/total-cheese-aka-super-cheese\/\",\"name\":\"Total Cheese (aka Super Cheese): Sementes de maconha de Trikoma Seeds\",\"isPartOf\":{\"@id\":\"https:\/\/www.trikomaseeds.com\/pt-br\/#website\"},\"primaryImageOfPage\":{\"@id\":\"https:\/\/www.trikomaseeds.com\/pt-br\/sementes\/total-cheese-aka-super-cheese\/#primaryimage\"},\"image\":{\"@id\":\"https:\/\/www.trikomaseeds.com\/pt-br\/sementes\/total-cheese-aka-super-cheese\/#primaryimage\"},\"thumbnailUrl\":\"https:\/\/www.trikomaseeds.com\/wp-content\/uploads\/2019\/09\/Supercheese_Trikoma_seeds_72-800x800.jpg\",\"datePublished\":\"2019-09-24T12:27:28+00:00\",\"dateModified\":\"2024-09-18T09:47:59+00:00\",\"description\":\"Total Cheese (aka Super Cheese): sementes de maconha de Trikoma Seeds. Cultive plantas de cannabis feminizadas, autoflorescentes ou CBD ao melhor pre\u00e7o. Remessas discretas e seguras para o seu pa\u00eds\",\"breadcrumb\":{\"@id\":\"https:\/\/www.trikomaseeds.com\/pt-br\/sementes\/total-cheese-aka-super-cheese\/#breadcrumb\"},\"inLanguage\":\"pt-BR\",\"potentialAction\":[{\"@type\":\"ReadAction\",\"target\":[\"https:\/\/www.trikomaseeds.com\/pt-br\/sementes\/total-cheese-aka-super-cheese\/\"]}]},{\"@type\":\"ImageObject\",\"inLanguage\":\"pt-BR\",\"@id\":\"https:\/\/www.trikomaseeds.com\/pt-br\/sementes\/total-cheese-aka-super-cheese\/#primaryimage\",\"url\":\"https:\/\/www.trikomaseeds.com\/wp-content\/uploads\/2019\/09\/Supercheese_Trikoma_seeds_72-800x800.jpg\",\"contentUrl\":\"https:\/\/www.trikomaseeds.com\/wp-content\/uploads\/2019\/09\/Supercheese_Trikoma_seeds_72-800x800.jpg\",\"width\":800,\"height\":800},{\"@type\":\"BreadcrumbList\",\"@id\":\"https:\/\/www.trikomaseeds.com\/pt-br\/sementes\/total-cheese-aka-super-cheese\/#breadcrumb\",\"itemListElement\":[{\"@type\":\"ListItem\",\"position\":1,\"name\":\"Portada\",\"item\":\"https:\/\/www.trikomaseeds.com\/pt-br\/\"},{\"@type\":\"ListItem\",\"position\":2,\"name\":\"Shop\",\"item\":\"https:\/\/www.trikomaseeds.com\/pt-br\/shop\/\"},{\"@type\":\"ListItem\",\"position\":3,\"name\":\"Total Cheese (aka Super Cheese)\"}]},{\"@type\":\"WebSite\",\"@id\":\"https:\/\/www.trikomaseeds.com\/pt-br\/#website\",\"url\":\"https:\/\/www.trikomaseeds.com\/pt-br\/\",\"name\":\"Trikoma Seeds\",\"description\":\"Semillas de Marihuana Auto, Feminizadas y medicinales\",\"potentialAction\":[{\"@type\":\"SearchAction\",\"target\":{\"@type\":\"EntryPoint\",\"urlTemplate\":\"https:\/\/www.trikomaseeds.com\/pt-br\/?s={search_term_string}\"},\"query-input\":{\"@type\":\"PropertyValueSpecification\",\"valueRequired\":true,\"valueName\":\"search_term_string\"}}],\"inLanguage\":\"pt-BR\"}]}<\/script>\n<!-- \/ Yoast SEO plugin. -->","yoast_head_json":{"title":"Total Cheese (aka Super Cheese): Sementes de maconha de Trikoma Seeds","description":"Total Cheese (aka Super Cheese): sementes de maconha de Trikoma Seeds. Cultive plantas de cannabis feminizadas, autoflorescentes ou CBD ao melhor pre\u00e7o. Remessas discretas e seguras para o seu pa\u00eds","robots":{"index":"index","follow":"follow","max-snippet":"max-snippet:-1","max-image-preview":"max-image-preview:large","max-video-preview":"max-video-preview:-1"},"canonical":"https:\/\/www.trikomaseeds.com\/pt-br\/sementes\/total-cheese-aka-super-cheese\/","og_locale":"pt_BR","og_type":"article","og_title":"Total Cheese (aka Super Cheese): Sementes de maconha de Trikoma Seeds","og_description":"Total Cheese (aka Super Cheese): sementes de maconha de Trikoma Seeds. Cultive plantas de cannabis feminizadas, autoflorescentes ou CBD ao melhor pre\u00e7o. Remessas discretas e seguras para o seu pa\u00eds","og_url":"https:\/\/www.trikomaseeds.com\/pt-br\/sementes\/total-cheese-aka-super-cheese\/","og_site_name":"Trikoma Seeds","article_modified_time":"2024-09-18T09:47:59+00:00","og_image":[{"width":800,"height":800,"url":"https:\/\/www.trikomaseeds.com\/wp-content\/uploads\/2019\/09\/Supercheese_Trikoma_seeds_72-800x800.jpg","type":"image\/jpeg"}],"twitter_card":"summary_large_image","schema":{"@context":"https:\/\/schema.org","@graph":[{"@type":"WebPage","@id":"https:\/\/www.trikomaseeds.com\/pt-br\/sementes\/total-cheese-aka-super-cheese\/","url":"https:\/\/www.trikomaseeds.com\/pt-br\/sementes\/total-cheese-aka-super-cheese\/","name":"Total Cheese (aka Super Cheese): Sementes de maconha de Trikoma Seeds","isPartOf":{"@id":"https:\/\/www.trikomaseeds.com\/pt-br\/#website"},"primaryImageOfPage":{"@id":"https:\/\/www.trikomaseeds.com\/pt-br\/sementes\/total-cheese-aka-super-cheese\/#primaryimage"},"image":{"@id":"https:\/\/www.trikomaseeds.com\/pt-br\/sementes\/total-cheese-aka-super-cheese\/#primaryimage"},"thumbnailUrl":"https:\/\/www.trikomaseeds.com\/wp-content\/uploads\/2019\/09\/Supercheese_Trikoma_seeds_72-800x800.jpg","datePublished":"2019-09-24T12:27:28+00:00","dateModified":"2024-09-18T09:47:59+00:00","description":"Total Cheese (aka Super Cheese): sementes de maconha de Trikoma Seeds. Cultive plantas de cannabis feminizadas, autoflorescentes ou CBD ao melhor pre\u00e7o. Remessas discretas e seguras para o seu pa\u00eds","breadcrumb":{"@id":"https:\/\/www.trikomaseeds.com\/pt-br\/sementes\/total-cheese-aka-super-cheese\/#breadcrumb"},"inLanguage":"pt-BR","potentialAction":[{"@type":"ReadAction","target":["https:\/\/www.trikomaseeds.com\/pt-br\/sementes\/total-cheese-aka-super-cheese\/"]}]},{"@type":"ImageObject","inLanguage":"pt-BR","@id":"https:\/\/www.trikomaseeds.com\/pt-br\/sementes\/total-cheese-aka-super-cheese\/#primaryimage","url":"https:\/\/www.trikomaseeds.com\/wp-content\/uploads\/2019\/09\/Supercheese_Trikoma_seeds_72-800x800.jpg","contentUrl":"https:\/\/www.trikomaseeds.com\/wp-content\/uploads\/2019\/09\/Supercheese_Trikoma_seeds_72-800x800.jpg","width":800,"height":800},{"@type":"BreadcrumbList","@id":"https:\/\/www.trikomaseeds.com\/pt-br\/sementes\/total-cheese-aka-super-cheese\/#breadcrumb","itemListElement":[{"@type":"ListItem","position":1,"name":"Portada","item":"https:\/\/www.trikomaseeds.com\/pt-br\/"},{"@type":"ListItem","position":2,"name":"Shop","item":"https:\/\/www.trikomaseeds.com\/pt-br\/shop\/"},{"@type":"ListItem","position":3,"name":"Total Cheese (aka Super Cheese)"}]},{"@type":"WebSite","@id":"https:\/\/www.trikomaseeds.com\/pt-br\/#website","url":"https:\/\/www.trikomaseeds.com\/pt-br\/","name":"Trikoma Seeds","description":"Semillas de Marihuana Auto, Feminizadas y medicinales","potentialAction":[{"@type":"SearchAction","target":{"@type":"EntryPoint","urlTemplate":"https:\/\/www.trikomaseeds.com\/pt-br\/?s={search_term_string}"},"query-input":{"@type":"PropertyValueSpecification","valueRequired":true,"valueName":"search_term_string"}}],"inLanguage":"pt-BR"}]}},"_links":{"self":[{"href":"https:\/\/www.trikomaseeds.com\/pt-br\/wp-json\/wp\/v2\/product\/1328","targetHints":{"allow":["GET"]}}],"collection":[{"href":"https:\/\/www.trikomaseeds.com\/pt-br\/wp-json\/wp\/v2\/product"}],"about":[{"href":"https:\/\/www.trikomaseeds.com\/pt-br\/wp-json\/wp\/v2\/types\/product"}],"replies":[{"embeddable":true,"href":"https:\/\/www.trikomaseeds.com\/pt-br\/wp-json\/wp\/v2\/comments?post=1328"}],"wp:featuredmedia":[{"embeddable":true,"href":"https:\/\/www.trikomaseeds.com\/pt-br\/wp-json\/wp\/v2\/media\/639"}],"wp:attachment":[{"href":"https:\/\/www.trikomaseeds.com\/pt-br\/wp-json\/wp\/v2\/media?parent=1328"}],"wp:term":[{"taxonomy":"product_cat","embeddable":true,"href":"https:\/\/www.trikomaseeds.com\/pt-br\/wp-json\/wp\/v2\/product_cat?post=1328"},{"taxonomy":"product_tag","embeddable":true,"href":"https:\/\/www.trikomaseeds.com\/pt-br\/wp-json\/wp\/v2\/product_tag?post=1328"}],"curies":[{"name":"wp","href":"https:\/\/api.w.org\/{rel}","templated":true}]}}