{"id":12440,"date":"2025-04-24T13:29:53","date_gmt":"2025-04-24T11:29:53","guid":{"rendered":"https:\/\/www.trikomaseeds.com\/semillas\/black-domina-fast-version\/"},"modified":"2025-06-21T15:11:59","modified_gmt":"2025-06-21T13:11:59","slug":"black-domina-fast-version","status":"publish","type":"product","link":"https:\/\/www.trikomaseeds.com\/pt-br\/sementes\/black-domina-fast-version\/","title":{"rendered":"Black Domina Fast \u2013 Indica Pura com Flora\u00e7\u00e3o R\u00e1pida e Potente"},"content":{"rendered":"<p data-start=\"6057\" data-end=\"6258\"><strong data-start=\"6125\" data-end=\"6146\">Black Domina Fast<\/strong> \u00e9 a vers\u00e3o r\u00e1pida da famosa Black Domina. Trata-se de uma variedade de cannabis com <strong data-start=\"6231\" data-end=\"6257\">90% de gen\u00e9tica indica<\/strong>.<\/p>\n<p data-start=\"6260\" data-end=\"6503\">Essa cepa \u00e9 conhecida por sua <strong data-start=\"6290\" data-end=\"6308\">flora\u00e7\u00e3o veloz<\/strong> e seus <strong data-start=\"6316\" data-end=\"6352\">efeitos profundamente relaxantes<\/strong>. Este h\u00edbrido F1 produz flores rapidamente, mantendo <strong data-start=\"6406\" data-end=\"6429\">altos n\u00edveis de THC<\/strong> e <strong data-start=\"6432\" data-end=\"6450\">resina espessa<\/strong>, t\u00edpicos das variedades fotoperi\u00f3dicas tradicionais.<\/p>\n<p data-start=\"6505\" data-end=\"6889\">\ud83d\udd25 <strong data-start=\"6508\" data-end=\"6527\">Flora\u00e7\u00e3o r\u00e1pida<\/strong> \u2013 pronta <strong data-start=\"6537\" data-end=\"6557\">uma semana antes<\/strong>, em apenas <strong data-start=\"6569\" data-end=\"6583\">45\u201350 dias<\/strong><br data-start=\"6583\" data-end=\"6586\" \/>\ud83c\udf31 <strong data-start=\"6589\" data-end=\"6613\">Sementes vers\u00e3o Fast<\/strong> \u2013 sementes de maconha feminizadas de seedbanks de elite<br data-start=\"6669\" data-end=\"6672\" \/>\ud83d\udcaa <strong data-start=\"6675\" data-end=\"6697\">Alta produtividade<\/strong> em cultivo indoor e outdoor, ideal para todos os climas<br data-start=\"6753\" data-end=\"6756\" \/>\ud83d\ude0c <strong data-start=\"6759\" data-end=\"6778\">Efeito corporal<\/strong> \u2013 relaxamento profundo, ideal para uso noturno<br data-start=\"6825\" data-end=\"6828\" \/>\ud83c\udf3f <strong data-start=\"6831\" data-end=\"6848\">Aroma intenso<\/strong> \u2013 terroso, picante e com toque de haxixe<\/p>\n<p data-start=\"6891\" data-end=\"7056\"><strong data-start=\"6891\" data-end=\"6912\">Black Domina Fast<\/strong> tem ciclo curto de crescimento e floresce rapidamente. Perfeita para quem deseja <strong data-start=\"6994\" data-end=\"7036\">sementes de cannabis de alta qualidade<\/strong> sem longas esperas.<\/p>\n<p data-start=\"7058\" data-end=\"7192\">Este h\u00edbrido F1 <strong data-start=\"7074\" data-end=\"7099\">n\u00e3o \u00e9 autoflorescente<\/strong> \u2014 precisa de <strong data-start=\"7113\" data-end=\"7140\">ciclo de luz controlado<\/strong>, mas oferece <strong data-start=\"7154\" data-end=\"7166\">alto THC<\/strong> e <strong data-start=\"7169\" data-end=\"7191\">excelente colheita<\/strong>.<\/p>\n<p data-start=\"7194\" data-end=\"7302\">Seja em tenda indoor ou ao ar livre, essas <strong data-start=\"7237\" data-end=\"7262\">sementes Fast version<\/strong> entregam <strong data-start=\"7272\" data-end=\"7301\">colheita r\u00e1pida e potente<\/strong>.<\/p>\n<p data-start=\"7304\" data-end=\"7404\"><strong data-start=\"7304\" data-end=\"7332\">Compre Black Domina Fast<\/strong> e viva <strong data-start=\"7340\" data-end=\"7403\">a experi\u00eancia de uma indica poderosa com flora\u00e7\u00e3o acelerada<\/strong>.<\/p>\n","protected":false},"excerpt":{"rendered":"<p><strong>A Black Domina Fast<\/strong> \u00e9 uma variedade quase pura de Indica que oferece relaxamento profundo e flora\u00e7\u00e3o r\u00e1pida, ideal para cultivadores exigentes.<\/p>\n","protected":false},"featured_media":12578,"comment_status":"open","ping_status":"closed","template":"","meta":[],"product_cat":[481],"product_tag":[],"class_list":{"0":"post-12440","1":"product","2":"type-product","3":"status-publish","4":"has-post-thumbnail","6":"product_cat-fast-versions-pt-br","8":"first","9":"instock","10":"shipping-taxable","11":"purchasable","12":"product-type-variable","13":"has-default-attributes"},"yoast_head":"<!-- This site is optimized with the Yoast SEO plugin v25.6 - https:\/\/yoast.com\/wordpress\/plugins\/seo\/ -->\n<title>Black Domina Fast \u2013 Indica Pura com Flora\u00e7\u00e3o R\u00e1pida e Potente - Trikoma Seeds<\/title>\n<meta name=\"description\" content=\"A Black Domina Fast \u00e9 uma variedade \u00edndica quase pura que oferece um relaxamento profundo e uma flora\u00e7\u00e3o r\u00e1pida, ideal para cultivadores exigentes.\" \/>\n<meta name=\"robots\" content=\"index, follow, max-snippet:-1, max-image-preview:large, max-video-preview:-1\" \/>\n<link rel=\"canonical\" href=\"https:\/\/www.trikomaseeds.com\/pt-br\/sementes\/black-domina-fast-version\/\" \/>\n<meta property=\"og:locale\" content=\"pt_BR\" \/>\n<meta property=\"og:type\" content=\"article\" \/>\n<meta property=\"og:title\" content=\"Black Domina Fast \u2013 Indica Pura com Flora\u00e7\u00e3o R\u00e1pida e Potente - Trikoma Seeds\" \/>\n<meta property=\"og:description\" content=\"A Black Domina Fast \u00e9 uma variedade \u00edndica quase pura que oferece um relaxamento profundo e uma flora\u00e7\u00e3o r\u00e1pida, ideal para cultivadores exigentes.\" \/>\n<meta property=\"og:url\" content=\"https:\/\/www.trikomaseeds.com\/pt-br\/sementes\/black-domina-fast-version\/\" \/>\n<meta property=\"og:site_name\" content=\"Trikoma Seeds\" \/>\n<meta property=\"article:modified_time\" content=\"2025-06-21T13:11:59+00:00\" \/>\n<meta property=\"og:image\" content=\"https:\/\/www.trikomaseeds.com\/wp-content\/uploads\/2025\/04\/black-domina-fast.jpg\" \/>\n\t<meta property=\"og:image:width\" content=\"800\" \/>\n\t<meta property=\"og:image:height\" content=\"800\" \/>\n\t<meta property=\"og:image:type\" content=\"image\/jpeg\" \/>\n<meta name=\"twitter:card\" content=\"summary_large_image\" \/>\n<meta name=\"twitter:label1\" content=\"Est. tempo de leitura\" \/>\n\t<meta name=\"twitter:data1\" content=\"2 minutos\" \/>\n<script type=\"application\/ld+json\" class=\"yoast-schema-graph\">{\"@context\":\"https:\/\/schema.org\",\"@graph\":[{\"@type\":\"WebPage\",\"@id\":\"https:\/\/www.trikomaseeds.com\/pt-br\/sementes\/black-domina-fast-version\/\",\"url\":\"https:\/\/www.trikomaseeds.com\/pt-br\/sementes\/black-domina-fast-version\/\",\"name\":\"Black Domina Fast \u2013 Indica Pura com Flora\u00e7\u00e3o R\u00e1pida e Potente - Trikoma Seeds\",\"isPartOf\":{\"@id\":\"https:\/\/www.trikomaseeds.com\/pt-br\/#website\"},\"primaryImageOfPage\":{\"@id\":\"https:\/\/www.trikomaseeds.com\/pt-br\/sementes\/black-domina-fast-version\/#primaryimage\"},\"image\":{\"@id\":\"https:\/\/www.trikomaseeds.com\/pt-br\/sementes\/black-domina-fast-version\/#primaryimage\"},\"thumbnailUrl\":\"https:\/\/www.trikomaseeds.com\/wp-content\/uploads\/2025\/04\/black-domina-fast.jpg\",\"datePublished\":\"2025-04-24T11:29:53+00:00\",\"dateModified\":\"2025-06-21T13:11:59+00:00\",\"description\":\"A Black Domina Fast \u00e9 uma variedade \u00edndica quase pura que oferece um relaxamento profundo e uma flora\u00e7\u00e3o r\u00e1pida, ideal para cultivadores exigentes.\",\"breadcrumb\":{\"@id\":\"https:\/\/www.trikomaseeds.com\/pt-br\/sementes\/black-domina-fast-version\/#breadcrumb\"},\"inLanguage\":\"pt-BR\",\"potentialAction\":[{\"@type\":\"ReadAction\",\"target\":[\"https:\/\/www.trikomaseeds.com\/pt-br\/sementes\/black-domina-fast-version\/\"]}]},{\"@type\":\"ImageObject\",\"inLanguage\":\"pt-BR\",\"@id\":\"https:\/\/www.trikomaseeds.com\/pt-br\/sementes\/black-domina-fast-version\/#primaryimage\",\"url\":\"https:\/\/www.trikomaseeds.com\/wp-content\/uploads\/2025\/04\/black-domina-fast.jpg\",\"contentUrl\":\"https:\/\/www.trikomaseeds.com\/wp-content\/uploads\/2025\/04\/black-domina-fast.jpg\",\"width\":800,\"height\":800,\"caption\":\"Black Domina Fast\"},{\"@type\":\"BreadcrumbList\",\"@id\":\"https:\/\/www.trikomaseeds.com\/pt-br\/sementes\/black-domina-fast-version\/#breadcrumb\",\"itemListElement\":[{\"@type\":\"ListItem\",\"position\":1,\"name\":\"Portada\",\"item\":\"https:\/\/www.trikomaseeds.com\/pt-br\/\"},{\"@type\":\"ListItem\",\"position\":2,\"name\":\"Shop\",\"item\":\"https:\/\/www.trikomaseeds.com\/pt-br\/shop\/\"},{\"@type\":\"ListItem\",\"position\":3,\"name\":\"Black Domina Fast \u2013 Indica Pura com Flora\u00e7\u00e3o R\u00e1pida e Potente\"}]},{\"@type\":\"WebSite\",\"@id\":\"https:\/\/www.trikomaseeds.com\/pt-br\/#website\",\"url\":\"https:\/\/www.trikomaseeds.com\/pt-br\/\",\"name\":\"Trikoma Seeds\",\"description\":\"Semillas de Marihuana Auto, Feminizadas y medicinales\",\"potentialAction\":[{\"@type\":\"SearchAction\",\"target\":{\"@type\":\"EntryPoint\",\"urlTemplate\":\"https:\/\/www.trikomaseeds.com\/pt-br\/?s={search_term_string}\"},\"query-input\":{\"@type\":\"PropertyValueSpecification\",\"valueRequired\":true,\"valueName\":\"search_term_string\"}}],\"inLanguage\":\"pt-BR\"}]}<\/script>\n<!-- \/ Yoast SEO plugin. -->","yoast_head_json":{"title":"Black Domina Fast \u2013 Indica Pura com Flora\u00e7\u00e3o R\u00e1pida e Potente - Trikoma Seeds","description":"A Black Domina Fast \u00e9 uma variedade \u00edndica quase pura que oferece um relaxamento profundo e uma flora\u00e7\u00e3o r\u00e1pida, ideal para cultivadores exigentes.","robots":{"index":"index","follow":"follow","max-snippet":"max-snippet:-1","max-image-preview":"max-image-preview:large","max-video-preview":"max-video-preview:-1"},"canonical":"https:\/\/www.trikomaseeds.com\/pt-br\/sementes\/black-domina-fast-version\/","og_locale":"pt_BR","og_type":"article","og_title":"Black Domina Fast \u2013 Indica Pura com Flora\u00e7\u00e3o R\u00e1pida e Potente - Trikoma Seeds","og_description":"A Black Domina Fast \u00e9 uma variedade \u00edndica quase pura que oferece um relaxamento profundo e uma flora\u00e7\u00e3o r\u00e1pida, ideal para cultivadores exigentes.","og_url":"https:\/\/www.trikomaseeds.com\/pt-br\/sementes\/black-domina-fast-version\/","og_site_name":"Trikoma Seeds","article_modified_time":"2025-06-21T13:11:59+00:00","og_image":[{"width":800,"height":800,"url":"https:\/\/www.trikomaseeds.com\/wp-content\/uploads\/2025\/04\/black-domina-fast.jpg","type":"image\/jpeg"}],"twitter_card":"summary_large_image","twitter_misc":{"Est. tempo de leitura":"2 minutos"},"schema":{"@context":"https:\/\/schema.org","@graph":[{"@type":"WebPage","@id":"https:\/\/www.trikomaseeds.com\/pt-br\/sementes\/black-domina-fast-version\/","url":"https:\/\/www.trikomaseeds.com\/pt-br\/sementes\/black-domina-fast-version\/","name":"Black Domina Fast \u2013 Indica Pura com Flora\u00e7\u00e3o R\u00e1pida e Potente - Trikoma Seeds","isPartOf":{"@id":"https:\/\/www.trikomaseeds.com\/pt-br\/#website"},"primaryImageOfPage":{"@id":"https:\/\/www.trikomaseeds.com\/pt-br\/sementes\/black-domina-fast-version\/#primaryimage"},"image":{"@id":"https:\/\/www.trikomaseeds.com\/pt-br\/sementes\/black-domina-fast-version\/#primaryimage"},"thumbnailUrl":"https:\/\/www.trikomaseeds.com\/wp-content\/uploads\/2025\/04\/black-domina-fast.jpg","datePublished":"2025-04-24T11:29:53+00:00","dateModified":"2025-06-21T13:11:59+00:00","description":"A Black Domina Fast \u00e9 uma variedade \u00edndica quase pura que oferece um relaxamento profundo e uma flora\u00e7\u00e3o r\u00e1pida, ideal para cultivadores exigentes.","breadcrumb":{"@id":"https:\/\/www.trikomaseeds.com\/pt-br\/sementes\/black-domina-fast-version\/#breadcrumb"},"inLanguage":"pt-BR","potentialAction":[{"@type":"ReadAction","target":["https:\/\/www.trikomaseeds.com\/pt-br\/sementes\/black-domina-fast-version\/"]}]},{"@type":"ImageObject","inLanguage":"pt-BR","@id":"https:\/\/www.trikomaseeds.com\/pt-br\/sementes\/black-domina-fast-version\/#primaryimage","url":"https:\/\/www.trikomaseeds.com\/wp-content\/uploads\/2025\/04\/black-domina-fast.jpg","contentUrl":"https:\/\/www.trikomaseeds.com\/wp-content\/uploads\/2025\/04\/black-domina-fast.jpg","width":800,"height":800,"caption":"Black Domina Fast"},{"@type":"BreadcrumbList","@id":"https:\/\/www.trikomaseeds.com\/pt-br\/sementes\/black-domina-fast-version\/#breadcrumb","itemListElement":[{"@type":"ListItem","position":1,"name":"Portada","item":"https:\/\/www.trikomaseeds.com\/pt-br\/"},{"@type":"ListItem","position":2,"name":"Shop","item":"https:\/\/www.trikomaseeds.com\/pt-br\/shop\/"},{"@type":"ListItem","position":3,"name":"Black Domina Fast \u2013 Indica Pura com Flora\u00e7\u00e3o R\u00e1pida e Potente"}]},{"@type":"WebSite","@id":"https:\/\/www.trikomaseeds.com\/pt-br\/#website","url":"https:\/\/www.trikomaseeds.com\/pt-br\/","name":"Trikoma Seeds","description":"Semillas de Marihuana Auto, Feminizadas y medicinales","potentialAction":[{"@type":"SearchAction","target":{"@type":"EntryPoint","urlTemplate":"https:\/\/www.trikomaseeds.com\/pt-br\/?s={search_term_string}"},"query-input":{"@type":"PropertyValueSpecification","valueRequired":true,"valueName":"search_term_string"}}],"inLanguage":"pt-BR"}]}},"_links":{"self":[{"href":"https:\/\/www.trikomaseeds.com\/pt-br\/wp-json\/wp\/v2\/product\/12440","targetHints":{"allow":["GET"]}}],"collection":[{"href":"https:\/\/www.trikomaseeds.com\/pt-br\/wp-json\/wp\/v2\/product"}],"about":[{"href":"https:\/\/www.trikomaseeds.com\/pt-br\/wp-json\/wp\/v2\/types\/product"}],"replies":[{"embeddable":true,"href":"https:\/\/www.trikomaseeds.com\/pt-br\/wp-json\/wp\/v2\/comments?post=12440"}],"wp:featuredmedia":[{"embeddable":true,"href":"https:\/\/www.trikomaseeds.com\/pt-br\/wp-json\/wp\/v2\/media\/12578"}],"wp:attachment":[{"href":"https:\/\/www.trikomaseeds.com\/pt-br\/wp-json\/wp\/v2\/media?parent=12440"}],"wp:term":[{"taxonomy":"product_cat","embeddable":true,"href":"https:\/\/www.trikomaseeds.com\/pt-br\/wp-json\/wp\/v2\/product_cat?post=12440"},{"taxonomy":"product_tag","embeddable":true,"href":"https:\/\/www.trikomaseeds.com\/pt-br\/wp-json\/wp\/v2\/product_tag?post=12440"}],"curies":[{"name":"wp","href":"https:\/\/api.w.org\/{rel}","templated":true}]}}