{"id":1244,"date":"2019-10-08T11:46:42","date_gmt":"2019-10-08T09:46:42","guid":{"rendered":"http:\/\/www.trikomaseeds.com\/semillas\/og-double-kush\/"},"modified":"2024-09-26T13:31:56","modified_gmt":"2024-09-26T11:31:56","slug":"og-double-kush","status":"publish","type":"product","link":"https:\/\/www.trikomaseeds.com\/pt-br\/sementes\/og-double-kush\/","title":{"rendered":"OG Double Kush"},"content":{"rendered":"<h2 class=\"dotted_title uppercase\">Caracter\u00edsticas do Double OG Kush<\/h2>\n<ul class=\"check\">\n<li>Gen\u00e9tica: Chemdawg X Lemon Thai X Pakistani Kush<\/li>\n<li>Tipo: Sativa 25% -\/\/- Indica 75%<\/li>\n<li>Produ\u00e7\u00e3o em interiores: 400-450 gr.\/m<sup>2<\/sup> (com luz de 600W)<\/li>\n<li>Produ\u00e7\u00e3o ao ar livre: 0,75 &#8211; 1 Kg. \/planta<\/li>\n<li>Flora\u00e7\u00e3o em interiores: 55-60 dias<\/li>\n<li>Flora\u00e7\u00e3o ao ar livre: 1\/4 de outubro<\/li>\n<li>Flora\u00e7\u00e3o na Am\u00e9rica do Sul: 1\/4 de abril<\/li>\n<\/ul>\n<h2>Hist\u00f3ria do Double OG Kush<\/h2>\n<p>Double OG Kush da Trikoma Seeds \u00e9 uma variante da famosa OG Kush que, por sua vez, descende da Kush original. A Kush \u00e9 uma variedade de cannabis origin\u00e1ria das montanhas Hindu Kush, que se estendem entre o Afeganist\u00e3o e o Paquist\u00e3o. \u00c9 uma das poucas regi\u00f5es onde a planta cresce de forma nativa. A OG Kush \u00e9 um h\u00edbrido criado na d\u00e9cada de 90 com a cruzamento da Kush original e Chemdawg, e rapidamente conquistou um grupo devoto de seguidores na comunidade can\u00e1bica. Com o tempo, a OG Kush se tornou uma cepa b\u00e1sica que foi cruzada com outras para criar novas variedades de Kush.<\/p>\n<p>A heran\u00e7a gen\u00e9tica indica da Kush oferece a qualquer OG Kush um corpo forte e pesado que \u00e9 ideal para aqueles que buscam relaxar completamente. A pequena quantidade de sativa fornecida pelo Chemdawg traz uma leve eleva\u00e7\u00e3o do humor sem superestimula\u00e7\u00e3o. \u00c9 uma cepa conhecida tanto por usu\u00e1rios recreativos quanto medicinais, devido aos seus efeitos calmantes e suas propriedades analg\u00e9sicas.<\/p>\n<p>Na Trikoma, criamos a OG Double Kush como uma homenagem a esses pioneiros americanos dos anos 90 e lhe damos um toque de Lemon Thai. Essa variedade oferece um sabor mais refrescante e permite grandes colheitas t\u00edpicas desta variedade. O resultado \u00e9 uma cepa h\u00edbrida de cannabis com domin\u00e2ncia indica que se destaca pelos potentes efeitos sedativos e relaxantes da Kush original, uma leve euforia gra\u00e7as ao Chemdawg e um grande sabor e colheita abundante gra\u00e7as ao Lemon Thai.<\/p>\n<p>Uma gen\u00e9tica Kush forte \u00e9 caracterizada por caules e folhas de um verde intenso com matizes violetas, pistilos em tons de laranja, bronze ou ferrugem, e flores densas e nodosas de plantas robustas. As flores do Double OG Kush s\u00e3o de tamanho m\u00e9dio a grande e t\u00eam uma estrutura densa e arredondada. T\u00eam tons verdes vibrantes, entrela\u00e7ados com pistilos rechonchos de cor laranja intensa e est\u00e3o cobertos por uma camada de tricomas brancos.<\/p>\n<h2>Efeitos e benef\u00edcios do Double OG Kush<\/h2>\n<p>Double OG Kush \u00e9 caracterizada por provocar uma sensa\u00e7\u00e3o de relaxamento profundo, tornando-a uma op\u00e7\u00e3o ideal para aqueles que buscam um al\u00edvio eficaz do estresse, da ansiedade ou da dor cr\u00f4nica. Muitos usu\u00e1rios relatam que, ap\u00f3s consumir esta cepa, experimentam uma esp\u00e9cie de \u201cbloqueio no sof\u00e1\u201d, o que a torna mais adequada para uso noturno ou em momentos de descanso.<\/p>\n<p>Al\u00e9m disso, o Double OG Kush proporciona um estado de euforia leve, elevando o \u00e2nimo de maneira sutil sem ser excessivamente estimulante. Esse equil\u00edbrio a torna uma variedade recomendada para combater a ins\u00f4nia, j\u00e1 que facilita um sono profundo e reparador.<\/p>\n<h2>Aroma, sabor e efeitos do Double OG Kush<\/h2>\n<p>Uma das caracter\u00edsticas mais marcantes do Double OG Kush \u00e9 seu perfil de sabor, que combina notas terrosas com matizes de lim\u00e3o e pinho, criando uma experi\u00eancia sensorial rica e complexa. Essa mistura de sabores faz do Double OG Kush uma op\u00e7\u00e3o popular para consumidores que apreciam cepas com perfis de sabor complexos, distintos e robustos.<\/p>\n<p>No que diz respeito aos seus efeitos, a OG Kush proporciona um &#8220;high&#8221; cerebral estimulante que pode ajudar a aumentar a criatividade e a concentra\u00e7\u00e3o, ao mesmo tempo em que induz um profundo relaxamento f\u00edsico.<\/p>\n<p>Isso torna o Double OG Kush uma op\u00e7\u00e3o ideal tanto para aqueles que buscam al\u00edvio da dor quanto para quem deseja desfrutar de um momento de tranquilidade. Os usu\u00e1rios costumam destacar as notas terrosas combinadas com toques c\u00edtricos e um sutil aroma de diesel.<\/p>\n<h2>Como cultivar o Double OG Kush: Dicas e rendimentos<\/h2>\n<p>Se voc\u00ea decidir cultivar OG Kush em casa, \u00e9 essencial compreender suas necessidades espec\u00edficas de crescimento, como o tipo de solo, a quantidade de luz e os cuidados necess\u00e1rios. <strong>Double OG Kush n\u00e3o \u00e9 uma cepa f\u00e1cil de cultivar<\/strong>, portanto, \u00e9 recomendada para cultivadores com alguma experi\u00eancia.<\/p>\n<p>Seu per\u00edodo de flora\u00e7\u00e3o varia entre 55 e 60 dias, o que \u00e9 relativamente r\u00e1pido em compara\u00e7\u00e3o com outras variedades indica. Em ambientes internos, pode produzir cerca de <strong>400 gramas por metro quadrado<\/strong>, enquanto ao ar livre pode atingir at\u00e9 <strong>700 gramas &#8211; 1 Kg por planta<\/strong>.<\/p>\n<p>Esta planta tem uma altura moderada, o que a torna manej\u00e1vel tanto para cultivo interno quanto externo. Al\u00e9m disso, \u00e9 uma cepa resistente que pode se adaptar a uma ampla gama de climas, embora flores\u00e7a melhor em condi\u00e7\u00f5es controladas, como estufas ou sistemas de cultivo interno.<\/p>\n<h2>Usos medicinais do Double OG Kush<\/h2>\n<p>Double OG Kush se tornou uma op\u00e7\u00e3o <strong>muito popular na comunidade medicinal<\/strong> devido \u00e0s suas propriedades terap\u00eauticas. Pacientes que sofrem de ins\u00f4nia valorizam seus efeitos sedativos, pois esta cepa ajuda a adormecer de maneira r\u00e1pida e eficaz. Al\u00e9m disso, \u00e9 \u00fatil para o tratamento de dores cr\u00f4nicas, como dor muscular, enxaquecas e condi\u00e7\u00f5es relacionadas \u00e0 inflama\u00e7\u00e3o.<\/p>\n<p>Aqueles que padecem de ansiedade ou estresse tamb\u00e9m encontram em Double OG Kush um al\u00edvio eficaz, uma vez que seus efeitos calmantes permitem reduzir a tens\u00e3o mental e f\u00edsica sem causar paranoia ou superestimula\u00e7\u00e3o. Seu uso tamb\u00e9m est\u00e1 relacionado ao aumento do apetite, o que pode ser ben\u00e9fico para pacientes que enfrentam problemas alimentares devido a tratamentos m\u00e9dicos.<\/p>\n<h2>Por que escolher Double OG Kush se voc\u00ea \u00e9 um cultivador novato ou avan\u00e7ado<\/h2>\n<p>Embora o Double OG Kush seja uma variedade um tanto dif\u00edcil de cultivar, oferece grandes recompensas para aqueles que dominam sua cultura. Para cultivadores experientes, esta cepa proporciona rendimentos s\u00f3lidos e uma planta resistente que se adapta bem a diferentes ambientes.<\/p>\n<p>Os cultivadores novatos podem encontrar desafios, mas com os cuidados adequados, podem desfrutar de uma planta que responde bem a t\u00e9cnicas de poda e fertiliza\u00e7\u00e3o, maximizando a produ\u00e7\u00e3o de flores. Al\u00e9m disso, a estrutura robusta de seus ramos permite o uso de estimulantes e fertilizantes sem o risco de quebra sob o peso das flores, aumentando o rendimento geral.<\/p>\n","protected":false},"excerpt":{"rendered":"<p>Double OG Kush \u00e9 uma semente cl\u00e1ssica entre as h\u00edbridas com predomin\u00e2ncia indica. Seu aroma \u00e9 uma deliciosa combina\u00e7\u00e3o de c\u00edtricos, frutas ex\u00f3ticas e um sabor frutado com um toque de diesel. Tem um efeito muito r\u00e1pido e intenso que deixa o corpo totalmente relaxado enquanto mant\u00e9m a mente clara. Alivia eficazmente o estresse e melhora o humor.<\/p>\n<p>Apesar de seu pequeno tamanho, o Double OG Kush pode render colheitas de 750g a 1000g por m<sup>2<\/sup>.<\/p>\n<p><strong>THC: <span class=\"destacado\">22%<\/span><\/strong><\/p>\n","protected":false},"featured_media":793,"comment_status":"closed","ping_status":"closed","template":"","meta":[],"product_cat":[151],"product_tag":[],"class_list":{"0":"post-1244","1":"product","2":"type-product","3":"status-publish","4":"has-post-thumbnail","6":"product_cat-usa-strains","8":"first","9":"instock","10":"shipping-taxable","11":"purchasable","12":"product-type-variable","13":"has-default-attributes"},"yoast_head":"<!-- This site is optimized with the Yoast SEO plugin v25.6 - https:\/\/yoast.com\/wordpress\/plugins\/seo\/ -->\n<title>Og Double Kush \u3010Trikoma Seeds \u3011<\/title>\n<meta name=\"description\" content=\"Og Double Kush \u00e9 uma das melhores sementes de maconha para cultivo ao ar livre. \u00c9 capaz de produzir uma colheita de at\u00e9 750-1000g\/m2.\" \/>\n<meta name=\"robots\" content=\"index, follow, max-snippet:-1, max-image-preview:large, max-video-preview:-1\" \/>\n<link rel=\"canonical\" href=\"https:\/\/www.trikomaseeds.com\/pt-br\/sementes\/og-double-kush\/\" \/>\n<meta property=\"og:locale\" content=\"pt_BR\" \/>\n<meta property=\"og:type\" content=\"article\" \/>\n<meta property=\"og:title\" content=\"Og Double Kush \u3010Trikoma Seeds \u3011\" \/>\n<meta property=\"og:description\" content=\"Og Double Kush \u00e9 uma das melhores sementes de maconha para cultivo ao ar livre. \u00c9 capaz de produzir uma colheita de at\u00e9 750-1000g\/m2.\" \/>\n<meta property=\"og:url\" content=\"https:\/\/www.trikomaseeds.com\/pt-br\/sementes\/og-double-kush\/\" \/>\n<meta property=\"og:site_name\" content=\"Trikoma Seeds\" \/>\n<meta property=\"article:modified_time\" content=\"2024-09-26T11:31:56+00:00\" \/>\n<meta property=\"og:image\" content=\"https:\/\/www.trikomaseeds.com\/wp-content\/uploads\/2019\/10\/og-double-kush-600x600.jpg\" \/>\n\t<meta property=\"og:image:width\" content=\"600\" \/>\n\t<meta property=\"og:image:height\" content=\"600\" \/>\n\t<meta property=\"og:image:type\" content=\"image\/jpeg\" \/>\n<meta name=\"twitter:card\" content=\"summary_large_image\" \/>\n<meta name=\"twitter:label1\" content=\"Est. tempo de leitura\" \/>\n\t<meta name=\"twitter:data1\" content=\"5 minutos\" \/>\n<script type=\"application\/ld+json\" class=\"yoast-schema-graph\">{\"@context\":\"https:\/\/schema.org\",\"@graph\":[{\"@type\":\"WebPage\",\"@id\":\"https:\/\/www.trikomaseeds.com\/pt-br\/sementes\/og-double-kush\/\",\"url\":\"https:\/\/www.trikomaseeds.com\/pt-br\/sementes\/og-double-kush\/\",\"name\":\"Og Double Kush \u3010Trikoma Seeds \u3011\",\"isPartOf\":{\"@id\":\"https:\/\/www.trikomaseeds.com\/pt-br\/#website\"},\"primaryImageOfPage\":{\"@id\":\"https:\/\/www.trikomaseeds.com\/pt-br\/sementes\/og-double-kush\/#primaryimage\"},\"image\":{\"@id\":\"https:\/\/www.trikomaseeds.com\/pt-br\/sementes\/og-double-kush\/#primaryimage\"},\"thumbnailUrl\":\"https:\/\/www.trikomaseeds.com\/wp-content\/uploads\/2019\/10\/og-double-kush-600x600.jpg\",\"datePublished\":\"2019-10-08T09:46:42+00:00\",\"dateModified\":\"2024-09-26T11:31:56+00:00\",\"description\":\"Og Double Kush \u00e9 uma das melhores sementes de maconha para cultivo ao ar livre. \u00c9 capaz de produzir uma colheita de at\u00e9 750-1000g\/m2.\",\"breadcrumb\":{\"@id\":\"https:\/\/www.trikomaseeds.com\/pt-br\/sementes\/og-double-kush\/#breadcrumb\"},\"inLanguage\":\"pt-BR\",\"potentialAction\":[{\"@type\":\"ReadAction\",\"target\":[\"https:\/\/www.trikomaseeds.com\/pt-br\/sementes\/og-double-kush\/\"]}]},{\"@type\":\"ImageObject\",\"inLanguage\":\"pt-BR\",\"@id\":\"https:\/\/www.trikomaseeds.com\/pt-br\/sementes\/og-double-kush\/#primaryimage\",\"url\":\"https:\/\/www.trikomaseeds.com\/wp-content\/uploads\/2019\/10\/og-double-kush-600x600.jpg\",\"contentUrl\":\"https:\/\/www.trikomaseeds.com\/wp-content\/uploads\/2019\/10\/og-double-kush-600x600.jpg\",\"width\":600,\"height\":600},{\"@type\":\"BreadcrumbList\",\"@id\":\"https:\/\/www.trikomaseeds.com\/pt-br\/sementes\/og-double-kush\/#breadcrumb\",\"itemListElement\":[{\"@type\":\"ListItem\",\"position\":1,\"name\":\"Portada\",\"item\":\"https:\/\/www.trikomaseeds.com\/pt-br\/\"},{\"@type\":\"ListItem\",\"position\":2,\"name\":\"Shop\",\"item\":\"https:\/\/www.trikomaseeds.com\/pt-br\/shop\/\"},{\"@type\":\"ListItem\",\"position\":3,\"name\":\"OG Double Kush\"}]},{\"@type\":\"WebSite\",\"@id\":\"https:\/\/www.trikomaseeds.com\/pt-br\/#website\",\"url\":\"https:\/\/www.trikomaseeds.com\/pt-br\/\",\"name\":\"Trikoma Seeds\",\"description\":\"Semillas de Marihuana Auto, Feminizadas y medicinales\",\"potentialAction\":[{\"@type\":\"SearchAction\",\"target\":{\"@type\":\"EntryPoint\",\"urlTemplate\":\"https:\/\/www.trikomaseeds.com\/pt-br\/?s={search_term_string}\"},\"query-input\":{\"@type\":\"PropertyValueSpecification\",\"valueRequired\":true,\"valueName\":\"search_term_string\"}}],\"inLanguage\":\"pt-BR\"}]}<\/script>\n<!-- \/ Yoast SEO plugin. -->","yoast_head_json":{"title":"Og Double Kush \u3010Trikoma Seeds \u3011","description":"Og Double Kush \u00e9 uma das melhores sementes de maconha para cultivo ao ar livre. \u00c9 capaz de produzir uma colheita de at\u00e9 750-1000g\/m2.","robots":{"index":"index","follow":"follow","max-snippet":"max-snippet:-1","max-image-preview":"max-image-preview:large","max-video-preview":"max-video-preview:-1"},"canonical":"https:\/\/www.trikomaseeds.com\/pt-br\/sementes\/og-double-kush\/","og_locale":"pt_BR","og_type":"article","og_title":"Og Double Kush \u3010Trikoma Seeds \u3011","og_description":"Og Double Kush \u00e9 uma das melhores sementes de maconha para cultivo ao ar livre. \u00c9 capaz de produzir uma colheita de at\u00e9 750-1000g\/m2.","og_url":"https:\/\/www.trikomaseeds.com\/pt-br\/sementes\/og-double-kush\/","og_site_name":"Trikoma Seeds","article_modified_time":"2024-09-26T11:31:56+00:00","og_image":[{"width":600,"height":600,"url":"https:\/\/www.trikomaseeds.com\/wp-content\/uploads\/2019\/10\/og-double-kush-600x600.jpg","type":"image\/jpeg"}],"twitter_card":"summary_large_image","twitter_misc":{"Est. tempo de leitura":"5 minutos"},"schema":{"@context":"https:\/\/schema.org","@graph":[{"@type":"WebPage","@id":"https:\/\/www.trikomaseeds.com\/pt-br\/sementes\/og-double-kush\/","url":"https:\/\/www.trikomaseeds.com\/pt-br\/sementes\/og-double-kush\/","name":"Og Double Kush \u3010Trikoma Seeds \u3011","isPartOf":{"@id":"https:\/\/www.trikomaseeds.com\/pt-br\/#website"},"primaryImageOfPage":{"@id":"https:\/\/www.trikomaseeds.com\/pt-br\/sementes\/og-double-kush\/#primaryimage"},"image":{"@id":"https:\/\/www.trikomaseeds.com\/pt-br\/sementes\/og-double-kush\/#primaryimage"},"thumbnailUrl":"https:\/\/www.trikomaseeds.com\/wp-content\/uploads\/2019\/10\/og-double-kush-600x600.jpg","datePublished":"2019-10-08T09:46:42+00:00","dateModified":"2024-09-26T11:31:56+00:00","description":"Og Double Kush \u00e9 uma das melhores sementes de maconha para cultivo ao ar livre. \u00c9 capaz de produzir uma colheita de at\u00e9 750-1000g\/m2.","breadcrumb":{"@id":"https:\/\/www.trikomaseeds.com\/pt-br\/sementes\/og-double-kush\/#breadcrumb"},"inLanguage":"pt-BR","potentialAction":[{"@type":"ReadAction","target":["https:\/\/www.trikomaseeds.com\/pt-br\/sementes\/og-double-kush\/"]}]},{"@type":"ImageObject","inLanguage":"pt-BR","@id":"https:\/\/www.trikomaseeds.com\/pt-br\/sementes\/og-double-kush\/#primaryimage","url":"https:\/\/www.trikomaseeds.com\/wp-content\/uploads\/2019\/10\/og-double-kush-600x600.jpg","contentUrl":"https:\/\/www.trikomaseeds.com\/wp-content\/uploads\/2019\/10\/og-double-kush-600x600.jpg","width":600,"height":600},{"@type":"BreadcrumbList","@id":"https:\/\/www.trikomaseeds.com\/pt-br\/sementes\/og-double-kush\/#breadcrumb","itemListElement":[{"@type":"ListItem","position":1,"name":"Portada","item":"https:\/\/www.trikomaseeds.com\/pt-br\/"},{"@type":"ListItem","position":2,"name":"Shop","item":"https:\/\/www.trikomaseeds.com\/pt-br\/shop\/"},{"@type":"ListItem","position":3,"name":"OG Double Kush"}]},{"@type":"WebSite","@id":"https:\/\/www.trikomaseeds.com\/pt-br\/#website","url":"https:\/\/www.trikomaseeds.com\/pt-br\/","name":"Trikoma Seeds","description":"Semillas de Marihuana Auto, Feminizadas y medicinales","potentialAction":[{"@type":"SearchAction","target":{"@type":"EntryPoint","urlTemplate":"https:\/\/www.trikomaseeds.com\/pt-br\/?s={search_term_string}"},"query-input":{"@type":"PropertyValueSpecification","valueRequired":true,"valueName":"search_term_string"}}],"inLanguage":"pt-BR"}]}},"_links":{"self":[{"href":"https:\/\/www.trikomaseeds.com\/pt-br\/wp-json\/wp\/v2\/product\/1244","targetHints":{"allow":["GET"]}}],"collection":[{"href":"https:\/\/www.trikomaseeds.com\/pt-br\/wp-json\/wp\/v2\/product"}],"about":[{"href":"https:\/\/www.trikomaseeds.com\/pt-br\/wp-json\/wp\/v2\/types\/product"}],"replies":[{"embeddable":true,"href":"https:\/\/www.trikomaseeds.com\/pt-br\/wp-json\/wp\/v2\/comments?post=1244"}],"wp:featuredmedia":[{"embeddable":true,"href":"https:\/\/www.trikomaseeds.com\/pt-br\/wp-json\/wp\/v2\/media\/793"}],"wp:attachment":[{"href":"https:\/\/www.trikomaseeds.com\/pt-br\/wp-json\/wp\/v2\/media?parent=1244"}],"wp:term":[{"taxonomy":"product_cat","embeddable":true,"href":"https:\/\/www.trikomaseeds.com\/pt-br\/wp-json\/wp\/v2\/product_cat?post=1244"},{"taxonomy":"product_tag","embeddable":true,"href":"https:\/\/www.trikomaseeds.com\/pt-br\/wp-json\/wp\/v2\/product_tag?post=1244"}],"curies":[{"name":"wp","href":"https:\/\/api.w.org\/{rel}","templated":true}]}}