{"id":1225,"date":"2019-10-08T11:45:04","date_gmt":"2019-10-08T09:45:04","guid":{"rendered":"http:\/\/www.trikomaseeds.com\/semillas\/og-confidential\/"},"modified":"2024-09-25T23:38:18","modified_gmt":"2024-09-25T21:38:18","slug":"og-confidential","status":"publish","type":"product","link":"https:\/\/www.trikomaseeds.com\/pt-br\/sementes\/og-confidential\/","title":{"rendered":"OG Confidential"},"content":{"rendered":"<h3 class=\"dotted_title uppercase\">CARACTERISTICAS<\/h3>\n<ul class=\"check\">\n<li>Genetico: LA Affie x Afgani<\/li>\n<li>Tipo: Sativa 10% -\/\/- Indica 90%<\/li>\n<li>Produ\u00e7\u00e3o interior: 350-450 gr.\/m<sup>2<\/sup>\u00a0(Com luz 600W)<\/li>\n<li>Produ\u00e7\u00e3o exterior: 0.5 &#8211; 1 Kg.\/planta<\/li>\n<li>Flora\u00e7\u00e3o interior: 50-65 dias<\/li>\n<li>Flora\u00e7\u00e3o exterior: Setembro<\/li>\n<li>Flora\u00e7\u00e3o Latin America: Mar\u00e7o<\/li>\n<\/ul>\n","protected":false},"excerpt":{"rendered":"<p style=\"font-weight: 500;\">Esta famosavariedade americana \u00e9 uma Indica praticamente pura com um efeito euf\u00f3rico erelaxante bem dur\u00e1vel e positivo. A planta \u00e9 de altura mediana com estruturacompacta e flores densas e resinosas com pistilos de tons roxos e avermelhados.D\u00e1 um aroma doce penetrante e o seu sabor \u00e9 terroso e um tanto picante. Temaplica\u00e7\u00f5es medicinais gra\u00e7as ao seu efeito sedativo e analg\u00e9sico.<\/p>\n<p><b><strong>THC:\u00a026%<\/strong><\/b><\/p>\n","protected":false},"featured_media":786,"comment_status":"open","ping_status":"closed","template":"","meta":[],"product_cat":[151],"product_tag":[368],"class_list":{"0":"post-1225","1":"product","2":"type-product","3":"status-publish","4":"has-post-thumbnail","6":"product_cat-usa-strains","7":"product_tag-usa-strains-pt-br","9":"first","10":"instock","11":"shipping-taxable","12":"purchasable","13":"product-type-variable","14":"has-default-attributes"},"yoast_head":"<!-- This site is optimized with the Yoast SEO plugin v25.6 - https:\/\/yoast.com\/wordpress\/plugins\/seo\/ -->\n<title>OG Confidencial: sementes de maconha da Trikoma Seeds<\/title>\n<meta name=\"description\" content=\"OG Confidencial: sementes de maconha da Trikoma Seeds. Cultive plantas de cannabis feminizadas e com autofloresc\u00eancia ou CBD ao melhor pre\u00e7o. Remessas discretas e seguras para o seu pa\u00eds\" \/>\n<meta name=\"robots\" content=\"index, follow, max-snippet:-1, max-image-preview:large, max-video-preview:-1\" \/>\n<link rel=\"canonical\" href=\"https:\/\/www.trikomaseeds.com\/pt-br\/sementes\/og-confidential\/\" \/>\n<meta property=\"og:locale\" content=\"pt_BR\" \/>\n<meta property=\"og:type\" content=\"article\" \/>\n<meta property=\"og:title\" content=\"OG Confidencial: sementes de maconha da Trikoma Seeds\" \/>\n<meta property=\"og:description\" content=\"OG Confidencial: sementes de maconha da Trikoma Seeds. Cultive plantas de cannabis feminizadas e com autofloresc\u00eancia ou CBD ao melhor pre\u00e7o. Remessas discretas e seguras para o seu pa\u00eds\" \/>\n<meta property=\"og:url\" content=\"https:\/\/www.trikomaseeds.com\/pt-br\/sementes\/og-confidential\/\" \/>\n<meta property=\"og:site_name\" content=\"Trikoma Seeds\" \/>\n<meta property=\"article:modified_time\" content=\"2024-09-25T21:38:18+00:00\" \/>\n<meta property=\"og:image\" content=\"https:\/\/www.trikomaseeds.com\/wp-content\/uploads\/2019\/10\/og-confidential-600x600.jpg\" \/>\n\t<meta property=\"og:image:width\" content=\"600\" \/>\n\t<meta property=\"og:image:height\" content=\"600\" \/>\n\t<meta property=\"og:image:type\" content=\"image\/jpeg\" \/>\n<meta name=\"twitter:card\" content=\"summary_large_image\" \/>\n<script type=\"application\/ld+json\" class=\"yoast-schema-graph\">{\"@context\":\"https:\/\/schema.org\",\"@graph\":[{\"@type\":\"WebPage\",\"@id\":\"https:\/\/www.trikomaseeds.com\/pt-br\/sementes\/og-confidential\/\",\"url\":\"https:\/\/www.trikomaseeds.com\/pt-br\/sementes\/og-confidential\/\",\"name\":\"OG Confidencial: sementes de maconha da Trikoma Seeds\",\"isPartOf\":{\"@id\":\"https:\/\/www.trikomaseeds.com\/pt-br\/#website\"},\"primaryImageOfPage\":{\"@id\":\"https:\/\/www.trikomaseeds.com\/pt-br\/sementes\/og-confidential\/#primaryimage\"},\"image\":{\"@id\":\"https:\/\/www.trikomaseeds.com\/pt-br\/sementes\/og-confidential\/#primaryimage\"},\"thumbnailUrl\":\"https:\/\/www.trikomaseeds.com\/wp-content\/uploads\/2019\/10\/og-confidential-600x600.jpg\",\"datePublished\":\"2019-10-08T09:45:04+00:00\",\"dateModified\":\"2024-09-25T21:38:18+00:00\",\"description\":\"OG Confidencial: sementes de maconha da Trikoma Seeds. Cultive plantas de cannabis feminizadas e com autofloresc\u00eancia ou CBD ao melhor pre\u00e7o. Remessas discretas e seguras para o seu pa\u00eds\",\"breadcrumb\":{\"@id\":\"https:\/\/www.trikomaseeds.com\/pt-br\/sementes\/og-confidential\/#breadcrumb\"},\"inLanguage\":\"pt-BR\",\"potentialAction\":[{\"@type\":\"ReadAction\",\"target\":[\"https:\/\/www.trikomaseeds.com\/pt-br\/sementes\/og-confidential\/\"]}]},{\"@type\":\"ImageObject\",\"inLanguage\":\"pt-BR\",\"@id\":\"https:\/\/www.trikomaseeds.com\/pt-br\/sementes\/og-confidential\/#primaryimage\",\"url\":\"https:\/\/www.trikomaseeds.com\/wp-content\/uploads\/2019\/10\/og-confidential-600x600.jpg\",\"contentUrl\":\"https:\/\/www.trikomaseeds.com\/wp-content\/uploads\/2019\/10\/og-confidential-600x600.jpg\",\"width\":600,\"height\":600},{\"@type\":\"BreadcrumbList\",\"@id\":\"https:\/\/www.trikomaseeds.com\/pt-br\/sementes\/og-confidential\/#breadcrumb\",\"itemListElement\":[{\"@type\":\"ListItem\",\"position\":1,\"name\":\"Portada\",\"item\":\"https:\/\/www.trikomaseeds.com\/pt-br\/\"},{\"@type\":\"ListItem\",\"position\":2,\"name\":\"Shop\",\"item\":\"https:\/\/www.trikomaseeds.com\/pt-br\/shop\/\"},{\"@type\":\"ListItem\",\"position\":3,\"name\":\"OG Confidential\"}]},{\"@type\":\"WebSite\",\"@id\":\"https:\/\/www.trikomaseeds.com\/pt-br\/#website\",\"url\":\"https:\/\/www.trikomaseeds.com\/pt-br\/\",\"name\":\"Trikoma Seeds\",\"description\":\"Semillas de Marihuana Auto, Feminizadas y medicinales\",\"potentialAction\":[{\"@type\":\"SearchAction\",\"target\":{\"@type\":\"EntryPoint\",\"urlTemplate\":\"https:\/\/www.trikomaseeds.com\/pt-br\/?s={search_term_string}\"},\"query-input\":{\"@type\":\"PropertyValueSpecification\",\"valueRequired\":true,\"valueName\":\"search_term_string\"}}],\"inLanguage\":\"pt-BR\"}]}<\/script>\n<!-- \/ Yoast SEO plugin. -->","yoast_head_json":{"title":"OG Confidencial: sementes de maconha da Trikoma Seeds","description":"OG Confidencial: sementes de maconha da Trikoma Seeds. Cultive plantas de cannabis feminizadas e com autofloresc\u00eancia ou CBD ao melhor pre\u00e7o. Remessas discretas e seguras para o seu pa\u00eds","robots":{"index":"index","follow":"follow","max-snippet":"max-snippet:-1","max-image-preview":"max-image-preview:large","max-video-preview":"max-video-preview:-1"},"canonical":"https:\/\/www.trikomaseeds.com\/pt-br\/sementes\/og-confidential\/","og_locale":"pt_BR","og_type":"article","og_title":"OG Confidencial: sementes de maconha da Trikoma Seeds","og_description":"OG Confidencial: sementes de maconha da Trikoma Seeds. Cultive plantas de cannabis feminizadas e com autofloresc\u00eancia ou CBD ao melhor pre\u00e7o. Remessas discretas e seguras para o seu pa\u00eds","og_url":"https:\/\/www.trikomaseeds.com\/pt-br\/sementes\/og-confidential\/","og_site_name":"Trikoma Seeds","article_modified_time":"2024-09-25T21:38:18+00:00","og_image":[{"width":600,"height":600,"url":"https:\/\/www.trikomaseeds.com\/wp-content\/uploads\/2019\/10\/og-confidential-600x600.jpg","type":"image\/jpeg"}],"twitter_card":"summary_large_image","schema":{"@context":"https:\/\/schema.org","@graph":[{"@type":"WebPage","@id":"https:\/\/www.trikomaseeds.com\/pt-br\/sementes\/og-confidential\/","url":"https:\/\/www.trikomaseeds.com\/pt-br\/sementes\/og-confidential\/","name":"OG Confidencial: sementes de maconha da Trikoma Seeds","isPartOf":{"@id":"https:\/\/www.trikomaseeds.com\/pt-br\/#website"},"primaryImageOfPage":{"@id":"https:\/\/www.trikomaseeds.com\/pt-br\/sementes\/og-confidential\/#primaryimage"},"image":{"@id":"https:\/\/www.trikomaseeds.com\/pt-br\/sementes\/og-confidential\/#primaryimage"},"thumbnailUrl":"https:\/\/www.trikomaseeds.com\/wp-content\/uploads\/2019\/10\/og-confidential-600x600.jpg","datePublished":"2019-10-08T09:45:04+00:00","dateModified":"2024-09-25T21:38:18+00:00","description":"OG Confidencial: sementes de maconha da Trikoma Seeds. Cultive plantas de cannabis feminizadas e com autofloresc\u00eancia ou CBD ao melhor pre\u00e7o. Remessas discretas e seguras para o seu pa\u00eds","breadcrumb":{"@id":"https:\/\/www.trikomaseeds.com\/pt-br\/sementes\/og-confidential\/#breadcrumb"},"inLanguage":"pt-BR","potentialAction":[{"@type":"ReadAction","target":["https:\/\/www.trikomaseeds.com\/pt-br\/sementes\/og-confidential\/"]}]},{"@type":"ImageObject","inLanguage":"pt-BR","@id":"https:\/\/www.trikomaseeds.com\/pt-br\/sementes\/og-confidential\/#primaryimage","url":"https:\/\/www.trikomaseeds.com\/wp-content\/uploads\/2019\/10\/og-confidential-600x600.jpg","contentUrl":"https:\/\/www.trikomaseeds.com\/wp-content\/uploads\/2019\/10\/og-confidential-600x600.jpg","width":600,"height":600},{"@type":"BreadcrumbList","@id":"https:\/\/www.trikomaseeds.com\/pt-br\/sementes\/og-confidential\/#breadcrumb","itemListElement":[{"@type":"ListItem","position":1,"name":"Portada","item":"https:\/\/www.trikomaseeds.com\/pt-br\/"},{"@type":"ListItem","position":2,"name":"Shop","item":"https:\/\/www.trikomaseeds.com\/pt-br\/shop\/"},{"@type":"ListItem","position":3,"name":"OG Confidential"}]},{"@type":"WebSite","@id":"https:\/\/www.trikomaseeds.com\/pt-br\/#website","url":"https:\/\/www.trikomaseeds.com\/pt-br\/","name":"Trikoma Seeds","description":"Semillas de Marihuana Auto, Feminizadas y medicinales","potentialAction":[{"@type":"SearchAction","target":{"@type":"EntryPoint","urlTemplate":"https:\/\/www.trikomaseeds.com\/pt-br\/?s={search_term_string}"},"query-input":{"@type":"PropertyValueSpecification","valueRequired":true,"valueName":"search_term_string"}}],"inLanguage":"pt-BR"}]}},"_links":{"self":[{"href":"https:\/\/www.trikomaseeds.com\/pt-br\/wp-json\/wp\/v2\/product\/1225","targetHints":{"allow":["GET"]}}],"collection":[{"href":"https:\/\/www.trikomaseeds.com\/pt-br\/wp-json\/wp\/v2\/product"}],"about":[{"href":"https:\/\/www.trikomaseeds.com\/pt-br\/wp-json\/wp\/v2\/types\/product"}],"replies":[{"embeddable":true,"href":"https:\/\/www.trikomaseeds.com\/pt-br\/wp-json\/wp\/v2\/comments?post=1225"}],"wp:featuredmedia":[{"embeddable":true,"href":"https:\/\/www.trikomaseeds.com\/pt-br\/wp-json\/wp\/v2\/media\/786"}],"wp:attachment":[{"href":"https:\/\/www.trikomaseeds.com\/pt-br\/wp-json\/wp\/v2\/media?parent=1225"}],"wp:term":[{"taxonomy":"product_cat","embeddable":true,"href":"https:\/\/www.trikomaseeds.com\/pt-br\/wp-json\/wp\/v2\/product_cat?post=1225"},{"taxonomy":"product_tag","embeddable":true,"href":"https:\/\/www.trikomaseeds.com\/pt-br\/wp-json\/wp\/v2\/product_tag?post=1225"}],"curies":[{"name":"wp","href":"https:\/\/api.w.org\/{rel}","templated":true}]}}