{"id":1204,"date":"2019-09-24T14:02:59","date_gmt":"2019-09-24T12:02:59","guid":{"rendered":"http:\/\/www.trikomaseeds.com\/semillas\/northern-lights-auto\/"},"modified":"2024-08-13T14:38:33","modified_gmt":"2024-08-13T12:38:33","slug":"northern-lights-auto","status":"publish","type":"product","link":"https:\/\/www.trikomaseeds.com\/pt-br\/sementes\/northern-lights-auto\/","title":{"rendered":"Northern Lights Auto"},"content":{"rendered":"<br \/>\n<h2>Ficha T\u00e9cnica de Northern Lights Auto<\/h2>\n<ul>\n<li>Gen\u00e9tica: Northern Lights x Ruderalis<\/li>\n<li>Tipo: Autoflorescente<\/li>\n<li>Produ\u00e7\u00e3o Interior: 450 &#8211; 500 gr.\/m<sup>2<\/sup> (com luz de 600W)<\/li>\n<li>Produ\u00e7\u00e3o Exterior: 60 &#8211; 150 gr.\/planta<\/li>\n<li>Flora\u00e7\u00e3o Interior: 70 dias (18h)<\/li>\n<li>Flora\u00e7\u00e3o Exterior: 50 &#8211; 80 dias<\/li>\n<\/ul>\n<h2>Como \u00e9 a Northern Lights Auto<\/h2>\n<p>As sementes autoflorescentes Northern Lights s\u00e3o apreciadas pela sua capacidade de florescer independentemente do ciclo de luz, tornando-as convenientes para cultivadores experientes e novatos. Acredita-se que esta variedade tenha originado nos Estados Unidos, e vers\u00f5es modificadas foram criadas nos Pa\u00edses Baixos.<\/p>\n<p>A Northern Lights Auto combina a gen\u00e9tica da famosa variedade com caracter\u00edsticas autoflorescentes. Estas sementes s\u00e3o ideais para quem procura uma planta compacta, de baixa manuten\u00e7\u00e3o e com um per\u00edodo de flora\u00e7\u00e3o curto. Tamb\u00e9m s\u00e3o valorizadas pelos seus perfis arom\u00e1ticos terrosos e sabores frutados, juntamente com efeitos de relaxamento, euforia e tranquilidade mental.<\/p>\n<p>Como muitas plantas predominantes em indica, \u00e9 baixa, densa, e oferece produ\u00e7\u00f5es abundantes. O crescimento limitado da Northern Lights autom\u00e1tica \u00e9 uma vantagem muito apreciada por cultivadores com pouco espa\u00e7o.<\/p>\n<h2>Caracter\u00edsticas da Northern Lights Auto<\/h2>\n<p>Esta variedade produz um efeito de relaxamento completo que se espalha por todo o corpo, envolvendo o usu\u00e1rio numa sensa\u00e7\u00e3o de tranquilidade profunda. Not\u00e1vel \u00e9 a pot\u00eancia do seu alto, especialmente considerando que se trata de uma variedade autoflorescente, que geralmente t\u00eam concentra\u00e7\u00f5es de canabin\u00f3ides inferiores em compara\u00e7\u00e3o com as variedades fotoperi\u00f3dicas.<\/p>\n<p>Al\u00e9m da rapidez com que se pode alcan\u00e7ar a colheita, sempre uma atrac\u00e3o para cultivadores que procuram resultados r\u00e1pidos, esta planta \u00e9 tamb\u00e9m muito valorizada pelo seu perfil arom\u00e1tico atraente. Caracteriza-se por um aroma que combina tons terrosos e frutados, elementos que se misturam em perfeita harmonia para criar uma fragr\u00e2ncia distintiva e agrad\u00e1vel. Al\u00e9m disso, o seu tamanho compacto faz dela uma op\u00e7\u00e3o ideal para aqueles com limita\u00e7\u00f5es de espa\u00e7o ou que preferem um cultivo discreto. Esta combina\u00e7\u00e3o de caracter\u00edsticas torna esta variedade n\u00e3o s\u00f3 altamente eficiente, mas tamb\u00e9m um prazer de cultivar e consumir.<\/p>\n<p>A Northern Lights autoflorescente \u00e9 forte e resistente, sendo adequada para climas europeus mais frescos. Pode ser cultivada ao ar livre, bem como em interiores durante todo o ano. Tamb\u00e9m \u00e9 poss\u00edvel cultiv\u00e1-la numa estufa.<\/p>\n<h2>Efeito, sabor e aroma da Northern Lights Auto<\/h2>\n<p>A Northern Lights Auto \u00e9 uma variedade predominantemente indica, o que \u00e9 evidente no seu efeito. Oferece um alto vigoroso, sedativo e intensamente relaxante. Como com muitas variedades indica, o consumo proporciona aos utilizadores um relaxamento profundo que envolve todo o corpo. No entanto, alguns tamb\u00e9m relatam um aumento na criatividade ou reflex\u00e3o ap\u00f3s o uso. \u00c9 crucial que os principiantes procedam com cautela, pois esta variedade \u00e9 conhecida pelo seu alto potente.<\/p>\n<p>Durante o seu ciclo de crescimento, a planta n\u00e3o emite um cheiro forte, ideal para cultivadores em interiores que desejam manter a discri\u00e7\u00e3o. De perto, exibe um aroma distintivo de terra e pinho, complementado por sutis toques frutados. Este perfil arom\u00e1tico intensifica-se ap\u00f3s a colheita, quando surgem notas c\u00edtricas e picantes mais pronunciadas. Em termos de sabor, pode-se desfrutar de uma mistura de lim\u00e3o, terra e especiarias.<\/p>\n<p>A Northern Lights autoflorescente \u00e9 conhecida por n\u00e3o emitir um cheiro forte e manter um tamanho geralmente compacto, o que a torna particularmente atraente para aqueles que procuram um cultivo discreto.<\/p>\n","protected":false},"excerpt":{"rendered":"<p align=\"justify\">\u00c9 uma das nossas variedades auto florescentes de \u00faltima gera\u00e7\u00e3o mais vendidas nos \u00faltimos anos. Essa variedade \u00e9 cada vez mais parecida a sua vers\u00e3o feminizada j\u00e1 que \u00e9 a base das cruzes das variedades autom\u00e1ticas, especialmente por sua semelhan\u00e7a no tamanho, sabor e produ\u00e7\u00e3o em sua vers\u00e3o feminizada. Produz brotos duros e compactados em qualquer tipo de substrato.<\/p>\n<p><strong>THC:\u00a0<span class=\"destacado\">16%<\/span><\/strong><\/p>\n","protected":false},"featured_media":548,"comment_status":"open","ping_status":"closed","template":"","meta":[],"product_cat":[134],"product_tag":[],"class_list":{"0":"post-1204","1":"product","2":"type-product","3":"status-publish","4":"has-post-thumbnail","6":"product_cat-autoflorescentes","8":"first","9":"instock","10":"shipping-taxable","11":"purchasable","12":"product-type-variable","13":"has-default-attributes"},"yoast_head":"<!-- This site is optimized with the Yoast SEO plugin v25.6 - https:\/\/yoast.com\/wordpress\/plugins\/seo\/ -->\n<title>Northern Lights Auto - Trikoma Seeds<\/title>\n<meta name=\"robots\" content=\"index, follow, max-snippet:-1, max-image-preview:large, max-video-preview:-1\" \/>\n<link rel=\"canonical\" href=\"https:\/\/www.trikomaseeds.com\/pt-br\/sementes\/northern-lights-auto\/\" \/>\n<meta property=\"og:locale\" content=\"pt_BR\" \/>\n<meta property=\"og:type\" content=\"article\" \/>\n<meta property=\"og:title\" content=\"Northern Lights Auto - Trikoma Seeds\" \/>\n<meta property=\"og:description\" content=\"\u00c9 uma das nossas variedades auto florescentes de \u00faltima gera\u00e7\u00e3o mais vendidas nos \u00faltimos anos. Essa variedade \u00e9 cada vez mais parecida a sua vers\u00e3o feminizada j\u00e1 que \u00e9 a base das cruzes das variedades autom\u00e1ticas, especialmente por sua semelhan\u00e7a no tamanho, sabor e produ\u00e7\u00e3o em sua vers\u00e3o feminizada. Produz brotos duros e compactados em qualquer tipo de substrato. THC:\u00a016%\" \/>\n<meta property=\"og:url\" content=\"https:\/\/www.trikomaseeds.com\/pt-br\/sementes\/northern-lights-auto\/\" \/>\n<meta property=\"og:site_name\" content=\"Trikoma Seeds\" \/>\n<meta property=\"article:modified_time\" content=\"2024-08-13T12:38:33+00:00\" \/>\n<meta property=\"og:image\" content=\"https:\/\/www.trikomaseeds.com\/wp-content\/uploads\/2019\/09\/NorthernLights_Auto_Trikoma_seeds_72-800x800.jpg\" \/>\n\t<meta property=\"og:image:width\" content=\"800\" \/>\n\t<meta property=\"og:image:height\" content=\"800\" \/>\n\t<meta property=\"og:image:type\" content=\"image\/jpeg\" \/>\n<meta name=\"twitter:card\" content=\"summary_large_image\" \/>\n<meta name=\"twitter:label1\" content=\"Est. tempo de leitura\" \/>\n\t<meta name=\"twitter:data1\" content=\"3 minutos\" \/>\n<script type=\"application\/ld+json\" class=\"yoast-schema-graph\">{\"@context\":\"https:\/\/schema.org\",\"@graph\":[{\"@type\":\"WebPage\",\"@id\":\"https:\/\/www.trikomaseeds.com\/pt-br\/sementes\/northern-lights-auto\/\",\"url\":\"https:\/\/www.trikomaseeds.com\/pt-br\/sementes\/northern-lights-auto\/\",\"name\":\"Northern Lights Auto - Trikoma Seeds\",\"isPartOf\":{\"@id\":\"https:\/\/www.trikomaseeds.com\/pt-br\/#website\"},\"primaryImageOfPage\":{\"@id\":\"https:\/\/www.trikomaseeds.com\/pt-br\/sementes\/northern-lights-auto\/#primaryimage\"},\"image\":{\"@id\":\"https:\/\/www.trikomaseeds.com\/pt-br\/sementes\/northern-lights-auto\/#primaryimage\"},\"thumbnailUrl\":\"https:\/\/www.trikomaseeds.com\/wp-content\/uploads\/2019\/09\/NorthernLights_Auto_Trikoma_seeds_72-800x800.jpg\",\"datePublished\":\"2019-09-24T12:02:59+00:00\",\"dateModified\":\"2024-08-13T12:38:33+00:00\",\"breadcrumb\":{\"@id\":\"https:\/\/www.trikomaseeds.com\/pt-br\/sementes\/northern-lights-auto\/#breadcrumb\"},\"inLanguage\":\"pt-BR\",\"potentialAction\":[{\"@type\":\"ReadAction\",\"target\":[\"https:\/\/www.trikomaseeds.com\/pt-br\/sementes\/northern-lights-auto\/\"]}]},{\"@type\":\"ImageObject\",\"inLanguage\":\"pt-BR\",\"@id\":\"https:\/\/www.trikomaseeds.com\/pt-br\/sementes\/northern-lights-auto\/#primaryimage\",\"url\":\"https:\/\/www.trikomaseeds.com\/wp-content\/uploads\/2019\/09\/NorthernLights_Auto_Trikoma_seeds_72-800x800.jpg\",\"contentUrl\":\"https:\/\/www.trikomaseeds.com\/wp-content\/uploads\/2019\/09\/NorthernLights_Auto_Trikoma_seeds_72-800x800.jpg\",\"width\":800,\"height\":800},{\"@type\":\"BreadcrumbList\",\"@id\":\"https:\/\/www.trikomaseeds.com\/pt-br\/sementes\/northern-lights-auto\/#breadcrumb\",\"itemListElement\":[{\"@type\":\"ListItem\",\"position\":1,\"name\":\"Portada\",\"item\":\"https:\/\/www.trikomaseeds.com\/pt-br\/\"},{\"@type\":\"ListItem\",\"position\":2,\"name\":\"Shop\",\"item\":\"https:\/\/www.trikomaseeds.com\/pt-br\/shop\/\"},{\"@type\":\"ListItem\",\"position\":3,\"name\":\"Northern Lights Auto\"}]},{\"@type\":\"WebSite\",\"@id\":\"https:\/\/www.trikomaseeds.com\/pt-br\/#website\",\"url\":\"https:\/\/www.trikomaseeds.com\/pt-br\/\",\"name\":\"Trikoma Seeds\",\"description\":\"Semillas de Marihuana Auto, Feminizadas y medicinales\",\"potentialAction\":[{\"@type\":\"SearchAction\",\"target\":{\"@type\":\"EntryPoint\",\"urlTemplate\":\"https:\/\/www.trikomaseeds.com\/pt-br\/?s={search_term_string}\"},\"query-input\":{\"@type\":\"PropertyValueSpecification\",\"valueRequired\":true,\"valueName\":\"search_term_string\"}}],\"inLanguage\":\"pt-BR\"}]}<\/script>\n<!-- \/ Yoast SEO plugin. -->","yoast_head_json":{"title":"Northern Lights Auto - Trikoma Seeds","robots":{"index":"index","follow":"follow","max-snippet":"max-snippet:-1","max-image-preview":"max-image-preview:large","max-video-preview":"max-video-preview:-1"},"canonical":"https:\/\/www.trikomaseeds.com\/pt-br\/sementes\/northern-lights-auto\/","og_locale":"pt_BR","og_type":"article","og_title":"Northern Lights Auto - Trikoma Seeds","og_description":"\u00c9 uma das nossas variedades auto florescentes de \u00faltima gera\u00e7\u00e3o mais vendidas nos \u00faltimos anos. Essa variedade \u00e9 cada vez mais parecida a sua vers\u00e3o feminizada j\u00e1 que \u00e9 a base das cruzes das variedades autom\u00e1ticas, especialmente por sua semelhan\u00e7a no tamanho, sabor e produ\u00e7\u00e3o em sua vers\u00e3o feminizada. Produz brotos duros e compactados em qualquer tipo de substrato. THC:\u00a016%","og_url":"https:\/\/www.trikomaseeds.com\/pt-br\/sementes\/northern-lights-auto\/","og_site_name":"Trikoma Seeds","article_modified_time":"2024-08-13T12:38:33+00:00","og_image":[{"width":800,"height":800,"url":"https:\/\/www.trikomaseeds.com\/wp-content\/uploads\/2019\/09\/NorthernLights_Auto_Trikoma_seeds_72-800x800.jpg","type":"image\/jpeg"}],"twitter_card":"summary_large_image","twitter_misc":{"Est. tempo de leitura":"3 minutos"},"schema":{"@context":"https:\/\/schema.org","@graph":[{"@type":"WebPage","@id":"https:\/\/www.trikomaseeds.com\/pt-br\/sementes\/northern-lights-auto\/","url":"https:\/\/www.trikomaseeds.com\/pt-br\/sementes\/northern-lights-auto\/","name":"Northern Lights Auto - Trikoma Seeds","isPartOf":{"@id":"https:\/\/www.trikomaseeds.com\/pt-br\/#website"},"primaryImageOfPage":{"@id":"https:\/\/www.trikomaseeds.com\/pt-br\/sementes\/northern-lights-auto\/#primaryimage"},"image":{"@id":"https:\/\/www.trikomaseeds.com\/pt-br\/sementes\/northern-lights-auto\/#primaryimage"},"thumbnailUrl":"https:\/\/www.trikomaseeds.com\/wp-content\/uploads\/2019\/09\/NorthernLights_Auto_Trikoma_seeds_72-800x800.jpg","datePublished":"2019-09-24T12:02:59+00:00","dateModified":"2024-08-13T12:38:33+00:00","breadcrumb":{"@id":"https:\/\/www.trikomaseeds.com\/pt-br\/sementes\/northern-lights-auto\/#breadcrumb"},"inLanguage":"pt-BR","potentialAction":[{"@type":"ReadAction","target":["https:\/\/www.trikomaseeds.com\/pt-br\/sementes\/northern-lights-auto\/"]}]},{"@type":"ImageObject","inLanguage":"pt-BR","@id":"https:\/\/www.trikomaseeds.com\/pt-br\/sementes\/northern-lights-auto\/#primaryimage","url":"https:\/\/www.trikomaseeds.com\/wp-content\/uploads\/2019\/09\/NorthernLights_Auto_Trikoma_seeds_72-800x800.jpg","contentUrl":"https:\/\/www.trikomaseeds.com\/wp-content\/uploads\/2019\/09\/NorthernLights_Auto_Trikoma_seeds_72-800x800.jpg","width":800,"height":800},{"@type":"BreadcrumbList","@id":"https:\/\/www.trikomaseeds.com\/pt-br\/sementes\/northern-lights-auto\/#breadcrumb","itemListElement":[{"@type":"ListItem","position":1,"name":"Portada","item":"https:\/\/www.trikomaseeds.com\/pt-br\/"},{"@type":"ListItem","position":2,"name":"Shop","item":"https:\/\/www.trikomaseeds.com\/pt-br\/shop\/"},{"@type":"ListItem","position":3,"name":"Northern Lights Auto"}]},{"@type":"WebSite","@id":"https:\/\/www.trikomaseeds.com\/pt-br\/#website","url":"https:\/\/www.trikomaseeds.com\/pt-br\/","name":"Trikoma Seeds","description":"Semillas de Marihuana Auto, Feminizadas y medicinales","potentialAction":[{"@type":"SearchAction","target":{"@type":"EntryPoint","urlTemplate":"https:\/\/www.trikomaseeds.com\/pt-br\/?s={search_term_string}"},"query-input":{"@type":"PropertyValueSpecification","valueRequired":true,"valueName":"search_term_string"}}],"inLanguage":"pt-BR"}]}},"_links":{"self":[{"href":"https:\/\/www.trikomaseeds.com\/pt-br\/wp-json\/wp\/v2\/product\/1204","targetHints":{"allow":["GET"]}}],"collection":[{"href":"https:\/\/www.trikomaseeds.com\/pt-br\/wp-json\/wp\/v2\/product"}],"about":[{"href":"https:\/\/www.trikomaseeds.com\/pt-br\/wp-json\/wp\/v2\/types\/product"}],"replies":[{"embeddable":true,"href":"https:\/\/www.trikomaseeds.com\/pt-br\/wp-json\/wp\/v2\/comments?post=1204"}],"wp:featuredmedia":[{"embeddable":true,"href":"https:\/\/www.trikomaseeds.com\/pt-br\/wp-json\/wp\/v2\/media\/548"}],"wp:attachment":[{"href":"https:\/\/www.trikomaseeds.com\/pt-br\/wp-json\/wp\/v2\/media?parent=1204"}],"wp:term":[{"taxonomy":"product_cat","embeddable":true,"href":"https:\/\/www.trikomaseeds.com\/pt-br\/wp-json\/wp\/v2\/product_cat?post=1204"},{"taxonomy":"product_tag","embeddable":true,"href":"https:\/\/www.trikomaseeds.com\/pt-br\/wp-json\/wp\/v2\/product_tag?post=1204"}],"curies":[{"name":"wp","href":"https:\/\/api.w.org\/{rel}","templated":true}]}}