{"id":1180,"date":"2019-10-08T11:43:16","date_gmt":"2019-10-08T09:43:16","guid":{"rendered":"http:\/\/www.trikomaseeds.com\/semillas\/nicole-og-kush\/"},"modified":"2024-10-23T14:01:43","modified_gmt":"2024-10-23T12:01:43","slug":"nicole-og-kush","status":"publish","type":"product","link":"https:\/\/www.trikomaseeds.com\/pt-br\/sementes\/nicole-og-kush\/","title":{"rendered":"Nicole OG Kush"},"content":{"rendered":"<h2 class=\"dotted_title uppercase\">Caracter\u00edsticas da Nicole OG Kush<\/h2>\n<ul class=\"check\">\n<li>Gen\u00e9tica: Nicole x Kosher Kush<\/li>\n<li>Tipo: Sativa 25% -\/\/- Indica 75%<\/li>\n<li>Produ\u00e7\u00e3o em interior: 400-450 gr.\/m<sup>2<\/sup> (com luz de 600W)<\/li>\n<li>Produ\u00e7\u00e3o em exterior: 0,75 &#8211; 1 Kg. \/planta<\/li>\n<li>Flora\u00e7\u00e3o em interior: 55-60 dias<\/li>\n<li>Flora\u00e7\u00e3o em exterior: setembro<\/li>\n<li>Flora\u00e7\u00e3o na Am\u00e9rica do Sul: mar\u00e7o<\/li>\n<\/ul>\n<h2 class=\"dotted_title uppercase\">O que \u00e9 Nicole OG Kush<\/h2>\n<p>Nicole OG Kush \u00e9 uma variedade de cannabis majoritariamente \u00edndica, resultado do cruzamento entre Nicole e Kosher Kush. Com um teor de THC que geralmente supera 20%, oferece efeitos potentes que induzem um relaxamento profundo. Esta cepa \u00e9 famosa por provocar um estado de &#8220;couch lock&#8221;, deixando voc\u00ea muito relaxado, ideal para descansar.<\/p>\n<p>O cultivo da Nicole Kush feminizada \u00e9 gratificante para cultivadores com diferentes n\u00edveis de experi\u00eancia. Sua resist\u00eancia e adaptabilidade fazem com que prospere tanto em ambientes internos quanto externos, e seu tamanho moderado a torna adequada para espa\u00e7os menores. Durante a flora\u00e7\u00e3o, que dura de 8 a 9 semanas, as plantas desenvolvem bot\u00f5es densos e resinosos, ideais para quem busca rendimentos de alta qualidade.<\/p>\n<h2 class=\"dotted_title uppercase\">Origem da Nicole OG Kush<\/h2>\n<p>As sementes feminizadas de Nicole Kush v\u00eam de um cruzamento entre duas cepas lend\u00e1rias: Nicole Kush e uma sele\u00e7\u00e3o especial de Kush. Este lineage inclui cepas aclamadas como Nicole e OG Kush, garantindo que as plantas resultantes sejam robustas e de alta qualidade.<\/p>\n<h2 class=\"dotted_title uppercase\">Efeitos da Nicole OG Kush<\/h2>\n<p>Nicole Kush produz bot\u00f5es com um aroma complexo que mistura notas terrosas, doces e picantes. Em termos de efeitos, oferece uma experi\u00eancia equilibrada entre relaxamento profundo e leve euforia, tornando-a excelente para aliviar o estresse, a ansiedade ou a dor, ou simplesmente para desfrutar de um estado de \u00e2nimo elevado.<\/p>\n","protected":false},"excerpt":{"rendered":"<p>Nicole OG Kush \u00e9 uma cepa f\u00e1cil de cultivar, com alto teor de THC, aromas de pinho e terra, e efeitos relaxantes. \u00c9 ideal para aliviar o estresse, a dor e a ansiedade.<\/p>\n<p>Esta \u00edndica \u00e9 famosa pelo seu sabor e seu potente e duradouro efeito Kush. Nicole OG Kush \u00e9 f\u00e1cil de cultivar e, durante o crescimento, apresenta tons azulados e vermelhos. Produz uma grande quantidade de resina e \u00e9 muito rica em terpenos, sendo amplamente utilizada para fazer concentrados.<\/p>\n<p>Esta cepa \u00e9 famosa por induzir o efeito conhecido como &#8220;couch lock&#8221;, ideal para quem busca um descanso completo e duradouro. \u00c9 muito apreciada tanto no \u00e2mbito recreativo quanto medicinal, sendo eficaz para tratar a falta de apetite e a ins\u00f4nia.<\/p>\n<p><strong>THC: <span class=\"destacado\">25%<\/span><\/strong><\/p>\n","protected":false},"featured_media":779,"comment_status":"open","ping_status":"closed","template":"","meta":[],"product_cat":[151],"product_tag":[],"class_list":{"0":"post-1180","1":"product","2":"type-product","3":"status-publish","4":"has-post-thumbnail","6":"product_cat-usa-strains","8":"first","9":"instock","10":"shipping-taxable","11":"purchasable","12":"product-type-variable","13":"has-default-attributes"},"yoast_head":"<!-- This site is optimized with the Yoast SEO plugin v25.6 - https:\/\/yoast.com\/wordpress\/plugins\/seo\/ -->\n<title>Nicole OG Kush \u3010 Trikoma Seeds \u3011Feminizada<\/title>\n<meta name=\"description\" content=\"Nicole Kush \u00e9 uma cepa f\u00e1cil de cultivar, com alto teor de THC e efeitos relaxantes ideais para aliviar o estresse, a dor e a ansiedade\" \/>\n<meta name=\"robots\" content=\"index, follow, max-snippet:-1, max-image-preview:large, max-video-preview:-1\" \/>\n<link rel=\"canonical\" href=\"https:\/\/www.trikomaseeds.com\/pt-br\/sementes\/nicole-og-kush\/\" \/>\n<meta property=\"og:locale\" content=\"pt_BR\" \/>\n<meta property=\"og:type\" content=\"article\" \/>\n<meta property=\"og:title\" content=\"Nicole OG Kush \u3010 Trikoma Seeds \u3011Feminizada\" \/>\n<meta property=\"og:description\" content=\"Nicole Kush \u00e9 uma cepa f\u00e1cil de cultivar, com alto teor de THC e efeitos relaxantes ideais para aliviar o estresse, a dor e a ansiedade\" \/>\n<meta property=\"og:url\" content=\"https:\/\/www.trikomaseeds.com\/pt-br\/sementes\/nicole-og-kush\/\" \/>\n<meta property=\"og:site_name\" content=\"Trikoma Seeds\" \/>\n<meta property=\"article:modified_time\" content=\"2024-10-23T12:01:43+00:00\" \/>\n<meta property=\"og:image\" content=\"https:\/\/www.trikomaseeds.com\/wp-content\/uploads\/2019\/10\/nicole-og-kush-600x600.jpg\" \/>\n\t<meta property=\"og:image:width\" content=\"600\" \/>\n\t<meta property=\"og:image:height\" content=\"600\" \/>\n\t<meta property=\"og:image:type\" content=\"image\/jpeg\" \/>\n<meta name=\"twitter:card\" content=\"summary_large_image\" \/>\n<meta name=\"twitter:label1\" content=\"Est. tempo de leitura\" \/>\n\t<meta name=\"twitter:data1\" content=\"1 minuto\" \/>\n<script type=\"application\/ld+json\" class=\"yoast-schema-graph\">{\"@context\":\"https:\/\/schema.org\",\"@graph\":[{\"@type\":\"WebPage\",\"@id\":\"https:\/\/www.trikomaseeds.com\/pt-br\/sementes\/nicole-og-kush\/\",\"url\":\"https:\/\/www.trikomaseeds.com\/pt-br\/sementes\/nicole-og-kush\/\",\"name\":\"Nicole OG Kush \u3010 Trikoma Seeds \u3011Feminizada\",\"isPartOf\":{\"@id\":\"https:\/\/www.trikomaseeds.com\/pt-br\/#website\"},\"primaryImageOfPage\":{\"@id\":\"https:\/\/www.trikomaseeds.com\/pt-br\/sementes\/nicole-og-kush\/#primaryimage\"},\"image\":{\"@id\":\"https:\/\/www.trikomaseeds.com\/pt-br\/sementes\/nicole-og-kush\/#primaryimage\"},\"thumbnailUrl\":\"https:\/\/www.trikomaseeds.com\/wp-content\/uploads\/2019\/10\/nicole-og-kush-600x600.jpg\",\"datePublished\":\"2019-10-08T09:43:16+00:00\",\"dateModified\":\"2024-10-23T12:01:43+00:00\",\"description\":\"Nicole Kush \u00e9 uma cepa f\u00e1cil de cultivar, com alto teor de THC e efeitos relaxantes ideais para aliviar o estresse, a dor e a ansiedade\",\"breadcrumb\":{\"@id\":\"https:\/\/www.trikomaseeds.com\/pt-br\/sementes\/nicole-og-kush\/#breadcrumb\"},\"inLanguage\":\"pt-BR\",\"potentialAction\":[{\"@type\":\"ReadAction\",\"target\":[\"https:\/\/www.trikomaseeds.com\/pt-br\/sementes\/nicole-og-kush\/\"]}]},{\"@type\":\"ImageObject\",\"inLanguage\":\"pt-BR\",\"@id\":\"https:\/\/www.trikomaseeds.com\/pt-br\/sementes\/nicole-og-kush\/#primaryimage\",\"url\":\"https:\/\/www.trikomaseeds.com\/wp-content\/uploads\/2019\/10\/nicole-og-kush-600x600.jpg\",\"contentUrl\":\"https:\/\/www.trikomaseeds.com\/wp-content\/uploads\/2019\/10\/nicole-og-kush-600x600.jpg\",\"width\":600,\"height\":600},{\"@type\":\"BreadcrumbList\",\"@id\":\"https:\/\/www.trikomaseeds.com\/pt-br\/sementes\/nicole-og-kush\/#breadcrumb\",\"itemListElement\":[{\"@type\":\"ListItem\",\"position\":1,\"name\":\"Portada\",\"item\":\"https:\/\/www.trikomaseeds.com\/pt-br\/\"},{\"@type\":\"ListItem\",\"position\":2,\"name\":\"Shop\",\"item\":\"https:\/\/www.trikomaseeds.com\/pt-br\/shop\/\"},{\"@type\":\"ListItem\",\"position\":3,\"name\":\"Nicole OG Kush\"}]},{\"@type\":\"WebSite\",\"@id\":\"https:\/\/www.trikomaseeds.com\/pt-br\/#website\",\"url\":\"https:\/\/www.trikomaseeds.com\/pt-br\/\",\"name\":\"Trikoma Seeds\",\"description\":\"Semillas de Marihuana Auto, Feminizadas y medicinales\",\"potentialAction\":[{\"@type\":\"SearchAction\",\"target\":{\"@type\":\"EntryPoint\",\"urlTemplate\":\"https:\/\/www.trikomaseeds.com\/pt-br\/?s={search_term_string}\"},\"query-input\":{\"@type\":\"PropertyValueSpecification\",\"valueRequired\":true,\"valueName\":\"search_term_string\"}}],\"inLanguage\":\"pt-BR\"}]}<\/script>\n<!-- \/ Yoast SEO plugin. -->","yoast_head_json":{"title":"Nicole OG Kush \u3010 Trikoma Seeds \u3011Feminizada","description":"Nicole Kush \u00e9 uma cepa f\u00e1cil de cultivar, com alto teor de THC e efeitos relaxantes ideais para aliviar o estresse, a dor e a ansiedade","robots":{"index":"index","follow":"follow","max-snippet":"max-snippet:-1","max-image-preview":"max-image-preview:large","max-video-preview":"max-video-preview:-1"},"canonical":"https:\/\/www.trikomaseeds.com\/pt-br\/sementes\/nicole-og-kush\/","og_locale":"pt_BR","og_type":"article","og_title":"Nicole OG Kush \u3010 Trikoma Seeds \u3011Feminizada","og_description":"Nicole Kush \u00e9 uma cepa f\u00e1cil de cultivar, com alto teor de THC e efeitos relaxantes ideais para aliviar o estresse, a dor e a ansiedade","og_url":"https:\/\/www.trikomaseeds.com\/pt-br\/sementes\/nicole-og-kush\/","og_site_name":"Trikoma Seeds","article_modified_time":"2024-10-23T12:01:43+00:00","og_image":[{"width":600,"height":600,"url":"https:\/\/www.trikomaseeds.com\/wp-content\/uploads\/2019\/10\/nicole-og-kush-600x600.jpg","type":"image\/jpeg"}],"twitter_card":"summary_large_image","twitter_misc":{"Est. tempo de leitura":"1 minuto"},"schema":{"@context":"https:\/\/schema.org","@graph":[{"@type":"WebPage","@id":"https:\/\/www.trikomaseeds.com\/pt-br\/sementes\/nicole-og-kush\/","url":"https:\/\/www.trikomaseeds.com\/pt-br\/sementes\/nicole-og-kush\/","name":"Nicole OG Kush \u3010 Trikoma Seeds \u3011Feminizada","isPartOf":{"@id":"https:\/\/www.trikomaseeds.com\/pt-br\/#website"},"primaryImageOfPage":{"@id":"https:\/\/www.trikomaseeds.com\/pt-br\/sementes\/nicole-og-kush\/#primaryimage"},"image":{"@id":"https:\/\/www.trikomaseeds.com\/pt-br\/sementes\/nicole-og-kush\/#primaryimage"},"thumbnailUrl":"https:\/\/www.trikomaseeds.com\/wp-content\/uploads\/2019\/10\/nicole-og-kush-600x600.jpg","datePublished":"2019-10-08T09:43:16+00:00","dateModified":"2024-10-23T12:01:43+00:00","description":"Nicole Kush \u00e9 uma cepa f\u00e1cil de cultivar, com alto teor de THC e efeitos relaxantes ideais para aliviar o estresse, a dor e a ansiedade","breadcrumb":{"@id":"https:\/\/www.trikomaseeds.com\/pt-br\/sementes\/nicole-og-kush\/#breadcrumb"},"inLanguage":"pt-BR","potentialAction":[{"@type":"ReadAction","target":["https:\/\/www.trikomaseeds.com\/pt-br\/sementes\/nicole-og-kush\/"]}]},{"@type":"ImageObject","inLanguage":"pt-BR","@id":"https:\/\/www.trikomaseeds.com\/pt-br\/sementes\/nicole-og-kush\/#primaryimage","url":"https:\/\/www.trikomaseeds.com\/wp-content\/uploads\/2019\/10\/nicole-og-kush-600x600.jpg","contentUrl":"https:\/\/www.trikomaseeds.com\/wp-content\/uploads\/2019\/10\/nicole-og-kush-600x600.jpg","width":600,"height":600},{"@type":"BreadcrumbList","@id":"https:\/\/www.trikomaseeds.com\/pt-br\/sementes\/nicole-og-kush\/#breadcrumb","itemListElement":[{"@type":"ListItem","position":1,"name":"Portada","item":"https:\/\/www.trikomaseeds.com\/pt-br\/"},{"@type":"ListItem","position":2,"name":"Shop","item":"https:\/\/www.trikomaseeds.com\/pt-br\/shop\/"},{"@type":"ListItem","position":3,"name":"Nicole OG Kush"}]},{"@type":"WebSite","@id":"https:\/\/www.trikomaseeds.com\/pt-br\/#website","url":"https:\/\/www.trikomaseeds.com\/pt-br\/","name":"Trikoma Seeds","description":"Semillas de Marihuana Auto, Feminizadas y medicinales","potentialAction":[{"@type":"SearchAction","target":{"@type":"EntryPoint","urlTemplate":"https:\/\/www.trikomaseeds.com\/pt-br\/?s={search_term_string}"},"query-input":{"@type":"PropertyValueSpecification","valueRequired":true,"valueName":"search_term_string"}}],"inLanguage":"pt-BR"}]}},"_links":{"self":[{"href":"https:\/\/www.trikomaseeds.com\/pt-br\/wp-json\/wp\/v2\/product\/1180","targetHints":{"allow":["GET"]}}],"collection":[{"href":"https:\/\/www.trikomaseeds.com\/pt-br\/wp-json\/wp\/v2\/product"}],"about":[{"href":"https:\/\/www.trikomaseeds.com\/pt-br\/wp-json\/wp\/v2\/types\/product"}],"replies":[{"embeddable":true,"href":"https:\/\/www.trikomaseeds.com\/pt-br\/wp-json\/wp\/v2\/comments?post=1180"}],"wp:featuredmedia":[{"embeddable":true,"href":"https:\/\/www.trikomaseeds.com\/pt-br\/wp-json\/wp\/v2\/media\/779"}],"wp:attachment":[{"href":"https:\/\/www.trikomaseeds.com\/pt-br\/wp-json\/wp\/v2\/media?parent=1180"}],"wp:term":[{"taxonomy":"product_cat","embeddable":true,"href":"https:\/\/www.trikomaseeds.com\/pt-br\/wp-json\/wp\/v2\/product_cat?post=1180"},{"taxonomy":"product_tag","embeddable":true,"href":"https:\/\/www.trikomaseeds.com\/pt-br\/wp-json\/wp\/v2\/product_tag?post=1180"}],"curies":[{"name":"wp","href":"https:\/\/api.w.org\/{rel}","templated":true}]}}