{"id":11558,"date":"2024-09-12T08:58:51","date_gmt":"2024-09-12T06:58:51","guid":{"rendered":"https:\/\/www.trikomaseeds.com\/semillas\/11558\/"},"modified":"2025-06-14T23:36:47","modified_gmt":"2025-06-14T21:36:47","slug":"11558","status":"publish","type":"product","link":"https:\/\/www.trikomaseeds.com\/pt-br\/sementes\/11558\/","title":{"rendered":"69.G"},"content":{"rendered":"<p><strong>CARACTER\u00cdSTICAS<\/strong><\/p>\n<ul>\n<li>Gen\u00e9tica: Amnesia x Jack Herer<\/li>\n<li>Tipo: Sativa 60% -\/\/- Indica 40%<\/li>\n<li>Produ\u00e7\u00e3o em interior: 550 gr.\/m\u00b2 (com luz de 600W)<\/li>\n<li>Produ\u00e7\u00e3o em exterior: 1 \u2013 1,5 Kg \/planta<\/li>\n<li>Flora\u00e7\u00e3o em interior: 70 dias<\/li>\n<li>Flora\u00e7\u00e3o em exterior: 2\/4 de outubro<\/li>\n<li>Flora\u00e7\u00e3o na Am\u00e9rica do Sul: 2\/4 de abril<\/li>\n<\/ul>\n","protected":false},"excerpt":{"rendered":"<p>Alcance um novo n\u00edvel de sensa\u00e7\u00f5es!<br \/>\nEstamos orgulhosos de ter criado um h\u00edbrido tentador com a for\u00e7a de Jack Herer e<br \/>\na euforia de Amnesia. Nossa nova variedade <strong>69G<\/strong> n\u00e3o apenas aumentar\u00e1 sua energia e<br \/>\nelevar\u00e1 seu humor, mas tamb\u00e9m estimular\u00e1 seu desejo sexual. Com um n\u00edvel<br \/>\nde THC de 22% e uma gen\u00e9tica sativa de 60%, esta variedade traz sensa\u00e7\u00f5es<br \/>\nvibrantes para momentos \u00edntimos, elevando o prazer em suas rela\u00e7\u00f5es sexuais a um<br \/>\nnovo n\u00edvel.<br \/>\nA combina\u00e7\u00e3o da alta produ\u00e7\u00e3o de Amnesia e do alto n\u00edvel de THC de Jack Herer<br \/>\nn\u00e3o \u00e9 apenas uma nova variedade da Trikoma Seeds, mas tamb\u00e9m sua nova fonte de<br \/>\ninspira\u00e7\u00e3o sexual.<\/p>\n<p><strong>THC: 22%<\/strong><\/p>\n","protected":false},"featured_media":11568,"comment_status":"open","ping_status":"closed","template":"","meta":[],"product_cat":[114],"product_tag":[],"class_list":{"0":"post-11558","1":"product","2":"type-product","3":"status-publish","4":"has-post-thumbnail","6":"product_cat-feminizadas-pt-br","8":"first","9":"instock","10":"shipping-taxable","11":"purchasable","12":"product-type-variable","13":"has-default-attributes"},"yoast_head":"<!-- This site is optimized with the Yoast SEO plugin v25.6 - https:\/\/yoast.com\/wordpress\/plugins\/seo\/ -->\n<title>69.G - Trikoma Seeds<\/title>\n<meta name=\"robots\" content=\"index, follow, max-snippet:-1, max-image-preview:large, max-video-preview:-1\" \/>\n<link rel=\"canonical\" href=\"https:\/\/www.trikomaseeds.com\/pt-br\/sementes\/11558\/\" \/>\n<meta property=\"og:locale\" content=\"pt_BR\" \/>\n<meta property=\"og:type\" content=\"article\" \/>\n<meta property=\"og:title\" content=\"69.G - Trikoma Seeds\" \/>\n<meta property=\"og:description\" content=\"Alcance um novo n\u00edvel de sensa\u00e7\u00f5es! Estamos orgulhosos de ter criado um h\u00edbrido tentador com a for\u00e7a de Jack Herer e a euforia de Amnesia. Nossa nova variedade 69G n\u00e3o apenas aumentar\u00e1 sua energia e elevar\u00e1 seu humor, mas tamb\u00e9m estimular\u00e1 seu desejo sexual. Com um n\u00edvel de THC de 22% e uma gen\u00e9tica sativa de 60%, esta variedade traz sensa\u00e7\u00f5es vibrantes para momentos \u00edntimos, elevando o prazer em suas rela\u00e7\u00f5es sexuais a um novo n\u00edvel. A combina\u00e7\u00e3o da alta produ\u00e7\u00e3o de Amnesia e do alto n\u00edvel de THC de Jack Herer n\u00e3o \u00e9 apenas uma nova variedade da Trikoma Seeds, mas tamb\u00e9m sua nova fonte de inspira\u00e7\u00e3o sexual. THC: 22%\" \/>\n<meta property=\"og:url\" content=\"https:\/\/www.trikomaseeds.com\/pt-br\/sementes\/11558\/\" \/>\n<meta property=\"og:site_name\" content=\"Trikoma Seeds\" \/>\n<meta property=\"article:modified_time\" content=\"2025-06-14T21:36:47+00:00\" \/>\n<meta property=\"og:image\" content=\"https:\/\/www.trikomaseeds.com\/wp-content\/uploads\/2024\/09\/g96-1.jpg\" \/>\n\t<meta property=\"og:image:width\" content=\"512\" \/>\n\t<meta property=\"og:image:height\" content=\"512\" \/>\n\t<meta property=\"og:image:type\" content=\"image\/jpeg\" \/>\n<meta name=\"twitter:card\" content=\"summary_large_image\" \/>\n<script type=\"application\/ld+json\" class=\"yoast-schema-graph\">{\"@context\":\"https:\/\/schema.org\",\"@graph\":[{\"@type\":\"WebPage\",\"@id\":\"https:\/\/www.trikomaseeds.com\/pt-br\/sementes\/11558\/\",\"url\":\"https:\/\/www.trikomaseeds.com\/pt-br\/sementes\/11558\/\",\"name\":\"69.G - Trikoma Seeds\",\"isPartOf\":{\"@id\":\"https:\/\/www.trikomaseeds.com\/pt-br\/#website\"},\"primaryImageOfPage\":{\"@id\":\"https:\/\/www.trikomaseeds.com\/pt-br\/sementes\/11558\/#primaryimage\"},\"image\":{\"@id\":\"https:\/\/www.trikomaseeds.com\/pt-br\/sementes\/11558\/#primaryimage\"},\"thumbnailUrl\":\"https:\/\/www.trikomaseeds.com\/wp-content\/uploads\/2024\/09\/g96-1.jpg\",\"datePublished\":\"2024-09-12T06:58:51+00:00\",\"dateModified\":\"2025-06-14T21:36:47+00:00\",\"breadcrumb\":{\"@id\":\"https:\/\/www.trikomaseeds.com\/pt-br\/sementes\/11558\/#breadcrumb\"},\"inLanguage\":\"pt-BR\",\"potentialAction\":[{\"@type\":\"ReadAction\",\"target\":[\"https:\/\/www.trikomaseeds.com\/pt-br\/sementes\/11558\/\"]}]},{\"@type\":\"ImageObject\",\"inLanguage\":\"pt-BR\",\"@id\":\"https:\/\/www.trikomaseeds.com\/pt-br\/sementes\/11558\/#primaryimage\",\"url\":\"https:\/\/www.trikomaseeds.com\/wp-content\/uploads\/2024\/09\/g96-1.jpg\",\"contentUrl\":\"https:\/\/www.trikomaseeds.com\/wp-content\/uploads\/2024\/09\/g96-1.jpg\",\"width\":512,\"height\":512,\"caption\":\"g96\"},{\"@type\":\"BreadcrumbList\",\"@id\":\"https:\/\/www.trikomaseeds.com\/pt-br\/sementes\/11558\/#breadcrumb\",\"itemListElement\":[{\"@type\":\"ListItem\",\"position\":1,\"name\":\"Portada\",\"item\":\"https:\/\/www.trikomaseeds.com\/pt-br\/\"},{\"@type\":\"ListItem\",\"position\":2,\"name\":\"Shop\",\"item\":\"https:\/\/www.trikomaseeds.com\/pt-br\/shop\/\"},{\"@type\":\"ListItem\",\"position\":3,\"name\":\"69.G\"}]},{\"@type\":\"WebSite\",\"@id\":\"https:\/\/www.trikomaseeds.com\/pt-br\/#website\",\"url\":\"https:\/\/www.trikomaseeds.com\/pt-br\/\",\"name\":\"Trikoma Seeds\",\"description\":\"Semillas de Marihuana Auto, Feminizadas y medicinales\",\"potentialAction\":[{\"@type\":\"SearchAction\",\"target\":{\"@type\":\"EntryPoint\",\"urlTemplate\":\"https:\/\/www.trikomaseeds.com\/pt-br\/?s={search_term_string}\"},\"query-input\":{\"@type\":\"PropertyValueSpecification\",\"valueRequired\":true,\"valueName\":\"search_term_string\"}}],\"inLanguage\":\"pt-BR\"}]}<\/script>\n<!-- \/ Yoast SEO plugin. -->","yoast_head_json":{"title":"69.G - Trikoma Seeds","robots":{"index":"index","follow":"follow","max-snippet":"max-snippet:-1","max-image-preview":"max-image-preview:large","max-video-preview":"max-video-preview:-1"},"canonical":"https:\/\/www.trikomaseeds.com\/pt-br\/sementes\/11558\/","og_locale":"pt_BR","og_type":"article","og_title":"69.G - Trikoma Seeds","og_description":"Alcance um novo n\u00edvel de sensa\u00e7\u00f5es! Estamos orgulhosos de ter criado um h\u00edbrido tentador com a for\u00e7a de Jack Herer e a euforia de Amnesia. Nossa nova variedade 69G n\u00e3o apenas aumentar\u00e1 sua energia e elevar\u00e1 seu humor, mas tamb\u00e9m estimular\u00e1 seu desejo sexual. Com um n\u00edvel de THC de 22% e uma gen\u00e9tica sativa de 60%, esta variedade traz sensa\u00e7\u00f5es vibrantes para momentos \u00edntimos, elevando o prazer em suas rela\u00e7\u00f5es sexuais a um novo n\u00edvel. A combina\u00e7\u00e3o da alta produ\u00e7\u00e3o de Amnesia e do alto n\u00edvel de THC de Jack Herer n\u00e3o \u00e9 apenas uma nova variedade da Trikoma Seeds, mas tamb\u00e9m sua nova fonte de inspira\u00e7\u00e3o sexual. THC: 22%","og_url":"https:\/\/www.trikomaseeds.com\/pt-br\/sementes\/11558\/","og_site_name":"Trikoma Seeds","article_modified_time":"2025-06-14T21:36:47+00:00","og_image":[{"width":512,"height":512,"url":"https:\/\/www.trikomaseeds.com\/wp-content\/uploads\/2024\/09\/g96-1.jpg","type":"image\/jpeg"}],"twitter_card":"summary_large_image","schema":{"@context":"https:\/\/schema.org","@graph":[{"@type":"WebPage","@id":"https:\/\/www.trikomaseeds.com\/pt-br\/sementes\/11558\/","url":"https:\/\/www.trikomaseeds.com\/pt-br\/sementes\/11558\/","name":"69.G - Trikoma Seeds","isPartOf":{"@id":"https:\/\/www.trikomaseeds.com\/pt-br\/#website"},"primaryImageOfPage":{"@id":"https:\/\/www.trikomaseeds.com\/pt-br\/sementes\/11558\/#primaryimage"},"image":{"@id":"https:\/\/www.trikomaseeds.com\/pt-br\/sementes\/11558\/#primaryimage"},"thumbnailUrl":"https:\/\/www.trikomaseeds.com\/wp-content\/uploads\/2024\/09\/g96-1.jpg","datePublished":"2024-09-12T06:58:51+00:00","dateModified":"2025-06-14T21:36:47+00:00","breadcrumb":{"@id":"https:\/\/www.trikomaseeds.com\/pt-br\/sementes\/11558\/#breadcrumb"},"inLanguage":"pt-BR","potentialAction":[{"@type":"ReadAction","target":["https:\/\/www.trikomaseeds.com\/pt-br\/sementes\/11558\/"]}]},{"@type":"ImageObject","inLanguage":"pt-BR","@id":"https:\/\/www.trikomaseeds.com\/pt-br\/sementes\/11558\/#primaryimage","url":"https:\/\/www.trikomaseeds.com\/wp-content\/uploads\/2024\/09\/g96-1.jpg","contentUrl":"https:\/\/www.trikomaseeds.com\/wp-content\/uploads\/2024\/09\/g96-1.jpg","width":512,"height":512,"caption":"g96"},{"@type":"BreadcrumbList","@id":"https:\/\/www.trikomaseeds.com\/pt-br\/sementes\/11558\/#breadcrumb","itemListElement":[{"@type":"ListItem","position":1,"name":"Portada","item":"https:\/\/www.trikomaseeds.com\/pt-br\/"},{"@type":"ListItem","position":2,"name":"Shop","item":"https:\/\/www.trikomaseeds.com\/pt-br\/shop\/"},{"@type":"ListItem","position":3,"name":"69.G"}]},{"@type":"WebSite","@id":"https:\/\/www.trikomaseeds.com\/pt-br\/#website","url":"https:\/\/www.trikomaseeds.com\/pt-br\/","name":"Trikoma Seeds","description":"Semillas de Marihuana Auto, Feminizadas y medicinales","potentialAction":[{"@type":"SearchAction","target":{"@type":"EntryPoint","urlTemplate":"https:\/\/www.trikomaseeds.com\/pt-br\/?s={search_term_string}"},"query-input":{"@type":"PropertyValueSpecification","valueRequired":true,"valueName":"search_term_string"}}],"inLanguage":"pt-BR"}]}},"_links":{"self":[{"href":"https:\/\/www.trikomaseeds.com\/pt-br\/wp-json\/wp\/v2\/product\/11558","targetHints":{"allow":["GET"]}}],"collection":[{"href":"https:\/\/www.trikomaseeds.com\/pt-br\/wp-json\/wp\/v2\/product"}],"about":[{"href":"https:\/\/www.trikomaseeds.com\/pt-br\/wp-json\/wp\/v2\/types\/product"}],"replies":[{"embeddable":true,"href":"https:\/\/www.trikomaseeds.com\/pt-br\/wp-json\/wp\/v2\/comments?post=11558"}],"wp:featuredmedia":[{"embeddable":true,"href":"https:\/\/www.trikomaseeds.com\/pt-br\/wp-json\/wp\/v2\/media\/11568"}],"wp:attachment":[{"href":"https:\/\/www.trikomaseeds.com\/pt-br\/wp-json\/wp\/v2\/media?parent=11558"}],"wp:term":[{"taxonomy":"product_cat","embeddable":true,"href":"https:\/\/www.trikomaseeds.com\/pt-br\/wp-json\/wp\/v2\/product_cat?post=11558"},{"taxonomy":"product_tag","embeddable":true,"href":"https:\/\/www.trikomaseeds.com\/pt-br\/wp-json\/wp\/v2\/product_tag?post=11558"}],"curies":[{"name":"wp","href":"https:\/\/api.w.org\/{rel}","templated":true}]}}