{"id":1120,"date":"2019-09-24T14:19:35","date_gmt":"2019-09-24T12:19:35","guid":{"rendered":"http:\/\/www.trikomaseeds.com\/semillas\/jack-herer\/"},"modified":"2024-06-21T11:49:47","modified_gmt":"2024-06-21T09:49:47","slug":"jack-herer","status":"publish","type":"product","link":"https:\/\/www.trikomaseeds.com\/pt-br\/sementes\/jack-herer\/","title":{"rendered":"Jack Herer"},"content":{"rendered":"<h2>Ficha t\u00e9cnica de Jack Herer de Trikoma Seeds<\/h2>\n<ul>\n<li>Gen\u00e9tica: Jack Herer<\/li>\n<li>Tipo: Sativa 90% -\/\/- Indica 10%<\/li>\n<li>Producci\u00f3n en interior: 550 gr.\/m<sup>2<\/sup> (con luz de 600W)<\/li>\n<li>Producci\u00f3n en exterior: 1 &#8211; 2 Kg.\/planta<\/li>\n<li>Floraci\u00f3n en interior: 77 &#8211; 85 d\u00edas<\/li>\n<li>Floraci\u00f3n en exterior: Finales de octubre<\/li>\n<li>Floraci\u00f3n en Sudam\u00e9rica: Finales de abril<\/li>\n<\/ul>\n<h2>Qu\u00e9 es Jack Herer de Trikoma Seeds<\/h2>\n<p>Jack Herer es uma variedade oficialmente reconhecida como uma das poucas variedades de cannabis medicinal nos Pa\u00edses Baixos. \u00c9 um exemplo supremo de pot\u00eancia, alto rendimento e n\u00edveis sobressalentes de resina e THC que a distinguem no mundo da cannabis. <\/p>\n<p>A variedade Jack Herer foi nomeada em homenagem ao ic\u00f4nico ativista da cannabis e alcan\u00e7ou renome devido \u00e0 sua gen\u00e9tica excepcional. Este h\u00edbrido dominante de Sativa surge da combina\u00e7\u00e3o de Haze, Northern Lights #5 e Shiva Skunk, resultando em uma cepa equilibrada e vers\u00e1til.<\/p>\n<p>Com n\u00edveis de THC variando entre 18% e 23%, Jack Herer oferece uma experi\u00eancia edificante e criativa. Seus efeitos come\u00e7am com uma explos\u00e3o de energia, criatividade e euforia, seguidos por uma sensa\u00e7\u00e3o calmante e relaxante. Esta ampla gama de efeitos a torna uma escolha popular entre os entusiastas da cannabis. Al\u00e9m de sua gen\u00e9tica, esta cepa honra o legado de Jack Herer e sua incans\u00e1vel defesa da cannabis.<\/p>\n<p>Se voc\u00ea procura uma experi\u00eancia can\u00e1bica potente e vers\u00e1til, a variedade Jack Herer \u00e9 sem d\u00favida uma excelente op\u00e7\u00e3o que combina hist\u00f3ria, pot\u00eancia e efeitos equilibrados. As plantas de Jack Herer geralmente s\u00e3o altas e esbeltas, com folhas longas e esbeltas.<\/p>\n<h2>Produ\u00e7\u00e3o de Jack Herer<\/h2>\n<p>A produ\u00e7\u00e3o de Jack Herer \u00e9 excepcional em todos os aspectos. \u00c9 uma variedade que se destaca por suas flores abundantes, alta concentra\u00e7\u00e3o de resina, ricos terpenos e especialmente por seu conte\u00fado de cannabinoides. Os buds s\u00e3o caracterizados por serem longos e cobertos por uma abundante camada de tricomas.<\/p>\n<p>Tanto em cultivo indoor quanto outdoor, Jack Herer demonstra sua versatilidade e generosidade. Em ambientes indoor, \u00e9 poss\u00edvel alcan\u00e7ar o desej\u00e1vel rendimento de um grama por watt ou at\u00e9 mesmo super\u00e1-lo, desde que sejam gerenciadas adequadamente as condi\u00e7\u00f5es de luz, \u00e1gua e nutrientes. Esta variedade recompensa os cultivadores com colheitas significativas quando se aproveita ao m\u00e1ximo seu potencial gen\u00e9tico.<\/p>\n<p>Em outdoor, sob condi\u00e7\u00f5es clim\u00e1ticas \u00f3timas de clima quente e ensolarado, Jack Herer pode produzir at\u00e9 um quilograma por planta. Isso \u00e9 alcan\u00e7ado fornecendo um substrato rico, longas horas de luz solar direta e uma adequada alimenta\u00e7\u00e3o com \u00e1gua e fertilizantes. Estas condi\u00e7\u00f5es permitem que a planta expresse todo seu vigor e potencial, oferecendo colheitas abundantes e de alta qualidade.<\/p>\n<p>Com uma fase de flora\u00e7\u00e3o que geralmente varia entre 8 e 10 semanas, Jack Herer \u00e9 uma escolha popular entre os cultivadores por sua capacidade de alcan\u00e7ar rendimentos significativos tanto em ambientes internos quanto externos. Sua combina\u00e7\u00e3o de vigor, produ\u00e7\u00e3o e qualidade a torna uma escolha destacada para quem busca obter o melhor da cannabis em termos de quantidade e qualidade de colheita.<\/p>\n<h2>Aromas e sabores de Jack Herer<\/h2>\n<p>A variedade Jack Herer \u00e9 conhecida por sua consist\u00eancia em efeito, sabor e aroma. \u00c9 reconhecida por um subid\u00e3o cerebral de alta energia que se complementa com um efeito corporal impressionante. Esta combina\u00e7\u00e3o pode fazer voc\u00ea sentir que o ch\u00e3o est\u00e1 tremendo sob seus p\u00e9s enquanto sua mente se eleva \u00e0 estratosfera. Os usu\u00e1rios a descrevem como uma experi\u00eancia estimulante e relaxante ao mesmo tempo. \u00c9 ideal para aqueles que procuram uma experi\u00eancia psicoativa intensa e gratificante.<\/p>\n<p>Quanto ao sabor e aroma, Jack Herer oferece uma experi\u00eancia \u00fanica. Durante o cultivo em interior, as plantas t\u00eam um aroma sutil, tornando-as uma excelente escolha para os cultivadores que precisam de discri\u00e7\u00e3o. No entanto, \u00e9 ap\u00f3s o secagem que essas flores revelam seu bouquet arom\u00e1tico completo e distintivo. Os buds exalam um aroma complexo e penetrante que lembra haxixe, com notas que podem incluir sabores afeg\u00e3os e frutados de skunk, dependendo do fen\u00f3tipo espec\u00edfico.<\/p>\n<p>Jack Herer n\u00e3o apenas oferece um efeito consistente e equilibrado que combina estimula\u00e7\u00e3o mental com relaxamento f\u00edsico, mas tamb\u00e9m uma experi\u00eancia sensorial enriquecedora gra\u00e7as ao seu perfil de sabor e aroma \u00fanicos. \u00c9 uma escolha popular tanto para os usu\u00e1rios recreativos quanto medicinais que buscam uma variedade de cannabis que atenda consistentemente \u00e0s suas necessidades e seja gratificante.<\/p>\n","protected":false},"excerpt":{"rendered":"<p><strong>Jack Herer<\/strong> \u00e9 conhecida por ser um h\u00edbrido dominante de Sativa e uma das mais produtivas do seu tipo. Oferece um efeito cerebral muito l\u00facido e uma forte inje\u00e7\u00e3o de energia com uma sensa\u00e7\u00e3o euf\u00f3rica e revigorante, o que a torna popular entre usu\u00e1rios m\u00e9dicos e recreativos. Esta variedade \u00e9 caracterizada pelas propriedades comuns das variedades Haze, como um efeito psicoativo pronunciado e per\u00edodos de flora\u00e7\u00e3o mais longos. Quanto ao sabor, apresenta um leve toque de lima e um aroma a incenso. Desenvolve hastes grossas e alongadas, alcan\u00e7ando um grande tamanho e altura. Jack Herer tamb\u00e9m ganhou m\u00faltiplos pr\u00eamios na Cannabis Cup por sua qualidade e perfil de sabor atrativo.<\/p>\n<p>Jack Herer pode ser cultivada em ambientes internos (com um per\u00edodo de flora\u00e7\u00e3o de \u00b181 dias) e externos, e temos dispon\u00edvel a vers\u00e3o autom\u00e1tica. Como todas as Sativas, \u00e9 um pouco mais complicada de cultivar, mas uma vez que voc\u00ea a cultiva, se tornar\u00e1 uma de suas favoritas.<\/p>\n<p><strong>THC: 20%<\/strong><\/p>\n","protected":false},"featured_media":611,"comment_status":"open","ping_status":"closed","template":"","meta":[],"product_cat":[114],"product_tag":[],"class_list":{"0":"post-1120","1":"product","2":"type-product","3":"status-publish","4":"has-post-thumbnail","6":"product_cat-feminizadas-pt-br","8":"first","9":"instock","10":"shipping-taxable","11":"purchasable","12":"product-type-variable","13":"has-default-attributes"},"yoast_head":"<!-- This site is optimized with the Yoast SEO plugin v25.6 - https:\/\/yoast.com\/wordpress\/plugins\/seo\/ -->\n<title>Jack Herer [Trikoma Seeds] Feminizada<\/title>\n<meta name=\"description\" content=\"Jack Herer da Trikoma Seeds \u00e9 uma sativa potente com um per\u00edodo de flora\u00e7\u00e3o curto e um efeito cerebral euf\u00f3rico. Cultive um mito do cannabis.\" \/>\n<meta name=\"robots\" content=\"index, follow, max-snippet:-1, max-image-preview:large, max-video-preview:-1\" \/>\n<link rel=\"canonical\" href=\"https:\/\/www.trikomaseeds.com\/pt-br\/sementes\/jack-herer\/\" \/>\n<meta property=\"og:locale\" content=\"pt_BR\" \/>\n<meta property=\"og:type\" content=\"article\" \/>\n<meta property=\"og:title\" content=\"Jack Herer [Trikoma Seeds] Feminizada\" \/>\n<meta property=\"og:description\" content=\"Jack Herer da Trikoma Seeds \u00e9 uma sativa potente com um per\u00edodo de flora\u00e7\u00e3o curto e um efeito cerebral euf\u00f3rico. Cultive um mito do cannabis.\" \/>\n<meta property=\"og:url\" content=\"https:\/\/www.trikomaseeds.com\/pt-br\/sementes\/jack-herer\/\" \/>\n<meta property=\"og:site_name\" content=\"Trikoma Seeds\" \/>\n<meta property=\"article:modified_time\" content=\"2024-06-21T09:49:47+00:00\" \/>\n<meta property=\"og:image\" content=\"https:\/\/www.trikomaseeds.com\/wp-content\/uploads\/2019\/09\/JackHerer_Trikoma_seeds_72-800x800.jpg\" \/>\n\t<meta property=\"og:image:width\" content=\"800\" \/>\n\t<meta property=\"og:image:height\" content=\"800\" \/>\n\t<meta property=\"og:image:type\" content=\"image\/jpeg\" \/>\n<meta name=\"twitter:card\" content=\"summary_large_image\" \/>\n<meta name=\"twitter:label1\" content=\"Est. tempo de leitura\" \/>\n\t<meta name=\"twitter:data1\" content=\"4 minutos\" \/>\n<script type=\"application\/ld+json\" class=\"yoast-schema-graph\">{\"@context\":\"https:\/\/schema.org\",\"@graph\":[{\"@type\":\"WebPage\",\"@id\":\"https:\/\/www.trikomaseeds.com\/pt-br\/sementes\/jack-herer\/\",\"url\":\"https:\/\/www.trikomaseeds.com\/pt-br\/sementes\/jack-herer\/\",\"name\":\"Jack Herer [Trikoma Seeds] Feminizada\",\"isPartOf\":{\"@id\":\"https:\/\/www.trikomaseeds.com\/pt-br\/#website\"},\"primaryImageOfPage\":{\"@id\":\"https:\/\/www.trikomaseeds.com\/pt-br\/sementes\/jack-herer\/#primaryimage\"},\"image\":{\"@id\":\"https:\/\/www.trikomaseeds.com\/pt-br\/sementes\/jack-herer\/#primaryimage\"},\"thumbnailUrl\":\"https:\/\/www.trikomaseeds.com\/wp-content\/uploads\/2019\/09\/JackHerer_Trikoma_seeds_72-800x800.jpg\",\"datePublished\":\"2019-09-24T12:19:35+00:00\",\"dateModified\":\"2024-06-21T09:49:47+00:00\",\"description\":\"Jack Herer da Trikoma Seeds \u00e9 uma sativa potente com um per\u00edodo de flora\u00e7\u00e3o curto e um efeito cerebral euf\u00f3rico. Cultive um mito do cannabis.\",\"breadcrumb\":{\"@id\":\"https:\/\/www.trikomaseeds.com\/pt-br\/sementes\/jack-herer\/#breadcrumb\"},\"inLanguage\":\"pt-BR\",\"potentialAction\":[{\"@type\":\"ReadAction\",\"target\":[\"https:\/\/www.trikomaseeds.com\/pt-br\/sementes\/jack-herer\/\"]}]},{\"@type\":\"ImageObject\",\"inLanguage\":\"pt-BR\",\"@id\":\"https:\/\/www.trikomaseeds.com\/pt-br\/sementes\/jack-herer\/#primaryimage\",\"url\":\"https:\/\/www.trikomaseeds.com\/wp-content\/uploads\/2019\/09\/JackHerer_Trikoma_seeds_72-800x800.jpg\",\"contentUrl\":\"https:\/\/www.trikomaseeds.com\/wp-content\/uploads\/2019\/09\/JackHerer_Trikoma_seeds_72-800x800.jpg\",\"width\":800,\"height\":800},{\"@type\":\"BreadcrumbList\",\"@id\":\"https:\/\/www.trikomaseeds.com\/pt-br\/sementes\/jack-herer\/#breadcrumb\",\"itemListElement\":[{\"@type\":\"ListItem\",\"position\":1,\"name\":\"Portada\",\"item\":\"https:\/\/www.trikomaseeds.com\/pt-br\/\"},{\"@type\":\"ListItem\",\"position\":2,\"name\":\"Shop\",\"item\":\"https:\/\/www.trikomaseeds.com\/pt-br\/shop\/\"},{\"@type\":\"ListItem\",\"position\":3,\"name\":\"Jack Herer\"}]},{\"@type\":\"WebSite\",\"@id\":\"https:\/\/www.trikomaseeds.com\/pt-br\/#website\",\"url\":\"https:\/\/www.trikomaseeds.com\/pt-br\/\",\"name\":\"Trikoma Seeds\",\"description\":\"Semillas de Marihuana Auto, Feminizadas y medicinales\",\"potentialAction\":[{\"@type\":\"SearchAction\",\"target\":{\"@type\":\"EntryPoint\",\"urlTemplate\":\"https:\/\/www.trikomaseeds.com\/pt-br\/?s={search_term_string}\"},\"query-input\":{\"@type\":\"PropertyValueSpecification\",\"valueRequired\":true,\"valueName\":\"search_term_string\"}}],\"inLanguage\":\"pt-BR\"}]}<\/script>\n<!-- \/ Yoast SEO plugin. -->","yoast_head_json":{"title":"Jack Herer [Trikoma Seeds] Feminizada","description":"Jack Herer da Trikoma Seeds \u00e9 uma sativa potente com um per\u00edodo de flora\u00e7\u00e3o curto e um efeito cerebral euf\u00f3rico. Cultive um mito do cannabis.","robots":{"index":"index","follow":"follow","max-snippet":"max-snippet:-1","max-image-preview":"max-image-preview:large","max-video-preview":"max-video-preview:-1"},"canonical":"https:\/\/www.trikomaseeds.com\/pt-br\/sementes\/jack-herer\/","og_locale":"pt_BR","og_type":"article","og_title":"Jack Herer [Trikoma Seeds] Feminizada","og_description":"Jack Herer da Trikoma Seeds \u00e9 uma sativa potente com um per\u00edodo de flora\u00e7\u00e3o curto e um efeito cerebral euf\u00f3rico. Cultive um mito do cannabis.","og_url":"https:\/\/www.trikomaseeds.com\/pt-br\/sementes\/jack-herer\/","og_site_name":"Trikoma Seeds","article_modified_time":"2024-06-21T09:49:47+00:00","og_image":[{"width":800,"height":800,"url":"https:\/\/www.trikomaseeds.com\/wp-content\/uploads\/2019\/09\/JackHerer_Trikoma_seeds_72-800x800.jpg","type":"image\/jpeg"}],"twitter_card":"summary_large_image","twitter_misc":{"Est. tempo de leitura":"4 minutos"},"schema":{"@context":"https:\/\/schema.org","@graph":[{"@type":"WebPage","@id":"https:\/\/www.trikomaseeds.com\/pt-br\/sementes\/jack-herer\/","url":"https:\/\/www.trikomaseeds.com\/pt-br\/sementes\/jack-herer\/","name":"Jack Herer [Trikoma Seeds] Feminizada","isPartOf":{"@id":"https:\/\/www.trikomaseeds.com\/pt-br\/#website"},"primaryImageOfPage":{"@id":"https:\/\/www.trikomaseeds.com\/pt-br\/sementes\/jack-herer\/#primaryimage"},"image":{"@id":"https:\/\/www.trikomaseeds.com\/pt-br\/sementes\/jack-herer\/#primaryimage"},"thumbnailUrl":"https:\/\/www.trikomaseeds.com\/wp-content\/uploads\/2019\/09\/JackHerer_Trikoma_seeds_72-800x800.jpg","datePublished":"2019-09-24T12:19:35+00:00","dateModified":"2024-06-21T09:49:47+00:00","description":"Jack Herer da Trikoma Seeds \u00e9 uma sativa potente com um per\u00edodo de flora\u00e7\u00e3o curto e um efeito cerebral euf\u00f3rico. Cultive um mito do cannabis.","breadcrumb":{"@id":"https:\/\/www.trikomaseeds.com\/pt-br\/sementes\/jack-herer\/#breadcrumb"},"inLanguage":"pt-BR","potentialAction":[{"@type":"ReadAction","target":["https:\/\/www.trikomaseeds.com\/pt-br\/sementes\/jack-herer\/"]}]},{"@type":"ImageObject","inLanguage":"pt-BR","@id":"https:\/\/www.trikomaseeds.com\/pt-br\/sementes\/jack-herer\/#primaryimage","url":"https:\/\/www.trikomaseeds.com\/wp-content\/uploads\/2019\/09\/JackHerer_Trikoma_seeds_72-800x800.jpg","contentUrl":"https:\/\/www.trikomaseeds.com\/wp-content\/uploads\/2019\/09\/JackHerer_Trikoma_seeds_72-800x800.jpg","width":800,"height":800},{"@type":"BreadcrumbList","@id":"https:\/\/www.trikomaseeds.com\/pt-br\/sementes\/jack-herer\/#breadcrumb","itemListElement":[{"@type":"ListItem","position":1,"name":"Portada","item":"https:\/\/www.trikomaseeds.com\/pt-br\/"},{"@type":"ListItem","position":2,"name":"Shop","item":"https:\/\/www.trikomaseeds.com\/pt-br\/shop\/"},{"@type":"ListItem","position":3,"name":"Jack Herer"}]},{"@type":"WebSite","@id":"https:\/\/www.trikomaseeds.com\/pt-br\/#website","url":"https:\/\/www.trikomaseeds.com\/pt-br\/","name":"Trikoma Seeds","description":"Semillas de Marihuana Auto, Feminizadas y medicinales","potentialAction":[{"@type":"SearchAction","target":{"@type":"EntryPoint","urlTemplate":"https:\/\/www.trikomaseeds.com\/pt-br\/?s={search_term_string}"},"query-input":{"@type":"PropertyValueSpecification","valueRequired":true,"valueName":"search_term_string"}}],"inLanguage":"pt-BR"}]}},"_links":{"self":[{"href":"https:\/\/www.trikomaseeds.com\/pt-br\/wp-json\/wp\/v2\/product\/1120","targetHints":{"allow":["GET"]}}],"collection":[{"href":"https:\/\/www.trikomaseeds.com\/pt-br\/wp-json\/wp\/v2\/product"}],"about":[{"href":"https:\/\/www.trikomaseeds.com\/pt-br\/wp-json\/wp\/v2\/types\/product"}],"replies":[{"embeddable":true,"href":"https:\/\/www.trikomaseeds.com\/pt-br\/wp-json\/wp\/v2\/comments?post=1120"}],"wp:featuredmedia":[{"embeddable":true,"href":"https:\/\/www.trikomaseeds.com\/pt-br\/wp-json\/wp\/v2\/media\/611"}],"wp:attachment":[{"href":"https:\/\/www.trikomaseeds.com\/pt-br\/wp-json\/wp\/v2\/media?parent=1120"}],"wp:term":[{"taxonomy":"product_cat","embeddable":true,"href":"https:\/\/www.trikomaseeds.com\/pt-br\/wp-json\/wp\/v2\/product_cat?post=1120"},{"taxonomy":"product_tag","embeddable":true,"href":"https:\/\/www.trikomaseeds.com\/pt-br\/wp-json\/wp\/v2\/product_tag?post=1120"}],"curies":[{"name":"wp","href":"https:\/\/api.w.org\/{rel}","templated":true}]}}