{"id":1099,"date":"2019-10-08T11:37:26","date_gmt":"2019-10-08T09:37:26","guid":{"rendered":"http:\/\/www.trikomaseeds.com\/semillas\/gorilla\/"},"modified":"2025-03-31T05:58:04","modified_gmt":"2025-03-31T03:58:04","slug":"gorilla","status":"publish","type":"product","link":"https:\/\/www.trikomaseeds.com\/pt-br\/sementes\/gorilla\/","title":{"rendered":"Gorilla"},"content":{"rendered":"<h3 class=\"dotted_title uppercase\">CARACTER\u00cdSTICAS<\/h3>\n<ul class=\"check\">\n<li>Genetico: Chem Sis x Sour Dubb<\/li>\n<li>Tipo: Sativa 45% -\/\/- Indica 55%<\/li>\n<li>Produ\u00e7\u00e3o interior: 400 gr.\/m<sup>2<\/sup>\u00a0(Com luz 600W)<\/li>\n<li>Produ\u00e7\u00e3o exterior: 0.5 &#8211; 1 Kg.\/planta<\/li>\n<li>Flora\u00e7\u00e3o interior: 50-60 dias<\/li>\n<li>Flora\u00e7\u00e3o exterior: Setembro<\/li>\n<li>Flora\u00e7\u00e3o Latin America: Mar\u00e7o<\/li>\n<\/ul>\n","protected":false},"excerpt":{"rendered":"<p style=\"font-weight: 500;\">Esta joiacaliforniana tem um delicioso aroma de pinho e c\u00edtricos e um efeitointeressante e muito equilibrado que come\u00e7a com uma euforia alegre epositividade para se deslocar para um relaxamento profundo que o convida aficar no sof\u00e1. A planta \u00e9 muito arom\u00e1tica, tem um crescimento vigoroso r\u00e1pido eflora\u00e7\u00e3o curta. Sua impressionante produ\u00e7\u00e3o de resina transforma ela em idealpara extra\u00e7\u00f5es.<\/p>\n<p><b><strong>THC:\u00a025%<\/strong><\/b><\/p>\n","protected":false},"featured_media":772,"comment_status":"open","ping_status":"closed","template":"","meta":[],"product_cat":[151],"product_tag":[368],"class_list":{"0":"post-1099","1":"product","2":"type-product","3":"status-publish","4":"has-post-thumbnail","6":"product_cat-usa-strains","7":"product_tag-usa-strains-pt-br","9":"first","10":"instock","11":"shipping-taxable","12":"purchasable","13":"product-type-variable","14":"has-default-attributes"},"yoast_head":"<!-- This site is optimized with the Yoast SEO plugin v25.6 - https:\/\/yoast.com\/wordpress\/plugins\/seo\/ -->\n<title>Gorila: Trikoma Sementes sementes de maconha<\/title>\n<meta name=\"description\" content=\"Sementes de cannabis gorila da Trikoma Seeds. Cultive plantas de cannabis feminizadas e com autofloresc\u00eancia ou CBD ao melhor pre\u00e7o. Remessas discretas e seguras para o seu pa\u00eds.\" \/>\n<meta name=\"robots\" content=\"index, follow, max-snippet:-1, max-image-preview:large, max-video-preview:-1\" \/>\n<link rel=\"canonical\" href=\"https:\/\/www.trikomaseeds.com\/pt-br\/sementes\/gorilla\/\" \/>\n<meta property=\"og:locale\" content=\"pt_BR\" \/>\n<meta property=\"og:type\" content=\"article\" \/>\n<meta property=\"og:title\" content=\"Gorila: Trikoma Sementes sementes de maconha\" \/>\n<meta property=\"og:description\" content=\"Sementes de cannabis gorila da Trikoma Seeds. Cultive plantas de cannabis feminizadas e com autofloresc\u00eancia ou CBD ao melhor pre\u00e7o. Remessas discretas e seguras para o seu pa\u00eds.\" \/>\n<meta property=\"og:url\" content=\"https:\/\/www.trikomaseeds.com\/pt-br\/sementes\/gorilla\/\" \/>\n<meta property=\"og:site_name\" content=\"Trikoma Seeds\" \/>\n<meta property=\"article:modified_time\" content=\"2025-03-31T03:58:04+00:00\" \/>\n<meta property=\"og:image\" content=\"https:\/\/www.trikomaseeds.com\/wp-content\/uploads\/2019\/10\/gorilla-600x600.jpg\" \/>\n\t<meta property=\"og:image:width\" content=\"600\" \/>\n\t<meta property=\"og:image:height\" content=\"600\" \/>\n\t<meta property=\"og:image:type\" content=\"image\/jpeg\" \/>\n<meta name=\"twitter:card\" content=\"summary_large_image\" \/>\n<script type=\"application\/ld+json\" class=\"yoast-schema-graph\">{\"@context\":\"https:\/\/schema.org\",\"@graph\":[{\"@type\":\"WebPage\",\"@id\":\"https:\/\/www.trikomaseeds.com\/pt-br\/sementes\/gorilla\/\",\"url\":\"https:\/\/www.trikomaseeds.com\/pt-br\/sementes\/gorilla\/\",\"name\":\"Gorila: Trikoma Sementes sementes de maconha\",\"isPartOf\":{\"@id\":\"https:\/\/www.trikomaseeds.com\/pt-br\/#website\"},\"primaryImageOfPage\":{\"@id\":\"https:\/\/www.trikomaseeds.com\/pt-br\/sementes\/gorilla\/#primaryimage\"},\"image\":{\"@id\":\"https:\/\/www.trikomaseeds.com\/pt-br\/sementes\/gorilla\/#primaryimage\"},\"thumbnailUrl\":\"https:\/\/www.trikomaseeds.com\/wp-content\/uploads\/2019\/10\/gorilla-600x600.jpg\",\"datePublished\":\"2019-10-08T09:37:26+00:00\",\"dateModified\":\"2025-03-31T03:58:04+00:00\",\"description\":\"Sementes de cannabis gorila da Trikoma Seeds. Cultive plantas de cannabis feminizadas e com autofloresc\u00eancia ou CBD ao melhor pre\u00e7o. Remessas discretas e seguras para o seu pa\u00eds.\",\"breadcrumb\":{\"@id\":\"https:\/\/www.trikomaseeds.com\/pt-br\/sementes\/gorilla\/#breadcrumb\"},\"inLanguage\":\"pt-BR\",\"potentialAction\":[{\"@type\":\"ReadAction\",\"target\":[\"https:\/\/www.trikomaseeds.com\/pt-br\/sementes\/gorilla\/\"]}]},{\"@type\":\"ImageObject\",\"inLanguage\":\"pt-BR\",\"@id\":\"https:\/\/www.trikomaseeds.com\/pt-br\/sementes\/gorilla\/#primaryimage\",\"url\":\"https:\/\/www.trikomaseeds.com\/wp-content\/uploads\/2019\/10\/gorilla-600x600.jpg\",\"contentUrl\":\"https:\/\/www.trikomaseeds.com\/wp-content\/uploads\/2019\/10\/gorilla-600x600.jpg\",\"width\":600,\"height\":600},{\"@type\":\"BreadcrumbList\",\"@id\":\"https:\/\/www.trikomaseeds.com\/pt-br\/sementes\/gorilla\/#breadcrumb\",\"itemListElement\":[{\"@type\":\"ListItem\",\"position\":1,\"name\":\"Portada\",\"item\":\"https:\/\/www.trikomaseeds.com\/pt-br\/\"},{\"@type\":\"ListItem\",\"position\":2,\"name\":\"Shop\",\"item\":\"https:\/\/www.trikomaseeds.com\/pt-br\/shop\/\"},{\"@type\":\"ListItem\",\"position\":3,\"name\":\"Gorilla\"}]},{\"@type\":\"WebSite\",\"@id\":\"https:\/\/www.trikomaseeds.com\/pt-br\/#website\",\"url\":\"https:\/\/www.trikomaseeds.com\/pt-br\/\",\"name\":\"Trikoma Seeds\",\"description\":\"Semillas de Marihuana Auto, Feminizadas y medicinales\",\"potentialAction\":[{\"@type\":\"SearchAction\",\"target\":{\"@type\":\"EntryPoint\",\"urlTemplate\":\"https:\/\/www.trikomaseeds.com\/pt-br\/?s={search_term_string}\"},\"query-input\":{\"@type\":\"PropertyValueSpecification\",\"valueRequired\":true,\"valueName\":\"search_term_string\"}}],\"inLanguage\":\"pt-BR\"}]}<\/script>\n<!-- \/ Yoast SEO plugin. -->","yoast_head_json":{"title":"Gorila: Trikoma Sementes sementes de maconha","description":"Sementes de cannabis gorila da Trikoma Seeds. Cultive plantas de cannabis feminizadas e com autofloresc\u00eancia ou CBD ao melhor pre\u00e7o. Remessas discretas e seguras para o seu pa\u00eds.","robots":{"index":"index","follow":"follow","max-snippet":"max-snippet:-1","max-image-preview":"max-image-preview:large","max-video-preview":"max-video-preview:-1"},"canonical":"https:\/\/www.trikomaseeds.com\/pt-br\/sementes\/gorilla\/","og_locale":"pt_BR","og_type":"article","og_title":"Gorila: Trikoma Sementes sementes de maconha","og_description":"Sementes de cannabis gorila da Trikoma Seeds. Cultive plantas de cannabis feminizadas e com autofloresc\u00eancia ou CBD ao melhor pre\u00e7o. Remessas discretas e seguras para o seu pa\u00eds.","og_url":"https:\/\/www.trikomaseeds.com\/pt-br\/sementes\/gorilla\/","og_site_name":"Trikoma Seeds","article_modified_time":"2025-03-31T03:58:04+00:00","og_image":[{"width":600,"height":600,"url":"https:\/\/www.trikomaseeds.com\/wp-content\/uploads\/2019\/10\/gorilla-600x600.jpg","type":"image\/jpeg"}],"twitter_card":"summary_large_image","schema":{"@context":"https:\/\/schema.org","@graph":[{"@type":"WebPage","@id":"https:\/\/www.trikomaseeds.com\/pt-br\/sementes\/gorilla\/","url":"https:\/\/www.trikomaseeds.com\/pt-br\/sementes\/gorilla\/","name":"Gorila: Trikoma Sementes sementes de maconha","isPartOf":{"@id":"https:\/\/www.trikomaseeds.com\/pt-br\/#website"},"primaryImageOfPage":{"@id":"https:\/\/www.trikomaseeds.com\/pt-br\/sementes\/gorilla\/#primaryimage"},"image":{"@id":"https:\/\/www.trikomaseeds.com\/pt-br\/sementes\/gorilla\/#primaryimage"},"thumbnailUrl":"https:\/\/www.trikomaseeds.com\/wp-content\/uploads\/2019\/10\/gorilla-600x600.jpg","datePublished":"2019-10-08T09:37:26+00:00","dateModified":"2025-03-31T03:58:04+00:00","description":"Sementes de cannabis gorila da Trikoma Seeds. Cultive plantas de cannabis feminizadas e com autofloresc\u00eancia ou CBD ao melhor pre\u00e7o. Remessas discretas e seguras para o seu pa\u00eds.","breadcrumb":{"@id":"https:\/\/www.trikomaseeds.com\/pt-br\/sementes\/gorilla\/#breadcrumb"},"inLanguage":"pt-BR","potentialAction":[{"@type":"ReadAction","target":["https:\/\/www.trikomaseeds.com\/pt-br\/sementes\/gorilla\/"]}]},{"@type":"ImageObject","inLanguage":"pt-BR","@id":"https:\/\/www.trikomaseeds.com\/pt-br\/sementes\/gorilla\/#primaryimage","url":"https:\/\/www.trikomaseeds.com\/wp-content\/uploads\/2019\/10\/gorilla-600x600.jpg","contentUrl":"https:\/\/www.trikomaseeds.com\/wp-content\/uploads\/2019\/10\/gorilla-600x600.jpg","width":600,"height":600},{"@type":"BreadcrumbList","@id":"https:\/\/www.trikomaseeds.com\/pt-br\/sementes\/gorilla\/#breadcrumb","itemListElement":[{"@type":"ListItem","position":1,"name":"Portada","item":"https:\/\/www.trikomaseeds.com\/pt-br\/"},{"@type":"ListItem","position":2,"name":"Shop","item":"https:\/\/www.trikomaseeds.com\/pt-br\/shop\/"},{"@type":"ListItem","position":3,"name":"Gorilla"}]},{"@type":"WebSite","@id":"https:\/\/www.trikomaseeds.com\/pt-br\/#website","url":"https:\/\/www.trikomaseeds.com\/pt-br\/","name":"Trikoma Seeds","description":"Semillas de Marihuana Auto, Feminizadas y medicinales","potentialAction":[{"@type":"SearchAction","target":{"@type":"EntryPoint","urlTemplate":"https:\/\/www.trikomaseeds.com\/pt-br\/?s={search_term_string}"},"query-input":{"@type":"PropertyValueSpecification","valueRequired":true,"valueName":"search_term_string"}}],"inLanguage":"pt-BR"}]}},"_links":{"self":[{"href":"https:\/\/www.trikomaseeds.com\/pt-br\/wp-json\/wp\/v2\/product\/1099","targetHints":{"allow":["GET"]}}],"collection":[{"href":"https:\/\/www.trikomaseeds.com\/pt-br\/wp-json\/wp\/v2\/product"}],"about":[{"href":"https:\/\/www.trikomaseeds.com\/pt-br\/wp-json\/wp\/v2\/types\/product"}],"replies":[{"embeddable":true,"href":"https:\/\/www.trikomaseeds.com\/pt-br\/wp-json\/wp\/v2\/comments?post=1099"}],"wp:featuredmedia":[{"embeddable":true,"href":"https:\/\/www.trikomaseeds.com\/pt-br\/wp-json\/wp\/v2\/media\/772"}],"wp:attachment":[{"href":"https:\/\/www.trikomaseeds.com\/pt-br\/wp-json\/wp\/v2\/media?parent=1099"}],"wp:term":[{"taxonomy":"product_cat","embeddable":true,"href":"https:\/\/www.trikomaseeds.com\/pt-br\/wp-json\/wp\/v2\/product_cat?post=1099"},{"taxonomy":"product_tag","embeddable":true,"href":"https:\/\/www.trikomaseeds.com\/pt-br\/wp-json\/wp\/v2\/product_tag?post=1099"}],"curies":[{"name":"wp","href":"https:\/\/api.w.org\/{rel}","templated":true}]}}