{"id":1036,"date":"2019-09-24T14:18:12","date_gmt":"2019-09-24T12:18:12","guid":{"rendered":"http:\/\/www.trikomaseeds.com\/semillas\/critical-plus\/"},"modified":"2024-07-11T12:04:01","modified_gmt":"2024-07-11T10:04:01","slug":"critical-plus","status":"publish","type":"product","link":"https:\/\/www.trikomaseeds.com\/pt-br\/sementes\/critical-plus\/","title":{"rendered":"Critical Plus"},"content":{"rendered":"<h2>O que \u00e9 Critical Plus<\/h2>\n<p>A semente Critical Plus \u00e9 conhecida pelo seu rendimento relativamente elevado, sabor intenso e facilidade de cultivo. A fama da Critical Plus deve-se \u00e0 sua qualidade, pot\u00eancia, sabor, efeitos e facilidade de cultivo.<\/p>\n<p>Por esse motivo, a Critical Plus \u00e9 uma op\u00e7\u00e3o popular tanto para os cultivadores comerciais quanto para os caseiros. Muitos cultivadores a utilizam para garantir uma parte da colheita antes de experimentar outras variedades que podem falhar. Com a Critical Plus, eles v\u00e3o pelo seguro.<\/p>\n<h2>Produ\u00e7\u00e3o da Critical Plus<\/h2>\n<p><strong>Critical Plus<\/strong> \u00e9 uma das sementes de maconha feminizadas mais produtivas em nosso cat\u00e1logo e no mercado. Em ambientes fechados, pode produzir at\u00e9 550 g\/m\u00b2, e em ambientes externos, atinge at\u00e9 impressionantes 1000-1500 g\/m\u00b2. Com esses n\u00fameros, n\u00e3o \u00e9 surpresa que haja uma grande massa de cultivadores que confiam na Critical Plus.<\/p>\n<p>Os brotos que a Critical Plus produz s\u00e3o longos, finos, densos e compactos. Devido \u00e0 sua estrutura firme e compacta, s\u00e3o brotos que facilitam o processo de colheita e manicure.<\/p>\n<p>O melhor dos brotos da Critical Plus \u00e9 a espessa camada de tricomas resinosos que os reveste.<\/p>\n<h2>Aromas e Sabores da Critical Plus<\/h2>\n<p>Nossa <strong>Critical Plus da Trikoma Seeds<\/strong> possui um aroma doce capaz de impregnar o ambiente em que se encontra. Alguns consumidores descrevem seu sabor como uma combina\u00e7\u00e3o de sabores c\u00edtricos com especiarias.<\/p>\n<h2>Efeitos da Critical Plus<\/h2>\n<p>Entre os efeitos da <strong>Critical Plus da Trikoma Seeds<\/strong>, geralmente predomina a sensa\u00e7\u00e3o relaxante. \u00c9 comum experimentar uma euforia inicial para passar a uma situa\u00e7\u00e3o de relaxamento profundo que alivia o estresse e a ansiedade.<\/p>\n<p>O efeito relaxante da Critical Plus \u00e9 o que se pode esperar de uma variedade com 20% de THC. \u00c9 ideal para aqueles que buscam aliviar o cansa\u00e7o e a dor f\u00edsica. Tamb\u00e9m a n\u00edvel mental, h\u00e1 efeitos positivos, pois ajuda a relaxar a mente e a se desconectar. Muitos consumidores explicam que a desconex\u00e3o da vida cotidiana e seus problemas os leva a momentos de criatividade.<\/p>\n<h2>O Cultivo da Critical Plus<\/h2>\n<p><strong>Critical Plus<\/strong> \u00e9 uma gen\u00e9tica bastante f\u00e1cil de cultivar. N\u00e3o \u00e9 uma planta que exige muitos cuidados. Cresce r\u00e1pido e forte sem muitos problemas. Este \u00e9 um dos motivos pelos quais \u00e9 apreciada por cultivadores profissionais e amadores.<\/p>\n<p><strong>Critical Plus \u00e9 adequada tanto para ambientes internos quanto externos.<\/strong> Em ambientes externos, adapta-se bem a climas mediterr\u00e2neos e temperados. O mais importante \u00e9 evitar o excesso de umidade. Por esse motivo, \u00e9 necess\u00e1rio garantir um solo bem drenado e que receba luz solar. Na Europa, a melhor \u00e9poca para a flora\u00e7\u00e3o desta variedade \u00e9 durante o m\u00eas de setembro. Na Am\u00e9rica Latina, a melhor \u00e9poca \u00e9 em mar\u00e7o.<\/p>\n<p>Em cultivos internos com ciclos fotoperi\u00f3dicos trabalhados, a Critical Plus da Trikoma Seeds <strong>florescer\u00e1 em 55-65 dias<\/strong>. Isso significa que \u00e9 uma planta com um ciclo de cultivo muito curto. Por esse motivo, \u00e9 uma das mais apreciadas pelos cultivadores de ambientes internos.<\/p>\n<p>No geral, a semente <strong>Critical Plus<\/strong> que oferecemos na Trikoma Seeds \u00e9 uma planta de alto rendimento e f\u00e1cil cultivo. O sabor e os efeitos s\u00e3o os esperados de uma planta com predomin\u00e2ncia sativa.<\/p>\n<p>Al\u00e9m da semente regular, na Trikoma Seeds tamb\u00e9m oferecemos a <a href=\"https:\/\/www.trikomaseeds.com\/semillas\/critical-plus-auto\/\">variedade auto<\/a>, com a qual voc\u00ea pode desfrutar da planta em um prazo relativamente curto.<\/p>\n","protected":false},"excerpt":{"rendered":"<p align=\"justify\">\u00c9 uma das plantas mais produtivas que temos no mercado. Seu sabor \u00e9 doce e se caracteriza principalmente por seu efeito narc\u00f3tico. \u00c9 uma gen\u00e9tica bastante f\u00e1cil de cultivar, n\u00e3o requer muitos cuidados. \u00c9 uma planta de r\u00e1pido crescimento o que faz que suas ramas sejam mais finas. Por\u00e9m seus brotos n\u00e3o s\u00e3o muito compactados nem pesados, \u00e9 mais conhecida por seu alto rendimento.<\/p>\n<p><strong>THC:\u00a0<span class=\"destacado\">20%<\/span><\/strong><\/p>\n","protected":false},"featured_media":604,"comment_status":"open","ping_status":"closed","template":"","meta":[],"product_cat":[114],"product_tag":[],"class_list":{"0":"post-1036","1":"product","2":"type-product","3":"status-publish","4":"has-post-thumbnail","6":"product_cat-feminizadas-pt-br","8":"first","9":"instock","10":"shipping-taxable","11":"purchasable","12":"product-type-variable","13":"has-default-attributes"},"yoast_head":"<!-- This site is optimized with the Yoast SEO plugin v25.6 - https:\/\/yoast.com\/wordpress\/plugins\/seo\/ -->\n<title>Critical Plus \u3010 Trikoma Seeds\u3011Feminizada \u2713<\/title>\n<meta name=\"description\" content=\"```html Critical Plus \u00e9 uma semente l\u00edder popular entre os cultivadores. Com 20% de THC e uma capacidade produtiva de at\u00e9 1000-1500gr\/m2. Sucesso garantido. ```\" \/>\n<meta name=\"robots\" content=\"index, follow, max-snippet:-1, max-image-preview:large, max-video-preview:-1\" \/>\n<link rel=\"canonical\" href=\"https:\/\/www.trikomaseeds.com\/pt-br\/sementes\/critical-plus\/\" \/>\n<meta property=\"og:locale\" content=\"pt_BR\" \/>\n<meta property=\"og:type\" content=\"article\" \/>\n<meta property=\"og:title\" content=\"Critical Plus \u3010 Trikoma Seeds\u3011Feminizada \u2713\" \/>\n<meta property=\"og:description\" content=\"```html Critical Plus \u00e9 uma semente l\u00edder popular entre os cultivadores. Com 20% de THC e uma capacidade produtiva de at\u00e9 1000-1500gr\/m2. Sucesso garantido. ```\" \/>\n<meta property=\"og:url\" content=\"https:\/\/www.trikomaseeds.com\/pt-br\/sementes\/critical-plus\/\" \/>\n<meta property=\"og:site_name\" content=\"Trikoma Seeds\" \/>\n<meta property=\"article:modified_time\" content=\"2024-07-11T10:04:01+00:00\" \/>\n<meta property=\"og:image\" content=\"https:\/\/www.trikomaseeds.com\/wp-content\/uploads\/2019\/09\/CriticalPlus_Trikoma_seeds_72-800x800.jpg\" \/>\n\t<meta property=\"og:image:width\" content=\"800\" \/>\n\t<meta property=\"og:image:height\" content=\"800\" \/>\n\t<meta property=\"og:image:type\" content=\"image\/jpeg\" \/>\n<meta name=\"twitter:card\" content=\"summary_large_image\" \/>\n<meta name=\"twitter:label1\" content=\"Est. tempo de leitura\" \/>\n\t<meta name=\"twitter:data1\" content=\"3 minutos\" \/>\n<script type=\"application\/ld+json\" class=\"yoast-schema-graph\">{\"@context\":\"https:\/\/schema.org\",\"@graph\":[{\"@type\":\"WebPage\",\"@id\":\"https:\/\/www.trikomaseeds.com\/pt-br\/sementes\/critical-plus\/\",\"url\":\"https:\/\/www.trikomaseeds.com\/pt-br\/sementes\/critical-plus\/\",\"name\":\"Critical Plus \u3010 Trikoma Seeds\u3011Feminizada \u2713\",\"isPartOf\":{\"@id\":\"https:\/\/www.trikomaseeds.com\/pt-br\/#website\"},\"primaryImageOfPage\":{\"@id\":\"https:\/\/www.trikomaseeds.com\/pt-br\/sementes\/critical-plus\/#primaryimage\"},\"image\":{\"@id\":\"https:\/\/www.trikomaseeds.com\/pt-br\/sementes\/critical-plus\/#primaryimage\"},\"thumbnailUrl\":\"https:\/\/www.trikomaseeds.com\/wp-content\/uploads\/2019\/09\/CriticalPlus_Trikoma_seeds_72-800x800.jpg\",\"datePublished\":\"2019-09-24T12:18:12+00:00\",\"dateModified\":\"2024-07-11T10:04:01+00:00\",\"description\":\"```html Critical Plus \u00e9 uma semente l\u00edder popular entre os cultivadores. Com 20% de THC e uma capacidade produtiva de at\u00e9 1000-1500gr\/m2. Sucesso garantido. ```\",\"breadcrumb\":{\"@id\":\"https:\/\/www.trikomaseeds.com\/pt-br\/sementes\/critical-plus\/#breadcrumb\"},\"inLanguage\":\"pt-BR\",\"potentialAction\":[{\"@type\":\"ReadAction\",\"target\":[\"https:\/\/www.trikomaseeds.com\/pt-br\/sementes\/critical-plus\/\"]}]},{\"@type\":\"ImageObject\",\"inLanguage\":\"pt-BR\",\"@id\":\"https:\/\/www.trikomaseeds.com\/pt-br\/sementes\/critical-plus\/#primaryimage\",\"url\":\"https:\/\/www.trikomaseeds.com\/wp-content\/uploads\/2019\/09\/CriticalPlus_Trikoma_seeds_72-800x800.jpg\",\"contentUrl\":\"https:\/\/www.trikomaseeds.com\/wp-content\/uploads\/2019\/09\/CriticalPlus_Trikoma_seeds_72-800x800.jpg\",\"width\":800,\"height\":800},{\"@type\":\"BreadcrumbList\",\"@id\":\"https:\/\/www.trikomaseeds.com\/pt-br\/sementes\/critical-plus\/#breadcrumb\",\"itemListElement\":[{\"@type\":\"ListItem\",\"position\":1,\"name\":\"Portada\",\"item\":\"https:\/\/www.trikomaseeds.com\/pt-br\/\"},{\"@type\":\"ListItem\",\"position\":2,\"name\":\"Shop\",\"item\":\"https:\/\/www.trikomaseeds.com\/pt-br\/shop\/\"},{\"@type\":\"ListItem\",\"position\":3,\"name\":\"Critical Plus\"}]},{\"@type\":\"WebSite\",\"@id\":\"https:\/\/www.trikomaseeds.com\/pt-br\/#website\",\"url\":\"https:\/\/www.trikomaseeds.com\/pt-br\/\",\"name\":\"Trikoma Seeds\",\"description\":\"Semillas de Marihuana Auto, Feminizadas y medicinales\",\"potentialAction\":[{\"@type\":\"SearchAction\",\"target\":{\"@type\":\"EntryPoint\",\"urlTemplate\":\"https:\/\/www.trikomaseeds.com\/pt-br\/?s={search_term_string}\"},\"query-input\":{\"@type\":\"PropertyValueSpecification\",\"valueRequired\":true,\"valueName\":\"search_term_string\"}}],\"inLanguage\":\"pt-BR\"}]}<\/script>\n<!-- \/ Yoast SEO plugin. -->","yoast_head_json":{"title":"Critical Plus \u3010 Trikoma Seeds\u3011Feminizada \u2713","description":"```html Critical Plus \u00e9 uma semente l\u00edder popular entre os cultivadores. Com 20% de THC e uma capacidade produtiva de at\u00e9 1000-1500gr\/m2. Sucesso garantido. ```","robots":{"index":"index","follow":"follow","max-snippet":"max-snippet:-1","max-image-preview":"max-image-preview:large","max-video-preview":"max-video-preview:-1"},"canonical":"https:\/\/www.trikomaseeds.com\/pt-br\/sementes\/critical-plus\/","og_locale":"pt_BR","og_type":"article","og_title":"Critical Plus \u3010 Trikoma Seeds\u3011Feminizada \u2713","og_description":"```html Critical Plus \u00e9 uma semente l\u00edder popular entre os cultivadores. Com 20% de THC e uma capacidade produtiva de at\u00e9 1000-1500gr\/m2. Sucesso garantido. ```","og_url":"https:\/\/www.trikomaseeds.com\/pt-br\/sementes\/critical-plus\/","og_site_name":"Trikoma Seeds","article_modified_time":"2024-07-11T10:04:01+00:00","og_image":[{"width":800,"height":800,"url":"https:\/\/www.trikomaseeds.com\/wp-content\/uploads\/2019\/09\/CriticalPlus_Trikoma_seeds_72-800x800.jpg","type":"image\/jpeg"}],"twitter_card":"summary_large_image","twitter_misc":{"Est. tempo de leitura":"3 minutos"},"schema":{"@context":"https:\/\/schema.org","@graph":[{"@type":"WebPage","@id":"https:\/\/www.trikomaseeds.com\/pt-br\/sementes\/critical-plus\/","url":"https:\/\/www.trikomaseeds.com\/pt-br\/sementes\/critical-plus\/","name":"Critical Plus \u3010 Trikoma Seeds\u3011Feminizada \u2713","isPartOf":{"@id":"https:\/\/www.trikomaseeds.com\/pt-br\/#website"},"primaryImageOfPage":{"@id":"https:\/\/www.trikomaseeds.com\/pt-br\/sementes\/critical-plus\/#primaryimage"},"image":{"@id":"https:\/\/www.trikomaseeds.com\/pt-br\/sementes\/critical-plus\/#primaryimage"},"thumbnailUrl":"https:\/\/www.trikomaseeds.com\/wp-content\/uploads\/2019\/09\/CriticalPlus_Trikoma_seeds_72-800x800.jpg","datePublished":"2019-09-24T12:18:12+00:00","dateModified":"2024-07-11T10:04:01+00:00","description":"```html Critical Plus \u00e9 uma semente l\u00edder popular entre os cultivadores. Com 20% de THC e uma capacidade produtiva de at\u00e9 1000-1500gr\/m2. Sucesso garantido. ```","breadcrumb":{"@id":"https:\/\/www.trikomaseeds.com\/pt-br\/sementes\/critical-plus\/#breadcrumb"},"inLanguage":"pt-BR","potentialAction":[{"@type":"ReadAction","target":["https:\/\/www.trikomaseeds.com\/pt-br\/sementes\/critical-plus\/"]}]},{"@type":"ImageObject","inLanguage":"pt-BR","@id":"https:\/\/www.trikomaseeds.com\/pt-br\/sementes\/critical-plus\/#primaryimage","url":"https:\/\/www.trikomaseeds.com\/wp-content\/uploads\/2019\/09\/CriticalPlus_Trikoma_seeds_72-800x800.jpg","contentUrl":"https:\/\/www.trikomaseeds.com\/wp-content\/uploads\/2019\/09\/CriticalPlus_Trikoma_seeds_72-800x800.jpg","width":800,"height":800},{"@type":"BreadcrumbList","@id":"https:\/\/www.trikomaseeds.com\/pt-br\/sementes\/critical-plus\/#breadcrumb","itemListElement":[{"@type":"ListItem","position":1,"name":"Portada","item":"https:\/\/www.trikomaseeds.com\/pt-br\/"},{"@type":"ListItem","position":2,"name":"Shop","item":"https:\/\/www.trikomaseeds.com\/pt-br\/shop\/"},{"@type":"ListItem","position":3,"name":"Critical Plus"}]},{"@type":"WebSite","@id":"https:\/\/www.trikomaseeds.com\/pt-br\/#website","url":"https:\/\/www.trikomaseeds.com\/pt-br\/","name":"Trikoma Seeds","description":"Semillas de Marihuana Auto, Feminizadas y medicinales","potentialAction":[{"@type":"SearchAction","target":{"@type":"EntryPoint","urlTemplate":"https:\/\/www.trikomaseeds.com\/pt-br\/?s={search_term_string}"},"query-input":{"@type":"PropertyValueSpecification","valueRequired":true,"valueName":"search_term_string"}}],"inLanguage":"pt-BR"}]}},"_links":{"self":[{"href":"https:\/\/www.trikomaseeds.com\/pt-br\/wp-json\/wp\/v2\/product\/1036","targetHints":{"allow":["GET"]}}],"collection":[{"href":"https:\/\/www.trikomaseeds.com\/pt-br\/wp-json\/wp\/v2\/product"}],"about":[{"href":"https:\/\/www.trikomaseeds.com\/pt-br\/wp-json\/wp\/v2\/types\/product"}],"replies":[{"embeddable":true,"href":"https:\/\/www.trikomaseeds.com\/pt-br\/wp-json\/wp\/v2\/comments?post=1036"}],"wp:featuredmedia":[{"embeddable":true,"href":"https:\/\/www.trikomaseeds.com\/pt-br\/wp-json\/wp\/v2\/media\/604"}],"wp:attachment":[{"href":"https:\/\/www.trikomaseeds.com\/pt-br\/wp-json\/wp\/v2\/media?parent=1036"}],"wp:term":[{"taxonomy":"product_cat","embeddable":true,"href":"https:\/\/www.trikomaseeds.com\/pt-br\/wp-json\/wp\/v2\/product_cat?post=1036"},{"taxonomy":"product_tag","embeddable":true,"href":"https:\/\/www.trikomaseeds.com\/pt-br\/wp-json\/wp\/v2\/product_tag?post=1036"}],"curies":[{"name":"wp","href":"https:\/\/api.w.org\/{rel}","templated":true}]}}