{"id":1809,"date":"2019-09-24T15:38:04","date_gmt":"2019-09-24T13:38:04","guid":{"rendered":"http:\/\/www.trikomaseeds.com\/devolucion-de-productos\/"},"modified":"2020-01-07T13:45:52","modified_gmt":"2020-01-07T12:45:52","slug":"solicitar-devolucao","status":"publish","type":"page","link":"https:\/\/www.trikomaseeds.com\/pt-br\/solicitar-devolucao\/","title":{"rendered":"Solicitar devolu\u00e7\u00e3o"},"content":{"rendered":"<div class=\"fusion-fullwidth fullwidth-box fusion-builder-row-1 fusion-flex-container nonhundred-percent-fullwidth non-hundred-percent-height-scrolling\" style=\"--awb-border-radius-top-left:0px;--awb-border-radius-top-right:0px;--awb-border-radius-bottom-right:0px;--awb-border-radius-bottom-left:0px;--awb-flex-wrap:wrap;\" ><div class=\"fusion-builder-row fusion-row fusion-flex-align-items-flex-start fusion-flex-content-wrap\" style=\"max-width:calc( 1300px + 0px );margin-left: calc(-0px \/ 2 );margin-right: calc(-0px \/ 2 );\"><div class=\"fusion-layout-column fusion_builder_column fusion-builder-column-0 fusion_builder_column_1_1 1_1 fusion-flex-column\" style=\"--awb-bg-size:cover;--awb-width-large:100%;--awb-margin-top-large:0px;--awb-spacing-right-large:0px;--awb-margin-bottom-large:20px;--awb-spacing-left-large:0px;--awb-width-medium:100%;--awb-spacing-right-medium:0px;--awb-spacing-left-medium:0px;--awb-width-small:100%;--awb-spacing-right-small:0px;--awb-spacing-left-small:0px;\"><div class=\"fusion-column-wrapper fusion-column-has-shadow fusion-flex-justify-content-flex-start fusion-content-layout-column\"><div class=\"fusion-text fusion-text-1\"><p>Se voc\u00ea tiver um problema com um produto que n\u00e3o tenha sido resolvido por nosso suporte t\u00e9cnico ou equipe de vendas, voc\u00ea poder\u00e1 devolv\u00ea-lo em 14 dias.<\/p>\n<p>A primeira coisa que voc\u00ea deve fazer \u00e9 entrar em contato com a equipe da Trikoma Seeds pelo e-mail <a href=\"mailto:info@trikomaseeds.com\">info@trikomaseeds.com<\/a> indicando o produto a ser devolvido e os motivos de retorno, e responderemos dentro de 3 dias \u00fateis com as instru\u00e7\u00f5es para formalizar o retorno. A devolu\u00e7\u00e3o ser\u00e1 isenta de multa para o cliente se for devido a um erro ou falha de produto, caso contr\u00e1rio, o cliente carregar\u00e1 com os custos de envio.<\/p>\n<p>Os produtos devem ser devolvidos em sua embalagem original ou equivalente. Solicita\u00e7\u00f5es de produtos danificados devido a embalagens insuficientes n\u00e3o ser\u00e3o atendidas.<\/p>\n<\/div><\/div><\/div><\/div><\/div>\n","protected":false},"excerpt":{"rendered":"","protected":false},"author":1,"featured_media":0,"parent":0,"menu_order":0,"comment_status":"closed","ping_status":"closed","template":"","meta":{"footnotes":""},"class_list":["post-1809","page","type-page","status-publish","hentry"],"yoast_head":"<!-- This site is optimized with the Yoast SEO plugin v25.6 - https:\/\/yoast.com\/wordpress\/plugins\/seo\/ -->\n<title>Solicitar devolu\u00e7\u00e3o - Trikoma Seeds<\/title>\n<meta name=\"description\" content=\"Pol\u00edtica de devolu\u00e7\u00e3o de produtos do banco de sementes Trikoma Seeds. Tudo o que voc\u00ea precisa saber para facilitar seu retorno.\" \/>\n<meta name=\"robots\" content=\"noindex, follow\" \/>\n<meta property=\"og:locale\" content=\"pt_BR\" \/>\n<meta property=\"og:type\" content=\"article\" \/>\n<meta property=\"og:title\" content=\"Solicitar devolu\u00e7\u00e3o - Trikoma Seeds\" \/>\n<meta property=\"og:description\" content=\"Pol\u00edtica de devolu\u00e7\u00e3o de produtos do banco de sementes Trikoma Seeds. Tudo o que voc\u00ea precisa saber para facilitar seu retorno.\" \/>\n<meta property=\"og:url\" content=\"https:\/\/www.trikomaseeds.com\/pt-br\/solicitar-devolucao\/\" \/>\n<meta property=\"og:site_name\" content=\"Trikoma Seeds\" \/>\n<meta property=\"article:modified_time\" content=\"2020-01-07T12:45:52+00:00\" \/>\n<meta name=\"twitter:card\" content=\"summary_large_image\" \/>\n<meta name=\"twitter:label1\" content=\"Est. tempo de leitura\" \/>\n\t<meta name=\"twitter:data1\" content=\"2 minutos\" \/>\n<script type=\"application\/ld+json\" class=\"yoast-schema-graph\">{\"@context\":\"https:\/\/schema.org\",\"@graph\":[{\"@type\":\"WebPage\",\"@id\":\"https:\/\/www.trikomaseeds.com\/pt-br\/solicitar-devolucao\/\",\"url\":\"https:\/\/www.trikomaseeds.com\/pt-br\/solicitar-devolucao\/\",\"name\":\"Solicitar devolu\u00e7\u00e3o - Trikoma Seeds\",\"isPartOf\":{\"@id\":\"https:\/\/www.trikomaseeds.com\/pt-br\/#website\"},\"datePublished\":\"2019-09-24T13:38:04+00:00\",\"dateModified\":\"2020-01-07T12:45:52+00:00\",\"description\":\"Pol\u00edtica de devolu\u00e7\u00e3o de produtos do banco de sementes Trikoma Seeds. Tudo o que voc\u00ea precisa saber para facilitar seu retorno.\",\"breadcrumb\":{\"@id\":\"https:\/\/www.trikomaseeds.com\/pt-br\/solicitar-devolucao\/#breadcrumb\"},\"inLanguage\":\"pt-BR\",\"potentialAction\":[{\"@type\":\"ReadAction\",\"target\":[\"https:\/\/www.trikomaseeds.com\/pt-br\/solicitar-devolucao\/\"]}]},{\"@type\":\"BreadcrumbList\",\"@id\":\"https:\/\/www.trikomaseeds.com\/pt-br\/solicitar-devolucao\/#breadcrumb\",\"itemListElement\":[{\"@type\":\"ListItem\",\"position\":1,\"name\":\"Portada\",\"item\":\"https:\/\/www.trikomaseeds.com\/pt-br\/\"},{\"@type\":\"ListItem\",\"position\":2,\"name\":\"Solicitar devolu\u00e7\u00e3o\"}]},{\"@type\":\"WebSite\",\"@id\":\"https:\/\/www.trikomaseeds.com\/pt-br\/#website\",\"url\":\"https:\/\/www.trikomaseeds.com\/pt-br\/\",\"name\":\"Trikoma Seeds\",\"description\":\"Semillas de Marihuana Auto, Feminizadas y medicinales\",\"potentialAction\":[{\"@type\":\"SearchAction\",\"target\":{\"@type\":\"EntryPoint\",\"urlTemplate\":\"https:\/\/www.trikomaseeds.com\/pt-br\/?s={search_term_string}\"},\"query-input\":{\"@type\":\"PropertyValueSpecification\",\"valueRequired\":true,\"valueName\":\"search_term_string\"}}],\"inLanguage\":\"pt-BR\"}]}<\/script>\n<!-- \/ Yoast SEO plugin. -->","yoast_head_json":{"title":"Solicitar devolu\u00e7\u00e3o - Trikoma Seeds","description":"Pol\u00edtica de devolu\u00e7\u00e3o de produtos do banco de sementes Trikoma Seeds. Tudo o que voc\u00ea precisa saber para facilitar seu retorno.","robots":{"index":"noindex","follow":"follow"},"og_locale":"pt_BR","og_type":"article","og_title":"Solicitar devolu\u00e7\u00e3o - Trikoma Seeds","og_description":"Pol\u00edtica de devolu\u00e7\u00e3o de produtos do banco de sementes Trikoma Seeds. Tudo o que voc\u00ea precisa saber para facilitar seu retorno.","og_url":"https:\/\/www.trikomaseeds.com\/pt-br\/solicitar-devolucao\/","og_site_name":"Trikoma Seeds","article_modified_time":"2020-01-07T12:45:52+00:00","twitter_card":"summary_large_image","twitter_misc":{"Est. tempo de leitura":"2 minutos"},"schema":{"@context":"https:\/\/schema.org","@graph":[{"@type":"WebPage","@id":"https:\/\/www.trikomaseeds.com\/pt-br\/solicitar-devolucao\/","url":"https:\/\/www.trikomaseeds.com\/pt-br\/solicitar-devolucao\/","name":"Solicitar devolu\u00e7\u00e3o - Trikoma Seeds","isPartOf":{"@id":"https:\/\/www.trikomaseeds.com\/pt-br\/#website"},"datePublished":"2019-09-24T13:38:04+00:00","dateModified":"2020-01-07T12:45:52+00:00","description":"Pol\u00edtica de devolu\u00e7\u00e3o de produtos do banco de sementes Trikoma Seeds. Tudo o que voc\u00ea precisa saber para facilitar seu retorno.","breadcrumb":{"@id":"https:\/\/www.trikomaseeds.com\/pt-br\/solicitar-devolucao\/#breadcrumb"},"inLanguage":"pt-BR","potentialAction":[{"@type":"ReadAction","target":["https:\/\/www.trikomaseeds.com\/pt-br\/solicitar-devolucao\/"]}]},{"@type":"BreadcrumbList","@id":"https:\/\/www.trikomaseeds.com\/pt-br\/solicitar-devolucao\/#breadcrumb","itemListElement":[{"@type":"ListItem","position":1,"name":"Portada","item":"https:\/\/www.trikomaseeds.com\/pt-br\/"},{"@type":"ListItem","position":2,"name":"Solicitar devolu\u00e7\u00e3o"}]},{"@type":"WebSite","@id":"https:\/\/www.trikomaseeds.com\/pt-br\/#website","url":"https:\/\/www.trikomaseeds.com\/pt-br\/","name":"Trikoma Seeds","description":"Semillas de Marihuana Auto, Feminizadas y medicinales","potentialAction":[{"@type":"SearchAction","target":{"@type":"EntryPoint","urlTemplate":"https:\/\/www.trikomaseeds.com\/pt-br\/?s={search_term_string}"},"query-input":{"@type":"PropertyValueSpecification","valueRequired":true,"valueName":"search_term_string"}}],"inLanguage":"pt-BR"}]}},"_links":{"self":[{"href":"https:\/\/www.trikomaseeds.com\/pt-br\/wp-json\/wp\/v2\/pages\/1809","targetHints":{"allow":["GET"]}}],"collection":[{"href":"https:\/\/www.trikomaseeds.com\/pt-br\/wp-json\/wp\/v2\/pages"}],"about":[{"href":"https:\/\/www.trikomaseeds.com\/pt-br\/wp-json\/wp\/v2\/types\/page"}],"author":[{"embeddable":true,"href":"https:\/\/www.trikomaseeds.com\/pt-br\/wp-json\/wp\/v2\/users\/1"}],"replies":[{"embeddable":true,"href":"https:\/\/www.trikomaseeds.com\/pt-br\/wp-json\/wp\/v2\/comments?post=1809"}],"version-history":[{"count":0,"href":"https:\/\/www.trikomaseeds.com\/pt-br\/wp-json\/wp\/v2\/pages\/1809\/revisions"}],"wp:attachment":[{"href":"https:\/\/www.trikomaseeds.com\/pt-br\/wp-json\/wp\/v2\/media?parent=1809"}],"curies":[{"name":"wp","href":"https:\/\/api.w.org\/{rel}","templated":true}]}}