{"id":1757,"date":"2019-10-29T13:29:43","date_gmt":"2019-10-29T12:29:43","guid":{"rendered":"http:\/\/www.trikomaseeds.com\/?page_id=1757"},"modified":"2020-01-24T14:58:18","modified_gmt":"2020-01-24T13:58:18","slug":"politica-envio-mercadorias","status":"publish","type":"page","link":"https:\/\/www.trikomaseeds.com\/pt-br\/politica-envio-mercadorias\/","title":{"rendered":"Pol\u00edtica de Envio de Mercadorias"},"content":{"rendered":"<div class=\"fusion-fullwidth fullwidth-box fusion-builder-row-1 fusion-flex-container nonhundred-percent-fullwidth non-hundred-percent-height-scrolling\" style=\"--awb-border-radius-top-left:0px;--awb-border-radius-top-right:0px;--awb-border-radius-bottom-right:0px;--awb-border-radius-bottom-left:0px;--awb-flex-wrap:wrap;\" ><div class=\"fusion-builder-row fusion-row fusion-flex-align-items-flex-start fusion-flex-content-wrap\" style=\"max-width:calc( 1300px + 0px );margin-left: calc(-0px \/ 2 );margin-right: calc(-0px \/ 2 );\"><div class=\"fusion-layout-column fusion_builder_column fusion-builder-column-0 fusion_builder_column_1_1 1_1 fusion-flex-column\" style=\"--awb-bg-size:cover;--awb-width-large:100%;--awb-margin-top-large:0px;--awb-spacing-right-large:0px;--awb-margin-bottom-large:0px;--awb-spacing-left-large:0px;--awb-width-medium:100%;--awb-spacing-right-medium:0px;--awb-spacing-left-medium:0px;--awb-width-small:100%;--awb-spacing-right-small:0px;--awb-spacing-left-small:0px;\"><div class=\"fusion-column-wrapper fusion-flex-justify-content-flex-start fusion-content-layout-column\"><div class=\"fusion-text fusion-text-1\"><h3>Discri\u00e7\u00e3o m\u00e1xima<\/h3>\n<p>Em TRIKOMA SEEDS, estamos preocupados em proteger sua privacidade. Por isso, garantimos m\u00e1xima discri\u00e7\u00e3o em nossos pacotes e remessas. Em nenhum caso, nossos pacotes revelam a caracter\u00edstica de seu conte\u00fado.<\/p>\n<p>N\u00e3o enviamos a Argentina, EUA e Turquia.<\/p>\n<p><strong>M\u00e9todo de envio:<\/strong> Os envios s\u00e3o feitos pelos correios oficiais como uma carta certificada. <strong>Os pedidos s\u00e3o processados \u200b\u200be enviados no pr\u00f3ximo dia \u00fatil em que o pedido \u00e9 feito.<\/strong> A carta certificada s\u00f3 pode ser entregue \u00e0 pessoa com o nome indicado nos dados de recebimento da remessa e a identifica\u00e7\u00e3o correspondente.<br \/>\nPor raz\u00f5es legais em diferentes pa\u00edses que n\u00e3o s\u00e3o membros da Uni\u00e3o Europeia, podemos usar apenas o correio postal oficial. Os pacotes tamb\u00e9m podem ser rastreados no site dos correios oficiais de cada pa\u00eds.<\/p>\n<p><strong>As remessas dentro de Espanha podem levar de 3 a 5 dias, nos pa\u00edses da Uni\u00e3o Europeia de 2 a 3 semanas ou mais e em pa\u00edses n\u00e3o membros da Uni\u00e3o Europeia podem levar mais de 3 semanas.<\/strong><br \/>\n<strong>(N\u00e3o podemos garantir prazos de entrega, pois estes dependem dos correios).<\/strong><br \/>\n<strong>Para a Am\u00e9rica Latina, o prazo de entrega \u00e9 de 3 a 5 semanas ou mais.<\/strong><br \/>\nO produto \u00e9 enviado em um envelope marrom com bolhas, por raz\u00f5es de seguran\u00e7a, prote\u00e7\u00e3o e discri\u00e7\u00e3o.<\/p>\n<p><strong>Tenha certeza na hora de dar o endere\u00e7o de entrega completa, claro e correto para garantir a chegada da remessa. N\u00e3o seremos respons\u00e1veis \u200b\u200bpor remessas perdidas devido a dados incorretos.<\/strong><\/p>\n<p>Depois de fazer seu pedido, voc\u00ea receber\u00e1 por e-mail cada estado do seu pedido durante o processo de remessa, portanto, certifique-se de fornecer suas informa\u00e7\u00f5es de contato, dados de remessa e seu e-mail. O primeiro e-mail que voc\u00ea receber\u00e1 assim que o pagamento for recebido ser\u00e1 <strong>&#8220;Conclu\u00eddo&#8221;<\/strong>. Quando seu pedido come\u00e7ar a ser preparado para a remessa, voc\u00ea receber\u00e1 outro e-mail com o status <strong>&#8220;Processamento&#8221;<\/strong> e, finalmente, quando o pedido for enviado, voc\u00ea receber\u00e1 um e-mail com o status <strong>&#8220;Enviado&#8221;<\/strong> e, neste e-mail, voc\u00ea receber\u00e1 o n\u00famero de rastreamento e um link dos correios da Espanha para rastrear a remessa, tanto em pedidos feitos na Espanha quanto em outros pa\u00edses.<\/p>\n<p>GASTOS DE ENVIO<\/p>\n<p>Quando o valor do pedido processado excede 100\u20ac e seu peso n\u00e3o excede 3 kg, o cliente se beneficia da oferta &#8220;FRETE GR\u00c1TIS&#8221;, assumindo TRIKOMA SEEDS os custos de entrega.<br \/>\nPara os pedidos que n\u00e3o superam aos 100\u20ac, o custo de transporte ser\u00e1 de 5\u20ac a 10\u20ac dependendo do pais.<br \/>\nS\u00f3 para os pa\u00edses da Union Europeia temos a op\u00e7\u00e3o de envio express que pode demorar 3 dias laborais como m\u00e1ximo. As tarifas som as seguintes:<br \/>\nBulg\u00e1ria, Pol\u00f4nia, Rep\u00fablica Eslovaca, Rom\u00eania: 50\u20ac<\/p>\n<p>Outros pa\u00edses da Uni\u00e3o Europeia: 30\u20ac<\/p>\n<p>Para pa\u00edses fora da Europa, usamos apenas correio oficial da Espanha.<\/p>\n<div id=\"gtx-trans\" style=\"position: absolute; left: 1042px; top: 513.438px;\">\n<div class=\"gtx-trans-icon\"><\/div>\n<\/div>\n<\/div><\/div><\/div><\/div><\/div>\n","protected":false},"excerpt":{"rendered":"","protected":false},"author":1,"featured_media":0,"parent":0,"menu_order":0,"comment_status":"closed","ping_status":"closed","template":"","meta":{"footnotes":""},"class_list":["post-1757","page","type-page","status-publish","hentry"],"yoast_head":"<!-- This site is optimized with the Yoast SEO plugin v25.6 - https:\/\/yoast.com\/wordpress\/plugins\/seo\/ -->\n<title>Pol\u00edtica de Envio de Mercadorias - Trikoma Seeds<\/title>\n<meta name=\"robots\" content=\"noindex, follow\" \/>\n<meta property=\"og:locale\" content=\"pt_BR\" \/>\n<meta property=\"og:type\" content=\"article\" \/>\n<meta property=\"og:title\" content=\"Pol\u00edtica de Envio de Mercadorias - Trikoma Seeds\" \/>\n<meta property=\"og:url\" content=\"https:\/\/www.trikomaseeds.com\/pt-br\/politica-envio-mercadorias\/\" \/>\n<meta property=\"og:site_name\" content=\"Trikoma Seeds\" \/>\n<meta property=\"article:modified_time\" content=\"2020-01-24T13:58:18+00:00\" \/>\n<meta name=\"twitter:card\" content=\"summary_large_image\" \/>\n<meta name=\"twitter:label1\" content=\"Est. tempo de leitura\" \/>\n\t<meta name=\"twitter:data1\" content=\"3 minutos\" \/>\n<script type=\"application\/ld+json\" class=\"yoast-schema-graph\">{\"@context\":\"https:\/\/schema.org\",\"@graph\":[{\"@type\":\"WebPage\",\"@id\":\"https:\/\/www.trikomaseeds.com\/pt-br\/politica-envio-mercadorias\/\",\"url\":\"https:\/\/www.trikomaseeds.com\/pt-br\/politica-envio-mercadorias\/\",\"name\":\"Pol\u00edtica de Envio de Mercadorias - Trikoma Seeds\",\"isPartOf\":{\"@id\":\"https:\/\/www.trikomaseeds.com\/pt-br\/#website\"},\"datePublished\":\"2019-10-29T12:29:43+00:00\",\"dateModified\":\"2020-01-24T13:58:18+00:00\",\"breadcrumb\":{\"@id\":\"https:\/\/www.trikomaseeds.com\/pt-br\/politica-envio-mercadorias\/#breadcrumb\"},\"inLanguage\":\"pt-BR\",\"potentialAction\":[{\"@type\":\"ReadAction\",\"target\":[\"https:\/\/www.trikomaseeds.com\/pt-br\/politica-envio-mercadorias\/\"]}]},{\"@type\":\"BreadcrumbList\",\"@id\":\"https:\/\/www.trikomaseeds.com\/pt-br\/politica-envio-mercadorias\/#breadcrumb\",\"itemListElement\":[{\"@type\":\"ListItem\",\"position\":1,\"name\":\"Portada\",\"item\":\"https:\/\/www.trikomaseeds.com\/pt-br\/\"},{\"@type\":\"ListItem\",\"position\":2,\"name\":\"Pol\u00edtica de Envio de Mercadorias\"}]},{\"@type\":\"WebSite\",\"@id\":\"https:\/\/www.trikomaseeds.com\/pt-br\/#website\",\"url\":\"https:\/\/www.trikomaseeds.com\/pt-br\/\",\"name\":\"Trikoma Seeds\",\"description\":\"Semillas de Marihuana Auto, Feminizadas y medicinales\",\"potentialAction\":[{\"@type\":\"SearchAction\",\"target\":{\"@type\":\"EntryPoint\",\"urlTemplate\":\"https:\/\/www.trikomaseeds.com\/pt-br\/?s={search_term_string}\"},\"query-input\":{\"@type\":\"PropertyValueSpecification\",\"valueRequired\":true,\"valueName\":\"search_term_string\"}}],\"inLanguage\":\"pt-BR\"}]}<\/script>\n<!-- \/ Yoast SEO plugin. -->","yoast_head_json":{"title":"Pol\u00edtica de Envio de Mercadorias - Trikoma Seeds","robots":{"index":"noindex","follow":"follow"},"og_locale":"pt_BR","og_type":"article","og_title":"Pol\u00edtica de Envio de Mercadorias - Trikoma Seeds","og_url":"https:\/\/www.trikomaseeds.com\/pt-br\/politica-envio-mercadorias\/","og_site_name":"Trikoma Seeds","article_modified_time":"2020-01-24T13:58:18+00:00","twitter_card":"summary_large_image","twitter_misc":{"Est. tempo de leitura":"3 minutos"},"schema":{"@context":"https:\/\/schema.org","@graph":[{"@type":"WebPage","@id":"https:\/\/www.trikomaseeds.com\/pt-br\/politica-envio-mercadorias\/","url":"https:\/\/www.trikomaseeds.com\/pt-br\/politica-envio-mercadorias\/","name":"Pol\u00edtica de Envio de Mercadorias - Trikoma Seeds","isPartOf":{"@id":"https:\/\/www.trikomaseeds.com\/pt-br\/#website"},"datePublished":"2019-10-29T12:29:43+00:00","dateModified":"2020-01-24T13:58:18+00:00","breadcrumb":{"@id":"https:\/\/www.trikomaseeds.com\/pt-br\/politica-envio-mercadorias\/#breadcrumb"},"inLanguage":"pt-BR","potentialAction":[{"@type":"ReadAction","target":["https:\/\/www.trikomaseeds.com\/pt-br\/politica-envio-mercadorias\/"]}]},{"@type":"BreadcrumbList","@id":"https:\/\/www.trikomaseeds.com\/pt-br\/politica-envio-mercadorias\/#breadcrumb","itemListElement":[{"@type":"ListItem","position":1,"name":"Portada","item":"https:\/\/www.trikomaseeds.com\/pt-br\/"},{"@type":"ListItem","position":2,"name":"Pol\u00edtica de Envio de Mercadorias"}]},{"@type":"WebSite","@id":"https:\/\/www.trikomaseeds.com\/pt-br\/#website","url":"https:\/\/www.trikomaseeds.com\/pt-br\/","name":"Trikoma Seeds","description":"Semillas de Marihuana Auto, Feminizadas y medicinales","potentialAction":[{"@type":"SearchAction","target":{"@type":"EntryPoint","urlTemplate":"https:\/\/www.trikomaseeds.com\/pt-br\/?s={search_term_string}"},"query-input":{"@type":"PropertyValueSpecification","valueRequired":true,"valueName":"search_term_string"}}],"inLanguage":"pt-BR"}]}},"_links":{"self":[{"href":"https:\/\/www.trikomaseeds.com\/pt-br\/wp-json\/wp\/v2\/pages\/1757","targetHints":{"allow":["GET"]}}],"collection":[{"href":"https:\/\/www.trikomaseeds.com\/pt-br\/wp-json\/wp\/v2\/pages"}],"about":[{"href":"https:\/\/www.trikomaseeds.com\/pt-br\/wp-json\/wp\/v2\/types\/page"}],"author":[{"embeddable":true,"href":"https:\/\/www.trikomaseeds.com\/pt-br\/wp-json\/wp\/v2\/users\/1"}],"replies":[{"embeddable":true,"href":"https:\/\/www.trikomaseeds.com\/pt-br\/wp-json\/wp\/v2\/comments?post=1757"}],"version-history":[{"count":0,"href":"https:\/\/www.trikomaseeds.com\/pt-br\/wp-json\/wp\/v2\/pages\/1757\/revisions"}],"wp:attachment":[{"href":"https:\/\/www.trikomaseeds.com\/pt-br\/wp-json\/wp\/v2\/media?parent=1757"}],"curies":[{"name":"wp","href":"https:\/\/api.w.org\/{rel}","templated":true}]}}