{"id":1744,"date":"2019-09-24T16:03:31","date_gmt":"2019-09-24T14:03:31","guid":{"rendered":"http:\/\/www.trikomaseeds.com\/trikoma-seeds\/"},"modified":"2025-01-27T14:35:00","modified_gmt":"2025-01-27T13:35:00","slug":"sobre-nos","status":"publish","type":"page","link":"https:\/\/www.trikomaseeds.com\/pt-br\/sobre-nos\/","title":{"rendered":"Sobre n\u00f3s"},"content":{"rendered":"<div class=\"fusion-fullwidth fullwidth-box fusion-builder-row-1 fusion-flex-container nonhundred-percent-fullwidth non-hundred-percent-height-scrolling\" style=\"--awb-border-radius-top-left:0px;--awb-border-radius-top-right:0px;--awb-border-radius-bottom-right:0px;--awb-border-radius-bottom-left:0px;--awb-flex-wrap:wrap;\" ><div class=\"fusion-builder-row fusion-row fusion-flex-align-items-flex-start fusion-flex-content-wrap\" style=\"max-width:1352px;margin-left: calc(-4% \/ 2 );margin-right: calc(-4% \/ 2 );\"><div class=\"fusion-layout-column fusion_builder_column fusion-builder-column-0 fusion_builder_column_1_1 1_1 fusion-flex-column\" style=\"--awb-bg-size:cover;--awb-width-large:100%;--awb-margin-top-large:0px;--awb-spacing-right-large:1.92%;--awb-margin-bottom-large:20px;--awb-spacing-left-large:1.92%;--awb-width-medium:100%;--awb-spacing-right-medium:1.92%;--awb-spacing-left-medium:1.92%;--awb-width-small:100%;--awb-spacing-right-small:1.92%;--awb-spacing-left-small:1.92%;\"><div class=\"fusion-column-wrapper fusion-column-has-shadow fusion-flex-justify-content-flex-start fusion-content-layout-column\"><div class=\"fusion-text fusion-text-1\"><div class=\"container\">\n<div class=\"row\">\n<div id=\"content\" class=\"col-sm-9\">\n<h2>Sobre n\u00f3s<\/h2>\n<h3><strong> Nossa miss\u00e3o <\/strong><\/h3>\n<p>Somos um banco de sementes localizado em Barcelona, \u200b\u200bcujo principal interesse \u00e9 oferecer sementes de alta qualidade a pre\u00e7os muito acess\u00edveis. Colocamos \u00e0 sua disposi\u00e7\u00e3o gen\u00e9tica excelente, variedades que est\u00e3o no mercado a pre\u00e7os muito mais altos.<br \/>\nTodas as nossas sementes s\u00e3o 99,9% feminizadas. Trabalhamos para melhorar a gen\u00e9tica a cada ano, criando variedades cada vez mais produtivas com sabores deliciosos. Na Trikoma Seeds, nos preocupamos em evoluir de forma ecol\u00f3gica e sustent\u00e1vel, desenvolvendo variedades que se adaptem aos processos de cultivo de profissionais e amadores.<\/p>\n<h3><strong> Nossas sementes <\/strong><\/h3>\n<p>Todas as plantas que oferecemos no cat\u00e1logo foram cultivadas por n\u00f3s anteriormente, observando seu desenvolvimento e crescimento para oferecer a voc\u00ea uma semente de alta qualidade em cada gen\u00e9tica. Os dados oferecidos em termos de tempos e produ\u00e7\u00f5es de cada variedade s\u00e3o verificados sob condi\u00e7\u00f5es ideais de cultivo.<br \/>\nNa Trikoma Seeds, n\u00e3o somos respons\u00e1veis \u200b\u200bpelo mau uso das sementes. Sempre confiamos nas boas inten\u00e7\u00f5es dos clientes.<\/p>\n<p>Este produto \u00e9 restrito a menores de 18 anos.<\/p>\n<h3><strong> Nossos pre\u00e7os <\/strong><\/h3>\n<p>Na Trikoma Seeds, oferecemos todas as nossas variedades por um pre\u00e7o \u00fanico de \u20ac 18 por 5 unidades. Qualidade m\u00e1xima em termos de gen\u00e9tica e sabor a um pre\u00e7o m\u00ednimo. Depois de cultivar qualquer uma de nossas sementes, voc\u00ea ficar\u00e1 satisfeito com a qualidade e a quantidade da produ\u00e7\u00e3o.<br \/>\nVariedades cl\u00e1ssicas e id\u00eanticas de outros bancos a pre\u00e7os muito mais baixos e com a mesma qualidade.<\/p>\n<p>Atenciosamente, a equipe Trikoma Seeds.<\/p>\n<\/div>\n<\/div>\n<\/div>\n<\/div><\/div><\/div><\/div><\/div>\n","protected":false},"excerpt":{"rendered":"","protected":false},"author":1,"featured_media":0,"parent":0,"menu_order":0,"comment_status":"closed","ping_status":"closed","template":"","meta":{"footnotes":""},"class_list":["post-1744","page","type-page","status-publish","hentry"],"yoast_head":"<!-- This site is optimized with the Yoast SEO plugin v25.6 - https:\/\/yoast.com\/wordpress\/plugins\/seo\/ -->\n<title>Sobre n\u00f3s - Trikoma Seeds<\/title>\n<meta name=\"robots\" content=\"noindex, follow\" \/>\n<meta property=\"og:locale\" content=\"pt_BR\" \/>\n<meta property=\"og:type\" content=\"article\" \/>\n<meta property=\"og:title\" content=\"Sobre n\u00f3s - Trikoma Seeds\" \/>\n<meta property=\"og:url\" content=\"https:\/\/www.trikomaseeds.com\/pt-br\/sobre-nos\/\" \/>\n<meta property=\"og:site_name\" content=\"Trikoma Seeds\" \/>\n<meta property=\"article:modified_time\" content=\"2025-01-27T13:35:00+00:00\" \/>\n<meta name=\"twitter:card\" content=\"summary_large_image\" \/>\n<meta name=\"twitter:label1\" content=\"Est. tempo de leitura\" \/>\n\t<meta name=\"twitter:data1\" content=\"2 minutos\" \/>\n<script type=\"application\/ld+json\" class=\"yoast-schema-graph\">{\"@context\":\"https:\/\/schema.org\",\"@graph\":[{\"@type\":\"WebPage\",\"@id\":\"https:\/\/www.trikomaseeds.com\/pt-br\/sobre-nos\/\",\"url\":\"https:\/\/www.trikomaseeds.com\/pt-br\/sobre-nos\/\",\"name\":\"Sobre n\u00f3s - Trikoma Seeds\",\"isPartOf\":{\"@id\":\"https:\/\/www.trikomaseeds.com\/pt-br\/#website\"},\"datePublished\":\"2019-09-24T14:03:31+00:00\",\"dateModified\":\"2025-01-27T13:35:00+00:00\",\"breadcrumb\":{\"@id\":\"https:\/\/www.trikomaseeds.com\/pt-br\/sobre-nos\/#breadcrumb\"},\"inLanguage\":\"pt-BR\",\"potentialAction\":[{\"@type\":\"ReadAction\",\"target\":[\"https:\/\/www.trikomaseeds.com\/pt-br\/sobre-nos\/\"]}]},{\"@type\":\"BreadcrumbList\",\"@id\":\"https:\/\/www.trikomaseeds.com\/pt-br\/sobre-nos\/#breadcrumb\",\"itemListElement\":[{\"@type\":\"ListItem\",\"position\":1,\"name\":\"Portada\",\"item\":\"https:\/\/www.trikomaseeds.com\/pt-br\/\"},{\"@type\":\"ListItem\",\"position\":2,\"name\":\"Sobre n\u00f3s\"}]},{\"@type\":\"WebSite\",\"@id\":\"https:\/\/www.trikomaseeds.com\/pt-br\/#website\",\"url\":\"https:\/\/www.trikomaseeds.com\/pt-br\/\",\"name\":\"Trikoma Seeds\",\"description\":\"Semillas de Marihuana Auto, Feminizadas y medicinales\",\"potentialAction\":[{\"@type\":\"SearchAction\",\"target\":{\"@type\":\"EntryPoint\",\"urlTemplate\":\"https:\/\/www.trikomaseeds.com\/pt-br\/?s={search_term_string}\"},\"query-input\":{\"@type\":\"PropertyValueSpecification\",\"valueRequired\":true,\"valueName\":\"search_term_string\"}}],\"inLanguage\":\"pt-BR\"}]}<\/script>\n<!-- \/ Yoast SEO plugin. -->","yoast_head_json":{"title":"Sobre n\u00f3s - Trikoma Seeds","robots":{"index":"noindex","follow":"follow"},"og_locale":"pt_BR","og_type":"article","og_title":"Sobre n\u00f3s - Trikoma Seeds","og_url":"https:\/\/www.trikomaseeds.com\/pt-br\/sobre-nos\/","og_site_name":"Trikoma Seeds","article_modified_time":"2025-01-27T13:35:00+00:00","twitter_card":"summary_large_image","twitter_misc":{"Est. tempo de leitura":"2 minutos"},"schema":{"@context":"https:\/\/schema.org","@graph":[{"@type":"WebPage","@id":"https:\/\/www.trikomaseeds.com\/pt-br\/sobre-nos\/","url":"https:\/\/www.trikomaseeds.com\/pt-br\/sobre-nos\/","name":"Sobre n\u00f3s - Trikoma Seeds","isPartOf":{"@id":"https:\/\/www.trikomaseeds.com\/pt-br\/#website"},"datePublished":"2019-09-24T14:03:31+00:00","dateModified":"2025-01-27T13:35:00+00:00","breadcrumb":{"@id":"https:\/\/www.trikomaseeds.com\/pt-br\/sobre-nos\/#breadcrumb"},"inLanguage":"pt-BR","potentialAction":[{"@type":"ReadAction","target":["https:\/\/www.trikomaseeds.com\/pt-br\/sobre-nos\/"]}]},{"@type":"BreadcrumbList","@id":"https:\/\/www.trikomaseeds.com\/pt-br\/sobre-nos\/#breadcrumb","itemListElement":[{"@type":"ListItem","position":1,"name":"Portada","item":"https:\/\/www.trikomaseeds.com\/pt-br\/"},{"@type":"ListItem","position":2,"name":"Sobre n\u00f3s"}]},{"@type":"WebSite","@id":"https:\/\/www.trikomaseeds.com\/pt-br\/#website","url":"https:\/\/www.trikomaseeds.com\/pt-br\/","name":"Trikoma Seeds","description":"Semillas de Marihuana Auto, Feminizadas y medicinales","potentialAction":[{"@type":"SearchAction","target":{"@type":"EntryPoint","urlTemplate":"https:\/\/www.trikomaseeds.com\/pt-br\/?s={search_term_string}"},"query-input":{"@type":"PropertyValueSpecification","valueRequired":true,"valueName":"search_term_string"}}],"inLanguage":"pt-BR"}]}},"_links":{"self":[{"href":"https:\/\/www.trikomaseeds.com\/pt-br\/wp-json\/wp\/v2\/pages\/1744","targetHints":{"allow":["GET"]}}],"collection":[{"href":"https:\/\/www.trikomaseeds.com\/pt-br\/wp-json\/wp\/v2\/pages"}],"about":[{"href":"https:\/\/www.trikomaseeds.com\/pt-br\/wp-json\/wp\/v2\/types\/page"}],"author":[{"embeddable":true,"href":"https:\/\/www.trikomaseeds.com\/pt-br\/wp-json\/wp\/v2\/users\/1"}],"replies":[{"embeddable":true,"href":"https:\/\/www.trikomaseeds.com\/pt-br\/wp-json\/wp\/v2\/comments?post=1744"}],"version-history":[{"count":1,"href":"https:\/\/www.trikomaseeds.com\/pt-br\/wp-json\/wp\/v2\/pages\/1744\/revisions"}],"predecessor-version":[{"id":12198,"href":"https:\/\/www.trikomaseeds.com\/pt-br\/wp-json\/wp\/v2\/pages\/1744\/revisions\/12198"}],"wp:attachment":[{"href":"https:\/\/www.trikomaseeds.com\/pt-br\/wp-json\/wp\/v2\/media?parent=1744"}],"curies":[{"name":"wp","href":"https:\/\/api.w.org\/{rel}","templated":true}]}}