{"id":1643,"date":"2019-09-24T15:56:20","date_gmt":"2019-09-24T13:56:20","guid":{"rendered":"http:\/\/www.trikomaseeds.com\/politica-de-privaciadad\/"},"modified":"2022-10-05T16:22:56","modified_gmt":"2022-10-05T14:22:56","slug":"politica-de-privacidade","status":"publish","type":"page","link":"https:\/\/www.trikomaseeds.com\/pt-br\/politica-de-privacidade\/","title":{"rendered":"Pol\u00edtica de privacidade"},"content":{"rendered":"<div class=\"fusion-fullwidth fullwidth-box fusion-builder-row-1 fusion-flex-container nonhundred-percent-fullwidth non-hundred-percent-height-scrolling\" style=\"--awb-border-radius-top-left:0px;--awb-border-radius-top-right:0px;--awb-border-radius-bottom-right:0px;--awb-border-radius-bottom-left:0px;--awb-flex-wrap:wrap;\" ><div class=\"fusion-builder-row fusion-row fusion-flex-align-items-flex-start fusion-flex-content-wrap\" style=\"max-width:calc( 1300px + 0px );margin-left: calc(-0px \/ 2 );margin-right: calc(-0px \/ 2 );\"><div class=\"fusion-layout-column fusion_builder_column fusion-builder-column-0 fusion_builder_column_1_1 1_1 fusion-flex-column\" style=\"--awb-bg-size:cover;--awb-width-large:100%;--awb-margin-top-large:0px;--awb-spacing-right-large:0px;--awb-margin-bottom-large:20px;--awb-spacing-left-large:0px;--awb-width-medium:100%;--awb-spacing-right-medium:0px;--awb-spacing-left-medium:0px;--awb-width-small:100%;--awb-spacing-right-small:0px;--awb-spacing-left-small:0px;\"><div class=\"fusion-column-wrapper fusion-column-has-shadow fusion-flex-justify-content-flex-start fusion-content-layout-column\"><div class=\"fusion-text fusion-text-1\"><h2>Pol\u00edtica de privacidade do Trikoma Seeds 4<\/h2>\n<p>Em conformidade com o disposto na Lei Org\u00e2nica 15\/1999, de 13 de dezembro, sobre Prote\u00e7\u00e3o de Dados Pessoais, a Trikoma Seeds informa seus clientes que a quantidade de dados pessoais que eles fornecer\u00e3o ser\u00e1 inclu\u00edda em um arquivo automatizado de dados pessoais , criado e mantido pela Trikoma Seeds.<br \/>\nSeus dados pessoais ser\u00e3o usados \u200b\u200bapenas pela TRIKOMA SEEDS para o gerenciamento, administra\u00e7\u00e3o e manuten\u00e7\u00e3o dos servi\u00e7os contratados e se voc\u00ea desejar expressamente faz\u00ea-lo para enviar informa\u00e7\u00f5es sobre os servi\u00e7os da Trikoma Seeds.<\/p>\n<p>O objetivo deste arquivo \u00e9 facilitar o processamento de pedidos e, somente se o cliente o solicitar expressamente, enviar futuras ofertas comerciais de produtos e servi\u00e7os que possam ser do interesse de nossos clientes.<br \/>\nO TRIKOMA SEEDS garante a seguran\u00e7a e a confidencialidade dos dados fornecidos. Dessa forma, voc\u00ea concorda em cumprir sua obriga\u00e7\u00e3o de sigilo de dados pessoais e seu dever de mant\u00ea-los e tomar todas as medidas necess\u00e1rias para impedir sua altera\u00e7\u00e3o, perda, tratamento ou uso n\u00e3o autorizado.<\/p>\n<p>Portanto, todas as informa\u00e7\u00f5es sobre nossos clientes n\u00e3o ser\u00e3o usadas para fins comerciais nem ser\u00e3o transferidas ou vendidas a terceiros.<br \/>\nO Usu\u00e1rio garante que os Dados Pessoais fornecidos \u00e0 TRIKOMA SEEDS s\u00e3o verdadeiros e s\u00e3o respons\u00e1veis \u200b\u200bpor comunicar quaisquer altera\u00e7\u00f5es aos mesmos. O usu\u00e1rio ser\u00e1 o \u00fanico respons\u00e1vel por qualquer dano ou perda, direta ou indireta, que possa ser causada \u00e0 Trikoma Seeds ou a terceiros devido ao preenchimento dos formul\u00e1rios com dados falsos, imprecisos, incompletos ou desatualizados.<br \/>\nOs clientes da TRIKOMA SEEDS podem, a qualquer momento, exercer seus direitos de acesso, retifica\u00e7\u00e3o, cancelamento e oposi\u00e7\u00e3o, comunicando-o por escrito a:<br \/>\nPor carta:<\/p>\n<h3>Sementes de Trikoma<\/h3>\n<ul style=\"margin: 1rem 0rem; padding: 0rem 1rem;\">\n<li><strong>Empresa:<\/strong> Travel Nostrum SL<\/li>\n<li><strong>Endere\u00e7o:<\/strong> C\/Roca Umbert, 9 bajos 08907-L\u2019Hospitalet de Llobregat Barcelona Catalunha<\/li>\n<li><strong>Telefone:<\/strong> +34 674 012 943<\/li>\n<li><strong>E-mail:<\/strong> info@trikomaseeds.com<\/li>\n<\/ul>\n<p>A qualquer momento, o Usu\u00e1rio pode acessar seus dados, para consult\u00e1-los ou modific\u00e1-los on-line. O preenchimento dos formul\u00e1rios inclu\u00eddos no site implica o consentimento expresso do Usu\u00e1rio para a inclus\u00e3o de seus dados pessoais no arquivo automatizado Trikoma Seeds acima mencionado.<br \/>\nA Trikoma Seeds adotou as medidas necess\u00e1rias para evitar altera\u00e7\u00f5es, perda, tratamento ou acesso n\u00e3o autorizado a dados pessoais, levando sempre em considera\u00e7\u00e3o o estado da tecnologia, no entanto, o usu\u00e1rio deve estar ciente de que as medidas de seguran\u00e7a na Internet eles n\u00e3o s\u00e3o inexpugn\u00e1veis.<\/p>\n<p>Google privacy and terms site<\/p>\n<p>HOW GOOGLE USES INFORMATION FROM WEBSITES OR APPLICATIONS THAT USE OUR SERVICES. You can consult all the information at the link <a href=\"https:\/\/policies.google.com\/technologies\/partner-sites\"><strong>GOOGLE PRIVACY AND TERMS SITE<\/strong><\/a><\/p>\n<\/div><\/div><\/div><\/div><\/div>\n","protected":false},"excerpt":{"rendered":"","protected":false},"author":1,"featured_media":0,"parent":0,"menu_order":0,"comment_status":"closed","ping_status":"closed","template":"","meta":{"footnotes":""},"class_list":["post-1643","page","type-page","status-publish","hentry"],"yoast_head":"<!-- This site is optimized with the Yoast SEO plugin v25.6 - https:\/\/yoast.com\/wordpress\/plugins\/seo\/ -->\n<title>Pol\u00edtica de privacidade - Trikoma Seeds<\/title>\n<meta name=\"robots\" content=\"noindex, follow\" \/>\n<meta property=\"og:locale\" content=\"pt_BR\" \/>\n<meta property=\"og:type\" content=\"article\" \/>\n<meta property=\"og:title\" content=\"Pol\u00edtica de privacidade - Trikoma Seeds\" \/>\n<meta property=\"og:url\" content=\"https:\/\/www.trikomaseeds.com\/pt-br\/politica-de-privacidade\/\" \/>\n<meta property=\"og:site_name\" content=\"Trikoma Seeds\" \/>\n<meta property=\"article:modified_time\" content=\"2022-10-05T14:22:56+00:00\" \/>\n<meta name=\"twitter:card\" content=\"summary_large_image\" \/>\n<meta name=\"twitter:label1\" content=\"Est. tempo de leitura\" \/>\n\t<meta name=\"twitter:data1\" content=\"3 minutos\" \/>\n<script type=\"application\/ld+json\" class=\"yoast-schema-graph\">{\"@context\":\"https:\/\/schema.org\",\"@graph\":[{\"@type\":\"WebPage\",\"@id\":\"https:\/\/www.trikomaseeds.com\/pt-br\/politica-de-privacidade\/\",\"url\":\"https:\/\/www.trikomaseeds.com\/pt-br\/politica-de-privacidade\/\",\"name\":\"Pol\u00edtica de privacidade - Trikoma Seeds\",\"isPartOf\":{\"@id\":\"https:\/\/www.trikomaseeds.com\/pt-br\/#website\"},\"datePublished\":\"2019-09-24T13:56:20+00:00\",\"dateModified\":\"2022-10-05T14:22:56+00:00\",\"breadcrumb\":{\"@id\":\"https:\/\/www.trikomaseeds.com\/pt-br\/politica-de-privacidade\/#breadcrumb\"},\"inLanguage\":\"pt-BR\",\"potentialAction\":[{\"@type\":\"ReadAction\",\"target\":[\"https:\/\/www.trikomaseeds.com\/pt-br\/politica-de-privacidade\/\"]}]},{\"@type\":\"BreadcrumbList\",\"@id\":\"https:\/\/www.trikomaseeds.com\/pt-br\/politica-de-privacidade\/#breadcrumb\",\"itemListElement\":[{\"@type\":\"ListItem\",\"position\":1,\"name\":\"Portada\",\"item\":\"https:\/\/www.trikomaseeds.com\/pt-br\/\"},{\"@type\":\"ListItem\",\"position\":2,\"name\":\"Pol\u00edtica de privacidade\"}]},{\"@type\":\"WebSite\",\"@id\":\"https:\/\/www.trikomaseeds.com\/pt-br\/#website\",\"url\":\"https:\/\/www.trikomaseeds.com\/pt-br\/\",\"name\":\"Trikoma Seeds\",\"description\":\"Semillas de Marihuana Auto, Feminizadas y medicinales\",\"potentialAction\":[{\"@type\":\"SearchAction\",\"target\":{\"@type\":\"EntryPoint\",\"urlTemplate\":\"https:\/\/www.trikomaseeds.com\/pt-br\/?s={search_term_string}\"},\"query-input\":{\"@type\":\"PropertyValueSpecification\",\"valueRequired\":true,\"valueName\":\"search_term_string\"}}],\"inLanguage\":\"pt-BR\"}]}<\/script>\n<!-- \/ Yoast SEO plugin. -->","yoast_head_json":{"title":"Pol\u00edtica de privacidade - Trikoma Seeds","robots":{"index":"noindex","follow":"follow"},"og_locale":"pt_BR","og_type":"article","og_title":"Pol\u00edtica de privacidade - Trikoma Seeds","og_url":"https:\/\/www.trikomaseeds.com\/pt-br\/politica-de-privacidade\/","og_site_name":"Trikoma Seeds","article_modified_time":"2022-10-05T14:22:56+00:00","twitter_card":"summary_large_image","twitter_misc":{"Est. tempo de leitura":"3 minutos"},"schema":{"@context":"https:\/\/schema.org","@graph":[{"@type":"WebPage","@id":"https:\/\/www.trikomaseeds.com\/pt-br\/politica-de-privacidade\/","url":"https:\/\/www.trikomaseeds.com\/pt-br\/politica-de-privacidade\/","name":"Pol\u00edtica de privacidade - Trikoma Seeds","isPartOf":{"@id":"https:\/\/www.trikomaseeds.com\/pt-br\/#website"},"datePublished":"2019-09-24T13:56:20+00:00","dateModified":"2022-10-05T14:22:56+00:00","breadcrumb":{"@id":"https:\/\/www.trikomaseeds.com\/pt-br\/politica-de-privacidade\/#breadcrumb"},"inLanguage":"pt-BR","potentialAction":[{"@type":"ReadAction","target":["https:\/\/www.trikomaseeds.com\/pt-br\/politica-de-privacidade\/"]}]},{"@type":"BreadcrumbList","@id":"https:\/\/www.trikomaseeds.com\/pt-br\/politica-de-privacidade\/#breadcrumb","itemListElement":[{"@type":"ListItem","position":1,"name":"Portada","item":"https:\/\/www.trikomaseeds.com\/pt-br\/"},{"@type":"ListItem","position":2,"name":"Pol\u00edtica de privacidade"}]},{"@type":"WebSite","@id":"https:\/\/www.trikomaseeds.com\/pt-br\/#website","url":"https:\/\/www.trikomaseeds.com\/pt-br\/","name":"Trikoma Seeds","description":"Semillas de Marihuana Auto, Feminizadas y medicinales","potentialAction":[{"@type":"SearchAction","target":{"@type":"EntryPoint","urlTemplate":"https:\/\/www.trikomaseeds.com\/pt-br\/?s={search_term_string}"},"query-input":{"@type":"PropertyValueSpecification","valueRequired":true,"valueName":"search_term_string"}}],"inLanguage":"pt-BR"}]}},"_links":{"self":[{"href":"https:\/\/www.trikomaseeds.com\/pt-br\/wp-json\/wp\/v2\/pages\/1643","targetHints":{"allow":["GET"]}}],"collection":[{"href":"https:\/\/www.trikomaseeds.com\/pt-br\/wp-json\/wp\/v2\/pages"}],"about":[{"href":"https:\/\/www.trikomaseeds.com\/pt-br\/wp-json\/wp\/v2\/types\/page"}],"author":[{"embeddable":true,"href":"https:\/\/www.trikomaseeds.com\/pt-br\/wp-json\/wp\/v2\/users\/1"}],"replies":[{"embeddable":true,"href":"https:\/\/www.trikomaseeds.com\/pt-br\/wp-json\/wp\/v2\/comments?post=1643"}],"version-history":[{"count":0,"href":"https:\/\/www.trikomaseeds.com\/pt-br\/wp-json\/wp\/v2\/pages\/1643\/revisions"}],"wp:attachment":[{"href":"https:\/\/www.trikomaseeds.com\/pt-br\/wp-json\/wp\/v2\/media?parent=1643"}],"curies":[{"name":"wp","href":"https:\/\/api.w.org\/{rel}","templated":true}]}}