{"id":10292,"date":"2019-12-24T16:45:45","date_gmt":"2019-12-24T15:45:45","guid":{"rendered":"https:\/\/www.trikomaseeds.com\/cookies\/"},"modified":"2021-06-17T18:16:46","modified_gmt":"2021-06-17T16:16:46","slug":"cookies","status":"publish","type":"page","link":"https:\/\/www.trikomaseeds.com\/pt-br\/cookies\/","title":{"rendered":"Cookies"},"content":{"rendered":"<div class=\"fusion-fullwidth fullwidth-box fusion-builder-row-1 fusion-flex-container nonhundred-percent-fullwidth non-hundred-percent-height-scrolling\" style=\"--awb-border-radius-top-left:0px;--awb-border-radius-top-right:0px;--awb-border-radius-bottom-right:0px;--awb-border-radius-bottom-left:0px;--awb-flex-wrap:wrap;\" ><div class=\"fusion-builder-row fusion-row fusion-flex-align-items-flex-start fusion-flex-content-wrap\" style=\"max-width:calc( 1300px + 0px );margin-left: calc(-0px \/ 2 );margin-right: calc(-0px \/ 2 );\"><div class=\"fusion-layout-column fusion_builder_column fusion-builder-column-0 fusion_builder_column_1_1 1_1 fusion-flex-column\" style=\"--awb-bg-size:cover;--awb-width-large:100%;--awb-margin-top-large:0px;--awb-spacing-right-large:0px;--awb-margin-bottom-large:0px;--awb-spacing-left-large:0px;--awb-width-medium:100%;--awb-spacing-right-medium:0px;--awb-spacing-left-medium:0px;--awb-width-small:100%;--awb-spacing-right-small:0px;--awb-spacing-left-small:0px;\"><div class=\"fusion-column-wrapper fusion-flex-justify-content-flex-start fusion-content-layout-column\"><div class=\"fusion-text fusion-text-1\"><h3> About the cookie policy. <\/h3>\n<div> This Cookie Policy explains what cookies are and how we use them. You should read this policy to understand what cookies are, how we use them, the types of cookies we use, that is, the information we collect using cookies and how that information is used, and how to control cookie preferences. For more information on how we use, store and keep your personal data safe, please see our Privacy Policy. At any time you can change or withdraw your consent to the Cookie Statement on our website. Learn more about who we are, how you can communicate with us and how we process personal data in our Privacy Policy. Your consent applies to the following domains: www.trikomaseeds.com <div class=\"wt-cli-element cli_user_consent_state\"><\/div> <\/div>\n<h3> What are cookies? <\/h3>\n<div> Cookies are small text files that are used to store small pieces of information. Cookies are stored on your device when the website loads in your browser. These cookies help us to make the website work properly, make the website more secure, provide a better user experience and understand how the website works and analyze what works and where it needs improvement. <\/div>\n<h3> How do we use cookies? <\/h3>\n<div> Like most online services, our website uses its own and third-party cookies for various purposes. First-party cookies are primarily necessary for the website to function properly and do not collect any of your personally identifiable data. Third-party cookies used on our websites are primarily used to understand how the website works, how you interact with our site web, keep our services secure, provide advertisements that are relevant to you, and generally provide you with a better and better user experience and help speed up your future interactions with our website. <\/div>\n<h3> What types of cookies do we use? <\/h3>\n<div> The cookies used on our website are grouped into the following categories: <div class=\"wt-cli-element cli_cookie_category_single\"><div class=\"cli_cookie_category_single\"><h5 class=\"cli_cookie_category_single_hd\">Necess\u00e1rio<\/h5><div class=\"cli_cookie_category_single_description\"><p>Os cookies necess\u00e1rios s\u00e3o absolutamente essenciais para o funcionamento adequado do site. Esses cookies garantem as funcionalidades b\u00e1sicas e recursos de seguran\u00e7a do site, de forma an\u00f4nima. <table class=\"wt-cli-element cookielawinfo-row-cat-table cookielawinfo-classic\"><thead><tr><th scope=\"col\" class=\"cookielawinfo-column-1\">Cookie<\/th><th scope=\"col\" class=\"cookielawinfo-column-2\">Tipo<\/th><th scope=\"col\" class=\"cookielawinfo-column-3\">Dura\u00e7\u00e3o<\/th><th scope=\"col\" class=\"cookielawinfo-column-4\">Descri\u00e7\u00e3o<\/th><\/tr><\/thead><tbody><tr class=\"cookielawinfo-row\"><td class=\"cookielawinfo-column-1\">viewed_cookie_policy<\/td><td class=\"cookielawinfo-column-2\"><\/td><td class=\"cookielawinfo-column-3\"><\/td><td class=\"cookielawinfo-column-4\">O cookie \u00e9 definido pelo plug-in de consentimento do cookie GDPR e \u00e9 usado para armazenar se o usu\u00e1rio consentiu ou n\u00e3o com o uso de cookies. Ele n\u00e3o armazena nenhum dado pessoal.<\/td><\/tr><tr class=\"cookielawinfo-row\"><td class=\"cookielawinfo-column-1\">woocommerce_cart_hash<\/td><td class=\"cookielawinfo-column-2\"><\/td><td class=\"cookielawinfo-column-3\"><\/td><td class=\"cookielawinfo-column-4\">Este cookie \u00e9 definido por WooCommerce. O cookie ajuda o WooCommerce a determinar quando o conte\u00fado \/ dados do carrinho mudam.<\/td><\/tr><\/tbody><\/table><\/p><\/div><\/div><div class=\"cli_cookie_category_single\"><h5 class=\"cli_cookie_category_single_hd\">Funcional<\/h5><div class=\"cli_cookie_category_single_description\"><p>Os cookies funcionais ajudam a executar certas funcionalidades, como compartilhamento de conte\u00fado do site em plataformas de m\u00eddia social, coleta de coment\u00e1rios e outros recursos de terceiros.<table class=\"wt-cli-element cookielawinfo-row-cat-table cookielawinfo-classic\"><thead><tr><th scope=\"col\" class=\"cookielawinfo-column-1\">Cookie<\/th><th scope=\"col\" class=\"cookielawinfo-column-2\">Tipo<\/th><th scope=\"col\" class=\"cookielawinfo-column-3\">Dura\u00e7\u00e3o<\/th><th scope=\"col\" class=\"cookielawinfo-column-4\">Descri\u00e7\u00e3o<\/th><\/tr><\/thead><tbody><tr class=\"cookielawinfo-row\"><td class=\"cookielawinfo-column-1\">_icl_visitor_lang_js<\/td><td class=\"cookielawinfo-column-2\"><\/td><td class=\"cookielawinfo-column-3\"><\/td><td class=\"cookielawinfo-column-4\">Este cookie \u00e9 armazenado pelo plugin WPML WordPress. O objetivo do cookie \u00e9 armazenar o idioma redirecionado.<\/td><\/tr><tr class=\"cookielawinfo-row\"><td class=\"cookielawinfo-column-1\">wpml_browser_redirect_test<\/td><td class=\"cookielawinfo-column-2\"><\/td><td class=\"cookielawinfo-column-3\"><\/td><td class=\"cookielawinfo-column-4\">Este cookie est\u00e1 configurado para o complemento WPML WordPress e se utiliza para probar se os cookies est\u00e1 habilitado no navegador.<\/td><\/tr><\/tbody><\/table><\/p><\/div><\/div><div class=\"cli_cookie_category_single\"><h5 class=\"cli_cookie_category_single_hd\">Analytics<\/h5><div class=\"cli_cookie_category_single_description\"><p>Cookies anal\u00edticos s\u00e3o usados \u200b\u200bpara entender como os visitantes interagem com o site. Esses cookies ajudam a fornecer informa\u00e7\u00f5es sobre m\u00e9tricas, o n\u00famero de visitantes, a taxa de rejei\u00e7\u00e3o, a origem do tr\u00e1fego, etc.<table class=\"wt-cli-element cookielawinfo-row-cat-table cookielawinfo-classic\"><thead><tr><th scope=\"col\" class=\"cookielawinfo-column-1\">Cookie<\/th><th scope=\"col\" class=\"cookielawinfo-column-2\">Tipo<\/th><th scope=\"col\" class=\"cookielawinfo-column-3\">Dura\u00e7\u00e3o<\/th><th scope=\"col\" class=\"cookielawinfo-column-4\">Descri\u00e7\u00e3o<\/th><\/tr><\/thead><tbody><tr class=\"cookielawinfo-row\"><td class=\"cookielawinfo-column-1\">_ga<\/td><td class=\"cookielawinfo-column-2\"><\/td><td class=\"cookielawinfo-column-3\"><\/td><td class=\"cookielawinfo-column-4\">Este cookie \u00e9 instalado pelo Google Analytics. O cookie \u00e9 usado para calcular o visitante, a sess\u00e3o, os dados da campanha e controlar o uso do site para o relat\u00f3rio de an\u00e1lise do site. Os cookies armazenam informa\u00e7\u00f5es anonimamente e atribuem um n\u00famero gerado aleatoriamente para identificar visitantes \u00fanicos.<\/td><\/tr><tr class=\"cookielawinfo-row\"><td class=\"cookielawinfo-column-1\">_gcl_au<\/td><td class=\"cookielawinfo-column-2\"><\/td><td class=\"cookielawinfo-column-3\"><\/td><td class=\"cookielawinfo-column-4\">Este cookie \u00e9 usado pelo Google Analytics para entender a intera\u00e7\u00e3o do usu\u00e1rio com o site.<\/td><\/tr><tr class=\"cookielawinfo-row\"><td class=\"cookielawinfo-column-1\">_gid<\/td><td class=\"cookielawinfo-column-2\"><\/td><td class=\"cookielawinfo-column-3\"><\/td><td class=\"cookielawinfo-column-4\">Este cookie \u00e9 instalado pelo Google Analytics. O cookie \u00e9 usado para armazenar informa\u00e7\u00f5es sobre como os visitantes usam um site e ajuda a criar um relat\u00f3rio anal\u00edtico de como o site est\u00e1 funcionando. Os dados coletados, incluindo o n\u00famero de visitantes, a fonte de onde v\u00eam e as p\u00e1ginas, s\u00e3o exibidos de forma an\u00f4nima.<\/td><\/tr><\/tbody><\/table>\r\n<\/p><\/div><\/div><div class=\"cli_cookie_category_single\"><h5 class=\"cli_cookie_category_single_hd\">An\u00fancio<\/h5><div class=\"cli_cookie_category_single_description\"><p>Os cookies de publicidade s\u00e3o usados \u200b\u200bpara fornecer aos visitantes an\u00fancios e campanhas de marketing relevantes. Esses cookies rastreiam visitantes em sites e coletam informa\u00e7\u00f5es para fornecer an\u00fancios personalizados.<table class=\"wt-cli-element cookielawinfo-row-cat-table cookielawinfo-classic\"><thead><tr><th scope=\"col\" class=\"cookielawinfo-column-1\">Cookie<\/th><th scope=\"col\" class=\"cookielawinfo-column-2\">Tipo<\/th><th scope=\"col\" class=\"cookielawinfo-column-3\">Dura\u00e7\u00e3o<\/th><th scope=\"col\" class=\"cookielawinfo-column-4\">Descri\u00e7\u00e3o<\/th><\/tr><\/thead><tbody><tr class=\"cookielawinfo-row\"><td class=\"cookielawinfo-column-1\">IDE<\/td><td class=\"cookielawinfo-column-2\"><\/td><td class=\"cookielawinfo-column-3\"><\/td><td class=\"cookielawinfo-column-4\">Usado pelo Google DoubleClick e armazena informa\u00e7\u00f5es sobre como o usu\u00e1rio usa o site e qualquer outro an\u00fancio antes de visitar o site. Isso \u00e9 usado para apresentar aos usu\u00e1rios an\u00fancios que s\u00e3o relevantes para eles de acordo com o perfil do usu\u00e1rio.<\/td><\/tr><tr class=\"cookielawinfo-row\"><td class=\"cookielawinfo-column-1\">test_cookie<\/td><td class=\"cookielawinfo-column-2\"><\/td><td class=\"cookielawinfo-column-3\"><\/td><td class=\"cookielawinfo-column-4\">Este cookie \u00e9 definido por doubleclick.net. O objetivo do cookie \u00e9 determinar se o navegador do usu\u00e1rio oferece suporte a cookies.<\/td><\/tr><\/tbody><\/table>\r\n<\/p><\/div><\/div><div class=\"cli_cookie_category_single\"><h5 class=\"cli_cookie_category_single_hd\">Outro<\/h5><div class=\"cli_cookie_category_single_description\"><p>Outros cookies n\u00e3o categorizados s\u00e3o aqueles que est\u00e3o sendo analisados e ainda n\u00e3o foram classificados em uma categoria.[Cookie_audit category = \"others\" style = \"winter\" columns = \"cookie, duration, description\"] <table class=\"wt-cli-element cookielawinfo-row-cat-table cookielawinfo-winter\"><thead><tr><th scope=\"col\" class=\"cookielawinfo-column-1\">Cookie<\/th><th scope=\"col\" class=\"cookielawinfo-column-2\">Tipo<\/th><th scope=\"col\" class=\"cookielawinfo-column-3\">Dura\u00e7\u00e3o<\/th><th scope=\"col\" class=\"cookielawinfo-column-4\">Descri\u00e7\u00e3o<\/th><\/tr><\/thead><tbody><tr class=\"cookielawinfo-row\"><td class=\"cookielawinfo-column-1\">_dc_gtm_UA-108735046-2<\/td><td class=\"cookielawinfo-column-2\"><\/td><td class=\"cookielawinfo-column-3\"><\/td><td class=\"cookielawinfo-column-4\">Sem descri\u00e7\u00e3o<\/td><\/tr><tr class=\"cookielawinfo-row\"><td class=\"cookielawinfo-column-1\">_ga<\/td><td class=\"cookielawinfo-column-2\"><\/td><td class=\"cookielawinfo-column-3\"><\/td><td class=\"cookielawinfo-column-4\">Este cookie \u00e9 instalado pelo Google Analytics. O cookie \u00e9 usado para calcular o visitante, a sess\u00e3o, os dados da campanha e controlar o uso do site para o relat\u00f3rio de an\u00e1lise do site. Os cookies armazenam informa\u00e7\u00f5es anonimamente e atribuem um n\u00famero gerado aleatoriamente para identificar visitantes \u00fanicos.<\/td><\/tr><tr class=\"cookielawinfo-row\"><td class=\"cookielawinfo-column-1\">_gat_UA-108735046-2<\/td><td class=\"cookielawinfo-column-2\"><\/td><td class=\"cookielawinfo-column-3\"><\/td><td class=\"cookielawinfo-column-4\">Sem descri\u00e7\u00e3o<\/td><\/tr><tr class=\"cookielawinfo-row\"><td class=\"cookielawinfo-column-1\">_gcl_au<\/td><td class=\"cookielawinfo-column-2\"><\/td><td class=\"cookielawinfo-column-3\"><\/td><td class=\"cookielawinfo-column-4\">Este cookie \u00e9 usado pelo Google Analytics para entender a intera\u00e7\u00e3o do usu\u00e1rio com o site.<\/td><\/tr><tr class=\"cookielawinfo-row\"><td class=\"cookielawinfo-column-1\">_gid<\/td><td class=\"cookielawinfo-column-2\"><\/td><td class=\"cookielawinfo-column-3\"><\/td><td class=\"cookielawinfo-column-4\">Este cookie \u00e9 instalado pelo Google Analytics. O cookie \u00e9 usado para armazenar informa\u00e7\u00f5es sobre como os visitantes usam um site e ajuda a criar um relat\u00f3rio anal\u00edtico de como o site est\u00e1 funcionando. Os dados coletados, incluindo o n\u00famero de visitantes, a fonte de onde v\u00eam e as p\u00e1ginas, s\u00e3o exibidos de forma an\u00f4nima.<\/td><\/tr><tr class=\"cookielawinfo-row\"><td class=\"cookielawinfo-column-1\">_icl_visitor_lang_js<\/td><td class=\"cookielawinfo-column-2\"><\/td><td class=\"cookielawinfo-column-3\"><\/td><td class=\"cookielawinfo-column-4\">Este cookie \u00e9 armazenado pelo plugin WPML WordPress. O objetivo do cookie \u00e9 armazenar o idioma redirecionado.<\/td><\/tr><tr class=\"cookielawinfo-row\"><td class=\"cookielawinfo-column-1\">IDE<\/td><td class=\"cookielawinfo-column-2\"><\/td><td class=\"cookielawinfo-column-3\"><\/td><td class=\"cookielawinfo-column-4\">Usado pelo Google DoubleClick e armazena informa\u00e7\u00f5es sobre como o usu\u00e1rio usa o site e qualquer outro an\u00fancio antes de visitar o site. Isso \u00e9 usado para apresentar aos usu\u00e1rios an\u00fancios que s\u00e3o relevantes para eles de acordo com o perfil do usu\u00e1rio.<\/td><\/tr><tr class=\"cookielawinfo-row\"><td class=\"cookielawinfo-column-1\">RUL<\/td><td class=\"cookielawinfo-column-2\"><\/td><td class=\"cookielawinfo-column-3\"><\/td><td class=\"cookielawinfo-column-4\">Sem descri\u00e7\u00e3o<\/td><\/tr><tr class=\"cookielawinfo-row\"><td class=\"cookielawinfo-column-1\">test_cookie<\/td><td class=\"cookielawinfo-column-2\"><\/td><td class=\"cookielawinfo-column-3\"><\/td><td class=\"cookielawinfo-column-4\">Este cookie \u00e9 definido por doubleclick.net. O objetivo do cookie \u00e9 determinar se o navegador do usu\u00e1rio oferece suporte a cookies.<\/td><\/tr><tr class=\"cookielawinfo-row\"><td class=\"cookielawinfo-column-1\">viewed_cookie_policy<\/td><td class=\"cookielawinfo-column-2\"><\/td><td class=\"cookielawinfo-column-3\"><\/td><td class=\"cookielawinfo-column-4\">O cookie \u00e9 definido pelo plug-in de consentimento do cookie GDPR e \u00e9 usado para armazenar se o usu\u00e1rio consentiu ou n\u00e3o com o uso de cookies. Ele n\u00e3o armazena nenhum dado pessoal.<\/td><\/tr><tr class=\"cookielawinfo-row\"><td class=\"cookielawinfo-column-1\">woocommerce_cart_hash<\/td><td class=\"cookielawinfo-column-2\"><\/td><td class=\"cookielawinfo-column-3\"><\/td><td class=\"cookielawinfo-column-4\">Este cookie \u00e9 definido por WooCommerce. O cookie ajuda o WooCommerce a determinar quando o conte\u00fado \/ dados do carrinho mudam.<\/td><\/tr><tr class=\"cookielawinfo-row\"><td class=\"cookielawinfo-column-1\">wp-wpml_current_language<\/td><td class=\"cookielawinfo-column-2\"><\/td><td class=\"cookielawinfo-column-3\"><\/td><td class=\"cookielawinfo-column-4\">Sem descri\u00e7\u00e3o<\/td><\/tr><tr class=\"cookielawinfo-row\"><td class=\"cookielawinfo-column-1\">wpml_browser_redirect_test<\/td><td class=\"cookielawinfo-column-2\"><\/td><td class=\"cookielawinfo-column-3\"><\/td><td class=\"cookielawinfo-column-4\">Este cookie est\u00e1 configurado para o complemento WPML WordPress e se utiliza para probar se os cookies est\u00e1 habilitado no navegador.<\/td><\/tr><\/tbody><\/table><\/p><\/div><\/div><\/div> <\/div>\n<h3> How can I control cookie preferences? <\/h3>\n<div> You can manage your cookie preferences by clicking the &#8220;Settings&#8221; button and enabling or disabling the cookie categories in the pop-up window according to your preferences. If you decide to change your preferences later through your browsing session, You can click on the &#8220;Privacy and Cookie Policy&#8221; tab on your screen. This will display the consent notice again, allowing you to change your preferences or withdraw your consent entirely. In addition to this, different browsers provide different methods to block and delete cookies used by websites. You can change your browser settings to block \/ delete cookies. For more information on how to manage and delete cookies, visit www.allaboutcookies.org. <\/div>\n<\/div><\/div><\/div><\/div><\/div>\n","protected":false},"excerpt":{"rendered":"","protected":false},"author":1,"featured_media":0,"parent":0,"menu_order":0,"comment_status":"closed","ping_status":"closed","template":"","meta":{"footnotes":""},"class_list":["post-10292","page","type-page","status-publish","hentry"],"yoast_head":"<!-- This site is optimized with the Yoast SEO plugin v25.6 - https:\/\/yoast.com\/wordpress\/plugins\/seo\/ -->\n<title>Cookies - Trikoma Seeds<\/title>\n<meta name=\"robots\" content=\"noindex, follow\" \/>\n<meta property=\"og:locale\" content=\"pt_BR\" \/>\n<meta property=\"og:type\" content=\"article\" \/>\n<meta property=\"og:title\" content=\"Cookies - Trikoma Seeds\" \/>\n<meta property=\"og:url\" content=\"https:\/\/www.trikomaseeds.com\/pt-br\/cookies\/\" \/>\n<meta property=\"og:site_name\" content=\"Trikoma Seeds\" \/>\n<meta property=\"article:modified_time\" content=\"2021-06-17T16:16:46+00:00\" \/>\n<meta name=\"twitter:card\" content=\"summary_large_image\" \/>\n<meta name=\"twitter:label1\" content=\"Est. tempo de leitura\" \/>\n\t<meta name=\"twitter:data1\" content=\"3 minutos\" \/>\n<script type=\"application\/ld+json\" class=\"yoast-schema-graph\">{\"@context\":\"https:\/\/schema.org\",\"@graph\":[{\"@type\":\"WebPage\",\"@id\":\"https:\/\/www.trikomaseeds.com\/pt-br\/cookies\/\",\"url\":\"https:\/\/www.trikomaseeds.com\/pt-br\/cookies\/\",\"name\":\"Cookies - Trikoma Seeds\",\"isPartOf\":{\"@id\":\"https:\/\/www.trikomaseeds.com\/pt-br\/#website\"},\"datePublished\":\"2019-12-24T15:45:45+00:00\",\"dateModified\":\"2021-06-17T16:16:46+00:00\",\"breadcrumb\":{\"@id\":\"https:\/\/www.trikomaseeds.com\/pt-br\/cookies\/#breadcrumb\"},\"inLanguage\":\"pt-BR\",\"potentialAction\":[{\"@type\":\"ReadAction\",\"target\":[\"https:\/\/www.trikomaseeds.com\/pt-br\/cookies\/\"]}]},{\"@type\":\"BreadcrumbList\",\"@id\":\"https:\/\/www.trikomaseeds.com\/pt-br\/cookies\/#breadcrumb\",\"itemListElement\":[{\"@type\":\"ListItem\",\"position\":1,\"name\":\"Portada\",\"item\":\"https:\/\/www.trikomaseeds.com\/pt-br\/\"},{\"@type\":\"ListItem\",\"position\":2,\"name\":\"Cookies\"}]},{\"@type\":\"WebSite\",\"@id\":\"https:\/\/www.trikomaseeds.com\/pt-br\/#website\",\"url\":\"https:\/\/www.trikomaseeds.com\/pt-br\/\",\"name\":\"Trikoma Seeds\",\"description\":\"Semillas de Marihuana Auto, Feminizadas y medicinales\",\"potentialAction\":[{\"@type\":\"SearchAction\",\"target\":{\"@type\":\"EntryPoint\",\"urlTemplate\":\"https:\/\/www.trikomaseeds.com\/pt-br\/?s={search_term_string}\"},\"query-input\":{\"@type\":\"PropertyValueSpecification\",\"valueRequired\":true,\"valueName\":\"search_term_string\"}}],\"inLanguage\":\"pt-BR\"}]}<\/script>\n<!-- \/ Yoast SEO plugin. -->","yoast_head_json":{"title":"Cookies - Trikoma Seeds","robots":{"index":"noindex","follow":"follow"},"og_locale":"pt_BR","og_type":"article","og_title":"Cookies - Trikoma Seeds","og_url":"https:\/\/www.trikomaseeds.com\/pt-br\/cookies\/","og_site_name":"Trikoma Seeds","article_modified_time":"2021-06-17T16:16:46+00:00","twitter_card":"summary_large_image","twitter_misc":{"Est. tempo de leitura":"3 minutos"},"schema":{"@context":"https:\/\/schema.org","@graph":[{"@type":"WebPage","@id":"https:\/\/www.trikomaseeds.com\/pt-br\/cookies\/","url":"https:\/\/www.trikomaseeds.com\/pt-br\/cookies\/","name":"Cookies - Trikoma Seeds","isPartOf":{"@id":"https:\/\/www.trikomaseeds.com\/pt-br\/#website"},"datePublished":"2019-12-24T15:45:45+00:00","dateModified":"2021-06-17T16:16:46+00:00","breadcrumb":{"@id":"https:\/\/www.trikomaseeds.com\/pt-br\/cookies\/#breadcrumb"},"inLanguage":"pt-BR","potentialAction":[{"@type":"ReadAction","target":["https:\/\/www.trikomaseeds.com\/pt-br\/cookies\/"]}]},{"@type":"BreadcrumbList","@id":"https:\/\/www.trikomaseeds.com\/pt-br\/cookies\/#breadcrumb","itemListElement":[{"@type":"ListItem","position":1,"name":"Portada","item":"https:\/\/www.trikomaseeds.com\/pt-br\/"},{"@type":"ListItem","position":2,"name":"Cookies"}]},{"@type":"WebSite","@id":"https:\/\/www.trikomaseeds.com\/pt-br\/#website","url":"https:\/\/www.trikomaseeds.com\/pt-br\/","name":"Trikoma Seeds","description":"Semillas de Marihuana Auto, Feminizadas y medicinales","potentialAction":[{"@type":"SearchAction","target":{"@type":"EntryPoint","urlTemplate":"https:\/\/www.trikomaseeds.com\/pt-br\/?s={search_term_string}"},"query-input":{"@type":"PropertyValueSpecification","valueRequired":true,"valueName":"search_term_string"}}],"inLanguage":"pt-BR"}]}},"_links":{"self":[{"href":"https:\/\/www.trikomaseeds.com\/pt-br\/wp-json\/wp\/v2\/pages\/10292","targetHints":{"allow":["GET"]}}],"collection":[{"href":"https:\/\/www.trikomaseeds.com\/pt-br\/wp-json\/wp\/v2\/pages"}],"about":[{"href":"https:\/\/www.trikomaseeds.com\/pt-br\/wp-json\/wp\/v2\/types\/page"}],"author":[{"embeddable":true,"href":"https:\/\/www.trikomaseeds.com\/pt-br\/wp-json\/wp\/v2\/users\/1"}],"replies":[{"embeddable":true,"href":"https:\/\/www.trikomaseeds.com\/pt-br\/wp-json\/wp\/v2\/comments?post=10292"}],"version-history":[{"count":0,"href":"https:\/\/www.trikomaseeds.com\/pt-br\/wp-json\/wp\/v2\/pages\/10292\/revisions"}],"wp:attachment":[{"href":"https:\/\/www.trikomaseeds.com\/pt-br\/wp-json\/wp\/v2\/media?parent=10292"}],"curies":[{"name":"wp","href":"https:\/\/api.w.org\/{rel}","templated":true}]}}