{"id":4260,"date":"2020-01-27T13:41:51","date_gmt":"2020-01-24T14:27:47","guid":{"rendered":"https:\/\/www.trikomaseeds.com\/?post_type=product&#038;p=4260"},"modified":"2021-06-30T11:55:04","modified_gmt":"2021-06-30T09:55:04","slug":"sweet-madness-auto","status":"publish","type":"product","link":"https:\/\/www.trikomaseeds.com\/it\/semi\/sweet-madness-auto\/","title":{"rendered":"Sweet Madness Auto"},"content":{"rendered":"<p><b>CARATTERISTICHE<\/b><\/p>\n<ul>\n<li style=\"font-weight: 400;\"><span style=\"font-weight: 400;\">Genetica: Somango x Critical x Ruderalis<\/span><\/li>\n<li style=\"font-weight: 400;\"><span style=\"font-weight: 400;\">Tipo: Autofiorente<\/span><\/li>\n<li style=\"font-weight: 400;\"><span style=\"font-weight: 400;\">Produzione interiore: 450 gr.\/m<\/span><span style=\"font-weight: 400;\">2<\/span><span style=\"font-weight: 400;\">\u00a0(Con luce 600W)<\/span><\/li>\n<li style=\"font-weight: 400;\"><span style=\"font-weight: 400;\">Produzione esteriore: 50 \u2013 200 gr.\/pianta<\/span><\/li>\n<li style=\"font-weight: 400;\"><span style=\"font-weight: 400;\">Fioritura interiore: 55 &#8211; 70 giorni (18 ore)<\/span><\/li>\n<li style=\"font-weight: 400;\"><span style=\"font-weight: 400;\">Fioritura esteriore: 50 \u2013 70 giorni<\/span><\/li>\n<\/ul>\n","protected":false},"excerpt":{"rendered":"<p>Questa variet\u00e0 autofiorente,come la sua versione feminizzata,\u00e8 una pianta compatta con cime grandi e dense. .Pu\u00f2 raggiungere tra un metro e un metro e mezzo di altezza. \u00c8 una pianta molto produttiva che offre buone prestazioni su qualsiasi substrato e tipo di coltura. Ha un sapore dolce, un piacevole aroma di mango e un lieve effetto rilassante che non provoca sonnolenza.<\/p>\n<p><strong>THC: 15%<\/strong><\/p>\n","protected":false},"featured_media":4256,"comment_status":"open","ping_status":"closed","template":"","meta":[],"product_cat":[132],"product_tag":[],"class_list":{"0":"post-4260","1":"product","2":"type-product","3":"status-publish","4":"has-post-thumbnail","6":"product_cat-autoflorecientes","8":"first","9":"instock","10":"shipping-taxable","11":"purchasable","12":"product-type-variable"},"yoast_head":"<!-- This site is optimized with the Yoast SEO plugin v25.6 - https:\/\/yoast.com\/wordpress\/plugins\/seo\/ -->\n<title>Sweet Madness Auto Trikoma Seeds Marihuana Samen<\/title>\n<meta name=\"description\" content=\"Sweet Madness Auto: semi di marijuana Trikoma Seeds. Coltiva piante di cannabis femminizzate, autofiorenti o CBD al miglior prezzo. Spedizioni dicrete e sicure nel tuo paes.\" \/>\n<meta name=\"robots\" content=\"index, follow, max-snippet:-1, max-image-preview:large, max-video-preview:-1\" \/>\n<link rel=\"canonical\" href=\"https:\/\/www.trikomaseeds.com\/it\/semi\/sweet-madness-auto\/\" \/>\n<meta property=\"og:locale\" content=\"it_IT\" \/>\n<meta property=\"og:type\" content=\"article\" \/>\n<meta property=\"og:title\" content=\"Sweet Madness Auto Trikoma Seeds Marihuana Samen\" \/>\n<meta property=\"og:description\" content=\"Sweet Madness Auto: semi di marijuana Trikoma Seeds. Coltiva piante di cannabis femminizzate, autofiorenti o CBD al miglior prezzo. Spedizioni dicrete e sicure nel tuo paes.\" \/>\n<meta property=\"og:url\" content=\"https:\/\/www.trikomaseeds.com\/it\/semi\/sweet-madness-auto\/\" \/>\n<meta property=\"og:site_name\" content=\"Trikoma Seeds\" \/>\n<meta property=\"article:modified_time\" content=\"2021-06-30T09:55:04+00:00\" \/>\n<meta property=\"og:image\" content=\"https:\/\/www.trikomaseeds.com\/wp-content\/uploads\/2020\/01\/sweet-madness-auto.jpg\" \/>\n\t<meta property=\"og:image:width\" content=\"469\" \/>\n\t<meta property=\"og:image:height\" content=\"469\" \/>\n\t<meta property=\"og:image:type\" content=\"image\/jpeg\" \/>\n<meta name=\"twitter:card\" content=\"summary_large_image\" \/>\n<script type=\"application\/ld+json\" class=\"yoast-schema-graph\">{\"@context\":\"https:\/\/schema.org\",\"@graph\":[{\"@type\":\"WebPage\",\"@id\":\"https:\/\/www.trikomaseeds.com\/it\/semi\/sweet-madness-auto\/\",\"url\":\"https:\/\/www.trikomaseeds.com\/it\/semi\/sweet-madness-auto\/\",\"name\":\"Sweet Madness Auto Trikoma Seeds Marihuana Samen\",\"isPartOf\":{\"@id\":\"https:\/\/www.trikomaseeds.com\/it\/#website\"},\"primaryImageOfPage\":{\"@id\":\"https:\/\/www.trikomaseeds.com\/it\/semi\/sweet-madness-auto\/#primaryimage\"},\"image\":{\"@id\":\"https:\/\/www.trikomaseeds.com\/it\/semi\/sweet-madness-auto\/#primaryimage\"},\"thumbnailUrl\":\"https:\/\/www.trikomaseeds.com\/wp-content\/uploads\/2020\/01\/sweet-madness-auto.jpg\",\"datePublished\":\"2020-01-24T14:27:47+00:00\",\"dateModified\":\"2021-06-30T09:55:04+00:00\",\"description\":\"Sweet Madness Auto: semi di marijuana Trikoma Seeds. Coltiva piante di cannabis femminizzate, autofiorenti o CBD al miglior prezzo. Spedizioni dicrete e sicure nel tuo paes.\",\"breadcrumb\":{\"@id\":\"https:\/\/www.trikomaseeds.com\/it\/semi\/sweet-madness-auto\/#breadcrumb\"},\"inLanguage\":\"it-IT\",\"potentialAction\":[{\"@type\":\"ReadAction\",\"target\":[\"https:\/\/www.trikomaseeds.com\/it\/semi\/sweet-madness-auto\/\"]}]},{\"@type\":\"ImageObject\",\"inLanguage\":\"it-IT\",\"@id\":\"https:\/\/www.trikomaseeds.com\/it\/semi\/sweet-madness-auto\/#primaryimage\",\"url\":\"https:\/\/www.trikomaseeds.com\/wp-content\/uploads\/2020\/01\/sweet-madness-auto.jpg\",\"contentUrl\":\"https:\/\/www.trikomaseeds.com\/wp-content\/uploads\/2020\/01\/sweet-madness-auto.jpg\",\"width\":469,\"height\":469,\"caption\":\"Sweet Madness Autofiorenti\"},{\"@type\":\"BreadcrumbList\",\"@id\":\"https:\/\/www.trikomaseeds.com\/it\/semi\/sweet-madness-auto\/#breadcrumb\",\"itemListElement\":[{\"@type\":\"ListItem\",\"position\":1,\"name\":\"Portada\",\"item\":\"https:\/\/www.trikomaseeds.com\/it\/\"},{\"@type\":\"ListItem\",\"position\":2,\"name\":\"Shop\",\"item\":\"https:\/\/www.trikomaseeds.com\/it\/shop\/\"},{\"@type\":\"ListItem\",\"position\":3,\"name\":\"Sweet Madness Auto\"}]},{\"@type\":\"WebSite\",\"@id\":\"https:\/\/www.trikomaseeds.com\/it\/#website\",\"url\":\"https:\/\/www.trikomaseeds.com\/it\/\",\"name\":\"Trikoma Seeds\",\"description\":\"Semillas de Marihuana Auto, Feminizadas y medicinales\",\"potentialAction\":[{\"@type\":\"SearchAction\",\"target\":{\"@type\":\"EntryPoint\",\"urlTemplate\":\"https:\/\/www.trikomaseeds.com\/it\/?s={search_term_string}\"},\"query-input\":{\"@type\":\"PropertyValueSpecification\",\"valueRequired\":true,\"valueName\":\"search_term_string\"}}],\"inLanguage\":\"it-IT\"}]}<\/script>\n<!-- \/ Yoast SEO plugin. -->","yoast_head_json":{"title":"Sweet Madness Auto Trikoma Seeds Marihuana Samen","description":"Sweet Madness Auto: semi di marijuana Trikoma Seeds. Coltiva piante di cannabis femminizzate, autofiorenti o CBD al miglior prezzo. Spedizioni dicrete e sicure nel tuo paes.","robots":{"index":"index","follow":"follow","max-snippet":"max-snippet:-1","max-image-preview":"max-image-preview:large","max-video-preview":"max-video-preview:-1"},"canonical":"https:\/\/www.trikomaseeds.com\/it\/semi\/sweet-madness-auto\/","og_locale":"it_IT","og_type":"article","og_title":"Sweet Madness Auto Trikoma Seeds Marihuana Samen","og_description":"Sweet Madness Auto: semi di marijuana Trikoma Seeds. Coltiva piante di cannabis femminizzate, autofiorenti o CBD al miglior prezzo. Spedizioni dicrete e sicure nel tuo paes.","og_url":"https:\/\/www.trikomaseeds.com\/it\/semi\/sweet-madness-auto\/","og_site_name":"Trikoma Seeds","article_modified_time":"2021-06-30T09:55:04+00:00","og_image":[{"width":469,"height":469,"url":"https:\/\/www.trikomaseeds.com\/wp-content\/uploads\/2020\/01\/sweet-madness-auto.jpg","type":"image\/jpeg"}],"twitter_card":"summary_large_image","schema":{"@context":"https:\/\/schema.org","@graph":[{"@type":"WebPage","@id":"https:\/\/www.trikomaseeds.com\/it\/semi\/sweet-madness-auto\/","url":"https:\/\/www.trikomaseeds.com\/it\/semi\/sweet-madness-auto\/","name":"Sweet Madness Auto Trikoma Seeds Marihuana Samen","isPartOf":{"@id":"https:\/\/www.trikomaseeds.com\/it\/#website"},"primaryImageOfPage":{"@id":"https:\/\/www.trikomaseeds.com\/it\/semi\/sweet-madness-auto\/#primaryimage"},"image":{"@id":"https:\/\/www.trikomaseeds.com\/it\/semi\/sweet-madness-auto\/#primaryimage"},"thumbnailUrl":"https:\/\/www.trikomaseeds.com\/wp-content\/uploads\/2020\/01\/sweet-madness-auto.jpg","datePublished":"2020-01-24T14:27:47+00:00","dateModified":"2021-06-30T09:55:04+00:00","description":"Sweet Madness Auto: semi di marijuana Trikoma Seeds. Coltiva piante di cannabis femminizzate, autofiorenti o CBD al miglior prezzo. Spedizioni dicrete e sicure nel tuo paes.","breadcrumb":{"@id":"https:\/\/www.trikomaseeds.com\/it\/semi\/sweet-madness-auto\/#breadcrumb"},"inLanguage":"it-IT","potentialAction":[{"@type":"ReadAction","target":["https:\/\/www.trikomaseeds.com\/it\/semi\/sweet-madness-auto\/"]}]},{"@type":"ImageObject","inLanguage":"it-IT","@id":"https:\/\/www.trikomaseeds.com\/it\/semi\/sweet-madness-auto\/#primaryimage","url":"https:\/\/www.trikomaseeds.com\/wp-content\/uploads\/2020\/01\/sweet-madness-auto.jpg","contentUrl":"https:\/\/www.trikomaseeds.com\/wp-content\/uploads\/2020\/01\/sweet-madness-auto.jpg","width":469,"height":469,"caption":"Sweet Madness Autofiorenti"},{"@type":"BreadcrumbList","@id":"https:\/\/www.trikomaseeds.com\/it\/semi\/sweet-madness-auto\/#breadcrumb","itemListElement":[{"@type":"ListItem","position":1,"name":"Portada","item":"https:\/\/www.trikomaseeds.com\/it\/"},{"@type":"ListItem","position":2,"name":"Shop","item":"https:\/\/www.trikomaseeds.com\/it\/shop\/"},{"@type":"ListItem","position":3,"name":"Sweet Madness Auto"}]},{"@type":"WebSite","@id":"https:\/\/www.trikomaseeds.com\/it\/#website","url":"https:\/\/www.trikomaseeds.com\/it\/","name":"Trikoma Seeds","description":"Semillas de Marihuana Auto, Feminizadas y medicinales","potentialAction":[{"@type":"SearchAction","target":{"@type":"EntryPoint","urlTemplate":"https:\/\/www.trikomaseeds.com\/it\/?s={search_term_string}"},"query-input":{"@type":"PropertyValueSpecification","valueRequired":true,"valueName":"search_term_string"}}],"inLanguage":"it-IT"}]}},"_links":{"self":[{"href":"https:\/\/www.trikomaseeds.com\/it\/wp-json\/wp\/v2\/product\/4260","targetHints":{"allow":["GET"]}}],"collection":[{"href":"https:\/\/www.trikomaseeds.com\/it\/wp-json\/wp\/v2\/product"}],"about":[{"href":"https:\/\/www.trikomaseeds.com\/it\/wp-json\/wp\/v2\/types\/product"}],"replies":[{"embeddable":true,"href":"https:\/\/www.trikomaseeds.com\/it\/wp-json\/wp\/v2\/comments?post=4260"}],"wp:featuredmedia":[{"embeddable":true,"href":"https:\/\/www.trikomaseeds.com\/it\/wp-json\/wp\/v2\/media\/4256"}],"wp:attachment":[{"href":"https:\/\/www.trikomaseeds.com\/it\/wp-json\/wp\/v2\/media?parent=4260"}],"wp:term":[{"taxonomy":"product_cat","embeddable":true,"href":"https:\/\/www.trikomaseeds.com\/it\/wp-json\/wp\/v2\/product_cat?post=4260"},{"taxonomy":"product_tag","embeddable":true,"href":"https:\/\/www.trikomaseeds.com\/it\/wp-json\/wp\/v2\/product_tag?post=4260"}],"curies":[{"name":"wp","href":"https:\/\/api.w.org\/{rel}","templated":true}]}}