{"id":1472,"date":"2019-09-24T14:08:36","date_gmt":"2019-09-24T12:08:36","guid":{"rendered":"http:\/\/www.trikomaseeds.com\/semillas\/white-widow-auto\/"},"modified":"2024-08-13T14:11:42","modified_gmt":"2024-08-13T12:11:42","slug":"white-widow-auto","status":"publish","type":"product","link":"https:\/\/www.trikomaseeds.com\/it\/semi\/white-widow-auto\/","title":{"rendered":"White Widow Auto"},"content":{"rendered":"<h2>Scheda tecnica di White Widow Auto<\/h2>\n<ul>\n<li>Genetica: White Widow x Rudelaris<\/li>\n<li>Tipo: Autofiorente<\/li>\n<li>Produzione indoor: 480 g\/m<sup>2<\/sup> (con luce da 600W)<\/li>\n<li>Produzione outdoor: 50 &#8211; 200 g\/pianta<\/li>\n<li>Fioritura indoor: 70 giorni (18h)<\/li>\n<li>Fioritura outdoor: 50 &#8211; 80 giorni<\/li>\n<\/ul>\n<h2>Cos&#8217;\u00e8 White Widow Auto<\/h2>\n<p>White Widow Auto \u00e8 una variet\u00e0 di cannabis autofiorente che deriva dalla celebre White Widow, una delle variet\u00e0 di cannabis pi\u00f9 riconosciute e apprezzate. La White Widow \u00e8 una variet\u00e0 ibrida di cannabis che divenne popolare negli anni &#8217;90, nota per la sua alta potenza e il caratteristico rivestimento bianco di tricomi.<\/p>\n<p>White Widow Auto \u00e8 il risultato dell&#8217;incrocio tra la White Widow originale e una variet\u00e0 di cannabis Ruderalis, che le conferisce la capacit\u00e0 di autofiorire. Questa pianta \u00e8 molto versatile e si adatta bene a diverse condizioni di coltivazione, sia indoor che outdoor. La sua resistenza la rende adatta a climi freddi e temperati.<\/p>\n<h2>Caratteristiche di White Widow Autofiorente<\/h2>\n<p>Auto White Widow \u00e8 una variet\u00e0 di cannabis eccezionale, energetica e molto stabile. \u00c8 facile da coltivare e raggiunge una dimensione piccola o media, producendo rapidamente quantit\u00e0 generose di raccolti sotto forma di grandi fiori cristallizzati.<\/p>\n<p>Il ciclo di vita di questa pianta varia a seconda delle condizioni di coltivazione. Indoor, fiorisce in circa 70 giorni (circa 10 settimane), mentre outdoor pu\u00f2 impiegare tra 50 e 80 giorni (circa 7-11 settimane). Dopo questo periodo, puoi aspettarti un raccolto generoso di 400-500 g\/m\u00b2. Cresce bene sia indoor che outdoor, poich\u00e9 \u00e8 robusta e pu\u00f2 sopportare il freddo senza problemi. Cresce con uno spazio moderato tra i nodi del fusto e forma una grande cola principale. I rami laterali acquisiscono una buona pienezza e diventano larghi quanto alti. Non si allunga molto durante la fioritura e raggiunge un&#8217;altezza finale di circa 70-110 cm.<\/p>\n<p>Durante la seconda met\u00e0 della fioritura, alcune White Widow autofiorenti possono sviluppare bellissime sfumature rosa e viola, aggiungendo un&#8217;ulteriore attrattiva visiva al raccolto.<\/p>\n<p>Inoltre, \u00e8 una variet\u00e0 che richiede poco potatura, il che facilita la finitura. Sia le foglie di zucchero che le brattee sono ricoperte di abbondanti cristalli, rendendole ideali per la conservazione e per la preparazione di deliziose estrazioni.<\/p>\n<p>Questa pianta <strong>\u00e8 eccellente per i principianti<\/strong>, in quanto \u00e8 per lo pi\u00f9 autosufficiente e offre una resa costante con un minimo sforzo da parte del coltivatore.<\/p>\n<h2>Aroma, sapore ed effetti di White Widow Auto<\/h2>\n<p>L&#8217;aroma e il sapore di White Widow Autofiorente evocano l&#8217;essenza dell&#8217;originale: combina un intenso profumo floreale con sottili sfumature agrodolci al palato. Alcuni consumatori notano anche tocchi terrosi e legnosi. Durante la fioritura, l&#8217;aroma si intensifica, riempiendo lo spazio con la sua fragranza penetrante e caratteristica.<\/p>\n<p>White Widow Autofiorente offre un effetto potente che induce una sensazione edificante, chiara e energica. Stimola tutti i sensi, rendendola un&#8217;ottima scelta per attivit\u00e0 organizzate e scopi attivi. Inizialmente, l&#8217;effetto \u00e8 stimolante senza essere opprimente. Continuando il consumo, gli effetti di White Widow Auto diventano pi\u00f9 morbidi, trasformandosi in un rilassamento piacevole e calmante. Non risulta opprimente n\u00e9 induce iperattivit\u00e0, il che la rende adatta sia per l&#8217;uso diurno che notturno. In sintesi, White Widow Auto offre un&#8217;esperienza completa che combina un aroma e un sapore eccezionali con effetti versatili e e<\/p>\n","protected":false},"excerpt":{"rendered":"<p align=\"justify\">La Auto White Widow \u00e9 una delle piante di ultima generazione pi\u00f9 conosciute al mondo grazie alla sua produttivit\u00e0, stabilit\u00e1 e per la sua facilit\u00e0 di coltivazione. Il sapore di questa variet\u00e1 \u00e8 piuttosto dolce e fruttato. Produce delle cime spesse compatte e molto resinose con una piccola quantit\u00e0 di foglie. \u00c8 altamente raccomandata per i coltivatori alle prime armi.<\/p>\n<p><strong>THC:\u00a0<span class=\"destacado\">15%<\/span><\/strong><\/p>\n","protected":false},"featured_media":575,"comment_status":"open","ping_status":"closed","template":"","meta":[],"product_cat":[132],"product_tag":[],"class_list":{"0":"post-1472","1":"product","2":"type-product","3":"status-publish","4":"has-post-thumbnail","6":"product_cat-autoflorecientes","8":"first","9":"instock","10":"shipping-taxable","11":"purchasable","12":"product-type-variable","13":"has-default-attributes"},"yoast_head":"<!-- This site is optimized with the Yoast SEO plugin v25.6 - https:\/\/yoast.com\/wordpress\/plugins\/seo\/ -->\n<title>White Widow Auto \u3010 TRIKOMA SEEDS \u3011<\/title>\n<meta name=\"description\" content=\"Auto White Widow di Trikoma Seeds sono i migliori semi di White Widow Auto sul mercato. THC al 15%. Spedizioni discrete nel tuo paese.\" \/>\n<meta name=\"robots\" content=\"index, follow, max-snippet:-1, max-image-preview:large, max-video-preview:-1\" \/>\n<link rel=\"canonical\" href=\"https:\/\/www.trikomaseeds.com\/it\/semi\/white-widow-auto\/\" \/>\n<meta property=\"og:locale\" content=\"it_IT\" \/>\n<meta property=\"og:type\" content=\"article\" \/>\n<meta property=\"og:title\" content=\"White Widow Auto \u3010 TRIKOMA SEEDS \u3011\" \/>\n<meta property=\"og:description\" content=\"Auto White Widow di Trikoma Seeds sono i migliori semi di White Widow Auto sul mercato. THC al 15%. Spedizioni discrete nel tuo paese.\" \/>\n<meta property=\"og:url\" content=\"https:\/\/www.trikomaseeds.com\/it\/semi\/white-widow-auto\/\" \/>\n<meta property=\"og:site_name\" content=\"Trikoma Seeds\" \/>\n<meta property=\"article:modified_time\" content=\"2024-08-13T12:11:42+00:00\" \/>\n<meta property=\"og:image\" content=\"https:\/\/www.trikomaseeds.com\/wp-content\/uploads\/2019\/09\/WhiteWidow_Auto_Trikoma_seeds_72-800x800.jpg\" \/>\n\t<meta property=\"og:image:width\" content=\"800\" \/>\n\t<meta property=\"og:image:height\" content=\"800\" \/>\n\t<meta property=\"og:image:type\" content=\"image\/jpeg\" \/>\n<meta name=\"twitter:card\" content=\"summary_large_image\" \/>\n<meta name=\"twitter:label1\" content=\"Tempo di lettura stimato\" \/>\n\t<meta name=\"twitter:data1\" content=\"3 minuti\" \/>\n<script type=\"application\/ld+json\" class=\"yoast-schema-graph\">{\"@context\":\"https:\/\/schema.org\",\"@graph\":[{\"@type\":\"WebPage\",\"@id\":\"https:\/\/www.trikomaseeds.com\/it\/semi\/white-widow-auto\/\",\"url\":\"https:\/\/www.trikomaseeds.com\/it\/semi\/white-widow-auto\/\",\"name\":\"White Widow Auto \u3010 TRIKOMA SEEDS \u3011\",\"isPartOf\":{\"@id\":\"https:\/\/www.trikomaseeds.com\/it\/#website\"},\"primaryImageOfPage\":{\"@id\":\"https:\/\/www.trikomaseeds.com\/it\/semi\/white-widow-auto\/#primaryimage\"},\"image\":{\"@id\":\"https:\/\/www.trikomaseeds.com\/it\/semi\/white-widow-auto\/#primaryimage\"},\"thumbnailUrl\":\"https:\/\/www.trikomaseeds.com\/wp-content\/uploads\/2019\/09\/WhiteWidow_Auto_Trikoma_seeds_72-800x800.jpg\",\"datePublished\":\"2019-09-24T12:08:36+00:00\",\"dateModified\":\"2024-08-13T12:11:42+00:00\",\"description\":\"Auto White Widow di Trikoma Seeds sono i migliori semi di White Widow Auto sul mercato. THC al 15%. Spedizioni discrete nel tuo paese.\",\"breadcrumb\":{\"@id\":\"https:\/\/www.trikomaseeds.com\/it\/semi\/white-widow-auto\/#breadcrumb\"},\"inLanguage\":\"it-IT\",\"potentialAction\":[{\"@type\":\"ReadAction\",\"target\":[\"https:\/\/www.trikomaseeds.com\/it\/semi\/white-widow-auto\/\"]}]},{\"@type\":\"ImageObject\",\"inLanguage\":\"it-IT\",\"@id\":\"https:\/\/www.trikomaseeds.com\/it\/semi\/white-widow-auto\/#primaryimage\",\"url\":\"https:\/\/www.trikomaseeds.com\/wp-content\/uploads\/2019\/09\/WhiteWidow_Auto_Trikoma_seeds_72-800x800.jpg\",\"contentUrl\":\"https:\/\/www.trikomaseeds.com\/wp-content\/uploads\/2019\/09\/WhiteWidow_Auto_Trikoma_seeds_72-800x800.jpg\",\"width\":800,\"height\":800},{\"@type\":\"BreadcrumbList\",\"@id\":\"https:\/\/www.trikomaseeds.com\/it\/semi\/white-widow-auto\/#breadcrumb\",\"itemListElement\":[{\"@type\":\"ListItem\",\"position\":1,\"name\":\"Portada\",\"item\":\"https:\/\/www.trikomaseeds.com\/it\/\"},{\"@type\":\"ListItem\",\"position\":2,\"name\":\"Shop\",\"item\":\"https:\/\/www.trikomaseeds.com\/it\/shop\/\"},{\"@type\":\"ListItem\",\"position\":3,\"name\":\"White Widow Auto\"}]},{\"@type\":\"WebSite\",\"@id\":\"https:\/\/www.trikomaseeds.com\/it\/#website\",\"url\":\"https:\/\/www.trikomaseeds.com\/it\/\",\"name\":\"Trikoma Seeds\",\"description\":\"Semillas de Marihuana Auto, Feminizadas y medicinales\",\"potentialAction\":[{\"@type\":\"SearchAction\",\"target\":{\"@type\":\"EntryPoint\",\"urlTemplate\":\"https:\/\/www.trikomaseeds.com\/it\/?s={search_term_string}\"},\"query-input\":{\"@type\":\"PropertyValueSpecification\",\"valueRequired\":true,\"valueName\":\"search_term_string\"}}],\"inLanguage\":\"it-IT\"}]}<\/script>\n<!-- \/ Yoast SEO plugin. -->","yoast_head_json":{"title":"White Widow Auto \u3010 TRIKOMA SEEDS \u3011","description":"Auto White Widow di Trikoma Seeds sono i migliori semi di White Widow Auto sul mercato. THC al 15%. Spedizioni discrete nel tuo paese.","robots":{"index":"index","follow":"follow","max-snippet":"max-snippet:-1","max-image-preview":"max-image-preview:large","max-video-preview":"max-video-preview:-1"},"canonical":"https:\/\/www.trikomaseeds.com\/it\/semi\/white-widow-auto\/","og_locale":"it_IT","og_type":"article","og_title":"White Widow Auto \u3010 TRIKOMA SEEDS \u3011","og_description":"Auto White Widow di Trikoma Seeds sono i migliori semi di White Widow Auto sul mercato. THC al 15%. Spedizioni discrete nel tuo paese.","og_url":"https:\/\/www.trikomaseeds.com\/it\/semi\/white-widow-auto\/","og_site_name":"Trikoma Seeds","article_modified_time":"2024-08-13T12:11:42+00:00","og_image":[{"width":800,"height":800,"url":"https:\/\/www.trikomaseeds.com\/wp-content\/uploads\/2019\/09\/WhiteWidow_Auto_Trikoma_seeds_72-800x800.jpg","type":"image\/jpeg"}],"twitter_card":"summary_large_image","twitter_misc":{"Tempo di lettura stimato":"3 minuti"},"schema":{"@context":"https:\/\/schema.org","@graph":[{"@type":"WebPage","@id":"https:\/\/www.trikomaseeds.com\/it\/semi\/white-widow-auto\/","url":"https:\/\/www.trikomaseeds.com\/it\/semi\/white-widow-auto\/","name":"White Widow Auto \u3010 TRIKOMA SEEDS \u3011","isPartOf":{"@id":"https:\/\/www.trikomaseeds.com\/it\/#website"},"primaryImageOfPage":{"@id":"https:\/\/www.trikomaseeds.com\/it\/semi\/white-widow-auto\/#primaryimage"},"image":{"@id":"https:\/\/www.trikomaseeds.com\/it\/semi\/white-widow-auto\/#primaryimage"},"thumbnailUrl":"https:\/\/www.trikomaseeds.com\/wp-content\/uploads\/2019\/09\/WhiteWidow_Auto_Trikoma_seeds_72-800x800.jpg","datePublished":"2019-09-24T12:08:36+00:00","dateModified":"2024-08-13T12:11:42+00:00","description":"Auto White Widow di Trikoma Seeds sono i migliori semi di White Widow Auto sul mercato. THC al 15%. Spedizioni discrete nel tuo paese.","breadcrumb":{"@id":"https:\/\/www.trikomaseeds.com\/it\/semi\/white-widow-auto\/#breadcrumb"},"inLanguage":"it-IT","potentialAction":[{"@type":"ReadAction","target":["https:\/\/www.trikomaseeds.com\/it\/semi\/white-widow-auto\/"]}]},{"@type":"ImageObject","inLanguage":"it-IT","@id":"https:\/\/www.trikomaseeds.com\/it\/semi\/white-widow-auto\/#primaryimage","url":"https:\/\/www.trikomaseeds.com\/wp-content\/uploads\/2019\/09\/WhiteWidow_Auto_Trikoma_seeds_72-800x800.jpg","contentUrl":"https:\/\/www.trikomaseeds.com\/wp-content\/uploads\/2019\/09\/WhiteWidow_Auto_Trikoma_seeds_72-800x800.jpg","width":800,"height":800},{"@type":"BreadcrumbList","@id":"https:\/\/www.trikomaseeds.com\/it\/semi\/white-widow-auto\/#breadcrumb","itemListElement":[{"@type":"ListItem","position":1,"name":"Portada","item":"https:\/\/www.trikomaseeds.com\/it\/"},{"@type":"ListItem","position":2,"name":"Shop","item":"https:\/\/www.trikomaseeds.com\/it\/shop\/"},{"@type":"ListItem","position":3,"name":"White Widow Auto"}]},{"@type":"WebSite","@id":"https:\/\/www.trikomaseeds.com\/it\/#website","url":"https:\/\/www.trikomaseeds.com\/it\/","name":"Trikoma Seeds","description":"Semillas de Marihuana Auto, Feminizadas y medicinales","potentialAction":[{"@type":"SearchAction","target":{"@type":"EntryPoint","urlTemplate":"https:\/\/www.trikomaseeds.com\/it\/?s={search_term_string}"},"query-input":{"@type":"PropertyValueSpecification","valueRequired":true,"valueName":"search_term_string"}}],"inLanguage":"it-IT"}]}},"_links":{"self":[{"href":"https:\/\/www.trikomaseeds.com\/it\/wp-json\/wp\/v2\/product\/1472","targetHints":{"allow":["GET"]}}],"collection":[{"href":"https:\/\/www.trikomaseeds.com\/it\/wp-json\/wp\/v2\/product"}],"about":[{"href":"https:\/\/www.trikomaseeds.com\/it\/wp-json\/wp\/v2\/types\/product"}],"replies":[{"embeddable":true,"href":"https:\/\/www.trikomaseeds.com\/it\/wp-json\/wp\/v2\/comments?post=1472"}],"wp:featuredmedia":[{"embeddable":true,"href":"https:\/\/www.trikomaseeds.com\/it\/wp-json\/wp\/v2\/media\/575"}],"wp:attachment":[{"href":"https:\/\/www.trikomaseeds.com\/it\/wp-json\/wp\/v2\/media?parent=1472"}],"wp:term":[{"taxonomy":"product_cat","embeddable":true,"href":"https:\/\/www.trikomaseeds.com\/it\/wp-json\/wp\/v2\/product_cat?post=1472"},{"taxonomy":"product_tag","embeddable":true,"href":"https:\/\/www.trikomaseeds.com\/it\/wp-json\/wp\/v2\/product_tag?post=1472"}],"curies":[{"name":"wp","href":"https:\/\/api.w.org\/{rel}","templated":true}]}}