{"id":1346,"date":"2019-09-24T14:05:47","date_gmt":"2019-09-24T12:05:47","guid":{"rendered":"http:\/\/www.trikomaseeds.com\/semillas\/super-cheese-auto\/"},"modified":"2020-06-22T16:43:05","modified_gmt":"2020-06-22T14:43:05","slug":"total-cheese-auto","status":"publish","type":"product","link":"https:\/\/www.trikomaseeds.com\/it\/semi\/total-cheese-auto\/","title":{"rendered":"Total Cheese Auto (aka Super Cheese Auto)"},"content":{"rendered":"<h3 class=\"dotted_title uppercase\">CARATTERISTICHE<\/h3>\n<ul class=\"check\">\n<li>Genetica: Cheese x Critical x Ruderalis<\/li>\n<li>Tipo: Autofiorente<\/li>\n<li>Produzione indoor: 500 gr.\/m<sup>2<\/sup>\u00a0(Con luce 600W)<\/li>\n<li>Produzione outdoor: 60 &#8211; 250 gr.\/pianta<\/li>\n<li>Fioritura indoor: 80 giorni (18 ore)<\/li>\n<li>Fioritura outdoor: 50 &#8211; 80 giorni<\/li>\n<\/ul>\n","protected":false},"excerpt":{"rendered":"<p align=\"justify\">La Auto Super Cheese \u00e9 una variet\u00e0 proveniente da una miscela di piante pi\u00f9 gustose della terza generazione, le sue dimensioni sono grandi mantenendo le caratteristiche della versione femminizzata. \u00c8 una pianta molto produttiva e non complicata da coltivare. A volte la pianta non riesce a sviluppare rami abbastanza forti da sostenere il peso dei propri fiori.<\/p>\n<p><strong>THC:\u00a0<span class=\"destacado\">13%<\/span><\/strong><\/p>\n","protected":false},"featured_media":561,"comment_status":"open","ping_status":"closed","template":"","meta":[],"product_cat":[132],"product_tag":[],"class_list":{"0":"post-1346","1":"product","2":"type-product","3":"status-publish","4":"has-post-thumbnail","6":"product_cat-autoflorecientes","8":"first","9":"instock","10":"shipping-taxable","11":"purchasable","12":"product-type-variable","13":"has-default-attributes"},"yoast_head":"<!-- This site is optimized with the Yoast SEO plugin v25.6 - https:\/\/yoast.com\/wordpress\/plugins\/seo\/ -->\n<title>Total Cheese Auto (aka Super Cheese Auto) - Trikoma Seeds<\/title>\n<meta name=\"robots\" content=\"index, follow, max-snippet:-1, max-image-preview:large, max-video-preview:-1\" \/>\n<link rel=\"canonical\" href=\"https:\/\/www.trikomaseeds.com\/it\/semi\/total-cheese-auto\/\" \/>\n<meta property=\"og:locale\" content=\"it_IT\" \/>\n<meta property=\"og:type\" content=\"article\" \/>\n<meta property=\"og:title\" content=\"Total Cheese Auto (aka Super Cheese Auto) - Trikoma Seeds\" \/>\n<meta property=\"og:description\" content=\"La Auto Super Cheese \u00e9 una variet\u00e0 proveniente da una miscela di piante pi\u00f9 gustose della terza generazione, le sue dimensioni sono grandi mantenendo le caratteristiche della versione femminizzata. \u00c8 una pianta molto produttiva e non complicata da coltivare. A volte la pianta non riesce a sviluppare rami abbastanza forti da sostenere il peso dei propri fiori. THC:\u00a013%\" \/>\n<meta property=\"og:url\" content=\"https:\/\/www.trikomaseeds.com\/it\/semi\/total-cheese-auto\/\" \/>\n<meta property=\"og:site_name\" content=\"Trikoma Seeds\" \/>\n<meta property=\"article:modified_time\" content=\"2020-06-22T14:43:05+00:00\" \/>\n<meta property=\"og:image\" content=\"https:\/\/www.trikomaseeds.com\/wp-content\/uploads\/2019\/09\/SuperCheese_Auto_Trikoma_seeds_72-800x800.jpg\" \/>\n\t<meta property=\"og:image:width\" content=\"800\" \/>\n\t<meta property=\"og:image:height\" content=\"800\" \/>\n\t<meta property=\"og:image:type\" content=\"image\/jpeg\" \/>\n<meta name=\"twitter:card\" content=\"summary_large_image\" \/>\n<script type=\"application\/ld+json\" class=\"yoast-schema-graph\">{\"@context\":\"https:\/\/schema.org\",\"@graph\":[{\"@type\":\"WebPage\",\"@id\":\"https:\/\/www.trikomaseeds.com\/it\/semi\/total-cheese-auto\/\",\"url\":\"https:\/\/www.trikomaseeds.com\/it\/semi\/total-cheese-auto\/\",\"name\":\"Total Cheese Auto (aka Super Cheese Auto) - Trikoma Seeds\",\"isPartOf\":{\"@id\":\"https:\/\/www.trikomaseeds.com\/it\/#website\"},\"primaryImageOfPage\":{\"@id\":\"https:\/\/www.trikomaseeds.com\/it\/semi\/total-cheese-auto\/#primaryimage\"},\"image\":{\"@id\":\"https:\/\/www.trikomaseeds.com\/it\/semi\/total-cheese-auto\/#primaryimage\"},\"thumbnailUrl\":\"https:\/\/www.trikomaseeds.com\/wp-content\/uploads\/2019\/09\/SuperCheese_Auto_Trikoma_seeds_72-800x800.jpg\",\"datePublished\":\"2019-09-24T12:05:47+00:00\",\"dateModified\":\"2020-06-22T14:43:05+00:00\",\"breadcrumb\":{\"@id\":\"https:\/\/www.trikomaseeds.com\/it\/semi\/total-cheese-auto\/#breadcrumb\"},\"inLanguage\":\"it-IT\",\"potentialAction\":[{\"@type\":\"ReadAction\",\"target\":[\"https:\/\/www.trikomaseeds.com\/it\/semi\/total-cheese-auto\/\"]}]},{\"@type\":\"ImageObject\",\"inLanguage\":\"it-IT\",\"@id\":\"https:\/\/www.trikomaseeds.com\/it\/semi\/total-cheese-auto\/#primaryimage\",\"url\":\"https:\/\/www.trikomaseeds.com\/wp-content\/uploads\/2019\/09\/SuperCheese_Auto_Trikoma_seeds_72-800x800.jpg\",\"contentUrl\":\"https:\/\/www.trikomaseeds.com\/wp-content\/uploads\/2019\/09\/SuperCheese_Auto_Trikoma_seeds_72-800x800.jpg\",\"width\":800,\"height\":800},{\"@type\":\"BreadcrumbList\",\"@id\":\"https:\/\/www.trikomaseeds.com\/it\/semi\/total-cheese-auto\/#breadcrumb\",\"itemListElement\":[{\"@type\":\"ListItem\",\"position\":1,\"name\":\"Portada\",\"item\":\"https:\/\/www.trikomaseeds.com\/it\/\"},{\"@type\":\"ListItem\",\"position\":2,\"name\":\"Shop\",\"item\":\"https:\/\/www.trikomaseeds.com\/it\/shop\/\"},{\"@type\":\"ListItem\",\"position\":3,\"name\":\"Total Cheese Auto (aka Super Cheese Auto)\"}]},{\"@type\":\"WebSite\",\"@id\":\"https:\/\/www.trikomaseeds.com\/it\/#website\",\"url\":\"https:\/\/www.trikomaseeds.com\/it\/\",\"name\":\"Trikoma Seeds\",\"description\":\"Semillas de Marihuana Auto, Feminizadas y medicinales\",\"potentialAction\":[{\"@type\":\"SearchAction\",\"target\":{\"@type\":\"EntryPoint\",\"urlTemplate\":\"https:\/\/www.trikomaseeds.com\/it\/?s={search_term_string}\"},\"query-input\":{\"@type\":\"PropertyValueSpecification\",\"valueRequired\":true,\"valueName\":\"search_term_string\"}}],\"inLanguage\":\"it-IT\"}]}<\/script>\n<!-- \/ Yoast SEO plugin. -->","yoast_head_json":{"title":"Total Cheese Auto (aka Super Cheese Auto) - Trikoma Seeds","robots":{"index":"index","follow":"follow","max-snippet":"max-snippet:-1","max-image-preview":"max-image-preview:large","max-video-preview":"max-video-preview:-1"},"canonical":"https:\/\/www.trikomaseeds.com\/it\/semi\/total-cheese-auto\/","og_locale":"it_IT","og_type":"article","og_title":"Total Cheese Auto (aka Super Cheese Auto) - Trikoma Seeds","og_description":"La Auto Super Cheese \u00e9 una variet\u00e0 proveniente da una miscela di piante pi\u00f9 gustose della terza generazione, le sue dimensioni sono grandi mantenendo le caratteristiche della versione femminizzata. \u00c8 una pianta molto produttiva e non complicata da coltivare. A volte la pianta non riesce a sviluppare rami abbastanza forti da sostenere il peso dei propri fiori. THC:\u00a013%","og_url":"https:\/\/www.trikomaseeds.com\/it\/semi\/total-cheese-auto\/","og_site_name":"Trikoma Seeds","article_modified_time":"2020-06-22T14:43:05+00:00","og_image":[{"width":800,"height":800,"url":"https:\/\/www.trikomaseeds.com\/wp-content\/uploads\/2019\/09\/SuperCheese_Auto_Trikoma_seeds_72-800x800.jpg","type":"image\/jpeg"}],"twitter_card":"summary_large_image","schema":{"@context":"https:\/\/schema.org","@graph":[{"@type":"WebPage","@id":"https:\/\/www.trikomaseeds.com\/it\/semi\/total-cheese-auto\/","url":"https:\/\/www.trikomaseeds.com\/it\/semi\/total-cheese-auto\/","name":"Total Cheese Auto (aka Super Cheese Auto) - Trikoma Seeds","isPartOf":{"@id":"https:\/\/www.trikomaseeds.com\/it\/#website"},"primaryImageOfPage":{"@id":"https:\/\/www.trikomaseeds.com\/it\/semi\/total-cheese-auto\/#primaryimage"},"image":{"@id":"https:\/\/www.trikomaseeds.com\/it\/semi\/total-cheese-auto\/#primaryimage"},"thumbnailUrl":"https:\/\/www.trikomaseeds.com\/wp-content\/uploads\/2019\/09\/SuperCheese_Auto_Trikoma_seeds_72-800x800.jpg","datePublished":"2019-09-24T12:05:47+00:00","dateModified":"2020-06-22T14:43:05+00:00","breadcrumb":{"@id":"https:\/\/www.trikomaseeds.com\/it\/semi\/total-cheese-auto\/#breadcrumb"},"inLanguage":"it-IT","potentialAction":[{"@type":"ReadAction","target":["https:\/\/www.trikomaseeds.com\/it\/semi\/total-cheese-auto\/"]}]},{"@type":"ImageObject","inLanguage":"it-IT","@id":"https:\/\/www.trikomaseeds.com\/it\/semi\/total-cheese-auto\/#primaryimage","url":"https:\/\/www.trikomaseeds.com\/wp-content\/uploads\/2019\/09\/SuperCheese_Auto_Trikoma_seeds_72-800x800.jpg","contentUrl":"https:\/\/www.trikomaseeds.com\/wp-content\/uploads\/2019\/09\/SuperCheese_Auto_Trikoma_seeds_72-800x800.jpg","width":800,"height":800},{"@type":"BreadcrumbList","@id":"https:\/\/www.trikomaseeds.com\/it\/semi\/total-cheese-auto\/#breadcrumb","itemListElement":[{"@type":"ListItem","position":1,"name":"Portada","item":"https:\/\/www.trikomaseeds.com\/it\/"},{"@type":"ListItem","position":2,"name":"Shop","item":"https:\/\/www.trikomaseeds.com\/it\/shop\/"},{"@type":"ListItem","position":3,"name":"Total Cheese Auto (aka Super Cheese Auto)"}]},{"@type":"WebSite","@id":"https:\/\/www.trikomaseeds.com\/it\/#website","url":"https:\/\/www.trikomaseeds.com\/it\/","name":"Trikoma Seeds","description":"Semillas de Marihuana Auto, Feminizadas y medicinales","potentialAction":[{"@type":"SearchAction","target":{"@type":"EntryPoint","urlTemplate":"https:\/\/www.trikomaseeds.com\/it\/?s={search_term_string}"},"query-input":{"@type":"PropertyValueSpecification","valueRequired":true,"valueName":"search_term_string"}}],"inLanguage":"it-IT"}]}},"_links":{"self":[{"href":"https:\/\/www.trikomaseeds.com\/it\/wp-json\/wp\/v2\/product\/1346","targetHints":{"allow":["GET"]}}],"collection":[{"href":"https:\/\/www.trikomaseeds.com\/it\/wp-json\/wp\/v2\/product"}],"about":[{"href":"https:\/\/www.trikomaseeds.com\/it\/wp-json\/wp\/v2\/types\/product"}],"replies":[{"embeddable":true,"href":"https:\/\/www.trikomaseeds.com\/it\/wp-json\/wp\/v2\/comments?post=1346"}],"wp:featuredmedia":[{"embeddable":true,"href":"https:\/\/www.trikomaseeds.com\/it\/wp-json\/wp\/v2\/media\/561"}],"wp:attachment":[{"href":"https:\/\/www.trikomaseeds.com\/it\/wp-json\/wp\/v2\/media?parent=1346"}],"wp:term":[{"taxonomy":"product_cat","embeddable":true,"href":"https:\/\/www.trikomaseeds.com\/it\/wp-json\/wp\/v2\/product_cat?post=1346"},{"taxonomy":"product_tag","embeddable":true,"href":"https:\/\/www.trikomaseeds.com\/it\/wp-json\/wp\/v2\/product_tag?post=1346"}],"curies":[{"name":"wp","href":"https:\/\/api.w.org\/{rel}","templated":true}]}}