{"id":12456,"date":"2025-04-24T13:29:53","date_gmt":"2025-04-24T11:29:53","guid":{"rendered":"https:\/\/www.trikomaseeds.com\/semillas\/black-domina-fast-version\/"},"modified":"2025-06-21T15:09:25","modified_gmt":"2025-06-21T13:09:25","slug":"black-domina-fast-version","status":"publish","type":"product","link":"https:\/\/www.trikomaseeds.com\/it\/semi\/black-domina-fast-version\/","title":{"rendered":"Black Domina Fast \u2013 Pura Indica con Potenza di Fioritura Rapida"},"content":{"rendered":"<p data-start=\"3338\" data-end=\"3552\"><strong data-start=\"3408\" data-end=\"3429\">Black Domina Fast<\/strong> \u00e8 la versione veloce della leggendaria Black Domina. \u00c8 una variet\u00e0 di cannabis composta per il <strong data-start=\"3525\" data-end=\"3551\">90% da genetica indica<\/strong>.<\/p>\n<p data-start=\"3554\" data-end=\"3795\">\u00c8 nota per la sua <strong data-start=\"3572\" data-end=\"3592\">fioritura veloce<\/strong> e per gli <strong data-start=\"3603\" data-end=\"3639\">effetti profondamente rilassanti<\/strong>. Questo ibrido F1 produce cime in tempi rapidi, mantenendo <strong data-start=\"3699\" data-end=\"3726\">l\u2019alto contenuto di THC<\/strong> e <strong data-start=\"3729\" data-end=\"3748\">la resina densa<\/strong> tipica delle variet\u00e0 fotoperiodiche classiche.<\/p>\n<p data-start=\"3797\" data-end=\"4170\">\ud83d\udd25 <strong data-start=\"3800\" data-end=\"3820\">Fioritura rapida<\/strong> \u2013 pronta <strong data-start=\"3830\" data-end=\"3853\">una settimana prima<\/strong>, in soli <strong data-start=\"3863\" data-end=\"3879\">45\u201350 giorni<\/strong><br data-start=\"3879\" data-end=\"3882\" \/>\ud83c\udf31 <strong data-start=\"3885\" data-end=\"3906\">Semi Fast version<\/strong> \u2013 semi di marijuana femminizzati dai migliori seedbank<br data-start=\"3961\" data-end=\"3964\" \/>\ud83d\udcaa <strong data-start=\"3967\" data-end=\"3980\">Alte rese<\/strong> sia indoor che outdoor, perfette per tutti i climi<br data-start=\"4031\" data-end=\"4034\" \/>\ud83d\ude0c <strong data-start=\"4037\" data-end=\"4057\">Effetto corporeo<\/strong> \u2013 rilassamento profondo, perfetto per l\u2019uso serale<br data-start=\"4108\" data-end=\"4111\" \/>\ud83c\udf3f <strong data-start=\"4114\" data-end=\"4129\">Aroma ricco<\/strong> \u2013 terroso, speziato e simile all\u2019hashish<\/p>\n<p data-start=\"4172\" data-end=\"4334\"><strong data-start=\"4172\" data-end=\"4193\">Black Domina Fast<\/strong> ha un ciclo di crescita breve e fiorisce molto rapidamente. \u00c8 ideale per chi cerca <strong data-start=\"4277\" data-end=\"4313\">semi di cannabis di alta qualit\u00e0<\/strong> senza lunghe attese.<\/p>\n<p data-start=\"4336\" data-end=\"4475\">Questo ibrido F1 <strong data-start=\"4353\" data-end=\"4375\">non \u00e8 autofiorente<\/strong> \u2013 richiede un <strong data-start=\"4390\" data-end=\"4419\">ciclo di luce controllato<\/strong>, ma offre <strong data-start=\"4430\" data-end=\"4453\">alti livelli di THC<\/strong> e <strong data-start=\"4456\" data-end=\"4474\">buoni raccolti<\/strong>.<\/p>\n<p data-start=\"4477\" data-end=\"4583\">Che tu coltivi indoor o outdoor, questi <strong data-start=\"4517\" data-end=\"4538\">semi Fast version<\/strong> assicurano <strong data-start=\"4550\" data-end=\"4582\">un raccolto rapido e potente<\/strong>.<\/p>\n<p data-start=\"4585\" data-end=\"4665\"><strong data-start=\"4585\" data-end=\"4615\">Acquista Black Domina Fast<\/strong> e scopri la <strong data-start=\"4628\" data-end=\"4664\">vera indica con fioritura veloce<\/strong>.<\/p>\n","protected":false},"excerpt":{"rendered":"<p><strong>La Black Domina Fast<\/strong> \u00e8 un&#8217;Indica quasi pura che offre un rilassamento profondo e una fioritura rapida, ideale per coltivatori esigenti.<\/p>\n","protected":false},"featured_media":12577,"comment_status":"open","ping_status":"closed","template":"","meta":[],"product_cat":[485],"product_tag":[],"class_list":{"0":"post-12456","1":"product","2":"type-product","3":"status-publish","4":"has-post-thumbnail","6":"product_cat-fast-versions-it","8":"first","9":"instock","10":"shipping-taxable","11":"purchasable","12":"product-type-variable","13":"has-default-attributes"},"yoast_head":"<!-- This site is optimized with the Yoast SEO plugin v25.6 - https:\/\/yoast.com\/wordpress\/plugins\/seo\/ -->\n<title>Black Domina Fast \u2013 Pura Indica con Potenza di Fioritura Rapida - Trikoma Seeds<\/title>\n<meta name=\"description\" content=\"La Black Domina Fast \u00e8 una variet\u00e0 indica quasi pura che offre un profondo rilassamento e una rapida fioritura, ideale per i coltivatori pi\u00f9 esigenti.\" \/>\n<meta name=\"robots\" content=\"index, follow, max-snippet:-1, max-image-preview:large, max-video-preview:-1\" \/>\n<link rel=\"canonical\" href=\"https:\/\/www.trikomaseeds.com\/it\/semi\/black-domina-fast-version\/\" \/>\n<meta property=\"og:locale\" content=\"it_IT\" \/>\n<meta property=\"og:type\" content=\"article\" \/>\n<meta property=\"og:title\" content=\"Black Domina Fast \u2013 Pura Indica con Potenza di Fioritura Rapida - Trikoma Seeds\" \/>\n<meta property=\"og:description\" content=\"La Black Domina Fast \u00e8 una variet\u00e0 indica quasi pura che offre un profondo rilassamento e una rapida fioritura, ideale per i coltivatori pi\u00f9 esigenti.\" \/>\n<meta property=\"og:url\" content=\"https:\/\/www.trikomaseeds.com\/it\/semi\/black-domina-fast-version\/\" \/>\n<meta property=\"og:site_name\" content=\"Trikoma Seeds\" \/>\n<meta property=\"article:modified_time\" content=\"2025-06-21T13:09:25+00:00\" \/>\n<meta property=\"og:image\" content=\"https:\/\/www.trikomaseeds.com\/wp-content\/uploads\/2025\/04\/black-domina-fast.jpg\" \/>\n\t<meta property=\"og:image:width\" content=\"800\" \/>\n\t<meta property=\"og:image:height\" content=\"800\" \/>\n\t<meta property=\"og:image:type\" content=\"image\/jpeg\" \/>\n<meta name=\"twitter:card\" content=\"summary_large_image\" \/>\n<meta name=\"twitter:label1\" content=\"Tempo di lettura stimato\" \/>\n\t<meta name=\"twitter:data1\" content=\"2 minuti\" \/>\n<script type=\"application\/ld+json\" class=\"yoast-schema-graph\">{\"@context\":\"https:\/\/schema.org\",\"@graph\":[{\"@type\":\"WebPage\",\"@id\":\"https:\/\/www.trikomaseeds.com\/it\/semi\/black-domina-fast-version\/\",\"url\":\"https:\/\/www.trikomaseeds.com\/it\/semi\/black-domina-fast-version\/\",\"name\":\"Black Domina Fast \u2013 Pura Indica con Potenza di Fioritura Rapida - Trikoma Seeds\",\"isPartOf\":{\"@id\":\"https:\/\/www.trikomaseeds.com\/it\/#website\"},\"primaryImageOfPage\":{\"@id\":\"https:\/\/www.trikomaseeds.com\/it\/semi\/black-domina-fast-version\/#primaryimage\"},\"image\":{\"@id\":\"https:\/\/www.trikomaseeds.com\/it\/semi\/black-domina-fast-version\/#primaryimage\"},\"thumbnailUrl\":\"https:\/\/www.trikomaseeds.com\/wp-content\/uploads\/2025\/04\/black-domina-fast.jpg\",\"datePublished\":\"2025-04-24T11:29:53+00:00\",\"dateModified\":\"2025-06-21T13:09:25+00:00\",\"description\":\"La Black Domina Fast \u00e8 una variet\u00e0 indica quasi pura che offre un profondo rilassamento e una rapida fioritura, ideale per i coltivatori pi\u00f9 esigenti.\",\"breadcrumb\":{\"@id\":\"https:\/\/www.trikomaseeds.com\/it\/semi\/black-domina-fast-version\/#breadcrumb\"},\"inLanguage\":\"it-IT\",\"potentialAction\":[{\"@type\":\"ReadAction\",\"target\":[\"https:\/\/www.trikomaseeds.com\/it\/semi\/black-domina-fast-version\/\"]}]},{\"@type\":\"ImageObject\",\"inLanguage\":\"it-IT\",\"@id\":\"https:\/\/www.trikomaseeds.com\/it\/semi\/black-domina-fast-version\/#primaryimage\",\"url\":\"https:\/\/www.trikomaseeds.com\/wp-content\/uploads\/2025\/04\/black-domina-fast.jpg\",\"contentUrl\":\"https:\/\/www.trikomaseeds.com\/wp-content\/uploads\/2025\/04\/black-domina-fast.jpg\",\"width\":800,\"height\":800,\"caption\":\"Black Domina Fast\"},{\"@type\":\"BreadcrumbList\",\"@id\":\"https:\/\/www.trikomaseeds.com\/it\/semi\/black-domina-fast-version\/#breadcrumb\",\"itemListElement\":[{\"@type\":\"ListItem\",\"position\":1,\"name\":\"Portada\",\"item\":\"https:\/\/www.trikomaseeds.com\/it\/\"},{\"@type\":\"ListItem\",\"position\":2,\"name\":\"Shop\",\"item\":\"https:\/\/www.trikomaseeds.com\/it\/shop\/\"},{\"@type\":\"ListItem\",\"position\":3,\"name\":\"Black Domina Fast \u2013 Pura Indica con Potenza di Fioritura Rapida\"}]},{\"@type\":\"WebSite\",\"@id\":\"https:\/\/www.trikomaseeds.com\/it\/#website\",\"url\":\"https:\/\/www.trikomaseeds.com\/it\/\",\"name\":\"Trikoma Seeds\",\"description\":\"Semillas de Marihuana Auto, Feminizadas y medicinales\",\"potentialAction\":[{\"@type\":\"SearchAction\",\"target\":{\"@type\":\"EntryPoint\",\"urlTemplate\":\"https:\/\/www.trikomaseeds.com\/it\/?s={search_term_string}\"},\"query-input\":{\"@type\":\"PropertyValueSpecification\",\"valueRequired\":true,\"valueName\":\"search_term_string\"}}],\"inLanguage\":\"it-IT\"}]}<\/script>\n<!-- \/ Yoast SEO plugin. -->","yoast_head_json":{"title":"Black Domina Fast \u2013 Pura Indica con Potenza di Fioritura Rapida - Trikoma Seeds","description":"La Black Domina Fast \u00e8 una variet\u00e0 indica quasi pura che offre un profondo rilassamento e una rapida fioritura, ideale per i coltivatori pi\u00f9 esigenti.","robots":{"index":"index","follow":"follow","max-snippet":"max-snippet:-1","max-image-preview":"max-image-preview:large","max-video-preview":"max-video-preview:-1"},"canonical":"https:\/\/www.trikomaseeds.com\/it\/semi\/black-domina-fast-version\/","og_locale":"it_IT","og_type":"article","og_title":"Black Domina Fast \u2013 Pura Indica con Potenza di Fioritura Rapida - Trikoma Seeds","og_description":"La Black Domina Fast \u00e8 una variet\u00e0 indica quasi pura che offre un profondo rilassamento e una rapida fioritura, ideale per i coltivatori pi\u00f9 esigenti.","og_url":"https:\/\/www.trikomaseeds.com\/it\/semi\/black-domina-fast-version\/","og_site_name":"Trikoma Seeds","article_modified_time":"2025-06-21T13:09:25+00:00","og_image":[{"width":800,"height":800,"url":"https:\/\/www.trikomaseeds.com\/wp-content\/uploads\/2025\/04\/black-domina-fast.jpg","type":"image\/jpeg"}],"twitter_card":"summary_large_image","twitter_misc":{"Tempo di lettura stimato":"2 minuti"},"schema":{"@context":"https:\/\/schema.org","@graph":[{"@type":"WebPage","@id":"https:\/\/www.trikomaseeds.com\/it\/semi\/black-domina-fast-version\/","url":"https:\/\/www.trikomaseeds.com\/it\/semi\/black-domina-fast-version\/","name":"Black Domina Fast \u2013 Pura Indica con Potenza di Fioritura Rapida - Trikoma Seeds","isPartOf":{"@id":"https:\/\/www.trikomaseeds.com\/it\/#website"},"primaryImageOfPage":{"@id":"https:\/\/www.trikomaseeds.com\/it\/semi\/black-domina-fast-version\/#primaryimage"},"image":{"@id":"https:\/\/www.trikomaseeds.com\/it\/semi\/black-domina-fast-version\/#primaryimage"},"thumbnailUrl":"https:\/\/www.trikomaseeds.com\/wp-content\/uploads\/2025\/04\/black-domina-fast.jpg","datePublished":"2025-04-24T11:29:53+00:00","dateModified":"2025-06-21T13:09:25+00:00","description":"La Black Domina Fast \u00e8 una variet\u00e0 indica quasi pura che offre un profondo rilassamento e una rapida fioritura, ideale per i coltivatori pi\u00f9 esigenti.","breadcrumb":{"@id":"https:\/\/www.trikomaseeds.com\/it\/semi\/black-domina-fast-version\/#breadcrumb"},"inLanguage":"it-IT","potentialAction":[{"@type":"ReadAction","target":["https:\/\/www.trikomaseeds.com\/it\/semi\/black-domina-fast-version\/"]}]},{"@type":"ImageObject","inLanguage":"it-IT","@id":"https:\/\/www.trikomaseeds.com\/it\/semi\/black-domina-fast-version\/#primaryimage","url":"https:\/\/www.trikomaseeds.com\/wp-content\/uploads\/2025\/04\/black-domina-fast.jpg","contentUrl":"https:\/\/www.trikomaseeds.com\/wp-content\/uploads\/2025\/04\/black-domina-fast.jpg","width":800,"height":800,"caption":"Black Domina Fast"},{"@type":"BreadcrumbList","@id":"https:\/\/www.trikomaseeds.com\/it\/semi\/black-domina-fast-version\/#breadcrumb","itemListElement":[{"@type":"ListItem","position":1,"name":"Portada","item":"https:\/\/www.trikomaseeds.com\/it\/"},{"@type":"ListItem","position":2,"name":"Shop","item":"https:\/\/www.trikomaseeds.com\/it\/shop\/"},{"@type":"ListItem","position":3,"name":"Black Domina Fast \u2013 Pura Indica con Potenza di Fioritura Rapida"}]},{"@type":"WebSite","@id":"https:\/\/www.trikomaseeds.com\/it\/#website","url":"https:\/\/www.trikomaseeds.com\/it\/","name":"Trikoma Seeds","description":"Semillas de Marihuana Auto, Feminizadas y medicinales","potentialAction":[{"@type":"SearchAction","target":{"@type":"EntryPoint","urlTemplate":"https:\/\/www.trikomaseeds.com\/it\/?s={search_term_string}"},"query-input":{"@type":"PropertyValueSpecification","valueRequired":true,"valueName":"search_term_string"}}],"inLanguage":"it-IT"}]}},"_links":{"self":[{"href":"https:\/\/www.trikomaseeds.com\/it\/wp-json\/wp\/v2\/product\/12456","targetHints":{"allow":["GET"]}}],"collection":[{"href":"https:\/\/www.trikomaseeds.com\/it\/wp-json\/wp\/v2\/product"}],"about":[{"href":"https:\/\/www.trikomaseeds.com\/it\/wp-json\/wp\/v2\/types\/product"}],"replies":[{"embeddable":true,"href":"https:\/\/www.trikomaseeds.com\/it\/wp-json\/wp\/v2\/comments?post=12456"}],"wp:featuredmedia":[{"embeddable":true,"href":"https:\/\/www.trikomaseeds.com\/it\/wp-json\/wp\/v2\/media\/12577"}],"wp:attachment":[{"href":"https:\/\/www.trikomaseeds.com\/it\/wp-json\/wp\/v2\/media?parent=12456"}],"wp:term":[{"taxonomy":"product_cat","embeddable":true,"href":"https:\/\/www.trikomaseeds.com\/it\/wp-json\/wp\/v2\/product_cat?post=12456"},{"taxonomy":"product_tag","embeddable":true,"href":"https:\/\/www.trikomaseeds.com\/it\/wp-json\/wp\/v2\/product_tag?post=12456"}],"curies":[{"name":"wp","href":"https:\/\/api.w.org\/{rel}","templated":true}]}}