{"id":1201,"date":"2019-09-24T14:02:59","date_gmt":"2019-09-24T12:02:59","guid":{"rendered":"http:\/\/www.trikomaseeds.com\/semillas\/northern-lights-auto\/"},"modified":"2024-08-13T14:41:54","modified_gmt":"2024-08-13T12:41:54","slug":"northern-lights-auto","status":"publish","type":"product","link":"https:\/\/www.trikomaseeds.com\/it\/semi\/northern-lights-auto\/","title":{"rendered":"Northern Lights Auto"},"content":{"rendered":"<br \/>\n<h2>Scheda Tecnica di Northern Lights Auto<\/h2>\n<ul>\n<li>Genetica: Northern Lights x Ruderalis<\/li>\n<li>Tipo: Autofiorente<\/li>\n<li>Resa Interna: 450 &#8211; 500 gr.\/m<sup>2<\/sup> (con luce da 600W)<\/li>\n<li>Resa Esterna: 60 &#8211; 150 gr.\/pianta<\/li>\n<li>Fioritura Interna: 70 giorni (18h)<\/li>\n<li>Fioritura Esterna: 50 &#8211; 80 giorni<\/li>\n<\/ul>\n<h2>Com&#8217;\u00e8 Northern Lights Auto<\/h2>\n<p>I semi autofiorenti di Northern Lights sono apprezzati per la loro capacit\u00e0 di fiorire indipendentemente dal ciclo di luce, il che li rende convenienti per i coltivatori con e senza esperienza. Si ritiene che questa variet\u00e0 abbia avuto origine negli Stati Uniti e versioni modificate sono state create nei Paesi Bassi.<\/p>\n<p>Northern Lights Auto combina la genetica della rinomata variet\u00e0 con le caratteristiche autofiorenti. Questi semi sono ideali per chi cerca una pianta compatta, di bassa manutenzione e con un periodo di fioritura breve. Sono anche apprezzati per il loro profilo aromatico terroso e i sapori fruttati, uniti a effetti di rilassamento, euforia e tranquillit\u00e0 mentale.<\/p>\n<p>Come molte piante a dominanza indica, \u00e8 bassa, densa e offre rese abbondanti. La crescita limitata della Northern Lights automatica \u00e8 un vantaggio molto apprezzato dai coltivatori con poco spazio.<\/p>\n<h2>Caratteristiche di Northern Lights Auto<\/h2>\n<p>Questa variet\u00e0 produce un effetto di completo rilassamento che si estende in tutto il corpo, avvolgendo l&#8217;utente in una sensazione di pace profonda. Notevole \u00e8 la potenza del suo effetto, sorprendente soprattutto considerando che si tratta di una variet\u00e0 autofiorente, che generalmente hanno una concentrazione di cannabinoidi inferiore rispetto alle variet\u00e0 fotoperiodiche.<\/p>\n<p>Oltre alla rapidit\u00e0 con cui si pu\u00f2 raggiungere il raccolto, sempre un&#8217;attrazione per i coltivatori che cercano risultati rapidi, questa pianta \u00e8 anche molto apprezzata per il suo profilo aromatico attraente. Si caratterizza per un aroma che combina note terrose e fruttate, elementi che si fondono in perfetta armonia per creare una fragranza distintiva e piacevole. Inoltre, la sua dimensione compatta la rende un&#8217;opzione ideale per chi ha limitazioni di spazio o preferisce una coltivazione discreta. Questa combinazione di caratteristiche rende questa variet\u00e0 non solo altamente efficiente, ma anche un piacere da coltivare e consumare.<\/p>\n<p>La Northern Lights autofiorente \u00e8 forte e resistente, il che la rende adatta ai climi europei pi\u00f9 freschi. Pu\u00f2 essere coltivata all&#8217;aperto, cos\u00ec come all&#8217;interno durante tutto l&#8217;anno. \u00c8 anche possibile coltivarla in serra.<\/p>\n<h2>Effetto, gusto e aroma di Northern Lights Auto<\/h2>\n<p>La Northern Lights Auto \u00e8 una variet\u00e0 a predominanza indica, una caratteristica evidente nel suo effett. Offra un effetto vigoroso, sedativo e intensamente rilassante. Come con molte variet\u00e0 indica, il consumo offre agli utenti un rilassamento profondo che abbraccia tutto il corpo. Tuttavia, alcuni riportano anche un aumento della creativit\u00e0 o della riflessione dopo l&#8217;uso. \u00c8 cruciale che i principianti procedano con cautela, poich\u00e9 questa variet\u00e0 \u00e8 nota per il suo effetto potente.<\/p>\n<p>Durante il suo ciclo di crescita, la pianta non emette un odore forte, ideale per i coltivatori indoor che desiderano mantenere la discrezione. Da vicino, presenta un aroma distintivo di terra e pino, completato da sottili tocchi fruttati. Questo profilo aromatico si intensifica dopo il raccolto, fase in cui emergono note agrumate e speziate pi\u00f9 pronunciate. Per quanto riguarda il gusto, si pu\u00f2 godere di un mix di limone, terra e spezie.<\/p>\n<p>La Northern Lights autofiorente \u00e8 conosciuta per non emettere un odore forte e mantenere una dimensione generalmente compatta, caratteristica che la rende particolarmente attraente per coloro che cercano una coltivazione discreta.<\/p>\n","protected":false},"excerpt":{"rendered":"<p align=\"justify\">\u00c9 una delle nostre variet\u00e0 autofiorenti di ultima generazione piu\u2019 vendute negli ultimi anni. Questa variet\u00e0 \u00e9 sempre pi\u00f9 simile alla sua versione femminizzata inquanto \u00e8 la base di quasi tutti gli incroci di variet\u00e0 automatiche, soprattutto per la sua somiglianza in dimensioni, sapore e produttivit\u00e0 alla versione femminizzata. Produce cime dure e compatte in tutti i tipi di terreno.<\/p>\n<p><strong>THC:\u00a0<span class=\"destacado\">16%<\/span><\/strong><\/p>\n","protected":false},"featured_media":547,"comment_status":"open","ping_status":"closed","template":"","meta":[],"product_cat":[132],"product_tag":[],"class_list":{"0":"post-1201","1":"product","2":"type-product","3":"status-publish","4":"has-post-thumbnail","6":"product_cat-autoflorecientes","8":"first","9":"instock","10":"shipping-taxable","11":"purchasable","12":"product-type-variable","13":"has-default-attributes"},"yoast_head":"<!-- This site is optimized with the Yoast SEO plugin v25.6 - https:\/\/yoast.com\/wordpress\/plugins\/seo\/ -->\n<title>Northern Lights Auto \u3010 TRIKOMA SEEDS \u3011<\/title>\n<meta name=\"description\" content=\"Northern Light Auto \u00e8 ideale per i coltivatori con poco tempo. Ha un contenuto di THC del 16% e potenti effetti rilassanti a livello corporeo e mentale.\" \/>\n<meta name=\"robots\" content=\"index, follow, max-snippet:-1, max-image-preview:large, max-video-preview:-1\" \/>\n<link rel=\"canonical\" href=\"https:\/\/www.trikomaseeds.com\/it\/semi\/northern-lights-auto\/\" \/>\n<meta property=\"og:locale\" content=\"it_IT\" \/>\n<meta property=\"og:type\" content=\"article\" \/>\n<meta property=\"og:title\" content=\"Northern Lights Auto \u3010 TRIKOMA SEEDS \u3011\" \/>\n<meta property=\"og:description\" content=\"Northern Light Auto \u00e8 ideale per i coltivatori con poco tempo. Ha un contenuto di THC del 16% e potenti effetti rilassanti a livello corporeo e mentale.\" \/>\n<meta property=\"og:url\" content=\"https:\/\/www.trikomaseeds.com\/it\/semi\/northern-lights-auto\/\" \/>\n<meta property=\"og:site_name\" content=\"Trikoma Seeds\" \/>\n<meta property=\"article:modified_time\" content=\"2024-08-13T12:41:54+00:00\" \/>\n<meta property=\"og:image\" content=\"https:\/\/www.trikomaseeds.com\/wp-content\/uploads\/2019\/09\/NorthernLights_Auto_Trikoma_seeds_72-800x800.jpg\" \/>\n\t<meta property=\"og:image:width\" content=\"800\" \/>\n\t<meta property=\"og:image:height\" content=\"800\" \/>\n\t<meta property=\"og:image:type\" content=\"image\/jpeg\" \/>\n<meta name=\"twitter:card\" content=\"summary_large_image\" \/>\n<meta name=\"twitter:label1\" content=\"Tempo di lettura stimato\" \/>\n\t<meta name=\"twitter:data1\" content=\"3 minuti\" \/>\n<script type=\"application\/ld+json\" class=\"yoast-schema-graph\">{\"@context\":\"https:\/\/schema.org\",\"@graph\":[{\"@type\":\"WebPage\",\"@id\":\"https:\/\/www.trikomaseeds.com\/it\/semi\/northern-lights-auto\/\",\"url\":\"https:\/\/www.trikomaseeds.com\/it\/semi\/northern-lights-auto\/\",\"name\":\"Northern Lights Auto \u3010 TRIKOMA SEEDS \u3011\",\"isPartOf\":{\"@id\":\"https:\/\/www.trikomaseeds.com\/it\/#website\"},\"primaryImageOfPage\":{\"@id\":\"https:\/\/www.trikomaseeds.com\/it\/semi\/northern-lights-auto\/#primaryimage\"},\"image\":{\"@id\":\"https:\/\/www.trikomaseeds.com\/it\/semi\/northern-lights-auto\/#primaryimage\"},\"thumbnailUrl\":\"https:\/\/www.trikomaseeds.com\/wp-content\/uploads\/2019\/09\/NorthernLights_Auto_Trikoma_seeds_72-800x800.jpg\",\"datePublished\":\"2019-09-24T12:02:59+00:00\",\"dateModified\":\"2024-08-13T12:41:54+00:00\",\"description\":\"Northern Light Auto \u00e8 ideale per i coltivatori con poco tempo. Ha un contenuto di THC del 16% e potenti effetti rilassanti a livello corporeo e mentale.\",\"breadcrumb\":{\"@id\":\"https:\/\/www.trikomaseeds.com\/it\/semi\/northern-lights-auto\/#breadcrumb\"},\"inLanguage\":\"it-IT\",\"potentialAction\":[{\"@type\":\"ReadAction\",\"target\":[\"https:\/\/www.trikomaseeds.com\/it\/semi\/northern-lights-auto\/\"]}]},{\"@type\":\"ImageObject\",\"inLanguage\":\"it-IT\",\"@id\":\"https:\/\/www.trikomaseeds.com\/it\/semi\/northern-lights-auto\/#primaryimage\",\"url\":\"https:\/\/www.trikomaseeds.com\/wp-content\/uploads\/2019\/09\/NorthernLights_Auto_Trikoma_seeds_72-800x800.jpg\",\"contentUrl\":\"https:\/\/www.trikomaseeds.com\/wp-content\/uploads\/2019\/09\/NorthernLights_Auto_Trikoma_seeds_72-800x800.jpg\",\"width\":800,\"height\":800},{\"@type\":\"BreadcrumbList\",\"@id\":\"https:\/\/www.trikomaseeds.com\/it\/semi\/northern-lights-auto\/#breadcrumb\",\"itemListElement\":[{\"@type\":\"ListItem\",\"position\":1,\"name\":\"Portada\",\"item\":\"https:\/\/www.trikomaseeds.com\/it\/\"},{\"@type\":\"ListItem\",\"position\":2,\"name\":\"Shop\",\"item\":\"https:\/\/www.trikomaseeds.com\/it\/shop\/\"},{\"@type\":\"ListItem\",\"position\":3,\"name\":\"Northern Lights Auto\"}]},{\"@type\":\"WebSite\",\"@id\":\"https:\/\/www.trikomaseeds.com\/it\/#website\",\"url\":\"https:\/\/www.trikomaseeds.com\/it\/\",\"name\":\"Trikoma Seeds\",\"description\":\"Semillas de Marihuana Auto, Feminizadas y medicinales\",\"potentialAction\":[{\"@type\":\"SearchAction\",\"target\":{\"@type\":\"EntryPoint\",\"urlTemplate\":\"https:\/\/www.trikomaseeds.com\/it\/?s={search_term_string}\"},\"query-input\":{\"@type\":\"PropertyValueSpecification\",\"valueRequired\":true,\"valueName\":\"search_term_string\"}}],\"inLanguage\":\"it-IT\"}]}<\/script>\n<!-- \/ Yoast SEO plugin. -->","yoast_head_json":{"title":"Northern Lights Auto \u3010 TRIKOMA SEEDS \u3011","description":"Northern Light Auto \u00e8 ideale per i coltivatori con poco tempo. Ha un contenuto di THC del 16% e potenti effetti rilassanti a livello corporeo e mentale.","robots":{"index":"index","follow":"follow","max-snippet":"max-snippet:-1","max-image-preview":"max-image-preview:large","max-video-preview":"max-video-preview:-1"},"canonical":"https:\/\/www.trikomaseeds.com\/it\/semi\/northern-lights-auto\/","og_locale":"it_IT","og_type":"article","og_title":"Northern Lights Auto \u3010 TRIKOMA SEEDS \u3011","og_description":"Northern Light Auto \u00e8 ideale per i coltivatori con poco tempo. Ha un contenuto di THC del 16% e potenti effetti rilassanti a livello corporeo e mentale.","og_url":"https:\/\/www.trikomaseeds.com\/it\/semi\/northern-lights-auto\/","og_site_name":"Trikoma Seeds","article_modified_time":"2024-08-13T12:41:54+00:00","og_image":[{"width":800,"height":800,"url":"https:\/\/www.trikomaseeds.com\/wp-content\/uploads\/2019\/09\/NorthernLights_Auto_Trikoma_seeds_72-800x800.jpg","type":"image\/jpeg"}],"twitter_card":"summary_large_image","twitter_misc":{"Tempo di lettura stimato":"3 minuti"},"schema":{"@context":"https:\/\/schema.org","@graph":[{"@type":"WebPage","@id":"https:\/\/www.trikomaseeds.com\/it\/semi\/northern-lights-auto\/","url":"https:\/\/www.trikomaseeds.com\/it\/semi\/northern-lights-auto\/","name":"Northern Lights Auto \u3010 TRIKOMA SEEDS \u3011","isPartOf":{"@id":"https:\/\/www.trikomaseeds.com\/it\/#website"},"primaryImageOfPage":{"@id":"https:\/\/www.trikomaseeds.com\/it\/semi\/northern-lights-auto\/#primaryimage"},"image":{"@id":"https:\/\/www.trikomaseeds.com\/it\/semi\/northern-lights-auto\/#primaryimage"},"thumbnailUrl":"https:\/\/www.trikomaseeds.com\/wp-content\/uploads\/2019\/09\/NorthernLights_Auto_Trikoma_seeds_72-800x800.jpg","datePublished":"2019-09-24T12:02:59+00:00","dateModified":"2024-08-13T12:41:54+00:00","description":"Northern Light Auto \u00e8 ideale per i coltivatori con poco tempo. Ha un contenuto di THC del 16% e potenti effetti rilassanti a livello corporeo e mentale.","breadcrumb":{"@id":"https:\/\/www.trikomaseeds.com\/it\/semi\/northern-lights-auto\/#breadcrumb"},"inLanguage":"it-IT","potentialAction":[{"@type":"ReadAction","target":["https:\/\/www.trikomaseeds.com\/it\/semi\/northern-lights-auto\/"]}]},{"@type":"ImageObject","inLanguage":"it-IT","@id":"https:\/\/www.trikomaseeds.com\/it\/semi\/northern-lights-auto\/#primaryimage","url":"https:\/\/www.trikomaseeds.com\/wp-content\/uploads\/2019\/09\/NorthernLights_Auto_Trikoma_seeds_72-800x800.jpg","contentUrl":"https:\/\/www.trikomaseeds.com\/wp-content\/uploads\/2019\/09\/NorthernLights_Auto_Trikoma_seeds_72-800x800.jpg","width":800,"height":800},{"@type":"BreadcrumbList","@id":"https:\/\/www.trikomaseeds.com\/it\/semi\/northern-lights-auto\/#breadcrumb","itemListElement":[{"@type":"ListItem","position":1,"name":"Portada","item":"https:\/\/www.trikomaseeds.com\/it\/"},{"@type":"ListItem","position":2,"name":"Shop","item":"https:\/\/www.trikomaseeds.com\/it\/shop\/"},{"@type":"ListItem","position":3,"name":"Northern Lights Auto"}]},{"@type":"WebSite","@id":"https:\/\/www.trikomaseeds.com\/it\/#website","url":"https:\/\/www.trikomaseeds.com\/it\/","name":"Trikoma Seeds","description":"Semillas de Marihuana Auto, Feminizadas y medicinales","potentialAction":[{"@type":"SearchAction","target":{"@type":"EntryPoint","urlTemplate":"https:\/\/www.trikomaseeds.com\/it\/?s={search_term_string}"},"query-input":{"@type":"PropertyValueSpecification","valueRequired":true,"valueName":"search_term_string"}}],"inLanguage":"it-IT"}]}},"_links":{"self":[{"href":"https:\/\/www.trikomaseeds.com\/it\/wp-json\/wp\/v2\/product\/1201","targetHints":{"allow":["GET"]}}],"collection":[{"href":"https:\/\/www.trikomaseeds.com\/it\/wp-json\/wp\/v2\/product"}],"about":[{"href":"https:\/\/www.trikomaseeds.com\/it\/wp-json\/wp\/v2\/types\/product"}],"replies":[{"embeddable":true,"href":"https:\/\/www.trikomaseeds.com\/it\/wp-json\/wp\/v2\/comments?post=1201"}],"wp:featuredmedia":[{"embeddable":true,"href":"https:\/\/www.trikomaseeds.com\/it\/wp-json\/wp\/v2\/media\/547"}],"wp:attachment":[{"href":"https:\/\/www.trikomaseeds.com\/it\/wp-json\/wp\/v2\/media?parent=1201"}],"wp:term":[{"taxonomy":"product_cat","embeddable":true,"href":"https:\/\/www.trikomaseeds.com\/it\/wp-json\/wp\/v2\/product_cat?post=1201"},{"taxonomy":"product_tag","embeddable":true,"href":"https:\/\/www.trikomaseeds.com\/it\/wp-json\/wp\/v2\/product_tag?post=1201"}],"curies":[{"name":"wp","href":"https:\/\/api.w.org\/{rel}","templated":true}]}}