{"id":1033,"date":"2019-09-24T14:18:12","date_gmt":"2019-09-24T12:18:12","guid":{"rendered":"http:\/\/www.trikomaseeds.com\/semillas\/critical-plus\/"},"modified":"2024-06-21T11:36:05","modified_gmt":"2024-06-21T09:36:05","slug":"critical-plus","status":"publish","type":"product","link":"https:\/\/www.trikomaseeds.com\/it\/semi\/critical-plus\/","title":{"rendered":"Critical Plus"},"content":{"rendered":"<h2 class=\"dotted_title uppercase\">Scheda Tecnica di Critical Plus<\/h2>\n<ul class=\"check\">\n<li>Genetica: Critical Bilbo x AK-47<\/li>\n<li>Variet\u00e0: Indica 70% -\/\/- Sativa 30%<\/li>\n<li>Produzione indoor: 550 gr.\/m<sup>2<\/sup> (Con 600W)<\/li>\n<li>Produzione outdoor: 1 &#8211; 1,5 kg\/pianta<\/li>\n<li>Fioritura indoor: 56 &#8211; 63 giorni<\/li>\n<li>Fioritura outdoor: settembre<\/li>\n<li>Fioritura in Sud America: marzo<\/li>\n<\/ul>\n<h2>Che cos&#8217;\u00e8 Critical Plus<\/h2>\n<p>Il seme Critical Plus \u00e8 conosciuto per il suo rendimento relativamente alto, il sapore intenso e la facilit\u00e0 di coltivazione. La fama di Critical Plus si deve alla sua qualit\u00e0, potenza, sapore, effetti e facilit\u00e0 di coltivazione.<\/p>\n<p>Per questo motivo, Critical Plus \u00e8 una scelta popolare sia per i coltivatori commerciali che per quelli domestici. Molti coltivatori la utilizzano per garantire una parte del raccolto prima di provare altre variet\u00e0 che possono fallire. Con Critical Plus vanno sul sicuro.<\/p>\n<h2>Produzione di Critical +<\/h2>\n<p><strong>Critical Plus<\/strong> \u00e8 uno dei semi di marijuana femmina pi\u00f9 produttivi del nostro catalogo e del mercato. In indoor pu\u00f2 arrivare a produrre fino a 550 gr\/m2 e in outdoor raggiunge la sorprendente quantit\u00e0 di 1000-1500 gr\/m2. Con questi dati non c&#8217;\u00e8 da meravigliarsi che ci sia una grande massa di coltivatori che si fidano di Critical Plus.<\/p>\n<p>Le cime che produce Critical Plus sono lunghe, sottili, dense e compatte. Avendo una struttura ferma e compatta, sono cime che facilitano il processo di raccolta e di manicure.<\/p>\n<p>Il meglio delle cime di Critical Plus \u00e8 il grosso strato di tricomi resinosi che le ricopre.<\/p>\n<h2>Aromi e sapori di Critical Plus<\/h2>\n<p>La nostra <strong>Trikoma Seeds Critical +<\/strong> possiede un aroma dolce capace di impregnare l&#8217;ambiente in cui si trova. Alcuni consumatori descrivono il suo sapore come una combinazione di sapori agrumati con spezie.<\/p>\n<h2>Effetti di Critical Plus<\/h2>\n<p>Tra gli effetti di <strong>Critical Plus di Trikoma Seeds<\/strong> predomina la sensazione rilassante. \u00c8 comune sperimentare un&#8217;euforia iniziale per poi passare a una situazione di rilassamento profondo che allevia lo stress e l&#8217;ansia.<\/p>\n<p>L&#8217;effetto rilassante di Critical Plus \u00e8 quello che ci si pu\u00f2 aspettare da una variet\u00e0 con un 20% di THC. \u00c8 ideale per chi cerca di eliminare la stanchezza e il dolore fisico. Anche a livello mentale ci sono effetti positivi, poich\u00e9 aiuta a rilassare la mente e a disconnettersi. Molti consumatori spiegano che la disconnessione dalla vita quotidiana e dai suoi problemi li porta a momenti di creativit\u00e0.<\/p>\n<h2>La coltivazione di Critical Plus<\/h2>\n<p><strong>Critical Plus<\/strong> \u00e8 una genetica abbastanza facile da coltivare. Non \u00e8 una pianta che richiede molte cure. Cresce rapidamente e forte senza molti problemi. Questo \u00e8 uno dei motivi per cui \u00e8 apprezzata dai coltivatori professionisti e amatoriali.<\/p>\n<p><strong>Critical Plus \u00e8 adatta sia per indoor che per outdoor.<\/strong> In outdoor si adatta bene ai climi mediterranei e temperati. La cosa pi\u00f9 importante \u00e8 che non ci sia un eccesso di umidit\u00e0. Per questo motivo, bisogna assicurare un terreno ben drenato e che riceva luce solare. In Europa il periodo migliore per la fioritura di questa variet\u00e0 \u00e8 durante il mese di settembre. In America Latina il periodo migliore \u00e8 in marzo.<\/p>\n<p>In coltivazioni indoor con cicli fotoperiodici lavorati, Critical Plus di Trikoma Seeds <strong>fiorir\u00e0 in 55-65 giorni<\/strong>. Questo significa che \u00e8 una pianta con un ciclo di coltivazione molto breve. Per questo motivo \u00e8 una delle pi\u00f9 apprezzate dai coltivatori indoor.<\/p>\n<p>In generale, il seme <strong>Critical Plus<\/strong> che offriamo in Trikoma Seeds \u00e8 una pianta di alto rendimento e facile coltivazione. Il sapore e gli effetti sono quelli che ci si aspetta da una pianta con predominanza sativa.<\/p>\n<p>Oltre al seme regolare, in Trikoma Seeds offriamo anche la <a href=\"https:\/\/www.trikomaseeds.com\/semillas\/critical-plus-auto\/\">variet\u00e0 auto<\/a> con la quale potrai godere della pianta in un tempo relativamente breve.<\/p>\n","protected":false},"excerpt":{"rendered":"<p><strong>Critical Plus Seed di Trikoma<\/strong> \u00e8 una pianta a predominanza indica (70%), nata dall&#8217;incrocio tra due semi di marijuana femmina: Critical bilbo x AK-47.<\/p>\n<p>Il seme Critical Plus \u00e8 una variet\u00e0 popolare di cannabis, nota per la sua alta qualit\u00e0 e i suoi potenti effetti. Si tratta di una delle piante di marijuana femminizzate con la maggiore produzione di cime sul mercato. La pianta stessa tende ad essere robusta e resistente, il che la rende relativamente facile da coltivare per coloro che hanno un&#8217;esperienza moderata nella coltivazione della cannabis.<\/p>\n<p>Il sapore della <strong>Critical Plus<\/strong> di Trikoma \u00e8 dolce, si distingue per il suo effetto narcotico e produce cime dense.<\/p>\n<p><strong>THC:\u00a0<span class=\"destacado\">20%<\/span><\/strong><\/p>\n","protected":false},"featured_media":603,"comment_status":"open","ping_status":"closed","template":"","meta":[],"product_cat":[109],"product_tag":[],"class_list":{"0":"post-1033","1":"product","2":"type-product","3":"status-publish","4":"has-post-thumbnail","6":"product_cat-femminizzati","8":"first","9":"instock","10":"shipping-taxable","11":"purchasable","12":"product-type-variable","13":"has-default-attributes"},"yoast_head":"<!-- This site is optimized with the Yoast SEO plugin v25.6 - https:\/\/yoast.com\/wordpress\/plugins\/seo\/ -->\n<title>Critical Plus \u3010 Trikoma Seeds \u3011Femminizzata \u2713<\/title>\n<meta name=\"description\" content=\"Critical Plus \u00e8 un seme leader popolare tra i coltivatori. 20% di THC e una capacit\u00e0 produttiva fino a 1000-1500 gr\/m2. Successo assicurato.\" \/>\n<meta name=\"robots\" content=\"index, follow, max-snippet:-1, max-image-preview:large, max-video-preview:-1\" \/>\n<link rel=\"canonical\" href=\"https:\/\/www.trikomaseeds.com\/it\/semi\/critical-plus\/\" \/>\n<meta property=\"og:locale\" content=\"it_IT\" \/>\n<meta property=\"og:type\" content=\"article\" \/>\n<meta property=\"og:title\" content=\"Critical Plus \u3010 Trikoma Seeds \u3011Femminizzata \u2713\" \/>\n<meta property=\"og:description\" content=\"Critical Plus \u00e8 un seme leader popolare tra i coltivatori. 20% di THC e una capacit\u00e0 produttiva fino a 1000-1500 gr\/m2. Successo assicurato.\" \/>\n<meta property=\"og:url\" content=\"https:\/\/www.trikomaseeds.com\/it\/semi\/critical-plus\/\" \/>\n<meta property=\"og:site_name\" content=\"Trikoma Seeds\" \/>\n<meta property=\"article:modified_time\" content=\"2024-06-21T09:36:05+00:00\" \/>\n<meta property=\"og:image\" content=\"https:\/\/www.trikomaseeds.com\/wp-content\/uploads\/2019\/09\/CriticalPlus_Trikoma_seeds_72-800x800.jpg\" \/>\n\t<meta property=\"og:image:width\" content=\"800\" \/>\n\t<meta property=\"og:image:height\" content=\"800\" \/>\n\t<meta property=\"og:image:type\" content=\"image\/jpeg\" \/>\n<meta name=\"twitter:card\" content=\"summary_large_image\" \/>\n<meta name=\"twitter:label1\" content=\"Tempo di lettura stimato\" \/>\n\t<meta name=\"twitter:data1\" content=\"1 minuto\" \/>\n<script type=\"application\/ld+json\" class=\"yoast-schema-graph\">{\"@context\":\"https:\/\/schema.org\",\"@graph\":[{\"@type\":\"WebPage\",\"@id\":\"https:\/\/www.trikomaseeds.com\/it\/semi\/critical-plus\/\",\"url\":\"https:\/\/www.trikomaseeds.com\/it\/semi\/critical-plus\/\",\"name\":\"Critical Plus \u3010 Trikoma Seeds \u3011Femminizzata \u2713\",\"isPartOf\":{\"@id\":\"https:\/\/www.trikomaseeds.com\/it\/#website\"},\"primaryImageOfPage\":{\"@id\":\"https:\/\/www.trikomaseeds.com\/it\/semi\/critical-plus\/#primaryimage\"},\"image\":{\"@id\":\"https:\/\/www.trikomaseeds.com\/it\/semi\/critical-plus\/#primaryimage\"},\"thumbnailUrl\":\"https:\/\/www.trikomaseeds.com\/wp-content\/uploads\/2019\/09\/CriticalPlus_Trikoma_seeds_72-800x800.jpg\",\"datePublished\":\"2019-09-24T12:18:12+00:00\",\"dateModified\":\"2024-06-21T09:36:05+00:00\",\"description\":\"Critical Plus \u00e8 un seme leader popolare tra i coltivatori. 20% di THC e una capacit\u00e0 produttiva fino a 1000-1500 gr\/m2. Successo assicurato.\",\"breadcrumb\":{\"@id\":\"https:\/\/www.trikomaseeds.com\/it\/semi\/critical-plus\/#breadcrumb\"},\"inLanguage\":\"it-IT\",\"potentialAction\":[{\"@type\":\"ReadAction\",\"target\":[\"https:\/\/www.trikomaseeds.com\/it\/semi\/critical-plus\/\"]}]},{\"@type\":\"ImageObject\",\"inLanguage\":\"it-IT\",\"@id\":\"https:\/\/www.trikomaseeds.com\/it\/semi\/critical-plus\/#primaryimage\",\"url\":\"https:\/\/www.trikomaseeds.com\/wp-content\/uploads\/2019\/09\/CriticalPlus_Trikoma_seeds_72-800x800.jpg\",\"contentUrl\":\"https:\/\/www.trikomaseeds.com\/wp-content\/uploads\/2019\/09\/CriticalPlus_Trikoma_seeds_72-800x800.jpg\",\"width\":800,\"height\":800},{\"@type\":\"BreadcrumbList\",\"@id\":\"https:\/\/www.trikomaseeds.com\/it\/semi\/critical-plus\/#breadcrumb\",\"itemListElement\":[{\"@type\":\"ListItem\",\"position\":1,\"name\":\"Portada\",\"item\":\"https:\/\/www.trikomaseeds.com\/it\/\"},{\"@type\":\"ListItem\",\"position\":2,\"name\":\"Shop\",\"item\":\"https:\/\/www.trikomaseeds.com\/it\/shop\/\"},{\"@type\":\"ListItem\",\"position\":3,\"name\":\"Critical Plus\"}]},{\"@type\":\"WebSite\",\"@id\":\"https:\/\/www.trikomaseeds.com\/it\/#website\",\"url\":\"https:\/\/www.trikomaseeds.com\/it\/\",\"name\":\"Trikoma Seeds\",\"description\":\"Semillas de Marihuana Auto, Feminizadas y medicinales\",\"potentialAction\":[{\"@type\":\"SearchAction\",\"target\":{\"@type\":\"EntryPoint\",\"urlTemplate\":\"https:\/\/www.trikomaseeds.com\/it\/?s={search_term_string}\"},\"query-input\":{\"@type\":\"PropertyValueSpecification\",\"valueRequired\":true,\"valueName\":\"search_term_string\"}}],\"inLanguage\":\"it-IT\"}]}<\/script>\n<!-- \/ Yoast SEO plugin. -->","yoast_head_json":{"title":"Critical Plus \u3010 Trikoma Seeds \u3011Femminizzata \u2713","description":"Critical Plus \u00e8 un seme leader popolare tra i coltivatori. 20% di THC e una capacit\u00e0 produttiva fino a 1000-1500 gr\/m2. Successo assicurato.","robots":{"index":"index","follow":"follow","max-snippet":"max-snippet:-1","max-image-preview":"max-image-preview:large","max-video-preview":"max-video-preview:-1"},"canonical":"https:\/\/www.trikomaseeds.com\/it\/semi\/critical-plus\/","og_locale":"it_IT","og_type":"article","og_title":"Critical Plus \u3010 Trikoma Seeds \u3011Femminizzata \u2713","og_description":"Critical Plus \u00e8 un seme leader popolare tra i coltivatori. 20% di THC e una capacit\u00e0 produttiva fino a 1000-1500 gr\/m2. Successo assicurato.","og_url":"https:\/\/www.trikomaseeds.com\/it\/semi\/critical-plus\/","og_site_name":"Trikoma Seeds","article_modified_time":"2024-06-21T09:36:05+00:00","og_image":[{"width":800,"height":800,"url":"https:\/\/www.trikomaseeds.com\/wp-content\/uploads\/2019\/09\/CriticalPlus_Trikoma_seeds_72-800x800.jpg","type":"image\/jpeg"}],"twitter_card":"summary_large_image","twitter_misc":{"Tempo di lettura stimato":"1 minuto"},"schema":{"@context":"https:\/\/schema.org","@graph":[{"@type":"WebPage","@id":"https:\/\/www.trikomaseeds.com\/it\/semi\/critical-plus\/","url":"https:\/\/www.trikomaseeds.com\/it\/semi\/critical-plus\/","name":"Critical Plus \u3010 Trikoma Seeds \u3011Femminizzata \u2713","isPartOf":{"@id":"https:\/\/www.trikomaseeds.com\/it\/#website"},"primaryImageOfPage":{"@id":"https:\/\/www.trikomaseeds.com\/it\/semi\/critical-plus\/#primaryimage"},"image":{"@id":"https:\/\/www.trikomaseeds.com\/it\/semi\/critical-plus\/#primaryimage"},"thumbnailUrl":"https:\/\/www.trikomaseeds.com\/wp-content\/uploads\/2019\/09\/CriticalPlus_Trikoma_seeds_72-800x800.jpg","datePublished":"2019-09-24T12:18:12+00:00","dateModified":"2024-06-21T09:36:05+00:00","description":"Critical Plus \u00e8 un seme leader popolare tra i coltivatori. 20% di THC e una capacit\u00e0 produttiva fino a 1000-1500 gr\/m2. Successo assicurato.","breadcrumb":{"@id":"https:\/\/www.trikomaseeds.com\/it\/semi\/critical-plus\/#breadcrumb"},"inLanguage":"it-IT","potentialAction":[{"@type":"ReadAction","target":["https:\/\/www.trikomaseeds.com\/it\/semi\/critical-plus\/"]}]},{"@type":"ImageObject","inLanguage":"it-IT","@id":"https:\/\/www.trikomaseeds.com\/it\/semi\/critical-plus\/#primaryimage","url":"https:\/\/www.trikomaseeds.com\/wp-content\/uploads\/2019\/09\/CriticalPlus_Trikoma_seeds_72-800x800.jpg","contentUrl":"https:\/\/www.trikomaseeds.com\/wp-content\/uploads\/2019\/09\/CriticalPlus_Trikoma_seeds_72-800x800.jpg","width":800,"height":800},{"@type":"BreadcrumbList","@id":"https:\/\/www.trikomaseeds.com\/it\/semi\/critical-plus\/#breadcrumb","itemListElement":[{"@type":"ListItem","position":1,"name":"Portada","item":"https:\/\/www.trikomaseeds.com\/it\/"},{"@type":"ListItem","position":2,"name":"Shop","item":"https:\/\/www.trikomaseeds.com\/it\/shop\/"},{"@type":"ListItem","position":3,"name":"Critical Plus"}]},{"@type":"WebSite","@id":"https:\/\/www.trikomaseeds.com\/it\/#website","url":"https:\/\/www.trikomaseeds.com\/it\/","name":"Trikoma Seeds","description":"Semillas de Marihuana Auto, Feminizadas y medicinales","potentialAction":[{"@type":"SearchAction","target":{"@type":"EntryPoint","urlTemplate":"https:\/\/www.trikomaseeds.com\/it\/?s={search_term_string}"},"query-input":{"@type":"PropertyValueSpecification","valueRequired":true,"valueName":"search_term_string"}}],"inLanguage":"it-IT"}]}},"_links":{"self":[{"href":"https:\/\/www.trikomaseeds.com\/it\/wp-json\/wp\/v2\/product\/1033","targetHints":{"allow":["GET"]}}],"collection":[{"href":"https:\/\/www.trikomaseeds.com\/it\/wp-json\/wp\/v2\/product"}],"about":[{"href":"https:\/\/www.trikomaseeds.com\/it\/wp-json\/wp\/v2\/types\/product"}],"replies":[{"embeddable":true,"href":"https:\/\/www.trikomaseeds.com\/it\/wp-json\/wp\/v2\/comments?post=1033"}],"wp:featuredmedia":[{"embeddable":true,"href":"https:\/\/www.trikomaseeds.com\/it\/wp-json\/wp\/v2\/media\/603"}],"wp:attachment":[{"href":"https:\/\/www.trikomaseeds.com\/it\/wp-json\/wp\/v2\/media?parent=1033"}],"wp:term":[{"taxonomy":"product_cat","embeddable":true,"href":"https:\/\/www.trikomaseeds.com\/it\/wp-json\/wp\/v2\/product_cat?post=1033"},{"taxonomy":"product_tag","embeddable":true,"href":"https:\/\/www.trikomaseeds.com\/it\/wp-json\/wp\/v2\/product_tag?post=1033"}],"curies":[{"name":"wp","href":"https:\/\/api.w.org\/{rel}","templated":true}]}}