{"id":1743,"date":"2019-09-24T16:03:31","date_gmt":"2019-09-24T14:03:31","guid":{"rendered":"http:\/\/www.trikomaseeds.com\/trikoma-seeds\/"},"modified":"2025-01-27T14:34:09","modified_gmt":"2025-01-27T13:34:09","slug":"chi-siamo","status":"publish","type":"page","link":"https:\/\/www.trikomaseeds.com\/it\/chi-siamo\/","title":{"rendered":"Chi siamo"},"content":{"rendered":"<div class=\"fusion-fullwidth fullwidth-box fusion-builder-row-1 fusion-flex-container nonhundred-percent-fullwidth non-hundred-percent-height-scrolling\" style=\"--awb-border-radius-top-left:0px;--awb-border-radius-top-right:0px;--awb-border-radius-bottom-right:0px;--awb-border-radius-bottom-left:0px;--awb-flex-wrap:wrap;\" ><div class=\"fusion-builder-row fusion-row fusion-flex-align-items-flex-start fusion-flex-content-wrap\" style=\"max-width:1352px;margin-left: calc(-4% \/ 2 );margin-right: calc(-4% \/ 2 );\"><div class=\"fusion-layout-column fusion_builder_column fusion-builder-column-0 fusion_builder_column_1_1 1_1 fusion-flex-column\" style=\"--awb-bg-size:cover;--awb-width-large:100%;--awb-margin-top-large:0px;--awb-spacing-right-large:1.92%;--awb-margin-bottom-large:20px;--awb-spacing-left-large:1.92%;--awb-width-medium:100%;--awb-spacing-right-medium:1.92%;--awb-spacing-left-medium:1.92%;--awb-width-small:100%;--awb-spacing-right-small:1.92%;--awb-spacing-left-small:1.92%;\"><div class=\"fusion-column-wrapper fusion-column-has-shadow fusion-flex-justify-content-flex-start fusion-content-layout-column\"><div class=\"fusion-text fusion-text-1\"><div class=\"container\">\n<div class=\"row\">\n<div id=\"content\" class=\"col-sm-9\">\n<h2>Chi siamo<\/h2>\n<h3><strong> La nostra missione <\/strong><\/h3>\n<p>Siamo una banca di semi situata a Barcellona il cui interesse principale \u00e8 offrire semi di alta qualit\u00e0 a prezzi molto convenienti. Mettiamo a tua disposizione genetiche eccellenti, variet\u00e0 che sono sul mercato a prezzi molto pi\u00f9 alti.<br \/>\nTutti i nostri semi sono femminizzati al 99,9%. Lavoriamo per migliorare la genetica ogni anno creando variet\u00e0 sempre pi\u00f9 produttive con sapori deliziosi. Alla Trikoma Seeds ci preoccupiamo di evolvere in modo ecologico e sostenibile, sviluppando variet\u00e0 che si adattano ai processi di coltivazione di professionisti e dilettanti.<\/p>\n<h3><strong> I nostri semi <\/strong><\/h3>\n<p>Tutte le piante che offriamo nel catalogo sono state coltivate da noi in precedenza, osservandone lo sviluppo e la crescita per offrirti un seme di alta qualit\u00e0 in ogni genetica. I dati offerti in termini di tempi e produzioni di ciascuna variet\u00e0 sono verificati in condizioni di crescita ottimali.<br \/>\nAlla Trikoma Seeds non siamo responsabili dell&#8217;abuso di semi. Confidiamo sempre nelle buone intenzioni dei clienti.<\/p>\n<p>Questo prodotto \u00e8 riservato ai minori di 18 anni.<\/p>\n<h3><strong> I nostri prezzi <\/strong><\/h3>\n<p>Alla Trikoma Seeds ti offriamo tutte le nostre variet\u00e0 con un prezzo unico di \u20ac 18 per 5 unit\u00e0. Massima qualit\u00e0 in termini di genetica e sapore a un prezzo minimo. Una volta coltivato uno dei nostri semi, sarai soddisfatto sia della qualit\u00e0 che della quantit\u00e0 della produzione.<br \/>\nVariet\u00e0 classiche e identiche di altre banche a prezzi molto pi\u00f9 bassi con la stessa qualit\u00e0.<\/p>\n<p>Cordiali saluti, il team di Trikoma Seeds.<\/p>\n<\/div>\n<\/div>\n<\/div>\n<\/div><\/div><\/div><\/div><\/div>\n","protected":false},"excerpt":{"rendered":"","protected":false},"author":1,"featured_media":0,"parent":0,"menu_order":0,"comment_status":"closed","ping_status":"closed","template":"","meta":{"footnotes":""},"class_list":["post-1743","page","type-page","status-publish","hentry"],"yoast_head":"<!-- This site is optimized with the Yoast SEO plugin v25.6 - https:\/\/yoast.com\/wordpress\/plugins\/seo\/ -->\n<title>Chi siamo - Trikoma Seeds<\/title>\n<meta name=\"robots\" content=\"noindex, follow\" \/>\n<meta property=\"og:locale\" content=\"it_IT\" \/>\n<meta property=\"og:type\" content=\"article\" \/>\n<meta property=\"og:title\" content=\"Chi siamo - Trikoma Seeds\" \/>\n<meta property=\"og:url\" content=\"https:\/\/www.trikomaseeds.com\/it\/chi-siamo\/\" \/>\n<meta property=\"og:site_name\" content=\"Trikoma Seeds\" \/>\n<meta property=\"article:modified_time\" content=\"2025-01-27T13:34:09+00:00\" \/>\n<meta name=\"twitter:card\" content=\"summary_large_image\" \/>\n<meta name=\"twitter:label1\" content=\"Tempo di lettura stimato\" \/>\n\t<meta name=\"twitter:data1\" content=\"2 minuti\" \/>\n<script type=\"application\/ld+json\" class=\"yoast-schema-graph\">{\"@context\":\"https:\/\/schema.org\",\"@graph\":[{\"@type\":\"WebPage\",\"@id\":\"https:\/\/www.trikomaseeds.com\/it\/chi-siamo\/\",\"url\":\"https:\/\/www.trikomaseeds.com\/it\/chi-siamo\/\",\"name\":\"Chi siamo - Trikoma Seeds\",\"isPartOf\":{\"@id\":\"https:\/\/www.trikomaseeds.com\/it\/#website\"},\"datePublished\":\"2019-09-24T14:03:31+00:00\",\"dateModified\":\"2025-01-27T13:34:09+00:00\",\"breadcrumb\":{\"@id\":\"https:\/\/www.trikomaseeds.com\/it\/chi-siamo\/#breadcrumb\"},\"inLanguage\":\"it-IT\",\"potentialAction\":[{\"@type\":\"ReadAction\",\"target\":[\"https:\/\/www.trikomaseeds.com\/it\/chi-siamo\/\"]}]},{\"@type\":\"BreadcrumbList\",\"@id\":\"https:\/\/www.trikomaseeds.com\/it\/chi-siamo\/#breadcrumb\",\"itemListElement\":[{\"@type\":\"ListItem\",\"position\":1,\"name\":\"Portada\",\"item\":\"https:\/\/www.trikomaseeds.com\/it\/\"},{\"@type\":\"ListItem\",\"position\":2,\"name\":\"Chi siamo\"}]},{\"@type\":\"WebSite\",\"@id\":\"https:\/\/www.trikomaseeds.com\/it\/#website\",\"url\":\"https:\/\/www.trikomaseeds.com\/it\/\",\"name\":\"Trikoma Seeds\",\"description\":\"Semillas de Marihuana Auto, Feminizadas y medicinales\",\"potentialAction\":[{\"@type\":\"SearchAction\",\"target\":{\"@type\":\"EntryPoint\",\"urlTemplate\":\"https:\/\/www.trikomaseeds.com\/it\/?s={search_term_string}\"},\"query-input\":{\"@type\":\"PropertyValueSpecification\",\"valueRequired\":true,\"valueName\":\"search_term_string\"}}],\"inLanguage\":\"it-IT\"}]}<\/script>\n<!-- \/ Yoast SEO plugin. -->","yoast_head_json":{"title":"Chi siamo - Trikoma Seeds","robots":{"index":"noindex","follow":"follow"},"og_locale":"it_IT","og_type":"article","og_title":"Chi siamo - Trikoma Seeds","og_url":"https:\/\/www.trikomaseeds.com\/it\/chi-siamo\/","og_site_name":"Trikoma Seeds","article_modified_time":"2025-01-27T13:34:09+00:00","twitter_card":"summary_large_image","twitter_misc":{"Tempo di lettura stimato":"2 minuti"},"schema":{"@context":"https:\/\/schema.org","@graph":[{"@type":"WebPage","@id":"https:\/\/www.trikomaseeds.com\/it\/chi-siamo\/","url":"https:\/\/www.trikomaseeds.com\/it\/chi-siamo\/","name":"Chi siamo - Trikoma Seeds","isPartOf":{"@id":"https:\/\/www.trikomaseeds.com\/it\/#website"},"datePublished":"2019-09-24T14:03:31+00:00","dateModified":"2025-01-27T13:34:09+00:00","breadcrumb":{"@id":"https:\/\/www.trikomaseeds.com\/it\/chi-siamo\/#breadcrumb"},"inLanguage":"it-IT","potentialAction":[{"@type":"ReadAction","target":["https:\/\/www.trikomaseeds.com\/it\/chi-siamo\/"]}]},{"@type":"BreadcrumbList","@id":"https:\/\/www.trikomaseeds.com\/it\/chi-siamo\/#breadcrumb","itemListElement":[{"@type":"ListItem","position":1,"name":"Portada","item":"https:\/\/www.trikomaseeds.com\/it\/"},{"@type":"ListItem","position":2,"name":"Chi siamo"}]},{"@type":"WebSite","@id":"https:\/\/www.trikomaseeds.com\/it\/#website","url":"https:\/\/www.trikomaseeds.com\/it\/","name":"Trikoma Seeds","description":"Semillas de Marihuana Auto, Feminizadas y medicinales","potentialAction":[{"@type":"SearchAction","target":{"@type":"EntryPoint","urlTemplate":"https:\/\/www.trikomaseeds.com\/it\/?s={search_term_string}"},"query-input":{"@type":"PropertyValueSpecification","valueRequired":true,"valueName":"search_term_string"}}],"inLanguage":"it-IT"}]}},"_links":{"self":[{"href":"https:\/\/www.trikomaseeds.com\/it\/wp-json\/wp\/v2\/pages\/1743","targetHints":{"allow":["GET"]}}],"collection":[{"href":"https:\/\/www.trikomaseeds.com\/it\/wp-json\/wp\/v2\/pages"}],"about":[{"href":"https:\/\/www.trikomaseeds.com\/it\/wp-json\/wp\/v2\/types\/page"}],"author":[{"embeddable":true,"href":"https:\/\/www.trikomaseeds.com\/it\/wp-json\/wp\/v2\/users\/1"}],"replies":[{"embeddable":true,"href":"https:\/\/www.trikomaseeds.com\/it\/wp-json\/wp\/v2\/comments?post=1743"}],"version-history":[{"count":1,"href":"https:\/\/www.trikomaseeds.com\/it\/wp-json\/wp\/v2\/pages\/1743\/revisions"}],"predecessor-version":[{"id":12197,"href":"https:\/\/www.trikomaseeds.com\/it\/wp-json\/wp\/v2\/pages\/1743\/revisions\/12197"}],"wp:attachment":[{"href":"https:\/\/www.trikomaseeds.com\/it\/wp-json\/wp\/v2\/media?parent=1743"}],"curies":[{"name":"wp","href":"https:\/\/api.w.org\/{rel}","templated":true}]}}