{"id":1657,"date":"2019-09-24T15:51:20","date_gmt":"2019-09-24T13:51:20","guid":{"rendered":"http:\/\/www.trikomaseeds.com\/condiciones-generales\/"},"modified":"2025-02-18T11:22:58","modified_gmt":"2025-02-18T10:22:58","slug":"termini-condizioni","status":"publish","type":"page","link":"https:\/\/www.trikomaseeds.com\/it\/termini-condizioni\/","title":{"rendered":"Termini &#038; Condizioni"},"content":{"rendered":"<div class=\"fusion-fullwidth fullwidth-box fusion-builder-row-1 fusion-flex-container nonhundred-percent-fullwidth non-hundred-percent-height-scrolling\" style=\"--awb-border-radius-top-left:0px;--awb-border-radius-top-right:0px;--awb-border-radius-bottom-right:0px;--awb-border-radius-bottom-left:0px;--awb-flex-wrap:wrap;\" ><div class=\"fusion-builder-row fusion-row fusion-flex-align-items-flex-start fusion-flex-content-wrap\" style=\"max-width:1352px;margin-left: calc(-4% \/ 2 );margin-right: calc(-4% \/ 2 );\"><div class=\"fusion-layout-column fusion_builder_column fusion-builder-column-0 fusion_builder_column_1_1 1_1 fusion-flex-column\" style=\"--awb-bg-size:cover;--awb-width-large:100%;--awb-margin-top-large:0px;--awb-spacing-right-large:1.92%;--awb-margin-bottom-large:20px;--awb-spacing-left-large:1.92%;--awb-width-medium:100%;--awb-spacing-right-medium:1.92%;--awb-spacing-left-medium:1.92%;--awb-width-small:100%;--awb-spacing-right-small:1.92%;--awb-spacing-left-small:1.92%;\"><div class=\"fusion-column-wrapper fusion-column-has-shadow fusion-flex-justify-content-flex-start fusion-content-layout-column\"><div class=\"fusion-text fusion-text-1\"><ol>\n<li><strong>Propriet\u00e0 intelletuale dei contenuti<br \/>\n<\/strong><\/p>\n<ul style=\"margin: 1rem 0rem; padding: 0rem 1rem;\">\n<li><strong>Azienda:<\/strong> Travel Nostrum SL<\/li>\n<li><strong>Indirizzo:<\/strong> C\/Roca Umbert, 15 bajos 08907-L\u2019Hospitalet de Llobregat Barcellona Catalogna<\/li>\n<\/ul>\n<p>I contenuti visualizzati sono propriet\u00e0 di TRIKOMA SEEDS, non permettendo il libero uso, alterazione, sfruttamento, riproduzione, distribuzione o comunicazione pubblica, del materiale grafico e informativo, come loghi e informazioni estratte dai dati di base a terzi.A meno che non intercorra una autorizzazione precedente l\u2019utente non deve ottenere o scaricare qualsiasi contenuto che esiste su questo sito e sono consentiti soltanto la visualizzazione e la possibilit\u00e0 di fare copie per uso personale.<\/li>\n<li><strong>Esclusione di responsabilit\u00e0 per le informazioni contenute nella banca dei dati<\/strong><br \/>\nLa documentazione contenuta nella banca dei dati \u00e8 sempre soggetta alle caratteristiche dei prodotti, puo\u2019 variare nel suo contenuto o espressione grafica.Trikoma Seeds non \u00e8 responsabile dei cambi o variazioni che possano compromettere le descrizioni\/propriet\u00e0 dei prodotti.<\/li>\n<li><strong>Legge e giurisdizione<br \/>\n<\/strong>Le presenti condizioni generali devono essere interpretate secondo la normativa vigente in Spagna in materia,che si applicher\u00e0 in subordine in tutto ci\u00f2 che non \u00e8 stata prevista in esso. ( Legge 34\/2002 dell&#8217;11 luglio sui servizi di informazione e commercio elettronico).Contenuto per maggiori di 18 anni, l\u2019ngresso alla pagina Trikoma Seeds \u00e8 riservata agli adulti. In Spagna e gran parte della maggior parte dell&#8217;UE \u00e8 fissata a 18 anni, controlla le leggi locali a riguardo e rispettale.Trikoma Seeds non \u00e8 responsabile dell\u2019uso improprio o contro la legge di ciascun paese per quanto riguarda i prodotti commercializzati. Il nostro negozio online \u00e8 conforme alla legge spagnola.Avviso legale generale: Consultare le leggi del proprio paese per quanto riguarda semi, attrezzatura o prodotti inerenti alla coltivazione di Cannabis.Importazione, possesso e traffico di semi di canapa sono esenti dal regolamento della Convenzione unica sugli Stupefacenti, tenutasi a Vienna nel 1961, che esclude espressamente i semi della pianta della cannabis dall&#8217;elenco delle sostanze stupefacenti sotto controllo internazionale.Regolamenti e leggi in materia di semi di canapa differiscono notevolmente da paese a paese. Per questo motivo, si prega di essere informati circa le norme a cui sono soggetti. In molti paesi, come Spagna, Italia, Olanda, Inghilterra, Irlanda, Austria, Polonia, Canada, Giappone o Svizzera, il commercio di semi di canapa non richiede un permesso.<\/p>\n<p>Come clienti di Trikoma Seeds vi chiediamo di accettare le seguenti condizioni:<br \/>\nTrikoma Seeds commercializza i semi di canapa, cos\u00ec come altri articoli di commercio assolutamente legali in Spagna, ma sempre a condizione che i clienti non li utilizzino per altri fini non consentiti dalla legge. Trikoma Seeds non desidera indurre nessuno ad agire contro la legge. Facciamo notare espressamente che chi acquista semi in trikomaseeds.com \u00e8 responsabile per le proprie azioni future. Non accettiamo alcuna responsabilit\u00e0 con riferimento a questo punto.<\/li>\n<\/ol>\n<p>Trikoma Seeds non ha mai autorizzato ne autorizzer\u00e0 a terzi la distribuzione di semi in Asia o nei paesi dove il commercio di semi canapa\/cannabis \u00e8 illegale, quindi respingiamo qualsiasi responsabilit\u00e0 al riguardo.<\/p>\n<p>Per qualsiasi questione legale, si prega di notare che le nostre operazioni sono sotto la giurisdizione del Tribunale di Barcellona e sono regolate secondo la legge spagnola, nel quadro del diritto dell&#8217;Unione Europea.<\/p>\n<p><strong>Disclaimer souvenir:<\/strong> tutti i semi di cannabis venduti da Trikoma Seeds sono solo per collezionismo o souvenir. \u00c8 illegale e proibito far germinare semi di cannabis nella maggior parte dei paesi.<\/p>\n<\/div><\/div><\/div><\/div><\/div>\n","protected":false},"excerpt":{"rendered":"","protected":false},"author":1,"featured_media":0,"parent":0,"menu_order":0,"comment_status":"closed","ping_status":"closed","template":"","meta":{"footnotes":""},"class_list":["post-1657","page","type-page","status-publish","hentry"],"yoast_head":"<!-- This site is optimized with the Yoast SEO plugin v25.6 - https:\/\/yoast.com\/wordpress\/plugins\/seo\/ -->\n<title>Termini &amp; Condizioni - Trikoma Seeds<\/title>\n<meta name=\"description\" content=\"Conditions g\u00e9n\u00e9rales de Trikoma Seeds\" \/>\n<meta name=\"robots\" content=\"noindex, follow\" \/>\n<meta property=\"og:locale\" content=\"it_IT\" \/>\n<meta property=\"og:type\" content=\"article\" \/>\n<meta property=\"og:title\" content=\"Termini &amp; Condizioni - Trikoma Seeds\" \/>\n<meta property=\"og:description\" content=\"Conditions g\u00e9n\u00e9rales de Trikoma Seeds\" \/>\n<meta property=\"og:url\" content=\"https:\/\/www.trikomaseeds.com\/it\/termini-condizioni\/\" \/>\n<meta property=\"og:site_name\" content=\"Trikoma Seeds\" \/>\n<meta property=\"article:modified_time\" content=\"2025-02-18T10:22:58+00:00\" \/>\n<meta name=\"twitter:card\" content=\"summary_large_image\" \/>\n<meta name=\"twitter:label1\" content=\"Tempo di lettura stimato\" \/>\n\t<meta name=\"twitter:data1\" content=\"3 minuti\" \/>\n<script type=\"application\/ld+json\" class=\"yoast-schema-graph\">{\"@context\":\"https:\/\/schema.org\",\"@graph\":[{\"@type\":\"WebPage\",\"@id\":\"https:\/\/www.trikomaseeds.com\/it\/termini-condizioni\/\",\"url\":\"https:\/\/www.trikomaseeds.com\/it\/termini-condizioni\/\",\"name\":\"Termini & Condizioni - Trikoma Seeds\",\"isPartOf\":{\"@id\":\"https:\/\/www.trikomaseeds.com\/it\/#website\"},\"datePublished\":\"2019-09-24T13:51:20+00:00\",\"dateModified\":\"2025-02-18T10:22:58+00:00\",\"description\":\"Conditions g\u00e9n\u00e9rales de Trikoma Seeds\",\"breadcrumb\":{\"@id\":\"https:\/\/www.trikomaseeds.com\/it\/termini-condizioni\/#breadcrumb\"},\"inLanguage\":\"it-IT\",\"potentialAction\":[{\"@type\":\"ReadAction\",\"target\":[\"https:\/\/www.trikomaseeds.com\/it\/termini-condizioni\/\"]}]},{\"@type\":\"BreadcrumbList\",\"@id\":\"https:\/\/www.trikomaseeds.com\/it\/termini-condizioni\/#breadcrumb\",\"itemListElement\":[{\"@type\":\"ListItem\",\"position\":1,\"name\":\"Portada\",\"item\":\"https:\/\/www.trikomaseeds.com\/it\/\"},{\"@type\":\"ListItem\",\"position\":2,\"name\":\"Termini &#038; Condizioni\"}]},{\"@type\":\"WebSite\",\"@id\":\"https:\/\/www.trikomaseeds.com\/it\/#website\",\"url\":\"https:\/\/www.trikomaseeds.com\/it\/\",\"name\":\"Trikoma Seeds\",\"description\":\"Semillas de Marihuana Auto, Feminizadas y medicinales\",\"potentialAction\":[{\"@type\":\"SearchAction\",\"target\":{\"@type\":\"EntryPoint\",\"urlTemplate\":\"https:\/\/www.trikomaseeds.com\/it\/?s={search_term_string}\"},\"query-input\":{\"@type\":\"PropertyValueSpecification\",\"valueRequired\":true,\"valueName\":\"search_term_string\"}}],\"inLanguage\":\"it-IT\"}]}<\/script>\n<!-- \/ Yoast SEO plugin. -->","yoast_head_json":{"title":"Termini & Condizioni - Trikoma Seeds","description":"Conditions g\u00e9n\u00e9rales de Trikoma Seeds","robots":{"index":"noindex","follow":"follow"},"og_locale":"it_IT","og_type":"article","og_title":"Termini & Condizioni - Trikoma Seeds","og_description":"Conditions g\u00e9n\u00e9rales de Trikoma Seeds","og_url":"https:\/\/www.trikomaseeds.com\/it\/termini-condizioni\/","og_site_name":"Trikoma Seeds","article_modified_time":"2025-02-18T10:22:58+00:00","twitter_card":"summary_large_image","twitter_misc":{"Tempo di lettura stimato":"3 minuti"},"schema":{"@context":"https:\/\/schema.org","@graph":[{"@type":"WebPage","@id":"https:\/\/www.trikomaseeds.com\/it\/termini-condizioni\/","url":"https:\/\/www.trikomaseeds.com\/it\/termini-condizioni\/","name":"Termini & Condizioni - Trikoma Seeds","isPartOf":{"@id":"https:\/\/www.trikomaseeds.com\/it\/#website"},"datePublished":"2019-09-24T13:51:20+00:00","dateModified":"2025-02-18T10:22:58+00:00","description":"Conditions g\u00e9n\u00e9rales de Trikoma Seeds","breadcrumb":{"@id":"https:\/\/www.trikomaseeds.com\/it\/termini-condizioni\/#breadcrumb"},"inLanguage":"it-IT","potentialAction":[{"@type":"ReadAction","target":["https:\/\/www.trikomaseeds.com\/it\/termini-condizioni\/"]}]},{"@type":"BreadcrumbList","@id":"https:\/\/www.trikomaseeds.com\/it\/termini-condizioni\/#breadcrumb","itemListElement":[{"@type":"ListItem","position":1,"name":"Portada","item":"https:\/\/www.trikomaseeds.com\/it\/"},{"@type":"ListItem","position":2,"name":"Termini &#038; Condizioni"}]},{"@type":"WebSite","@id":"https:\/\/www.trikomaseeds.com\/it\/#website","url":"https:\/\/www.trikomaseeds.com\/it\/","name":"Trikoma Seeds","description":"Semillas de Marihuana Auto, Feminizadas y medicinales","potentialAction":[{"@type":"SearchAction","target":{"@type":"EntryPoint","urlTemplate":"https:\/\/www.trikomaseeds.com\/it\/?s={search_term_string}"},"query-input":{"@type":"PropertyValueSpecification","valueRequired":true,"valueName":"search_term_string"}}],"inLanguage":"it-IT"}]}},"_links":{"self":[{"href":"https:\/\/www.trikomaseeds.com\/it\/wp-json\/wp\/v2\/pages\/1657","targetHints":{"allow":["GET"]}}],"collection":[{"href":"https:\/\/www.trikomaseeds.com\/it\/wp-json\/wp\/v2\/pages"}],"about":[{"href":"https:\/\/www.trikomaseeds.com\/it\/wp-json\/wp\/v2\/types\/page"}],"author":[{"embeddable":true,"href":"https:\/\/www.trikomaseeds.com\/it\/wp-json\/wp\/v2\/users\/1"}],"replies":[{"embeddable":true,"href":"https:\/\/www.trikomaseeds.com\/it\/wp-json\/wp\/v2\/comments?post=1657"}],"version-history":[{"count":3,"href":"https:\/\/www.trikomaseeds.com\/it\/wp-json\/wp\/v2\/pages\/1657\/revisions"}],"predecessor-version":[{"id":12222,"href":"https:\/\/www.trikomaseeds.com\/it\/wp-json\/wp\/v2\/pages\/1657\/revisions\/12222"}],"wp:attachment":[{"href":"https:\/\/www.trikomaseeds.com\/it\/wp-json\/wp\/v2\/media?parent=1657"}],"curies":[{"name":"wp","href":"https:\/\/api.w.org\/{rel}","templated":true}]}}