{"id":940,"date":"2019-10-08T11:32:12","date_gmt":"2019-10-08T09:32:12","guid":{"rendered":"http:\/\/www.trikomaseeds.com\/semillas\/american-cookies\/"},"modified":"2019-10-30T19:18:58","modified_gmt":"2019-10-30T18:18:58","slug":"american-cookies","status":"publish","type":"product","link":"https:\/\/www.trikomaseeds.com\/fr\/graines\/american-cookies\/","title":{"rendered":"American Cookies"},"content":{"rendered":"<h3 class=\"dotted_title uppercase\">CARACT\u00c9RISTIQUES<\/h3>\n<ul class=\"check\">\n<li>G\u00e9n\u00e9tique: Girl Scout Cookies X OG Kush<\/li>\n<li>G\u00e9notype: Sativa 20% -\/\/- Indica 80%<\/li>\n<li>Production int\u00e9rieure: 300-400 gr.\/m<sup>2<\/sup>\u00a0(Avec 600W de lumi\u00e8re)<\/li>\n<li>Production ext\u00e9rieure: 0.5 &#8211; 1 Kg.\/plante<\/li>\n<li>Floraison int\u00e9rieure: 60 jours<\/li>\n<li>Floraison ext\u00e9rieure: Septembre<\/li>\n<li>Floraison Am\u00e9rique latine: Mars<\/li>\n<\/ul>\n","protected":false},"excerpt":{"rendered":"<p style=\"font-weight: 500;\">Elle se distinguepar son go\u00fbt sucr\u00e9 et fruit\u00e9, sa facilit\u00e9 de culture et son effet puissant. Vari\u00e9t\u00e9id\u00e9ale pour un usage r\u00e9cr\u00e9atif gr\u00e2ce \u00e0 son taux \u00e9lev\u00e9 de THC qui produit uneeuphorie c\u00e9r\u00e9brale tr\u00e8s durable, ainsi que pour un usage th\u00e9rapeutique gr\u00e2ce \u00e0ses propri\u00e9t\u00e9s de lutte contre le stress, l&rsquo;insomnie et les maux de t\u00eate. Lesbourgeons sont denses mais r\u00e9sistants aux champignons.<\/p>\n<p><b><strong>THC:\u00a024%<\/strong><\/b><\/p>\n","protected":false},"featured_media":754,"comment_status":"open","ping_status":"closed","template":"","meta":[],"product_cat":[147],"product_tag":[360],"class_list":{"0":"post-940","1":"product","2":"type-product","3":"status-publish","4":"has-post-thumbnail","6":"product_cat-usa-strains","7":"product_tag-usa-strains-fr","9":"first","10":"instock","11":"shipping-taxable","12":"purchasable","13":"product-type-variable","14":"has-default-attributes"},"yoast_head":"<!-- This site is optimized with the Yoast SEO plugin v25.6 - https:\/\/yoast.com\/wordpress\/plugins\/seo\/ -->\n<title>American Cookies: semillas de marihuana de Trikoma Seeds %<\/title>\n<meta name=\"description\" content=\"American Cookies: semillas de marihuana de Trikoma Seeds. Cultiva plantas de cannabis feminizadas, autoflorecientes o CBD al mejor precio. Env\u00edos discretos y seguros a tu pa\u00eds %\" \/>\n<meta name=\"robots\" content=\"index, follow, max-snippet:-1, max-image-preview:large, max-video-preview:-1\" \/>\n<link rel=\"canonical\" href=\"https:\/\/www.trikomaseeds.com\/fr\/graines\/american-cookies\/\" \/>\n<meta property=\"og:locale\" content=\"fr_FR\" \/>\n<meta property=\"og:type\" content=\"article\" \/>\n<meta property=\"og:title\" content=\"American Cookies: semillas de marihuana de Trikoma Seeds %\" \/>\n<meta property=\"og:description\" content=\"American Cookies: semillas de marihuana de Trikoma Seeds. Cultiva plantas de cannabis feminizadas, autoflorecientes o CBD al mejor precio. Env\u00edos discretos y seguros a tu pa\u00eds %\" \/>\n<meta property=\"og:url\" content=\"https:\/\/www.trikomaseeds.com\/fr\/graines\/american-cookies\/\" \/>\n<meta property=\"og:site_name\" content=\"Trikoma Seeds\" \/>\n<meta property=\"article:modified_time\" content=\"2019-10-30T18:18:58+00:00\" \/>\n<meta property=\"og:image\" content=\"https:\/\/www.trikomaseeds.com\/wp-content\/uploads\/2019\/10\/american-cookies-1-600x600.jpg\" \/>\n\t<meta property=\"og:image:width\" content=\"600\" \/>\n\t<meta property=\"og:image:height\" content=\"600\" \/>\n\t<meta property=\"og:image:type\" content=\"image\/jpeg\" \/>\n<meta name=\"twitter:card\" content=\"summary_large_image\" \/>\n<script type=\"application\/ld+json\" class=\"yoast-schema-graph\">{\"@context\":\"https:\/\/schema.org\",\"@graph\":[{\"@type\":\"WebPage\",\"@id\":\"https:\/\/www.trikomaseeds.com\/fr\/graines\/american-cookies\/\",\"url\":\"https:\/\/www.trikomaseeds.com\/fr\/graines\/american-cookies\/\",\"name\":\"American Cookies: semillas de marihuana de Trikoma Seeds %\",\"isPartOf\":{\"@id\":\"https:\/\/www.trikomaseeds.com\/fr\/#website\"},\"primaryImageOfPage\":{\"@id\":\"https:\/\/www.trikomaseeds.com\/fr\/graines\/american-cookies\/#primaryimage\"},\"image\":{\"@id\":\"https:\/\/www.trikomaseeds.com\/fr\/graines\/american-cookies\/#primaryimage\"},\"thumbnailUrl\":\"https:\/\/www.trikomaseeds.com\/wp-content\/uploads\/2019\/10\/american-cookies-1-600x600.jpg\",\"datePublished\":\"2019-10-08T09:32:12+00:00\",\"dateModified\":\"2019-10-30T18:18:58+00:00\",\"description\":\"American Cookies: semillas de marihuana de Trikoma Seeds. Cultiva plantas de cannabis feminizadas, autoflorecientes o CBD al mejor precio. Env\u00edos discretos y seguros a tu pa\u00eds %\",\"breadcrumb\":{\"@id\":\"https:\/\/www.trikomaseeds.com\/fr\/graines\/american-cookies\/#breadcrumb\"},\"inLanguage\":\"fr-FR\",\"potentialAction\":[{\"@type\":\"ReadAction\",\"target\":[\"https:\/\/www.trikomaseeds.com\/fr\/graines\/american-cookies\/\"]}]},{\"@type\":\"ImageObject\",\"inLanguage\":\"fr-FR\",\"@id\":\"https:\/\/www.trikomaseeds.com\/fr\/graines\/american-cookies\/#primaryimage\",\"url\":\"https:\/\/www.trikomaseeds.com\/wp-content\/uploads\/2019\/10\/american-cookies-1-600x600.jpg\",\"contentUrl\":\"https:\/\/www.trikomaseeds.com\/wp-content\/uploads\/2019\/10\/american-cookies-1-600x600.jpg\",\"width\":600,\"height\":600},{\"@type\":\"BreadcrumbList\",\"@id\":\"https:\/\/www.trikomaseeds.com\/fr\/graines\/american-cookies\/#breadcrumb\",\"itemListElement\":[{\"@type\":\"ListItem\",\"position\":1,\"name\":\"Portada\",\"item\":\"https:\/\/www.trikomaseeds.com\/fr\/\"},{\"@type\":\"ListItem\",\"position\":2,\"name\":\"Shop\",\"item\":\"https:\/\/www.trikomaseeds.com\/fr\/shop\/\"},{\"@type\":\"ListItem\",\"position\":3,\"name\":\"American Cookies\"}]},{\"@type\":\"WebSite\",\"@id\":\"https:\/\/www.trikomaseeds.com\/fr\/#website\",\"url\":\"https:\/\/www.trikomaseeds.com\/fr\/\",\"name\":\"Trikoma Seeds\",\"description\":\"Semillas de Marihuana Auto, Feminizadas y medicinales\",\"potentialAction\":[{\"@type\":\"SearchAction\",\"target\":{\"@type\":\"EntryPoint\",\"urlTemplate\":\"https:\/\/www.trikomaseeds.com\/fr\/?s={search_term_string}\"},\"query-input\":{\"@type\":\"PropertyValueSpecification\",\"valueRequired\":true,\"valueName\":\"search_term_string\"}}],\"inLanguage\":\"fr-FR\"}]}<\/script>\n<!-- \/ Yoast SEO plugin. -->","yoast_head_json":{"title":"American Cookies: semillas de marihuana de Trikoma Seeds %","description":"American Cookies: semillas de marihuana de Trikoma Seeds. Cultiva plantas de cannabis feminizadas, autoflorecientes o CBD al mejor precio. Env\u00edos discretos y seguros a tu pa\u00eds %","robots":{"index":"index","follow":"follow","max-snippet":"max-snippet:-1","max-image-preview":"max-image-preview:large","max-video-preview":"max-video-preview:-1"},"canonical":"https:\/\/www.trikomaseeds.com\/fr\/graines\/american-cookies\/","og_locale":"fr_FR","og_type":"article","og_title":"American Cookies: semillas de marihuana de Trikoma Seeds %","og_description":"American Cookies: semillas de marihuana de Trikoma Seeds. Cultiva plantas de cannabis feminizadas, autoflorecientes o CBD al mejor precio. Env\u00edos discretos y seguros a tu pa\u00eds %","og_url":"https:\/\/www.trikomaseeds.com\/fr\/graines\/american-cookies\/","og_site_name":"Trikoma Seeds","article_modified_time":"2019-10-30T18:18:58+00:00","og_image":[{"width":600,"height":600,"url":"https:\/\/www.trikomaseeds.com\/wp-content\/uploads\/2019\/10\/american-cookies-1-600x600.jpg","type":"image\/jpeg"}],"twitter_card":"summary_large_image","schema":{"@context":"https:\/\/schema.org","@graph":[{"@type":"WebPage","@id":"https:\/\/www.trikomaseeds.com\/fr\/graines\/american-cookies\/","url":"https:\/\/www.trikomaseeds.com\/fr\/graines\/american-cookies\/","name":"American Cookies: semillas de marihuana de Trikoma Seeds %","isPartOf":{"@id":"https:\/\/www.trikomaseeds.com\/fr\/#website"},"primaryImageOfPage":{"@id":"https:\/\/www.trikomaseeds.com\/fr\/graines\/american-cookies\/#primaryimage"},"image":{"@id":"https:\/\/www.trikomaseeds.com\/fr\/graines\/american-cookies\/#primaryimage"},"thumbnailUrl":"https:\/\/www.trikomaseeds.com\/wp-content\/uploads\/2019\/10\/american-cookies-1-600x600.jpg","datePublished":"2019-10-08T09:32:12+00:00","dateModified":"2019-10-30T18:18:58+00:00","description":"American Cookies: semillas de marihuana de Trikoma Seeds. Cultiva plantas de cannabis feminizadas, autoflorecientes o CBD al mejor precio. Env\u00edos discretos y seguros a tu pa\u00eds %","breadcrumb":{"@id":"https:\/\/www.trikomaseeds.com\/fr\/graines\/american-cookies\/#breadcrumb"},"inLanguage":"fr-FR","potentialAction":[{"@type":"ReadAction","target":["https:\/\/www.trikomaseeds.com\/fr\/graines\/american-cookies\/"]}]},{"@type":"ImageObject","inLanguage":"fr-FR","@id":"https:\/\/www.trikomaseeds.com\/fr\/graines\/american-cookies\/#primaryimage","url":"https:\/\/www.trikomaseeds.com\/wp-content\/uploads\/2019\/10\/american-cookies-1-600x600.jpg","contentUrl":"https:\/\/www.trikomaseeds.com\/wp-content\/uploads\/2019\/10\/american-cookies-1-600x600.jpg","width":600,"height":600},{"@type":"BreadcrumbList","@id":"https:\/\/www.trikomaseeds.com\/fr\/graines\/american-cookies\/#breadcrumb","itemListElement":[{"@type":"ListItem","position":1,"name":"Portada","item":"https:\/\/www.trikomaseeds.com\/fr\/"},{"@type":"ListItem","position":2,"name":"Shop","item":"https:\/\/www.trikomaseeds.com\/fr\/shop\/"},{"@type":"ListItem","position":3,"name":"American Cookies"}]},{"@type":"WebSite","@id":"https:\/\/www.trikomaseeds.com\/fr\/#website","url":"https:\/\/www.trikomaseeds.com\/fr\/","name":"Trikoma Seeds","description":"Semillas de Marihuana Auto, Feminizadas y medicinales","potentialAction":[{"@type":"SearchAction","target":{"@type":"EntryPoint","urlTemplate":"https:\/\/www.trikomaseeds.com\/fr\/?s={search_term_string}"},"query-input":{"@type":"PropertyValueSpecification","valueRequired":true,"valueName":"search_term_string"}}],"inLanguage":"fr-FR"}]}},"_links":{"self":[{"href":"https:\/\/www.trikomaseeds.com\/fr\/wp-json\/wp\/v2\/product\/940","targetHints":{"allow":["GET"]}}],"collection":[{"href":"https:\/\/www.trikomaseeds.com\/fr\/wp-json\/wp\/v2\/product"}],"about":[{"href":"https:\/\/www.trikomaseeds.com\/fr\/wp-json\/wp\/v2\/types\/product"}],"replies":[{"embeddable":true,"href":"https:\/\/www.trikomaseeds.com\/fr\/wp-json\/wp\/v2\/comments?post=940"}],"wp:featuredmedia":[{"embeddable":true,"href":"https:\/\/www.trikomaseeds.com\/fr\/wp-json\/wp\/v2\/media\/754"}],"wp:attachment":[{"href":"https:\/\/www.trikomaseeds.com\/fr\/wp-json\/wp\/v2\/media?parent=940"}],"wp:term":[{"taxonomy":"product_cat","embeddable":true,"href":"https:\/\/www.trikomaseeds.com\/fr\/wp-json\/wp\/v2\/product_cat?post=940"},{"taxonomy":"product_tag","embeddable":true,"href":"https:\/\/www.trikomaseeds.com\/fr\/wp-json\/wp\/v2\/product_tag?post=940"}],"curies":[{"name":"wp","href":"https:\/\/api.w.org\/{rel}","templated":true}]}}