{"id":875,"date":"2019-09-24T14:13:23","date_gmt":"2019-10-28T05:28:40","guid":{"rendered":"http:\/\/www.trikomaseeds.com\/semillas\/ak-74-annonces\/"},"modified":"2019-12-04T09:08:45","modified_gmt":"2019-12-04T08:08:45","slug":"ak-74-fr","status":"publish","type":"product","link":"https:\/\/www.trikomaseeds.com\/fr\/graines\/ak-74-fr\/","title":{"rendered":"Ak 74"},"content":{"rendered":"<h3 class=\"dotted_title uppercase\">CARACT\u00c9RISTIQUES<\/h3>\n<ul class=\"check\">\n<li>G\u00e9n\u00e9tique: AK-47 x White Widow<\/li>\n<li>G\u00e9notype: Sativa 60% -\/\/- Indica 40%<\/li>\n<li>Production int\u00e9rieure: 550 gr.\/m<sup>2<\/sup>\u00a0(Avec 600W de lumi\u00e8re)<\/li>\n<li>Production ext\u00e9rieure: 0.5 &#8211; 2 Kg.\/plante<\/li>\n<li>Floraison int\u00e9rieure: 60 &#8211; 65 jours<\/li>\n<li>Floraison ext\u00e9rieure: 4\/4 Septembre<\/li>\n<li>Floraison Am\u00e9rique latine: 4\/4 Mars<\/li>\n<\/ul>\n","protected":false},"excerpt":{"rendered":"<p align=\"justify\">Nace del cruce de dos de las variedades m\u00e1s famosas que hay en el sector del cannabis: AK-47 y White Widow. La AK-74 es una variedad de productividad muy elevada. Es una planta muy equilibrada, de estructura compacta y ramificada con tallos robustos y una gran cantidad de cogollos resinosos y pesados. Tiene un efecto muy fuerte y un sabor fresco y afrutado.<\/p>\n<p><strong>THC:\u00a0<span class=\"destacado\">21%<\/span><\/strong><\/p>\n","protected":false},"featured_media":579,"comment_status":"open","ping_status":"closed","template":"","meta":[],"product_cat":[94],"product_tag":[358],"class_list":{"0":"post-875","1":"product","2":"type-product","3":"status-publish","4":"has-post-thumbnail","6":"product_cat-feminisee","7":"product_tag-feminisee-fr","9":"first","10":"instock","11":"shipping-taxable","12":"purchasable","13":"product-type-variable","14":"has-default-attributes"},"yoast_head":"<!-- This site is optimized with the Yoast SEO plugin v25.6 - https:\/\/yoast.com\/wordpress\/plugins\/seo\/ -->\n<title>Ak 74: graines de marijuana de Trikoma Seeds<\/title>\n<meta name=\"description\" content=\"AK 74: graines de marijuana de Trikoma Seeds. Cultivez vos graines de cannabis f\u00e9minis\u00e9es, autofleurissantes ou CBD au meilleur prix. Livraison discr\u00e8te et s\u00e9curis\u00e9e \u00e0 votre pays.\" \/>\n<meta name=\"robots\" content=\"index, follow, max-snippet:-1, max-image-preview:large, max-video-preview:-1\" \/>\n<link rel=\"canonical\" href=\"https:\/\/www.trikomaseeds.com\/fr\/graines\/ak-74-fr\/\" \/>\n<meta property=\"og:locale\" content=\"fr_FR\" \/>\n<meta property=\"og:type\" content=\"article\" \/>\n<meta property=\"og:title\" content=\"Ak 74: graines de marijuana de Trikoma Seeds\" \/>\n<meta property=\"og:description\" content=\"AK 74: graines de marijuana de Trikoma Seeds. Cultivez vos graines de cannabis f\u00e9minis\u00e9es, autofleurissantes ou CBD au meilleur prix. Livraison discr\u00e8te et s\u00e9curis\u00e9e \u00e0 votre pays.\" \/>\n<meta property=\"og:url\" content=\"https:\/\/www.trikomaseeds.com\/fr\/graines\/ak-74-fr\/\" \/>\n<meta property=\"og:site_name\" content=\"Trikoma Seeds\" \/>\n<meta property=\"article:modified_time\" content=\"2019-12-04T08:08:45+00:00\" \/>\n<meta property=\"og:image\" content=\"https:\/\/www.trikomaseeds.com\/wp-content\/uploads\/2019\/09\/ak47_Trikoma_seeds_72-800x800.jpg\" \/>\n\t<meta property=\"og:image:width\" content=\"800\" \/>\n\t<meta property=\"og:image:height\" content=\"800\" \/>\n\t<meta property=\"og:image:type\" content=\"image\/jpeg\" \/>\n<meta name=\"twitter:card\" content=\"summary_large_image\" \/>\n<script type=\"application\/ld+json\" class=\"yoast-schema-graph\">{\"@context\":\"https:\/\/schema.org\",\"@graph\":[{\"@type\":\"WebPage\",\"@id\":\"https:\/\/www.trikomaseeds.com\/fr\/graines\/ak-74-fr\/\",\"url\":\"https:\/\/www.trikomaseeds.com\/fr\/graines\/ak-74-fr\/\",\"name\":\"Ak 74: graines de marijuana de Trikoma Seeds\",\"isPartOf\":{\"@id\":\"https:\/\/www.trikomaseeds.com\/fr\/#website\"},\"primaryImageOfPage\":{\"@id\":\"https:\/\/www.trikomaseeds.com\/fr\/graines\/ak-74-fr\/#primaryimage\"},\"image\":{\"@id\":\"https:\/\/www.trikomaseeds.com\/fr\/graines\/ak-74-fr\/#primaryimage\"},\"thumbnailUrl\":\"https:\/\/www.trikomaseeds.com\/wp-content\/uploads\/2019\/09\/ak47_Trikoma_seeds_72-800x800.jpg\",\"datePublished\":\"2019-10-28T05:28:40+00:00\",\"dateModified\":\"2019-12-04T08:08:45+00:00\",\"description\":\"AK 74: graines de marijuana de Trikoma Seeds. Cultivez vos graines de cannabis f\u00e9minis\u00e9es, autofleurissantes ou CBD au meilleur prix. Livraison discr\u00e8te et s\u00e9curis\u00e9e \u00e0 votre pays.\",\"breadcrumb\":{\"@id\":\"https:\/\/www.trikomaseeds.com\/fr\/graines\/ak-74-fr\/#breadcrumb\"},\"inLanguage\":\"fr-FR\",\"potentialAction\":[{\"@type\":\"ReadAction\",\"target\":[\"https:\/\/www.trikomaseeds.com\/fr\/graines\/ak-74-fr\/\"]}]},{\"@type\":\"ImageObject\",\"inLanguage\":\"fr-FR\",\"@id\":\"https:\/\/www.trikomaseeds.com\/fr\/graines\/ak-74-fr\/#primaryimage\",\"url\":\"https:\/\/www.trikomaseeds.com\/wp-content\/uploads\/2019\/09\/ak47_Trikoma_seeds_72-800x800.jpg\",\"contentUrl\":\"https:\/\/www.trikomaseeds.com\/wp-content\/uploads\/2019\/09\/ak47_Trikoma_seeds_72-800x800.jpg\",\"width\":800,\"height\":800,\"caption\":\"Ak 74 Annonces\"},{\"@type\":\"BreadcrumbList\",\"@id\":\"https:\/\/www.trikomaseeds.com\/fr\/graines\/ak-74-fr\/#breadcrumb\",\"itemListElement\":[{\"@type\":\"ListItem\",\"position\":1,\"name\":\"Portada\",\"item\":\"https:\/\/www.trikomaseeds.com\/fr\/\"},{\"@type\":\"ListItem\",\"position\":2,\"name\":\"Shop\",\"item\":\"https:\/\/www.trikomaseeds.com\/fr\/shop\/\"},{\"@type\":\"ListItem\",\"position\":3,\"name\":\"Ak 74\"}]},{\"@type\":\"WebSite\",\"@id\":\"https:\/\/www.trikomaseeds.com\/fr\/#website\",\"url\":\"https:\/\/www.trikomaseeds.com\/fr\/\",\"name\":\"Trikoma Seeds\",\"description\":\"Semillas de Marihuana Auto, Feminizadas y medicinales\",\"potentialAction\":[{\"@type\":\"SearchAction\",\"target\":{\"@type\":\"EntryPoint\",\"urlTemplate\":\"https:\/\/www.trikomaseeds.com\/fr\/?s={search_term_string}\"},\"query-input\":{\"@type\":\"PropertyValueSpecification\",\"valueRequired\":true,\"valueName\":\"search_term_string\"}}],\"inLanguage\":\"fr-FR\"}]}<\/script>\n<!-- \/ Yoast SEO plugin. -->","yoast_head_json":{"title":"Ak 74: graines de marijuana de Trikoma Seeds","description":"AK 74: graines de marijuana de Trikoma Seeds. Cultivez vos graines de cannabis f\u00e9minis\u00e9es, autofleurissantes ou CBD au meilleur prix. Livraison discr\u00e8te et s\u00e9curis\u00e9e \u00e0 votre pays.","robots":{"index":"index","follow":"follow","max-snippet":"max-snippet:-1","max-image-preview":"max-image-preview:large","max-video-preview":"max-video-preview:-1"},"canonical":"https:\/\/www.trikomaseeds.com\/fr\/graines\/ak-74-fr\/","og_locale":"fr_FR","og_type":"article","og_title":"Ak 74: graines de marijuana de Trikoma Seeds","og_description":"AK 74: graines de marijuana de Trikoma Seeds. Cultivez vos graines de cannabis f\u00e9minis\u00e9es, autofleurissantes ou CBD au meilleur prix. Livraison discr\u00e8te et s\u00e9curis\u00e9e \u00e0 votre pays.","og_url":"https:\/\/www.trikomaseeds.com\/fr\/graines\/ak-74-fr\/","og_site_name":"Trikoma Seeds","article_modified_time":"2019-12-04T08:08:45+00:00","og_image":[{"width":800,"height":800,"url":"https:\/\/www.trikomaseeds.com\/wp-content\/uploads\/2019\/09\/ak47_Trikoma_seeds_72-800x800.jpg","type":"image\/jpeg"}],"twitter_card":"summary_large_image","schema":{"@context":"https:\/\/schema.org","@graph":[{"@type":"WebPage","@id":"https:\/\/www.trikomaseeds.com\/fr\/graines\/ak-74-fr\/","url":"https:\/\/www.trikomaseeds.com\/fr\/graines\/ak-74-fr\/","name":"Ak 74: graines de marijuana de Trikoma Seeds","isPartOf":{"@id":"https:\/\/www.trikomaseeds.com\/fr\/#website"},"primaryImageOfPage":{"@id":"https:\/\/www.trikomaseeds.com\/fr\/graines\/ak-74-fr\/#primaryimage"},"image":{"@id":"https:\/\/www.trikomaseeds.com\/fr\/graines\/ak-74-fr\/#primaryimage"},"thumbnailUrl":"https:\/\/www.trikomaseeds.com\/wp-content\/uploads\/2019\/09\/ak47_Trikoma_seeds_72-800x800.jpg","datePublished":"2019-10-28T05:28:40+00:00","dateModified":"2019-12-04T08:08:45+00:00","description":"AK 74: graines de marijuana de Trikoma Seeds. Cultivez vos graines de cannabis f\u00e9minis\u00e9es, autofleurissantes ou CBD au meilleur prix. Livraison discr\u00e8te et s\u00e9curis\u00e9e \u00e0 votre pays.","breadcrumb":{"@id":"https:\/\/www.trikomaseeds.com\/fr\/graines\/ak-74-fr\/#breadcrumb"},"inLanguage":"fr-FR","potentialAction":[{"@type":"ReadAction","target":["https:\/\/www.trikomaseeds.com\/fr\/graines\/ak-74-fr\/"]}]},{"@type":"ImageObject","inLanguage":"fr-FR","@id":"https:\/\/www.trikomaseeds.com\/fr\/graines\/ak-74-fr\/#primaryimage","url":"https:\/\/www.trikomaseeds.com\/wp-content\/uploads\/2019\/09\/ak47_Trikoma_seeds_72-800x800.jpg","contentUrl":"https:\/\/www.trikomaseeds.com\/wp-content\/uploads\/2019\/09\/ak47_Trikoma_seeds_72-800x800.jpg","width":800,"height":800,"caption":"Ak 74 Annonces"},{"@type":"BreadcrumbList","@id":"https:\/\/www.trikomaseeds.com\/fr\/graines\/ak-74-fr\/#breadcrumb","itemListElement":[{"@type":"ListItem","position":1,"name":"Portada","item":"https:\/\/www.trikomaseeds.com\/fr\/"},{"@type":"ListItem","position":2,"name":"Shop","item":"https:\/\/www.trikomaseeds.com\/fr\/shop\/"},{"@type":"ListItem","position":3,"name":"Ak 74"}]},{"@type":"WebSite","@id":"https:\/\/www.trikomaseeds.com\/fr\/#website","url":"https:\/\/www.trikomaseeds.com\/fr\/","name":"Trikoma Seeds","description":"Semillas de Marihuana Auto, Feminizadas y medicinales","potentialAction":[{"@type":"SearchAction","target":{"@type":"EntryPoint","urlTemplate":"https:\/\/www.trikomaseeds.com\/fr\/?s={search_term_string}"},"query-input":{"@type":"PropertyValueSpecification","valueRequired":true,"valueName":"search_term_string"}}],"inLanguage":"fr-FR"}]}},"_links":{"self":[{"href":"https:\/\/www.trikomaseeds.com\/fr\/wp-json\/wp\/v2\/product\/875","targetHints":{"allow":["GET"]}}],"collection":[{"href":"https:\/\/www.trikomaseeds.com\/fr\/wp-json\/wp\/v2\/product"}],"about":[{"href":"https:\/\/www.trikomaseeds.com\/fr\/wp-json\/wp\/v2\/types\/product"}],"replies":[{"embeddable":true,"href":"https:\/\/www.trikomaseeds.com\/fr\/wp-json\/wp\/v2\/comments?post=875"}],"wp:featuredmedia":[{"embeddable":true,"href":"https:\/\/www.trikomaseeds.com\/fr\/wp-json\/wp\/v2\/media\/579"}],"wp:attachment":[{"href":"https:\/\/www.trikomaseeds.com\/fr\/wp-json\/wp\/v2\/media?parent=875"}],"wp:term":[{"taxonomy":"product_cat","embeddable":true,"href":"https:\/\/www.trikomaseeds.com\/fr\/wp-json\/wp\/v2\/product_cat?post=875"},{"taxonomy":"product_tag","embeddable":true,"href":"https:\/\/www.trikomaseeds.com\/fr\/wp-json\/wp\/v2\/product_tag?post=875"}],"curies":[{"name":"wp","href":"https:\/\/api.w.org\/{rel}","templated":true}]}}