{"id":5433,"date":"2020-02-26T16:21:13","date_gmt":"2020-03-20T10:10:15","guid":{"rendered":"https:\/\/www.trikomaseeds.com\/?post_type=product&#038;p=5433"},"modified":"2020-03-20T11:10:15","modified_gmt":"2020-03-20T10:10:15","slug":"the-palmar-auto","status":"publish","type":"product","link":"https:\/\/www.trikomaseeds.com\/fr\/graines\/the-palmar-auto\/","title":{"rendered":"The Palmar Auto"},"content":{"rendered":"<p><strong>CARACT\u00c9RISTIQUES<\/strong><\/p>\n<ul>\n<li style=\"font-weight: 400;\"><span style=\"font-weight: 400;\">G\u00e9n\u00e9tique: AK-74 x Power Plant x Ruderalis<\/span><\/li>\n<li style=\"font-weight: 400;\"><span style=\"font-weight: 400;\">G\u00e9notype: Autofleurrissante<\/span><\/li>\n<li style=\"font-weight: 400;\"><span style=\"font-weight: 400;\">Production int\u00e9rieure: 450 g\/m<\/span><span style=\"font-weight: 400;\">2<\/span><span style=\"font-weight: 400;\">\u00a0(Avec 600W de lumi\u00e8re)<\/span><\/li>\n<li style=\"font-weight: 400;\"><span style=\"font-weight: 400;\">Production ext\u00e9rieure: 50 \u2013 150 g\/plante<\/span><\/li>\n<li style=\"font-weight: 400;\"><span style=\"font-weight: 400;\">Floraison int\u00e9rieure: 55 &#8211; 70 jours (18h)<\/span><\/li>\n<li style=\"font-weight: 400;\"><span style=\"font-weight: 400;\">Floraison ext\u00e9rieure: 50 \u2013 70 jours<\/span><\/li>\n<\/ul>\n","protected":false},"excerpt":{"rendered":"<p><span style=\"font-weight: 400;\">Cette vari\u00e9t\u00e9 autofleurissante de derni\u00e8re g\u00e9n\u00e9ration a un effet c\u00e9r\u00e9bral euphorique et un ar\u00f4me doux. Sa saveur a des notes de baies avec une touche l\u00e9g\u00e8rement acide. C&rsquo;est une plante de taille moyenne qui peut atteindre une hauteur d&rsquo;un m\u00e8tre et demi et une production de presque 200 grammes par plante \u00e0 l&rsquo;ext\u00e9rieur. \u00c0 l&rsquo;int\u00e9rieur, elle offre \u00e9galement d&rsquo;excellents r\u00e9sultats.<\/span><\/p>\n<p><strong>THC: 14%<\/strong><\/p>\n","protected":false},"featured_media":4302,"comment_status":"open","ping_status":"closed","template":"","meta":[],"product_cat":[126],"product_tag":[],"class_list":{"0":"post-5433","1":"product","2":"type-product","3":"status-publish","4":"has-post-thumbnail","6":"product_cat-autofleurrissante","8":"first","9":"instock","10":"shipping-taxable","11":"purchasable","12":"product-type-variable","13":"has-default-attributes"},"yoast_head":"<!-- This site is optimized with the Yoast SEO plugin v25.6 - https:\/\/yoast.com\/wordpress\/plugins\/seo\/ -->\n<title>The Palmar Auto: graines de cannabis par Trikoma Seeds<\/title>\n<meta name=\"description\" content=\"The Palmar Auto: graines de cannabis de Trikoma Seeds. Cultivez des plantes de cannabis f\u00e9minis\u00e9es \u00e0 autofloraison ou du CBD au meilleur prix. Envois discrets et s\u00fbrs vers votre pays.\" \/>\n<meta name=\"robots\" content=\"index, follow, max-snippet:-1, max-image-preview:large, max-video-preview:-1\" \/>\n<link rel=\"canonical\" href=\"https:\/\/www.trikomaseeds.com\/fr\/graines\/the-palmar-auto\/\" \/>\n<meta property=\"og:locale\" content=\"fr_FR\" \/>\n<meta property=\"og:type\" content=\"article\" \/>\n<meta property=\"og:title\" content=\"The Palmar Auto: graines de cannabis par Trikoma Seeds\" \/>\n<meta property=\"og:description\" content=\"The Palmar Auto: graines de cannabis de Trikoma Seeds. Cultivez des plantes de cannabis f\u00e9minis\u00e9es \u00e0 autofloraison ou du CBD au meilleur prix. Envois discrets et s\u00fbrs vers votre pays.\" \/>\n<meta property=\"og:url\" content=\"https:\/\/www.trikomaseeds.com\/fr\/graines\/the-palmar-auto\/\" \/>\n<meta property=\"og:site_name\" content=\"Trikoma Seeds\" \/>\n<meta property=\"og:image\" content=\"https:\/\/www.trikomaseeds.com\/wp-content\/uploads\/2020\/01\/semilla-de-marihuana-the-palmar-autofloreciente-de-trikoma-seeds-scaled.jpg\" \/>\n\t<meta property=\"og:image:width\" content=\"2560\" \/>\n\t<meta property=\"og:image:height\" content=\"2560\" \/>\n\t<meta property=\"og:image:type\" content=\"image\/jpeg\" \/>\n<meta name=\"twitter:card\" content=\"summary_large_image\" \/>\n<script type=\"application\/ld+json\" class=\"yoast-schema-graph\">{\"@context\":\"https:\/\/schema.org\",\"@graph\":[{\"@type\":\"WebPage\",\"@id\":\"https:\/\/www.trikomaseeds.com\/fr\/graines\/the-palmar-auto\/\",\"url\":\"https:\/\/www.trikomaseeds.com\/fr\/graines\/the-palmar-auto\/\",\"name\":\"The Palmar Auto: graines de cannabis par Trikoma Seeds\",\"isPartOf\":{\"@id\":\"https:\/\/www.trikomaseeds.com\/fr\/#website\"},\"primaryImageOfPage\":{\"@id\":\"https:\/\/www.trikomaseeds.com\/fr\/graines\/the-palmar-auto\/#primaryimage\"},\"image\":{\"@id\":\"https:\/\/www.trikomaseeds.com\/fr\/graines\/the-palmar-auto\/#primaryimage\"},\"thumbnailUrl\":\"https:\/\/www.trikomaseeds.com\/wp-content\/uploads\/2020\/01\/semilla-de-marihuana-the-palmar-autofloreciente-de-trikoma-seeds-scaled.jpg\",\"datePublished\":\"2020-03-20T10:10:15+00:00\",\"description\":\"The Palmar Auto: graines de cannabis de Trikoma Seeds. Cultivez des plantes de cannabis f\u00e9minis\u00e9es \u00e0 autofloraison ou du CBD au meilleur prix. Envois discrets et s\u00fbrs vers votre pays.\",\"breadcrumb\":{\"@id\":\"https:\/\/www.trikomaseeds.com\/fr\/graines\/the-palmar-auto\/#breadcrumb\"},\"inLanguage\":\"fr-FR\",\"potentialAction\":[{\"@type\":\"ReadAction\",\"target\":[\"https:\/\/www.trikomaseeds.com\/fr\/graines\/the-palmar-auto\/\"]}]},{\"@type\":\"ImageObject\",\"inLanguage\":\"fr-FR\",\"@id\":\"https:\/\/www.trikomaseeds.com\/fr\/graines\/the-palmar-auto\/#primaryimage\",\"url\":\"https:\/\/www.trikomaseeds.com\/wp-content\/uploads\/2020\/01\/semilla-de-marihuana-the-palmar-autofloreciente-de-trikoma-seeds-scaled.jpg\",\"contentUrl\":\"https:\/\/www.trikomaseeds.com\/wp-content\/uploads\/2020\/01\/semilla-de-marihuana-the-palmar-autofloreciente-de-trikoma-seeds-scaled.jpg\",\"width\":2560,\"height\":2560,\"caption\":\"Graines de Trikoma Graines de Cannabis Autofloraison The Palmar\"},{\"@type\":\"BreadcrumbList\",\"@id\":\"https:\/\/www.trikomaseeds.com\/fr\/graines\/the-palmar-auto\/#breadcrumb\",\"itemListElement\":[{\"@type\":\"ListItem\",\"position\":1,\"name\":\"Portada\",\"item\":\"https:\/\/www.trikomaseeds.com\/fr\/\"},{\"@type\":\"ListItem\",\"position\":2,\"name\":\"Shop\",\"item\":\"https:\/\/www.trikomaseeds.com\/fr\/shop\/\"},{\"@type\":\"ListItem\",\"position\":3,\"name\":\"The Palmar Auto\"}]},{\"@type\":\"WebSite\",\"@id\":\"https:\/\/www.trikomaseeds.com\/fr\/#website\",\"url\":\"https:\/\/www.trikomaseeds.com\/fr\/\",\"name\":\"Trikoma Seeds\",\"description\":\"Semillas de Marihuana Auto, Feminizadas y medicinales\",\"potentialAction\":[{\"@type\":\"SearchAction\",\"target\":{\"@type\":\"EntryPoint\",\"urlTemplate\":\"https:\/\/www.trikomaseeds.com\/fr\/?s={search_term_string}\"},\"query-input\":{\"@type\":\"PropertyValueSpecification\",\"valueRequired\":true,\"valueName\":\"search_term_string\"}}],\"inLanguage\":\"fr-FR\"}]}<\/script>\n<!-- \/ Yoast SEO plugin. -->","yoast_head_json":{"title":"The Palmar Auto: graines de cannabis par Trikoma Seeds","description":"The Palmar Auto: graines de cannabis de Trikoma Seeds. Cultivez des plantes de cannabis f\u00e9minis\u00e9es \u00e0 autofloraison ou du CBD au meilleur prix. Envois discrets et s\u00fbrs vers votre pays.","robots":{"index":"index","follow":"follow","max-snippet":"max-snippet:-1","max-image-preview":"max-image-preview:large","max-video-preview":"max-video-preview:-1"},"canonical":"https:\/\/www.trikomaseeds.com\/fr\/graines\/the-palmar-auto\/","og_locale":"fr_FR","og_type":"article","og_title":"The Palmar Auto: graines de cannabis par Trikoma Seeds","og_description":"The Palmar Auto: graines de cannabis de Trikoma Seeds. Cultivez des plantes de cannabis f\u00e9minis\u00e9es \u00e0 autofloraison ou du CBD au meilleur prix. Envois discrets et s\u00fbrs vers votre pays.","og_url":"https:\/\/www.trikomaseeds.com\/fr\/graines\/the-palmar-auto\/","og_site_name":"Trikoma Seeds","og_image":[{"width":2560,"height":2560,"url":"https:\/\/www.trikomaseeds.com\/wp-content\/uploads\/2020\/01\/semilla-de-marihuana-the-palmar-autofloreciente-de-trikoma-seeds-scaled.jpg","type":"image\/jpeg"}],"twitter_card":"summary_large_image","schema":{"@context":"https:\/\/schema.org","@graph":[{"@type":"WebPage","@id":"https:\/\/www.trikomaseeds.com\/fr\/graines\/the-palmar-auto\/","url":"https:\/\/www.trikomaseeds.com\/fr\/graines\/the-palmar-auto\/","name":"The Palmar Auto: graines de cannabis par Trikoma Seeds","isPartOf":{"@id":"https:\/\/www.trikomaseeds.com\/fr\/#website"},"primaryImageOfPage":{"@id":"https:\/\/www.trikomaseeds.com\/fr\/graines\/the-palmar-auto\/#primaryimage"},"image":{"@id":"https:\/\/www.trikomaseeds.com\/fr\/graines\/the-palmar-auto\/#primaryimage"},"thumbnailUrl":"https:\/\/www.trikomaseeds.com\/wp-content\/uploads\/2020\/01\/semilla-de-marihuana-the-palmar-autofloreciente-de-trikoma-seeds-scaled.jpg","datePublished":"2020-03-20T10:10:15+00:00","description":"The Palmar Auto: graines de cannabis de Trikoma Seeds. Cultivez des plantes de cannabis f\u00e9minis\u00e9es \u00e0 autofloraison ou du CBD au meilleur prix. Envois discrets et s\u00fbrs vers votre pays.","breadcrumb":{"@id":"https:\/\/www.trikomaseeds.com\/fr\/graines\/the-palmar-auto\/#breadcrumb"},"inLanguage":"fr-FR","potentialAction":[{"@type":"ReadAction","target":["https:\/\/www.trikomaseeds.com\/fr\/graines\/the-palmar-auto\/"]}]},{"@type":"ImageObject","inLanguage":"fr-FR","@id":"https:\/\/www.trikomaseeds.com\/fr\/graines\/the-palmar-auto\/#primaryimage","url":"https:\/\/www.trikomaseeds.com\/wp-content\/uploads\/2020\/01\/semilla-de-marihuana-the-palmar-autofloreciente-de-trikoma-seeds-scaled.jpg","contentUrl":"https:\/\/www.trikomaseeds.com\/wp-content\/uploads\/2020\/01\/semilla-de-marihuana-the-palmar-autofloreciente-de-trikoma-seeds-scaled.jpg","width":2560,"height":2560,"caption":"Graines de Trikoma Graines de Cannabis Autofloraison The Palmar"},{"@type":"BreadcrumbList","@id":"https:\/\/www.trikomaseeds.com\/fr\/graines\/the-palmar-auto\/#breadcrumb","itemListElement":[{"@type":"ListItem","position":1,"name":"Portada","item":"https:\/\/www.trikomaseeds.com\/fr\/"},{"@type":"ListItem","position":2,"name":"Shop","item":"https:\/\/www.trikomaseeds.com\/fr\/shop\/"},{"@type":"ListItem","position":3,"name":"The Palmar Auto"}]},{"@type":"WebSite","@id":"https:\/\/www.trikomaseeds.com\/fr\/#website","url":"https:\/\/www.trikomaseeds.com\/fr\/","name":"Trikoma Seeds","description":"Semillas de Marihuana Auto, Feminizadas y medicinales","potentialAction":[{"@type":"SearchAction","target":{"@type":"EntryPoint","urlTemplate":"https:\/\/www.trikomaseeds.com\/fr\/?s={search_term_string}"},"query-input":{"@type":"PropertyValueSpecification","valueRequired":true,"valueName":"search_term_string"}}],"inLanguage":"fr-FR"}]}},"_links":{"self":[{"href":"https:\/\/www.trikomaseeds.com\/fr\/wp-json\/wp\/v2\/product\/5433","targetHints":{"allow":["GET"]}}],"collection":[{"href":"https:\/\/www.trikomaseeds.com\/fr\/wp-json\/wp\/v2\/product"}],"about":[{"href":"https:\/\/www.trikomaseeds.com\/fr\/wp-json\/wp\/v2\/types\/product"}],"replies":[{"embeddable":true,"href":"https:\/\/www.trikomaseeds.com\/fr\/wp-json\/wp\/v2\/comments?post=5433"}],"wp:featuredmedia":[{"embeddable":true,"href":"https:\/\/www.trikomaseeds.com\/fr\/wp-json\/wp\/v2\/media\/4302"}],"wp:attachment":[{"href":"https:\/\/www.trikomaseeds.com\/fr\/wp-json\/wp\/v2\/media?parent=5433"}],"wp:term":[{"taxonomy":"product_cat","embeddable":true,"href":"https:\/\/www.trikomaseeds.com\/fr\/wp-json\/wp\/v2\/product_cat?post=5433"},{"taxonomy":"product_tag","embeddable":true,"href":"https:\/\/www.trikomaseeds.com\/fr\/wp-json\/wp\/v2\/product_tag?post=5433"}],"curies":[{"name":"wp","href":"https:\/\/api.w.org\/{rel}","templated":true}]}}