{"id":1463,"date":"2019-09-24T14:08:36","date_gmt":"2019-09-24T12:08:36","guid":{"rendered":"http:\/\/www.trikomaseeds.com\/semillas\/white-widow-auto\/"},"modified":"2024-08-13T13:50:15","modified_gmt":"2024-08-13T11:50:15","slug":"white-widow-auto","status":"publish","type":"product","link":"https:\/\/www.trikomaseeds.com\/fr\/graines\/white-widow-auto\/","title":{"rendered":"White Widow Auto"},"content":{"rendered":"<h2>Donn\u00e9es techniques de White Widow Auto<\/h2>\n<ul>\n<li>G\u00e9n\u00e9tique : White Widow x Rudelaris<\/li>\n<li>Type : Autofloraison<\/li>\n<li>Rendement int\u00e9rieur : 480 g\/m<sup>2<\/sup> (avec lumi\u00e8re de 600W)<\/li>\n<li>Rendement ext\u00e9rieur : 50 &#8211; 200 g\/plante<\/li>\n<li>Temps de floraison int\u00e9rieur : 70 jours (18h)<\/li>\n<li>Temps de floraison ext\u00e9rieur : 50 &#8211; 80 jours<\/li>\n<\/ul>\n<h2>Qu&rsquo;est-ce que White Widow Auto<\/h2>\n<p>White Widow Auto est une vari\u00e9t\u00e9 de cannabis autoflorissante d\u00e9riv\u00e9e de la c\u00e9l\u00e8bre White Widow, l&rsquo;une des vari\u00e9t\u00e9s de cannabis les plus reconnues et appr\u00e9ci\u00e9es. La White Widow est une vari\u00e9t\u00e9 hybride de cannabis qui est devenue populaire dans les ann\u00e9es 1990, connue pour sa haute puissance et son recouvrement distinctif de trichomes blancs.<\/p>\n<p>White Widow Auto est le r\u00e9sultat du croisement entre la White Widow originale et une vari\u00e9t\u00e9 de cannabis Ruderalis, ce qui lui conf\u00e8re la capacit\u00e9 d&rsquo;autofloraison. Cette plante est tr\u00e8s polyvalente et s&rsquo;adapte bien \u00e0 diverses conditions de culture, aussi bien en int\u00e9rieur qu&rsquo;en ext\u00e9rieur. Sa r\u00e9sistance la rend adapt\u00e9e aux climats froids et temp\u00e9r\u00e9s.<\/p>\n<h2>Caract\u00e9ristiques de la White Widow Autoflorissante<\/h2>\n<p>Auto White Widow est une vari\u00e9t\u00e9 de cannabis exceptionnelle, vigoureuse et tr\u00e8s stable. Elle est facile \u00e0 cultiver et atteint une taille petite \u00e0 moyenne, produisant rapidement des rendements g\u00e9n\u00e9reux sous forme de gros buds cristallis\u00e9s.<\/p>\n<p>Le cycle de vie de cette plante varie en fonction des conditions de culture. En int\u00e9rieur, elle fleurit en environ 70 jours (environ 10 semaines), tandis qu&rsquo;en ext\u00e9rieur, elle peut mettre entre 50 et 80 jours (environ 7-11 semaines). Apr\u00e8s cette p\u00e9riode, vous pouvez attendre un rendement g\u00e9n\u00e9reux de 400-500 g\/m\u00b2. Elle prosp\u00e8re aussi bien en int\u00e9rieur qu&rsquo;en ext\u00e9rieur, \u00e9tant robuste et capable de supporter le froid sans probl\u00e8me. Elle pousse avec un espacement mod\u00e9r\u00e9 entre les n\u0153uds de la tige et forme une grande cola principale. Les branches lat\u00e9rales acqui\u00e8rent une bonne pl\u00e9nitude et deviennent aussi larges que hautes. Elle ne s&rsquo;\u00e9tire pas beaucoup pendant la floraison et atteint une hauteur finale de 70-110 cm.<\/p>\n<p>Dans la seconde moiti\u00e9 de la p\u00e9riode de floraison, certaines White Widow autoflorissantes peuvent d\u00e9velopper de magnifiques teintes roses et pourpres, ajoutant un attrait visuel suppl\u00e9mentaire \u00e0 la r\u00e9colte.<\/p>\n<p>De plus, c&rsquo;est une vari\u00e9t\u00e9 qui n\u00e9cessite peu de taille, ce qui facilite son finition. Tant les feuilles de sucre que les calices sont couverts de cristaux abondants, ce qui les rend id\u00e9aux pour la conservation et la pr\u00e9paration d&rsquo;extractions d\u00e9licieuses.<\/p>\n<p>Cette plante <strong>est excellente pour les d\u00e9butants<\/strong>, car elle est en grande partie autonome et offre des rendements constants avec un minimum d&rsquo;effort de la part du cultivateur<\/p>\n","protected":false},"excerpt":{"rendered":"<p align=\"justify\">Vari\u00e9t\u00e9 automatique de cette g\u00e9n\u00e9tique de derni\u00e8re g\u00e9n\u00e9ration ainsi reconnue. Auto White Widow est l&rsquo;une des vari\u00e9t\u00e9s les plus commerciales sur le march\u00e9 pour sa stabilit\u00e9 et ses bons r\u00e9sultats. Effet clair et supportable, sa saveur est douce et fruit\u00e9e. Elle produit des bourgeons \u00e9pais, longs et r\u00e9sineux avec une petite quantit\u00e9 de feuilles. Id\u00e9al pour les cultures en plein air.<\/p>\n<p><strong>THC:\u00a0<span class=\"destacado\">15%<\/span><\/strong><\/p>\n","protected":false},"featured_media":572,"comment_status":"open","ping_status":"closed","template":"","meta":[],"product_cat":[126],"product_tag":[],"class_list":{"0":"post-1463","1":"product","2":"type-product","3":"status-publish","4":"has-post-thumbnail","6":"product_cat-autofleurrissante","8":"first","9":"instock","10":"shipping-taxable","11":"purchasable","12":"product-type-variable","13":"has-default-attributes"},"yoast_head":"<!-- This site is optimized with the Yoast SEO plugin v25.6 - https:\/\/yoast.com\/wordpress\/plugins\/seo\/ -->\n<title>White Widow Auto \u3010 TRIKOMA SEEDS \u3011<\/title>\n<meta name=\"description\" content=\"Auto White Widow de Trikoma Seeds est la meilleure graine de White Widow Auto sur le march\u00e9. THC \u00e0 15 %. Exp\u00e9dition discr\u00e8te dans votre pays.\" \/>\n<meta name=\"robots\" content=\"index, follow, max-snippet:-1, max-image-preview:large, max-video-preview:-1\" \/>\n<link rel=\"canonical\" href=\"https:\/\/www.trikomaseeds.com\/fr\/graines\/white-widow-auto\/\" \/>\n<meta property=\"og:locale\" content=\"fr_FR\" \/>\n<meta property=\"og:type\" content=\"article\" \/>\n<meta property=\"og:title\" content=\"White Widow Auto \u3010 TRIKOMA SEEDS \u3011\" \/>\n<meta property=\"og:description\" content=\"Auto White Widow de Trikoma Seeds est la meilleure graine de White Widow Auto sur le march\u00e9. THC \u00e0 15 %. Exp\u00e9dition discr\u00e8te dans votre pays.\" \/>\n<meta property=\"og:url\" content=\"https:\/\/www.trikomaseeds.com\/fr\/graines\/white-widow-auto\/\" \/>\n<meta property=\"og:site_name\" content=\"Trikoma Seeds\" \/>\n<meta property=\"article:modified_time\" content=\"2024-08-13T11:50:15+00:00\" \/>\n<meta property=\"og:image\" content=\"https:\/\/www.trikomaseeds.com\/wp-content\/uploads\/2019\/09\/WhiteWidow_Auto_Trikoma_seeds_72-800x800.jpg\" \/>\n\t<meta property=\"og:image:width\" content=\"800\" \/>\n\t<meta property=\"og:image:height\" content=\"800\" \/>\n\t<meta property=\"og:image:type\" content=\"image\/jpeg\" \/>\n<meta name=\"twitter:card\" content=\"summary_large_image\" \/>\n<meta name=\"twitter:label1\" content=\"Dur\u00e9e de lecture estim\u00e9e\" \/>\n\t<meta name=\"twitter:data1\" content=\"2 minutes\" \/>\n<script type=\"application\/ld+json\" class=\"yoast-schema-graph\">{\"@context\":\"https:\/\/schema.org\",\"@graph\":[{\"@type\":\"WebPage\",\"@id\":\"https:\/\/www.trikomaseeds.com\/fr\/graines\/white-widow-auto\/\",\"url\":\"https:\/\/www.trikomaseeds.com\/fr\/graines\/white-widow-auto\/\",\"name\":\"White Widow Auto \u3010 TRIKOMA SEEDS \u3011\",\"isPartOf\":{\"@id\":\"https:\/\/www.trikomaseeds.com\/fr\/#website\"},\"primaryImageOfPage\":{\"@id\":\"https:\/\/www.trikomaseeds.com\/fr\/graines\/white-widow-auto\/#primaryimage\"},\"image\":{\"@id\":\"https:\/\/www.trikomaseeds.com\/fr\/graines\/white-widow-auto\/#primaryimage\"},\"thumbnailUrl\":\"https:\/\/www.trikomaseeds.com\/wp-content\/uploads\/2019\/09\/WhiteWidow_Auto_Trikoma_seeds_72-800x800.jpg\",\"datePublished\":\"2019-09-24T12:08:36+00:00\",\"dateModified\":\"2024-08-13T11:50:15+00:00\",\"description\":\"Auto White Widow de Trikoma Seeds est la meilleure graine de White Widow Auto sur le march\u00e9. THC \u00e0 15 %. Exp\u00e9dition discr\u00e8te dans votre pays.\",\"breadcrumb\":{\"@id\":\"https:\/\/www.trikomaseeds.com\/fr\/graines\/white-widow-auto\/#breadcrumb\"},\"inLanguage\":\"fr-FR\",\"potentialAction\":[{\"@type\":\"ReadAction\",\"target\":[\"https:\/\/www.trikomaseeds.com\/fr\/graines\/white-widow-auto\/\"]}]},{\"@type\":\"ImageObject\",\"inLanguage\":\"fr-FR\",\"@id\":\"https:\/\/www.trikomaseeds.com\/fr\/graines\/white-widow-auto\/#primaryimage\",\"url\":\"https:\/\/www.trikomaseeds.com\/wp-content\/uploads\/2019\/09\/WhiteWidow_Auto_Trikoma_seeds_72-800x800.jpg\",\"contentUrl\":\"https:\/\/www.trikomaseeds.com\/wp-content\/uploads\/2019\/09\/WhiteWidow_Auto_Trikoma_seeds_72-800x800.jpg\",\"width\":800,\"height\":800},{\"@type\":\"BreadcrumbList\",\"@id\":\"https:\/\/www.trikomaseeds.com\/fr\/graines\/white-widow-auto\/#breadcrumb\",\"itemListElement\":[{\"@type\":\"ListItem\",\"position\":1,\"name\":\"Portada\",\"item\":\"https:\/\/www.trikomaseeds.com\/fr\/\"},{\"@type\":\"ListItem\",\"position\":2,\"name\":\"Shop\",\"item\":\"https:\/\/www.trikomaseeds.com\/fr\/shop\/\"},{\"@type\":\"ListItem\",\"position\":3,\"name\":\"White Widow Auto\"}]},{\"@type\":\"WebSite\",\"@id\":\"https:\/\/www.trikomaseeds.com\/fr\/#website\",\"url\":\"https:\/\/www.trikomaseeds.com\/fr\/\",\"name\":\"Trikoma Seeds\",\"description\":\"Semillas de Marihuana Auto, Feminizadas y medicinales\",\"potentialAction\":[{\"@type\":\"SearchAction\",\"target\":{\"@type\":\"EntryPoint\",\"urlTemplate\":\"https:\/\/www.trikomaseeds.com\/fr\/?s={search_term_string}\"},\"query-input\":{\"@type\":\"PropertyValueSpecification\",\"valueRequired\":true,\"valueName\":\"search_term_string\"}}],\"inLanguage\":\"fr-FR\"}]}<\/script>\n<!-- \/ Yoast SEO plugin. -->","yoast_head_json":{"title":"White Widow Auto \u3010 TRIKOMA SEEDS \u3011","description":"Auto White Widow de Trikoma Seeds est la meilleure graine de White Widow Auto sur le march\u00e9. THC \u00e0 15 %. Exp\u00e9dition discr\u00e8te dans votre pays.","robots":{"index":"index","follow":"follow","max-snippet":"max-snippet:-1","max-image-preview":"max-image-preview:large","max-video-preview":"max-video-preview:-1"},"canonical":"https:\/\/www.trikomaseeds.com\/fr\/graines\/white-widow-auto\/","og_locale":"fr_FR","og_type":"article","og_title":"White Widow Auto \u3010 TRIKOMA SEEDS \u3011","og_description":"Auto White Widow de Trikoma Seeds est la meilleure graine de White Widow Auto sur le march\u00e9. THC \u00e0 15 %. Exp\u00e9dition discr\u00e8te dans votre pays.","og_url":"https:\/\/www.trikomaseeds.com\/fr\/graines\/white-widow-auto\/","og_site_name":"Trikoma Seeds","article_modified_time":"2024-08-13T11:50:15+00:00","og_image":[{"width":800,"height":800,"url":"https:\/\/www.trikomaseeds.com\/wp-content\/uploads\/2019\/09\/WhiteWidow_Auto_Trikoma_seeds_72-800x800.jpg","type":"image\/jpeg"}],"twitter_card":"summary_large_image","twitter_misc":{"Dur\u00e9e de lecture estim\u00e9e":"2 minutes"},"schema":{"@context":"https:\/\/schema.org","@graph":[{"@type":"WebPage","@id":"https:\/\/www.trikomaseeds.com\/fr\/graines\/white-widow-auto\/","url":"https:\/\/www.trikomaseeds.com\/fr\/graines\/white-widow-auto\/","name":"White Widow Auto \u3010 TRIKOMA SEEDS \u3011","isPartOf":{"@id":"https:\/\/www.trikomaseeds.com\/fr\/#website"},"primaryImageOfPage":{"@id":"https:\/\/www.trikomaseeds.com\/fr\/graines\/white-widow-auto\/#primaryimage"},"image":{"@id":"https:\/\/www.trikomaseeds.com\/fr\/graines\/white-widow-auto\/#primaryimage"},"thumbnailUrl":"https:\/\/www.trikomaseeds.com\/wp-content\/uploads\/2019\/09\/WhiteWidow_Auto_Trikoma_seeds_72-800x800.jpg","datePublished":"2019-09-24T12:08:36+00:00","dateModified":"2024-08-13T11:50:15+00:00","description":"Auto White Widow de Trikoma Seeds est la meilleure graine de White Widow Auto sur le march\u00e9. THC \u00e0 15 %. Exp\u00e9dition discr\u00e8te dans votre pays.","breadcrumb":{"@id":"https:\/\/www.trikomaseeds.com\/fr\/graines\/white-widow-auto\/#breadcrumb"},"inLanguage":"fr-FR","potentialAction":[{"@type":"ReadAction","target":["https:\/\/www.trikomaseeds.com\/fr\/graines\/white-widow-auto\/"]}]},{"@type":"ImageObject","inLanguage":"fr-FR","@id":"https:\/\/www.trikomaseeds.com\/fr\/graines\/white-widow-auto\/#primaryimage","url":"https:\/\/www.trikomaseeds.com\/wp-content\/uploads\/2019\/09\/WhiteWidow_Auto_Trikoma_seeds_72-800x800.jpg","contentUrl":"https:\/\/www.trikomaseeds.com\/wp-content\/uploads\/2019\/09\/WhiteWidow_Auto_Trikoma_seeds_72-800x800.jpg","width":800,"height":800},{"@type":"BreadcrumbList","@id":"https:\/\/www.trikomaseeds.com\/fr\/graines\/white-widow-auto\/#breadcrumb","itemListElement":[{"@type":"ListItem","position":1,"name":"Portada","item":"https:\/\/www.trikomaseeds.com\/fr\/"},{"@type":"ListItem","position":2,"name":"Shop","item":"https:\/\/www.trikomaseeds.com\/fr\/shop\/"},{"@type":"ListItem","position":3,"name":"White Widow Auto"}]},{"@type":"WebSite","@id":"https:\/\/www.trikomaseeds.com\/fr\/#website","url":"https:\/\/www.trikomaseeds.com\/fr\/","name":"Trikoma Seeds","description":"Semillas de Marihuana Auto, Feminizadas y medicinales","potentialAction":[{"@type":"SearchAction","target":{"@type":"EntryPoint","urlTemplate":"https:\/\/www.trikomaseeds.com\/fr\/?s={search_term_string}"},"query-input":{"@type":"PropertyValueSpecification","valueRequired":true,"valueName":"search_term_string"}}],"inLanguage":"fr-FR"}]}},"_links":{"self":[{"href":"https:\/\/www.trikomaseeds.com\/fr\/wp-json\/wp\/v2\/product\/1463","targetHints":{"allow":["GET"]}}],"collection":[{"href":"https:\/\/www.trikomaseeds.com\/fr\/wp-json\/wp\/v2\/product"}],"about":[{"href":"https:\/\/www.trikomaseeds.com\/fr\/wp-json\/wp\/v2\/types\/product"}],"replies":[{"embeddable":true,"href":"https:\/\/www.trikomaseeds.com\/fr\/wp-json\/wp\/v2\/comments?post=1463"}],"wp:featuredmedia":[{"embeddable":true,"href":"https:\/\/www.trikomaseeds.com\/fr\/wp-json\/wp\/v2\/media\/572"}],"wp:attachment":[{"href":"https:\/\/www.trikomaseeds.com\/fr\/wp-json\/wp\/v2\/media?parent=1463"}],"wp:term":[{"taxonomy":"product_cat","embeddable":true,"href":"https:\/\/www.trikomaseeds.com\/fr\/wp-json\/wp\/v2\/product_cat?post=1463"},{"taxonomy":"product_tag","embeddable":true,"href":"https:\/\/www.trikomaseeds.com\/fr\/wp-json\/wp\/v2\/product_tag?post=1463"}],"curies":[{"name":"wp","href":"https:\/\/api.w.org\/{rel}","templated":true}]}}