{"id":1442,"date":"2019-09-24T14:32:56","date_gmt":"2019-09-24T12:32:56","guid":{"rendered":"http:\/\/www.trikomaseeds.com\/semillas\/white-widow\/"},"modified":"2024-06-25T20:37:24","modified_gmt":"2024-06-25T18:37:24","slug":"white-widow","status":"publish","type":"product","link":"https:\/\/www.trikomaseeds.com\/fr\/graines\/white-widow\/","title":{"rendered":"White Widow"},"content":{"rendered":"<p><del datetime=\"2024-06-25T18:35:27+00:00\"><\/p>\n<h2>Qu&rsquo;est-ce que White Widow<\/h2>\n<p>White Widow est l&rsquo;une des vari\u00e9t\u00e9s de marijuana les plus embl\u00e9matiques et connues au monde. Cette vari\u00e9t\u00e9 a captiv\u00e9 l&rsquo;imagination des amateurs de cannabis depuis sa cr\u00e9ation en raison de son puissant effet, de son go\u00fbt distinctif et de sa large gamme d&rsquo;utilisations r\u00e9cr\u00e9atives et m\u00e9dicinales. Cette souche hybride est d\u00e9riv\u00e9e d&rsquo;une souche br\u00e9silienne et d&rsquo;une indica du sud de l&rsquo;Inde.<\/p>\n<h2>Caract\u00e9ristiques de White Widow<\/h2>\n<p>White Widow est connue pour son apparence unique. La plante a une couche \u00e9paisse de trichomes blancs qui lui donnent son aspect blanch\u00e2tre. Les bourgeons compacts et denses refl\u00e8tent la qualit\u00e9 et la puissance de la souche. C&rsquo;est de cette caract\u00e9ristique que le nom de White Widow (veuve blanche) est issu.<\/p>\n<p>La plante White Widow est g\u00e9n\u00e9ralement de taille moyenne, ce qui la rend id\u00e9ale pour la culture en int\u00e9rieur et en ext\u00e9rieur o\u00f9 la discr\u00e9tion est recherch\u00e9e. Elle a g\u00e9n\u00e9ralement un corps petit et fort, avec des branches courtes et robustes capables de supporter le poids de ses bourgeons denses. Son profil de croissance est g\u00e9n\u00e9ralement uniforme et \u00e9quilibr\u00e9, ce qui facilite son entretien pendant le processus de culture.<\/p>\n<p>White Widow a des feuilles larges et pointues de couleur verte fonc\u00e9e. Pendant la floraison, White Widow d\u00e9gage un parfum distinctif qui marie des nuances terreuses avec des notes \u00e9pic\u00e9es et citronn\u00e9es. Son odeur intense et p\u00e9n\u00e9trante en fait une plante distinctive. Les bourgeons de White Widow ont g\u00e9n\u00e9ralement un profil de saveur complexe qui m\u00e9lange des notes terreuses, florales et l\u00e9g\u00e8rement am\u00e8res, avec des nuances de pin et d&rsquo;agrumes qui ajoutent de la profondeur \u00e0 son profil g\u00e9n\u00e9ral.<\/p>\n<ul>\n<li>G\u00e9n\u00e9tique : Widow Bilbo x Widow BCN<\/li>\n<li>Type : Sativa 40% -\/\/- Indica 60%<\/li>\n<li>Production en int\u00e9rieur : 550 gr. \/m<sup>2<\/sup> (avec une lumi\u00e8re de 600W)<\/li>\n<li>Production en ext\u00e9rieur : 1 &#8211; 1,5 Kg.\/plante<\/li>\n<li>Floraison en int\u00e9rieur : 47 &#8211; 56 jours<\/li>\n<li>Floraison en ext\u00e9rieur : 1\/4 Octobre<\/li>\n<li>Floraison en ext\u00e9rieur en Am\u00e9rique du Sud : 1\/4 Avril<\/li>\n<\/ul>\n<h2>Effets<\/h2>\n<p>La combinaison d&rsquo;euphorie mentale et de relaxation physique est l&rsquo;effet distinctif de White Widow. Les consommateurs ressentent g\u00e9n\u00e9ralement une explosion de cr\u00e9ativit\u00e9 et d&rsquo;optimisme, suivie d&rsquo;une sensation de calme et de relaxation. Cette combinaison est une option populaire aussi bien pour ceux qui recherchent un effet stimulant que pour ceux qui cherchent \u00e0 soulager le stress et l&rsquo;anxi\u00e9t\u00e9. Sa capacit\u00e9 \u00e0 soulager une vari\u00e9t\u00e9 de maux physiques et mentaux a \u00e9t\u00e9 appr\u00e9ci\u00e9e pour ses propri\u00e9t\u00e9s th\u00e9rapeutiques.<\/p>\n<h2>Utilisations m\u00e9dicinales de White Widow<\/h2>\n<p>White Widow a \u00e9t\u00e9 salu\u00e9e pour sa large gamme d&rsquo;utilisations m\u00e9dicinales et sa capacit\u00e9 \u00e0 soulager toute une gamme de sympt\u00f4mes et de maladies.<\/p>\n<li>Relief du stress et de l&rsquo;anxi\u00e9t\u00e9 : En raison de sa capacit\u00e9 \u00e0 induire une sensation de d\u00e9tente et de calme, White Widow s&rsquo;est av\u00e9r\u00e9e \u00eatre un rem\u00e8de efficace contre le stress et l&rsquo;anxi\u00e9t\u00e9. De nombreux patients ont signal\u00e9 une diminution de l&rsquo;anxi\u00e9t\u00e9 et un \u00e9tat g\u00e9n\u00e9ral de bien-\u00eatre apr\u00e8s sa consommation.<\/li>\n<li>Traitement de la d\u00e9pression : White Widow a des effets euphorisants et stimulants qui peuvent am\u00e9liorer l&rsquo;humeur. En am\u00e9liorant l&rsquo;humeur, la d\u00e9pression est soulag\u00e9e. La souche peut aider \u00e0 combattre le d\u00e9sespoir et la tristesse.<\/li>\n<li>Soulagement de la douleur chronique : White Widow a \u00e9t\u00e9 utilis\u00e9e pour soulager divers types de douleurs chroniques, telles que la douleur neuropathique, la douleur li\u00e9e \u00e0 l&rsquo;arthrite et la douleur musculaire. En r\u00e9duisant la perception de la douleur, elle peut am\u00e9liorer significativement la qualit\u00e9 de vie.<\/li>\n<li>Stimulation de l&rsquo;app\u00e9tit et soulagement des naus\u00e9es : Certains patients ont constat\u00e9 que White Widow peut stimuler l&rsquo;app\u00e9tit et r\u00e9duire les naus\u00e9es. De nombreux utilisateurs l&rsquo;utilisent dans leur lutte contre la perte d&rsquo;app\u00e9tit ou contre les effets secondaires de certains traitements m\u00e9dicaux.<\/li>\n<h2>L&rsquo;h\u00e9ritage de White Widow dans la culture du cannabis<\/h2>\n<p>White Widow a laiss\u00e9 une empreinte ind\u00e9l\u00e9bile dans la culture du cannabis. Sa pr\u00e9sence dans les magasins de cannabis et les dispensaires l\u00e9gaux a contribu\u00e9 \u00e0 son h\u00e9ritage durable et \u00e0 son statut d&rsquo;option de haute qualit\u00e9 pour les consommateurs du monde entier.<\/p>\n<p>Elle a \u00e9t\u00e9 salu\u00e9e dans de nombreuses comp\u00e9titions et a remport\u00e9 de nombreux prix en reconnaissance de sa qualit\u00e9 et de sa coh\u00e9rence. Sa pr\u00e9sence sur le march\u00e9 du cannabis a \u00e9t\u00e9 constante et sa demande reste solide parmi les consommateurs du monde entier. Cette souche a influenc\u00e9 la cr\u00e9ation de nombreuses vari\u00e9t\u00e9s hybrides et a cr\u00e9\u00e9 un pr\u00e9c\u00e9dent pour la qualit\u00e9 et l&rsquo;excellence dans la culture du cannabis. Son existence a stimul\u00e9 et inspir\u00e9 les producteurs \u00e0 s&rsquo;efforcer d&rsquo;atteindre des niveaux similaires de puissance et de coh\u00e9rence dans leurs propres souches.<\/p>\n","protected":false},"excerpt":{"rendered":"\n<p>La graine de cannabis White Widow est l&rsquo;une des plus connues pour son puissant effet et sa haute qualit\u00e9. Il s&rsquo;agit d&rsquo;une souche hybride cr\u00e9\u00e9e aux Pays-Bas dans les ann\u00e9es 1990. White Widow est une graine v\u00e9t\u00e9rane que presque tous les producteurs ont cultiv\u00e9e au moins une fois.<\/p>\n<p>White Widow a remport\u00e9 de nombreux prix dans des comp\u00e9titions de cannabis, ce qui la maintient sur le march\u00e9 trois d\u00e9cennies apr\u00e8s sa cr\u00e9ation. Sa renomm\u00e9e mondiale est la preuve que cultiver cette vari\u00e9t\u00e9 est une valeur s\u00fbre.<\/p>\n<p>White Widow est connue pour \u00eatre relativement facile \u00e0 cultiver. Pour cette raison, elle est populaire aupr\u00e8s des cultivateurs novices et exp\u00e9riment\u00e9s. De plus, sa disponibilit\u00e9 constante sur le march\u00e9 a contribu\u00e9 \u00e0 sa diffusion dans diff\u00e9rentes r\u00e9gions du monde.<\/p>\n<p><strong>THC : 18%<\/strong><\/p>\n","protected":false},"featured_media":838,"comment_status":"open","ping_status":"closed","template":"","meta":[],"product_cat":[94],"product_tag":[],"class_list":{"0":"post-1442","1":"product","2":"type-product","3":"status-publish","4":"has-post-thumbnail","6":"product_cat-feminisee","8":"first","9":"instock","10":"shipping-taxable","11":"purchasable","12":"product-type-variable","13":"has-default-attributes"},"yoast_head":"<!-- This site is optimized with the Yoast SEO plugin v25.6 - https:\/\/yoast.com\/wordpress\/plugins\/seo\/ -->\n<title>White Widow \u3010Trikoma Seeds \u3011F\u00e9minis\u00e9e \u2713<\/title>\n<meta name=\"description\" content=\"White Widow avec 18% de THC et des effets apaisants. Achetez d\u00e8s maintenant au meilleur prix vos graines de White Widow f\u00e9minis\u00e9es chez Trikoma Seeds.\" \/>\n<meta name=\"robots\" content=\"index, follow, max-snippet:-1, max-image-preview:large, max-video-preview:-1\" \/>\n<link rel=\"canonical\" href=\"https:\/\/www.trikomaseeds.com\/fr\/graines\/white-widow\/\" \/>\n<meta property=\"og:locale\" content=\"fr_FR\" \/>\n<meta property=\"og:type\" content=\"article\" \/>\n<meta property=\"og:title\" content=\"White Widow \u3010Trikoma Seeds \u3011F\u00e9minis\u00e9e \u2713\" \/>\n<meta property=\"og:description\" content=\"White Widow avec 18% de THC et des effets apaisants. Achetez d\u00e8s maintenant au meilleur prix vos graines de White Widow f\u00e9minis\u00e9es chez Trikoma Seeds.\" \/>\n<meta property=\"og:url\" content=\"https:\/\/www.trikomaseeds.com\/fr\/graines\/white-widow\/\" \/>\n<meta property=\"og:site_name\" content=\"Trikoma Seeds\" \/>\n<meta property=\"article:modified_time\" content=\"2024-06-25T18:37:24+00:00\" \/>\n<meta property=\"og:image\" content=\"https:\/\/www.trikomaseeds.com\/wp-content\/uploads\/2019\/09\/the-palmar-800x800-1-500x500.jpg\" \/>\n\t<meta property=\"og:image:width\" content=\"500\" \/>\n\t<meta property=\"og:image:height\" content=\"500\" \/>\n\t<meta property=\"og:image:type\" content=\"image\/jpeg\" \/>\n<meta name=\"twitter:card\" content=\"summary_large_image\" \/>\n<meta name=\"twitter:label1\" content=\"Dur\u00e9e de lecture estim\u00e9e\" \/>\n\t<meta name=\"twitter:data1\" content=\"4 minutes\" \/>\n<script type=\"application\/ld+json\" class=\"yoast-schema-graph\">{\"@context\":\"https:\/\/schema.org\",\"@graph\":[{\"@type\":\"WebPage\",\"@id\":\"https:\/\/www.trikomaseeds.com\/fr\/graines\/white-widow\/\",\"url\":\"https:\/\/www.trikomaseeds.com\/fr\/graines\/white-widow\/\",\"name\":\"White Widow \u3010Trikoma Seeds \u3011F\u00e9minis\u00e9e \u2713\",\"isPartOf\":{\"@id\":\"https:\/\/www.trikomaseeds.com\/fr\/#website\"},\"primaryImageOfPage\":{\"@id\":\"https:\/\/www.trikomaseeds.com\/fr\/graines\/white-widow\/#primaryimage\"},\"image\":{\"@id\":\"https:\/\/www.trikomaseeds.com\/fr\/graines\/white-widow\/#primaryimage\"},\"thumbnailUrl\":\"https:\/\/www.trikomaseeds.com\/wp-content\/uploads\/2019\/09\/the-palmar-800x800-1-500x500.jpg\",\"datePublished\":\"2019-09-24T12:32:56+00:00\",\"dateModified\":\"2024-06-25T18:37:24+00:00\",\"description\":\"White Widow avec 18% de THC et des effets apaisants. Achetez d\u00e8s maintenant au meilleur prix vos graines de White Widow f\u00e9minis\u00e9es chez Trikoma Seeds.\",\"breadcrumb\":{\"@id\":\"https:\/\/www.trikomaseeds.com\/fr\/graines\/white-widow\/#breadcrumb\"},\"inLanguage\":\"fr-FR\",\"potentialAction\":[{\"@type\":\"ReadAction\",\"target\":[\"https:\/\/www.trikomaseeds.com\/fr\/graines\/white-widow\/\"]}]},{\"@type\":\"ImageObject\",\"inLanguage\":\"fr-FR\",\"@id\":\"https:\/\/www.trikomaseeds.com\/fr\/graines\/white-widow\/#primaryimage\",\"url\":\"https:\/\/www.trikomaseeds.com\/wp-content\/uploads\/2019\/09\/the-palmar-800x800-1-500x500.jpg\",\"contentUrl\":\"https:\/\/www.trikomaseeds.com\/wp-content\/uploads\/2019\/09\/the-palmar-800x800-1-500x500.jpg\",\"width\":500,\"height\":500},{\"@type\":\"BreadcrumbList\",\"@id\":\"https:\/\/www.trikomaseeds.com\/fr\/graines\/white-widow\/#breadcrumb\",\"itemListElement\":[{\"@type\":\"ListItem\",\"position\":1,\"name\":\"Portada\",\"item\":\"https:\/\/www.trikomaseeds.com\/fr\/\"},{\"@type\":\"ListItem\",\"position\":2,\"name\":\"Shop\",\"item\":\"https:\/\/www.trikomaseeds.com\/fr\/shop\/\"},{\"@type\":\"ListItem\",\"position\":3,\"name\":\"White Widow\"}]},{\"@type\":\"WebSite\",\"@id\":\"https:\/\/www.trikomaseeds.com\/fr\/#website\",\"url\":\"https:\/\/www.trikomaseeds.com\/fr\/\",\"name\":\"Trikoma Seeds\",\"description\":\"Semillas de Marihuana Auto, Feminizadas y medicinales\",\"potentialAction\":[{\"@type\":\"SearchAction\",\"target\":{\"@type\":\"EntryPoint\",\"urlTemplate\":\"https:\/\/www.trikomaseeds.com\/fr\/?s={search_term_string}\"},\"query-input\":{\"@type\":\"PropertyValueSpecification\",\"valueRequired\":true,\"valueName\":\"search_term_string\"}}],\"inLanguage\":\"fr-FR\"}]}<\/script>\n<!-- \/ Yoast SEO plugin. -->","yoast_head_json":{"title":"White Widow \u3010Trikoma Seeds \u3011F\u00e9minis\u00e9e \u2713","description":"White Widow avec 18% de THC et des effets apaisants. Achetez d\u00e8s maintenant au meilleur prix vos graines de White Widow f\u00e9minis\u00e9es chez Trikoma Seeds.","robots":{"index":"index","follow":"follow","max-snippet":"max-snippet:-1","max-image-preview":"max-image-preview:large","max-video-preview":"max-video-preview:-1"},"canonical":"https:\/\/www.trikomaseeds.com\/fr\/graines\/white-widow\/","og_locale":"fr_FR","og_type":"article","og_title":"White Widow \u3010Trikoma Seeds \u3011F\u00e9minis\u00e9e \u2713","og_description":"White Widow avec 18% de THC et des effets apaisants. Achetez d\u00e8s maintenant au meilleur prix vos graines de White Widow f\u00e9minis\u00e9es chez Trikoma Seeds.","og_url":"https:\/\/www.trikomaseeds.com\/fr\/graines\/white-widow\/","og_site_name":"Trikoma Seeds","article_modified_time":"2024-06-25T18:37:24+00:00","og_image":[{"width":500,"height":500,"url":"https:\/\/www.trikomaseeds.com\/wp-content\/uploads\/2019\/09\/the-palmar-800x800-1-500x500.jpg","type":"image\/jpeg"}],"twitter_card":"summary_large_image","twitter_misc":{"Dur\u00e9e de lecture estim\u00e9e":"4 minutes"},"schema":{"@context":"https:\/\/schema.org","@graph":[{"@type":"WebPage","@id":"https:\/\/www.trikomaseeds.com\/fr\/graines\/white-widow\/","url":"https:\/\/www.trikomaseeds.com\/fr\/graines\/white-widow\/","name":"White Widow \u3010Trikoma Seeds \u3011F\u00e9minis\u00e9e \u2713","isPartOf":{"@id":"https:\/\/www.trikomaseeds.com\/fr\/#website"},"primaryImageOfPage":{"@id":"https:\/\/www.trikomaseeds.com\/fr\/graines\/white-widow\/#primaryimage"},"image":{"@id":"https:\/\/www.trikomaseeds.com\/fr\/graines\/white-widow\/#primaryimage"},"thumbnailUrl":"https:\/\/www.trikomaseeds.com\/wp-content\/uploads\/2019\/09\/the-palmar-800x800-1-500x500.jpg","datePublished":"2019-09-24T12:32:56+00:00","dateModified":"2024-06-25T18:37:24+00:00","description":"White Widow avec 18% de THC et des effets apaisants. Achetez d\u00e8s maintenant au meilleur prix vos graines de White Widow f\u00e9minis\u00e9es chez Trikoma Seeds.","breadcrumb":{"@id":"https:\/\/www.trikomaseeds.com\/fr\/graines\/white-widow\/#breadcrumb"},"inLanguage":"fr-FR","potentialAction":[{"@type":"ReadAction","target":["https:\/\/www.trikomaseeds.com\/fr\/graines\/white-widow\/"]}]},{"@type":"ImageObject","inLanguage":"fr-FR","@id":"https:\/\/www.trikomaseeds.com\/fr\/graines\/white-widow\/#primaryimage","url":"https:\/\/www.trikomaseeds.com\/wp-content\/uploads\/2019\/09\/the-palmar-800x800-1-500x500.jpg","contentUrl":"https:\/\/www.trikomaseeds.com\/wp-content\/uploads\/2019\/09\/the-palmar-800x800-1-500x500.jpg","width":500,"height":500},{"@type":"BreadcrumbList","@id":"https:\/\/www.trikomaseeds.com\/fr\/graines\/white-widow\/#breadcrumb","itemListElement":[{"@type":"ListItem","position":1,"name":"Portada","item":"https:\/\/www.trikomaseeds.com\/fr\/"},{"@type":"ListItem","position":2,"name":"Shop","item":"https:\/\/www.trikomaseeds.com\/fr\/shop\/"},{"@type":"ListItem","position":3,"name":"White Widow"}]},{"@type":"WebSite","@id":"https:\/\/www.trikomaseeds.com\/fr\/#website","url":"https:\/\/www.trikomaseeds.com\/fr\/","name":"Trikoma Seeds","description":"Semillas de Marihuana Auto, Feminizadas y medicinales","potentialAction":[{"@type":"SearchAction","target":{"@type":"EntryPoint","urlTemplate":"https:\/\/www.trikomaseeds.com\/fr\/?s={search_term_string}"},"query-input":{"@type":"PropertyValueSpecification","valueRequired":true,"valueName":"search_term_string"}}],"inLanguage":"fr-FR"}]}},"_links":{"self":[{"href":"https:\/\/www.trikomaseeds.com\/fr\/wp-json\/wp\/v2\/product\/1442","targetHints":{"allow":["GET"]}}],"collection":[{"href":"https:\/\/www.trikomaseeds.com\/fr\/wp-json\/wp\/v2\/product"}],"about":[{"href":"https:\/\/www.trikomaseeds.com\/fr\/wp-json\/wp\/v2\/types\/product"}],"replies":[{"embeddable":true,"href":"https:\/\/www.trikomaseeds.com\/fr\/wp-json\/wp\/v2\/comments?post=1442"}],"wp:featuredmedia":[{"embeddable":true,"href":"https:\/\/www.trikomaseeds.com\/fr\/wp-json\/wp\/v2\/media\/838"}],"wp:attachment":[{"href":"https:\/\/www.trikomaseeds.com\/fr\/wp-json\/wp\/v2\/media?parent=1442"}],"wp:term":[{"taxonomy":"product_cat","embeddable":true,"href":"https:\/\/www.trikomaseeds.com\/fr\/wp-json\/wp\/v2\/product_cat?post=1442"},{"taxonomy":"product_tag","embeddable":true,"href":"https:\/\/www.trikomaseeds.com\/fr\/wp-json\/wp\/v2\/product_tag?post=1442"}],"curies":[{"name":"wp","href":"https:\/\/api.w.org\/{rel}","templated":true}]}}