{"id":1421,"date":"2019-09-24T14:07:04","date_gmt":"2019-09-24T12:07:04","guid":{"rendered":"http:\/\/www.trikomaseeds.com\/semillas\/wendy-auto\/"},"modified":"2019-10-30T19:17:27","modified_gmt":"2019-10-30T18:17:27","slug":"wendy-auto","status":"publish","type":"product","link":"https:\/\/www.trikomaseeds.com\/fr\/graines\/wendy-auto\/","title":{"rendered":"Wendy Auto"},"content":{"rendered":"<h3 class=\"dotted_title uppercase\">CARACT\u00c9RISTIQUES<\/h3>\n<ul class=\"check\">\n<li>G\u00e9n\u00e9tique: Rudelaris x Black Widow<\/li>\n<li>G\u00e9notype: Autofleurrissante<\/li>\n<li>Production int\u00e9rieure: 400 &#8211; 600 g\/m<sup>2<\/sup>\u00a0(Avec 600W de lumi\u00e8re)<\/li>\n<li>Production ext\u00e9rieure: 60 &#8211; 150 g\/plante<\/li>\n<li>Floraison int\u00e9rieure: 80 jours (18h)<\/li>\n<li>Floraison ext\u00e9rieure: 50 &#8211; 70 jours<\/li>\n<\/ul>\n","protected":false},"excerpt":{"rendered":"<p align=\"justify\">Son nom d&rsquo;origine est La Traici\u00f3n de Wendy. C&rsquo;est une vari\u00e9t\u00e9 principalement Haze et une autoflorissante de derni\u00e8re g\u00e9n\u00e9ration, obtenue \u00e0 partir du croisement entre Rudelaris et Black Widow. Le r\u00e9sultat est une plante de hauteur moyenne et de structure ramifi\u00e9e qui d\u00e9veloppe une grande quantit\u00e9 de bourgeons tr\u00e8s r\u00e9sineux qui ont un ar\u00f4me incomparable de Haze.<\/p>\n<p><strong>THC:\u00a0<span class=\"destacado\">15%<\/span><\/strong><\/p>\n","protected":false},"featured_media":565,"comment_status":"open","ping_status":"closed","template":"","meta":[],"product_cat":[126],"product_tag":[359],"class_list":{"0":"post-1421","1":"product","2":"type-product","3":"status-publish","4":"has-post-thumbnail","6":"product_cat-autofleurrissante","7":"product_tag-autoflorecientes-fr","9":"first","10":"instock","11":"shipping-taxable","12":"purchasable","13":"product-type-variable","14":"has-default-attributes"},"yoast_head":"<!-- This site is optimized with the Yoast SEO plugin v25.6 - https:\/\/yoast.com\/wordpress\/plugins\/seo\/ -->\n<title>Wendy Auto - Trikoma Seeds<\/title>\n<meta name=\"robots\" content=\"index, follow, max-snippet:-1, max-image-preview:large, max-video-preview:-1\" \/>\n<link rel=\"canonical\" href=\"https:\/\/www.trikomaseeds.com\/fr\/graines\/wendy-auto\/\" \/>\n<meta property=\"og:locale\" content=\"fr_FR\" \/>\n<meta property=\"og:type\" content=\"article\" \/>\n<meta property=\"og:title\" content=\"Wendy Auto - Trikoma Seeds\" \/>\n<meta property=\"og:description\" content=\"Son nom d&#039;origine est La Traici\u00f3n de Wendy. C&#039;est une vari\u00e9t\u00e9 principalement Haze et une autoflorissante de derni\u00e8re g\u00e9n\u00e9ration, obtenue \u00e0 partir du croisement entre Rudelaris et Black Widow. Le r\u00e9sultat est une plante de hauteur moyenne et de structure ramifi\u00e9e qui d\u00e9veloppe une grande quantit\u00e9 de bourgeons tr\u00e8s r\u00e9sineux qui ont un ar\u00f4me incomparable de Haze. THC:\u00a015%\" \/>\n<meta property=\"og:url\" content=\"https:\/\/www.trikomaseeds.com\/fr\/graines\/wendy-auto\/\" \/>\n<meta property=\"og:site_name\" content=\"Trikoma Seeds\" \/>\n<meta property=\"article:modified_time\" content=\"2019-10-30T18:17:27+00:00\" \/>\n<meta property=\"og:image\" content=\"https:\/\/www.trikomaseeds.com\/wp-content\/uploads\/2019\/09\/Wendy_Auto_Trikoma_seeds_72-800x800.jpg\" \/>\n\t<meta property=\"og:image:width\" content=\"800\" \/>\n\t<meta property=\"og:image:height\" content=\"800\" \/>\n\t<meta property=\"og:image:type\" content=\"image\/jpeg\" \/>\n<meta name=\"twitter:card\" content=\"summary_large_image\" \/>\n<script type=\"application\/ld+json\" class=\"yoast-schema-graph\">{\"@context\":\"https:\/\/schema.org\",\"@graph\":[{\"@type\":\"WebPage\",\"@id\":\"https:\/\/www.trikomaseeds.com\/fr\/graines\/wendy-auto\/\",\"url\":\"https:\/\/www.trikomaseeds.com\/fr\/graines\/wendy-auto\/\",\"name\":\"Wendy Auto - Trikoma Seeds\",\"isPartOf\":{\"@id\":\"https:\/\/www.trikomaseeds.com\/fr\/#website\"},\"primaryImageOfPage\":{\"@id\":\"https:\/\/www.trikomaseeds.com\/fr\/graines\/wendy-auto\/#primaryimage\"},\"image\":{\"@id\":\"https:\/\/www.trikomaseeds.com\/fr\/graines\/wendy-auto\/#primaryimage\"},\"thumbnailUrl\":\"https:\/\/www.trikomaseeds.com\/wp-content\/uploads\/2019\/09\/Wendy_Auto_Trikoma_seeds_72-800x800.jpg\",\"datePublished\":\"2019-09-24T12:07:04+00:00\",\"dateModified\":\"2019-10-30T18:17:27+00:00\",\"breadcrumb\":{\"@id\":\"https:\/\/www.trikomaseeds.com\/fr\/graines\/wendy-auto\/#breadcrumb\"},\"inLanguage\":\"fr-FR\",\"potentialAction\":[{\"@type\":\"ReadAction\",\"target\":[\"https:\/\/www.trikomaseeds.com\/fr\/graines\/wendy-auto\/\"]}]},{\"@type\":\"ImageObject\",\"inLanguage\":\"fr-FR\",\"@id\":\"https:\/\/www.trikomaseeds.com\/fr\/graines\/wendy-auto\/#primaryimage\",\"url\":\"https:\/\/www.trikomaseeds.com\/wp-content\/uploads\/2019\/09\/Wendy_Auto_Trikoma_seeds_72-800x800.jpg\",\"contentUrl\":\"https:\/\/www.trikomaseeds.com\/wp-content\/uploads\/2019\/09\/Wendy_Auto_Trikoma_seeds_72-800x800.jpg\",\"width\":800,\"height\":800},{\"@type\":\"BreadcrumbList\",\"@id\":\"https:\/\/www.trikomaseeds.com\/fr\/graines\/wendy-auto\/#breadcrumb\",\"itemListElement\":[{\"@type\":\"ListItem\",\"position\":1,\"name\":\"Portada\",\"item\":\"https:\/\/www.trikomaseeds.com\/fr\/\"},{\"@type\":\"ListItem\",\"position\":2,\"name\":\"Shop\",\"item\":\"https:\/\/www.trikomaseeds.com\/fr\/shop\/\"},{\"@type\":\"ListItem\",\"position\":3,\"name\":\"Wendy Auto\"}]},{\"@type\":\"WebSite\",\"@id\":\"https:\/\/www.trikomaseeds.com\/fr\/#website\",\"url\":\"https:\/\/www.trikomaseeds.com\/fr\/\",\"name\":\"Trikoma Seeds\",\"description\":\"Semillas de Marihuana Auto, Feminizadas y medicinales\",\"potentialAction\":[{\"@type\":\"SearchAction\",\"target\":{\"@type\":\"EntryPoint\",\"urlTemplate\":\"https:\/\/www.trikomaseeds.com\/fr\/?s={search_term_string}\"},\"query-input\":{\"@type\":\"PropertyValueSpecification\",\"valueRequired\":true,\"valueName\":\"search_term_string\"}}],\"inLanguage\":\"fr-FR\"}]}<\/script>\n<!-- \/ Yoast SEO plugin. -->","yoast_head_json":{"title":"Wendy Auto - Trikoma Seeds","robots":{"index":"index","follow":"follow","max-snippet":"max-snippet:-1","max-image-preview":"max-image-preview:large","max-video-preview":"max-video-preview:-1"},"canonical":"https:\/\/www.trikomaseeds.com\/fr\/graines\/wendy-auto\/","og_locale":"fr_FR","og_type":"article","og_title":"Wendy Auto - Trikoma Seeds","og_description":"Son nom d'origine est La Traici\u00f3n de Wendy. C'est une vari\u00e9t\u00e9 principalement Haze et une autoflorissante de derni\u00e8re g\u00e9n\u00e9ration, obtenue \u00e0 partir du croisement entre Rudelaris et Black Widow. Le r\u00e9sultat est une plante de hauteur moyenne et de structure ramifi\u00e9e qui d\u00e9veloppe une grande quantit\u00e9 de bourgeons tr\u00e8s r\u00e9sineux qui ont un ar\u00f4me incomparable de Haze. THC:\u00a015%","og_url":"https:\/\/www.trikomaseeds.com\/fr\/graines\/wendy-auto\/","og_site_name":"Trikoma Seeds","article_modified_time":"2019-10-30T18:17:27+00:00","og_image":[{"width":800,"height":800,"url":"https:\/\/www.trikomaseeds.com\/wp-content\/uploads\/2019\/09\/Wendy_Auto_Trikoma_seeds_72-800x800.jpg","type":"image\/jpeg"}],"twitter_card":"summary_large_image","schema":{"@context":"https:\/\/schema.org","@graph":[{"@type":"WebPage","@id":"https:\/\/www.trikomaseeds.com\/fr\/graines\/wendy-auto\/","url":"https:\/\/www.trikomaseeds.com\/fr\/graines\/wendy-auto\/","name":"Wendy Auto - Trikoma Seeds","isPartOf":{"@id":"https:\/\/www.trikomaseeds.com\/fr\/#website"},"primaryImageOfPage":{"@id":"https:\/\/www.trikomaseeds.com\/fr\/graines\/wendy-auto\/#primaryimage"},"image":{"@id":"https:\/\/www.trikomaseeds.com\/fr\/graines\/wendy-auto\/#primaryimage"},"thumbnailUrl":"https:\/\/www.trikomaseeds.com\/wp-content\/uploads\/2019\/09\/Wendy_Auto_Trikoma_seeds_72-800x800.jpg","datePublished":"2019-09-24T12:07:04+00:00","dateModified":"2019-10-30T18:17:27+00:00","breadcrumb":{"@id":"https:\/\/www.trikomaseeds.com\/fr\/graines\/wendy-auto\/#breadcrumb"},"inLanguage":"fr-FR","potentialAction":[{"@type":"ReadAction","target":["https:\/\/www.trikomaseeds.com\/fr\/graines\/wendy-auto\/"]}]},{"@type":"ImageObject","inLanguage":"fr-FR","@id":"https:\/\/www.trikomaseeds.com\/fr\/graines\/wendy-auto\/#primaryimage","url":"https:\/\/www.trikomaseeds.com\/wp-content\/uploads\/2019\/09\/Wendy_Auto_Trikoma_seeds_72-800x800.jpg","contentUrl":"https:\/\/www.trikomaseeds.com\/wp-content\/uploads\/2019\/09\/Wendy_Auto_Trikoma_seeds_72-800x800.jpg","width":800,"height":800},{"@type":"BreadcrumbList","@id":"https:\/\/www.trikomaseeds.com\/fr\/graines\/wendy-auto\/#breadcrumb","itemListElement":[{"@type":"ListItem","position":1,"name":"Portada","item":"https:\/\/www.trikomaseeds.com\/fr\/"},{"@type":"ListItem","position":2,"name":"Shop","item":"https:\/\/www.trikomaseeds.com\/fr\/shop\/"},{"@type":"ListItem","position":3,"name":"Wendy Auto"}]},{"@type":"WebSite","@id":"https:\/\/www.trikomaseeds.com\/fr\/#website","url":"https:\/\/www.trikomaseeds.com\/fr\/","name":"Trikoma Seeds","description":"Semillas de Marihuana Auto, Feminizadas y medicinales","potentialAction":[{"@type":"SearchAction","target":{"@type":"EntryPoint","urlTemplate":"https:\/\/www.trikomaseeds.com\/fr\/?s={search_term_string}"},"query-input":{"@type":"PropertyValueSpecification","valueRequired":true,"valueName":"search_term_string"}}],"inLanguage":"fr-FR"}]}},"_links":{"self":[{"href":"https:\/\/www.trikomaseeds.com\/fr\/wp-json\/wp\/v2\/product\/1421","targetHints":{"allow":["GET"]}}],"collection":[{"href":"https:\/\/www.trikomaseeds.com\/fr\/wp-json\/wp\/v2\/product"}],"about":[{"href":"https:\/\/www.trikomaseeds.com\/fr\/wp-json\/wp\/v2\/types\/product"}],"replies":[{"embeddable":true,"href":"https:\/\/www.trikomaseeds.com\/fr\/wp-json\/wp\/v2\/comments?post=1421"}],"wp:featuredmedia":[{"embeddable":true,"href":"https:\/\/www.trikomaseeds.com\/fr\/wp-json\/wp\/v2\/media\/565"}],"wp:attachment":[{"href":"https:\/\/www.trikomaseeds.com\/fr\/wp-json\/wp\/v2\/media?parent=1421"}],"wp:term":[{"taxonomy":"product_cat","embeddable":true,"href":"https:\/\/www.trikomaseeds.com\/fr\/wp-json\/wp\/v2\/product_cat?post=1421"},{"taxonomy":"product_tag","embeddable":true,"href":"https:\/\/www.trikomaseeds.com\/fr\/wp-json\/wp\/v2\/product_tag?post=1421"}],"curies":[{"name":"wp","href":"https:\/\/api.w.org\/{rel}","templated":true}]}}