{"id":1379,"date":"2019-09-24T14:34:42","date_gmt":"2019-09-24T12:34:42","guid":{"rendered":"http:\/\/www.trikomaseeds.com\/semillas\/sweet-madness-cbd\/"},"modified":"2020-02-03T13:19:33","modified_gmt":"2020-02-03T12:19:33","slug":"sweet-madness-cbd","status":"publish","type":"product","link":"https:\/\/www.trikomaseeds.com\/fr\/graines\/sweet-madness-cbd\/","title":{"rendered":"Sweet Madness CBD"},"content":{"rendered":"<h3 class=\"dotted_title uppercase\">CARACT\u00c9RISTIQUES<\/h3>\n<ul class=\"check\">\n<li>G\u00e9n\u00e9tique: Sweet Madness X CBD<\/li>\n<li>G\u00e9notype: Sativa 25% -\/\/- Indica 75%<\/li>\n<li>Production int\u00e9rieure: 450 g\/m<sup>2<\/sup>\u00a0(Avec 600W de lumi\u00e8re)<\/li>\n<li>Production ext\u00e9rieure: 0,6 &#8211; 1 Kg\/plante<\/li>\n<li>Floraison int\u00e9rieure: 55 &#8211; 60 jours (18h)<\/li>\n<li>Floraison ext\u00e9rieure: Septembre<\/li>\n<li>Floraison Am\u00e9rique Latine: Mars<\/li>\n<\/ul>\n","protected":false},"excerpt":{"rendered":"<p align=\"justify\">Comme son ph\u00e9notype f\u00e9minis\u00e9, la version CBD poss\u00e8de les principales caract\u00e9ristiques de l&rsquo;Indica. C&rsquo;est une plante petite et tr\u00e8s robuste, avec des nuances de vert clair. Elle produit des bourgeons \u00e9pais, dans sa version CBD moins r\u00e9sineux que la version f\u00e9minis\u00e9e, qui conserve sa saveur de baies. Avec un ratio 1\/1 de CBD, c\u00b4est fortement recommand\u00e9e pour un usage th\u00e9rapeutique.<\/p>\n<p><strong>THC:\u00a0<span class=\"destacado\">10%\u00a0<\/span>CBD:\u00a0<span class=\"destacado\">8%<\/span>\u00a0Ratio:\u00a0<span class=\"destacado\">1:1<\/span><\/strong><\/p>\n","protected":false},"featured_media":656,"comment_status":"open","ping_status":"closed","template":"","meta":[],"product_cat":[140],"product_tag":[361],"class_list":{"0":"post-1379","1":"product","2":"type-product","3":"status-publish","4":"has-post-thumbnail","6":"product_cat-medicament-cbd","7":"product_tag-cbd-fr","9":"first","10":"outofstock","11":"shipping-taxable","12":"purchasable","13":"product-type-variable","14":"has-default-attributes"},"yoast_head":"<!-- This site is optimized with the Yoast SEO plugin v25.6 - https:\/\/yoast.com\/wordpress\/plugins\/seo\/ -->\n<title>Sweet Madness CBD: graines de marijuana medicinal de Trikoma Seeds<\/title>\n<meta name=\"description\" content=\"Sweet Madness CBD: graines de marijuana medicinal marihuana deTrikoma Seeds. Cultivez vos graines de cannabis f\u00e9minis\u00e9es, autofleurissantes ou CBD au meilleur prix. Livraison discr\u00e8te et s\u00e9curis\u00e9e \u00e0 votre pays.\" \/>\n<meta name=\"robots\" content=\"index, follow, max-snippet:-1, max-image-preview:large, max-video-preview:-1\" \/>\n<link rel=\"canonical\" href=\"https:\/\/www.trikomaseeds.com\/fr\/graines\/sweet-madness-cbd\/\" \/>\n<meta property=\"og:locale\" content=\"fr_FR\" \/>\n<meta property=\"og:type\" content=\"article\" \/>\n<meta property=\"og:title\" content=\"Sweet Madness CBD: graines de marijuana medicinal de Trikoma Seeds\" \/>\n<meta property=\"og:description\" content=\"Sweet Madness CBD: graines de marijuana medicinal marihuana deTrikoma Seeds. Cultivez vos graines de cannabis f\u00e9minis\u00e9es, autofleurissantes ou CBD au meilleur prix. Livraison discr\u00e8te et s\u00e9curis\u00e9e \u00e0 votre pays.\" \/>\n<meta property=\"og:url\" content=\"https:\/\/www.trikomaseeds.com\/fr\/graines\/sweet-madness-cbd\/\" \/>\n<meta property=\"og:site_name\" content=\"Trikoma Seeds\" \/>\n<meta property=\"article:modified_time\" content=\"2020-02-03T12:19:33+00:00\" \/>\n<meta property=\"og:image\" content=\"https:\/\/www.trikomaseeds.com\/wp-content\/uploads\/2019\/09\/SweetMadness_Trikoma_seeds_72-800x800-1.jpg\" \/>\n\t<meta property=\"og:image:width\" content=\"800\" \/>\n\t<meta property=\"og:image:height\" content=\"800\" \/>\n\t<meta property=\"og:image:type\" content=\"image\/jpeg\" \/>\n<meta name=\"twitter:card\" content=\"summary_large_image\" \/>\n<script type=\"application\/ld+json\" class=\"yoast-schema-graph\">{\"@context\":\"https:\/\/schema.org\",\"@graph\":[{\"@type\":\"WebPage\",\"@id\":\"https:\/\/www.trikomaseeds.com\/fr\/graines\/sweet-madness-cbd\/\",\"url\":\"https:\/\/www.trikomaseeds.com\/fr\/graines\/sweet-madness-cbd\/\",\"name\":\"Sweet Madness CBD: graines de marijuana medicinal de Trikoma Seeds\",\"isPartOf\":{\"@id\":\"https:\/\/www.trikomaseeds.com\/fr\/#website\"},\"primaryImageOfPage\":{\"@id\":\"https:\/\/www.trikomaseeds.com\/fr\/graines\/sweet-madness-cbd\/#primaryimage\"},\"image\":{\"@id\":\"https:\/\/www.trikomaseeds.com\/fr\/graines\/sweet-madness-cbd\/#primaryimage\"},\"thumbnailUrl\":\"https:\/\/www.trikomaseeds.com\/wp-content\/uploads\/2019\/09\/SweetMadness_Trikoma_seeds_72-800x800-1.jpg\",\"datePublished\":\"2019-09-24T12:34:42+00:00\",\"dateModified\":\"2020-02-03T12:19:33+00:00\",\"description\":\"Sweet Madness CBD: graines de marijuana medicinal marihuana deTrikoma Seeds. Cultivez vos graines de cannabis f\u00e9minis\u00e9es, autofleurissantes ou CBD au meilleur prix. Livraison discr\u00e8te et s\u00e9curis\u00e9e \u00e0 votre pays.\",\"breadcrumb\":{\"@id\":\"https:\/\/www.trikomaseeds.com\/fr\/graines\/sweet-madness-cbd\/#breadcrumb\"},\"inLanguage\":\"fr-FR\",\"potentialAction\":[{\"@type\":\"ReadAction\",\"target\":[\"https:\/\/www.trikomaseeds.com\/fr\/graines\/sweet-madness-cbd\/\"]}]},{\"@type\":\"ImageObject\",\"inLanguage\":\"fr-FR\",\"@id\":\"https:\/\/www.trikomaseeds.com\/fr\/graines\/sweet-madness-cbd\/#primaryimage\",\"url\":\"https:\/\/www.trikomaseeds.com\/wp-content\/uploads\/2019\/09\/SweetMadness_Trikoma_seeds_72-800x800-1.jpg\",\"contentUrl\":\"https:\/\/www.trikomaseeds.com\/wp-content\/uploads\/2019\/09\/SweetMadness_Trikoma_seeds_72-800x800-1.jpg\",\"width\":800,\"height\":800,\"caption\":\"Sweet Madness CBD\"},{\"@type\":\"BreadcrumbList\",\"@id\":\"https:\/\/www.trikomaseeds.com\/fr\/graines\/sweet-madness-cbd\/#breadcrumb\",\"itemListElement\":[{\"@type\":\"ListItem\",\"position\":1,\"name\":\"Portada\",\"item\":\"https:\/\/www.trikomaseeds.com\/fr\/\"},{\"@type\":\"ListItem\",\"position\":2,\"name\":\"Shop\",\"item\":\"https:\/\/www.trikomaseeds.com\/fr\/shop\/\"},{\"@type\":\"ListItem\",\"position\":3,\"name\":\"Sweet Madness CBD\"}]},{\"@type\":\"WebSite\",\"@id\":\"https:\/\/www.trikomaseeds.com\/fr\/#website\",\"url\":\"https:\/\/www.trikomaseeds.com\/fr\/\",\"name\":\"Trikoma Seeds\",\"description\":\"Semillas de Marihuana Auto, Feminizadas y medicinales\",\"potentialAction\":[{\"@type\":\"SearchAction\",\"target\":{\"@type\":\"EntryPoint\",\"urlTemplate\":\"https:\/\/www.trikomaseeds.com\/fr\/?s={search_term_string}\"},\"query-input\":{\"@type\":\"PropertyValueSpecification\",\"valueRequired\":true,\"valueName\":\"search_term_string\"}}],\"inLanguage\":\"fr-FR\"}]}<\/script>\n<!-- \/ Yoast SEO plugin. -->","yoast_head_json":{"title":"Sweet Madness CBD: graines de marijuana medicinal de Trikoma Seeds","description":"Sweet Madness CBD: graines de marijuana medicinal marihuana deTrikoma Seeds. Cultivez vos graines de cannabis f\u00e9minis\u00e9es, autofleurissantes ou CBD au meilleur prix. Livraison discr\u00e8te et s\u00e9curis\u00e9e \u00e0 votre pays.","robots":{"index":"index","follow":"follow","max-snippet":"max-snippet:-1","max-image-preview":"max-image-preview:large","max-video-preview":"max-video-preview:-1"},"canonical":"https:\/\/www.trikomaseeds.com\/fr\/graines\/sweet-madness-cbd\/","og_locale":"fr_FR","og_type":"article","og_title":"Sweet Madness CBD: graines de marijuana medicinal de Trikoma Seeds","og_description":"Sweet Madness CBD: graines de marijuana medicinal marihuana deTrikoma Seeds. Cultivez vos graines de cannabis f\u00e9minis\u00e9es, autofleurissantes ou CBD au meilleur prix. Livraison discr\u00e8te et s\u00e9curis\u00e9e \u00e0 votre pays.","og_url":"https:\/\/www.trikomaseeds.com\/fr\/graines\/sweet-madness-cbd\/","og_site_name":"Trikoma Seeds","article_modified_time":"2020-02-03T12:19:33+00:00","og_image":[{"width":800,"height":800,"url":"https:\/\/www.trikomaseeds.com\/wp-content\/uploads\/2019\/09\/SweetMadness_Trikoma_seeds_72-800x800-1.jpg","type":"image\/jpeg"}],"twitter_card":"summary_large_image","schema":{"@context":"https:\/\/schema.org","@graph":[{"@type":"WebPage","@id":"https:\/\/www.trikomaseeds.com\/fr\/graines\/sweet-madness-cbd\/","url":"https:\/\/www.trikomaseeds.com\/fr\/graines\/sweet-madness-cbd\/","name":"Sweet Madness CBD: graines de marijuana medicinal de Trikoma Seeds","isPartOf":{"@id":"https:\/\/www.trikomaseeds.com\/fr\/#website"},"primaryImageOfPage":{"@id":"https:\/\/www.trikomaseeds.com\/fr\/graines\/sweet-madness-cbd\/#primaryimage"},"image":{"@id":"https:\/\/www.trikomaseeds.com\/fr\/graines\/sweet-madness-cbd\/#primaryimage"},"thumbnailUrl":"https:\/\/www.trikomaseeds.com\/wp-content\/uploads\/2019\/09\/SweetMadness_Trikoma_seeds_72-800x800-1.jpg","datePublished":"2019-09-24T12:34:42+00:00","dateModified":"2020-02-03T12:19:33+00:00","description":"Sweet Madness CBD: graines de marijuana medicinal marihuana deTrikoma Seeds. Cultivez vos graines de cannabis f\u00e9minis\u00e9es, autofleurissantes ou CBD au meilleur prix. Livraison discr\u00e8te et s\u00e9curis\u00e9e \u00e0 votre pays.","breadcrumb":{"@id":"https:\/\/www.trikomaseeds.com\/fr\/graines\/sweet-madness-cbd\/#breadcrumb"},"inLanguage":"fr-FR","potentialAction":[{"@type":"ReadAction","target":["https:\/\/www.trikomaseeds.com\/fr\/graines\/sweet-madness-cbd\/"]}]},{"@type":"ImageObject","inLanguage":"fr-FR","@id":"https:\/\/www.trikomaseeds.com\/fr\/graines\/sweet-madness-cbd\/#primaryimage","url":"https:\/\/www.trikomaseeds.com\/wp-content\/uploads\/2019\/09\/SweetMadness_Trikoma_seeds_72-800x800-1.jpg","contentUrl":"https:\/\/www.trikomaseeds.com\/wp-content\/uploads\/2019\/09\/SweetMadness_Trikoma_seeds_72-800x800-1.jpg","width":800,"height":800,"caption":"Sweet Madness CBD"},{"@type":"BreadcrumbList","@id":"https:\/\/www.trikomaseeds.com\/fr\/graines\/sweet-madness-cbd\/#breadcrumb","itemListElement":[{"@type":"ListItem","position":1,"name":"Portada","item":"https:\/\/www.trikomaseeds.com\/fr\/"},{"@type":"ListItem","position":2,"name":"Shop","item":"https:\/\/www.trikomaseeds.com\/fr\/shop\/"},{"@type":"ListItem","position":3,"name":"Sweet Madness CBD"}]},{"@type":"WebSite","@id":"https:\/\/www.trikomaseeds.com\/fr\/#website","url":"https:\/\/www.trikomaseeds.com\/fr\/","name":"Trikoma Seeds","description":"Semillas de Marihuana Auto, Feminizadas y medicinales","potentialAction":[{"@type":"SearchAction","target":{"@type":"EntryPoint","urlTemplate":"https:\/\/www.trikomaseeds.com\/fr\/?s={search_term_string}"},"query-input":{"@type":"PropertyValueSpecification","valueRequired":true,"valueName":"search_term_string"}}],"inLanguage":"fr-FR"}]}},"_links":{"self":[{"href":"https:\/\/www.trikomaseeds.com\/fr\/wp-json\/wp\/v2\/product\/1379","targetHints":{"allow":["GET"]}}],"collection":[{"href":"https:\/\/www.trikomaseeds.com\/fr\/wp-json\/wp\/v2\/product"}],"about":[{"href":"https:\/\/www.trikomaseeds.com\/fr\/wp-json\/wp\/v2\/types\/product"}],"replies":[{"embeddable":true,"href":"https:\/\/www.trikomaseeds.com\/fr\/wp-json\/wp\/v2\/comments?post=1379"}],"wp:featuredmedia":[{"embeddable":true,"href":"https:\/\/www.trikomaseeds.com\/fr\/wp-json\/wp\/v2\/media\/656"}],"wp:attachment":[{"href":"https:\/\/www.trikomaseeds.com\/fr\/wp-json\/wp\/v2\/media?parent=1379"}],"wp:term":[{"taxonomy":"product_cat","embeddable":true,"href":"https:\/\/www.trikomaseeds.com\/fr\/wp-json\/wp\/v2\/product_cat?post=1379"},{"taxonomy":"product_tag","embeddable":true,"href":"https:\/\/www.trikomaseeds.com\/fr\/wp-json\/wp\/v2\/product_tag?post=1379"}],"curies":[{"name":"wp","href":"https:\/\/api.w.org\/{rel}","templated":true}]}}