{"id":1337,"date":"2019-09-24T14:05:47","date_gmt":"2019-09-24T12:05:47","guid":{"rendered":"http:\/\/www.trikomaseeds.com\/semillas\/super-cheese-auto\/"},"modified":"2020-06-22T16:34:51","modified_gmt":"2020-06-22T14:34:51","slug":"total-cheese-auto-aka-super-cheese-auto","status":"publish","type":"product","link":"https:\/\/www.trikomaseeds.com\/fr\/graines\/total-cheese-auto-aka-super-cheese-auto\/","title":{"rendered":"Total Cheese Auto (aka Super Cheese Auto)"},"content":{"rendered":"<h3 class=\"dotted_title uppercase\">CARACT\u00c9RISTIQUES<\/h3>\n<ul class=\"check\">\n<li>G\u00e9n\u00e9tique: Cheese x Critical x Ruderalis<\/li>\n<li>G\u00e9notype: Autofleurrissante<\/li>\n<li>Production int\u00e9rieure: 500 g\/m<sup>2<\/sup>\u00a0(Avec 600W de lumi\u00e8re)<\/li>\n<li>Production ext\u00e9rieure: 60 &#8211; 250 g\/plante<\/li>\n<li>Floraison int\u00e9rieure: 80 jours (18h)<\/li>\n<li>Floraison ext\u00e9rieure: 50 &#8211; 80 jours<\/li>\n<\/ul>\n","protected":false},"excerpt":{"rendered":"<p align=\"justify\">Cette vari\u00e9t\u00e9 provient d&rsquo;un m\u00e9lange des plantes les plus savoureuses de la troisi\u00e8me g\u00e9n\u00e9ration, elle a une grande taille et maintient les caract\u00e9ristiques de la version f\u00e9minis\u00e9e. C&rsquo;est une plante tr\u00e8s productive et n&rsquo;a aucune complication dans sa culture. Parfois, elle arrive \u00e0 d\u00e9velopper des bourgeons si lourds que les branches ne sont pas assez fortes pour supporter tout leur poids.<\/p>\n<p><strong>THC:\u00a0<span class=\"destacado\">13%<\/span><\/strong><\/p>\n","protected":false},"featured_media":558,"comment_status":"open","ping_status":"closed","template":"","meta":[],"product_cat":[126],"product_tag":[],"class_list":{"0":"post-1337","1":"product","2":"type-product","3":"status-publish","4":"has-post-thumbnail","6":"product_cat-autofleurrissante","8":"first","9":"instock","10":"shipping-taxable","11":"purchasable","12":"product-type-variable","13":"has-default-attributes"},"yoast_head":"<!-- This site is optimized with the Yoast SEO plugin v25.6 - https:\/\/yoast.com\/wordpress\/plugins\/seo\/ -->\n<title>Total Cheese Auto (aka Super Cheese Auto) - Trikoma Seeds<\/title>\n<meta name=\"robots\" content=\"index, follow, max-snippet:-1, max-image-preview:large, max-video-preview:-1\" \/>\n<link rel=\"canonical\" href=\"https:\/\/www.trikomaseeds.com\/fr\/graines\/total-cheese-auto-aka-super-cheese-auto\/\" \/>\n<meta property=\"og:locale\" content=\"fr_FR\" \/>\n<meta property=\"og:type\" content=\"article\" \/>\n<meta property=\"og:title\" content=\"Total Cheese Auto (aka Super Cheese Auto) - Trikoma Seeds\" \/>\n<meta property=\"og:description\" content=\"Cette vari\u00e9t\u00e9 provient d&#039;un m\u00e9lange des plantes les plus savoureuses de la troisi\u00e8me g\u00e9n\u00e9ration, elle a une grande taille et maintient les caract\u00e9ristiques de la version f\u00e9minis\u00e9e. C&#039;est une plante tr\u00e8s productive et n&#039;a aucune complication dans sa culture. Parfois, elle arrive \u00e0 d\u00e9velopper des bourgeons si lourds que les branches ne sont pas assez fortes pour supporter tout leur poids. THC:\u00a013%\" \/>\n<meta property=\"og:url\" content=\"https:\/\/www.trikomaseeds.com\/fr\/graines\/total-cheese-auto-aka-super-cheese-auto\/\" \/>\n<meta property=\"og:site_name\" content=\"Trikoma Seeds\" \/>\n<meta property=\"article:modified_time\" content=\"2020-06-22T14:34:51+00:00\" \/>\n<meta property=\"og:image\" content=\"https:\/\/www.trikomaseeds.com\/wp-content\/uploads\/2019\/09\/SuperCheese_Auto_Trikoma_seeds_72-800x800.jpg\" \/>\n\t<meta property=\"og:image:width\" content=\"800\" \/>\n\t<meta property=\"og:image:height\" content=\"800\" \/>\n\t<meta property=\"og:image:type\" content=\"image\/jpeg\" \/>\n<meta name=\"twitter:card\" content=\"summary_large_image\" \/>\n<script type=\"application\/ld+json\" class=\"yoast-schema-graph\">{\"@context\":\"https:\/\/schema.org\",\"@graph\":[{\"@type\":\"WebPage\",\"@id\":\"https:\/\/www.trikomaseeds.com\/fr\/graines\/total-cheese-auto-aka-super-cheese-auto\/\",\"url\":\"https:\/\/www.trikomaseeds.com\/fr\/graines\/total-cheese-auto-aka-super-cheese-auto\/\",\"name\":\"Total Cheese Auto (aka Super Cheese Auto) - Trikoma Seeds\",\"isPartOf\":{\"@id\":\"https:\/\/www.trikomaseeds.com\/fr\/#website\"},\"primaryImageOfPage\":{\"@id\":\"https:\/\/www.trikomaseeds.com\/fr\/graines\/total-cheese-auto-aka-super-cheese-auto\/#primaryimage\"},\"image\":{\"@id\":\"https:\/\/www.trikomaseeds.com\/fr\/graines\/total-cheese-auto-aka-super-cheese-auto\/#primaryimage\"},\"thumbnailUrl\":\"https:\/\/www.trikomaseeds.com\/wp-content\/uploads\/2019\/09\/SuperCheese_Auto_Trikoma_seeds_72-800x800.jpg\",\"datePublished\":\"2019-09-24T12:05:47+00:00\",\"dateModified\":\"2020-06-22T14:34:51+00:00\",\"breadcrumb\":{\"@id\":\"https:\/\/www.trikomaseeds.com\/fr\/graines\/total-cheese-auto-aka-super-cheese-auto\/#breadcrumb\"},\"inLanguage\":\"fr-FR\",\"potentialAction\":[{\"@type\":\"ReadAction\",\"target\":[\"https:\/\/www.trikomaseeds.com\/fr\/graines\/total-cheese-auto-aka-super-cheese-auto\/\"]}]},{\"@type\":\"ImageObject\",\"inLanguage\":\"fr-FR\",\"@id\":\"https:\/\/www.trikomaseeds.com\/fr\/graines\/total-cheese-auto-aka-super-cheese-auto\/#primaryimage\",\"url\":\"https:\/\/www.trikomaseeds.com\/wp-content\/uploads\/2019\/09\/SuperCheese_Auto_Trikoma_seeds_72-800x800.jpg\",\"contentUrl\":\"https:\/\/www.trikomaseeds.com\/wp-content\/uploads\/2019\/09\/SuperCheese_Auto_Trikoma_seeds_72-800x800.jpg\",\"width\":800,\"height\":800},{\"@type\":\"BreadcrumbList\",\"@id\":\"https:\/\/www.trikomaseeds.com\/fr\/graines\/total-cheese-auto-aka-super-cheese-auto\/#breadcrumb\",\"itemListElement\":[{\"@type\":\"ListItem\",\"position\":1,\"name\":\"Portada\",\"item\":\"https:\/\/www.trikomaseeds.com\/fr\/\"},{\"@type\":\"ListItem\",\"position\":2,\"name\":\"Shop\",\"item\":\"https:\/\/www.trikomaseeds.com\/fr\/shop\/\"},{\"@type\":\"ListItem\",\"position\":3,\"name\":\"Total Cheese Auto (aka Super Cheese Auto)\"}]},{\"@type\":\"WebSite\",\"@id\":\"https:\/\/www.trikomaseeds.com\/fr\/#website\",\"url\":\"https:\/\/www.trikomaseeds.com\/fr\/\",\"name\":\"Trikoma Seeds\",\"description\":\"Semillas de Marihuana Auto, Feminizadas y medicinales\",\"potentialAction\":[{\"@type\":\"SearchAction\",\"target\":{\"@type\":\"EntryPoint\",\"urlTemplate\":\"https:\/\/www.trikomaseeds.com\/fr\/?s={search_term_string}\"},\"query-input\":{\"@type\":\"PropertyValueSpecification\",\"valueRequired\":true,\"valueName\":\"search_term_string\"}}],\"inLanguage\":\"fr-FR\"}]}<\/script>\n<!-- \/ Yoast SEO plugin. -->","yoast_head_json":{"title":"Total Cheese Auto (aka Super Cheese Auto) - Trikoma Seeds","robots":{"index":"index","follow":"follow","max-snippet":"max-snippet:-1","max-image-preview":"max-image-preview:large","max-video-preview":"max-video-preview:-1"},"canonical":"https:\/\/www.trikomaseeds.com\/fr\/graines\/total-cheese-auto-aka-super-cheese-auto\/","og_locale":"fr_FR","og_type":"article","og_title":"Total Cheese Auto (aka Super Cheese Auto) - Trikoma Seeds","og_description":"Cette vari\u00e9t\u00e9 provient d'un m\u00e9lange des plantes les plus savoureuses de la troisi\u00e8me g\u00e9n\u00e9ration, elle a une grande taille et maintient les caract\u00e9ristiques de la version f\u00e9minis\u00e9e. C'est une plante tr\u00e8s productive et n'a aucune complication dans sa culture. Parfois, elle arrive \u00e0 d\u00e9velopper des bourgeons si lourds que les branches ne sont pas assez fortes pour supporter tout leur poids. THC:\u00a013%","og_url":"https:\/\/www.trikomaseeds.com\/fr\/graines\/total-cheese-auto-aka-super-cheese-auto\/","og_site_name":"Trikoma Seeds","article_modified_time":"2020-06-22T14:34:51+00:00","og_image":[{"width":800,"height":800,"url":"https:\/\/www.trikomaseeds.com\/wp-content\/uploads\/2019\/09\/SuperCheese_Auto_Trikoma_seeds_72-800x800.jpg","type":"image\/jpeg"}],"twitter_card":"summary_large_image","schema":{"@context":"https:\/\/schema.org","@graph":[{"@type":"WebPage","@id":"https:\/\/www.trikomaseeds.com\/fr\/graines\/total-cheese-auto-aka-super-cheese-auto\/","url":"https:\/\/www.trikomaseeds.com\/fr\/graines\/total-cheese-auto-aka-super-cheese-auto\/","name":"Total Cheese Auto (aka Super Cheese Auto) - Trikoma Seeds","isPartOf":{"@id":"https:\/\/www.trikomaseeds.com\/fr\/#website"},"primaryImageOfPage":{"@id":"https:\/\/www.trikomaseeds.com\/fr\/graines\/total-cheese-auto-aka-super-cheese-auto\/#primaryimage"},"image":{"@id":"https:\/\/www.trikomaseeds.com\/fr\/graines\/total-cheese-auto-aka-super-cheese-auto\/#primaryimage"},"thumbnailUrl":"https:\/\/www.trikomaseeds.com\/wp-content\/uploads\/2019\/09\/SuperCheese_Auto_Trikoma_seeds_72-800x800.jpg","datePublished":"2019-09-24T12:05:47+00:00","dateModified":"2020-06-22T14:34:51+00:00","breadcrumb":{"@id":"https:\/\/www.trikomaseeds.com\/fr\/graines\/total-cheese-auto-aka-super-cheese-auto\/#breadcrumb"},"inLanguage":"fr-FR","potentialAction":[{"@type":"ReadAction","target":["https:\/\/www.trikomaseeds.com\/fr\/graines\/total-cheese-auto-aka-super-cheese-auto\/"]}]},{"@type":"ImageObject","inLanguage":"fr-FR","@id":"https:\/\/www.trikomaseeds.com\/fr\/graines\/total-cheese-auto-aka-super-cheese-auto\/#primaryimage","url":"https:\/\/www.trikomaseeds.com\/wp-content\/uploads\/2019\/09\/SuperCheese_Auto_Trikoma_seeds_72-800x800.jpg","contentUrl":"https:\/\/www.trikomaseeds.com\/wp-content\/uploads\/2019\/09\/SuperCheese_Auto_Trikoma_seeds_72-800x800.jpg","width":800,"height":800},{"@type":"BreadcrumbList","@id":"https:\/\/www.trikomaseeds.com\/fr\/graines\/total-cheese-auto-aka-super-cheese-auto\/#breadcrumb","itemListElement":[{"@type":"ListItem","position":1,"name":"Portada","item":"https:\/\/www.trikomaseeds.com\/fr\/"},{"@type":"ListItem","position":2,"name":"Shop","item":"https:\/\/www.trikomaseeds.com\/fr\/shop\/"},{"@type":"ListItem","position":3,"name":"Total Cheese Auto (aka Super Cheese Auto)"}]},{"@type":"WebSite","@id":"https:\/\/www.trikomaseeds.com\/fr\/#website","url":"https:\/\/www.trikomaseeds.com\/fr\/","name":"Trikoma Seeds","description":"Semillas de Marihuana Auto, Feminizadas y medicinales","potentialAction":[{"@type":"SearchAction","target":{"@type":"EntryPoint","urlTemplate":"https:\/\/www.trikomaseeds.com\/fr\/?s={search_term_string}"},"query-input":{"@type":"PropertyValueSpecification","valueRequired":true,"valueName":"search_term_string"}}],"inLanguage":"fr-FR"}]}},"_links":{"self":[{"href":"https:\/\/www.trikomaseeds.com\/fr\/wp-json\/wp\/v2\/product\/1337","targetHints":{"allow":["GET"]}}],"collection":[{"href":"https:\/\/www.trikomaseeds.com\/fr\/wp-json\/wp\/v2\/product"}],"about":[{"href":"https:\/\/www.trikomaseeds.com\/fr\/wp-json\/wp\/v2\/types\/product"}],"replies":[{"embeddable":true,"href":"https:\/\/www.trikomaseeds.com\/fr\/wp-json\/wp\/v2\/comments?post=1337"}],"wp:featuredmedia":[{"embeddable":true,"href":"https:\/\/www.trikomaseeds.com\/fr\/wp-json\/wp\/v2\/media\/558"}],"wp:attachment":[{"href":"https:\/\/www.trikomaseeds.com\/fr\/wp-json\/wp\/v2\/media?parent=1337"}],"wp:term":[{"taxonomy":"product_cat","embeddable":true,"href":"https:\/\/www.trikomaseeds.com\/fr\/wp-json\/wp\/v2\/product_cat?post=1337"},{"taxonomy":"product_tag","embeddable":true,"href":"https:\/\/www.trikomaseeds.com\/fr\/wp-json\/wp\/v2\/product_tag?post=1337"}],"curies":[{"name":"wp","href":"https:\/\/api.w.org\/{rel}","templated":true}]}}