{"id":1316,"date":"2019-09-24T14:27:28","date_gmt":"2019-09-24T12:27:28","guid":{"rendered":"http:\/\/www.trikomaseeds.com\/semillas\/super-cheese\/"},"modified":"2024-09-18T11:44:52","modified_gmt":"2024-09-18T09:44:52","slug":"total-cheese","status":"publish","type":"product","link":"https:\/\/www.trikomaseeds.com\/fr\/graines\/total-cheese\/","title":{"rendered":"Total Cheese (aka Super Cheese)"},"content":{"rendered":"<h2>Fiche technique de Total Cheese (aka Super Cheese)<\/h2>\n<ul>\n<li>G\u00e9n\u00e9tique: Skunk x Critical Bilbo x Wembley<\/li>\n<li>Type: Sativa 10% -\/\/- Indica 90%<\/li>\n<li>Rendement en int\u00e9rieur: 550 gr. \/m<sup>2<\/sup> (avec lumi\u00e8re de 600W)<\/li>\n<li>Rendement en ext\u00e9rieur: 1 &#8211; 2 Kg. \/plante<\/li>\n<li>Floraison en int\u00e9rieur: 49 &#8211; 56 jours<\/li>\n<li>Floraison en ext\u00e9rieur: 4\/4 Septembre<\/li>\n<li>Floraison en Am\u00e9rique du Sud: 4\/4 Mars<\/li>\n<\/ul>\n<h2>Qu&rsquo;est-ce que Total Cheese (aka Super Cheese)<\/h2>\n<p>Total Cheese (Super Cheese) est un m\u00e9lange de plantes savoureuses influenc\u00e9es par la g\u00e9n\u00e9tique Skunk#1 dans sa lign\u00e9e Cheese. C&rsquo;est la vari\u00e9t\u00e9 id\u00e9ale pour les amateurs de saveurs surprenantes et uniques. Super Cheese est une vari\u00e9t\u00e9 issue du croisement de souches exceptionnelles qui ont captiv\u00e9 les cultivateurs pendant des ann\u00e9es.<\/p>\n<p>La g\u00e9n\u00e9tique Cheese a \u00e9t\u00e9 cr\u00e9\u00e9e dans les ann\u00e9es 80 au Royaume-Uni \u00e0 partir de la mythique Skunk#1, donnant naissance \u00e0 diff\u00e9rents croisements. Super Cheese est l&rsquo;\u00e9volution de ce premier croisement et a \u00e9t\u00e9 utilis\u00e9e pour former Total Cheese de Trikoma Seeds. Associ\u00e9e \u00e0 Critical Bilbo et Wembley, elle cr\u00e9e une nouvelle souche plus robuste, productive et puissante.<\/p>\n<h2>Caract\u00e9ristiques de Total Cheese (aka Super Cheese)<\/h2>\n<p>Ce qui distingue le plus les consommateurs de la Super Cheese de Trikoma, c&rsquo;est l&rsquo;ar\u00f4me et le go\u00fbt uniques. Comme son nom l&rsquo;indique, elle d\u00e9gage une forte odeur de fromage affin\u00e9, facile \u00e0 identifier. Le go\u00fbt rappelle \u00e9galement fortement le vieux fromage, mais avec une touche sucr\u00e9e qui adoucit la sensation et facilite la consommation. En r\u00e9sum\u00e9, il s&rsquo;agit d&rsquo;une vari\u00e9t\u00e9 classique adapt\u00e9e, qui rappelle les ar\u00f4mes des coffee shops hollandais des ann\u00e9es 80 et 90, mais avec des nuances plus modernes.<\/p>\n<p>La g\u00e9n\u00e9tique Wembley apporte la saveur sucr\u00e9e et fruit\u00e9e, tandis que Critical Bilbo conf\u00e8re \u00e0 la plante sa r\u00e9sistance et sa productivit\u00e9. En r\u00e9sum\u00e9, la vari\u00e9t\u00e9 Cheese est un classique, et chez Trikoma, nous l&rsquo;avons r\u00e9invent\u00e9e pour obtenir une saveur plus app\u00e9tissante, une exp\u00e9rience unique et une plante r\u00e9sistante et facile \u00e0 cultiver.<\/p>\n<h2>Effets de Total Cheese (aka Super Cheese)<\/h2>\n<p>Les effets de Total Cheese sont ceux attendus d&rsquo;une vari\u00e9t\u00e9 indica : elle g\u00e9n\u00e8re une sensation relaxante et s\u00e9dative, id\u00e9ale pour ceux qui cherchent \u00e0 soulager le stress ou \u00e0 r\u00e9duire la douleur. Sa consommation apporte calme et tranquillit\u00e9 mentale, n\u00e9cessaires pour se d\u00e9tendre et dormir. Elle ne peut pas \u00eatre consid\u00e9r\u00e9e comme une vari\u00e9t\u00e9 stimulante, mais elle provoque une l\u00e9g\u00e8re am\u00e9lioration de l&rsquo;humeur. Cet \u00e9tat est id\u00e9al pour ceux qui cherchent \u00e0 se d\u00e9tendre sans surcharge sensorielle.<\/p>\n<h2>Utilisations m\u00e9dicales de Total Cheese (aka Super Cheese)<\/h2>\n<p>\u00c9tant une vari\u00e9t\u00e9 relaxante, elle est adapt\u00e9e \u00e0 un usage m\u00e9dical pour soulager la douleur. L&rsquo;avantage de Total Cheese de Trikoma (akaSuper Cheese) par rapport \u00e0 d&rsquo;autres plantes indica r\u00e9side dans son ar\u00f4me et son go\u00fbt particuliers, la rendant tr\u00e8s agr\u00e9able et diff\u00e9rente.<\/p>\n<h2>Cultiver Total Cheese (aka Super Cheese)<\/h2>\n<p>Gr\u00e2ce \u00e0 sa g\u00e9n\u00e9tique, la plante est robuste, compacte et r\u00e9sistante, avec une taille moyenne mais des branches solides qui supportent bien les t\u00eates. Cela en fait une vari\u00e9t\u00e9 facile \u00e0 cultiver, particuli\u00e8rement adapt\u00e9e pour la culture en int\u00e9rieur. Il faut juste garder \u00e0 l&rsquo;esprit qu&rsquo;il s&rsquo;agit d&rsquo;une plante tr\u00e8s odorante, qui d\u00e9gage une forte odeur d\u00e8s la phase de croissance, odeur qui s&rsquo;accentue encore plus pendant la phase de floraison. Comme les branches sont r\u00e9sistantes, nous pouvons utiliser des engrais et des boosters pour \u00e9paissir les t\u00eates sans crainte de casser les branches. De cette mani\u00e8re, nous pouvons obtenir des r\u00e9coltes de plus de 600g en ext\u00e9rieur et environ 550g en int\u00e9rieur.<\/p>\n<p>La g\u00e9n\u00e9tique solide de cette plante lui permet de s&rsquo;adapter \u00e0 tout type de climat et de bien r\u00e9sister aux nuisibles.<\/p>\n<p>Si vous recherchez une vari\u00e9t\u00e9 avec un go\u00fbt unique, des effets relaxants puissants et facile \u00e0 cultiver, la vari\u00e9t\u00e9 Total Cheese (aka Super Cheese) est un excellent choix.<\/p>\n","protected":false},"excerpt":{"rendered":"<p>Total Cheese (aka Super Cheese) de Trikoma Seeds est une vari\u00e9t\u00e9 f\u00e9minis\u00e9e provenant d&rsquo;un m\u00e9lange des plantes Skunk les plus savoureuses. Elle d\u00e9rive de la lign\u00e9e Cheese de Skunk#1, ce qui lui conf\u00e8re une saveur sp\u00e9ciale de fromage vieilli m\u00e9lang\u00e9 \u00e0 des touches sucr\u00e9es. Super Cheese est un hybride tr\u00e8s indica avec des effets relaxants et de bien-\u00eatre, qui peuvent \u00eatre utiles pour combattre l&rsquo;insomnie ou soulager la douleur.<\/p>\n<p>Total Cheese (aka Super Cheese) est facile \u00e0 cultiver tant en int\u00e9rieur qu&rsquo;en ext\u00e9rieur et offre toujours une bonne production. Cela la rend id\u00e9ale pour les d\u00e9butants.<\/p>\n<p><strong>THC: 17%<\/strong><\/p>\n","protected":false},"featured_media":635,"comment_status":"open","ping_status":"closed","template":"","meta":[],"product_cat":[94],"product_tag":[],"class_list":{"0":"post-1316","1":"product","2":"type-product","3":"status-publish","4":"has-post-thumbnail","6":"product_cat-feminisee","8":"first","9":"instock","10":"shipping-taxable","11":"purchasable","12":"product-type-variable","13":"has-default-attributes"},"yoast_head":"<!-- This site is optimized with the Yoast SEO plugin v25.6 - https:\/\/yoast.com\/wordpress\/plugins\/seo\/ -->\n<title>Total Cheese (aka Super Cheese): graines de marijuana de Trikoma Seeds<\/title>\n<meta name=\"description\" content=\"Total Cheese (aka Super Cheese): graines de marijuana de Trikoma Seeds. Cultivez vos graines de cannabis f\u00e9minis\u00e9es, autofleurissantes ou CBD au meilleur prix. Livraison discr\u00e8te et s\u00e9curis\u00e9e \u00e0 votre pays.\" \/>\n<meta name=\"robots\" content=\"index, follow, max-snippet:-1, max-image-preview:large, max-video-preview:-1\" \/>\n<link rel=\"canonical\" href=\"https:\/\/www.trikomaseeds.com\/fr\/graines\/total-cheese\/\" \/>\n<meta property=\"og:locale\" content=\"fr_FR\" \/>\n<meta property=\"og:type\" content=\"article\" \/>\n<meta property=\"og:title\" content=\"Total Cheese (aka Super Cheese): graines de marijuana de Trikoma Seeds\" \/>\n<meta property=\"og:description\" content=\"Total Cheese (aka Super Cheese): graines de marijuana de Trikoma Seeds. Cultivez vos graines de cannabis f\u00e9minis\u00e9es, autofleurissantes ou CBD au meilleur prix. Livraison discr\u00e8te et s\u00e9curis\u00e9e \u00e0 votre pays.\" \/>\n<meta property=\"og:url\" content=\"https:\/\/www.trikomaseeds.com\/fr\/graines\/total-cheese\/\" \/>\n<meta property=\"og:site_name\" content=\"Trikoma Seeds\" \/>\n<meta property=\"article:modified_time\" content=\"2024-09-18T09:44:52+00:00\" \/>\n<meta property=\"og:image\" content=\"https:\/\/www.trikomaseeds.com\/wp-content\/uploads\/2019\/09\/Supercheese_Trikoma_seeds_72-800x800.jpg\" \/>\n\t<meta property=\"og:image:width\" content=\"800\" \/>\n\t<meta property=\"og:image:height\" content=\"800\" \/>\n\t<meta property=\"og:image:type\" content=\"image\/jpeg\" \/>\n<meta name=\"twitter:card\" content=\"summary_large_image\" \/>\n<meta name=\"twitter:label1\" content=\"Dur\u00e9e de lecture estim\u00e9e\" \/>\n\t<meta name=\"twitter:data1\" content=\"3 minutes\" \/>\n<script type=\"application\/ld+json\" class=\"yoast-schema-graph\">{\"@context\":\"https:\/\/schema.org\",\"@graph\":[{\"@type\":\"WebPage\",\"@id\":\"https:\/\/www.trikomaseeds.com\/fr\/graines\/total-cheese\/\",\"url\":\"https:\/\/www.trikomaseeds.com\/fr\/graines\/total-cheese\/\",\"name\":\"Total Cheese (aka Super Cheese): graines de marijuana de Trikoma Seeds\",\"isPartOf\":{\"@id\":\"https:\/\/www.trikomaseeds.com\/fr\/#website\"},\"primaryImageOfPage\":{\"@id\":\"https:\/\/www.trikomaseeds.com\/fr\/graines\/total-cheese\/#primaryimage\"},\"image\":{\"@id\":\"https:\/\/www.trikomaseeds.com\/fr\/graines\/total-cheese\/#primaryimage\"},\"thumbnailUrl\":\"https:\/\/www.trikomaseeds.com\/wp-content\/uploads\/2019\/09\/Supercheese_Trikoma_seeds_72-800x800.jpg\",\"datePublished\":\"2019-09-24T12:27:28+00:00\",\"dateModified\":\"2024-09-18T09:44:52+00:00\",\"description\":\"Total Cheese (aka Super Cheese): graines de marijuana de Trikoma Seeds. Cultivez vos graines de cannabis f\u00e9minis\u00e9es, autofleurissantes ou CBD au meilleur prix. Livraison discr\u00e8te et s\u00e9curis\u00e9e \u00e0 votre pays.\",\"breadcrumb\":{\"@id\":\"https:\/\/www.trikomaseeds.com\/fr\/graines\/total-cheese\/#breadcrumb\"},\"inLanguage\":\"fr-FR\",\"potentialAction\":[{\"@type\":\"ReadAction\",\"target\":[\"https:\/\/www.trikomaseeds.com\/fr\/graines\/total-cheese\/\"]}]},{\"@type\":\"ImageObject\",\"inLanguage\":\"fr-FR\",\"@id\":\"https:\/\/www.trikomaseeds.com\/fr\/graines\/total-cheese\/#primaryimage\",\"url\":\"https:\/\/www.trikomaseeds.com\/wp-content\/uploads\/2019\/09\/Supercheese_Trikoma_seeds_72-800x800.jpg\",\"contentUrl\":\"https:\/\/www.trikomaseeds.com\/wp-content\/uploads\/2019\/09\/Supercheese_Trikoma_seeds_72-800x800.jpg\",\"width\":800,\"height\":800},{\"@type\":\"BreadcrumbList\",\"@id\":\"https:\/\/www.trikomaseeds.com\/fr\/graines\/total-cheese\/#breadcrumb\",\"itemListElement\":[{\"@type\":\"ListItem\",\"position\":1,\"name\":\"Portada\",\"item\":\"https:\/\/www.trikomaseeds.com\/fr\/\"},{\"@type\":\"ListItem\",\"position\":2,\"name\":\"Shop\",\"item\":\"https:\/\/www.trikomaseeds.com\/fr\/shop\/\"},{\"@type\":\"ListItem\",\"position\":3,\"name\":\"Total Cheese (aka Super Cheese)\"}]},{\"@type\":\"WebSite\",\"@id\":\"https:\/\/www.trikomaseeds.com\/fr\/#website\",\"url\":\"https:\/\/www.trikomaseeds.com\/fr\/\",\"name\":\"Trikoma Seeds\",\"description\":\"Semillas de Marihuana Auto, Feminizadas y medicinales\",\"potentialAction\":[{\"@type\":\"SearchAction\",\"target\":{\"@type\":\"EntryPoint\",\"urlTemplate\":\"https:\/\/www.trikomaseeds.com\/fr\/?s={search_term_string}\"},\"query-input\":{\"@type\":\"PropertyValueSpecification\",\"valueRequired\":true,\"valueName\":\"search_term_string\"}}],\"inLanguage\":\"fr-FR\"}]}<\/script>\n<!-- \/ Yoast SEO plugin. -->","yoast_head_json":{"title":"Total Cheese (aka Super Cheese): graines de marijuana de Trikoma Seeds","description":"Total Cheese (aka Super Cheese): graines de marijuana de Trikoma Seeds. Cultivez vos graines de cannabis f\u00e9minis\u00e9es, autofleurissantes ou CBD au meilleur prix. Livraison discr\u00e8te et s\u00e9curis\u00e9e \u00e0 votre pays.","robots":{"index":"index","follow":"follow","max-snippet":"max-snippet:-1","max-image-preview":"max-image-preview:large","max-video-preview":"max-video-preview:-1"},"canonical":"https:\/\/www.trikomaseeds.com\/fr\/graines\/total-cheese\/","og_locale":"fr_FR","og_type":"article","og_title":"Total Cheese (aka Super Cheese): graines de marijuana de Trikoma Seeds","og_description":"Total Cheese (aka Super Cheese): graines de marijuana de Trikoma Seeds. Cultivez vos graines de cannabis f\u00e9minis\u00e9es, autofleurissantes ou CBD au meilleur prix. Livraison discr\u00e8te et s\u00e9curis\u00e9e \u00e0 votre pays.","og_url":"https:\/\/www.trikomaseeds.com\/fr\/graines\/total-cheese\/","og_site_name":"Trikoma Seeds","article_modified_time":"2024-09-18T09:44:52+00:00","og_image":[{"width":800,"height":800,"url":"https:\/\/www.trikomaseeds.com\/wp-content\/uploads\/2019\/09\/Supercheese_Trikoma_seeds_72-800x800.jpg","type":"image\/jpeg"}],"twitter_card":"summary_large_image","twitter_misc":{"Dur\u00e9e de lecture estim\u00e9e":"3 minutes"},"schema":{"@context":"https:\/\/schema.org","@graph":[{"@type":"WebPage","@id":"https:\/\/www.trikomaseeds.com\/fr\/graines\/total-cheese\/","url":"https:\/\/www.trikomaseeds.com\/fr\/graines\/total-cheese\/","name":"Total Cheese (aka Super Cheese): graines de marijuana de Trikoma Seeds","isPartOf":{"@id":"https:\/\/www.trikomaseeds.com\/fr\/#website"},"primaryImageOfPage":{"@id":"https:\/\/www.trikomaseeds.com\/fr\/graines\/total-cheese\/#primaryimage"},"image":{"@id":"https:\/\/www.trikomaseeds.com\/fr\/graines\/total-cheese\/#primaryimage"},"thumbnailUrl":"https:\/\/www.trikomaseeds.com\/wp-content\/uploads\/2019\/09\/Supercheese_Trikoma_seeds_72-800x800.jpg","datePublished":"2019-09-24T12:27:28+00:00","dateModified":"2024-09-18T09:44:52+00:00","description":"Total Cheese (aka Super Cheese): graines de marijuana de Trikoma Seeds. Cultivez vos graines de cannabis f\u00e9minis\u00e9es, autofleurissantes ou CBD au meilleur prix. Livraison discr\u00e8te et s\u00e9curis\u00e9e \u00e0 votre pays.","breadcrumb":{"@id":"https:\/\/www.trikomaseeds.com\/fr\/graines\/total-cheese\/#breadcrumb"},"inLanguage":"fr-FR","potentialAction":[{"@type":"ReadAction","target":["https:\/\/www.trikomaseeds.com\/fr\/graines\/total-cheese\/"]}]},{"@type":"ImageObject","inLanguage":"fr-FR","@id":"https:\/\/www.trikomaseeds.com\/fr\/graines\/total-cheese\/#primaryimage","url":"https:\/\/www.trikomaseeds.com\/wp-content\/uploads\/2019\/09\/Supercheese_Trikoma_seeds_72-800x800.jpg","contentUrl":"https:\/\/www.trikomaseeds.com\/wp-content\/uploads\/2019\/09\/Supercheese_Trikoma_seeds_72-800x800.jpg","width":800,"height":800},{"@type":"BreadcrumbList","@id":"https:\/\/www.trikomaseeds.com\/fr\/graines\/total-cheese\/#breadcrumb","itemListElement":[{"@type":"ListItem","position":1,"name":"Portada","item":"https:\/\/www.trikomaseeds.com\/fr\/"},{"@type":"ListItem","position":2,"name":"Shop","item":"https:\/\/www.trikomaseeds.com\/fr\/shop\/"},{"@type":"ListItem","position":3,"name":"Total Cheese (aka Super Cheese)"}]},{"@type":"WebSite","@id":"https:\/\/www.trikomaseeds.com\/fr\/#website","url":"https:\/\/www.trikomaseeds.com\/fr\/","name":"Trikoma Seeds","description":"Semillas de Marihuana Auto, Feminizadas y medicinales","potentialAction":[{"@type":"SearchAction","target":{"@type":"EntryPoint","urlTemplate":"https:\/\/www.trikomaseeds.com\/fr\/?s={search_term_string}"},"query-input":{"@type":"PropertyValueSpecification","valueRequired":true,"valueName":"search_term_string"}}],"inLanguage":"fr-FR"}]}},"_links":{"self":[{"href":"https:\/\/www.trikomaseeds.com\/fr\/wp-json\/wp\/v2\/product\/1316","targetHints":{"allow":["GET"]}}],"collection":[{"href":"https:\/\/www.trikomaseeds.com\/fr\/wp-json\/wp\/v2\/product"}],"about":[{"href":"https:\/\/www.trikomaseeds.com\/fr\/wp-json\/wp\/v2\/types\/product"}],"replies":[{"embeddable":true,"href":"https:\/\/www.trikomaseeds.com\/fr\/wp-json\/wp\/v2\/comments?post=1316"}],"wp:featuredmedia":[{"embeddable":true,"href":"https:\/\/www.trikomaseeds.com\/fr\/wp-json\/wp\/v2\/media\/635"}],"wp:attachment":[{"href":"https:\/\/www.trikomaseeds.com\/fr\/wp-json\/wp\/v2\/media?parent=1316"}],"wp:term":[{"taxonomy":"product_cat","embeddable":true,"href":"https:\/\/www.trikomaseeds.com\/fr\/wp-json\/wp\/v2\/product_cat?post=1316"},{"taxonomy":"product_tag","embeddable":true,"href":"https:\/\/www.trikomaseeds.com\/fr\/wp-json\/wp\/v2\/product_tag?post=1316"}],"curies":[{"name":"wp","href":"https:\/\/api.w.org\/{rel}","templated":true}]}}