{"id":1274,"date":"2019-09-24T14:04:22","date_gmt":"2019-09-24T12:04:22","guid":{"rendered":"http:\/\/www.trikomaseeds.com\/semillas\/patagonia-auto\/"},"modified":"2020-02-03T13:06:51","modified_gmt":"2020-02-03T12:06:51","slug":"patagonia-auto","status":"publish","type":"product","link":"https:\/\/www.trikomaseeds.com\/fr\/graines\/patagonia-auto\/","title":{"rendered":"Patagonia Auto"},"content":{"rendered":"<h3 class=\"dotted_title uppercase\">CARACT\u00c9RISTIQUES<\/h3>\n<ul class=\"check\">\n<li>G\u00e9n\u00e9tique: OG Kush + Northern Lights x Rudelaris<\/li>\n<li>G\u00e9notype: Autofleurrissante<\/li>\n<li>Production int\u00e9rieure: 450 g\/m<sup>2<\/sup>\u00a0(Avec 600W de lumi\u00e8re)<\/li>\n<li>Production ext\u00e9rieure: 50 &#8211; 200 g\/plante<\/li>\n<li>Floraison int\u00e9rieure: 75 jours (18h)<\/li>\n<li>Floraison ext\u00e9rieure: 50 &#8211; 80 jours<\/li>\n<\/ul>\n","protected":false},"excerpt":{"rendered":"<p align=\"justify\">Version puissante de cette autoflorissante de derni\u00e8re g\u00e9n\u00e9ration, de grande taille et haute production et avec une saveur fruit\u00e9e, des bourgeons serr\u00e9s et r\u00e9sineux. Sa r\u00e9sistance aux changements brusques de temp\u00e9rature entre le jour et la nuit le rend id\u00e9al pour \u00eatre cultiv\u00e9e dans diff\u00e9rents climats, toujours dans une logique, avec de bons r\u00e9sultats dans tous les milieux de culture.<\/p>\n<p><strong>THC:\u00a0<span class=\"destacado\">14%<\/span><\/strong><\/p>\n","protected":false},"featured_media":551,"comment_status":"open","ping_status":"closed","template":"","meta":[],"product_cat":[126],"product_tag":[359],"class_list":{"0":"post-1274","1":"product","2":"type-product","3":"status-publish","4":"has-post-thumbnail","6":"product_cat-autofleurrissante","7":"product_tag-autoflorecientes-fr","9":"first","10":"instock","11":"shipping-taxable","12":"purchasable","13":"product-type-variable","14":"has-default-attributes"},"yoast_head":"<!-- This site is optimized with the Yoast SEO plugin v25.6 - https:\/\/yoast.com\/wordpress\/plugins\/seo\/ -->\n<title>Patagonia Auto - Trikoma Seeds<\/title>\n<meta name=\"robots\" content=\"index, follow, max-snippet:-1, max-image-preview:large, max-video-preview:-1\" \/>\n<link rel=\"canonical\" href=\"https:\/\/www.trikomaseeds.com\/fr\/graines\/patagonia-auto\/\" \/>\n<meta property=\"og:locale\" content=\"fr_FR\" \/>\n<meta property=\"og:type\" content=\"article\" \/>\n<meta property=\"og:title\" content=\"Patagonia Auto - Trikoma Seeds\" \/>\n<meta property=\"og:description\" content=\"Version puissante de cette autoflorissante de derni\u00e8re g\u00e9n\u00e9ration, de grande taille et haute production et avec une saveur fruit\u00e9e, des bourgeons serr\u00e9s et r\u00e9sineux. Sa r\u00e9sistance aux changements brusques de temp\u00e9rature entre le jour et la nuit le rend id\u00e9al pour \u00eatre cultiv\u00e9e dans diff\u00e9rents climats, toujours dans une logique, avec de bons r\u00e9sultats dans tous les milieux de culture. THC:\u00a014%\" \/>\n<meta property=\"og:url\" content=\"https:\/\/www.trikomaseeds.com\/fr\/graines\/patagonia-auto\/\" \/>\n<meta property=\"og:site_name\" content=\"Trikoma Seeds\" \/>\n<meta property=\"article:modified_time\" content=\"2020-02-03T12:06:51+00:00\" \/>\n<meta property=\"og:image\" content=\"https:\/\/www.trikomaseeds.com\/wp-content\/uploads\/2019\/09\/patagonia_auto-_800-800x800.jpg\" \/>\n\t<meta property=\"og:image:width\" content=\"800\" \/>\n\t<meta property=\"og:image:height\" content=\"800\" \/>\n\t<meta property=\"og:image:type\" content=\"image\/jpeg\" \/>\n<meta name=\"twitter:card\" content=\"summary_large_image\" \/>\n<script type=\"application\/ld+json\" class=\"yoast-schema-graph\">{\"@context\":\"https:\/\/schema.org\",\"@graph\":[{\"@type\":\"WebPage\",\"@id\":\"https:\/\/www.trikomaseeds.com\/fr\/graines\/patagonia-auto\/\",\"url\":\"https:\/\/www.trikomaseeds.com\/fr\/graines\/patagonia-auto\/\",\"name\":\"Patagonia Auto - Trikoma Seeds\",\"isPartOf\":{\"@id\":\"https:\/\/www.trikomaseeds.com\/fr\/#website\"},\"primaryImageOfPage\":{\"@id\":\"https:\/\/www.trikomaseeds.com\/fr\/graines\/patagonia-auto\/#primaryimage\"},\"image\":{\"@id\":\"https:\/\/www.trikomaseeds.com\/fr\/graines\/patagonia-auto\/#primaryimage\"},\"thumbnailUrl\":\"https:\/\/www.trikomaseeds.com\/wp-content\/uploads\/2019\/09\/patagonia_auto-_800-800x800.jpg\",\"datePublished\":\"2019-09-24T12:04:22+00:00\",\"dateModified\":\"2020-02-03T12:06:51+00:00\",\"breadcrumb\":{\"@id\":\"https:\/\/www.trikomaseeds.com\/fr\/graines\/patagonia-auto\/#breadcrumb\"},\"inLanguage\":\"fr-FR\",\"potentialAction\":[{\"@type\":\"ReadAction\",\"target\":[\"https:\/\/www.trikomaseeds.com\/fr\/graines\/patagonia-auto\/\"]}]},{\"@type\":\"ImageObject\",\"inLanguage\":\"fr-FR\",\"@id\":\"https:\/\/www.trikomaseeds.com\/fr\/graines\/patagonia-auto\/#primaryimage\",\"url\":\"https:\/\/www.trikomaseeds.com\/wp-content\/uploads\/2019\/09\/patagonia_auto-_800-800x800.jpg\",\"contentUrl\":\"https:\/\/www.trikomaseeds.com\/wp-content\/uploads\/2019\/09\/patagonia_auto-_800-800x800.jpg\",\"width\":800,\"height\":800},{\"@type\":\"BreadcrumbList\",\"@id\":\"https:\/\/www.trikomaseeds.com\/fr\/graines\/patagonia-auto\/#breadcrumb\",\"itemListElement\":[{\"@type\":\"ListItem\",\"position\":1,\"name\":\"Portada\",\"item\":\"https:\/\/www.trikomaseeds.com\/fr\/\"},{\"@type\":\"ListItem\",\"position\":2,\"name\":\"Shop\",\"item\":\"https:\/\/www.trikomaseeds.com\/fr\/shop\/\"},{\"@type\":\"ListItem\",\"position\":3,\"name\":\"Patagonia Auto\"}]},{\"@type\":\"WebSite\",\"@id\":\"https:\/\/www.trikomaseeds.com\/fr\/#website\",\"url\":\"https:\/\/www.trikomaseeds.com\/fr\/\",\"name\":\"Trikoma Seeds\",\"description\":\"Semillas de Marihuana Auto, Feminizadas y medicinales\",\"potentialAction\":[{\"@type\":\"SearchAction\",\"target\":{\"@type\":\"EntryPoint\",\"urlTemplate\":\"https:\/\/www.trikomaseeds.com\/fr\/?s={search_term_string}\"},\"query-input\":{\"@type\":\"PropertyValueSpecification\",\"valueRequired\":true,\"valueName\":\"search_term_string\"}}],\"inLanguage\":\"fr-FR\"}]}<\/script>\n<!-- \/ Yoast SEO plugin. -->","yoast_head_json":{"title":"Patagonia Auto - Trikoma Seeds","robots":{"index":"index","follow":"follow","max-snippet":"max-snippet:-1","max-image-preview":"max-image-preview:large","max-video-preview":"max-video-preview:-1"},"canonical":"https:\/\/www.trikomaseeds.com\/fr\/graines\/patagonia-auto\/","og_locale":"fr_FR","og_type":"article","og_title":"Patagonia Auto - Trikoma Seeds","og_description":"Version puissante de cette autoflorissante de derni\u00e8re g\u00e9n\u00e9ration, de grande taille et haute production et avec une saveur fruit\u00e9e, des bourgeons serr\u00e9s et r\u00e9sineux. Sa r\u00e9sistance aux changements brusques de temp\u00e9rature entre le jour et la nuit le rend id\u00e9al pour \u00eatre cultiv\u00e9e dans diff\u00e9rents climats, toujours dans une logique, avec de bons r\u00e9sultats dans tous les milieux de culture. THC:\u00a014%","og_url":"https:\/\/www.trikomaseeds.com\/fr\/graines\/patagonia-auto\/","og_site_name":"Trikoma Seeds","article_modified_time":"2020-02-03T12:06:51+00:00","og_image":[{"width":800,"height":800,"url":"https:\/\/www.trikomaseeds.com\/wp-content\/uploads\/2019\/09\/patagonia_auto-_800-800x800.jpg","type":"image\/jpeg"}],"twitter_card":"summary_large_image","schema":{"@context":"https:\/\/schema.org","@graph":[{"@type":"WebPage","@id":"https:\/\/www.trikomaseeds.com\/fr\/graines\/patagonia-auto\/","url":"https:\/\/www.trikomaseeds.com\/fr\/graines\/patagonia-auto\/","name":"Patagonia Auto - Trikoma Seeds","isPartOf":{"@id":"https:\/\/www.trikomaseeds.com\/fr\/#website"},"primaryImageOfPage":{"@id":"https:\/\/www.trikomaseeds.com\/fr\/graines\/patagonia-auto\/#primaryimage"},"image":{"@id":"https:\/\/www.trikomaseeds.com\/fr\/graines\/patagonia-auto\/#primaryimage"},"thumbnailUrl":"https:\/\/www.trikomaseeds.com\/wp-content\/uploads\/2019\/09\/patagonia_auto-_800-800x800.jpg","datePublished":"2019-09-24T12:04:22+00:00","dateModified":"2020-02-03T12:06:51+00:00","breadcrumb":{"@id":"https:\/\/www.trikomaseeds.com\/fr\/graines\/patagonia-auto\/#breadcrumb"},"inLanguage":"fr-FR","potentialAction":[{"@type":"ReadAction","target":["https:\/\/www.trikomaseeds.com\/fr\/graines\/patagonia-auto\/"]}]},{"@type":"ImageObject","inLanguage":"fr-FR","@id":"https:\/\/www.trikomaseeds.com\/fr\/graines\/patagonia-auto\/#primaryimage","url":"https:\/\/www.trikomaseeds.com\/wp-content\/uploads\/2019\/09\/patagonia_auto-_800-800x800.jpg","contentUrl":"https:\/\/www.trikomaseeds.com\/wp-content\/uploads\/2019\/09\/patagonia_auto-_800-800x800.jpg","width":800,"height":800},{"@type":"BreadcrumbList","@id":"https:\/\/www.trikomaseeds.com\/fr\/graines\/patagonia-auto\/#breadcrumb","itemListElement":[{"@type":"ListItem","position":1,"name":"Portada","item":"https:\/\/www.trikomaseeds.com\/fr\/"},{"@type":"ListItem","position":2,"name":"Shop","item":"https:\/\/www.trikomaseeds.com\/fr\/shop\/"},{"@type":"ListItem","position":3,"name":"Patagonia Auto"}]},{"@type":"WebSite","@id":"https:\/\/www.trikomaseeds.com\/fr\/#website","url":"https:\/\/www.trikomaseeds.com\/fr\/","name":"Trikoma Seeds","description":"Semillas de Marihuana Auto, Feminizadas y medicinales","potentialAction":[{"@type":"SearchAction","target":{"@type":"EntryPoint","urlTemplate":"https:\/\/www.trikomaseeds.com\/fr\/?s={search_term_string}"},"query-input":{"@type":"PropertyValueSpecification","valueRequired":true,"valueName":"search_term_string"}}],"inLanguage":"fr-FR"}]}},"_links":{"self":[{"href":"https:\/\/www.trikomaseeds.com\/fr\/wp-json\/wp\/v2\/product\/1274","targetHints":{"allow":["GET"]}}],"collection":[{"href":"https:\/\/www.trikomaseeds.com\/fr\/wp-json\/wp\/v2\/product"}],"about":[{"href":"https:\/\/www.trikomaseeds.com\/fr\/wp-json\/wp\/v2\/types\/product"}],"replies":[{"embeddable":true,"href":"https:\/\/www.trikomaseeds.com\/fr\/wp-json\/wp\/v2\/comments?post=1274"}],"wp:featuredmedia":[{"embeddable":true,"href":"https:\/\/www.trikomaseeds.com\/fr\/wp-json\/wp\/v2\/media\/551"}],"wp:attachment":[{"href":"https:\/\/www.trikomaseeds.com\/fr\/wp-json\/wp\/v2\/media?parent=1274"}],"wp:term":[{"taxonomy":"product_cat","embeddable":true,"href":"https:\/\/www.trikomaseeds.com\/fr\/wp-json\/wp\/v2\/product_cat?post=1274"},{"taxonomy":"product_tag","embeddable":true,"href":"https:\/\/www.trikomaseeds.com\/fr\/wp-json\/wp\/v2\/product_tag?post=1274"}],"curies":[{"name":"wp","href":"https:\/\/api.w.org\/{rel}","templated":true}]}}