{"id":12508,"date":"2025-04-24T09:51:47","date_gmt":"2025-04-24T07:51:47","guid":{"rendered":"https:\/\/www.trikomaseeds.com\/semillas\/ak-74-fast-version\/"},"modified":"2025-06-20T12:10:49","modified_gmt":"2025-06-20T10:10:49","slug":"ak-74-fast-version","status":"publish","type":"product","link":"https:\/\/www.trikomaseeds.com\/fr\/graines\/ak-74-fast-version\/","title":{"rendered":"AK74 Fast \u2013 Hybride \u00e0 Floraison Rapide avec une Puissance de Mitraillette"},"content":{"rendered":"<p data-start=\"1520\" data-end=\"1761\"><strong data-start=\"1600\" data-end=\"1613\">AK74 Fast<\/strong> est une <strong data-start=\"1622\" data-end=\"1664\">vari\u00e9t\u00e9 de cannabis \u00e0 floraison rapide<\/strong>. Elle associe la <strong data-start=\"1682\" data-end=\"1724\">puissance des plantes photop\u00e9riodiques<\/strong> \u00e0 la <strong data-start=\"1730\" data-end=\"1760\">vitesse des autofloraisons<\/strong>.<\/p>\n<p data-start=\"1763\" data-end=\"1964\">Cet hybride a \u00e9t\u00e9 con\u00e7u pour les cultivateurs qui souhaitent <strong data-start=\"1824\" data-end=\"1863\">augmenter rapidement leur rendement<\/strong>. Il est <strong data-start=\"1872\" data-end=\"1901\">compact et bien \u00e9quilibr\u00e9<\/strong>, produisant des <strong data-start=\"1918\" data-end=\"1945\">t\u00eates denses et lourdes<\/strong>, riches en r\u00e9sine.<\/p>\n<p data-start=\"1966\" data-end=\"2458\">\ud83d\udd25 <strong data-start=\"1969\" data-end=\"2003\">Floraison rapide (53\u201357 jours)<\/strong> avec un <strong data-start=\"2012\" data-end=\"2043\">taux de THC \u00e9lev\u00e9 (22\u201324\u202f%)<\/strong><br data-start=\"2043\" data-end=\"2046\" \/>\ud83c\udf31 <strong data-start=\"2049\" data-end=\"2071\">Graines f\u00e9minis\u00e9es<\/strong> avec <strong data-start=\"2077\" data-end=\"2097\">g\u00e9n\u00e9tique prim\u00e9e<\/strong> (AK-47 x White Widow)<br data-start=\"2119\" data-end=\"2122\" \/>\ud83d\udcaa <strong data-start=\"2125\" data-end=\"2144\">Rendement \u00e9lev\u00e9<\/strong> : jusqu\u2019\u00e0 550 g\/m\u00b2 en int\u00e9rieur, jusqu\u2019\u00e0 2 kg par plante en ext\u00e9rieur<br data-start=\"2214\" data-end=\"2217\" \/>\ud83d\ude80 <strong data-start=\"2220\" data-end=\"2246\">Puissance mitraillette<\/strong> \u2013 <strong data-start=\"2249\" data-end=\"2282\">effet intense et longue dur\u00e9e<\/strong><br data-start=\"2282\" data-end=\"2285\" \/>\ud83c\udf4a <strong data-start=\"2288\" data-end=\"2298\">Saveur<\/strong> : fra\u00eeche, fruit\u00e9e, \u00e9pic\u00e9e et bois\u00e9e<br data-start=\"2335\" data-end=\"2338\" \/>\ud83d\ude0c <strong data-start=\"2341\" data-end=\"2350\">Effet<\/strong> : m\u00e9lange parfait de <strong data-start=\"2372\" data-end=\"2397\">stimulation c\u00e9r\u00e9brale<\/strong> et de <strong data-start=\"2404\" data-end=\"2427\">relaxation profonde<\/strong>, h\u00e9rit\u00e9 de parents l\u00e9gendaires<\/p>\n<p data-start=\"2460\" data-end=\"2791\">Avec sa <strong data-start=\"2468\" data-end=\"2497\">phase de floraison rapide<\/strong>, <strong data-start=\"2499\" data-end=\"2512\">AK74 Fast<\/strong> est id\u00e9ale pour <strong data-start=\"2529\" data-end=\"2566\">cultiver du cannabis efficacement<\/strong>, tout en conservant une <strong data-start=\"2591\" data-end=\"2630\">puissance de niveau photop\u00e9riodique<\/strong>. Que vous cultiviez \u00e0 titre personnel ou pour une production \u00e0 grande \u00e9chelle, ces <strong data-start=\"2714\" data-end=\"2754\">graines de cannabis de haute qualit\u00e9<\/strong> garantissent d\u2019excellents r\u00e9sultats.<\/p>\n<p data-start=\"2793\" data-end=\"2938\"><strong data-start=\"2793\" data-end=\"2806\">AK74 Fast<\/strong> \u2013 une <strong data-start=\"2813\" data-end=\"2858\">puissante vari\u00e9t\u00e9 de graines de marijuana<\/strong>, avec <strong data-start=\"2865\" data-end=\"2901\">la vitesse d\u2019une autoflorissante<\/strong> et <strong data-start=\"2905\" data-end=\"2936\">la force d\u2019une mitraillette<\/strong>\u202f!<\/p>\n","protected":false},"excerpt":{"rendered":"<p><strong>AK-74 Fast<\/strong> de Trikoma Seeds : puissance, saveur fruit\u00e9e et culture rapide dans une g\u00e9n\u00e9tique f\u00e9minis\u00e9e id\u00e9ale pour des r\u00e9coltes abondantes et sans complications.<\/p>\n","protected":false},"featured_media":12566,"comment_status":"open","ping_status":"closed","template":"","meta":[],"product_cat":[484],"product_tag":[],"class_list":{"0":"post-12508","1":"product","2":"type-product","3":"status-publish","4":"has-post-thumbnail","6":"product_cat-fast-versions-fr","8":"first","9":"instock","10":"shipping-taxable","11":"purchasable","12":"product-type-variable","13":"has-default-attributes"},"yoast_head":"<!-- This site is optimized with the Yoast SEO plugin v25.6 - https:\/\/yoast.com\/wordpress\/plugins\/seo\/ -->\n<title>AK74 Fast \u2013 Hybride \u00e0 Floraison Rapide avec une Puissance de Mitraillette - Trikoma Seeds<\/title>\n<meta name=\"description\" content=\"AK-74 Fast de Trikoma Seeds : puissance, saveur fruit\u00e9e et croissance rapide dans une vari\u00e9t\u00e9 f\u00e9minis\u00e9e id\u00e9ale pour des r\u00e9coltes abondantes sans complications.\" \/>\n<meta name=\"robots\" content=\"index, follow, max-snippet:-1, max-image-preview:large, max-video-preview:-1\" \/>\n<link rel=\"canonical\" href=\"https:\/\/www.trikomaseeds.com\/fr\/graines\/ak-74-fast-version\/\" \/>\n<meta property=\"og:locale\" content=\"fr_FR\" \/>\n<meta property=\"og:type\" content=\"article\" \/>\n<meta property=\"og:title\" content=\"AK74 Fast \u2013 Hybride \u00e0 Floraison Rapide avec une Puissance de Mitraillette - Trikoma Seeds\" \/>\n<meta property=\"og:description\" content=\"AK-74 Fast de Trikoma Seeds : puissance, saveur fruit\u00e9e et croissance rapide dans une vari\u00e9t\u00e9 f\u00e9minis\u00e9e id\u00e9ale pour des r\u00e9coltes abondantes sans complications.\" \/>\n<meta property=\"og:url\" content=\"https:\/\/www.trikomaseeds.com\/fr\/graines\/ak-74-fast-version\/\" \/>\n<meta property=\"og:site_name\" content=\"Trikoma Seeds\" \/>\n<meta property=\"article:modified_time\" content=\"2025-06-20T10:10:49+00:00\" \/>\n<meta property=\"og:image\" content=\"https:\/\/www.trikomaseeds.com\/wp-content\/uploads\/2025\/04\/ak74-fast.jpg\" \/>\n\t<meta property=\"og:image:width\" content=\"800\" \/>\n\t<meta property=\"og:image:height\" content=\"800\" \/>\n\t<meta property=\"og:image:type\" content=\"image\/jpeg\" \/>\n<meta name=\"twitter:card\" content=\"summary_large_image\" \/>\n<meta name=\"twitter:label1\" content=\"Dur\u00e9e de lecture estim\u00e9e\" \/>\n\t<meta name=\"twitter:data1\" content=\"1 minute\" \/>\n<script type=\"application\/ld+json\" class=\"yoast-schema-graph\">{\"@context\":\"https:\/\/schema.org\",\"@graph\":[{\"@type\":\"WebPage\",\"@id\":\"https:\/\/www.trikomaseeds.com\/fr\/graines\/ak-74-fast-version\/\",\"url\":\"https:\/\/www.trikomaseeds.com\/fr\/graines\/ak-74-fast-version\/\",\"name\":\"AK74 Fast \u2013 Hybride \u00e0 Floraison Rapide avec une Puissance de Mitraillette - Trikoma Seeds\",\"isPartOf\":{\"@id\":\"https:\/\/www.trikomaseeds.com\/fr\/#website\"},\"primaryImageOfPage\":{\"@id\":\"https:\/\/www.trikomaseeds.com\/fr\/graines\/ak-74-fast-version\/#primaryimage\"},\"image\":{\"@id\":\"https:\/\/www.trikomaseeds.com\/fr\/graines\/ak-74-fast-version\/#primaryimage\"},\"thumbnailUrl\":\"https:\/\/www.trikomaseeds.com\/wp-content\/uploads\/2025\/04\/ak74-fast.jpg\",\"datePublished\":\"2025-04-24T07:51:47+00:00\",\"dateModified\":\"2025-06-20T10:10:49+00:00\",\"description\":\"AK-74 Fast de Trikoma Seeds : puissance, saveur fruit\u00e9e et croissance rapide dans une vari\u00e9t\u00e9 f\u00e9minis\u00e9e id\u00e9ale pour des r\u00e9coltes abondantes sans complications.\",\"breadcrumb\":{\"@id\":\"https:\/\/www.trikomaseeds.com\/fr\/graines\/ak-74-fast-version\/#breadcrumb\"},\"inLanguage\":\"fr-FR\",\"potentialAction\":[{\"@type\":\"ReadAction\",\"target\":[\"https:\/\/www.trikomaseeds.com\/fr\/graines\/ak-74-fast-version\/\"]}]},{\"@type\":\"ImageObject\",\"inLanguage\":\"fr-FR\",\"@id\":\"https:\/\/www.trikomaseeds.com\/fr\/graines\/ak-74-fast-version\/#primaryimage\",\"url\":\"https:\/\/www.trikomaseeds.com\/wp-content\/uploads\/2025\/04\/ak74-fast.jpg\",\"contentUrl\":\"https:\/\/www.trikomaseeds.com\/wp-content\/uploads\/2025\/04\/ak74-fast.jpg\",\"width\":800,\"height\":800,\"caption\":\"AK74 Fast\"},{\"@type\":\"BreadcrumbList\",\"@id\":\"https:\/\/www.trikomaseeds.com\/fr\/graines\/ak-74-fast-version\/#breadcrumb\",\"itemListElement\":[{\"@type\":\"ListItem\",\"position\":1,\"name\":\"Portada\",\"item\":\"https:\/\/www.trikomaseeds.com\/fr\/\"},{\"@type\":\"ListItem\",\"position\":2,\"name\":\"Shop\",\"item\":\"https:\/\/www.trikomaseeds.com\/fr\/shop\/\"},{\"@type\":\"ListItem\",\"position\":3,\"name\":\"AK74 Fast \u2013 Hybride \u00e0 Floraison Rapide avec une Puissance de Mitraillette\"}]},{\"@type\":\"WebSite\",\"@id\":\"https:\/\/www.trikomaseeds.com\/fr\/#website\",\"url\":\"https:\/\/www.trikomaseeds.com\/fr\/\",\"name\":\"Trikoma Seeds\",\"description\":\"Semillas de Marihuana Auto, Feminizadas y medicinales\",\"potentialAction\":[{\"@type\":\"SearchAction\",\"target\":{\"@type\":\"EntryPoint\",\"urlTemplate\":\"https:\/\/www.trikomaseeds.com\/fr\/?s={search_term_string}\"},\"query-input\":{\"@type\":\"PropertyValueSpecification\",\"valueRequired\":true,\"valueName\":\"search_term_string\"}}],\"inLanguage\":\"fr-FR\"}]}<\/script>\n<!-- \/ Yoast SEO plugin. -->","yoast_head_json":{"title":"AK74 Fast \u2013 Hybride \u00e0 Floraison Rapide avec une Puissance de Mitraillette - Trikoma Seeds","description":"AK-74 Fast de Trikoma Seeds : puissance, saveur fruit\u00e9e et croissance rapide dans une vari\u00e9t\u00e9 f\u00e9minis\u00e9e id\u00e9ale pour des r\u00e9coltes abondantes sans complications.","robots":{"index":"index","follow":"follow","max-snippet":"max-snippet:-1","max-image-preview":"max-image-preview:large","max-video-preview":"max-video-preview:-1"},"canonical":"https:\/\/www.trikomaseeds.com\/fr\/graines\/ak-74-fast-version\/","og_locale":"fr_FR","og_type":"article","og_title":"AK74 Fast \u2013 Hybride \u00e0 Floraison Rapide avec une Puissance de Mitraillette - Trikoma Seeds","og_description":"AK-74 Fast de Trikoma Seeds : puissance, saveur fruit\u00e9e et croissance rapide dans une vari\u00e9t\u00e9 f\u00e9minis\u00e9e id\u00e9ale pour des r\u00e9coltes abondantes sans complications.","og_url":"https:\/\/www.trikomaseeds.com\/fr\/graines\/ak-74-fast-version\/","og_site_name":"Trikoma Seeds","article_modified_time":"2025-06-20T10:10:49+00:00","og_image":[{"width":800,"height":800,"url":"https:\/\/www.trikomaseeds.com\/wp-content\/uploads\/2025\/04\/ak74-fast.jpg","type":"image\/jpeg"}],"twitter_card":"summary_large_image","twitter_misc":{"Dur\u00e9e de lecture estim\u00e9e":"1 minute"},"schema":{"@context":"https:\/\/schema.org","@graph":[{"@type":"WebPage","@id":"https:\/\/www.trikomaseeds.com\/fr\/graines\/ak-74-fast-version\/","url":"https:\/\/www.trikomaseeds.com\/fr\/graines\/ak-74-fast-version\/","name":"AK74 Fast \u2013 Hybride \u00e0 Floraison Rapide avec une Puissance de Mitraillette - Trikoma Seeds","isPartOf":{"@id":"https:\/\/www.trikomaseeds.com\/fr\/#website"},"primaryImageOfPage":{"@id":"https:\/\/www.trikomaseeds.com\/fr\/graines\/ak-74-fast-version\/#primaryimage"},"image":{"@id":"https:\/\/www.trikomaseeds.com\/fr\/graines\/ak-74-fast-version\/#primaryimage"},"thumbnailUrl":"https:\/\/www.trikomaseeds.com\/wp-content\/uploads\/2025\/04\/ak74-fast.jpg","datePublished":"2025-04-24T07:51:47+00:00","dateModified":"2025-06-20T10:10:49+00:00","description":"AK-74 Fast de Trikoma Seeds : puissance, saveur fruit\u00e9e et croissance rapide dans une vari\u00e9t\u00e9 f\u00e9minis\u00e9e id\u00e9ale pour des r\u00e9coltes abondantes sans complications.","breadcrumb":{"@id":"https:\/\/www.trikomaseeds.com\/fr\/graines\/ak-74-fast-version\/#breadcrumb"},"inLanguage":"fr-FR","potentialAction":[{"@type":"ReadAction","target":["https:\/\/www.trikomaseeds.com\/fr\/graines\/ak-74-fast-version\/"]}]},{"@type":"ImageObject","inLanguage":"fr-FR","@id":"https:\/\/www.trikomaseeds.com\/fr\/graines\/ak-74-fast-version\/#primaryimage","url":"https:\/\/www.trikomaseeds.com\/wp-content\/uploads\/2025\/04\/ak74-fast.jpg","contentUrl":"https:\/\/www.trikomaseeds.com\/wp-content\/uploads\/2025\/04\/ak74-fast.jpg","width":800,"height":800,"caption":"AK74 Fast"},{"@type":"BreadcrumbList","@id":"https:\/\/www.trikomaseeds.com\/fr\/graines\/ak-74-fast-version\/#breadcrumb","itemListElement":[{"@type":"ListItem","position":1,"name":"Portada","item":"https:\/\/www.trikomaseeds.com\/fr\/"},{"@type":"ListItem","position":2,"name":"Shop","item":"https:\/\/www.trikomaseeds.com\/fr\/shop\/"},{"@type":"ListItem","position":3,"name":"AK74 Fast \u2013 Hybride \u00e0 Floraison Rapide avec une Puissance de Mitraillette"}]},{"@type":"WebSite","@id":"https:\/\/www.trikomaseeds.com\/fr\/#website","url":"https:\/\/www.trikomaseeds.com\/fr\/","name":"Trikoma Seeds","description":"Semillas de Marihuana Auto, Feminizadas y medicinales","potentialAction":[{"@type":"SearchAction","target":{"@type":"EntryPoint","urlTemplate":"https:\/\/www.trikomaseeds.com\/fr\/?s={search_term_string}"},"query-input":{"@type":"PropertyValueSpecification","valueRequired":true,"valueName":"search_term_string"}}],"inLanguage":"fr-FR"}]}},"_links":{"self":[{"href":"https:\/\/www.trikomaseeds.com\/fr\/wp-json\/wp\/v2\/product\/12508","targetHints":{"allow":["GET"]}}],"collection":[{"href":"https:\/\/www.trikomaseeds.com\/fr\/wp-json\/wp\/v2\/product"}],"about":[{"href":"https:\/\/www.trikomaseeds.com\/fr\/wp-json\/wp\/v2\/types\/product"}],"replies":[{"embeddable":true,"href":"https:\/\/www.trikomaseeds.com\/fr\/wp-json\/wp\/v2\/comments?post=12508"}],"wp:featuredmedia":[{"embeddable":true,"href":"https:\/\/www.trikomaseeds.com\/fr\/wp-json\/wp\/v2\/media\/12566"}],"wp:attachment":[{"href":"https:\/\/www.trikomaseeds.com\/fr\/wp-json\/wp\/v2\/media?parent=12508"}],"wp:term":[{"taxonomy":"product_cat","embeddable":true,"href":"https:\/\/www.trikomaseeds.com\/fr\/wp-json\/wp\/v2\/product_cat?post=12508"},{"taxonomy":"product_tag","embeddable":true,"href":"https:\/\/www.trikomaseeds.com\/fr\/wp-json\/wp\/v2\/product_tag?post=12508"}],"curies":[{"name":"wp","href":"https:\/\/api.w.org\/{rel}","templated":true}]}}