{"id":12420,"date":"2025-04-24T13:47:36","date_gmt":"2025-04-24T11:47:36","guid":{"rendered":"https:\/\/www.trikomaseeds.com\/semillas\/gorilla-fast-version\/"},"modified":"2025-06-21T15:52:51","modified_gmt":"2025-06-21T13:52:51","slug":"gorilla-fast-version","status":"publish","type":"product","link":"https:\/\/www.trikomaseeds.com\/fr\/graines\/gorilla-fast-version\/","title":{"rendered":"Gorilla Fast \u2013 Version rapide avec puissance et production massive de r\u00e9sine"},"content":{"rendered":"<p data-start=\"1874\" data-end=\"2120\"><strong data-start=\"1957\" data-end=\"1973\">Gorilla Fast<\/strong> est une <strong data-start=\"1982\" data-end=\"2015\">version F1 \u00e0 floraison rapide<\/strong> de la c\u00e9l\u00e8bre Gorilla, l\u2019une des vari\u00e9t\u00e9s de cannabis les plus <strong data-start=\"2079\" data-end=\"2107\">puissantes et r\u00e9sineuses<\/strong> disponibles.<\/p>\n<p data-start=\"2122\" data-end=\"2295\">Issue de <strong data-start=\"2131\" data-end=\"2153\">g\u00e9n\u00e9tiques d\u2019\u00e9lite<\/strong>, ce hybride \u00e0 floraison rapide d\u00e9veloppe <strong data-start=\"2195\" data-end=\"2219\">des t\u00eates puissantes<\/strong> en un temps record \u2013 id\u00e9al pour ceux qui cherchent \u00e0 cultiver efficacement.<\/p>\n<p data-start=\"2297\" data-end=\"2711\">\ud83d\udd25 <strong data-start=\"2300\" data-end=\"2320\">Floraison rapide<\/strong> \u2013 pr\u00eate <strong data-start=\"2329\" data-end=\"2353\">une semaine plus t\u00f4t<\/strong>, en seulement <strong data-start=\"2368\" data-end=\"2385\">43 \u00e0 53 jours<\/strong><br data-start=\"2385\" data-end=\"2388\" \/>\ud83c\udf31 <strong data-start=\"2391\" data-end=\"2413\">Graines f\u00e9minis\u00e9es<\/strong> issues d\u2019une banque de graines fiable, pour culture int\u00e9rieure et ext\u00e9rieure<br data-start=\"2490\" data-end=\"2493\" \/>\ud83d\udcaa <strong data-start=\"2496\" data-end=\"2517\">Rendements \u00e9lev\u00e9s<\/strong> avec <strong data-start=\"2523\" data-end=\"2562\">t\u00eates denses et couvertes de r\u00e9sine<\/strong><br data-start=\"2562\" data-end=\"2565\" \/>\ud83d\ude80 <strong data-start=\"2568\" data-end=\"2588\">Effets puissants<\/strong> \u2013 high intense suivi d\u2019une profonde relaxation<br data-start=\"2635\" data-end=\"2638\" \/>\ud83c\udf3f <strong data-start=\"2641\" data-end=\"2658\">Ar\u00f4me et go\u00fbt<\/strong> \u2013 notes terreuses et diesel avec une touche acidul\u00e9e<\/p>\n<h3 data-start=\"2713\" data-end=\"2757\">\ud83d\udca5 Facile \u00e0 cultiver et tr\u00e8s adaptable<\/h3>\n<p data-start=\"2758\" data-end=\"3020\"><strong data-start=\"2758\" data-end=\"2774\">Gorilla Fast<\/strong> est un hybride F1 <strong data-start=\"2793\" data-end=\"2822\">robuste et facile \u00e0 g\u00e9rer<\/strong>, id\u00e9al pour la culture <strong data-start=\"2846\" data-end=\"2867\">indoor ou outdoor<\/strong>. Elle demande <strong data-start=\"2882\" data-end=\"2907\">une nutrition mod\u00e9r\u00e9e<\/strong>, car elle ne tol\u00e8re pas l\u2019exc\u00e8s d\u2019engrais. L\u2019arrosage doit rester <strong data-start=\"2974\" data-end=\"2986\">r\u00e9gulier<\/strong> pour un d\u00e9veloppement harmonieux.<\/p>\n<p data-start=\"3022\" data-end=\"3365\">Pour de meilleurs r\u00e9sultats, il est conseill\u00e9 de <strong data-start=\"3071\" data-end=\"3107\">tailler les branches inf\u00e9rieures<\/strong>, permettant \u00e0 la plante de concentrer son \u00e9nergie sur les fleurs sup\u00e9rieures. Gr\u00e2ce \u00e0 sa <strong data-start=\"3197\" data-end=\"3217\">floraison rapide<\/strong> et sa <strong data-start=\"3224\" data-end=\"3248\">teneur \u00e9lev\u00e9e en THC<\/strong>, cette vari\u00e9t\u00e9 est parfaite pour les cultivateurs qui recherchent des <strong data-start=\"3319\" data-end=\"3364\">r\u00e9sultats rapides avec de gros rendements<\/strong>.<\/p>\n<p data-start=\"3367\" data-end=\"3504\">Chez Trikoma Seeds, nous proposons une large s\u00e9lection de <strong data-start=\"3425\" data-end=\"3451\">g\u00e9n\u00e9tique Fast version<\/strong>, pour ceux qui valorisent <strong data-start=\"3478\" data-end=\"3503\">efficacit\u00e9 et qualit\u00e9<\/strong>.<\/p>\n<p data-start=\"3506\" data-end=\"3672\"><strong data-start=\"3506\" data-end=\"3544\">Commandez les graines Gorilla Fast<\/strong> et d\u00e9couvrez <strong data-start=\"3558\" data-end=\"3599\">la puissance de la gorille de l\u2019Ouest<\/strong> en version cannabis \u2013 <strong data-start=\"3622\" data-end=\"3670\">rapide, r\u00e9sineuse et redoutablement efficace<\/strong>\u202f!<\/p>\n","protected":false},"excerpt":{"rendered":"<p><strong>Gorilla Fast de Trikoma Seeds<\/strong>: puissance extr\u00eame, saveur d\u2019agrumes et floraison rapide dans une vari\u00e9t\u00e9 f\u00e9minis\u00e9e id\u00e9ale pour des r\u00e9coltes abondantes.<\/p>\n","protected":false},"featured_media":12590,"comment_status":"open","ping_status":"closed","template":"","meta":[],"product_cat":[484],"product_tag":[],"class_list":{"0":"post-12420","1":"product","2":"type-product","3":"status-publish","4":"has-post-thumbnail","6":"product_cat-fast-versions-fr","8":"first","9":"instock","10":"shipping-taxable","11":"purchasable","12":"product-type-variable","13":"has-default-attributes"},"yoast_head":"<!-- This site is optimized with the Yoast SEO plugin v25.6 - https:\/\/yoast.com\/wordpress\/plugins\/seo\/ -->\n<title>Gorilla Fast \u2013 Version rapide avec puissance et production massive de r\u00e9sine - Trikoma Seeds<\/title>\n<meta name=\"description\" content=\"Gorilla Fast de Trikoma Seeds est d&#039;une puissance extr\u00eame, d&#039;une saveur d&#039;agrumes et d&#039;une floraison rapide dans une vari\u00e9t\u00e9 f\u00e9minis\u00e9e id\u00e9ale pour les r\u00e9coltes abondantes.\" \/>\n<meta name=\"robots\" content=\"index, follow, max-snippet:-1, max-image-preview:large, max-video-preview:-1\" \/>\n<link rel=\"canonical\" href=\"https:\/\/www.trikomaseeds.com\/fr\/graines\/gorilla-fast-version\/\" \/>\n<meta property=\"og:locale\" content=\"fr_FR\" \/>\n<meta property=\"og:type\" content=\"article\" \/>\n<meta property=\"og:title\" content=\"Gorilla Fast \u2013 Version rapide avec puissance et production massive de r\u00e9sine - Trikoma Seeds\" \/>\n<meta property=\"og:description\" content=\"Gorilla Fast de Trikoma Seeds est d&#039;une puissance extr\u00eame, d&#039;une saveur d&#039;agrumes et d&#039;une floraison rapide dans une vari\u00e9t\u00e9 f\u00e9minis\u00e9e id\u00e9ale pour les r\u00e9coltes abondantes.\" \/>\n<meta property=\"og:url\" content=\"https:\/\/www.trikomaseeds.com\/fr\/graines\/gorilla-fast-version\/\" \/>\n<meta property=\"og:site_name\" content=\"Trikoma Seeds\" \/>\n<meta property=\"article:modified_time\" content=\"2025-06-21T13:52:51+00:00\" \/>\n<meta property=\"og:image\" content=\"https:\/\/www.trikomaseeds.com\/wp-content\/uploads\/2025\/04\/gorila-tr-fast-1.jpg\" \/>\n\t<meta property=\"og:image:width\" content=\"800\" \/>\n\t<meta property=\"og:image:height\" content=\"800\" \/>\n\t<meta property=\"og:image:type\" content=\"image\/jpeg\" \/>\n<meta name=\"twitter:card\" content=\"summary_large_image\" \/>\n<meta name=\"twitter:label1\" content=\"Dur\u00e9e de lecture estim\u00e9e\" \/>\n\t<meta name=\"twitter:data1\" content=\"2 minutes\" \/>\n<script type=\"application\/ld+json\" class=\"yoast-schema-graph\">{\"@context\":\"https:\/\/schema.org\",\"@graph\":[{\"@type\":\"WebPage\",\"@id\":\"https:\/\/www.trikomaseeds.com\/fr\/graines\/gorilla-fast-version\/\",\"url\":\"https:\/\/www.trikomaseeds.com\/fr\/graines\/gorilla-fast-version\/\",\"name\":\"Gorilla Fast \u2013 Version rapide avec puissance et production massive de r\u00e9sine - Trikoma Seeds\",\"isPartOf\":{\"@id\":\"https:\/\/www.trikomaseeds.com\/fr\/#website\"},\"primaryImageOfPage\":{\"@id\":\"https:\/\/www.trikomaseeds.com\/fr\/graines\/gorilla-fast-version\/#primaryimage\"},\"image\":{\"@id\":\"https:\/\/www.trikomaseeds.com\/fr\/graines\/gorilla-fast-version\/#primaryimage\"},\"thumbnailUrl\":\"https:\/\/www.trikomaseeds.com\/wp-content\/uploads\/2025\/04\/gorila-tr-fast-1.jpg\",\"datePublished\":\"2025-04-24T11:47:36+00:00\",\"dateModified\":\"2025-06-21T13:52:51+00:00\",\"description\":\"Gorilla Fast de Trikoma Seeds est d'une puissance extr\u00eame, d'une saveur d'agrumes et d'une floraison rapide dans une vari\u00e9t\u00e9 f\u00e9minis\u00e9e id\u00e9ale pour les r\u00e9coltes abondantes.\",\"breadcrumb\":{\"@id\":\"https:\/\/www.trikomaseeds.com\/fr\/graines\/gorilla-fast-version\/#breadcrumb\"},\"inLanguage\":\"fr-FR\",\"potentialAction\":[{\"@type\":\"ReadAction\",\"target\":[\"https:\/\/www.trikomaseeds.com\/fr\/graines\/gorilla-fast-version\/\"]}]},{\"@type\":\"ImageObject\",\"inLanguage\":\"fr-FR\",\"@id\":\"https:\/\/www.trikomaseeds.com\/fr\/graines\/gorilla-fast-version\/#primaryimage\",\"url\":\"https:\/\/www.trikomaseeds.com\/wp-content\/uploads\/2025\/04\/gorila-tr-fast-1.jpg\",\"contentUrl\":\"https:\/\/www.trikomaseeds.com\/wp-content\/uploads\/2025\/04\/gorila-tr-fast-1.jpg\",\"width\":800,\"height\":800,\"caption\":\"Gorila TR Fast\"},{\"@type\":\"BreadcrumbList\",\"@id\":\"https:\/\/www.trikomaseeds.com\/fr\/graines\/gorilla-fast-version\/#breadcrumb\",\"itemListElement\":[{\"@type\":\"ListItem\",\"position\":1,\"name\":\"Portada\",\"item\":\"https:\/\/www.trikomaseeds.com\/fr\/\"},{\"@type\":\"ListItem\",\"position\":2,\"name\":\"Shop\",\"item\":\"https:\/\/www.trikomaseeds.com\/fr\/shop\/\"},{\"@type\":\"ListItem\",\"position\":3,\"name\":\"Gorilla Fast \u2013 Version rapide avec puissance et production massive de r\u00e9sine\"}]},{\"@type\":\"WebSite\",\"@id\":\"https:\/\/www.trikomaseeds.com\/fr\/#website\",\"url\":\"https:\/\/www.trikomaseeds.com\/fr\/\",\"name\":\"Trikoma Seeds\",\"description\":\"Semillas de Marihuana Auto, Feminizadas y medicinales\",\"potentialAction\":[{\"@type\":\"SearchAction\",\"target\":{\"@type\":\"EntryPoint\",\"urlTemplate\":\"https:\/\/www.trikomaseeds.com\/fr\/?s={search_term_string}\"},\"query-input\":{\"@type\":\"PropertyValueSpecification\",\"valueRequired\":true,\"valueName\":\"search_term_string\"}}],\"inLanguage\":\"fr-FR\"}]}<\/script>\n<!-- \/ Yoast SEO plugin. -->","yoast_head_json":{"title":"Gorilla Fast \u2013 Version rapide avec puissance et production massive de r\u00e9sine - Trikoma Seeds","description":"Gorilla Fast de Trikoma Seeds est d'une puissance extr\u00eame, d'une saveur d'agrumes et d'une floraison rapide dans une vari\u00e9t\u00e9 f\u00e9minis\u00e9e id\u00e9ale pour les r\u00e9coltes abondantes.","robots":{"index":"index","follow":"follow","max-snippet":"max-snippet:-1","max-image-preview":"max-image-preview:large","max-video-preview":"max-video-preview:-1"},"canonical":"https:\/\/www.trikomaseeds.com\/fr\/graines\/gorilla-fast-version\/","og_locale":"fr_FR","og_type":"article","og_title":"Gorilla Fast \u2013 Version rapide avec puissance et production massive de r\u00e9sine - Trikoma Seeds","og_description":"Gorilla Fast de Trikoma Seeds est d'une puissance extr\u00eame, d'une saveur d'agrumes et d'une floraison rapide dans une vari\u00e9t\u00e9 f\u00e9minis\u00e9e id\u00e9ale pour les r\u00e9coltes abondantes.","og_url":"https:\/\/www.trikomaseeds.com\/fr\/graines\/gorilla-fast-version\/","og_site_name":"Trikoma Seeds","article_modified_time":"2025-06-21T13:52:51+00:00","og_image":[{"width":800,"height":800,"url":"https:\/\/www.trikomaseeds.com\/wp-content\/uploads\/2025\/04\/gorila-tr-fast-1.jpg","type":"image\/jpeg"}],"twitter_card":"summary_large_image","twitter_misc":{"Dur\u00e9e de lecture estim\u00e9e":"2 minutes"},"schema":{"@context":"https:\/\/schema.org","@graph":[{"@type":"WebPage","@id":"https:\/\/www.trikomaseeds.com\/fr\/graines\/gorilla-fast-version\/","url":"https:\/\/www.trikomaseeds.com\/fr\/graines\/gorilla-fast-version\/","name":"Gorilla Fast \u2013 Version rapide avec puissance et production massive de r\u00e9sine - Trikoma Seeds","isPartOf":{"@id":"https:\/\/www.trikomaseeds.com\/fr\/#website"},"primaryImageOfPage":{"@id":"https:\/\/www.trikomaseeds.com\/fr\/graines\/gorilla-fast-version\/#primaryimage"},"image":{"@id":"https:\/\/www.trikomaseeds.com\/fr\/graines\/gorilla-fast-version\/#primaryimage"},"thumbnailUrl":"https:\/\/www.trikomaseeds.com\/wp-content\/uploads\/2025\/04\/gorila-tr-fast-1.jpg","datePublished":"2025-04-24T11:47:36+00:00","dateModified":"2025-06-21T13:52:51+00:00","description":"Gorilla Fast de Trikoma Seeds est d'une puissance extr\u00eame, d'une saveur d'agrumes et d'une floraison rapide dans une vari\u00e9t\u00e9 f\u00e9minis\u00e9e id\u00e9ale pour les r\u00e9coltes abondantes.","breadcrumb":{"@id":"https:\/\/www.trikomaseeds.com\/fr\/graines\/gorilla-fast-version\/#breadcrumb"},"inLanguage":"fr-FR","potentialAction":[{"@type":"ReadAction","target":["https:\/\/www.trikomaseeds.com\/fr\/graines\/gorilla-fast-version\/"]}]},{"@type":"ImageObject","inLanguage":"fr-FR","@id":"https:\/\/www.trikomaseeds.com\/fr\/graines\/gorilla-fast-version\/#primaryimage","url":"https:\/\/www.trikomaseeds.com\/wp-content\/uploads\/2025\/04\/gorila-tr-fast-1.jpg","contentUrl":"https:\/\/www.trikomaseeds.com\/wp-content\/uploads\/2025\/04\/gorila-tr-fast-1.jpg","width":800,"height":800,"caption":"Gorila TR Fast"},{"@type":"BreadcrumbList","@id":"https:\/\/www.trikomaseeds.com\/fr\/graines\/gorilla-fast-version\/#breadcrumb","itemListElement":[{"@type":"ListItem","position":1,"name":"Portada","item":"https:\/\/www.trikomaseeds.com\/fr\/"},{"@type":"ListItem","position":2,"name":"Shop","item":"https:\/\/www.trikomaseeds.com\/fr\/shop\/"},{"@type":"ListItem","position":3,"name":"Gorilla Fast \u2013 Version rapide avec puissance et production massive de r\u00e9sine"}]},{"@type":"WebSite","@id":"https:\/\/www.trikomaseeds.com\/fr\/#website","url":"https:\/\/www.trikomaseeds.com\/fr\/","name":"Trikoma Seeds","description":"Semillas de Marihuana Auto, Feminizadas y medicinales","potentialAction":[{"@type":"SearchAction","target":{"@type":"EntryPoint","urlTemplate":"https:\/\/www.trikomaseeds.com\/fr\/?s={search_term_string}"},"query-input":{"@type":"PropertyValueSpecification","valueRequired":true,"valueName":"search_term_string"}}],"inLanguage":"fr-FR"}]}},"_links":{"self":[{"href":"https:\/\/www.trikomaseeds.com\/fr\/wp-json\/wp\/v2\/product\/12420","targetHints":{"allow":["GET"]}}],"collection":[{"href":"https:\/\/www.trikomaseeds.com\/fr\/wp-json\/wp\/v2\/product"}],"about":[{"href":"https:\/\/www.trikomaseeds.com\/fr\/wp-json\/wp\/v2\/types\/product"}],"replies":[{"embeddable":true,"href":"https:\/\/www.trikomaseeds.com\/fr\/wp-json\/wp\/v2\/comments?post=12420"}],"wp:featuredmedia":[{"embeddable":true,"href":"https:\/\/www.trikomaseeds.com\/fr\/wp-json\/wp\/v2\/media\/12590"}],"wp:attachment":[{"href":"https:\/\/www.trikomaseeds.com\/fr\/wp-json\/wp\/v2\/media?parent=12420"}],"wp:term":[{"taxonomy":"product_cat","embeddable":true,"href":"https:\/\/www.trikomaseeds.com\/fr\/wp-json\/wp\/v2\/product_cat?post=12420"},{"taxonomy":"product_tag","embeddable":true,"href":"https:\/\/www.trikomaseeds.com\/fr\/wp-json\/wp\/v2\/product_tag?post=12420"}],"curies":[{"name":"wp","href":"https:\/\/api.w.org\/{rel}","templated":true}]}}