{"id":12368,"date":"2025-04-24T14:00:32","date_gmt":"2025-04-24T12:00:32","guid":{"rendered":"https:\/\/www.trikomaseeds.com\/semillas\/patagonia-fast-version\/"},"modified":"2025-06-21T16:01:44","modified_gmt":"2025-06-21T14:01:44","slug":"patagonia-fast-version","status":"publish","type":"product","link":"https:\/\/www.trikomaseeds.com\/fr\/graines\/patagonia-fast-version\/","title":{"rendered":"Patagonia Fast \u2013 Version rapide avec puissance et floraison \u00e9clair"},"content":{"rendered":"<p data-start=\"2186\" data-end=\"2632\"><strong data-start=\"2259\" data-end=\"2277\">Patagonia Fast<\/strong> est une <strong data-start=\"2286\" data-end=\"2302\">fast version<\/strong> cr\u00e9\u00e9e \u00e0 partir des l\u00e9gendaires <strong data-start=\"2334\" data-end=\"2364\">OG Kush et Northern Lights<\/strong>. Cet hybride \u00e0 <strong data-start=\"2380\" data-end=\"2410\">80\u202f% indica et 20\u202f% sativa<\/strong> offre <strong data-start=\"2417\" data-end=\"2443\">une qualit\u00e9 sup\u00e9rieure<\/strong>, <strong data-start=\"2445\" data-end=\"2479\">un effet profond\u00e9ment relaxant<\/strong> et <strong data-start=\"2483\" data-end=\"2507\">une floraison rapide<\/strong>. Inspir\u00e9e par les paysages de la Patagonie, cette vari\u00e9t\u00e9 produit des <strong data-start=\"2578\" data-end=\"2631\">plantes compactes, r\u00e9sineuses et tr\u00e8s productives<\/strong>.<\/p>\n<p data-start=\"2634\" data-end=\"3044\">\ud83d\udd25 <strong data-start=\"2637\" data-end=\"2657\">Floraison courte<\/strong> \u2013 pr\u00eate \u00e0 r\u00e9colter en seulement <strong data-start=\"2690\" data-end=\"2702\">53 jours<\/strong><br data-start=\"2702\" data-end=\"2705\" \/>\ud83c\udf31 <strong data-start=\"2708\" data-end=\"2730\">Graines f\u00e9minis\u00e9es<\/strong> issues d\u2019une banque de graines fiable<br data-start=\"2768\" data-end=\"2771\" \/>\ud83d\udcaa <strong data-start=\"2774\" data-end=\"2795\">Production \u00e9lev\u00e9e<\/strong> \u2013 t\u00eates denses et r\u00e9sineuses, id\u00e9ales en int\u00e9rieur comme en ext\u00e9rieur<br data-start=\"2865\" data-end=\"2868\" \/>\ud83c\udf3f <strong data-start=\"2871\" data-end=\"2890\">Ar\u00f4me et saveur<\/strong> \u2013 terreux avec des notes d\u2019agrumes et une touche sucr\u00e9e<br data-start=\"2946\" data-end=\"2949\" \/>\ud83d\ude0c <strong data-start=\"2952\" data-end=\"2973\">Facile \u00e0 cultiver<\/strong> \u2013 parfaite pour les d\u00e9butants comme pour les cultivateurs exp\u00e9riment\u00e9s<\/p>\n<h3 data-start=\"3046\" data-end=\"3123\">\ud83d\udca1 Comment cultiver des graines \u00e0 floraison rapide comme Patagonia Fast<\/h3>\n<p data-start=\"3124\" data-end=\"3393\">Cet hybride s\u2019adapte facilement \u00e0 diff\u00e9rentes phases de culture, que ce soit en <strong data-start=\"3204\" data-end=\"3233\">int\u00e9rieur ou en ext\u00e9rieur<\/strong>. Gr\u00e2ce \u00e0 <strong data-start=\"3243\" data-end=\"3273\">un cycle lumineux optimis\u00e9<\/strong>, <strong data-start=\"3275\" data-end=\"3293\">Patagonia Fast<\/strong> r\u00e9duit la dur\u00e9e de floraison, permettant une r\u00e9colte plus rapide que de nombreuses autres vari\u00e9t\u00e9s.<\/p>\n<p data-start=\"3395\" data-end=\"3561\">Si vous cherchez une vari\u00e9t\u00e9 <strong data-start=\"3424\" data-end=\"3449\">productive et robuste<\/strong>, <strong data-start=\"3451\" data-end=\"3469\">Patagonia Fast<\/strong> garantit une <strong data-start=\"3483\" data-end=\"3501\">culture simple<\/strong> et <strong data-start=\"3505\" data-end=\"3530\">une floraison express<\/strong> sans compromis sur la qualit\u00e9.<\/p>\n<p data-start=\"3563\" data-end=\"3716\">Le cycle de floraison des vari\u00e9t\u00e9s photop\u00e9riodiques d\u00e9pend de la lumi\u00e8re, ce qui permet de <strong data-start=\"3654\" data-end=\"3681\">contr\u00f4ler la croissance<\/strong> et <strong data-start=\"3685\" data-end=\"3715\">d\u2019am\u00e9liorer les rendements<\/strong>.<\/p>\n<p data-start=\"3718\" data-end=\"3869\">Chez Trikoma Seeds, nous proposons une large gamme de <strong data-start=\"3772\" data-end=\"3802\">graines \u00e0 floraison rapide<\/strong> pour ceux qui recherchent une <strong data-start=\"3833\" data-end=\"3868\">g\u00e9n\u00e9tique puissante et efficace<\/strong>.<\/p>\n<p data-start=\"3871\" data-end=\"4001\"><strong data-start=\"3871\" data-end=\"3921\">Achetez les graines de cannabis Patagonia Fast<\/strong> et d\u00e9couvrez <strong data-start=\"3935\" data-end=\"3999\">une indica puissante avec des r\u00e9coltes rapides et abondantes<\/strong>\u202f!<\/p>\n","protected":false},"excerpt":{"rendered":"<p><strong>Patagonia Fast de Trikoma Seeds<\/strong>: r\u00e9sistance extr\u00eame, saveur sucr\u00e9e et floraison rapide pour des r\u00e9coltes abondantes, quel que soit le climat.<\/p>\n","protected":false},"featured_media":12598,"comment_status":"open","ping_status":"closed","template":"","meta":[],"product_cat":[484],"product_tag":[],"class_list":{"0":"post-12368","1":"product","2":"type-product","3":"status-publish","4":"has-post-thumbnail","6":"product_cat-fast-versions-fr","8":"first","9":"instock","10":"shipping-taxable","11":"purchasable","12":"product-type-variable","13":"has-default-attributes"},"yoast_head":"<!-- This site is optimized with the Yoast SEO plugin v25.6 - https:\/\/yoast.com\/wordpress\/plugins\/seo\/ -->\n<title>Patagonia Fast \u2013 Version rapide avec puissance et floraison \u00e9clair - Trikoma Seeds<\/title>\n<meta name=\"description\" content=\"La Patagonia Fast de Trikoma Seeds est extr\u00eamement r\u00e9sistante, au go\u00fbt sucr\u00e9 et \u00e0 la floraison rapide pour des r\u00e9coltes abondantes sous n&#039;importe quel climat.\" \/>\n<meta name=\"robots\" content=\"index, follow, max-snippet:-1, max-image-preview:large, max-video-preview:-1\" \/>\n<link rel=\"canonical\" href=\"https:\/\/www.trikomaseeds.com\/fr\/graines\/patagonia-fast-version\/\" \/>\n<meta property=\"og:locale\" content=\"fr_FR\" \/>\n<meta property=\"og:type\" content=\"article\" \/>\n<meta property=\"og:title\" content=\"Patagonia Fast \u2013 Version rapide avec puissance et floraison \u00e9clair - Trikoma Seeds\" \/>\n<meta property=\"og:description\" content=\"La Patagonia Fast de Trikoma Seeds est extr\u00eamement r\u00e9sistante, au go\u00fbt sucr\u00e9 et \u00e0 la floraison rapide pour des r\u00e9coltes abondantes sous n&#039;importe quel climat.\" \/>\n<meta property=\"og:url\" content=\"https:\/\/www.trikomaseeds.com\/fr\/graines\/patagonia-fast-version\/\" \/>\n<meta property=\"og:site_name\" content=\"Trikoma Seeds\" \/>\n<meta property=\"article:modified_time\" content=\"2025-06-21T14:01:44+00:00\" \/>\n<meta property=\"og:image\" content=\"https:\/\/www.trikomaseeds.com\/wp-content\/uploads\/2025\/04\/patagonia-fast-1.jpg\" \/>\n\t<meta property=\"og:image:width\" content=\"800\" \/>\n\t<meta property=\"og:image:height\" content=\"800\" \/>\n\t<meta property=\"og:image:type\" content=\"image\/jpeg\" \/>\n<meta name=\"twitter:card\" content=\"summary_large_image\" \/>\n<meta name=\"twitter:label1\" content=\"Dur\u00e9e de lecture estim\u00e9e\" \/>\n\t<meta name=\"twitter:data1\" content=\"2 minutes\" \/>\n<script type=\"application\/ld+json\" class=\"yoast-schema-graph\">{\"@context\":\"https:\/\/schema.org\",\"@graph\":[{\"@type\":\"WebPage\",\"@id\":\"https:\/\/www.trikomaseeds.com\/fr\/graines\/patagonia-fast-version\/\",\"url\":\"https:\/\/www.trikomaseeds.com\/fr\/graines\/patagonia-fast-version\/\",\"name\":\"Patagonia Fast \u2013 Version rapide avec puissance et floraison \u00e9clair - Trikoma Seeds\",\"isPartOf\":{\"@id\":\"https:\/\/www.trikomaseeds.com\/fr\/#website\"},\"primaryImageOfPage\":{\"@id\":\"https:\/\/www.trikomaseeds.com\/fr\/graines\/patagonia-fast-version\/#primaryimage\"},\"image\":{\"@id\":\"https:\/\/www.trikomaseeds.com\/fr\/graines\/patagonia-fast-version\/#primaryimage\"},\"thumbnailUrl\":\"https:\/\/www.trikomaseeds.com\/wp-content\/uploads\/2025\/04\/patagonia-fast-1.jpg\",\"datePublished\":\"2025-04-24T12:00:32+00:00\",\"dateModified\":\"2025-06-21T14:01:44+00:00\",\"description\":\"La Patagonia Fast de Trikoma Seeds est extr\u00eamement r\u00e9sistante, au go\u00fbt sucr\u00e9 et \u00e0 la floraison rapide pour des r\u00e9coltes abondantes sous n'importe quel climat.\",\"breadcrumb\":{\"@id\":\"https:\/\/www.trikomaseeds.com\/fr\/graines\/patagonia-fast-version\/#breadcrumb\"},\"inLanguage\":\"fr-FR\",\"potentialAction\":[{\"@type\":\"ReadAction\",\"target\":[\"https:\/\/www.trikomaseeds.com\/fr\/graines\/patagonia-fast-version\/\"]}]},{\"@type\":\"ImageObject\",\"inLanguage\":\"fr-FR\",\"@id\":\"https:\/\/www.trikomaseeds.com\/fr\/graines\/patagonia-fast-version\/#primaryimage\",\"url\":\"https:\/\/www.trikomaseeds.com\/wp-content\/uploads\/2025\/04\/patagonia-fast-1.jpg\",\"contentUrl\":\"https:\/\/www.trikomaseeds.com\/wp-content\/uploads\/2025\/04\/patagonia-fast-1.jpg\",\"width\":800,\"height\":800,\"caption\":\"Patagonia Fast\"},{\"@type\":\"BreadcrumbList\",\"@id\":\"https:\/\/www.trikomaseeds.com\/fr\/graines\/patagonia-fast-version\/#breadcrumb\",\"itemListElement\":[{\"@type\":\"ListItem\",\"position\":1,\"name\":\"Portada\",\"item\":\"https:\/\/www.trikomaseeds.com\/fr\/\"},{\"@type\":\"ListItem\",\"position\":2,\"name\":\"Shop\",\"item\":\"https:\/\/www.trikomaseeds.com\/fr\/shop\/\"},{\"@type\":\"ListItem\",\"position\":3,\"name\":\"Patagonia Fast \u2013 Version rapide avec puissance et floraison \u00e9clair\"}]},{\"@type\":\"WebSite\",\"@id\":\"https:\/\/www.trikomaseeds.com\/fr\/#website\",\"url\":\"https:\/\/www.trikomaseeds.com\/fr\/\",\"name\":\"Trikoma Seeds\",\"description\":\"Semillas de Marihuana Auto, Feminizadas y medicinales\",\"potentialAction\":[{\"@type\":\"SearchAction\",\"target\":{\"@type\":\"EntryPoint\",\"urlTemplate\":\"https:\/\/www.trikomaseeds.com\/fr\/?s={search_term_string}\"},\"query-input\":{\"@type\":\"PropertyValueSpecification\",\"valueRequired\":true,\"valueName\":\"search_term_string\"}}],\"inLanguage\":\"fr-FR\"}]}<\/script>\n<!-- \/ Yoast SEO plugin. -->","yoast_head_json":{"title":"Patagonia Fast \u2013 Version rapide avec puissance et floraison \u00e9clair - Trikoma Seeds","description":"La Patagonia Fast de Trikoma Seeds est extr\u00eamement r\u00e9sistante, au go\u00fbt sucr\u00e9 et \u00e0 la floraison rapide pour des r\u00e9coltes abondantes sous n'importe quel climat.","robots":{"index":"index","follow":"follow","max-snippet":"max-snippet:-1","max-image-preview":"max-image-preview:large","max-video-preview":"max-video-preview:-1"},"canonical":"https:\/\/www.trikomaseeds.com\/fr\/graines\/patagonia-fast-version\/","og_locale":"fr_FR","og_type":"article","og_title":"Patagonia Fast \u2013 Version rapide avec puissance et floraison \u00e9clair - Trikoma Seeds","og_description":"La Patagonia Fast de Trikoma Seeds est extr\u00eamement r\u00e9sistante, au go\u00fbt sucr\u00e9 et \u00e0 la floraison rapide pour des r\u00e9coltes abondantes sous n'importe quel climat.","og_url":"https:\/\/www.trikomaseeds.com\/fr\/graines\/patagonia-fast-version\/","og_site_name":"Trikoma Seeds","article_modified_time":"2025-06-21T14:01:44+00:00","og_image":[{"width":800,"height":800,"url":"https:\/\/www.trikomaseeds.com\/wp-content\/uploads\/2025\/04\/patagonia-fast-1.jpg","type":"image\/jpeg"}],"twitter_card":"summary_large_image","twitter_misc":{"Dur\u00e9e de lecture estim\u00e9e":"2 minutes"},"schema":{"@context":"https:\/\/schema.org","@graph":[{"@type":"WebPage","@id":"https:\/\/www.trikomaseeds.com\/fr\/graines\/patagonia-fast-version\/","url":"https:\/\/www.trikomaseeds.com\/fr\/graines\/patagonia-fast-version\/","name":"Patagonia Fast \u2013 Version rapide avec puissance et floraison \u00e9clair - Trikoma Seeds","isPartOf":{"@id":"https:\/\/www.trikomaseeds.com\/fr\/#website"},"primaryImageOfPage":{"@id":"https:\/\/www.trikomaseeds.com\/fr\/graines\/patagonia-fast-version\/#primaryimage"},"image":{"@id":"https:\/\/www.trikomaseeds.com\/fr\/graines\/patagonia-fast-version\/#primaryimage"},"thumbnailUrl":"https:\/\/www.trikomaseeds.com\/wp-content\/uploads\/2025\/04\/patagonia-fast-1.jpg","datePublished":"2025-04-24T12:00:32+00:00","dateModified":"2025-06-21T14:01:44+00:00","description":"La Patagonia Fast de Trikoma Seeds est extr\u00eamement r\u00e9sistante, au go\u00fbt sucr\u00e9 et \u00e0 la floraison rapide pour des r\u00e9coltes abondantes sous n'importe quel climat.","breadcrumb":{"@id":"https:\/\/www.trikomaseeds.com\/fr\/graines\/patagonia-fast-version\/#breadcrumb"},"inLanguage":"fr-FR","potentialAction":[{"@type":"ReadAction","target":["https:\/\/www.trikomaseeds.com\/fr\/graines\/patagonia-fast-version\/"]}]},{"@type":"ImageObject","inLanguage":"fr-FR","@id":"https:\/\/www.trikomaseeds.com\/fr\/graines\/patagonia-fast-version\/#primaryimage","url":"https:\/\/www.trikomaseeds.com\/wp-content\/uploads\/2025\/04\/patagonia-fast-1.jpg","contentUrl":"https:\/\/www.trikomaseeds.com\/wp-content\/uploads\/2025\/04\/patagonia-fast-1.jpg","width":800,"height":800,"caption":"Patagonia Fast"},{"@type":"BreadcrumbList","@id":"https:\/\/www.trikomaseeds.com\/fr\/graines\/patagonia-fast-version\/#breadcrumb","itemListElement":[{"@type":"ListItem","position":1,"name":"Portada","item":"https:\/\/www.trikomaseeds.com\/fr\/"},{"@type":"ListItem","position":2,"name":"Shop","item":"https:\/\/www.trikomaseeds.com\/fr\/shop\/"},{"@type":"ListItem","position":3,"name":"Patagonia Fast \u2013 Version rapide avec puissance et floraison \u00e9clair"}]},{"@type":"WebSite","@id":"https:\/\/www.trikomaseeds.com\/fr\/#website","url":"https:\/\/www.trikomaseeds.com\/fr\/","name":"Trikoma Seeds","description":"Semillas de Marihuana Auto, Feminizadas y medicinales","potentialAction":[{"@type":"SearchAction","target":{"@type":"EntryPoint","urlTemplate":"https:\/\/www.trikomaseeds.com\/fr\/?s={search_term_string}"},"query-input":{"@type":"PropertyValueSpecification","valueRequired":true,"valueName":"search_term_string"}}],"inLanguage":"fr-FR"}]}},"_links":{"self":[{"href":"https:\/\/www.trikomaseeds.com\/fr\/wp-json\/wp\/v2\/product\/12368","targetHints":{"allow":["GET"]}}],"collection":[{"href":"https:\/\/www.trikomaseeds.com\/fr\/wp-json\/wp\/v2\/product"}],"about":[{"href":"https:\/\/www.trikomaseeds.com\/fr\/wp-json\/wp\/v2\/types\/product"}],"replies":[{"embeddable":true,"href":"https:\/\/www.trikomaseeds.com\/fr\/wp-json\/wp\/v2\/comments?post=12368"}],"wp:featuredmedia":[{"embeddable":true,"href":"https:\/\/www.trikomaseeds.com\/fr\/wp-json\/wp\/v2\/media\/12598"}],"wp:attachment":[{"href":"https:\/\/www.trikomaseeds.com\/fr\/wp-json\/wp\/v2\/media?parent=12368"}],"wp:term":[{"taxonomy":"product_cat","embeddable":true,"href":"https:\/\/www.trikomaseeds.com\/fr\/wp-json\/wp\/v2\/product_cat?post=12368"},{"taxonomy":"product_tag","embeddable":true,"href":"https:\/\/www.trikomaseeds.com\/fr\/wp-json\/wp\/v2\/product_tag?post=12368"}],"curies":[{"name":"wp","href":"https:\/\/api.w.org\/{rel}","templated":true}]}}