{"id":1234,"date":"2019-10-08T11:46:42","date_gmt":"2019-10-08T09:46:42","guid":{"rendered":"http:\/\/www.trikomaseeds.com\/semillas\/og-double-kush\/"},"modified":"2024-09-26T13:21:12","modified_gmt":"2024-09-26T11:21:12","slug":"og-double-kush","status":"publish","type":"product","link":"https:\/\/www.trikomaseeds.com\/fr\/graines\/og-double-kush\/","title":{"rendered":"OG Double Kush"},"content":{"rendered":"<h2 class=\"dotted_title uppercase\">Caract\u00e9ristiques de Double OG Kush<\/h2>\n<ul class=\"check\">\n<li>G\u00e9n\u00e9tique : Chemdawg X Lemon Thai X Pakistani Kush<\/li>\n<li>Type : Sativa 25% -\/\/- Indica 75%<\/li>\n<li>Production en int\u00e9rieur : 400-450 gr.\/m<sup>2<\/sup> (avec lumi\u00e8re de 600W)<\/li>\n<li>Production en ext\u00e9rieur : 0,75 &#8211; 1 Kg. \/plante<\/li>\n<li>Floraison en int\u00e9rieur : 55-60 jours<\/li>\n<li>Floraison en ext\u00e9rieur : 1\/4 octobre<\/li>\n<li>Floraison en Am\u00e9rique du Sud : 1\/4 avril<\/li>\n<\/ul>\n<h2>Histoire de Double OG Kush<\/h2>\n<p>Double OG Kush de Trikoma Seeds est une variante de la c\u00e9l\u00e8bre OG Kush qui descend elle-m\u00eame de la Kush originale. La Kush est une vari\u00e9t\u00e9 de cannabis originaire des montagnes Hindu Kush, qui s&rsquo;\u00e9tendent entre l&rsquo;Afghanistan et le Pakistan. C&rsquo;est l&rsquo;une des rares r\u00e9gions o\u00f9 la plante pousse \u00e0 l&rsquo;\u00e9tat sauvage. OG Kush est un hybride cr\u00e9\u00e9 dans les ann\u00e9es 90 par le croisement de la Kush originale et de Chemdawg, et a rapidement gagn\u00e9 un groupe d\u00e9vou\u00e9 de supporters dans la communaut\u00e9 cannabique. Au fil du temps, OG Kush est devenue une souche de base qui a \u00e9t\u00e9 crois\u00e9e avec d&rsquo;autres pour cr\u00e9er de nouvelles vari\u00e9t\u00e9s de Kush.<\/p>\n<p>L&rsquo;h\u00e9ritage g\u00e9n\u00e9tique indica de la Kush apporte \u00e0 toute OG Kush un corps fort et lourd, id\u00e9al pour ceux qui cherchent \u00e0 se d\u00e9tendre compl\u00e8tement. La petite quantit\u00e9 de sativa fournie par Chemdawg apporte une l\u00e9g\u00e8re \u00e9l\u00e9vation de l&rsquo;humeur sans surstimulation. C&rsquo;est une souche connue tant pour ses utilisateurs r\u00e9cr\u00e9atifs que m\u00e9dicinaux, en raison de ses effets apaisants et de ses propri\u00e9t\u00e9s analg\u00e9siques.<\/p>\n<p>Chez Trikoma, nous avons cr\u00e9\u00e9 OG Double Kush en hommage \u00e0 ces pionniers am\u00e9ricains des ann\u00e9es 90 et lui avons donn\u00e9 une touche de Lemon Thai. Cette vari\u00e9t\u00e9 apporte une saveur plus rafra\u00eechissante et permet de grandes r\u00e9coltes propres \u00e0 cette vari\u00e9t\u00e9. Le r\u00e9sultat est une souche hybride de cannabis avec dominance indica qui se distingue par les puissants effets s\u00e9datifs et relaxants de la Kush originale, une l\u00e9g\u00e8re euphorie gr\u00e2ce \u00e0 Chemdawg et un grand go\u00fbt et une r\u00e9colte abondante gr\u00e2ce \u00e0 Lemon Thai.<\/p>\n<p>Une g\u00e9n\u00e9tique Kush forte se caract\u00e9rise par des tiges et des feuilles d&rsquo;un vert intense avec des nuances violettes, des pistils aux tons d&rsquo;orange, de bronze ou d&rsquo;oxyde, et des bourgeons denses et noueux de plantes robustes. Les bourgeons de la Double OG Kush sont de taille moyenne \u00e0 grande et ont une structure dense et ronde. Ils pr\u00e9sentent des teintes vertes vibrantes, entrelac\u00e9es de pistils dodus de couleur orange intense et sont couverts d&rsquo;une couche de trichomes blancs.<\/p>\n<h2>Effets et b\u00e9n\u00e9fices de Double OG Kush<\/h2>\n<p>Double OG Kush se caract\u00e9rise par une sensation de relaxation profonde, ce qui en fait une option id\u00e9ale pour ceux qui recherchent un soulagement efficace du stress, de l&rsquo;anxi\u00e9t\u00e9 ou de la douleur chronique. De nombreux utilisateurs rapportent qu&rsquo;apr\u00e8s avoir consomm\u00e9 cette souche, ils \u00e9prouvent une sorte de \u00ab\u00a0bloquage sur le canap\u00e9\u00a0\u00bb, ce qui la rend plus adapt\u00e9e \u00e0 une utilisation nocturne ou lors de moments de repos.<\/p>\n<p>De plus, Double OG Kush procure un \u00e9tat d&rsquo;euphorie l\u00e9ger, \u00e9levant l&rsquo;humeur de mani\u00e8re subtile sans \u00eatre excessivement stimulant. Cet \u00e9quilibre en fait une vari\u00e9t\u00e9 recommand\u00e9e pour combattre l&rsquo;insomnie, car elle facilite un sommeil profond et r\u00e9parateur.<\/p>\n<h2>Aroma, saveur et effets de Double OG Kush<\/h2>\n<p>L&rsquo;une des caract\u00e9ristiques les plus remarquables de Double OG Kush est son profil de saveur, qui combine des notes terreuses avec des nuances de citron et de pin, cr\u00e9ant une exp\u00e9rience sensorielle riche et complexe. Ce m\u00e9lange de saveurs fait de Double OG Kush une option populaire pour les consommateurs qui appr\u00e9cient les souches avec des profils de saveur complexes, distinctifs et robustes.<\/p>\n<p>En ce qui concerne ses effets, OG Kush fournit un high c\u00e9r\u00e9bral stimulant qui peut aider \u00e0 augmenter la cr\u00e9ativit\u00e9 et la concentration, tout en induisant une profonde relaxation physique.<\/p>\n<p>Cela fait de Double OG Kush une option id\u00e9ale tant pour ceux qui recherchent un soulagement de la douleur que pour ceux qui souhaitent profiter d&rsquo;un moment de tranquillit\u00e9. Les utilisateurs soulignent souvent les notes terreuses combin\u00e9es \u00e0 des touches d&rsquo;agrumes et un subtil ar\u00f4me de diesel.<\/p>\n<h2>Comment cultiver Double OG Kush : Conseils et rendements<\/h2>\n<p>Si vous d\u00e9cidez de cultiver OG Kush chez vous, il est essentiel de comprendre ses besoins sp\u00e9cifiques en mati\u00e8re de croissance, comme le type de sol, la quantit\u00e9 de lumi\u00e8re et les soins requis. <strong>Double OG Kush n&rsquo;est pas une souche facile \u00e0 cultiver<\/strong>, il est donc recommand\u00e9 de s&rsquo;adresser \u00e0 des cultivateurs ayant une certaine exp\u00e9rience.<\/p>\n<p>Son cycle de floraison varie de 55 \u00e0 60 jours, ce qui est relativement rapide par rapport \u00e0 d&rsquo;autres vari\u00e9t\u00e9s indica. En int\u00e9rieur, elle peut produire environ <strong>400 grammes par m\u00e8tre carr\u00e9<\/strong>, tandis qu&rsquo;en ext\u00e9rieur, elle peut atteindre jusqu&rsquo;\u00e0 <strong>700 grammes &#8211; 1 Kg par plante<\/strong>.<\/p>\n<p>Cette plante a une hauteur mod\u00e9r\u00e9e, ce qui la rend maniable tant pour la culture en int\u00e9rieur qu&rsquo;en ext\u00e9rieur. De plus, c&rsquo;est une souche r\u00e9sistante qui peut s&rsquo;adapter \u00e0 une large gamme de climats, bien qu&rsquo;elle fleurisse mieux dans des conditions contr\u00f4l\u00e9es, comme des serres ou des syst\u00e8mes de culture en int\u00e9rieur.<\/p>\n<h2>Usages m\u00e9dicinaux de Double OG Kush<\/h2>\n<p>Double OG Kush est devenue une option <strong>tr\u00e8s populaire dans la communaut\u00e9 m\u00e9dicale<\/strong> en raison de ses propri\u00e9t\u00e9s th\u00e9rapeutiques. Les patients souffrant d&rsquo;insomnie appr\u00e9cient ses effets s\u00e9datifs, car cette souche aide \u00e0 s&rsquo;endormir rapidement et efficacement. De plus, elle est utile pour le traitement de douleurs chroniques, comme les douleurs musculaires, les migraines et les affections li\u00e9es \u00e0 l&rsquo;inflammation.<\/p>\n<p>Celleux qui souffrent d&rsquo;anxi\u00e9t\u00e9 ou de stress trouvent \u00e9galement en Double OG Kush un soulagement efficace, car ses effets apaisants permettent de r\u00e9duire la tension mentale et physique sans provoquer de parano\u00efa ni de surstimulation. Son utilisation est \u00e9galement li\u00e9e \u00e0 une augmentation de l&rsquo;app\u00e9tit, ce qui peut \u00eatre b\u00e9n\u00e9fique pour les patients confront\u00e9s \u00e0 des probl\u00e8mes d&rsquo;alimentation en raison de traitements m\u00e9dicaux.<\/p>\n<h2>Pourquoi choisir Double OG Kush si vous \u00eates cultivateur novice ou avanc\u00e9<\/h2>\n<p>Bien que Double OG Kush soit une vari\u00e9t\u00e9 quelque peu difficile \u00e0 cultiver, elle offre de grandes r\u00e9compenses pour ceux qui la ma\u00eetrisent. Pour les cultivateurs exp\u00e9riment\u00e9s, cette souche fournit des rendements solides et une plante r\u00e9sistante qui s&rsquo;adapte bien \u00e0 diff\u00e9rents environnements.<\/p>\n<p>Les cultivateurs novices peuvent rencontrer des d\u00e9fis, mais avec les soins appropri\u00e9s, ils peuvent profiter d&rsquo;une plante qui r\u00e9agit bien aux techniques de taille et de fertilisation, maximisant ainsi la production de bourgeons. De plus, la structure robuste de ses branches permet d&rsquo;utiliser des stimulateurs et des engrais sans risque de rupture sous le poids des bourgeons, ce qui augmente le rendement global.<\/p>\n","protected":false},"excerpt":{"rendered":"<p>Double OG Kush est une graine classique parmi les hybrides \u00e0 dominance indica. Son ar\u00f4me est une d\u00e9licieuse combinaison d&rsquo;agrumes, de fruits exotiques et une saveur fruit\u00e9e avec une touche de diesel. Elle a un effet tr\u00e8s rapide et intense qui laisse le corps totalement d\u00e9tendu tout en gardant l&rsquo;esprit clair. Elle soulage efficacement le stress et am\u00e9liore l&rsquo;humeur.<\/p>\n<p>Malgr\u00e9 sa petite taille, Double OG Kush peut produire des r\u00e9coltes allant de 750g \u00e0 1000g par m<sup>2<\/sup>.<\/p>\n<p><strong>THC : <span class=\"destacado\">22%<\/span><\/strong><\/p>\n","protected":false},"featured_media":789,"comment_status":"closed","ping_status":"closed","template":"","meta":[],"product_cat":[147],"product_tag":[],"class_list":{"0":"post-1234","1":"product","2":"type-product","3":"status-publish","4":"has-post-thumbnail","6":"product_cat-usa-strains","8":"first","9":"instock","10":"shipping-taxable","11":"purchasable","12":"product-type-variable","13":"has-default-attributes"},"yoast_head":"<!-- This site is optimized with the Yoast SEO plugin v25.6 - https:\/\/yoast.com\/wordpress\/plugins\/seo\/ -->\n<title>Og Double Kush \u3010Trikoma Seeds \u3011<\/title>\n<meta name=\"description\" content=\"Og Double Kush est l&#039;une des meilleures graines de marijuana pour l&#039;ext\u00e9rieur. Elle peut produire une r\u00e9colte allant jusqu&#039;\u00e0 750-1000g\/m2.\" \/>\n<meta name=\"robots\" content=\"index, follow, max-snippet:-1, max-image-preview:large, max-video-preview:-1\" \/>\n<link rel=\"canonical\" href=\"https:\/\/www.trikomaseeds.com\/fr\/graines\/og-double-kush\/\" \/>\n<meta property=\"og:locale\" content=\"fr_FR\" \/>\n<meta property=\"og:type\" content=\"article\" \/>\n<meta property=\"og:title\" content=\"Og Double Kush \u3010Trikoma Seeds \u3011\" \/>\n<meta property=\"og:description\" content=\"Og Double Kush est l&#039;une des meilleures graines de marijuana pour l&#039;ext\u00e9rieur. Elle peut produire une r\u00e9colte allant jusqu&#039;\u00e0 750-1000g\/m2.\" \/>\n<meta property=\"og:url\" content=\"https:\/\/www.trikomaseeds.com\/fr\/graines\/og-double-kush\/\" \/>\n<meta property=\"og:site_name\" content=\"Trikoma Seeds\" \/>\n<meta property=\"article:modified_time\" content=\"2024-09-26T11:21:12+00:00\" \/>\n<meta property=\"og:image\" content=\"https:\/\/www.trikomaseeds.com\/wp-content\/uploads\/2019\/10\/og-double-kush-600x600.jpg\" \/>\n\t<meta property=\"og:image:width\" content=\"600\" \/>\n\t<meta property=\"og:image:height\" content=\"600\" \/>\n\t<meta property=\"og:image:type\" content=\"image\/jpeg\" \/>\n<meta name=\"twitter:card\" content=\"summary_large_image\" \/>\n<meta name=\"twitter:label1\" content=\"Dur\u00e9e de lecture estim\u00e9e\" \/>\n\t<meta name=\"twitter:data1\" content=\"6 minutes\" \/>\n<script type=\"application\/ld+json\" class=\"yoast-schema-graph\">{\"@context\":\"https:\/\/schema.org\",\"@graph\":[{\"@type\":\"WebPage\",\"@id\":\"https:\/\/www.trikomaseeds.com\/fr\/graines\/og-double-kush\/\",\"url\":\"https:\/\/www.trikomaseeds.com\/fr\/graines\/og-double-kush\/\",\"name\":\"Og Double Kush \u3010Trikoma Seeds \u3011\",\"isPartOf\":{\"@id\":\"https:\/\/www.trikomaseeds.com\/fr\/#website\"},\"primaryImageOfPage\":{\"@id\":\"https:\/\/www.trikomaseeds.com\/fr\/graines\/og-double-kush\/#primaryimage\"},\"image\":{\"@id\":\"https:\/\/www.trikomaseeds.com\/fr\/graines\/og-double-kush\/#primaryimage\"},\"thumbnailUrl\":\"https:\/\/www.trikomaseeds.com\/wp-content\/uploads\/2019\/10\/og-double-kush-600x600.jpg\",\"datePublished\":\"2019-10-08T09:46:42+00:00\",\"dateModified\":\"2024-09-26T11:21:12+00:00\",\"description\":\"Og Double Kush est l'une des meilleures graines de marijuana pour l'ext\u00e9rieur. Elle peut produire une r\u00e9colte allant jusqu'\u00e0 750-1000g\/m2.\",\"breadcrumb\":{\"@id\":\"https:\/\/www.trikomaseeds.com\/fr\/graines\/og-double-kush\/#breadcrumb\"},\"inLanguage\":\"fr-FR\",\"potentialAction\":[{\"@type\":\"ReadAction\",\"target\":[\"https:\/\/www.trikomaseeds.com\/fr\/graines\/og-double-kush\/\"]}]},{\"@type\":\"ImageObject\",\"inLanguage\":\"fr-FR\",\"@id\":\"https:\/\/www.trikomaseeds.com\/fr\/graines\/og-double-kush\/#primaryimage\",\"url\":\"https:\/\/www.trikomaseeds.com\/wp-content\/uploads\/2019\/10\/og-double-kush-600x600.jpg\",\"contentUrl\":\"https:\/\/www.trikomaseeds.com\/wp-content\/uploads\/2019\/10\/og-double-kush-600x600.jpg\",\"width\":600,\"height\":600},{\"@type\":\"BreadcrumbList\",\"@id\":\"https:\/\/www.trikomaseeds.com\/fr\/graines\/og-double-kush\/#breadcrumb\",\"itemListElement\":[{\"@type\":\"ListItem\",\"position\":1,\"name\":\"Portada\",\"item\":\"https:\/\/www.trikomaseeds.com\/fr\/\"},{\"@type\":\"ListItem\",\"position\":2,\"name\":\"Shop\",\"item\":\"https:\/\/www.trikomaseeds.com\/fr\/shop\/\"},{\"@type\":\"ListItem\",\"position\":3,\"name\":\"OG Double Kush\"}]},{\"@type\":\"WebSite\",\"@id\":\"https:\/\/www.trikomaseeds.com\/fr\/#website\",\"url\":\"https:\/\/www.trikomaseeds.com\/fr\/\",\"name\":\"Trikoma Seeds\",\"description\":\"Semillas de Marihuana Auto, Feminizadas y medicinales\",\"potentialAction\":[{\"@type\":\"SearchAction\",\"target\":{\"@type\":\"EntryPoint\",\"urlTemplate\":\"https:\/\/www.trikomaseeds.com\/fr\/?s={search_term_string}\"},\"query-input\":{\"@type\":\"PropertyValueSpecification\",\"valueRequired\":true,\"valueName\":\"search_term_string\"}}],\"inLanguage\":\"fr-FR\"}]}<\/script>\n<!-- \/ Yoast SEO plugin. -->","yoast_head_json":{"title":"Og Double Kush \u3010Trikoma Seeds \u3011","description":"Og Double Kush est l'une des meilleures graines de marijuana pour l'ext\u00e9rieur. Elle peut produire une r\u00e9colte allant jusqu'\u00e0 750-1000g\/m2.","robots":{"index":"index","follow":"follow","max-snippet":"max-snippet:-1","max-image-preview":"max-image-preview:large","max-video-preview":"max-video-preview:-1"},"canonical":"https:\/\/www.trikomaseeds.com\/fr\/graines\/og-double-kush\/","og_locale":"fr_FR","og_type":"article","og_title":"Og Double Kush \u3010Trikoma Seeds \u3011","og_description":"Og Double Kush est l'une des meilleures graines de marijuana pour l'ext\u00e9rieur. Elle peut produire une r\u00e9colte allant jusqu'\u00e0 750-1000g\/m2.","og_url":"https:\/\/www.trikomaseeds.com\/fr\/graines\/og-double-kush\/","og_site_name":"Trikoma Seeds","article_modified_time":"2024-09-26T11:21:12+00:00","og_image":[{"width":600,"height":600,"url":"https:\/\/www.trikomaseeds.com\/wp-content\/uploads\/2019\/10\/og-double-kush-600x600.jpg","type":"image\/jpeg"}],"twitter_card":"summary_large_image","twitter_misc":{"Dur\u00e9e de lecture estim\u00e9e":"6 minutes"},"schema":{"@context":"https:\/\/schema.org","@graph":[{"@type":"WebPage","@id":"https:\/\/www.trikomaseeds.com\/fr\/graines\/og-double-kush\/","url":"https:\/\/www.trikomaseeds.com\/fr\/graines\/og-double-kush\/","name":"Og Double Kush \u3010Trikoma Seeds \u3011","isPartOf":{"@id":"https:\/\/www.trikomaseeds.com\/fr\/#website"},"primaryImageOfPage":{"@id":"https:\/\/www.trikomaseeds.com\/fr\/graines\/og-double-kush\/#primaryimage"},"image":{"@id":"https:\/\/www.trikomaseeds.com\/fr\/graines\/og-double-kush\/#primaryimage"},"thumbnailUrl":"https:\/\/www.trikomaseeds.com\/wp-content\/uploads\/2019\/10\/og-double-kush-600x600.jpg","datePublished":"2019-10-08T09:46:42+00:00","dateModified":"2024-09-26T11:21:12+00:00","description":"Og Double Kush est l'une des meilleures graines de marijuana pour l'ext\u00e9rieur. Elle peut produire une r\u00e9colte allant jusqu'\u00e0 750-1000g\/m2.","breadcrumb":{"@id":"https:\/\/www.trikomaseeds.com\/fr\/graines\/og-double-kush\/#breadcrumb"},"inLanguage":"fr-FR","potentialAction":[{"@type":"ReadAction","target":["https:\/\/www.trikomaseeds.com\/fr\/graines\/og-double-kush\/"]}]},{"@type":"ImageObject","inLanguage":"fr-FR","@id":"https:\/\/www.trikomaseeds.com\/fr\/graines\/og-double-kush\/#primaryimage","url":"https:\/\/www.trikomaseeds.com\/wp-content\/uploads\/2019\/10\/og-double-kush-600x600.jpg","contentUrl":"https:\/\/www.trikomaseeds.com\/wp-content\/uploads\/2019\/10\/og-double-kush-600x600.jpg","width":600,"height":600},{"@type":"BreadcrumbList","@id":"https:\/\/www.trikomaseeds.com\/fr\/graines\/og-double-kush\/#breadcrumb","itemListElement":[{"@type":"ListItem","position":1,"name":"Portada","item":"https:\/\/www.trikomaseeds.com\/fr\/"},{"@type":"ListItem","position":2,"name":"Shop","item":"https:\/\/www.trikomaseeds.com\/fr\/shop\/"},{"@type":"ListItem","position":3,"name":"OG Double Kush"}]},{"@type":"WebSite","@id":"https:\/\/www.trikomaseeds.com\/fr\/#website","url":"https:\/\/www.trikomaseeds.com\/fr\/","name":"Trikoma Seeds","description":"Semillas de Marihuana Auto, Feminizadas y medicinales","potentialAction":[{"@type":"SearchAction","target":{"@type":"EntryPoint","urlTemplate":"https:\/\/www.trikomaseeds.com\/fr\/?s={search_term_string}"},"query-input":{"@type":"PropertyValueSpecification","valueRequired":true,"valueName":"search_term_string"}}],"inLanguage":"fr-FR"}]}},"_links":{"self":[{"href":"https:\/\/www.trikomaseeds.com\/fr\/wp-json\/wp\/v2\/product\/1234","targetHints":{"allow":["GET"]}}],"collection":[{"href":"https:\/\/www.trikomaseeds.com\/fr\/wp-json\/wp\/v2\/product"}],"about":[{"href":"https:\/\/www.trikomaseeds.com\/fr\/wp-json\/wp\/v2\/types\/product"}],"replies":[{"embeddable":true,"href":"https:\/\/www.trikomaseeds.com\/fr\/wp-json\/wp\/v2\/comments?post=1234"}],"wp:featuredmedia":[{"embeddable":true,"href":"https:\/\/www.trikomaseeds.com\/fr\/wp-json\/wp\/v2\/media\/789"}],"wp:attachment":[{"href":"https:\/\/www.trikomaseeds.com\/fr\/wp-json\/wp\/v2\/media?parent=1234"}],"wp:term":[{"taxonomy":"product_cat","embeddable":true,"href":"https:\/\/www.trikomaseeds.com\/fr\/wp-json\/wp\/v2\/product_cat?post=1234"},{"taxonomy":"product_tag","embeddable":true,"href":"https:\/\/www.trikomaseeds.com\/fr\/wp-json\/wp\/v2\/product_tag?post=1234"}],"curies":[{"name":"wp","href":"https:\/\/api.w.org\/{rel}","templated":true}]}}