{"id":1213,"date":"2019-10-08T11:45:04","date_gmt":"2019-10-08T09:45:04","guid":{"rendered":"http:\/\/www.trikomaseeds.com\/semillas\/og-confidential\/"},"modified":"2020-02-03T13:03:37","modified_gmt":"2020-02-03T12:03:37","slug":"og-confidential","status":"publish","type":"product","link":"https:\/\/www.trikomaseeds.com\/fr\/graines\/og-confidential\/","title":{"rendered":"OG Confidential"},"content":{"rendered":"<h3 class=\"dotted_title uppercase\">CARACT\u00c9RISTIQUES<\/h3>\n<ul class=\"check\">\n<li>G\u00e9n\u00e9tique: LA Affie x Afgani<\/li>\n<li>G\u00e9notype: Sativa 10% -\/\/- Indica 90%<\/li>\n<li>Production int\u00e9rieure: 350-400 gr.\/m<sup>2<\/sup>\u00a0(Avec 600W de lumi\u00e8re)<\/li>\n<li>Production ext\u00e9rieure: 0.5 &#8211; 1 Kg.\/plante<\/li>\n<li>Floraison int\u00e9rieure: 50-65 jours<\/li>\n<li>Floraison ext\u00e9rieure: Septembre<\/li>\n<li>Floraison Am\u00e9rique latine: Mars<\/li>\n<\/ul>\n","protected":false},"excerpt":{"rendered":"<p style=\"font-weight: 500;\">C\u00e9l\u00e8bre vari\u00e9t\u00e9am\u00e9ricaine, pure Indica avec un effet euphorisant et relaxant, durable etpositif. Plante de taille moyenne avec une structure compacte et des fleursdenses et r\u00e9sineuses avec des pistils de tons lilas et rouge\u00e2tres. Elle d\u00e9gageun ar\u00f4me sucr\u00e9 p\u00e9n\u00e9trant et sa saveur est terreuse et l\u00e9g\u00e8rement \u00e9pic\u00e9e. Avecdes applications m\u00e9dicinales gr\u00e2ce \u00e0 son effet s\u00e9datif et analg\u00e9sique.<\/p>\n<p><b><strong>THC:\u00a026%<\/strong><\/b><\/p>\n","protected":false},"featured_media":782,"comment_status":"open","ping_status":"closed","template":"","meta":[],"product_cat":[147],"product_tag":[360],"class_list":{"0":"post-1213","1":"product","2":"type-product","3":"status-publish","4":"has-post-thumbnail","6":"product_cat-usa-strains","7":"product_tag-usa-strains-fr","9":"first","10":"instock","11":"shipping-taxable","12":"purchasable","13":"product-type-variable","14":"has-default-attributes"},"yoast_head":"<!-- This site is optimized with the Yoast SEO plugin v25.6 - https:\/\/yoast.com\/wordpress\/plugins\/seo\/ -->\n<title>OG Confidencial: graines de cannabis de Trikoma Seeds<\/title>\n<meta name=\"description\" content=\"OG confidentiel: graines de cannabis Trikoma Seeds. Cultivez des plantes de cannabis f\u00e9minis\u00e9es \u00e0 autofloraison ou du CBD au meilleur prix. Envois discrets et s\u00fbrs vers votre pays.\" \/>\n<meta name=\"robots\" content=\"index, follow, max-snippet:-1, max-image-preview:large, max-video-preview:-1\" \/>\n<link rel=\"canonical\" href=\"https:\/\/www.trikomaseeds.com\/fr\/graines\/og-confidential\/\" \/>\n<meta property=\"og:locale\" content=\"fr_FR\" \/>\n<meta property=\"og:type\" content=\"article\" \/>\n<meta property=\"og:title\" content=\"OG Confidencial: graines de cannabis de Trikoma Seeds\" \/>\n<meta property=\"og:description\" content=\"OG confidentiel: graines de cannabis Trikoma Seeds. Cultivez des plantes de cannabis f\u00e9minis\u00e9es \u00e0 autofloraison ou du CBD au meilleur prix. Envois discrets et s\u00fbrs vers votre pays.\" \/>\n<meta property=\"og:url\" content=\"https:\/\/www.trikomaseeds.com\/fr\/graines\/og-confidential\/\" \/>\n<meta property=\"og:site_name\" content=\"Trikoma Seeds\" \/>\n<meta property=\"article:modified_time\" content=\"2020-02-03T12:03:37+00:00\" \/>\n<meta property=\"og:image\" content=\"https:\/\/www.trikomaseeds.com\/wp-content\/uploads\/2019\/10\/og-confidential-600x600.jpg\" \/>\n\t<meta property=\"og:image:width\" content=\"600\" \/>\n\t<meta property=\"og:image:height\" content=\"600\" \/>\n\t<meta property=\"og:image:type\" content=\"image\/jpeg\" \/>\n<meta name=\"twitter:card\" content=\"summary_large_image\" \/>\n<script type=\"application\/ld+json\" class=\"yoast-schema-graph\">{\"@context\":\"https:\/\/schema.org\",\"@graph\":[{\"@type\":\"WebPage\",\"@id\":\"https:\/\/www.trikomaseeds.com\/fr\/graines\/og-confidential\/\",\"url\":\"https:\/\/www.trikomaseeds.com\/fr\/graines\/og-confidential\/\",\"name\":\"OG Confidencial: graines de cannabis de Trikoma Seeds\",\"isPartOf\":{\"@id\":\"https:\/\/www.trikomaseeds.com\/fr\/#website\"},\"primaryImageOfPage\":{\"@id\":\"https:\/\/www.trikomaseeds.com\/fr\/graines\/og-confidential\/#primaryimage\"},\"image\":{\"@id\":\"https:\/\/www.trikomaseeds.com\/fr\/graines\/og-confidential\/#primaryimage\"},\"thumbnailUrl\":\"https:\/\/www.trikomaseeds.com\/wp-content\/uploads\/2019\/10\/og-confidential-600x600.jpg\",\"datePublished\":\"2019-10-08T09:45:04+00:00\",\"dateModified\":\"2020-02-03T12:03:37+00:00\",\"description\":\"OG confidentiel: graines de cannabis Trikoma Seeds. Cultivez des plantes de cannabis f\u00e9minis\u00e9es \u00e0 autofloraison ou du CBD au meilleur prix. Envois discrets et s\u00fbrs vers votre pays.\",\"breadcrumb\":{\"@id\":\"https:\/\/www.trikomaseeds.com\/fr\/graines\/og-confidential\/#breadcrumb\"},\"inLanguage\":\"fr-FR\",\"potentialAction\":[{\"@type\":\"ReadAction\",\"target\":[\"https:\/\/www.trikomaseeds.com\/fr\/graines\/og-confidential\/\"]}]},{\"@type\":\"ImageObject\",\"inLanguage\":\"fr-FR\",\"@id\":\"https:\/\/www.trikomaseeds.com\/fr\/graines\/og-confidential\/#primaryimage\",\"url\":\"https:\/\/www.trikomaseeds.com\/wp-content\/uploads\/2019\/10\/og-confidential-600x600.jpg\",\"contentUrl\":\"https:\/\/www.trikomaseeds.com\/wp-content\/uploads\/2019\/10\/og-confidential-600x600.jpg\",\"width\":600,\"height\":600},{\"@type\":\"BreadcrumbList\",\"@id\":\"https:\/\/www.trikomaseeds.com\/fr\/graines\/og-confidential\/#breadcrumb\",\"itemListElement\":[{\"@type\":\"ListItem\",\"position\":1,\"name\":\"Portada\",\"item\":\"https:\/\/www.trikomaseeds.com\/fr\/\"},{\"@type\":\"ListItem\",\"position\":2,\"name\":\"Shop\",\"item\":\"https:\/\/www.trikomaseeds.com\/fr\/shop\/\"},{\"@type\":\"ListItem\",\"position\":3,\"name\":\"OG Confidential\"}]},{\"@type\":\"WebSite\",\"@id\":\"https:\/\/www.trikomaseeds.com\/fr\/#website\",\"url\":\"https:\/\/www.trikomaseeds.com\/fr\/\",\"name\":\"Trikoma Seeds\",\"description\":\"Semillas de Marihuana Auto, Feminizadas y medicinales\",\"potentialAction\":[{\"@type\":\"SearchAction\",\"target\":{\"@type\":\"EntryPoint\",\"urlTemplate\":\"https:\/\/www.trikomaseeds.com\/fr\/?s={search_term_string}\"},\"query-input\":{\"@type\":\"PropertyValueSpecification\",\"valueRequired\":true,\"valueName\":\"search_term_string\"}}],\"inLanguage\":\"fr-FR\"}]}<\/script>\n<!-- \/ Yoast SEO plugin. -->","yoast_head_json":{"title":"OG Confidencial: graines de cannabis de Trikoma Seeds","description":"OG confidentiel: graines de cannabis Trikoma Seeds. Cultivez des plantes de cannabis f\u00e9minis\u00e9es \u00e0 autofloraison ou du CBD au meilleur prix. Envois discrets et s\u00fbrs vers votre pays.","robots":{"index":"index","follow":"follow","max-snippet":"max-snippet:-1","max-image-preview":"max-image-preview:large","max-video-preview":"max-video-preview:-1"},"canonical":"https:\/\/www.trikomaseeds.com\/fr\/graines\/og-confidential\/","og_locale":"fr_FR","og_type":"article","og_title":"OG Confidencial: graines de cannabis de Trikoma Seeds","og_description":"OG confidentiel: graines de cannabis Trikoma Seeds. Cultivez des plantes de cannabis f\u00e9minis\u00e9es \u00e0 autofloraison ou du CBD au meilleur prix. Envois discrets et s\u00fbrs vers votre pays.","og_url":"https:\/\/www.trikomaseeds.com\/fr\/graines\/og-confidential\/","og_site_name":"Trikoma Seeds","article_modified_time":"2020-02-03T12:03:37+00:00","og_image":[{"width":600,"height":600,"url":"https:\/\/www.trikomaseeds.com\/wp-content\/uploads\/2019\/10\/og-confidential-600x600.jpg","type":"image\/jpeg"}],"twitter_card":"summary_large_image","schema":{"@context":"https:\/\/schema.org","@graph":[{"@type":"WebPage","@id":"https:\/\/www.trikomaseeds.com\/fr\/graines\/og-confidential\/","url":"https:\/\/www.trikomaseeds.com\/fr\/graines\/og-confidential\/","name":"OG Confidencial: graines de cannabis de Trikoma Seeds","isPartOf":{"@id":"https:\/\/www.trikomaseeds.com\/fr\/#website"},"primaryImageOfPage":{"@id":"https:\/\/www.trikomaseeds.com\/fr\/graines\/og-confidential\/#primaryimage"},"image":{"@id":"https:\/\/www.trikomaseeds.com\/fr\/graines\/og-confidential\/#primaryimage"},"thumbnailUrl":"https:\/\/www.trikomaseeds.com\/wp-content\/uploads\/2019\/10\/og-confidential-600x600.jpg","datePublished":"2019-10-08T09:45:04+00:00","dateModified":"2020-02-03T12:03:37+00:00","description":"OG confidentiel: graines de cannabis Trikoma Seeds. Cultivez des plantes de cannabis f\u00e9minis\u00e9es \u00e0 autofloraison ou du CBD au meilleur prix. Envois discrets et s\u00fbrs vers votre pays.","breadcrumb":{"@id":"https:\/\/www.trikomaseeds.com\/fr\/graines\/og-confidential\/#breadcrumb"},"inLanguage":"fr-FR","potentialAction":[{"@type":"ReadAction","target":["https:\/\/www.trikomaseeds.com\/fr\/graines\/og-confidential\/"]}]},{"@type":"ImageObject","inLanguage":"fr-FR","@id":"https:\/\/www.trikomaseeds.com\/fr\/graines\/og-confidential\/#primaryimage","url":"https:\/\/www.trikomaseeds.com\/wp-content\/uploads\/2019\/10\/og-confidential-600x600.jpg","contentUrl":"https:\/\/www.trikomaseeds.com\/wp-content\/uploads\/2019\/10\/og-confidential-600x600.jpg","width":600,"height":600},{"@type":"BreadcrumbList","@id":"https:\/\/www.trikomaseeds.com\/fr\/graines\/og-confidential\/#breadcrumb","itemListElement":[{"@type":"ListItem","position":1,"name":"Portada","item":"https:\/\/www.trikomaseeds.com\/fr\/"},{"@type":"ListItem","position":2,"name":"Shop","item":"https:\/\/www.trikomaseeds.com\/fr\/shop\/"},{"@type":"ListItem","position":3,"name":"OG Confidential"}]},{"@type":"WebSite","@id":"https:\/\/www.trikomaseeds.com\/fr\/#website","url":"https:\/\/www.trikomaseeds.com\/fr\/","name":"Trikoma Seeds","description":"Semillas de Marihuana Auto, Feminizadas y medicinales","potentialAction":[{"@type":"SearchAction","target":{"@type":"EntryPoint","urlTemplate":"https:\/\/www.trikomaseeds.com\/fr\/?s={search_term_string}"},"query-input":{"@type":"PropertyValueSpecification","valueRequired":true,"valueName":"search_term_string"}}],"inLanguage":"fr-FR"}]}},"_links":{"self":[{"href":"https:\/\/www.trikomaseeds.com\/fr\/wp-json\/wp\/v2\/product\/1213","targetHints":{"allow":["GET"]}}],"collection":[{"href":"https:\/\/www.trikomaseeds.com\/fr\/wp-json\/wp\/v2\/product"}],"about":[{"href":"https:\/\/www.trikomaseeds.com\/fr\/wp-json\/wp\/v2\/types\/product"}],"replies":[{"embeddable":true,"href":"https:\/\/www.trikomaseeds.com\/fr\/wp-json\/wp\/v2\/comments?post=1213"}],"wp:featuredmedia":[{"embeddable":true,"href":"https:\/\/www.trikomaseeds.com\/fr\/wp-json\/wp\/v2\/media\/782"}],"wp:attachment":[{"href":"https:\/\/www.trikomaseeds.com\/fr\/wp-json\/wp\/v2\/media?parent=1213"}],"wp:term":[{"taxonomy":"product_cat","embeddable":true,"href":"https:\/\/www.trikomaseeds.com\/fr\/wp-json\/wp\/v2\/product_cat?post=1213"},{"taxonomy":"product_tag","embeddable":true,"href":"https:\/\/www.trikomaseeds.com\/fr\/wp-json\/wp\/v2\/product_tag?post=1213"}],"curies":[{"name":"wp","href":"https:\/\/api.w.org\/{rel}","templated":true}]}}