{"id":1150,"date":"2019-09-24T14:20:56","date_gmt":"2019-09-24T12:20:56","guid":{"rendered":"http:\/\/www.trikomaseeds.com\/semillas\/malquerida\/"},"modified":"2025-01-09T14:52:57","modified_gmt":"2025-01-09T13:52:57","slug":"malquerida","status":"publish","type":"product","link":"https:\/\/www.trikomaseeds.com\/fr\/graines\/malquerida\/","title":{"rendered":"Malquerida"},"content":{"rendered":"<h3 class=\"dotted_title uppercase\">CARACT\u00c9RISTIQUES<\/h3>\n<ul class=\"check\">\n<li>G\u00e9n\u00e9tique: Critical Bilbo x Northern Lights<\/li>\n<li>G\u00e9notype: Sativa 30% -\/\/- Indica 70%<\/li>\n<li>Production int\u00e9rieure: 550 gr.\/m<sup>2<\/sup>\u00a0(Avec 600W de lumi\u00e8re)<\/li>\n<li>Production ext\u00e9rieure: 0,5 &#8211; 1,0 Kg.\/plante<\/li>\n<li>Floraison int\u00e9rieure: 45 &#8211; 50 jours<\/li>\n<li>Floraison ext\u00e9rieure: 1\/4 septembre<\/li>\n<li>Floraison Am\u00e9rique latine: 1\/4 mars<\/li>\n<\/ul>\n","protected":false},"excerpt":{"rendered":"<p align=\"justify\">Vari\u00e9t\u00e9 f\u00e9minis\u00e9e d&rsquo;une s\u00e9lection de Critical Bilbo et Northern Lights. C&rsquo;est notre plante avec la plus rapide floraison qui peut atteindre 45 jours. Cette vari\u00e9t\u00e9 est tr\u00e8s aromatique et fruit\u00e9e. Elle offre de tr\u00e8s bons r\u00e9sultats avec de grandes productions en int\u00e9rieur et en ext\u00e9rieur. C\u2019est facile \u00e0 cultiver et id\u00e9ale pour les climats pas chauds en raison de sa courte p\u00e9riode de floraison.<\/p>\n<p><strong>THC:\u00a0<span class=\"destacado\">19%<\/span><\/strong><\/p>\n","protected":false},"featured_media":614,"comment_status":"open","ping_status":"closed","template":"","meta":[],"product_cat":[94],"product_tag":[],"class_list":{"0":"post-1150","1":"product","2":"type-product","3":"status-publish","4":"has-post-thumbnail","6":"product_cat-feminisee","8":"first","9":"instock","10":"shipping-taxable","11":"purchasable","12":"product-type-variable","13":"has-default-attributes"},"yoast_head":"<!-- This site is optimized with the Yoast SEO plugin v25.6 - https:\/\/yoast.com\/wordpress\/plugins\/seo\/ -->\n<title>Malquerida: graines de marijuana de Trikoma Seeds<\/title>\n<meta name=\"description\" content=\"Malquerida: graines de marijuana de Trikoma Seeds. Cultivez vos graines de cannabis f\u00e9minis\u00e9es, autofleurissantes ou CBD au meilleur prix. Livraison discr\u00e8te et s\u00e9curis\u00e9e \u00e0 votre pays.\" \/>\n<meta name=\"robots\" content=\"index, follow, max-snippet:-1, max-image-preview:large, max-video-preview:-1\" \/>\n<link rel=\"canonical\" href=\"https:\/\/www.trikomaseeds.com\/fr\/graines\/malquerida\/\" \/>\n<meta property=\"og:locale\" content=\"fr_FR\" \/>\n<meta property=\"og:type\" content=\"article\" \/>\n<meta property=\"og:title\" content=\"Malquerida: graines de marijuana de Trikoma Seeds\" \/>\n<meta property=\"og:description\" content=\"Malquerida: graines de marijuana de Trikoma Seeds. Cultivez vos graines de cannabis f\u00e9minis\u00e9es, autofleurissantes ou CBD au meilleur prix. Livraison discr\u00e8te et s\u00e9curis\u00e9e \u00e0 votre pays.\" \/>\n<meta property=\"og:url\" content=\"https:\/\/www.trikomaseeds.com\/fr\/graines\/malquerida\/\" \/>\n<meta property=\"og:site_name\" content=\"Trikoma Seeds\" \/>\n<meta property=\"article:modified_time\" content=\"2025-01-09T13:52:57+00:00\" \/>\n<meta property=\"og:image\" content=\"https:\/\/www.trikomaseeds.com\/wp-content\/uploads\/2019\/09\/Malquerida-800x800.jpg\" \/>\n\t<meta property=\"og:image:width\" content=\"800\" \/>\n\t<meta property=\"og:image:height\" content=\"800\" \/>\n\t<meta property=\"og:image:type\" content=\"image\/jpeg\" \/>\n<meta name=\"twitter:card\" content=\"summary_large_image\" \/>\n<script type=\"application\/ld+json\" class=\"yoast-schema-graph\">{\"@context\":\"https:\/\/schema.org\",\"@graph\":[{\"@type\":\"WebPage\",\"@id\":\"https:\/\/www.trikomaseeds.com\/fr\/graines\/malquerida\/\",\"url\":\"https:\/\/www.trikomaseeds.com\/fr\/graines\/malquerida\/\",\"name\":\"Malquerida: graines de marijuana de Trikoma Seeds\",\"isPartOf\":{\"@id\":\"https:\/\/www.trikomaseeds.com\/fr\/#website\"},\"primaryImageOfPage\":{\"@id\":\"https:\/\/www.trikomaseeds.com\/fr\/graines\/malquerida\/#primaryimage\"},\"image\":{\"@id\":\"https:\/\/www.trikomaseeds.com\/fr\/graines\/malquerida\/#primaryimage\"},\"thumbnailUrl\":\"https:\/\/www.trikomaseeds.com\/wp-content\/uploads\/2019\/09\/Malquerida-800x800.jpg\",\"datePublished\":\"2019-09-24T12:20:56+00:00\",\"dateModified\":\"2025-01-09T13:52:57+00:00\",\"description\":\"Malquerida: graines de marijuana de Trikoma Seeds. Cultivez vos graines de cannabis f\u00e9minis\u00e9es, autofleurissantes ou CBD au meilleur prix. Livraison discr\u00e8te et s\u00e9curis\u00e9e \u00e0 votre pays.\",\"breadcrumb\":{\"@id\":\"https:\/\/www.trikomaseeds.com\/fr\/graines\/malquerida\/#breadcrumb\"},\"inLanguage\":\"fr-FR\",\"potentialAction\":[{\"@type\":\"ReadAction\",\"target\":[\"https:\/\/www.trikomaseeds.com\/fr\/graines\/malquerida\/\"]}]},{\"@type\":\"ImageObject\",\"inLanguage\":\"fr-FR\",\"@id\":\"https:\/\/www.trikomaseeds.com\/fr\/graines\/malquerida\/#primaryimage\",\"url\":\"https:\/\/www.trikomaseeds.com\/wp-content\/uploads\/2019\/09\/Malquerida-800x800.jpg\",\"contentUrl\":\"https:\/\/www.trikomaseeds.com\/wp-content\/uploads\/2019\/09\/Malquerida-800x800.jpg\",\"width\":800,\"height\":800},{\"@type\":\"BreadcrumbList\",\"@id\":\"https:\/\/www.trikomaseeds.com\/fr\/graines\/malquerida\/#breadcrumb\",\"itemListElement\":[{\"@type\":\"ListItem\",\"position\":1,\"name\":\"Portada\",\"item\":\"https:\/\/www.trikomaseeds.com\/fr\/\"},{\"@type\":\"ListItem\",\"position\":2,\"name\":\"Shop\",\"item\":\"https:\/\/www.trikomaseeds.com\/fr\/shop\/\"},{\"@type\":\"ListItem\",\"position\":3,\"name\":\"Malquerida\"}]},{\"@type\":\"WebSite\",\"@id\":\"https:\/\/www.trikomaseeds.com\/fr\/#website\",\"url\":\"https:\/\/www.trikomaseeds.com\/fr\/\",\"name\":\"Trikoma Seeds\",\"description\":\"Semillas de Marihuana Auto, Feminizadas y medicinales\",\"potentialAction\":[{\"@type\":\"SearchAction\",\"target\":{\"@type\":\"EntryPoint\",\"urlTemplate\":\"https:\/\/www.trikomaseeds.com\/fr\/?s={search_term_string}\"},\"query-input\":{\"@type\":\"PropertyValueSpecification\",\"valueRequired\":true,\"valueName\":\"search_term_string\"}}],\"inLanguage\":\"fr-FR\"}]}<\/script>\n<!-- \/ Yoast SEO plugin. -->","yoast_head_json":{"title":"Malquerida: graines de marijuana de Trikoma Seeds","description":"Malquerida: graines de marijuana de Trikoma Seeds. Cultivez vos graines de cannabis f\u00e9minis\u00e9es, autofleurissantes ou CBD au meilleur prix. Livraison discr\u00e8te et s\u00e9curis\u00e9e \u00e0 votre pays.","robots":{"index":"index","follow":"follow","max-snippet":"max-snippet:-1","max-image-preview":"max-image-preview:large","max-video-preview":"max-video-preview:-1"},"canonical":"https:\/\/www.trikomaseeds.com\/fr\/graines\/malquerida\/","og_locale":"fr_FR","og_type":"article","og_title":"Malquerida: graines de marijuana de Trikoma Seeds","og_description":"Malquerida: graines de marijuana de Trikoma Seeds. Cultivez vos graines de cannabis f\u00e9minis\u00e9es, autofleurissantes ou CBD au meilleur prix. Livraison discr\u00e8te et s\u00e9curis\u00e9e \u00e0 votre pays.","og_url":"https:\/\/www.trikomaseeds.com\/fr\/graines\/malquerida\/","og_site_name":"Trikoma Seeds","article_modified_time":"2025-01-09T13:52:57+00:00","og_image":[{"width":800,"height":800,"url":"https:\/\/www.trikomaseeds.com\/wp-content\/uploads\/2019\/09\/Malquerida-800x800.jpg","type":"image\/jpeg"}],"twitter_card":"summary_large_image","schema":{"@context":"https:\/\/schema.org","@graph":[{"@type":"WebPage","@id":"https:\/\/www.trikomaseeds.com\/fr\/graines\/malquerida\/","url":"https:\/\/www.trikomaseeds.com\/fr\/graines\/malquerida\/","name":"Malquerida: graines de marijuana de Trikoma Seeds","isPartOf":{"@id":"https:\/\/www.trikomaseeds.com\/fr\/#website"},"primaryImageOfPage":{"@id":"https:\/\/www.trikomaseeds.com\/fr\/graines\/malquerida\/#primaryimage"},"image":{"@id":"https:\/\/www.trikomaseeds.com\/fr\/graines\/malquerida\/#primaryimage"},"thumbnailUrl":"https:\/\/www.trikomaseeds.com\/wp-content\/uploads\/2019\/09\/Malquerida-800x800.jpg","datePublished":"2019-09-24T12:20:56+00:00","dateModified":"2025-01-09T13:52:57+00:00","description":"Malquerida: graines de marijuana de Trikoma Seeds. Cultivez vos graines de cannabis f\u00e9minis\u00e9es, autofleurissantes ou CBD au meilleur prix. Livraison discr\u00e8te et s\u00e9curis\u00e9e \u00e0 votre pays.","breadcrumb":{"@id":"https:\/\/www.trikomaseeds.com\/fr\/graines\/malquerida\/#breadcrumb"},"inLanguage":"fr-FR","potentialAction":[{"@type":"ReadAction","target":["https:\/\/www.trikomaseeds.com\/fr\/graines\/malquerida\/"]}]},{"@type":"ImageObject","inLanguage":"fr-FR","@id":"https:\/\/www.trikomaseeds.com\/fr\/graines\/malquerida\/#primaryimage","url":"https:\/\/www.trikomaseeds.com\/wp-content\/uploads\/2019\/09\/Malquerida-800x800.jpg","contentUrl":"https:\/\/www.trikomaseeds.com\/wp-content\/uploads\/2019\/09\/Malquerida-800x800.jpg","width":800,"height":800},{"@type":"BreadcrumbList","@id":"https:\/\/www.trikomaseeds.com\/fr\/graines\/malquerida\/#breadcrumb","itemListElement":[{"@type":"ListItem","position":1,"name":"Portada","item":"https:\/\/www.trikomaseeds.com\/fr\/"},{"@type":"ListItem","position":2,"name":"Shop","item":"https:\/\/www.trikomaseeds.com\/fr\/shop\/"},{"@type":"ListItem","position":3,"name":"Malquerida"}]},{"@type":"WebSite","@id":"https:\/\/www.trikomaseeds.com\/fr\/#website","url":"https:\/\/www.trikomaseeds.com\/fr\/","name":"Trikoma Seeds","description":"Semillas de Marihuana Auto, Feminizadas y medicinales","potentialAction":[{"@type":"SearchAction","target":{"@type":"EntryPoint","urlTemplate":"https:\/\/www.trikomaseeds.com\/fr\/?s={search_term_string}"},"query-input":{"@type":"PropertyValueSpecification","valueRequired":true,"valueName":"search_term_string"}}],"inLanguage":"fr-FR"}]}},"_links":{"self":[{"href":"https:\/\/www.trikomaseeds.com\/fr\/wp-json\/wp\/v2\/product\/1150","targetHints":{"allow":["GET"]}}],"collection":[{"href":"https:\/\/www.trikomaseeds.com\/fr\/wp-json\/wp\/v2\/product"}],"about":[{"href":"https:\/\/www.trikomaseeds.com\/fr\/wp-json\/wp\/v2\/types\/product"}],"replies":[{"embeddable":true,"href":"https:\/\/www.trikomaseeds.com\/fr\/wp-json\/wp\/v2\/comments?post=1150"}],"wp:featuredmedia":[{"embeddable":true,"href":"https:\/\/www.trikomaseeds.com\/fr\/wp-json\/wp\/v2\/media\/614"}],"wp:attachment":[{"href":"https:\/\/www.trikomaseeds.com\/fr\/wp-json\/wp\/v2\/media?parent=1150"}],"wp:term":[{"taxonomy":"product_cat","embeddable":true,"href":"https:\/\/www.trikomaseeds.com\/fr\/wp-json\/wp\/v2\/product_cat?post=1150"},{"taxonomy":"product_tag","embeddable":true,"href":"https:\/\/www.trikomaseeds.com\/fr\/wp-json\/wp\/v2\/product_tag?post=1150"}],"curies":[{"name":"wp","href":"https:\/\/api.w.org\/{rel}","templated":true}]}}