{"id":1129,"date":"2019-09-24T14:01:24","date_gmt":"2019-09-24T12:01:24","guid":{"rendered":"http:\/\/www.trikomaseeds.com\/semillas\/jack-herer-auto\/"},"modified":"2019-10-30T19:17:27","modified_gmt":"2019-10-30T18:17:27","slug":"jack-herer-auto","status":"publish","type":"product","link":"https:\/\/www.trikomaseeds.com\/fr\/graines\/jack-herer-auto\/","title":{"rendered":"Jack Herer Auto"},"content":{"rendered":"<h3 class=\"dotted_title uppercase\">CHARACTERISTICS<\/h3>\n<ul class=\"check\">\n<li>G\u00e9n\u00e9tique: Ruderalis x Jack Herer<\/li>\n<li>G\u00e9notype: Autofleurrissante<\/li>\n<li>Production int\u00e9rieure: 500 &#8211; 550 g\/m<sup>2<\/sup>\u00a0(Avec 600W de lumi\u00e8re)<\/li>\n<li>Production ext\u00e9rieure: 40 &#8211; 300 g\/plante<\/li>\n<li>Floraison int\u00e9rieure: 77 &#8211; 85 jours (18h)<\/li>\n<li>Floraison ext\u00e9rieure: 50 &#8211; 85 jours<\/li>\n<\/ul>\n","protected":false},"excerpt":{"rendered":"<p align=\"justify\">C&rsquo;est la version automatique que nous avons obtenue de ce ph\u00e9notype f\u00e9minis\u00e9 Jack Herer, avec peu de diff\u00e9rences entre les deux versions. Son ar\u00f4me incomparable de Haze fait de cette vari\u00e9t\u00e9 l&rsquo;une de nos favorites tant pour sa culture que pour son usage r\u00e9cr\u00e9atif. C&rsquo;est une plante \u00e0 croissance rapide qui donne de grandes r\u00e9coltes tant \u00e0 l&rsquo;int\u00e9rieur qu&rsquo;\u00e0 l&rsquo;ext\u00e9rieur.<\/p>\n<p><strong>THC:\u00a0<span class=\"destacado\">14%<\/span><\/strong><\/p>\n","protected":false},"featured_media":537,"comment_status":"open","ping_status":"closed","template":"","meta":[],"product_cat":[126],"product_tag":[359],"class_list":{"0":"post-1129","1":"product","2":"type-product","3":"status-publish","4":"has-post-thumbnail","6":"product_cat-autofleurrissante","7":"product_tag-autoflorecientes-fr","9":"first","10":"instock","11":"shipping-taxable","12":"purchasable","13":"product-type-variable","14":"has-default-attributes"},"yoast_head":"<!-- This site is optimized with the Yoast SEO plugin v25.6 - https:\/\/yoast.com\/wordpress\/plugins\/seo\/ -->\n<title>Jack Herer Auto - Trikoma Seeds<\/title>\n<meta name=\"robots\" content=\"index, follow, max-snippet:-1, max-image-preview:large, max-video-preview:-1\" \/>\n<link rel=\"canonical\" href=\"https:\/\/www.trikomaseeds.com\/fr\/graines\/jack-herer-auto\/\" \/>\n<meta property=\"og:locale\" content=\"fr_FR\" \/>\n<meta property=\"og:type\" content=\"article\" \/>\n<meta property=\"og:title\" content=\"Jack Herer Auto - Trikoma Seeds\" \/>\n<meta property=\"og:description\" content=\"C&#039;est la version automatique que nous avons obtenue de ce ph\u00e9notype f\u00e9minis\u00e9 Jack Herer, avec peu de diff\u00e9rences entre les deux versions. Son ar\u00f4me incomparable de Haze fait de cette vari\u00e9t\u00e9 l&#039;une de nos favorites tant pour sa culture que pour son usage r\u00e9cr\u00e9atif. C&#039;est une plante \u00e0 croissance rapide qui donne de grandes r\u00e9coltes tant \u00e0 l&#039;int\u00e9rieur qu&#039;\u00e0 l&#039;ext\u00e9rieur. THC:\u00a014%\" \/>\n<meta property=\"og:url\" content=\"https:\/\/www.trikomaseeds.com\/fr\/graines\/jack-herer-auto\/\" \/>\n<meta property=\"og:site_name\" content=\"Trikoma Seeds\" \/>\n<meta property=\"article:modified_time\" content=\"2019-10-30T18:17:27+00:00\" \/>\n<meta property=\"og:image\" content=\"https:\/\/www.trikomaseeds.com\/wp-content\/uploads\/2019\/09\/autojackherer-_800-800x800.jpg\" \/>\n\t<meta property=\"og:image:width\" content=\"800\" \/>\n\t<meta property=\"og:image:height\" content=\"800\" \/>\n\t<meta property=\"og:image:type\" content=\"image\/jpeg\" \/>\n<meta name=\"twitter:card\" content=\"summary_large_image\" \/>\n<script type=\"application\/ld+json\" class=\"yoast-schema-graph\">{\"@context\":\"https:\/\/schema.org\",\"@graph\":[{\"@type\":\"WebPage\",\"@id\":\"https:\/\/www.trikomaseeds.com\/fr\/graines\/jack-herer-auto\/\",\"url\":\"https:\/\/www.trikomaseeds.com\/fr\/graines\/jack-herer-auto\/\",\"name\":\"Jack Herer Auto - Trikoma Seeds\",\"isPartOf\":{\"@id\":\"https:\/\/www.trikomaseeds.com\/fr\/#website\"},\"primaryImageOfPage\":{\"@id\":\"https:\/\/www.trikomaseeds.com\/fr\/graines\/jack-herer-auto\/#primaryimage\"},\"image\":{\"@id\":\"https:\/\/www.trikomaseeds.com\/fr\/graines\/jack-herer-auto\/#primaryimage\"},\"thumbnailUrl\":\"https:\/\/www.trikomaseeds.com\/wp-content\/uploads\/2019\/09\/autojackherer-_800-800x800.jpg\",\"datePublished\":\"2019-09-24T12:01:24+00:00\",\"dateModified\":\"2019-10-30T18:17:27+00:00\",\"breadcrumb\":{\"@id\":\"https:\/\/www.trikomaseeds.com\/fr\/graines\/jack-herer-auto\/#breadcrumb\"},\"inLanguage\":\"fr-FR\",\"potentialAction\":[{\"@type\":\"ReadAction\",\"target\":[\"https:\/\/www.trikomaseeds.com\/fr\/graines\/jack-herer-auto\/\"]}]},{\"@type\":\"ImageObject\",\"inLanguage\":\"fr-FR\",\"@id\":\"https:\/\/www.trikomaseeds.com\/fr\/graines\/jack-herer-auto\/#primaryimage\",\"url\":\"https:\/\/www.trikomaseeds.com\/wp-content\/uploads\/2019\/09\/autojackherer-_800-800x800.jpg\",\"contentUrl\":\"https:\/\/www.trikomaseeds.com\/wp-content\/uploads\/2019\/09\/autojackherer-_800-800x800.jpg\",\"width\":800,\"height\":800},{\"@type\":\"BreadcrumbList\",\"@id\":\"https:\/\/www.trikomaseeds.com\/fr\/graines\/jack-herer-auto\/#breadcrumb\",\"itemListElement\":[{\"@type\":\"ListItem\",\"position\":1,\"name\":\"Portada\",\"item\":\"https:\/\/www.trikomaseeds.com\/fr\/\"},{\"@type\":\"ListItem\",\"position\":2,\"name\":\"Shop\",\"item\":\"https:\/\/www.trikomaseeds.com\/fr\/shop\/\"},{\"@type\":\"ListItem\",\"position\":3,\"name\":\"Jack Herer Auto\"}]},{\"@type\":\"WebSite\",\"@id\":\"https:\/\/www.trikomaseeds.com\/fr\/#website\",\"url\":\"https:\/\/www.trikomaseeds.com\/fr\/\",\"name\":\"Trikoma Seeds\",\"description\":\"Semillas de Marihuana Auto, Feminizadas y medicinales\",\"potentialAction\":[{\"@type\":\"SearchAction\",\"target\":{\"@type\":\"EntryPoint\",\"urlTemplate\":\"https:\/\/www.trikomaseeds.com\/fr\/?s={search_term_string}\"},\"query-input\":{\"@type\":\"PropertyValueSpecification\",\"valueRequired\":true,\"valueName\":\"search_term_string\"}}],\"inLanguage\":\"fr-FR\"}]}<\/script>\n<!-- \/ Yoast SEO plugin. -->","yoast_head_json":{"title":"Jack Herer Auto - Trikoma Seeds","robots":{"index":"index","follow":"follow","max-snippet":"max-snippet:-1","max-image-preview":"max-image-preview:large","max-video-preview":"max-video-preview:-1"},"canonical":"https:\/\/www.trikomaseeds.com\/fr\/graines\/jack-herer-auto\/","og_locale":"fr_FR","og_type":"article","og_title":"Jack Herer Auto - Trikoma Seeds","og_description":"C'est la version automatique que nous avons obtenue de ce ph\u00e9notype f\u00e9minis\u00e9 Jack Herer, avec peu de diff\u00e9rences entre les deux versions. Son ar\u00f4me incomparable de Haze fait de cette vari\u00e9t\u00e9 l'une de nos favorites tant pour sa culture que pour son usage r\u00e9cr\u00e9atif. C'est une plante \u00e0 croissance rapide qui donne de grandes r\u00e9coltes tant \u00e0 l'int\u00e9rieur qu'\u00e0 l'ext\u00e9rieur. THC:\u00a014%","og_url":"https:\/\/www.trikomaseeds.com\/fr\/graines\/jack-herer-auto\/","og_site_name":"Trikoma Seeds","article_modified_time":"2019-10-30T18:17:27+00:00","og_image":[{"width":800,"height":800,"url":"https:\/\/www.trikomaseeds.com\/wp-content\/uploads\/2019\/09\/autojackherer-_800-800x800.jpg","type":"image\/jpeg"}],"twitter_card":"summary_large_image","schema":{"@context":"https:\/\/schema.org","@graph":[{"@type":"WebPage","@id":"https:\/\/www.trikomaseeds.com\/fr\/graines\/jack-herer-auto\/","url":"https:\/\/www.trikomaseeds.com\/fr\/graines\/jack-herer-auto\/","name":"Jack Herer Auto - Trikoma Seeds","isPartOf":{"@id":"https:\/\/www.trikomaseeds.com\/fr\/#website"},"primaryImageOfPage":{"@id":"https:\/\/www.trikomaseeds.com\/fr\/graines\/jack-herer-auto\/#primaryimage"},"image":{"@id":"https:\/\/www.trikomaseeds.com\/fr\/graines\/jack-herer-auto\/#primaryimage"},"thumbnailUrl":"https:\/\/www.trikomaseeds.com\/wp-content\/uploads\/2019\/09\/autojackherer-_800-800x800.jpg","datePublished":"2019-09-24T12:01:24+00:00","dateModified":"2019-10-30T18:17:27+00:00","breadcrumb":{"@id":"https:\/\/www.trikomaseeds.com\/fr\/graines\/jack-herer-auto\/#breadcrumb"},"inLanguage":"fr-FR","potentialAction":[{"@type":"ReadAction","target":["https:\/\/www.trikomaseeds.com\/fr\/graines\/jack-herer-auto\/"]}]},{"@type":"ImageObject","inLanguage":"fr-FR","@id":"https:\/\/www.trikomaseeds.com\/fr\/graines\/jack-herer-auto\/#primaryimage","url":"https:\/\/www.trikomaseeds.com\/wp-content\/uploads\/2019\/09\/autojackherer-_800-800x800.jpg","contentUrl":"https:\/\/www.trikomaseeds.com\/wp-content\/uploads\/2019\/09\/autojackherer-_800-800x800.jpg","width":800,"height":800},{"@type":"BreadcrumbList","@id":"https:\/\/www.trikomaseeds.com\/fr\/graines\/jack-herer-auto\/#breadcrumb","itemListElement":[{"@type":"ListItem","position":1,"name":"Portada","item":"https:\/\/www.trikomaseeds.com\/fr\/"},{"@type":"ListItem","position":2,"name":"Shop","item":"https:\/\/www.trikomaseeds.com\/fr\/shop\/"},{"@type":"ListItem","position":3,"name":"Jack Herer Auto"}]},{"@type":"WebSite","@id":"https:\/\/www.trikomaseeds.com\/fr\/#website","url":"https:\/\/www.trikomaseeds.com\/fr\/","name":"Trikoma Seeds","description":"Semillas de Marihuana Auto, Feminizadas y medicinales","potentialAction":[{"@type":"SearchAction","target":{"@type":"EntryPoint","urlTemplate":"https:\/\/www.trikomaseeds.com\/fr\/?s={search_term_string}"},"query-input":{"@type":"PropertyValueSpecification","valueRequired":true,"valueName":"search_term_string"}}],"inLanguage":"fr-FR"}]}},"_links":{"self":[{"href":"https:\/\/www.trikomaseeds.com\/fr\/wp-json\/wp\/v2\/product\/1129","targetHints":{"allow":["GET"]}}],"collection":[{"href":"https:\/\/www.trikomaseeds.com\/fr\/wp-json\/wp\/v2\/product"}],"about":[{"href":"https:\/\/www.trikomaseeds.com\/fr\/wp-json\/wp\/v2\/types\/product"}],"replies":[{"embeddable":true,"href":"https:\/\/www.trikomaseeds.com\/fr\/wp-json\/wp\/v2\/comments?post=1129"}],"wp:featuredmedia":[{"embeddable":true,"href":"https:\/\/www.trikomaseeds.com\/fr\/wp-json\/wp\/v2\/media\/537"}],"wp:attachment":[{"href":"https:\/\/www.trikomaseeds.com\/fr\/wp-json\/wp\/v2\/media?parent=1129"}],"wp:term":[{"taxonomy":"product_cat","embeddable":true,"href":"https:\/\/www.trikomaseeds.com\/fr\/wp-json\/wp\/v2\/product_cat?post=1129"},{"taxonomy":"product_tag","embeddable":true,"href":"https:\/\/www.trikomaseeds.com\/fr\/wp-json\/wp\/v2\/product_tag?post=1129"}],"curies":[{"name":"wp","href":"https:\/\/api.w.org\/{rel}","templated":true}]}}