{"id":1108,"date":"2019-09-24T14:19:35","date_gmt":"2019-09-24T12:19:35","guid":{"rendered":"http:\/\/www.trikomaseeds.com\/semillas\/jack-herer\/"},"modified":"2025-01-09T15:13:21","modified_gmt":"2025-01-09T14:13:21","slug":"jack-herer","status":"publish","type":"product","link":"https:\/\/www.trikomaseeds.com\/fr\/graines\/jack-herer\/","title":{"rendered":"Jack Herer"},"content":{"rendered":"<h2>Fiche technique de Jack Herer de Trikoma Seeds<\/h2>\n<ul>\n<li>Gen\u00e9tique : Jack Herer<\/li>\n<li>Type : Sativa 90% -\/\/- Indica 10%<\/li>\n<li>Production en int\u00e9rieur : 550 gr.\/m<sup>2<\/sup> (avec 600W de lumi\u00e8re)<\/li>\n<li>Production en ext\u00e9rieur : 1 &#8211; 2 kg\/plante<\/li>\n<li>Floraison en int\u00e9rieur : 77 &#8211; 85 jours<\/li>\n<li>Floraison en ext\u00e9rieur : Fin octobre<\/li>\n<li>Floraison en Am\u00e9rique du Sud : Fin avril<\/li>\n<\/ul>\n<h2>Qu&rsquo;est-ce que Jack Herer de Trikoma Seeds<\/h2>\n<p>Jack Herer est officiellement reconnue comme l&rsquo;une des rares vari\u00e9t\u00e9s de cannabis m\u00e9dicinal aux Pays-Bas. C&rsquo;est un exemple sup\u00e9rieur de puissance, de rendement \u00e9lev\u00e9 et de niveaux exceptionnels de r\u00e9sine et de THC qui la distinguent dans le monde du cannabis.<\/p>\n<p>La vari\u00e9t\u00e9 Jack Herer a \u00e9t\u00e9 nomm\u00e9e en l&rsquo;honneur de l&rsquo;ic\u00f4ne militante du cannabis et a acquis une renomm\u00e9e gr\u00e2ce \u00e0 sa g\u00e9n\u00e9tique exceptionnelle. Ce hybride \u00e0 dominance sativa est issu du croisement de Haze, Northern Lights #5 et Shiva Skunk, ce qui en fait une vari\u00e9t\u00e9 \u00e9quilibr\u00e9e et polyvalente.<\/p>\n<p>Avec des niveaux de THC variant entre 18% et 23%, Jack Herer offre une exp\u00e9rience \u00e9difiante et cr\u00e9ative. Ses effets commencent par un regain d&rsquo;\u00e9nergie, de cr\u00e9ativit\u00e9 et d&rsquo;euphorie, suivis d&rsquo;une sensation apaisante et relaxante. Cette large gamme d&rsquo;effets en fait un choix populaire parmi les amateurs de cannabis. Au-del\u00e0 de sa g\u00e9n\u00e9tique, cette vari\u00e9t\u00e9 honore l&rsquo;h\u00e9ritage de Jack Herer et son engagement infatigable envers le cannabis.<\/p>\n<p>Si vous recherchez une exp\u00e9rience cannabique puissante et polyvalente, la vari\u00e9t\u00e9 Jack Herer est sans aucun doute un excellent choix qui allie histoire, puissance et effets \u00e9quilibr\u00e9s. Les plantes de Jack Herer sont g\u00e9n\u00e9ralement grandes et minces, avec de longues feuilles effil\u00e9es.<\/p>\n<h2>Production de Jack Herer<\/h2>\n<p>La production de Jack Herer est exceptionnelle \u00e0 tous \u00e9gards. C&rsquo;est une vari\u00e9t\u00e9 qui se distingue par ses fleurs abondantes, sa haute concentration en r\u00e9sine, ses riches terp\u00e8nes et surtout par son contenu en cannabino\u00efdes. Les t\u00eates se caract\u00e9risent par leur longueur et leur abondante couche de r\u00e9sine.<\/p>\n<p>Tant en culture int\u00e9rieure qu&rsquo;ext\u00e9rieure, Jack Herer montre sa polyvalence et sa g\u00e9n\u00e9rosit\u00e9. En int\u00e9rieur, il est possible d&rsquo;atteindre le rendement convoit\u00e9 d&rsquo;un gramme par watt ou m\u00eame de le d\u00e9passer, \u00e0 condition de g\u00e9rer correctement les conditions de lumi\u00e8re, d&rsquo;eau et de nutriments. Cette vari\u00e9t\u00e9 r\u00e9compense les cultivateurs par des r\u00e9coltes significatives lorsque son potentiel g\u00e9n\u00e9tique est pleinement exploit\u00e9.<\/p>\n<p>En ext\u00e9rieur, dans des conditions climatiques chaudes et ensoleill\u00e9es optimales, Jack Herer peut produire jusqu&rsquo;\u00e0 un kilogramme par plante. Cela est r\u00e9alis\u00e9 en fournissant un substrat riche, de longues heures d&rsquo;ensoleillement direct et une alimentation ad\u00e9quate en eau et en engrais. Ces conditions permettent \u00e0 la plante d&rsquo;exprimer toute sa vigueur et son potentiel, offrant des r\u00e9coltes abondantes et de haute qualit\u00e9.<\/p>\n<p>Avec une p\u00e9riode de floraison typiquement comprise entre 8 et 10 semaines, Jack Herer est un choix populaire parmi les cultivateurs pour sa capacit\u00e9 \u00e0 obtenir des rendements significatifs aussi bien en int\u00e9rieur qu&rsquo;en ext\u00e9rieur. Sa combinaison de vigueur, de production et de qualit\u00e9 en fait un choix remarquable pour ceux qui cherchent \u00e0 obtenir le meilleur du cannabis en termes de quantit\u00e9 et de qualit\u00e9 de r\u00e9colte.<\/p>\n<h2>Ar\u00f4mes et saveurs de Jack Herer<\/h2>\n<p>La vari\u00e9t\u00e9 Jack Herer est connue pour sa constance en termes d&rsquo;effet, de go\u00fbt et d&rsquo;ar\u00f4me. Elle est reconnue pour un high c\u00e9r\u00e9bral de haute \u00e9nergie qui se compl\u00e8te par un corps sensationnel. Cette combinaison peut vous faire sentir que le sol tremble sous vos pieds tandis que votre esprit s&rsquo;\u00e9l\u00e8ve vers la stratosph\u00e8re. Les utilisateurs la d\u00e9crivent comme une exp\u00e9rience stimulante et relaxante \u00e0 la fois. Elle est id\u00e9ale pour ceux qui recherchent une exp\u00e9rience psychotrope intense et gratifiante.<\/p>\n<p>En ce qui concerne le go\u00fbt et l&rsquo;ar\u00f4me, Jack Herer offre une exp\u00e9rience unique. Pendant la culture en int\u00e9rieur, les plantes ont un ar\u00f4me subtil, ce qui en fait un excellent choix pour les cultivateurs ayant besoin de discr\u00e9tion. Cependant, c&rsquo;est apr\u00e8s le s\u00e9chage que ces t\u00eates r\u00e9v\u00e8lent leur bouquet aromatique complet et distinctif. Les t\u00eates d\u00e9gagent un ar\u00f4me complexe et piquant rappelant le haschich, avec des nuances qui peuvent inclure des notes afghanes et des saveurs fruit\u00e9es de skunk, selon le ph\u00e9notype sp\u00e9cifique.<\/p>\n<p>Jack Herer n&rsquo;offre pas seulement un effet coh\u00e9rent et \u00e9quilibr\u00e9 qui combine stimulation mentale et relaxation physique, mais aussi une exp\u00e9rience sensorielle enrichissante gr\u00e2ce \u00e0 son profil de go\u00fbt et d&rsquo;ar\u00f4me uniques. C&rsquo;est un choix populaire aussi bien pour les utilisateurs r\u00e9cr\u00e9atifs que m\u00e9dicinaux \u00e0 la recherche d&rsquo;une vari\u00e9t\u00e9 de cannabis qui r\u00e9pond \u00e0 leurs besoins sp\u00e9cifiques de mani\u00e8re constante et gratifiante.<\/p>\n","protected":false},"excerpt":{"rendered":"<p><strong>Jack Herer<\/strong> est connue pour \u00eatre un hybride sativa dominant et l&rsquo;une des plus productives de son genre. Elle offre un effet c\u00e9r\u00e9bral tr\u00e8s lucide et une forte injection d&rsquo;\u00e9nergie, avec un effet euphorique et revigorant, ce qui la rend populaire parmi les utilisateurs m\u00e9dicaux et r\u00e9cr\u00e9atifs. Cette vari\u00e9t\u00e9 se caract\u00e9rise par les propri\u00e9t\u00e9s communes des vari\u00e9t\u00e9s Haze, telles qu&rsquo;un effet psychoactif prononc\u00e9 et des p\u00e9riodes de floraison plus longues. En termes de go\u00fbt, elle pr\u00e9sente des notes l\u00e9g\u00e8res de citron vert et un ar\u00f4me d&rsquo;encens. Elle d\u00e9veloppe des tiges \u00e9paisses et allong\u00e9es, atteignant une grande taille et hauteur. Jack Herer a \u00e9galement remport\u00e9 plusieurs prix \u00e0 la Cannabis Cup pour sa qualit\u00e9 et son profil gustatif attrayant.<\/p>\n","protected":false},"featured_media":607,"comment_status":"open","ping_status":"closed","template":"","meta":[],"product_cat":[94],"product_tag":[],"class_list":{"0":"post-1108","1":"product","2":"type-product","3":"status-publish","4":"has-post-thumbnail","6":"product_cat-feminisee","8":"first","9":"instock","10":"shipping-taxable","11":"purchasable","12":"product-type-variable","13":"has-default-attributes"},"yoast_head":"<!-- This site is optimized with the Yoast SEO plugin v25.6 - https:\/\/yoast.com\/wordpress\/plugins\/seo\/ -->\n<title>Jack Herer F\u00e9minis\u00e9e [ Trikoma Seeds ]<\/title>\n<meta name=\"description\" content=\"Jack Herer de Trikoma Seeds est une sativa puissante avec une floraison courte et un effet c\u00e9r\u00e9bral euphorique\" \/>\n<meta name=\"robots\" content=\"index, follow, max-snippet:-1, max-image-preview:large, max-video-preview:-1\" \/>\n<link rel=\"canonical\" href=\"https:\/\/www.trikomaseeds.com\/fr\/graines\/jack-herer\/\" \/>\n<meta property=\"og:locale\" content=\"fr_FR\" \/>\n<meta property=\"og:type\" content=\"article\" \/>\n<meta property=\"og:title\" content=\"Jack Herer F\u00e9minis\u00e9e [ Trikoma Seeds ]\" \/>\n<meta property=\"og:description\" content=\"Jack Herer de Trikoma Seeds est une sativa puissante avec une floraison courte et un effet c\u00e9r\u00e9bral euphorique\" \/>\n<meta property=\"og:url\" content=\"https:\/\/www.trikomaseeds.com\/fr\/graines\/jack-herer\/\" \/>\n<meta property=\"og:site_name\" content=\"Trikoma Seeds\" \/>\n<meta property=\"article:modified_time\" content=\"2025-01-09T14:13:21+00:00\" \/>\n<meta property=\"og:image\" content=\"https:\/\/www.trikomaseeds.com\/wp-content\/uploads\/2019\/09\/JackHerer_Trikoma_seeds_72-800x800.jpg\" \/>\n\t<meta property=\"og:image:width\" content=\"800\" \/>\n\t<meta property=\"og:image:height\" content=\"800\" \/>\n\t<meta property=\"og:image:type\" content=\"image\/jpeg\" \/>\n<meta name=\"twitter:card\" content=\"summary_large_image\" \/>\n<meta name=\"twitter:label1\" content=\"Dur\u00e9e de lecture estim\u00e9e\" \/>\n\t<meta name=\"twitter:data1\" content=\"4 minutes\" \/>\n<script type=\"application\/ld+json\" class=\"yoast-schema-graph\">{\"@context\":\"https:\/\/schema.org\",\"@graph\":[{\"@type\":\"WebPage\",\"@id\":\"https:\/\/www.trikomaseeds.com\/fr\/graines\/jack-herer\/\",\"url\":\"https:\/\/www.trikomaseeds.com\/fr\/graines\/jack-herer\/\",\"name\":\"Jack Herer F\u00e9minis\u00e9e [ Trikoma Seeds ]\",\"isPartOf\":{\"@id\":\"https:\/\/www.trikomaseeds.com\/fr\/#website\"},\"primaryImageOfPage\":{\"@id\":\"https:\/\/www.trikomaseeds.com\/fr\/graines\/jack-herer\/#primaryimage\"},\"image\":{\"@id\":\"https:\/\/www.trikomaseeds.com\/fr\/graines\/jack-herer\/#primaryimage\"},\"thumbnailUrl\":\"https:\/\/www.trikomaseeds.com\/wp-content\/uploads\/2019\/09\/JackHerer_Trikoma_seeds_72-800x800.jpg\",\"datePublished\":\"2019-09-24T12:19:35+00:00\",\"dateModified\":\"2025-01-09T14:13:21+00:00\",\"description\":\"Jack Herer de Trikoma Seeds est une sativa puissante avec une floraison courte et un effet c\u00e9r\u00e9bral euphorique\",\"breadcrumb\":{\"@id\":\"https:\/\/www.trikomaseeds.com\/fr\/graines\/jack-herer\/#breadcrumb\"},\"inLanguage\":\"fr-FR\",\"potentialAction\":[{\"@type\":\"ReadAction\",\"target\":[\"https:\/\/www.trikomaseeds.com\/fr\/graines\/jack-herer\/\"]}]},{\"@type\":\"ImageObject\",\"inLanguage\":\"fr-FR\",\"@id\":\"https:\/\/www.trikomaseeds.com\/fr\/graines\/jack-herer\/#primaryimage\",\"url\":\"https:\/\/www.trikomaseeds.com\/wp-content\/uploads\/2019\/09\/JackHerer_Trikoma_seeds_72-800x800.jpg\",\"contentUrl\":\"https:\/\/www.trikomaseeds.com\/wp-content\/uploads\/2019\/09\/JackHerer_Trikoma_seeds_72-800x800.jpg\",\"width\":800,\"height\":800},{\"@type\":\"BreadcrumbList\",\"@id\":\"https:\/\/www.trikomaseeds.com\/fr\/graines\/jack-herer\/#breadcrumb\",\"itemListElement\":[{\"@type\":\"ListItem\",\"position\":1,\"name\":\"Portada\",\"item\":\"https:\/\/www.trikomaseeds.com\/fr\/\"},{\"@type\":\"ListItem\",\"position\":2,\"name\":\"Shop\",\"item\":\"https:\/\/www.trikomaseeds.com\/fr\/shop\/\"},{\"@type\":\"ListItem\",\"position\":3,\"name\":\"Jack Herer\"}]},{\"@type\":\"WebSite\",\"@id\":\"https:\/\/www.trikomaseeds.com\/fr\/#website\",\"url\":\"https:\/\/www.trikomaseeds.com\/fr\/\",\"name\":\"Trikoma Seeds\",\"description\":\"Semillas de Marihuana Auto, Feminizadas y medicinales\",\"potentialAction\":[{\"@type\":\"SearchAction\",\"target\":{\"@type\":\"EntryPoint\",\"urlTemplate\":\"https:\/\/www.trikomaseeds.com\/fr\/?s={search_term_string}\"},\"query-input\":{\"@type\":\"PropertyValueSpecification\",\"valueRequired\":true,\"valueName\":\"search_term_string\"}}],\"inLanguage\":\"fr-FR\"}]}<\/script>\n<!-- \/ Yoast SEO plugin. -->","yoast_head_json":{"title":"Jack Herer F\u00e9minis\u00e9e [ Trikoma Seeds ]","description":"Jack Herer de Trikoma Seeds est une sativa puissante avec une floraison courte et un effet c\u00e9r\u00e9bral euphorique","robots":{"index":"index","follow":"follow","max-snippet":"max-snippet:-1","max-image-preview":"max-image-preview:large","max-video-preview":"max-video-preview:-1"},"canonical":"https:\/\/www.trikomaseeds.com\/fr\/graines\/jack-herer\/","og_locale":"fr_FR","og_type":"article","og_title":"Jack Herer F\u00e9minis\u00e9e [ Trikoma Seeds ]","og_description":"Jack Herer de Trikoma Seeds est une sativa puissante avec une floraison courte et un effet c\u00e9r\u00e9bral euphorique","og_url":"https:\/\/www.trikomaseeds.com\/fr\/graines\/jack-herer\/","og_site_name":"Trikoma Seeds","article_modified_time":"2025-01-09T14:13:21+00:00","og_image":[{"width":800,"height":800,"url":"https:\/\/www.trikomaseeds.com\/wp-content\/uploads\/2019\/09\/JackHerer_Trikoma_seeds_72-800x800.jpg","type":"image\/jpeg"}],"twitter_card":"summary_large_image","twitter_misc":{"Dur\u00e9e de lecture estim\u00e9e":"4 minutes"},"schema":{"@context":"https:\/\/schema.org","@graph":[{"@type":"WebPage","@id":"https:\/\/www.trikomaseeds.com\/fr\/graines\/jack-herer\/","url":"https:\/\/www.trikomaseeds.com\/fr\/graines\/jack-herer\/","name":"Jack Herer F\u00e9minis\u00e9e [ Trikoma Seeds ]","isPartOf":{"@id":"https:\/\/www.trikomaseeds.com\/fr\/#website"},"primaryImageOfPage":{"@id":"https:\/\/www.trikomaseeds.com\/fr\/graines\/jack-herer\/#primaryimage"},"image":{"@id":"https:\/\/www.trikomaseeds.com\/fr\/graines\/jack-herer\/#primaryimage"},"thumbnailUrl":"https:\/\/www.trikomaseeds.com\/wp-content\/uploads\/2019\/09\/JackHerer_Trikoma_seeds_72-800x800.jpg","datePublished":"2019-09-24T12:19:35+00:00","dateModified":"2025-01-09T14:13:21+00:00","description":"Jack Herer de Trikoma Seeds est une sativa puissante avec une floraison courte et un effet c\u00e9r\u00e9bral euphorique","breadcrumb":{"@id":"https:\/\/www.trikomaseeds.com\/fr\/graines\/jack-herer\/#breadcrumb"},"inLanguage":"fr-FR","potentialAction":[{"@type":"ReadAction","target":["https:\/\/www.trikomaseeds.com\/fr\/graines\/jack-herer\/"]}]},{"@type":"ImageObject","inLanguage":"fr-FR","@id":"https:\/\/www.trikomaseeds.com\/fr\/graines\/jack-herer\/#primaryimage","url":"https:\/\/www.trikomaseeds.com\/wp-content\/uploads\/2019\/09\/JackHerer_Trikoma_seeds_72-800x800.jpg","contentUrl":"https:\/\/www.trikomaseeds.com\/wp-content\/uploads\/2019\/09\/JackHerer_Trikoma_seeds_72-800x800.jpg","width":800,"height":800},{"@type":"BreadcrumbList","@id":"https:\/\/www.trikomaseeds.com\/fr\/graines\/jack-herer\/#breadcrumb","itemListElement":[{"@type":"ListItem","position":1,"name":"Portada","item":"https:\/\/www.trikomaseeds.com\/fr\/"},{"@type":"ListItem","position":2,"name":"Shop","item":"https:\/\/www.trikomaseeds.com\/fr\/shop\/"},{"@type":"ListItem","position":3,"name":"Jack Herer"}]},{"@type":"WebSite","@id":"https:\/\/www.trikomaseeds.com\/fr\/#website","url":"https:\/\/www.trikomaseeds.com\/fr\/","name":"Trikoma Seeds","description":"Semillas de Marihuana Auto, Feminizadas y medicinales","potentialAction":[{"@type":"SearchAction","target":{"@type":"EntryPoint","urlTemplate":"https:\/\/www.trikomaseeds.com\/fr\/?s={search_term_string}"},"query-input":{"@type":"PropertyValueSpecification","valueRequired":true,"valueName":"search_term_string"}}],"inLanguage":"fr-FR"}]}},"_links":{"self":[{"href":"https:\/\/www.trikomaseeds.com\/fr\/wp-json\/wp\/v2\/product\/1108","targetHints":{"allow":["GET"]}}],"collection":[{"href":"https:\/\/www.trikomaseeds.com\/fr\/wp-json\/wp\/v2\/product"}],"about":[{"href":"https:\/\/www.trikomaseeds.com\/fr\/wp-json\/wp\/v2\/types\/product"}],"replies":[{"embeddable":true,"href":"https:\/\/www.trikomaseeds.com\/fr\/wp-json\/wp\/v2\/comments?post=1108"}],"wp:featuredmedia":[{"embeddable":true,"href":"https:\/\/www.trikomaseeds.com\/fr\/wp-json\/wp\/v2\/media\/607"}],"wp:attachment":[{"href":"https:\/\/www.trikomaseeds.com\/fr\/wp-json\/wp\/v2\/media?parent=1108"}],"wp:term":[{"taxonomy":"product_cat","embeddable":true,"href":"https:\/\/www.trikomaseeds.com\/fr\/wp-json\/wp\/v2\/product_cat?post=1108"},{"taxonomy":"product_tag","embeddable":true,"href":"https:\/\/www.trikomaseeds.com\/fr\/wp-json\/wp\/v2\/product_tag?post=1108"}],"curies":[{"name":"wp","href":"https:\/\/api.w.org\/{rel}","templated":true}]}}