{"id":1045,"date":"2019-09-24T13:59:57","date_gmt":"2019-09-24T11:59:57","guid":{"rendered":"http:\/\/www.trikomaseeds.com\/semillas\/critical-plus-auto\/"},"modified":"2019-10-30T19:17:27","modified_gmt":"2019-10-30T18:17:27","slug":"critical-plus-auto","status":"publish","type":"product","link":"https:\/\/www.trikomaseeds.com\/fr\/graines\/critical-plus-auto\/","title":{"rendered":"Critical Plus Auto"},"content":{"rendered":"<h3 class=\"dotted_title uppercase\">CARACT\u00c9RISTIQUES<\/h3>\n<ul class=\"check\">\n<li>G\u00e9n\u00e9tique: Bilbo x AK-74 x Ruderalis<\/li>\n<li>G\u00e9notype: Autofleurrissante<\/li>\n<li>Production int\u00e9rieure: 500 &#8211; 550 g\/m<sup>2<\/sup>\u00a0(Avec 600W de lumi\u00e8re)<\/li>\n<li>Production ext\u00e9rieure: 60 &#8211; 300 g\/plante<\/li>\n<li>Floraison int\u00e9rieure: 75 jours (18h)<\/li>\n<li>Floraison ext\u00e9rieure: 50 &#8211; 75 jours<\/li>\n<\/ul>\n","protected":false},"excerpt":{"rendered":"<p align=\"justify\">Se caract\u00e9rise par un go\u00fbt savoureux et un effet relaxant. L&rsquo;une des premi\u00e8res vari\u00e9t\u00e9s automatiques que nous avons mises sur le march\u00e9, mais chaque ann\u00e9e, nous s\u00e9lectionnons des vari\u00e9t\u00e9s automatiques de derni\u00e8re g\u00e9n\u00e9ration. Avec un ar\u00f4me agr\u00e9able et une productivit\u00e9 \u00e9lev\u00e9e pour \u00eatre autoflorissante. C&rsquo;est l&rsquo;une des vari\u00e9t\u00e9s les plus vendues dans sa version automatique.<\/p>\n<p><strong>THC:\u00a0<span class=\"destacado\">16%<\/span><\/strong><\/p>\n","protected":false},"featured_media":530,"comment_status":"open","ping_status":"closed","template":"","meta":[],"product_cat":[126],"product_tag":[359],"class_list":{"0":"post-1045","1":"product","2":"type-product","3":"status-publish","4":"has-post-thumbnail","6":"product_cat-autofleurrissante","7":"product_tag-autoflorecientes-fr","9":"first","10":"instock","11":"shipping-taxable","12":"purchasable","13":"product-type-variable","14":"has-default-attributes"},"yoast_head":"<!-- This site is optimized with the Yoast SEO plugin v25.6 - https:\/\/yoast.com\/wordpress\/plugins\/seo\/ -->\n<title>Critical Plus Auto - Trikoma Seeds<\/title>\n<meta name=\"robots\" content=\"index, follow, max-snippet:-1, max-image-preview:large, max-video-preview:-1\" \/>\n<link rel=\"canonical\" href=\"https:\/\/www.trikomaseeds.com\/fr\/graines\/critical-plus-auto\/\" \/>\n<meta property=\"og:locale\" content=\"fr_FR\" \/>\n<meta property=\"og:type\" content=\"article\" \/>\n<meta property=\"og:title\" content=\"Critical Plus Auto - Trikoma Seeds\" \/>\n<meta property=\"og:description\" content=\"Se caract\u00e9rise par un go\u00fbt savoureux et un effet relaxant. L&#039;une des premi\u00e8res vari\u00e9t\u00e9s automatiques que nous avons mises sur le march\u00e9, mais chaque ann\u00e9e, nous s\u00e9lectionnons des vari\u00e9t\u00e9s automatiques de derni\u00e8re g\u00e9n\u00e9ration. Avec un ar\u00f4me agr\u00e9able et une productivit\u00e9 \u00e9lev\u00e9e pour \u00eatre autoflorissante. C&#039;est l&#039;une des vari\u00e9t\u00e9s les plus vendues dans sa version automatique. THC:\u00a016%\" \/>\n<meta property=\"og:url\" content=\"https:\/\/www.trikomaseeds.com\/fr\/graines\/critical-plus-auto\/\" \/>\n<meta property=\"og:site_name\" content=\"Trikoma Seeds\" \/>\n<meta property=\"article:modified_time\" content=\"2019-10-30T18:17:27+00:00\" \/>\n<meta property=\"og:image\" content=\"https:\/\/www.trikomaseeds.com\/wp-content\/uploads\/2019\/09\/critical_auto_800-800x800.jpg\" \/>\n\t<meta property=\"og:image:width\" content=\"800\" \/>\n\t<meta property=\"og:image:height\" content=\"800\" \/>\n\t<meta property=\"og:image:type\" content=\"image\/jpeg\" \/>\n<meta name=\"twitter:card\" content=\"summary_large_image\" \/>\n<script type=\"application\/ld+json\" class=\"yoast-schema-graph\">{\"@context\":\"https:\/\/schema.org\",\"@graph\":[{\"@type\":\"WebPage\",\"@id\":\"https:\/\/www.trikomaseeds.com\/fr\/graines\/critical-plus-auto\/\",\"url\":\"https:\/\/www.trikomaseeds.com\/fr\/graines\/critical-plus-auto\/\",\"name\":\"Critical Plus Auto - Trikoma Seeds\",\"isPartOf\":{\"@id\":\"https:\/\/www.trikomaseeds.com\/fr\/#website\"},\"primaryImageOfPage\":{\"@id\":\"https:\/\/www.trikomaseeds.com\/fr\/graines\/critical-plus-auto\/#primaryimage\"},\"image\":{\"@id\":\"https:\/\/www.trikomaseeds.com\/fr\/graines\/critical-plus-auto\/#primaryimage\"},\"thumbnailUrl\":\"https:\/\/www.trikomaseeds.com\/wp-content\/uploads\/2019\/09\/critical_auto_800-800x800.jpg\",\"datePublished\":\"2019-09-24T11:59:57+00:00\",\"dateModified\":\"2019-10-30T18:17:27+00:00\",\"breadcrumb\":{\"@id\":\"https:\/\/www.trikomaseeds.com\/fr\/graines\/critical-plus-auto\/#breadcrumb\"},\"inLanguage\":\"fr-FR\",\"potentialAction\":[{\"@type\":\"ReadAction\",\"target\":[\"https:\/\/www.trikomaseeds.com\/fr\/graines\/critical-plus-auto\/\"]}]},{\"@type\":\"ImageObject\",\"inLanguage\":\"fr-FR\",\"@id\":\"https:\/\/www.trikomaseeds.com\/fr\/graines\/critical-plus-auto\/#primaryimage\",\"url\":\"https:\/\/www.trikomaseeds.com\/wp-content\/uploads\/2019\/09\/critical_auto_800-800x800.jpg\",\"contentUrl\":\"https:\/\/www.trikomaseeds.com\/wp-content\/uploads\/2019\/09\/critical_auto_800-800x800.jpg\",\"width\":800,\"height\":800},{\"@type\":\"BreadcrumbList\",\"@id\":\"https:\/\/www.trikomaseeds.com\/fr\/graines\/critical-plus-auto\/#breadcrumb\",\"itemListElement\":[{\"@type\":\"ListItem\",\"position\":1,\"name\":\"Portada\",\"item\":\"https:\/\/www.trikomaseeds.com\/fr\/\"},{\"@type\":\"ListItem\",\"position\":2,\"name\":\"Shop\",\"item\":\"https:\/\/www.trikomaseeds.com\/fr\/shop\/\"},{\"@type\":\"ListItem\",\"position\":3,\"name\":\"Critical Plus Auto\"}]},{\"@type\":\"WebSite\",\"@id\":\"https:\/\/www.trikomaseeds.com\/fr\/#website\",\"url\":\"https:\/\/www.trikomaseeds.com\/fr\/\",\"name\":\"Trikoma Seeds\",\"description\":\"Semillas de Marihuana Auto, Feminizadas y medicinales\",\"potentialAction\":[{\"@type\":\"SearchAction\",\"target\":{\"@type\":\"EntryPoint\",\"urlTemplate\":\"https:\/\/www.trikomaseeds.com\/fr\/?s={search_term_string}\"},\"query-input\":{\"@type\":\"PropertyValueSpecification\",\"valueRequired\":true,\"valueName\":\"search_term_string\"}}],\"inLanguage\":\"fr-FR\"}]}<\/script>\n<!-- \/ Yoast SEO plugin. -->","yoast_head_json":{"title":"Critical Plus Auto - Trikoma Seeds","robots":{"index":"index","follow":"follow","max-snippet":"max-snippet:-1","max-image-preview":"max-image-preview:large","max-video-preview":"max-video-preview:-1"},"canonical":"https:\/\/www.trikomaseeds.com\/fr\/graines\/critical-plus-auto\/","og_locale":"fr_FR","og_type":"article","og_title":"Critical Plus Auto - Trikoma Seeds","og_description":"Se caract\u00e9rise par un go\u00fbt savoureux et un effet relaxant. L'une des premi\u00e8res vari\u00e9t\u00e9s automatiques que nous avons mises sur le march\u00e9, mais chaque ann\u00e9e, nous s\u00e9lectionnons des vari\u00e9t\u00e9s automatiques de derni\u00e8re g\u00e9n\u00e9ration. Avec un ar\u00f4me agr\u00e9able et une productivit\u00e9 \u00e9lev\u00e9e pour \u00eatre autoflorissante. C'est l'une des vari\u00e9t\u00e9s les plus vendues dans sa version automatique. THC:\u00a016%","og_url":"https:\/\/www.trikomaseeds.com\/fr\/graines\/critical-plus-auto\/","og_site_name":"Trikoma Seeds","article_modified_time":"2019-10-30T18:17:27+00:00","og_image":[{"width":800,"height":800,"url":"https:\/\/www.trikomaseeds.com\/wp-content\/uploads\/2019\/09\/critical_auto_800-800x800.jpg","type":"image\/jpeg"}],"twitter_card":"summary_large_image","schema":{"@context":"https:\/\/schema.org","@graph":[{"@type":"WebPage","@id":"https:\/\/www.trikomaseeds.com\/fr\/graines\/critical-plus-auto\/","url":"https:\/\/www.trikomaseeds.com\/fr\/graines\/critical-plus-auto\/","name":"Critical Plus Auto - Trikoma Seeds","isPartOf":{"@id":"https:\/\/www.trikomaseeds.com\/fr\/#website"},"primaryImageOfPage":{"@id":"https:\/\/www.trikomaseeds.com\/fr\/graines\/critical-plus-auto\/#primaryimage"},"image":{"@id":"https:\/\/www.trikomaseeds.com\/fr\/graines\/critical-plus-auto\/#primaryimage"},"thumbnailUrl":"https:\/\/www.trikomaseeds.com\/wp-content\/uploads\/2019\/09\/critical_auto_800-800x800.jpg","datePublished":"2019-09-24T11:59:57+00:00","dateModified":"2019-10-30T18:17:27+00:00","breadcrumb":{"@id":"https:\/\/www.trikomaseeds.com\/fr\/graines\/critical-plus-auto\/#breadcrumb"},"inLanguage":"fr-FR","potentialAction":[{"@type":"ReadAction","target":["https:\/\/www.trikomaseeds.com\/fr\/graines\/critical-plus-auto\/"]}]},{"@type":"ImageObject","inLanguage":"fr-FR","@id":"https:\/\/www.trikomaseeds.com\/fr\/graines\/critical-plus-auto\/#primaryimage","url":"https:\/\/www.trikomaseeds.com\/wp-content\/uploads\/2019\/09\/critical_auto_800-800x800.jpg","contentUrl":"https:\/\/www.trikomaseeds.com\/wp-content\/uploads\/2019\/09\/critical_auto_800-800x800.jpg","width":800,"height":800},{"@type":"BreadcrumbList","@id":"https:\/\/www.trikomaseeds.com\/fr\/graines\/critical-plus-auto\/#breadcrumb","itemListElement":[{"@type":"ListItem","position":1,"name":"Portada","item":"https:\/\/www.trikomaseeds.com\/fr\/"},{"@type":"ListItem","position":2,"name":"Shop","item":"https:\/\/www.trikomaseeds.com\/fr\/shop\/"},{"@type":"ListItem","position":3,"name":"Critical Plus Auto"}]},{"@type":"WebSite","@id":"https:\/\/www.trikomaseeds.com\/fr\/#website","url":"https:\/\/www.trikomaseeds.com\/fr\/","name":"Trikoma Seeds","description":"Semillas de Marihuana Auto, Feminizadas y medicinales","potentialAction":[{"@type":"SearchAction","target":{"@type":"EntryPoint","urlTemplate":"https:\/\/www.trikomaseeds.com\/fr\/?s={search_term_string}"},"query-input":{"@type":"PropertyValueSpecification","valueRequired":true,"valueName":"search_term_string"}}],"inLanguage":"fr-FR"}]}},"_links":{"self":[{"href":"https:\/\/www.trikomaseeds.com\/fr\/wp-json\/wp\/v2\/product\/1045","targetHints":{"allow":["GET"]}}],"collection":[{"href":"https:\/\/www.trikomaseeds.com\/fr\/wp-json\/wp\/v2\/product"}],"about":[{"href":"https:\/\/www.trikomaseeds.com\/fr\/wp-json\/wp\/v2\/types\/product"}],"replies":[{"embeddable":true,"href":"https:\/\/www.trikomaseeds.com\/fr\/wp-json\/wp\/v2\/comments?post=1045"}],"wp:featuredmedia":[{"embeddable":true,"href":"https:\/\/www.trikomaseeds.com\/fr\/wp-json\/wp\/v2\/media\/530"}],"wp:attachment":[{"href":"https:\/\/www.trikomaseeds.com\/fr\/wp-json\/wp\/v2\/media?parent=1045"}],"wp:term":[{"taxonomy":"product_cat","embeddable":true,"href":"https:\/\/www.trikomaseeds.com\/fr\/wp-json\/wp\/v2\/product_cat?post=1045"},{"taxonomy":"product_tag","embeddable":true,"href":"https:\/\/www.trikomaseeds.com\/fr\/wp-json\/wp\/v2\/product_tag?post=1045"}],"curies":[{"name":"wp","href":"https:\/\/api.w.org\/{rel}","templated":true}]}}