{"id":1024,"date":"2019-09-24T14:18:12","date_gmt":"2019-09-24T12:18:12","guid":{"rendered":"http:\/\/www.trikomaseeds.com\/semillas\/critical-plus\/"},"modified":"2024-06-21T11:34:55","modified_gmt":"2024-06-21T09:34:55","slug":"critical-plus","status":"publish","type":"product","link":"https:\/\/www.trikomaseeds.com\/fr\/graines\/critical-plus\/","title":{"rendered":"Critical Plus"},"content":{"rendered":"<h2 class=\"dotted_title uppercase\">Fiche Technique de Critical Plus<\/h2>\n<ul class=\"check\">\n<li>G\u00e9n\u00e9tique : Critical Bilbo x AK-47<\/li>\n<li>Vari\u00e9t\u00e9 : Indica 70% -\/\/- Sativa 30%<\/li>\n<li>Rendement en int\u00e9rieur : 550 gr.\/m<sup>2<\/sup> (Avec 600W)<\/li>\n<li>Rendement en ext\u00e9rieur : 1 &#8211; 1,5 kg\/plante<\/li>\n<li>Floraison en int\u00e9rieur : 56 &#8211; 63 jours<\/li>\n<li>Floraison en ext\u00e9rieur : septembre<\/li>\n<li>Floraison en Am\u00e9rique du Sud : mars<\/li>\n<\/ul>\n<h2>Qu&rsquo;est-ce que Critical Plus<\/h2>\n<p>La graine Critical Plus est connue pour son rendement relativement \u00e9lev\u00e9, son go\u00fbt intense et sa facilit\u00e9 de culture. La renomm\u00e9e de Critical Plus est due \u00e0 sa qualit\u00e9, sa puissance, son go\u00fbt, ses effets et sa facilit\u00e9 de culture.<\/p>\n<p>Pour cette raison, Critical Plus est un choix populaire tant pour les cultivateurs commerciaux que pour les amateurs. De nombreux cultivateurs l&rsquo;utilisent pour assurer une partie de la r\u00e9colte avant d&rsquo;essayer d&rsquo;autres vari\u00e9t\u00e9s qui pourraient \u00e9chouer. Avec Critical Plus, ils vont \u00e0 coup s\u00fbr.<\/p>\n<h2>Production de Critical Plus<\/h2>\n<p><strong>Critical Plus<\/strong> est l&rsquo;une des graines de cannabis femelles les plus productives de notre catalogue et du march\u00e9. En int\u00e9rieur, elle peut produire jusqu&rsquo;\u00e0 550 g\/m2 et en ext\u00e9rieur, elle atteint jusqu&rsquo;\u00e0 1000-1500 g\/m2. Avec ces donn\u00e9es, il n&rsquo;est pas \u00e9tonnant qu&rsquo;il y ait une grande masse de cultivateurs qui font confiance \u00e0 Critical Plus.<\/p>\n<p>Les t\u00eates produites par Critical Plus sont longues, fines, denses et compactes. En raison de leur structure ferme et compacte, ce sont des t\u00eates qui facilitent le processus de r\u00e9colte et de manucure.<\/p>\n<p>La meilleure caract\u00e9ristique des t\u00eates de Critical Plus est l&rsquo;\u00e9paisse couche de trichomes r\u00e9sineux qui les recouvre.<\/p>\n<h2>Ar\u00f4mes et saveurs de Critical Plus<\/h2>\n<p>Notre <strong>Trikoma Seeds Critical Plus<\/strong> poss\u00e8de un ar\u00f4me doux capable d&rsquo;imbiber la pi\u00e8ce dans laquelle elle se trouve. Certains consommateurs d\u00e9crivent son go\u00fbt comme une combinaison de saveurs d&rsquo;agrumes avec des \u00e9pices.<\/p>\n<h2>Effets de Critical Plus<\/h2>\n<p>Parmi les effets de <strong>Critical Plus de Trikoma Seeds<\/strong>, la sensation relaxante pr\u00e9domine g\u00e9n\u00e9ralement. Il est courant de ressentir une euphorie initiale pour passer \u00e0 une sensation de d\u00e9tente profonde qui soulage le stress et l&rsquo;anxi\u00e9t\u00e9.<\/p>\n<p>L&rsquo;effet relaxant de Critical Plus est ce que l&rsquo;on peut attendre d&rsquo;une vari\u00e9t\u00e9 avec 20 % de THC. Elle est id\u00e9ale pour ceux qui recherchent la fin de la fatigue et de la douleur physique. \u00c0 un niveau mental, il y a aussi des effets positifs car elle aide \u00e0 d\u00e9tendre l&rsquo;esprit et \u00e0 se d\u00e9connecter. De nombreux consommateurs expliquent que la d\u00e9connexion de la vie quotidienne et de ses probl\u00e8mes les conduit \u00e0 des moments de cr\u00e9ativit\u00e9.<\/p>\n<h2>Culture de Critical Plus<\/h2>\n<p><strong>Critical Plus<\/strong> est une g\u00e9n\u00e9tique assez facile \u00e0 cultiver. Ce n&rsquo;est pas une plante qui n\u00e9cessite beaucoup de soins. Elle pousse rapidement et vigoureusement sans trop de probl\u00e8me. C&rsquo;est l&rsquo;une des raisons pour lesquelles elle est appr\u00e9ci\u00e9e tant par les cultivateurs professionnels que par les amateurs.<\/p>\n<p><strong>Critical Plus convient aussi bien \u00e0 l&rsquo;int\u00e9rieur qu&rsquo;\u00e0 l&rsquo;ext\u00e9rieur.<\/strong> En ext\u00e9rieur, elle s&rsquo;adapte bien aux climats m\u00e9diterran\u00e9ens et temp\u00e9r\u00e9s. Le plus important est qu&rsquo;il n&rsquo;y ait pas de trop d&rsquo;humidit\u00e9. Pour cette raison, il faut s&rsquo;assurer d&rsquo;un sol bien drain\u00e9 et expos\u00e9 \u00e0 la lumi\u00e8re du soleil. En Europe, la meilleure p\u00e9riode de floraison de cette vari\u00e9t\u00e9 est pendant le mois de septembre. En Am\u00e9rique latine, la meilleure p\u00e9riode est en mars.<\/p>\n<p>Dans les cultures d&rsquo;int\u00e9rieur avec des cycles photop\u00e9riodiques travaill\u00e9s, Critical Plus de Trikoma Seeds <strong>fleurira en 55-65 jours<\/strong>. Cela signifie qu&rsquo;il s&rsquo;agit d&rsquo;une plante avec un cycle de culture tr\u00e8s court. C&rsquo;est pourquoi elle est l&rsquo;une des plus appr\u00e9ci\u00e9es par les cultivateurs d&rsquo;int\u00e9rieur.<\/p>\n<p>En g\u00e9n\u00e9ral, la graine <strong>Critical Plus<\/strong> que nous proposons chez Trikoma Seeds est une plante \u00e0 haut rendement facile \u00e0 cultiver. Le go\u00fbt et les effets sont ceux que l&rsquo;on peut attendre d&rsquo;une plante \u00e0 dominance sativa.<\/p>\n<p>En plus de la graine r\u00e9guli\u00e8re, chez Trikoma Seeds, nous proposons \u00e9galement la <a href=\"https:\/\/www.trikomaseeds.com\/semillas\/critical-plus-auto\/\">vari\u00e9t\u00e9 auto<\/a> avec laquelle vous pourrez profiter de la plante dans un d\u00e9lai relativement court.<\/p>\n","protected":false},"excerpt":{"rendered":"<p align=\"justify\">L&rsquo;une des plantes les plus productives que nous avons sur le march\u00e9. Avec un go\u00fbt sucr\u00e9, elle se caract\u00e9rise par son effet narcotique. C&rsquo;est une g\u00e9n\u00e9tique assez facile \u00e0 cultiver, qui n&rsquo;exige pas beaucoup de soin. C&rsquo;est une plante \u00e0 croissance rapide qui rend ses tiges plus minces. Bien que ses bourgeons ne soient pas tr\u00e8s compacts ou lourds, elle est connue pour sa haute performance.<\/p>\n<p><strong>THC:\u00a0<span class=\"destacado\">20%<\/span><\/strong><\/p>\n","protected":false},"featured_media":600,"comment_status":"open","ping_status":"closed","template":"","meta":[],"product_cat":[94],"product_tag":[],"class_list":{"0":"post-1024","1":"product","2":"type-product","3":"status-publish","4":"has-post-thumbnail","6":"product_cat-feminisee","8":"first","9":"instock","10":"shipping-taxable","11":"purchasable","12":"product-type-variable","13":"has-default-attributes"},"yoast_head":"<!-- This site is optimized with the Yoast SEO plugin v25.6 - https:\/\/yoast.com\/wordpress\/plugins\/seo\/ -->\n<title>Critical Plus \u3010 Trikoma Seeds\u3011F\u00e9minis\u00e9e \u2713<\/title>\n<meta name=\"description\" content=\"Critical Plus: graines de marijuana de Trikoma Seeds. Cultivez vos graines de cannabis f\u00e9minis\u00e9es, autofleurissantes ou CBD au meilleur prix. Livraison discr\u00e8te et s\u00e9curis\u00e9e \u00e0 votre pays.\" \/>\n<meta name=\"robots\" content=\"index, follow, max-snippet:-1, max-image-preview:large, max-video-preview:-1\" \/>\n<link rel=\"canonical\" href=\"https:\/\/www.trikomaseeds.com\/fr\/graines\/critical-plus\/\" \/>\n<meta property=\"og:locale\" content=\"fr_FR\" \/>\n<meta property=\"og:type\" content=\"article\" \/>\n<meta property=\"og:title\" content=\"Critical Plus \u3010 Trikoma Seeds\u3011F\u00e9minis\u00e9e \u2713\" \/>\n<meta property=\"og:description\" content=\"Critical Plus: graines de marijuana de Trikoma Seeds. Cultivez vos graines de cannabis f\u00e9minis\u00e9es, autofleurissantes ou CBD au meilleur prix. Livraison discr\u00e8te et s\u00e9curis\u00e9e \u00e0 votre pays.\" \/>\n<meta property=\"og:url\" content=\"https:\/\/www.trikomaseeds.com\/fr\/graines\/critical-plus\/\" \/>\n<meta property=\"og:site_name\" content=\"Trikoma Seeds\" \/>\n<meta property=\"article:modified_time\" content=\"2024-06-21T09:34:55+00:00\" \/>\n<meta property=\"og:image\" content=\"https:\/\/www.trikomaseeds.com\/wp-content\/uploads\/2019\/09\/CriticalPlus_Trikoma_seeds_72-800x800.jpg\" \/>\n\t<meta property=\"og:image:width\" content=\"800\" \/>\n\t<meta property=\"og:image:height\" content=\"800\" \/>\n\t<meta property=\"og:image:type\" content=\"image\/jpeg\" \/>\n<meta name=\"twitter:card\" content=\"summary_large_image\" \/>\n<meta name=\"twitter:label1\" content=\"Dur\u00e9e de lecture estim\u00e9e\" \/>\n\t<meta name=\"twitter:data1\" content=\"3 minutes\" \/>\n<script type=\"application\/ld+json\" class=\"yoast-schema-graph\">{\"@context\":\"https:\/\/schema.org\",\"@graph\":[{\"@type\":\"WebPage\",\"@id\":\"https:\/\/www.trikomaseeds.com\/fr\/graines\/critical-plus\/\",\"url\":\"https:\/\/www.trikomaseeds.com\/fr\/graines\/critical-plus\/\",\"name\":\"Critical Plus \u3010 Trikoma Seeds\u3011F\u00e9minis\u00e9e \u2713\",\"isPartOf\":{\"@id\":\"https:\/\/www.trikomaseeds.com\/fr\/#website\"},\"primaryImageOfPage\":{\"@id\":\"https:\/\/www.trikomaseeds.com\/fr\/graines\/critical-plus\/#primaryimage\"},\"image\":{\"@id\":\"https:\/\/www.trikomaseeds.com\/fr\/graines\/critical-plus\/#primaryimage\"},\"thumbnailUrl\":\"https:\/\/www.trikomaseeds.com\/wp-content\/uploads\/2019\/09\/CriticalPlus_Trikoma_seeds_72-800x800.jpg\",\"datePublished\":\"2019-09-24T12:18:12+00:00\",\"dateModified\":\"2024-06-21T09:34:55+00:00\",\"description\":\"Critical Plus: graines de marijuana de Trikoma Seeds. Cultivez vos graines de cannabis f\u00e9minis\u00e9es, autofleurissantes ou CBD au meilleur prix. Livraison discr\u00e8te et s\u00e9curis\u00e9e \u00e0 votre pays.\",\"breadcrumb\":{\"@id\":\"https:\/\/www.trikomaseeds.com\/fr\/graines\/critical-plus\/#breadcrumb\"},\"inLanguage\":\"fr-FR\",\"potentialAction\":[{\"@type\":\"ReadAction\",\"target\":[\"https:\/\/www.trikomaseeds.com\/fr\/graines\/critical-plus\/\"]}]},{\"@type\":\"ImageObject\",\"inLanguage\":\"fr-FR\",\"@id\":\"https:\/\/www.trikomaseeds.com\/fr\/graines\/critical-plus\/#primaryimage\",\"url\":\"https:\/\/www.trikomaseeds.com\/wp-content\/uploads\/2019\/09\/CriticalPlus_Trikoma_seeds_72-800x800.jpg\",\"contentUrl\":\"https:\/\/www.trikomaseeds.com\/wp-content\/uploads\/2019\/09\/CriticalPlus_Trikoma_seeds_72-800x800.jpg\",\"width\":800,\"height\":800},{\"@type\":\"BreadcrumbList\",\"@id\":\"https:\/\/www.trikomaseeds.com\/fr\/graines\/critical-plus\/#breadcrumb\",\"itemListElement\":[{\"@type\":\"ListItem\",\"position\":1,\"name\":\"Portada\",\"item\":\"https:\/\/www.trikomaseeds.com\/fr\/\"},{\"@type\":\"ListItem\",\"position\":2,\"name\":\"Shop\",\"item\":\"https:\/\/www.trikomaseeds.com\/fr\/shop\/\"},{\"@type\":\"ListItem\",\"position\":3,\"name\":\"Critical Plus\"}]},{\"@type\":\"WebSite\",\"@id\":\"https:\/\/www.trikomaseeds.com\/fr\/#website\",\"url\":\"https:\/\/www.trikomaseeds.com\/fr\/\",\"name\":\"Trikoma Seeds\",\"description\":\"Semillas de Marihuana Auto, Feminizadas y medicinales\",\"potentialAction\":[{\"@type\":\"SearchAction\",\"target\":{\"@type\":\"EntryPoint\",\"urlTemplate\":\"https:\/\/www.trikomaseeds.com\/fr\/?s={search_term_string}\"},\"query-input\":{\"@type\":\"PropertyValueSpecification\",\"valueRequired\":true,\"valueName\":\"search_term_string\"}}],\"inLanguage\":\"fr-FR\"}]}<\/script>\n<!-- \/ Yoast SEO plugin. -->","yoast_head_json":{"title":"Critical Plus \u3010 Trikoma Seeds\u3011F\u00e9minis\u00e9e \u2713","description":"Critical Plus: graines de marijuana de Trikoma Seeds. Cultivez vos graines de cannabis f\u00e9minis\u00e9es, autofleurissantes ou CBD au meilleur prix. Livraison discr\u00e8te et s\u00e9curis\u00e9e \u00e0 votre pays.","robots":{"index":"index","follow":"follow","max-snippet":"max-snippet:-1","max-image-preview":"max-image-preview:large","max-video-preview":"max-video-preview:-1"},"canonical":"https:\/\/www.trikomaseeds.com\/fr\/graines\/critical-plus\/","og_locale":"fr_FR","og_type":"article","og_title":"Critical Plus \u3010 Trikoma Seeds\u3011F\u00e9minis\u00e9e \u2713","og_description":"Critical Plus: graines de marijuana de Trikoma Seeds. Cultivez vos graines de cannabis f\u00e9minis\u00e9es, autofleurissantes ou CBD au meilleur prix. Livraison discr\u00e8te et s\u00e9curis\u00e9e \u00e0 votre pays.","og_url":"https:\/\/www.trikomaseeds.com\/fr\/graines\/critical-plus\/","og_site_name":"Trikoma Seeds","article_modified_time":"2024-06-21T09:34:55+00:00","og_image":[{"width":800,"height":800,"url":"https:\/\/www.trikomaseeds.com\/wp-content\/uploads\/2019\/09\/CriticalPlus_Trikoma_seeds_72-800x800.jpg","type":"image\/jpeg"}],"twitter_card":"summary_large_image","twitter_misc":{"Dur\u00e9e de lecture estim\u00e9e":"3 minutes"},"schema":{"@context":"https:\/\/schema.org","@graph":[{"@type":"WebPage","@id":"https:\/\/www.trikomaseeds.com\/fr\/graines\/critical-plus\/","url":"https:\/\/www.trikomaseeds.com\/fr\/graines\/critical-plus\/","name":"Critical Plus \u3010 Trikoma Seeds\u3011F\u00e9minis\u00e9e \u2713","isPartOf":{"@id":"https:\/\/www.trikomaseeds.com\/fr\/#website"},"primaryImageOfPage":{"@id":"https:\/\/www.trikomaseeds.com\/fr\/graines\/critical-plus\/#primaryimage"},"image":{"@id":"https:\/\/www.trikomaseeds.com\/fr\/graines\/critical-plus\/#primaryimage"},"thumbnailUrl":"https:\/\/www.trikomaseeds.com\/wp-content\/uploads\/2019\/09\/CriticalPlus_Trikoma_seeds_72-800x800.jpg","datePublished":"2019-09-24T12:18:12+00:00","dateModified":"2024-06-21T09:34:55+00:00","description":"Critical Plus: graines de marijuana de Trikoma Seeds. Cultivez vos graines de cannabis f\u00e9minis\u00e9es, autofleurissantes ou CBD au meilleur prix. Livraison discr\u00e8te et s\u00e9curis\u00e9e \u00e0 votre pays.","breadcrumb":{"@id":"https:\/\/www.trikomaseeds.com\/fr\/graines\/critical-plus\/#breadcrumb"},"inLanguage":"fr-FR","potentialAction":[{"@type":"ReadAction","target":["https:\/\/www.trikomaseeds.com\/fr\/graines\/critical-plus\/"]}]},{"@type":"ImageObject","inLanguage":"fr-FR","@id":"https:\/\/www.trikomaseeds.com\/fr\/graines\/critical-plus\/#primaryimage","url":"https:\/\/www.trikomaseeds.com\/wp-content\/uploads\/2019\/09\/CriticalPlus_Trikoma_seeds_72-800x800.jpg","contentUrl":"https:\/\/www.trikomaseeds.com\/wp-content\/uploads\/2019\/09\/CriticalPlus_Trikoma_seeds_72-800x800.jpg","width":800,"height":800},{"@type":"BreadcrumbList","@id":"https:\/\/www.trikomaseeds.com\/fr\/graines\/critical-plus\/#breadcrumb","itemListElement":[{"@type":"ListItem","position":1,"name":"Portada","item":"https:\/\/www.trikomaseeds.com\/fr\/"},{"@type":"ListItem","position":2,"name":"Shop","item":"https:\/\/www.trikomaseeds.com\/fr\/shop\/"},{"@type":"ListItem","position":3,"name":"Critical Plus"}]},{"@type":"WebSite","@id":"https:\/\/www.trikomaseeds.com\/fr\/#website","url":"https:\/\/www.trikomaseeds.com\/fr\/","name":"Trikoma Seeds","description":"Semillas de Marihuana Auto, Feminizadas y medicinales","potentialAction":[{"@type":"SearchAction","target":{"@type":"EntryPoint","urlTemplate":"https:\/\/www.trikomaseeds.com\/fr\/?s={search_term_string}"},"query-input":{"@type":"PropertyValueSpecification","valueRequired":true,"valueName":"search_term_string"}}],"inLanguage":"fr-FR"}]}},"_links":{"self":[{"href":"https:\/\/www.trikomaseeds.com\/fr\/wp-json\/wp\/v2\/product\/1024","targetHints":{"allow":["GET"]}}],"collection":[{"href":"https:\/\/www.trikomaseeds.com\/fr\/wp-json\/wp\/v2\/product"}],"about":[{"href":"https:\/\/www.trikomaseeds.com\/fr\/wp-json\/wp\/v2\/types\/product"}],"replies":[{"embeddable":true,"href":"https:\/\/www.trikomaseeds.com\/fr\/wp-json\/wp\/v2\/comments?post=1024"}],"wp:featuredmedia":[{"embeddable":true,"href":"https:\/\/www.trikomaseeds.com\/fr\/wp-json\/wp\/v2\/media\/600"}],"wp:attachment":[{"href":"https:\/\/www.trikomaseeds.com\/fr\/wp-json\/wp\/v2\/media?parent=1024"}],"wp:term":[{"taxonomy":"product_cat","embeddable":true,"href":"https:\/\/www.trikomaseeds.com\/fr\/wp-json\/wp\/v2\/product_cat?post=1024"},{"taxonomy":"product_tag","embeddable":true,"href":"https:\/\/www.trikomaseeds.com\/fr\/wp-json\/wp\/v2\/product_tag?post=1024"}],"curies":[{"name":"wp","href":"https:\/\/api.w.org\/{rel}","templated":true}]}}